{"id":989,"date":"2022-04-21T11:53:49","date_gmt":"2022-04-21T09:53:49","guid":{"rendered":"https:\/\/szkolydoktorskie.uwb.edu.pl\/nsip\/?page_id=989"},"modified":"2022-04-25T12:48:24","modified_gmt":"2022-04-25T10:48:24","slug":"o-szkole-2","status":"publish","type":"page","link":"https:\/\/szkolydoktorskie.uwb.edu.pl\/nsip\/en\/o-szkole-2\/","title":{"rendered":"About the School"},"content":{"rendered":"\n<p><strong>Informacje&nbsp;<\/strong><\/p>\n\n\n\n<p><strong>Szko\u0142a Doktorska Nauk \u015acis\u0142ych i Przyrodniczych UwB<\/strong><\/p>\n\n\n\n<p>Od roku akademickiego 2019\/2020 dotychczasowe studia doktoranckie zostaj\u0105 zast\u0105pione kszta\u0142ceniem doktorant\u00f3w w nowych instytucjach \u2013&nbsp;<strong>szko\u0142ach doktorskich.<\/strong>&nbsp;W wyniku reformy szkolnictwa wy\u017cszego wprowadzanej przepisami&nbsp;<em>ustawy z dnia 20 lipca 2018 r. Prawo o szkolnictwie wy\u017cszym i nauce<\/em>, czyli tzw. Ustawy 2.0 osoby zainteresowanie prowadzeniem bada\u0144 naukowych oraz uzyskaniem kwalifikacji III stopnia, czyli doktora, mog\u0105 aplikowa\u0107 do szk\u00f3\u0142 doktorskich.<\/p>\n\n\n\n<p>W Uniwersytecie w Bia\u0142ymstoku powo\u0142ano trzy szko\u0142y doktorskie zgodnie z&nbsp;<em>Zarz\u0105dzeniem nr 8 Rektora UwB z dnia 27.03.2019 r. w sprawie utworzenia szk\u00f3\u0142 doktorskich:<\/em>:<\/p>\n\n\n\n<p>\u2013 Szko\u0142\u0119 Doktorsk\u0105 Nauk Humanistycznych;<\/p>\n\n\n\n<p>\u2013 Szko\u0142\u0119 Doktorsk\u0105 Nauk Spo\u0142ecznych;<\/p>\n\n\n\n<p><strong>\u2013 Szko\u0142\u0119 Doktorsk\u0105 Nauk \u015acis\u0142ych i Przyrodniczych.<\/strong><\/p>\n\n\n\n<hr class=\"wp-block-separator\" \/>\n\n\n\n<p>Szko\u0142a Doktorska Nauk \u015acis\u0142ych i Przyrodniczych kszta\u0142ci doktorant\u00f3w w zakresie dyscyplin:<\/p>\n\n\n\n<p><a href=\"https:\/\/irk.uwb.edu.pl\/katalog.php?op=info&amp;id=SDNSiP_NB&amp;kategoria=studia_5\" target=\"_blank\" rel=\"noreferrer noopener\">\u2013 nauki biologiczne<\/a><\/p>\n\n\n\n<p><a href=\"https:\/\/irk.uwb.edu.pl\/katalog.php?op=info&amp;id=SDNSiP_NCh&amp;kategoria=studia_5\" target=\"_blank\" rel=\"noreferrer noopener\">\u2013 nauki chemiczne<\/a>&nbsp;&nbsp;<\/p>\n\n\n\n<p><a href=\"https:\/\/irk.uwb.edu.pl\/katalog.php?op=info&amp;id=SDNSiP_NF&amp;kategoria=studia_5\" target=\"_blank\" rel=\"noreferrer noopener\">\u2013 nauki fizyczne\u00a0<\/a><\/p>\n\n\n\n<hr class=\"wp-block-separator\" \/>\n\n\n\n<p><strong>W\u0142adze&nbsp;<\/strong><\/p>\n\n\n\n<p>Dyrektor Szko\u0142y Doktorskiej Nauk \u015acis\u0142ych i Przyrodniczych<\/p>\n\n\n\n<p>Uniwersytetu w Bia\u0142ymstoku<\/p>\n\n\n\n<p><strong>dr hab. Monika Naumowicz, prof. UwB<\/strong><\/p>\n\n\n\n<p><\/p>\n\n\n\n<p><\/p>\n\n\n\n<p><\/p>\n\n\n\n<p><\/p>\n\n\n\n<p><\/p>\n\n\n\n<p><\/p>\n\n\n\n<p><\/p>\n\n\n\n<p><\/p>\n\n\n\n<p><\/p>\n\n\n\n<p><\/p>\n\n\n\n<p><\/p>\n\n\n\n<p><\/p>\n\n\n\n<p><\/p>\n","protected":false},"excerpt":{"rendered":"<p>Informacje&nbsp; Szko\u0142a Doktorska Nauk \u015acis\u0142ych i Przyrodniczych UwB Od roku akademickiego 2019\/2020 dotychczasowe studia doktoranckie zostaj\u0105 zast\u0105pione kszta\u0142ceniem doktorant\u00f3w w nowych instytucjach \u2013&nbsp;szko\u0142ach doktorskich.&nbsp;W wyniku reformy szkolnictwa wy\u017cszego wprowadzanej przepisami&nbsp;ustawy&hellip;<\/p>\n","protected":false},"author":1,"featured_media":1020,"parent":0,"menu_order":0,"comment_status":"closed","ping_status":"closed","template":"","meta":{"footnotes":""},"class_list":["post-989","page","type-page","status-publish","has-post-thumbnail","hentry"],"yoast_head":"<!-- This site is optimized with the Yoast SEO plugin v27.3 - https:\/\/yoast.com\/product\/yoast-seo-wordpress\/ -->\n<title>About the School - Szko\u0142a Doktorska Nauk \u015acis\u0142ych i Przyrodniczych UwB<\/title>\n<meta name=\"robots\" content=\"index, follow, max-snippet:-1, max-image-preview:large, max-video-preview:-1\" \/>\n<link rel=\"canonical\" href=\"https:\/\/szkolydoktorskie.uwb.edu.pl\/nsip\/en\/o-szkole-2\/\" \/>\n<meta property=\"og:locale\" content=\"pl_PL\" \/>\n<meta property=\"og:type\" content=\"article\" \/>\n<meta property=\"og:title\" content=\"About the School - Szko\u0142a Doktorska Nauk \u015acis\u0142ych i Przyrodniczych UwB\" \/>\n<meta property=\"og:description\" content=\"Informacje&nbsp; Szko\u0142a Doktorska Nauk \u015acis\u0142ych i Przyrodniczych UwB Od roku akademickiego 2019\/2020 dotychczasowe studia doktoranckie zostaj\u0105 zast\u0105pione kszta\u0142ceniem doktorant\u00f3w w nowych instytucjach \u2013&nbsp;szko\u0142ach doktorskich.&nbsp;W wyniku reformy szkolnictwa wy\u017cszego wprowadzanej przepisami&nbsp;ustawy&hellip;\" \/>\n<meta property=\"og:url\" content=\"https:\/\/szkolydoktorskie.uwb.edu.pl\/nsip\/en\/o-szkole-2\/\" \/>\n<meta property=\"og:site_name\" content=\"Szko\u0142a Doktorska Nauk \u015acis\u0142ych i Przyrodniczych UwB\" \/>\n<meta property=\"article:modified_time\" content=\"2022-04-25T10:48:24+00:00\" \/>\n<meta property=\"og:image\" content=\"https:\/\/szkolydoktorskie.uwb.edu.pl\/nsip\/wp-content\/uploads\/sites\/4\/2022\/04\/Szkola-Doktorska-2.png\" \/>\n\t<meta property=\"og:image:width\" content=\"1200\" \/>\n\t<meta property=\"og:image:height\" content=\"600\" \/>\n\t<meta property=\"og:image:type\" content=\"image\/png\" \/>\n<meta name=\"twitter:card\" content=\"summary_large_image\" \/>\n<meta name=\"twitter:label1\" content=\"Szacowany czas czytania\" \/>\n\t<meta name=\"twitter:data1\" content=\"1 minuta\" \/>\n<script type=\"application\/ld+json\" class=\"yoast-schema-graph\">{\"@context\":\"https:\\\/\\\/schema.org\",\"@graph\":[{\"@type\":\"WebPage\",\"@id\":\"https:\\\/\\\/szkolydoktorskie.uwb.edu.pl\\\/nsip\\\/en\\\/o-szkole-2\\\/\",\"url\":\"https:\\\/\\\/szkolydoktorskie.uwb.edu.pl\\\/nsip\\\/en\\\/o-szkole-2\\\/\",\"name\":\"About the School - Szko\u0142a Doktorska Nauk \u015acis\u0142ych i Przyrodniczych UwB\",\"isPartOf\":{\"@id\":\"https:\\\/\\\/szkolydoktorskie.uwb.edu.pl\\\/nsip\\\/#website\"},\"primaryImageOfPage\":{\"@id\":\"https:\\\/\\\/szkolydoktorskie.uwb.edu.pl\\\/nsip\\\/en\\\/o-szkole-2\\\/#primaryimage\"},\"image\":{\"@id\":\"https:\\\/\\\/szkolydoktorskie.uwb.edu.pl\\\/nsip\\\/en\\\/o-szkole-2\\\/#primaryimage\"},\"thumbnailUrl\":\"https:\\\/\\\/szkolydoktorskie.uwb.edu.pl\\\/nsip\\\/wp-content\\\/uploads\\\/sites\\\/4\\\/2022\\\/04\\\/Szkola-Doktorska-2.png\",\"datePublished\":\"2022-04-21T09:53:49+00:00\",\"dateModified\":\"2022-04-25T10:48:24+00:00\",\"breadcrumb\":{\"@id\":\"https:\\\/\\\/szkolydoktorskie.uwb.edu.pl\\\/nsip\\\/en\\\/o-szkole-2\\\/#breadcrumb\"},\"inLanguage\":\"pl-PL\",\"potentialAction\":[{\"@type\":\"ReadAction\",\"target\":[\"https:\\\/\\\/szkolydoktorskie.uwb.edu.pl\\\/nsip\\\/en\\\/o-szkole-2\\\/\"]}]},{\"@type\":\"ImageObject\",\"inLanguage\":\"pl-PL\",\"@id\":\"https:\\\/\\\/szkolydoktorskie.uwb.edu.pl\\\/nsip\\\/en\\\/o-szkole-2\\\/#primaryimage\",\"url\":\"https:\\\/\\\/szkolydoktorskie.uwb.edu.pl\\\/nsip\\\/wp-content\\\/uploads\\\/sites\\\/4\\\/2022\\\/04\\\/Szkola-Doktorska-2.png\",\"contentUrl\":\"https:\\\/\\\/szkolydoktorskie.uwb.edu.pl\\\/nsip\\\/wp-content\\\/uploads\\\/sites\\\/4\\\/2022\\\/04\\\/Szkola-Doktorska-2.png\",\"width\":1200,\"height\":600},{\"@type\":\"BreadcrumbList\",\"@id\":\"https:\\\/\\\/szkolydoktorskie.uwb.edu.pl\\\/nsip\\\/en\\\/o-szkole-2\\\/#breadcrumb\",\"itemListElement\":[{\"@type\":\"ListItem\",\"position\":1,\"name\":\"Strona g\u0142\u00f3wna\",\"item\":\"https:\\\/\\\/szkolydoktorskie.uwb.edu.pl\\\/nsip\\\/\"},{\"@type\":\"ListItem\",\"position\":2,\"name\":\"About the School\"}]},{\"@type\":\"WebSite\",\"@id\":\"https:\\\/\\\/szkolydoktorskie.uwb.edu.pl\\\/nsip\\\/#website\",\"url\":\"https:\\\/\\\/szkolydoktorskie.uwb.edu.pl\\\/nsip\\\/\",\"name\":\"Szko\u0142a Doktorska Nauk \u015acis\u0142ych i Przyrodniczych UwB\",\"description\":\"Szko\u0142a Doktorska Nauk \u015acis\u0142ych i Przyrodniczych UwB\",\"publisher\":{\"@id\":\"https:\\\/\\\/szkolydoktorskie.uwb.edu.pl\\\/nsip\\\/#organization\"},\"potentialAction\":[{\"@type\":\"SearchAction\",\"target\":{\"@type\":\"EntryPoint\",\"urlTemplate\":\"https:\\\/\\\/szkolydoktorskie.uwb.edu.pl\\\/nsip\\\/?s={search_term_string}\"},\"query-input\":{\"@type\":\"PropertyValueSpecification\",\"valueRequired\":true,\"valueName\":\"search_term_string\"}}],\"inLanguage\":\"pl-PL\"},{\"@type\":\"Organization\",\"@id\":\"https:\\\/\\\/szkolydoktorskie.uwb.edu.pl\\\/nsip\\\/#organization\",\"name\":\"Szko\u0142a Doktorska Nauk \u015acis\u0142ych i Przyrodniczych UwB\",\"url\":\"https:\\\/\\\/szkolydoktorskie.uwb.edu.pl\\\/nsip\\\/\",\"logo\":{\"@type\":\"ImageObject\",\"inLanguage\":\"pl-PL\",\"@id\":\"https:\\\/\\\/szkolydoktorskie.uwb.edu.pl\\\/nsip\\\/#\\\/schema\\\/logo\\\/image\\\/\",\"url\":\"https:\\\/\\\/szkolydoktorskie.uwb.edu.pl\\\/nsip\\\/wp-content\\\/uploads\\\/sites\\\/4\\\/2021\\\/04\\\/cropped-LOGO-NSIP.png\",\"contentUrl\":\"https:\\\/\\\/szkolydoktorskie.uwb.edu.pl\\\/nsip\\\/wp-content\\\/uploads\\\/sites\\\/4\\\/2021\\\/04\\\/cropped-LOGO-NSIP.png\",\"width\":705,\"height\":188,\"caption\":\"Szko\u0142a Doktorska Nauk \u015acis\u0142ych i Przyrodniczych UwB\"},\"image\":{\"@id\":\"https:\\\/\\\/szkolydoktorskie.uwb.edu.pl\\\/nsip\\\/#\\\/schema\\\/logo\\\/image\\\/\"}}]}<\/script>\n<!-- \/ Yoast SEO plugin. -->","yoast_head_json":{"title":"About the School - Szko\u0142a Doktorska Nauk \u015acis\u0142ych i Przyrodniczych UwB","robots":{"index":"index","follow":"follow","max-snippet":"max-snippet:-1","max-image-preview":"max-image-preview:large","max-video-preview":"max-video-preview:-1"},"canonical":"https:\/\/szkolydoktorskie.uwb.edu.pl\/nsip\/en\/o-szkole-2\/","og_locale":"pl_PL","og_type":"article","og_title":"About the School - Szko\u0142a Doktorska Nauk \u015acis\u0142ych i Przyrodniczych UwB","og_description":"Informacje&nbsp; Szko\u0142a Doktorska Nauk \u015acis\u0142ych i Przyrodniczych UwB Od roku akademickiego 2019\/2020 dotychczasowe studia doktoranckie zostaj\u0105 zast\u0105pione kszta\u0142ceniem doktorant\u00f3w w nowych instytucjach \u2013&nbsp;szko\u0142ach doktorskich.&nbsp;W wyniku reformy szkolnictwa wy\u017cszego wprowadzanej przepisami&nbsp;ustawy&hellip;","og_url":"https:\/\/szkolydoktorskie.uwb.edu.pl\/nsip\/en\/o-szkole-2\/","og_site_name":"Szko\u0142a Doktorska Nauk \u015acis\u0142ych i Przyrodniczych UwB","article_modified_time":"2022-04-25T10:48:24+00:00","og_image":[{"width":1200,"height":600,"url":"https:\/\/szkolydoktorskie.uwb.edu.pl\/nsip\/wp-content\/uploads\/sites\/4\/2022\/04\/Szkola-Doktorska-2.png","type":"image\/png"}],"twitter_card":"summary_large_image","twitter_misc":{"Szacowany czas czytania":"1 minuta"},"schema":{"@context":"https:\/\/schema.org","@graph":[{"@type":"WebPage","@id":"https:\/\/szkolydoktorskie.uwb.edu.pl\/nsip\/en\/o-szkole-2\/","url":"https:\/\/szkolydoktorskie.uwb.edu.pl\/nsip\/en\/o-szkole-2\/","name":"About the School - Szko\u0142a Doktorska Nauk \u015acis\u0142ych i Przyrodniczych UwB","isPartOf":{"@id":"https:\/\/szkolydoktorskie.uwb.edu.pl\/nsip\/#website"},"primaryImageOfPage":{"@id":"https:\/\/szkolydoktorskie.uwb.edu.pl\/nsip\/en\/o-szkole-2\/#primaryimage"},"image":{"@id":"https:\/\/szkolydoktorskie.uwb.edu.pl\/nsip\/en\/o-szkole-2\/#primaryimage"},"thumbnailUrl":"https:\/\/szkolydoktorskie.uwb.edu.pl\/nsip\/wp-content\/uploads\/sites\/4\/2022\/04\/Szkola-Doktorska-2.png","datePublished":"2022-04-21T09:53:49+00:00","dateModified":"2022-04-25T10:48:24+00:00","breadcrumb":{"@id":"https:\/\/szkolydoktorskie.uwb.edu.pl\/nsip\/en\/o-szkole-2\/#breadcrumb"},"inLanguage":"pl-PL","potentialAction":[{"@type":"ReadAction","target":["https:\/\/szkolydoktorskie.uwb.edu.pl\/nsip\/en\/o-szkole-2\/"]}]},{"@type":"ImageObject","inLanguage":"pl-PL","@id":"https:\/\/szkolydoktorskie.uwb.edu.pl\/nsip\/en\/o-szkole-2\/#primaryimage","url":"https:\/\/szkolydoktorskie.uwb.edu.pl\/nsip\/wp-content\/uploads\/sites\/4\/2022\/04\/Szkola-Doktorska-2.png","contentUrl":"https:\/\/szkolydoktorskie.uwb.edu.pl\/nsip\/wp-content\/uploads\/sites\/4\/2022\/04\/Szkola-Doktorska-2.png","width":1200,"height":600},{"@type":"BreadcrumbList","@id":"https:\/\/szkolydoktorskie.uwb.edu.pl\/nsip\/en\/o-szkole-2\/#breadcrumb","itemListElement":[{"@type":"ListItem","position":1,"name":"Strona g\u0142\u00f3wna","item":"https:\/\/szkolydoktorskie.uwb.edu.pl\/nsip\/"},{"@type":"ListItem","position":2,"name":"About the School"}]},{"@type":"WebSite","@id":"https:\/\/szkolydoktorskie.uwb.edu.pl\/nsip\/#website","url":"https:\/\/szkolydoktorskie.uwb.edu.pl\/nsip\/","name":"Szko\u0142a Doktorska Nauk \u015acis\u0142ych i Przyrodniczych UwB","description":"Szko\u0142a Doktorska Nauk \u015acis\u0142ych i Przyrodniczych UwB","publisher":{"@id":"https:\/\/szkolydoktorskie.uwb.edu.pl\/nsip\/#organization"},"potentialAction":[{"@type":"SearchAction","target":{"@type":"EntryPoint","urlTemplate":"https:\/\/szkolydoktorskie.uwb.edu.pl\/nsip\/?s={search_term_string}"},"query-input":{"@type":"PropertyValueSpecification","valueRequired":true,"valueName":"search_term_string"}}],"inLanguage":"pl-PL"},{"@type":"Organization","@id":"https:\/\/szkolydoktorskie.uwb.edu.pl\/nsip\/#organization","name":"Szko\u0142a Doktorska Nauk \u015acis\u0142ych i Przyrodniczych UwB","url":"https:\/\/szkolydoktorskie.uwb.edu.pl\/nsip\/","logo":{"@type":"ImageObject","inLanguage":"pl-PL","@id":"https:\/\/szkolydoktorskie.uwb.edu.pl\/nsip\/#\/schema\/logo\/image\/","url":"https:\/\/szkolydoktorskie.uwb.edu.pl\/nsip\/wp-content\/uploads\/sites\/4\/2021\/04\/cropped-LOGO-NSIP.png","contentUrl":"https:\/\/szkolydoktorskie.uwb.edu.pl\/nsip\/wp-content\/uploads\/sites\/4\/2021\/04\/cropped-LOGO-NSIP.png","width":705,"height":188,"caption":"Szko\u0142a Doktorska Nauk \u015acis\u0142ych i Przyrodniczych UwB"},"image":{"@id":"https:\/\/szkolydoktorskie.uwb.edu.pl\/nsip\/#\/schema\/logo\/image\/"}}]}},"_links":{"self":[{"href":"https:\/\/szkolydoktorskie.uwb.edu.pl\/nsip\/wp-json\/wp\/v2\/pages\/989","targetHints":{"allow":["GET"]}}],"collection":[{"href":"https:\/\/szkolydoktorskie.uwb.edu.pl\/nsip\/wp-json\/wp\/v2\/pages"}],"about":[{"href":"https:\/\/szkolydoktorskie.uwb.edu.pl\/nsip\/wp-json\/wp\/v2\/types\/page"}],"author":[{"embeddable":true,"href":"https:\/\/szkolydoktorskie.uwb.edu.pl\/nsip\/wp-json\/wp\/v2\/users\/1"}],"replies":[{"embeddable":true,"href":"https:\/\/szkolydoktorskie.uwb.edu.pl\/nsip\/wp-json\/wp\/v2\/comments?post=989"}],"version-history":[{"count":3,"href":"https:\/\/szkolydoktorskie.uwb.edu.pl\/nsip\/wp-json\/wp\/v2\/pages\/989\/revisions"}],"predecessor-version":[{"id":1116,"href":"https:\/\/szkolydoktorskie.uwb.edu.pl\/nsip\/wp-json\/wp\/v2\/pages\/989\/revisions\/1116"}],"wp:featuredmedia":[{"embeddable":true,"href":"https:\/\/szkolydoktorskie.uwb.edu.pl\/nsip\/wp-json\/wp\/v2\/media\/1020"}],"wp:attachment":[{"href":"https:\/\/szkolydoktorskie.uwb.edu.pl\/nsip\/wp-json\/wp\/v2\/media?parent=989"}],"curies":[{"name":"wp","href":"https:\/\/api.w.org\/{rel}","templated":true}]}}