{"id":886,"date":"2022-03-17T11:26:57","date_gmt":"2022-03-17T10:26:57","guid":{"rendered":"https:\/\/szkolydoktorskie.uwb.edu.pl\/nsip\/?page_id=886"},"modified":"2022-03-17T11:30:56","modified_gmt":"2022-03-17T10:30:56","slug":"organizacje-doktoranckie","status":"publish","type":"page","link":"https:\/\/szkolydoktorskie.uwb.edu.pl\/nsip\/organizacje-doktoranckie\/","title":{"rendered":"Organizacje doktoranckie"},"content":{"rendered":"\n<p><strong>Rada Uczelniana Samorz\u0105du Doktorant\u00f3w (kadencja 2020-2022)<\/strong><\/p>\n\n\n\n<p><strong>Zadania:<\/strong><\/p>\n\n\n\n<p>\u2013 ustalanie zasad i kierunk\u00f3w dzia\u0142ania Samorz\u0105du Doktorant\u00f3w Uniwersytetu,<\/p>\n\n\n\n<p>\u2013 reprezentowanie doktorant\u00f3w wobec w\u0142adz Uniwersytetu,<\/p>\n\n\n\n<p>\u2013 uchwalanie Regulaminu Samorz\u0105du Doktorant\u00f3w,<\/p>\n\n\n\n<p>\u2013 wyb\u00f3r przedstawicieli doktorant\u00f3w do komisji powo\u0142anych przez organy Uniwersytetu,<\/p>\n\n\n\n<p>\u2013 wyb\u00f3r cz\u0142onk\u00f3w Uczelnianej Komisji Wyborczej Samorz\u0105du Doktorant\u00f3w,<\/p>\n\n\n\n<p>\u2013 uzgadnianie tre\u015bci Regulaminu Szk\u00f3\u0142 Doktorskich,<\/p>\n\n\n\n<p>\u2013 udzielanie wsparcia regulaminowego doktorantom Uniwersytetu oraz ko\u0142om naukowym,<\/p>\n\n\n\n<p>\u2013 organizacja prac komisji sta\u0142ych powo\u0142anych przy Radzie Uczelnianej Samorz\u0105du Doktorant\u00f3w,<\/p>\n\n\n\n<p>\u2013 reprezentowanie Samorz\u0105du Doktorant\u00f3w na zjazdach Krajowej Reprezentacji Doktorant\u00f3w.<\/p>\n\n\n\n<p><\/p>\n\n\n\n<p><strong>Przedstawiciele RUSD:<\/strong><\/p>\n\n\n\n<p>mgr Przemys\u0142aw Brzozowski \u2013&nbsp;<strong>Przewodnicz\u0105cy<\/strong><\/p>\n\n\n\n<p>mgr Katarzyna Kowalik \u2013&nbsp;<strong>Sekretarz<\/strong><\/p>\n\n\n\n<p><strong>Kontakt:<\/strong><\/p>\n\n\n\n<p><a href=\"mailto:rusd@uwb.edu.pl\">rusd@uwb.edu.pl<\/a><\/p>\n\n\n\n<p>Facebook: Rada Uczelniana Samorz\u0105du Doktorant\u00f3w UwB:&nbsp;<a href=\"https:\/\/www.facebook.com\/Rada-Uczelniana-Samorz%C4%85du-Doktorant%C3%B3w-UwB-419543974875833\">https:\/\/www.facebook.com\/Rada-Uczelniana-Samorz%C4%85du-Doktorant%C3%B3w-UwB-419543974875833<\/a><\/p>\n\n\n\n<hr class=\"wp-block-separator\" \/>\n\n\n\n<p><strong>Rada Doktorant\u00f3w Szko\u0142y Doktorskiej Nauk \u015acis\u0142ych i Przyrodniczych\u00a0(kadencja 2020-2022)<\/strong><\/p>\n\n\n\n<p><strong>Zadania:<\/strong><\/p>\n\n\n\n<p>\u2013 ustalanie zasad i kierunk\u00f3w dzia\u0142ania Samorz\u0105du Doktorant\u00f3w Szko\u0142y Doktorskiej,<\/p>\n\n\n\n<p>\u2013 reprezentowanie doktorant\u00f3w wobec w\u0142adz Wydzia\u0142u, Instytutu lub Szko\u0142y Doktorskiej,<\/p>\n\n\n\n<p>\u2013 wyb\u00f3r przedstawicieli do organ\u00f3w lub komisji Szko\u0142y Doktorskiej,<\/p>\n\n\n\n<p>\u2013 udzielanie wsparcia regulaminowego doktorantom Szko\u0142y Doktorskiej,&nbsp;&nbsp;<\/p>\n\n\n\n<p>\u2013 reprezentowanie Samorz\u0105du Doktorant\u00f3w Szko\u0142y Doktorskiej w Radzie Uczelnianej Samorz\u0105du Doktorant\u00f3w.<\/p>\n\n\n\n<p><\/p>\n\n\n\n<p><strong>Przedstawiciele:<\/strong><\/p>\n\n\n\n<p>mgr Sandra Chmielewska \u2013&nbsp;<strong>Przewodnicz\u0105ca<\/strong><\/p>\n\n\n\n<p>mgr Wioleta Lewandowska \u2013&nbsp;<strong>Wiceprzewodnicz\u0105ca<\/strong><\/p>\n\n\n\n<p><strong>I rok:<\/strong><\/p>\n\n\n\n<p>mgr Pawe\u0142 Butkiewicz<\/p>\n\n\n\n<p>mgr Wioleta Lewandowska<\/p>\n\n\n\n<p><strong>II rok:<\/strong><\/p>\n\n\n\n<p>mgr Sandra Chmielewska<\/p>\n\n\n\n<p>mgr Dariusz Kiejza<\/p>\n\n\n\n<p><strong>III rok:<\/strong><\/p>\n\n\n\n<p>mgr Artsiom Kazlou<\/p>\n\n\n\n<p>mgr in\u017c. Tomasz Zalewski<\/p>\n\n\n\n<p><strong>Kontakt:<\/strong><\/p>\n\n\n\n<p>s.chmielewska@uwb.edu.pl<\/p>\n\n\n\n<p>w.lewandowska@uwb.edu.pl&nbsp;&nbsp; &nbsp;<\/p>\n\n\n\n<p>p.butkiewicz@uwb.edu.pl<\/p>\n\n\n\n<p>d.kiejza@uwb.edu.pl<\/p>\n\n\n\n<p>a.kazlou@uwb.edu.pl&nbsp;<\/p>\n\n\n\n<p>tmkzlwsk@uwb.edu.pl<\/p>\n\n\n\n<hr class=\"wp-block-separator\" \/>\n\n\n\n<p><strong>Rzecznik Praw Doktoranta<\/strong><\/p>\n\n\n\n<p>Rzecznik Praw Doktoranta UwB, stoi na stra\u017cy praw doktoranta wynikaj\u0105cych z akt\u00f3w prawa powszechnie obowi\u0105zuj\u0105cego oraz akt\u00f3w prawa zak\u0142adowego w sprawach dotycz\u0105cych ochrony praw doktoranta. Rzecznik bada, czy wskutek dzia\u0142ania lub zaniechania organ\u00f3w, organizacji lub instytucji, zobowi\u0105zanych do przestrzegania i realizacji tych praw, nie nast\u0105pi\u0142o naruszenie prawa, a tak\u017ce zasad wsp\u00f3\u0142\u017cycia i sprawiedliwo\u015bci spo\u0142ecznej. Rzecznik ma prawo wyst\u0119powania za zgod\u0105 zainteresowanego w jego imieniu wobec w\u0142adz podmiotu prowadz\u0105cego studia doktoranckie lub szko\u0142\u0119 doktorsk\u0105. Dzia\u0142ania Rzecznika maj\u0105 na celu, w szczeg\u00f3lno\u015bci: udzielanie doktorantom wsparcia prawnego z zakresu ustawy o szkolnictwie wy\u017cszym i nauce; podejmowanie mediacji i dzia\u0142a\u0144 wyja\u015bniaj\u0105cych w sprawach indywidualnych; analizowanie, monitorowanie i wspieranie przestrzegania praw doktoranta na Uniwersytecie w Bia\u0142ymstoku.<\/p>\n\n\n\n<p>Rzecznik Praw Doktoranta UwB:<\/p>\n\n\n\n<p><strong>mgr Adriana Kuligowska<\/strong><\/p>\n\n\n\n<p><strong>Kontakt:<\/strong><\/p>\n\n\n\n<p>a.kuligowska@uwb.edu.pl<\/p>\n","protected":false},"excerpt":{"rendered":"<p>Rada Uczelniana Samorz\u0105du Doktorant\u00f3w (kadencja 2020-2022) Zadania: \u2013 ustalanie zasad i kierunk\u00f3w dzia\u0142ania Samorz\u0105du Doktorant\u00f3w Uniwersytetu, \u2013 reprezentowanie doktorant\u00f3w wobec w\u0142adz Uniwersytetu, \u2013 uchwalanie Regulaminu Samorz\u0105du Doktorant\u00f3w, \u2013 wyb\u00f3r przedstawicieli&hellip;<\/p>\n","protected":false},"author":12,"featured_media":0,"parent":0,"menu_order":0,"comment_status":"closed","ping_status":"closed","template":"","meta":{"footnotes":""},"class_list":["post-886","page","type-page","status-publish","hentry"],"yoast_head":"<!-- This site is optimized with the Yoast SEO plugin v27.3 - https:\/\/yoast.com\/product\/yoast-seo-wordpress\/ -->\n<title>Organizacje doktoranckie - Szko\u0142a Doktorska Nauk \u015acis\u0142ych i Przyrodniczych UwB<\/title>\n<meta name=\"robots\" content=\"index, follow, max-snippet:-1, max-image-preview:large, max-video-preview:-1\" \/>\n<link rel=\"canonical\" href=\"https:\/\/szkolydoktorskie.uwb.edu.pl\/nsip\/organizacje-doktoranckie\/\" \/>\n<meta property=\"og:locale\" content=\"pl_PL\" \/>\n<meta property=\"og:type\" content=\"article\" \/>\n<meta property=\"og:title\" content=\"Organizacje doktoranckie - Szko\u0142a Doktorska Nauk \u015acis\u0142ych i Przyrodniczych UwB\" \/>\n<meta property=\"og:description\" content=\"Rada Uczelniana Samorz\u0105du Doktorant\u00f3w (kadencja 2020-2022) Zadania: \u2013 ustalanie zasad i kierunk\u00f3w dzia\u0142ania Samorz\u0105du Doktorant\u00f3w Uniwersytetu, \u2013 reprezentowanie doktorant\u00f3w wobec w\u0142adz Uniwersytetu, \u2013 uchwalanie Regulaminu Samorz\u0105du Doktorant\u00f3w, \u2013 wyb\u00f3r przedstawicieli&hellip;\" \/>\n<meta property=\"og:url\" content=\"https:\/\/szkolydoktorskie.uwb.edu.pl\/nsip\/organizacje-doktoranckie\/\" \/>\n<meta property=\"og:site_name\" content=\"Szko\u0142a Doktorska Nauk \u015acis\u0142ych i Przyrodniczych UwB\" \/>\n<meta property=\"article:modified_time\" content=\"2022-03-17T10:30:56+00:00\" \/>\n<meta name=\"twitter:card\" content=\"summary_large_image\" \/>\n<meta name=\"twitter:label1\" content=\"Szacowany czas czytania\" \/>\n\t<meta name=\"twitter:data1\" content=\"2 minuty\" \/>\n<script type=\"application\/ld+json\" class=\"yoast-schema-graph\">{\"@context\":\"https:\\\/\\\/schema.org\",\"@graph\":[{\"@type\":\"WebPage\",\"@id\":\"https:\\\/\\\/szkolydoktorskie.uwb.edu.pl\\\/nsip\\\/organizacje-doktoranckie\\\/\",\"url\":\"https:\\\/\\\/szkolydoktorskie.uwb.edu.pl\\\/nsip\\\/organizacje-doktoranckie\\\/\",\"name\":\"Organizacje doktoranckie - Szko\u0142a Doktorska Nauk \u015acis\u0142ych i Przyrodniczych UwB\",\"isPartOf\":{\"@id\":\"https:\\\/\\\/szkolydoktorskie.uwb.edu.pl\\\/nsip\\\/#website\"},\"datePublished\":\"2022-03-17T10:26:57+00:00\",\"dateModified\":\"2022-03-17T10:30:56+00:00\",\"breadcrumb\":{\"@id\":\"https:\\\/\\\/szkolydoktorskie.uwb.edu.pl\\\/nsip\\\/organizacje-doktoranckie\\\/#breadcrumb\"},\"inLanguage\":\"pl-PL\",\"potentialAction\":[{\"@type\":\"ReadAction\",\"target\":[\"https:\\\/\\\/szkolydoktorskie.uwb.edu.pl\\\/nsip\\\/organizacje-doktoranckie\\\/\"]}]},{\"@type\":\"BreadcrumbList\",\"@id\":\"https:\\\/\\\/szkolydoktorskie.uwb.edu.pl\\\/nsip\\\/organizacje-doktoranckie\\\/#breadcrumb\",\"itemListElement\":[{\"@type\":\"ListItem\",\"position\":1,\"name\":\"Strona g\u0142\u00f3wna\",\"item\":\"https:\\\/\\\/szkolydoktorskie.uwb.edu.pl\\\/nsip\\\/\"},{\"@type\":\"ListItem\",\"position\":2,\"name\":\"Organizacje doktoranckie\"}]},{\"@type\":\"WebSite\",\"@id\":\"https:\\\/\\\/szkolydoktorskie.uwb.edu.pl\\\/nsip\\\/#website\",\"url\":\"https:\\\/\\\/szkolydoktorskie.uwb.edu.pl\\\/nsip\\\/\",\"name\":\"Szko\u0142a Doktorska Nauk \u015acis\u0142ych i Przyrodniczych UwB\",\"description\":\"Szko\u0142a Doktorska Nauk \u015acis\u0142ych i Przyrodniczych UwB\",\"publisher\":{\"@id\":\"https:\\\/\\\/szkolydoktorskie.uwb.edu.pl\\\/nsip\\\/#organization\"},\"potentialAction\":[{\"@type\":\"SearchAction\",\"target\":{\"@type\":\"EntryPoint\",\"urlTemplate\":\"https:\\\/\\\/szkolydoktorskie.uwb.edu.pl\\\/nsip\\\/?s={search_term_string}\"},\"query-input\":{\"@type\":\"PropertyValueSpecification\",\"valueRequired\":true,\"valueName\":\"search_term_string\"}}],\"inLanguage\":\"pl-PL\"},{\"@type\":\"Organization\",\"@id\":\"https:\\\/\\\/szkolydoktorskie.uwb.edu.pl\\\/nsip\\\/#organization\",\"name\":\"Szko\u0142a Doktorska Nauk \u015acis\u0142ych i Przyrodniczych UwB\",\"url\":\"https:\\\/\\\/szkolydoktorskie.uwb.edu.pl\\\/nsip\\\/\",\"logo\":{\"@type\":\"ImageObject\",\"inLanguage\":\"pl-PL\",\"@id\":\"https:\\\/\\\/szkolydoktorskie.uwb.edu.pl\\\/nsip\\\/#\\\/schema\\\/logo\\\/image\\\/\",\"url\":\"https:\\\/\\\/szkolydoktorskie.uwb.edu.pl\\\/nsip\\\/wp-content\\\/uploads\\\/sites\\\/4\\\/2021\\\/04\\\/cropped-LOGO-NSIP.png\",\"contentUrl\":\"https:\\\/\\\/szkolydoktorskie.uwb.edu.pl\\\/nsip\\\/wp-content\\\/uploads\\\/sites\\\/4\\\/2021\\\/04\\\/cropped-LOGO-NSIP.png\",\"width\":705,\"height\":188,\"caption\":\"Szko\u0142a Doktorska Nauk \u015acis\u0142ych i Przyrodniczych UwB\"},\"image\":{\"@id\":\"https:\\\/\\\/szkolydoktorskie.uwb.edu.pl\\\/nsip\\\/#\\\/schema\\\/logo\\\/image\\\/\"}}]}<\/script>\n<!-- \/ Yoast SEO plugin. -->","yoast_head_json":{"title":"Organizacje doktoranckie - Szko\u0142a Doktorska Nauk \u015acis\u0142ych i Przyrodniczych UwB","robots":{"index":"index","follow":"follow","max-snippet":"max-snippet:-1","max-image-preview":"max-image-preview:large","max-video-preview":"max-video-preview:-1"},"canonical":"https:\/\/szkolydoktorskie.uwb.edu.pl\/nsip\/organizacje-doktoranckie\/","og_locale":"pl_PL","og_type":"article","og_title":"Organizacje doktoranckie - Szko\u0142a Doktorska Nauk \u015acis\u0142ych i Przyrodniczych UwB","og_description":"Rada Uczelniana Samorz\u0105du Doktorant\u00f3w (kadencja 2020-2022) Zadania: \u2013 ustalanie zasad i kierunk\u00f3w dzia\u0142ania Samorz\u0105du Doktorant\u00f3w Uniwersytetu, \u2013 reprezentowanie doktorant\u00f3w wobec w\u0142adz Uniwersytetu, \u2013 uchwalanie Regulaminu Samorz\u0105du Doktorant\u00f3w, \u2013 wyb\u00f3r przedstawicieli&hellip;","og_url":"https:\/\/szkolydoktorskie.uwb.edu.pl\/nsip\/organizacje-doktoranckie\/","og_site_name":"Szko\u0142a Doktorska Nauk \u015acis\u0142ych i Przyrodniczych UwB","article_modified_time":"2022-03-17T10:30:56+00:00","twitter_card":"summary_large_image","twitter_misc":{"Szacowany czas czytania":"2 minuty"},"schema":{"@context":"https:\/\/schema.org","@graph":[{"@type":"WebPage","@id":"https:\/\/szkolydoktorskie.uwb.edu.pl\/nsip\/organizacje-doktoranckie\/","url":"https:\/\/szkolydoktorskie.uwb.edu.pl\/nsip\/organizacje-doktoranckie\/","name":"Organizacje doktoranckie - Szko\u0142a Doktorska Nauk \u015acis\u0142ych i Przyrodniczych UwB","isPartOf":{"@id":"https:\/\/szkolydoktorskie.uwb.edu.pl\/nsip\/#website"},"datePublished":"2022-03-17T10:26:57+00:00","dateModified":"2022-03-17T10:30:56+00:00","breadcrumb":{"@id":"https:\/\/szkolydoktorskie.uwb.edu.pl\/nsip\/organizacje-doktoranckie\/#breadcrumb"},"inLanguage":"pl-PL","potentialAction":[{"@type":"ReadAction","target":["https:\/\/szkolydoktorskie.uwb.edu.pl\/nsip\/organizacje-doktoranckie\/"]}]},{"@type":"BreadcrumbList","@id":"https:\/\/szkolydoktorskie.uwb.edu.pl\/nsip\/organizacje-doktoranckie\/#breadcrumb","itemListElement":[{"@type":"ListItem","position":1,"name":"Strona g\u0142\u00f3wna","item":"https:\/\/szkolydoktorskie.uwb.edu.pl\/nsip\/"},{"@type":"ListItem","position":2,"name":"Organizacje doktoranckie"}]},{"@type":"WebSite","@id":"https:\/\/szkolydoktorskie.uwb.edu.pl\/nsip\/#website","url":"https:\/\/szkolydoktorskie.uwb.edu.pl\/nsip\/","name":"Szko\u0142a Doktorska Nauk \u015acis\u0142ych i Przyrodniczych UwB","description":"Szko\u0142a Doktorska Nauk \u015acis\u0142ych i Przyrodniczych UwB","publisher":{"@id":"https:\/\/szkolydoktorskie.uwb.edu.pl\/nsip\/#organization"},"potentialAction":[{"@type":"SearchAction","target":{"@type":"EntryPoint","urlTemplate":"https:\/\/szkolydoktorskie.uwb.edu.pl\/nsip\/?s={search_term_string}"},"query-input":{"@type":"PropertyValueSpecification","valueRequired":true,"valueName":"search_term_string"}}],"inLanguage":"pl-PL"},{"@type":"Organization","@id":"https:\/\/szkolydoktorskie.uwb.edu.pl\/nsip\/#organization","name":"Szko\u0142a Doktorska Nauk \u015acis\u0142ych i Przyrodniczych UwB","url":"https:\/\/szkolydoktorskie.uwb.edu.pl\/nsip\/","logo":{"@type":"ImageObject","inLanguage":"pl-PL","@id":"https:\/\/szkolydoktorskie.uwb.edu.pl\/nsip\/#\/schema\/logo\/image\/","url":"https:\/\/szkolydoktorskie.uwb.edu.pl\/nsip\/wp-content\/uploads\/sites\/4\/2021\/04\/cropped-LOGO-NSIP.png","contentUrl":"https:\/\/szkolydoktorskie.uwb.edu.pl\/nsip\/wp-content\/uploads\/sites\/4\/2021\/04\/cropped-LOGO-NSIP.png","width":705,"height":188,"caption":"Szko\u0142a Doktorska Nauk \u015acis\u0142ych i Przyrodniczych UwB"},"image":{"@id":"https:\/\/szkolydoktorskie.uwb.edu.pl\/nsip\/#\/schema\/logo\/image\/"}}]}},"_links":{"self":[{"href":"https:\/\/szkolydoktorskie.uwb.edu.pl\/nsip\/wp-json\/wp\/v2\/pages\/886","targetHints":{"allow":["GET"]}}],"collection":[{"href":"https:\/\/szkolydoktorskie.uwb.edu.pl\/nsip\/wp-json\/wp\/v2\/pages"}],"about":[{"href":"https:\/\/szkolydoktorskie.uwb.edu.pl\/nsip\/wp-json\/wp\/v2\/types\/page"}],"author":[{"embeddable":true,"href":"https:\/\/szkolydoktorskie.uwb.edu.pl\/nsip\/wp-json\/wp\/v2\/users\/12"}],"replies":[{"embeddable":true,"href":"https:\/\/szkolydoktorskie.uwb.edu.pl\/nsip\/wp-json\/wp\/v2\/comments?post=886"}],"version-history":[{"count":2,"href":"https:\/\/szkolydoktorskie.uwb.edu.pl\/nsip\/wp-json\/wp\/v2\/pages\/886\/revisions"}],"predecessor-version":[{"id":891,"href":"https:\/\/szkolydoktorskie.uwb.edu.pl\/nsip\/wp-json\/wp\/v2\/pages\/886\/revisions\/891"}],"wp:attachment":[{"href":"https:\/\/szkolydoktorskie.uwb.edu.pl\/nsip\/wp-json\/wp\/v2\/media?parent=886"}],"curies":[{"name":"wp","href":"https:\/\/api.w.org\/{rel}","templated":true}]}}