{"id":871,"date":"2022-03-17T11:02:17","date_gmt":"2022-03-17T10:02:17","guid":{"rendered":"https:\/\/szkolydoktorskie.uwb.edu.pl\/nsip\/?page_id=871"},"modified":"2024-01-31T09:29:33","modified_gmt":"2024-01-31T08:29:33","slug":"druki","status":"publish","type":"page","link":"https:\/\/szkolydoktorskie.uwb.edu.pl\/nsip\/druki\/","title":{"rendered":"Druki i materia\u0142y do pobrania"},"content":{"rendered":"\n<h2 class=\"wp-block-heading\">Druki<\/h2>\n\n\n\n<p><a href=\"https:\/\/szkolydoktorskie.uwb.edu.pl\/nsip\/wp-content\/uploads\/sites\/4\/2023\/03\/Karta-zaliczen-zajec-specjalistycznych.pdf\" target=\"_blank\" rel=\"noreferrer noopener\">Karta zaliczenia zaj\u0119\u0107 specjalistyczny<\/a><a href=\"https:\/\/www.uwb.edu.pl\/uploads\/tiny\/SZKO%C5%81Y%20DOKTORSKIE\/Za%C5%82.%2017%20Karta%20zalicze%C5%84%20zaje%C4%87%20specjalistycznych.pdf\" target=\"_blank\" rel=\"noreferrer noopener\">ch<\/a><\/p>\n\n\n\n<p><a href=\"https:\/\/szkolydoktorskie.uwb.edu.pl\/nsip\/wp-content\/uploads\/sites\/4\/2023\/03\/Wniosek-doktoranta-o-powolanie-promotora.pdf\" target=\"_blank\" rel=\"noreferrer noopener\">Wniosek doktoranta o powo\u0142anie promotora<\/a><\/p>\n\n\n\n<p><a href=\"https:\/\/szkolydoktorskie.uwb.edu.pl\/nsip\/wp-content\/uploads\/sites\/4\/2023\/03\/Zgoda-i-oswiadczenie-promotora.pdf\" target=\"_blank\" rel=\"noreferrer noopener\">Zgoda i o\u015bwiadczenie promotora<\/a><\/p>\n\n\n\n<p><a href=\"https:\/\/szkolydoktorskie.uwb.edu.pl\/nsip\/wp-content\/uploads\/sites\/4\/2023\/03\/Zakres-zadan-powierzonych-promotorowi-pomocniczemu.pdf\" target=\"_blank\" rel=\"noreferrer noopener\">Zakres zada\u0144 powierzonych promotorowi pomocniczemu<\/a><\/p>\n\n\n\n<p><a href=\"https:\/\/szkolydoktorskie.uwb.edu.pl\/nsip\/wp-content\/uploads\/sites\/4\/2022\/12\/Komunikat-nr-1-Dyrektora-Szkoly-doktorskiej-Nauk-Scislych-i-Przyrodniczych-z-dnia-20-wrzesnia-2019-r.-w-sprawie-elementow-Indywidualnego-Planu-Badawczego.pdf\" target=\"_blank\" rel=\"noreferrer noopener\">Indywidualny Plan Badawczy<\/a><\/p>\n\n\n\n<p><a href=\"https:\/\/szkolydoktorskie.uwb.edu.pl\/nsip\/wp-content\/uploads\/sites\/4\/2022\/06\/Indywidualny-Plan-Badawczy-Doktoranta.docx\">Indywidualny Plan Badawczy &#8211; wersja edytowalna<\/a><\/p>\n\n\n\n<p><a href=\"https:\/\/szkolydoktorskie.uwb.edu.pl\/nsip\/wp-content\/uploads\/sites\/4\/2022\/10\/Zalacznik-nr-1_do-Komunikatu-nr-4_2022.pdf\">Roczne Sprawozdanie Doktoranta<\/a><\/p>\n\n\n\n<p><a href=\"https:\/\/szkolydoktorskie.uwb.edu.pl\/nsip\/wp-content\/uploads\/sites\/4\/2022\/10\/Zalacznik-nr-1_do-Komunikatu-nr-4_2022.docx\">Roczne Sprawozdanie Doktoranta &#8211; wersja edytowalna<\/a><\/p>\n\n\n\n<p><a href=\"https:\/\/szkolydoktorskie.uwb.edu.pl\/nsip\/wp-content\/uploads\/sites\/4\/2022\/10\/Zalacznik-nr-2_do-Komunikatu-nr-4_2022.pdf\">\u015ar\u00f3dokresowe Sprawozdanie Doktoranta<\/a><\/p>\n\n\n\n<p><a href=\"https:\/\/szkolydoktorskie.uwb.edu.pl\/nsip\/wp-content\/uploads\/sites\/4\/2022\/10\/Zalacznik-nr-2_do-Komunikatu-nr-4_2022.docx\">\u015ar\u00f3dokresowe Sprawozdanie Doktoranta &#8211; wersja edytowalna<\/a><\/p>\n\n\n\n<p><a href=\"https:\/\/szkolydoktorskie.uwb.edu.pl\/nsip\/wp-content\/uploads\/sites\/4\/2022\/10\/Zalacznik-nr-3_do-Komunikatu-nr-4_2022.pdf\">Opinia promotora dotycz\u0105ca aktywno\u015bci doktoranta Szko\u0142y Doktorskiej Nauk \u015acis\u0142ych i Przyrodniczych<\/a><\/p>\n\n\n\n<p><a href=\"https:\/\/szkolydoktorskie.uwb.edu.pl\/nsip\/wp-content\/uploads\/sites\/4\/2022\/10\/Zalacznik-nr-3_do-Komunikatu-nr-4_2022.docx\">Opinia promotora dotycz\u0105ca aktywno\u015bci doktoranta Szko\u0142y Doktorskiej Nauk \u015acis\u0142ych i Przyrodniczych &#8211; wersja edytowalna<\/a><\/p>\n\n\n\n<p><a href=\"https:\/\/szkolydoktorskie.uwb.edu.pl\/nsip\/wp-content\/uploads\/sites\/4\/2021\/10\/Ankieta-oceny.pdf\">Ankieta oceny w zakresie wype\u0142niania przez osoby prowadz\u0105ce zaj\u0119cia obowi\u0105zk\u00f3w zwi\u0105zanych z kszta\u0142ceniem<\/a><\/p>\n\n\n\n<p><a href=\"https:\/\/szkolydoktorskie.uwb.edu.pl\/nsip\/wp-content\/uploads\/sites\/4\/2023\/05\/Protokol-hospitacji-zajec.pdf\">Protok\u00f3\u0142 hospitacji zaj\u0119\u0107 dydaktycznych<\/a><\/p>\n\n\n\n<p><a href=\"https:\/\/szkolydoktorskie.uwb.edu.pl\/nsip\/wp-content\/uploads\/sites\/4\/2024\/01\/Protokol-hospitacji-zajec.docx\">Protok\u00f3\u0142 hospitacji zaj\u0119\u0107 dydaktycznych &#8211; wersja edytowalna<\/a><\/p>\n\n\n\n<hr class=\"wp-block-separator has-css-opacity\" \/>\n\n\n\n<h2 class=\"wp-block-heading\">Materia\u0142y do pobrania<\/h2>\n\n\n\n<p><a href=\"https:\/\/szkolydoktorskie.uwb.edu.pl\/nsip\/wp-content\/uploads\/sites\/4\/2023\/03\/Zal.-18-ZRODLA_ELEKTRONICZNE_18.10.2019.pdf\" target=\"_blank\" rel=\"noreferrer noopener\">Elektroniczne \u017ar\u00f3d\u0142a informacji \u2013 prezentacja<\/a><\/p>\n\n\n\n<p><a href=\"https:\/\/szkolydoktorskie.uwb.edu.pl\/nsip\/wp-content\/uploads\/sites\/4\/2023\/03\/Zal.-19-Oferta-Horyzontu-2020-dla-doktorantow.pdf\">Oferta Horyzontu 2020 dla doktorant\u00f3w<\/a><\/p>\n","protected":false},"excerpt":{"rendered":"<p>Druki Karta zaliczenia zaj\u0119\u0107 specjalistycznych Wniosek doktoranta o powo\u0142anie promotora Zgoda i o\u015bwiadczenie promotora Zakres zada\u0144 powierzonych promotorowi pomocniczemu Indywidualny Plan Badawczy Indywidualny Plan Badawczy &#8211; wersja edytowalna Roczne Sprawozdanie&hellip;<\/p>\n","protected":false},"author":12,"featured_media":0,"parent":0,"menu_order":0,"comment_status":"closed","ping_status":"closed","template":"","meta":{"footnotes":""},"class_list":["post-871","page","type-page","status-publish","hentry"],"yoast_head":"<!-- This site is optimized with the Yoast SEO plugin v27.3 - https:\/\/yoast.com\/product\/yoast-seo-wordpress\/ -->\n<title>Druki i materia\u0142y do pobrania - Szko\u0142a Doktorska Nauk \u015acis\u0142ych i Przyrodniczych UwB<\/title>\n<meta name=\"robots\" content=\"index, follow, max-snippet:-1, max-image-preview:large, max-video-preview:-1\" \/>\n<link rel=\"canonical\" href=\"https:\/\/szkolydoktorskie.uwb.edu.pl\/nsip\/druki\/\" \/>\n<meta property=\"og:locale\" content=\"pl_PL\" \/>\n<meta property=\"og:type\" content=\"article\" \/>\n<meta property=\"og:title\" content=\"Druki i materia\u0142y do pobrania - Szko\u0142a Doktorska Nauk \u015acis\u0142ych i Przyrodniczych UwB\" \/>\n<meta property=\"og:description\" content=\"Druki Karta zaliczenia zaj\u0119\u0107 specjalistycznych Wniosek doktoranta o powo\u0142anie promotora Zgoda i o\u015bwiadczenie promotora Zakres zada\u0144 powierzonych promotorowi pomocniczemu Indywidualny Plan Badawczy Indywidualny Plan Badawczy &#8211; wersja edytowalna Roczne Sprawozdanie&hellip;\" \/>\n<meta property=\"og:url\" content=\"https:\/\/szkolydoktorskie.uwb.edu.pl\/nsip\/druki\/\" \/>\n<meta property=\"og:site_name\" content=\"Szko\u0142a Doktorska Nauk \u015acis\u0142ych i Przyrodniczych UwB\" \/>\n<meta property=\"article:modified_time\" content=\"2024-01-31T08:29:33+00:00\" \/>\n<meta name=\"twitter:card\" content=\"summary_large_image\" \/>\n<meta name=\"twitter:label1\" content=\"Szacowany czas czytania\" \/>\n\t<meta name=\"twitter:data1\" content=\"1 minuta\" \/>\n<script type=\"application\/ld+json\" class=\"yoast-schema-graph\">{\"@context\":\"https:\\\/\\\/schema.org\",\"@graph\":[{\"@type\":\"WebPage\",\"@id\":\"https:\\\/\\\/szkolydoktorskie.uwb.edu.pl\\\/nsip\\\/druki\\\/\",\"url\":\"https:\\\/\\\/szkolydoktorskie.uwb.edu.pl\\\/nsip\\\/druki\\\/\",\"name\":\"Druki i materia\u0142y do pobrania - Szko\u0142a Doktorska Nauk \u015acis\u0142ych i Przyrodniczych UwB\",\"isPartOf\":{\"@id\":\"https:\\\/\\\/szkolydoktorskie.uwb.edu.pl\\\/nsip\\\/#website\"},\"datePublished\":\"2022-03-17T10:02:17+00:00\",\"dateModified\":\"2024-01-31T08:29:33+00:00\",\"breadcrumb\":{\"@id\":\"https:\\\/\\\/szkolydoktorskie.uwb.edu.pl\\\/nsip\\\/druki\\\/#breadcrumb\"},\"inLanguage\":\"pl-PL\",\"potentialAction\":[{\"@type\":\"ReadAction\",\"target\":[\"https:\\\/\\\/szkolydoktorskie.uwb.edu.pl\\\/nsip\\\/druki\\\/\"]}]},{\"@type\":\"BreadcrumbList\",\"@id\":\"https:\\\/\\\/szkolydoktorskie.uwb.edu.pl\\\/nsip\\\/druki\\\/#breadcrumb\",\"itemListElement\":[{\"@type\":\"ListItem\",\"position\":1,\"name\":\"Strona g\u0142\u00f3wna\",\"item\":\"https:\\\/\\\/szkolydoktorskie.uwb.edu.pl\\\/nsip\\\/\"},{\"@type\":\"ListItem\",\"position\":2,\"name\":\"Druki i materia\u0142y do pobrania\"}]},{\"@type\":\"WebSite\",\"@id\":\"https:\\\/\\\/szkolydoktorskie.uwb.edu.pl\\\/nsip\\\/#website\",\"url\":\"https:\\\/\\\/szkolydoktorskie.uwb.edu.pl\\\/nsip\\\/\",\"name\":\"Szko\u0142a Doktorska Nauk \u015acis\u0142ych i Przyrodniczych UwB\",\"description\":\"Szko\u0142a Doktorska Nauk \u015acis\u0142ych i Przyrodniczych UwB\",\"publisher\":{\"@id\":\"https:\\\/\\\/szkolydoktorskie.uwb.edu.pl\\\/nsip\\\/#organization\"},\"potentialAction\":[{\"@type\":\"SearchAction\",\"target\":{\"@type\":\"EntryPoint\",\"urlTemplate\":\"https:\\\/\\\/szkolydoktorskie.uwb.edu.pl\\\/nsip\\\/?s={search_term_string}\"},\"query-input\":{\"@type\":\"PropertyValueSpecification\",\"valueRequired\":true,\"valueName\":\"search_term_string\"}}],\"inLanguage\":\"pl-PL\"},{\"@type\":\"Organization\",\"@id\":\"https:\\\/\\\/szkolydoktorskie.uwb.edu.pl\\\/nsip\\\/#organization\",\"name\":\"Szko\u0142a Doktorska Nauk \u015acis\u0142ych i Przyrodniczych UwB\",\"url\":\"https:\\\/\\\/szkolydoktorskie.uwb.edu.pl\\\/nsip\\\/\",\"logo\":{\"@type\":\"ImageObject\",\"inLanguage\":\"pl-PL\",\"@id\":\"https:\\\/\\\/szkolydoktorskie.uwb.edu.pl\\\/nsip\\\/#\\\/schema\\\/logo\\\/image\\\/\",\"url\":\"https:\\\/\\\/szkolydoktorskie.uwb.edu.pl\\\/nsip\\\/wp-content\\\/uploads\\\/sites\\\/4\\\/2021\\\/04\\\/cropped-LOGO-NSIP.png\",\"contentUrl\":\"https:\\\/\\\/szkolydoktorskie.uwb.edu.pl\\\/nsip\\\/wp-content\\\/uploads\\\/sites\\\/4\\\/2021\\\/04\\\/cropped-LOGO-NSIP.png\",\"width\":705,\"height\":188,\"caption\":\"Szko\u0142a Doktorska Nauk \u015acis\u0142ych i Przyrodniczych UwB\"},\"image\":{\"@id\":\"https:\\\/\\\/szkolydoktorskie.uwb.edu.pl\\\/nsip\\\/#\\\/schema\\\/logo\\\/image\\\/\"}}]}<\/script>\n<!-- \/ Yoast SEO plugin. -->","yoast_head_json":{"title":"Druki i materia\u0142y do pobrania - Szko\u0142a Doktorska Nauk \u015acis\u0142ych i Przyrodniczych UwB","robots":{"index":"index","follow":"follow","max-snippet":"max-snippet:-1","max-image-preview":"max-image-preview:large","max-video-preview":"max-video-preview:-1"},"canonical":"https:\/\/szkolydoktorskie.uwb.edu.pl\/nsip\/druki\/","og_locale":"pl_PL","og_type":"article","og_title":"Druki i materia\u0142y do pobrania - Szko\u0142a Doktorska Nauk \u015acis\u0142ych i Przyrodniczych UwB","og_description":"Druki Karta zaliczenia zaj\u0119\u0107 specjalistycznych Wniosek doktoranta o powo\u0142anie promotora Zgoda i o\u015bwiadczenie promotora Zakres zada\u0144 powierzonych promotorowi pomocniczemu Indywidualny Plan Badawczy Indywidualny Plan Badawczy &#8211; wersja edytowalna Roczne Sprawozdanie&hellip;","og_url":"https:\/\/szkolydoktorskie.uwb.edu.pl\/nsip\/druki\/","og_site_name":"Szko\u0142a Doktorska Nauk \u015acis\u0142ych i Przyrodniczych UwB","article_modified_time":"2024-01-31T08:29:33+00:00","twitter_card":"summary_large_image","twitter_misc":{"Szacowany czas czytania":"1 minuta"},"schema":{"@context":"https:\/\/schema.org","@graph":[{"@type":"WebPage","@id":"https:\/\/szkolydoktorskie.uwb.edu.pl\/nsip\/druki\/","url":"https:\/\/szkolydoktorskie.uwb.edu.pl\/nsip\/druki\/","name":"Druki i materia\u0142y do pobrania - Szko\u0142a Doktorska Nauk \u015acis\u0142ych i Przyrodniczych UwB","isPartOf":{"@id":"https:\/\/szkolydoktorskie.uwb.edu.pl\/nsip\/#website"},"datePublished":"2022-03-17T10:02:17+00:00","dateModified":"2024-01-31T08:29:33+00:00","breadcrumb":{"@id":"https:\/\/szkolydoktorskie.uwb.edu.pl\/nsip\/druki\/#breadcrumb"},"inLanguage":"pl-PL","potentialAction":[{"@type":"ReadAction","target":["https:\/\/szkolydoktorskie.uwb.edu.pl\/nsip\/druki\/"]}]},{"@type":"BreadcrumbList","@id":"https:\/\/szkolydoktorskie.uwb.edu.pl\/nsip\/druki\/#breadcrumb","itemListElement":[{"@type":"ListItem","position":1,"name":"Strona g\u0142\u00f3wna","item":"https:\/\/szkolydoktorskie.uwb.edu.pl\/nsip\/"},{"@type":"ListItem","position":2,"name":"Druki i materia\u0142y do pobrania"}]},{"@type":"WebSite","@id":"https:\/\/szkolydoktorskie.uwb.edu.pl\/nsip\/#website","url":"https:\/\/szkolydoktorskie.uwb.edu.pl\/nsip\/","name":"Szko\u0142a Doktorska Nauk \u015acis\u0142ych i Przyrodniczych UwB","description":"Szko\u0142a Doktorska Nauk \u015acis\u0142ych i Przyrodniczych UwB","publisher":{"@id":"https:\/\/szkolydoktorskie.uwb.edu.pl\/nsip\/#organization"},"potentialAction":[{"@type":"SearchAction","target":{"@type":"EntryPoint","urlTemplate":"https:\/\/szkolydoktorskie.uwb.edu.pl\/nsip\/?s={search_term_string}"},"query-input":{"@type":"PropertyValueSpecification","valueRequired":true,"valueName":"search_term_string"}}],"inLanguage":"pl-PL"},{"@type":"Organization","@id":"https:\/\/szkolydoktorskie.uwb.edu.pl\/nsip\/#organization","name":"Szko\u0142a Doktorska Nauk \u015acis\u0142ych i Przyrodniczych UwB","url":"https:\/\/szkolydoktorskie.uwb.edu.pl\/nsip\/","logo":{"@type":"ImageObject","inLanguage":"pl-PL","@id":"https:\/\/szkolydoktorskie.uwb.edu.pl\/nsip\/#\/schema\/logo\/image\/","url":"https:\/\/szkolydoktorskie.uwb.edu.pl\/nsip\/wp-content\/uploads\/sites\/4\/2021\/04\/cropped-LOGO-NSIP.png","contentUrl":"https:\/\/szkolydoktorskie.uwb.edu.pl\/nsip\/wp-content\/uploads\/sites\/4\/2021\/04\/cropped-LOGO-NSIP.png","width":705,"height":188,"caption":"Szko\u0142a Doktorska Nauk \u015acis\u0142ych i Przyrodniczych UwB"},"image":{"@id":"https:\/\/szkolydoktorskie.uwb.edu.pl\/nsip\/#\/schema\/logo\/image\/"}}]}},"_links":{"self":[{"href":"https:\/\/szkolydoktorskie.uwb.edu.pl\/nsip\/wp-json\/wp\/v2\/pages\/871","targetHints":{"allow":["GET"]}}],"collection":[{"href":"https:\/\/szkolydoktorskie.uwb.edu.pl\/nsip\/wp-json\/wp\/v2\/pages"}],"about":[{"href":"https:\/\/szkolydoktorskie.uwb.edu.pl\/nsip\/wp-json\/wp\/v2\/types\/page"}],"author":[{"embeddable":true,"href":"https:\/\/szkolydoktorskie.uwb.edu.pl\/nsip\/wp-json\/wp\/v2\/users\/12"}],"replies":[{"embeddable":true,"href":"https:\/\/szkolydoktorskie.uwb.edu.pl\/nsip\/wp-json\/wp\/v2\/comments?post=871"}],"version-history":[{"count":17,"href":"https:\/\/szkolydoktorskie.uwb.edu.pl\/nsip\/wp-json\/wp\/v2\/pages\/871\/revisions"}],"predecessor-version":[{"id":2812,"href":"https:\/\/szkolydoktorskie.uwb.edu.pl\/nsip\/wp-json\/wp\/v2\/pages\/871\/revisions\/2812"}],"wp:attachment":[{"href":"https:\/\/szkolydoktorskie.uwb.edu.pl\/nsip\/wp-json\/wp\/v2\/media?parent=871"}],"curies":[{"name":"wp","href":"https:\/\/api.w.org\/{rel}","templated":true}]}}