{"id":857,"date":"2022-03-17T10:23:20","date_gmt":"2022-03-17T09:23:20","guid":{"rendered":"https:\/\/szkolydoktorskie.uwb.edu.pl\/nsip\/?page_id=857"},"modified":"2023-10-12T10:06:23","modified_gmt":"2023-10-12T08:06:23","slug":"granty-i-stypendia","status":"publish","type":"page","link":"https:\/\/szkolydoktorskie.uwb.edu.pl\/nsip\/granty-i-stypendia\/","title":{"rendered":"Stypendia i granty"},"content":{"rendered":"\n<p>Systemem stypendialnym obj\u0119ci b\u0119d\u0105 wszyscy uczestnicy szk\u00f3\u0142 doktorskich, kt\u00f3rzy nie posiadaj\u0105 stopnia doktora.<\/p>\n\n\n\n<p>Stypendium b\u0119dzie wyp\u0142acane nie d\u0142u\u017cej ni\u017c przez 4 lata.<\/p>\n\n\n\n<ul class=\"wp-block-list\">\n<li>minimalna kwota stypendium przed ocen\u0105 \u015br\u00f3dokresow\u0105 wynosi co najmniej 37% wynagrodzenia profesora, czyli: 2668 z\u0142 brutto, a dla doktorant\u00f3w z niepe\u0142nosprawno\u015bci\u0105: 3468 z\u0142 brutto,<\/li>\n\n\n\n<li>minimalna kwota stypendium po ocenie \u015br\u00f3dokresowej wynosi co najmniej 57% wynagrodzenia profesora, czyli: 4110 z\u0142 brutto, a dla doktorant\u00f3w z niepe\u0142nosprawno\u015bci\u0105: 4910 z\u0142 brutto.<\/li>\n<\/ul>\n\n\n\n<p>Stypendia doktoranckie b\u0119d\u0105 nieopodatkowane, ale b\u0119d\u0105 podlega\u0142y systemowi ubezpiecze\u0144 spo\u0142ecznych.<\/p>\n\n\n\n<p><a href=\"https:\/\/szkolydoktorskie.uwb.edu.pl\/nsip\/wp-content\/uploads\/sites\/4\/2021\/12\/23_-_Komunikat_styp__szkoly_doktorskie-1.pdf\"><\/a><a href=\"https:\/\/szkolydoktorskie.uwb.edu.pl\/nsip\/wp-content\/uploads\/sites\/4\/2021\/12\/23_-_Komunikat_styp__szkoly_doktorskie-1.pdf\"><strong>Komunikat nr 23<\/strong> Rektora Uniwersytetu w Bia\u0142ymstoku z dnia 8 pa\u017adziernika 2021 r. <em>w sprawie wysoko\u015bci stypendium doktoranckiego <strong>w roku akademickim 2021\/2022<\/strong><\/em> <em>dla doktorant\u00f3w szk\u00f3\u0142 doktorskich Uniwersytetu w Bia\u0142ymstoku<\/em><\/a><\/p>\n\n\n\n<p><a href=\"https:\/\/szkolydoktorskie.uwb.edu.pl\/nsip\/wp-content\/uploads\/sites\/4\/2022\/10\/18_-_Komunikat_styp__szkoly_doktorskie__2_.pdf\"><strong>Komunikat nr 18<\/strong> Rektora Uniwersytetu w Bia\u0142ymstoku z dnia 29 wrze\u015bnia 2022 r. <em>w sprawie wysoko\u015bci stypendium doktoranckiego <strong>w roku akademickim 2022\/2023<\/strong> dla doktorant\u00f3w szk\u00f3\u0142 doktorskich Uniwersytetu w Bia\u0142ymstoku<\/em><\/a><\/p>\n\n\n\n<p><a href=\"https:\/\/szkolydoktorskie.uwb.edu.pl\/nsip\/wp-content\/uploads\/sites\/4\/2023\/02\/3_-_styp__szkoly_doktorskie-1-1.pdf\"><strong>Komunikat nr 3<\/strong> Rektora Uniwersytetu w Bia\u0142ymstoku z dnia 19 stycznia 2023 r. w sprawie wysoko\u015bci<br>stypendium doktoranckiego dla doktorant\u00f3w szk\u00f3\u0142 doktorskich Uniwersytetu w Bia\u0142ymstoku<br>obowi\u0105zuj\u0105cej <strong>w roku akademickim 2022\/2023 od 1 stycznia 2023 r.<\/strong><\/a><\/p>\n\n\n\n<hr class=\"wp-block-separator has-css-opacity\" \/>\n\n\n\n<p><strong>Stypendia dla wybitnych m\u0142odych naukowc\u00f3w MEiN:<\/strong> <a href=\"https:\/\/www.gov.pl\/web\/edukacja-i-nauka\/informacja-na-temat-skladania-wnioskow-o-stypendia-ministra-wlasciwego-do-spraw-szkolnictwa-wyzszego-i-nauki-dla-wybitnych-mlodych-naukowcow-w-grudniu-2021-r\" target=\"_blank\" rel=\"noreferrer noopener\">https:\/\/www.gov.pl\/web\/edukacja-i-nauka\/informacja-na-temat-skladania-wnioskow-o-stypendia-ministra-wlasciwego-do-spraw-szkolnictwa-wyzszego-i-nauki-dla-wybitnych-mlodych-naukowcow-w-grudniu-2021-r<\/a><\/p>\n\n\n\n<p><strong>NCN Oferta konkurs\u00f3w krajowych: <\/strong><a href=\"https:\/\/www.ncn.gov.pl\/konkursy-krajowe\" target=\"_blank\" rel=\"noreferrer noopener\">https:\/\/www.ncn.gov.pl\/konkursy-krajowe<\/a><\/p>\n\n\n\n<p><strong>NCN Oferta konkurs\u00f3w zagranicznych:<\/strong> <a href=\"https:\/\/www.ncn.gov.pl\/wspolpraca-zagraniczna\/konkursy-wg-dziedziny\" target=\"_blank\" rel=\"noreferrer noopener\">https:\/\/www.ncn.gov.pl\/wspolpraca-zagraniczna\/konkursy-wg-dziedziny<\/a><\/p>\n\n\n\n<p><strong>Fundacja na Rzecz Nauki Polskiej:<\/strong> <a href=\"https:\/\/www.fnp.org.pl\/oferta\/start\/\" target=\"_blank\" rel=\"noreferrer noopener\">https:\/\/www.fnp.org.pl\/oferta\/start\/<\/a><\/p>\n\n\n\n<p><strong>Stypendia DAAD dla doktorant\u00f3w i m\u0142odych naukowc\u00f3w:<\/strong> <a href=\"https:\/\/www.daad.pl\/pl\/stypendia\/stypendia-do-niemiec\/stypendia-dla-doktorantow-i-mlodych-naukowcow\/\" target=\"_blank\" rel=\"noreferrer noopener\">https:\/\/www.daad.pl\/pl\/stypendia\/stypendia-do-niemiec\/stypendia-dla-doktorantow-i-mlodych-naukowcow\/<\/a><\/p>\n\n\n\n<p><strong>EURAXESS European Commision: <\/strong><a href=\"https:\/\/euraxess.ec.europa.eu\/funding\/search\" target=\"_blank\" rel=\"noreferrer noopener\">https:\/\/euraxess.ec.europa.eu\/funding\/search<\/a><\/p>\n\n\n\n<p><strong>Oferta EURAXESS na listopad 2021:<\/strong> <a href=\"https:\/\/cdn5.euraxess.org\/sites\/default\/files\/domains\/pl\/11_granty_i_stypendia_listopada_2021.pdf\" target=\"_blank\" rel=\"noreferrer noopener\">https:\/\/cdn5.euraxess.org\/sites\/default\/files\/domains\/pl\/11_granty_i_stypendia_listopada_2021.pdf<\/a><\/p>\n\n\n\n<p><strong>Oferta EURODESK: <\/strong><a href=\"https:\/\/www.eurodesk.pl\/granty\" target=\"_blank\" rel=\"noreferrer noopener\">https:\/\/www.eurodesk.pl\/granty<\/a><\/p>\n\n\n\n<p><strong>Stypendia SANTANDER:<\/strong> <a href=\"https:\/\/www.santander.pl\/santander-universidades\/stypendia\" target=\"_blank\" rel=\"noreferrer noopener\">https:\/\/www.santander.pl\/santander-universidades\/stypendia<\/a><\/p>\n\n\n\n<p>Wyszukiwarka stypendi\u00f3w<strong> Moje stypendium:<\/strong> <a href=\"https:\/\/www.mojestypendium.pl\" target=\"_blank\" rel=\"noreferrer noopener\">https:\/\/www.mojestypendium.pl<\/a><\/p>\n","protected":false},"excerpt":{"rendered":"<p>Systemem stypendialnym obj\u0119ci b\u0119d\u0105 wszyscy uczestnicy szk\u00f3\u0142 doktorskich, kt\u00f3rzy nie posiadaj\u0105 stopnia doktora. Stypendium b\u0119dzie wyp\u0142acane nie d\u0142u\u017cej ni\u017c przez 4 lata. Stypendia doktoranckie b\u0119d\u0105 nieopodatkowane, ale b\u0119d\u0105 podlega\u0142y systemowi&hellip;<\/p>\n","protected":false},"author":12,"featured_media":0,"parent":0,"menu_order":0,"comment_status":"closed","ping_status":"closed","template":"","meta":{"footnotes":""},"class_list":["post-857","page","type-page","status-publish","hentry"],"yoast_head":"<!-- This site is optimized with the Yoast SEO plugin v27.3 - https:\/\/yoast.com\/product\/yoast-seo-wordpress\/ -->\n<title>Stypendia i granty - Szko\u0142a Doktorska Nauk \u015acis\u0142ych i Przyrodniczych UwB<\/title>\n<meta name=\"robots\" content=\"index, follow, max-snippet:-1, max-image-preview:large, max-video-preview:-1\" \/>\n<link rel=\"canonical\" href=\"https:\/\/szkolydoktorskie.uwb.edu.pl\/nsip\/granty-i-stypendia\/\" \/>\n<meta property=\"og:locale\" content=\"pl_PL\" \/>\n<meta property=\"og:type\" content=\"article\" \/>\n<meta property=\"og:title\" content=\"Stypendia i granty - Szko\u0142a Doktorska Nauk \u015acis\u0142ych i Przyrodniczych UwB\" \/>\n<meta property=\"og:description\" content=\"Systemem stypendialnym obj\u0119ci b\u0119d\u0105 wszyscy uczestnicy szk\u00f3\u0142 doktorskich, kt\u00f3rzy nie posiadaj\u0105 stopnia doktora. Stypendium b\u0119dzie wyp\u0142acane nie d\u0142u\u017cej ni\u017c przez 4 lata. Stypendia doktoranckie b\u0119d\u0105 nieopodatkowane, ale b\u0119d\u0105 podlega\u0142y systemowi&hellip;\" \/>\n<meta property=\"og:url\" content=\"https:\/\/szkolydoktorskie.uwb.edu.pl\/nsip\/granty-i-stypendia\/\" \/>\n<meta property=\"og:site_name\" content=\"Szko\u0142a Doktorska Nauk \u015acis\u0142ych i Przyrodniczych UwB\" \/>\n<meta property=\"article:modified_time\" content=\"2023-10-12T08:06:23+00:00\" \/>\n<meta name=\"twitter:card\" content=\"summary_large_image\" \/>\n<meta name=\"twitter:label1\" content=\"Szacowany czas czytania\" \/>\n\t<meta name=\"twitter:data1\" content=\"1 minuta\" \/>\n<script type=\"application\/ld+json\" class=\"yoast-schema-graph\">{\"@context\":\"https:\\\/\\\/schema.org\",\"@graph\":[{\"@type\":\"WebPage\",\"@id\":\"https:\\\/\\\/szkolydoktorskie.uwb.edu.pl\\\/nsip\\\/granty-i-stypendia\\\/\",\"url\":\"https:\\\/\\\/szkolydoktorskie.uwb.edu.pl\\\/nsip\\\/granty-i-stypendia\\\/\",\"name\":\"Stypendia i granty - Szko\u0142a Doktorska Nauk \u015acis\u0142ych i Przyrodniczych UwB\",\"isPartOf\":{\"@id\":\"https:\\\/\\\/szkolydoktorskie.uwb.edu.pl\\\/nsip\\\/#website\"},\"datePublished\":\"2022-03-17T09:23:20+00:00\",\"dateModified\":\"2023-10-12T08:06:23+00:00\",\"breadcrumb\":{\"@id\":\"https:\\\/\\\/szkolydoktorskie.uwb.edu.pl\\\/nsip\\\/granty-i-stypendia\\\/#breadcrumb\"},\"inLanguage\":\"pl-PL\",\"potentialAction\":[{\"@type\":\"ReadAction\",\"target\":[\"https:\\\/\\\/szkolydoktorskie.uwb.edu.pl\\\/nsip\\\/granty-i-stypendia\\\/\"]}]},{\"@type\":\"BreadcrumbList\",\"@id\":\"https:\\\/\\\/szkolydoktorskie.uwb.edu.pl\\\/nsip\\\/granty-i-stypendia\\\/#breadcrumb\",\"itemListElement\":[{\"@type\":\"ListItem\",\"position\":1,\"name\":\"Strona g\u0142\u00f3wna\",\"item\":\"https:\\\/\\\/szkolydoktorskie.uwb.edu.pl\\\/nsip\\\/\"},{\"@type\":\"ListItem\",\"position\":2,\"name\":\"Stypendia i granty\"}]},{\"@type\":\"WebSite\",\"@id\":\"https:\\\/\\\/szkolydoktorskie.uwb.edu.pl\\\/nsip\\\/#website\",\"url\":\"https:\\\/\\\/szkolydoktorskie.uwb.edu.pl\\\/nsip\\\/\",\"name\":\"Szko\u0142a Doktorska Nauk \u015acis\u0142ych i Przyrodniczych UwB\",\"description\":\"Szko\u0142a Doktorska Nauk \u015acis\u0142ych i Przyrodniczych UwB\",\"publisher\":{\"@id\":\"https:\\\/\\\/szkolydoktorskie.uwb.edu.pl\\\/nsip\\\/#organization\"},\"potentialAction\":[{\"@type\":\"SearchAction\",\"target\":{\"@type\":\"EntryPoint\",\"urlTemplate\":\"https:\\\/\\\/szkolydoktorskie.uwb.edu.pl\\\/nsip\\\/?s={search_term_string}\"},\"query-input\":{\"@type\":\"PropertyValueSpecification\",\"valueRequired\":true,\"valueName\":\"search_term_string\"}}],\"inLanguage\":\"pl-PL\"},{\"@type\":\"Organization\",\"@id\":\"https:\\\/\\\/szkolydoktorskie.uwb.edu.pl\\\/nsip\\\/#organization\",\"name\":\"Szko\u0142a Doktorska Nauk \u015acis\u0142ych i Przyrodniczych UwB\",\"url\":\"https:\\\/\\\/szkolydoktorskie.uwb.edu.pl\\\/nsip\\\/\",\"logo\":{\"@type\":\"ImageObject\",\"inLanguage\":\"pl-PL\",\"@id\":\"https:\\\/\\\/szkolydoktorskie.uwb.edu.pl\\\/nsip\\\/#\\\/schema\\\/logo\\\/image\\\/\",\"url\":\"https:\\\/\\\/szkolydoktorskie.uwb.edu.pl\\\/nsip\\\/wp-content\\\/uploads\\\/sites\\\/4\\\/2021\\\/04\\\/cropped-LOGO-NSIP.png\",\"contentUrl\":\"https:\\\/\\\/szkolydoktorskie.uwb.edu.pl\\\/nsip\\\/wp-content\\\/uploads\\\/sites\\\/4\\\/2021\\\/04\\\/cropped-LOGO-NSIP.png\",\"width\":705,\"height\":188,\"caption\":\"Szko\u0142a Doktorska Nauk \u015acis\u0142ych i Przyrodniczych UwB\"},\"image\":{\"@id\":\"https:\\\/\\\/szkolydoktorskie.uwb.edu.pl\\\/nsip\\\/#\\\/schema\\\/logo\\\/image\\\/\"}}]}<\/script>\n<!-- \/ Yoast SEO plugin. -->","yoast_head_json":{"title":"Stypendia i granty - Szko\u0142a Doktorska Nauk \u015acis\u0142ych i Przyrodniczych UwB","robots":{"index":"index","follow":"follow","max-snippet":"max-snippet:-1","max-image-preview":"max-image-preview:large","max-video-preview":"max-video-preview:-1"},"canonical":"https:\/\/szkolydoktorskie.uwb.edu.pl\/nsip\/granty-i-stypendia\/","og_locale":"pl_PL","og_type":"article","og_title":"Stypendia i granty - Szko\u0142a Doktorska Nauk \u015acis\u0142ych i Przyrodniczych UwB","og_description":"Systemem stypendialnym obj\u0119ci b\u0119d\u0105 wszyscy uczestnicy szk\u00f3\u0142 doktorskich, kt\u00f3rzy nie posiadaj\u0105 stopnia doktora. Stypendium b\u0119dzie wyp\u0142acane nie d\u0142u\u017cej ni\u017c przez 4 lata. Stypendia doktoranckie b\u0119d\u0105 nieopodatkowane, ale b\u0119d\u0105 podlega\u0142y systemowi&hellip;","og_url":"https:\/\/szkolydoktorskie.uwb.edu.pl\/nsip\/granty-i-stypendia\/","og_site_name":"Szko\u0142a Doktorska Nauk \u015acis\u0142ych i Przyrodniczych UwB","article_modified_time":"2023-10-12T08:06:23+00:00","twitter_card":"summary_large_image","twitter_misc":{"Szacowany czas czytania":"1 minuta"},"schema":{"@context":"https:\/\/schema.org","@graph":[{"@type":"WebPage","@id":"https:\/\/szkolydoktorskie.uwb.edu.pl\/nsip\/granty-i-stypendia\/","url":"https:\/\/szkolydoktorskie.uwb.edu.pl\/nsip\/granty-i-stypendia\/","name":"Stypendia i granty - Szko\u0142a Doktorska Nauk \u015acis\u0142ych i Przyrodniczych UwB","isPartOf":{"@id":"https:\/\/szkolydoktorskie.uwb.edu.pl\/nsip\/#website"},"datePublished":"2022-03-17T09:23:20+00:00","dateModified":"2023-10-12T08:06:23+00:00","breadcrumb":{"@id":"https:\/\/szkolydoktorskie.uwb.edu.pl\/nsip\/granty-i-stypendia\/#breadcrumb"},"inLanguage":"pl-PL","potentialAction":[{"@type":"ReadAction","target":["https:\/\/szkolydoktorskie.uwb.edu.pl\/nsip\/granty-i-stypendia\/"]}]},{"@type":"BreadcrumbList","@id":"https:\/\/szkolydoktorskie.uwb.edu.pl\/nsip\/granty-i-stypendia\/#breadcrumb","itemListElement":[{"@type":"ListItem","position":1,"name":"Strona g\u0142\u00f3wna","item":"https:\/\/szkolydoktorskie.uwb.edu.pl\/nsip\/"},{"@type":"ListItem","position":2,"name":"Stypendia i granty"}]},{"@type":"WebSite","@id":"https:\/\/szkolydoktorskie.uwb.edu.pl\/nsip\/#website","url":"https:\/\/szkolydoktorskie.uwb.edu.pl\/nsip\/","name":"Szko\u0142a Doktorska Nauk \u015acis\u0142ych i Przyrodniczych UwB","description":"Szko\u0142a Doktorska Nauk \u015acis\u0142ych i Przyrodniczych UwB","publisher":{"@id":"https:\/\/szkolydoktorskie.uwb.edu.pl\/nsip\/#organization"},"potentialAction":[{"@type":"SearchAction","target":{"@type":"EntryPoint","urlTemplate":"https:\/\/szkolydoktorskie.uwb.edu.pl\/nsip\/?s={search_term_string}"},"query-input":{"@type":"PropertyValueSpecification","valueRequired":true,"valueName":"search_term_string"}}],"inLanguage":"pl-PL"},{"@type":"Organization","@id":"https:\/\/szkolydoktorskie.uwb.edu.pl\/nsip\/#organization","name":"Szko\u0142a Doktorska Nauk \u015acis\u0142ych i Przyrodniczych UwB","url":"https:\/\/szkolydoktorskie.uwb.edu.pl\/nsip\/","logo":{"@type":"ImageObject","inLanguage":"pl-PL","@id":"https:\/\/szkolydoktorskie.uwb.edu.pl\/nsip\/#\/schema\/logo\/image\/","url":"https:\/\/szkolydoktorskie.uwb.edu.pl\/nsip\/wp-content\/uploads\/sites\/4\/2021\/04\/cropped-LOGO-NSIP.png","contentUrl":"https:\/\/szkolydoktorskie.uwb.edu.pl\/nsip\/wp-content\/uploads\/sites\/4\/2021\/04\/cropped-LOGO-NSIP.png","width":705,"height":188,"caption":"Szko\u0142a Doktorska Nauk \u015acis\u0142ych i Przyrodniczych UwB"},"image":{"@id":"https:\/\/szkolydoktorskie.uwb.edu.pl\/nsip\/#\/schema\/logo\/image\/"}}]}},"_links":{"self":[{"href":"https:\/\/szkolydoktorskie.uwb.edu.pl\/nsip\/wp-json\/wp\/v2\/pages\/857","targetHints":{"allow":["GET"]}}],"collection":[{"href":"https:\/\/szkolydoktorskie.uwb.edu.pl\/nsip\/wp-json\/wp\/v2\/pages"}],"about":[{"href":"https:\/\/szkolydoktorskie.uwb.edu.pl\/nsip\/wp-json\/wp\/v2\/types\/page"}],"author":[{"embeddable":true,"href":"https:\/\/szkolydoktorskie.uwb.edu.pl\/nsip\/wp-json\/wp\/v2\/users\/12"}],"replies":[{"embeddable":true,"href":"https:\/\/szkolydoktorskie.uwb.edu.pl\/nsip\/wp-json\/wp\/v2\/comments?post=857"}],"version-history":[{"count":11,"href":"https:\/\/szkolydoktorskie.uwb.edu.pl\/nsip\/wp-json\/wp\/v2\/pages\/857\/revisions"}],"predecessor-version":[{"id":2666,"href":"https:\/\/szkolydoktorskie.uwb.edu.pl\/nsip\/wp-json\/wp\/v2\/pages\/857\/revisions\/2666"}],"wp:attachment":[{"href":"https:\/\/szkolydoktorskie.uwb.edu.pl\/nsip\/wp-json\/wp\/v2\/media?parent=857"}],"curies":[{"name":"wp","href":"https:\/\/api.w.org\/{rel}","templated":true}]}}