{"id":726,"date":"2022-02-07T08:46:54","date_gmt":"2022-02-07T07:46:54","guid":{"rendered":"https:\/\/szkolydoktorskie.uwb.edu.pl\/nsip\/?page_id=726"},"modified":"2022-09-14T08:07:01","modified_gmt":"2022-09-14T06:07:01","slug":"rekrutacja-2022-2023","status":"publish","type":"page","link":"https:\/\/szkolydoktorskie.uwb.edu.pl\/nsip\/rekrutacja-2022-2023\/","title":{"rendered":"Rekrutacja 2022\/2023"},"content":{"rendered":"\n<figure class=\"wp-block-pullquote\"><blockquote><p><strong><a href=\"https:\/\/szkolydoktorskie.uwb.edu.pl\/nsip\/wp-content\/uploads\/sites\/4\/2022\/09\/Lista-rankingowa-2022-2023.pdf\">Lista rankingowa kandydat\u00f3w w rekrutacji do Szko\u0142y Doktorskiej Nauk \u015acis\u0142ych i Przyrodniczych UwB na rok akademicki 2022\/2023<\/a><\/strong><\/p><\/blockquote><\/figure>\n\n\n\n<hr class=\"wp-block-separator has-alpha-channel-opacity\" \/>\n\n\n\n<h2 class=\"has-text-align-left has-black-color has-text-color wp-block-heading\" id=\"zasady-i-tryb-rekrutacji-do-szkol-doktorskich-w-roku-akademickim-2022-2023\"><strong>Zasady i tryb rekrutacji do szk\u00f3\u0142 doktorskich w roku akademickim 2022\/2023<\/strong>:<\/h2>\n\n\n\n<p><a href=\"https:\/\/szkolydoktorskie.uwb.edu.pl\/nsip\/wp-content\/uploads\/sites\/4\/2022\/02\/Nr_2983_-_zasad_i_trybu_rekrutacji_do_szkol_doktorskich.pdf\"><strong>Uchwa\u0142a nr 2983 <\/strong>Senatu Uniwersytetu w Bia\u0142ymstoku z dnia 26 stycznia 2022 r. w sprawie zasad i trybu rekrutacji do szk\u00f3\u0142 doktorskich w roku akademickim 2022\/2023<\/a><\/p>\n\n\n\n<p><a href=\"https:\/\/szkolydoktorskie.uwb.edu.pl\/nsip\/wp-content\/uploads\/sites\/4\/2022\/02\/Nr_2983_-_Zalacznik_nr_2_kwestionariusz.docx\"><strong>Za\u0142\u0105cznik nr 2 <\/strong>(Kwestionariusz kandydata do Szko\u0142y Doktorskiej Nauk \u015acis\u0142ych i Przyrodniczych)<\/a><\/p>\n\n\n\n<p><a href=\"https:\/\/szkolydoktorskie.uwb.edu.pl\/nsip\/wp-content\/uploads\/sites\/4\/2022\/02\/Nr_2983_-_Zalacznik_nr_3_pomysl_badawczy.docx\"><strong>Za\u0142\u0105cznik nr 3<\/strong> (Pomys\u0142 badawczy przysz\u0142ej rozprawy doktorskiej)<\/a><\/p>\n\n\n\n<p><a href=\"https:\/\/szkolydoktorskie.uwb.edu.pl\/nsip\/wp-content\/uploads\/sites\/4\/2022\/02\/Nr_2983_-_Zalacznik_nr_4_oswiadczenie.docx\"><strong>Za\u0142\u0105cznik nr 4 <\/strong>(O\u015bwiadczenie planowanego promotora o podj\u0119ciu si\u0119 opieki promotorskiej)<\/a><\/p>\n\n\n\n<p><a href=\"https:\/\/szkolydoktorskie.uwb.edu.pl\/nsip\/wp-content\/uploads\/sites\/4\/2022\/02\/Nr_2983_-_Zalacznik_nr_6_kryteria.pdf\"><strong>Za\u0142\u0105cznik nr 6<\/strong> (Kryteria rekrutacji do Szko\u0142y Doktorskiej Nauk \u015acis\u0142ych i Przyrodniczych)<\/a><\/p>\n\n\n\n<hr class=\"wp-block-separator has-css-opacity\" \/>\n\n\n\n<h2 class=\"has-text-align-left wp-block-heading\" id=\"harmonogram-rekrutacji-w-roku-akademickim-2022-2023\"><strong>Harmonogram rekrutacji w roku akademickim 2022\/2023<\/strong>:<\/h2>\n\n\n\n<p><a href=\"https:\/\/szkolydoktorskie.uwb.edu.pl\/nsip\/wp-content\/uploads\/sites\/4\/2022\/02\/10_-_harmonogram_szkoly_doktorskie.pdf\"><strong>Zarz\u0105dzenie nr 10<\/strong> Rektora Uniwersytetu w Bia\u0142ymstoku z dnia 4 lutego 2022 r. w sprawie szczeg\u00f3\u0142owego harmonogramu przeprowadzenia rekrutacji do szk\u00f3\u0142 doktorskich w roku akademickim 2022\/2023 w systemie Internetowej Rejestracji Kandydat\u00f3w<\/a><\/p>\n\n\n\n<hr class=\"wp-block-separator has-css-opacity\" \/>\n\n\n\n<h2 class=\"has-text-align-left wp-block-heading\" id=\"limit-przyjec-na-rok-akademicki-2022-2023\"><strong>Limit przyj\u0119\u0107 na rok akademicki 2022\/2023<\/strong>:<\/h2>\n\n\n\n<p><a href=\"https:\/\/szkolydoktorskie.uwb.edu.pl\/nsip\/wp-content\/uploads\/sites\/4\/2022\/02\/9_-__limity_przyje___szkoly_doktorskie.pdf\"><strong>Zarz\u0105dzenie nr 9 <\/strong>Rektora Uniwersytetu w Bia\u0142ymstoku z dnia 4 lutego 2022 r. w sprawie limit\u00f3w przyj\u0119\u0107 do szk\u00f3\u0142 doktorskich na rok akademicki 2022\/2023<\/a><\/p>\n\n\n\n<hr class=\"wp-block-separator has-css-opacity\" \/>\n\n\n\n<h2 class=\"has-text-align-left wp-block-heading\" id=\"program-ksztalcenia-w-szkole-doktorskiej-nauk-scislych-i-przyrodniczych-obowiazujacy-od-roku-akademickiego-2022-2023\"><strong>Program kszta\u0142cenia w Szkole Doktorskiej Nauk \u015acis\u0142ych i Przyrodniczych obowi\u0105zuj\u0105cy od roku akademickiego 2022\/2023<\/strong>:<\/h2>\n\n\n\n<p><a href=\"https:\/\/szkolydoktorskie.uwb.edu.pl\/nsip\/wp-content\/uploads\/sites\/4\/2022\/02\/Nr_2984_-_program_ksztalcenia_w_Szkole_Doktorskiej_NSiP.pdf\"><strong>Uchwa\u0142a nr 2984 <\/strong>Senatu Uniwersytetu w Bia\u0142ymstoku z dnia 26 stycznia 2022 r. w sprawie ustalenia programu kszta\u0142cenia w Szkole Doktorskiej Nauk \u015acis\u0142ych i Przyrodniczych, obowi\u0105zuj\u0105cego od roku akademickiego 2022\/2023<\/a><\/p>\n\n\n\n<p><a href=\"https:\/\/szkolydoktorskie.uwb.edu.pl\/nsip\/wp-content\/uploads\/sites\/4\/2022\/02\/Nr_2984_-_zal__1_POL_Projekt_programu_ksztalcenia_w_SDNSiP.pdf\"><strong>Za\u0142\u0105cznik nr 1<\/strong> (Program kszta\u0142cenia w Szkole Doktorskiej Nauk \u015acis\u0142ych i Przyrodniczych Uniwersytetu w Bia\u0142ymstoku)<\/a><\/p>\n\n\n\n<p><a href=\"https:\/\/szkolydoktorskie.uwb.edu.pl\/nsip\/wp-content\/uploads\/sites\/4\/2022\/02\/Nr_2984_-_zal__2_ENG_Projekt_programu_ksztalcenia_w_SDNSiP.pdf\"><strong>Za\u0142\u0105cznik nr 2 <\/strong>(Study programme at the Doctoral School of Exact and Natural Sciences at the University of Bialystok)<\/a><\/p>\n\n\n\n<hr class=\"wp-block-separator has-css-opacity\" \/>\n\n\n\n<h2 class=\"has-text-align-center wp-block-heading\"><strong>Potencjalni promotorzy rozpraw doktorskich 2022\/2023<\/strong>:<\/h2>\n\n\n\n<blockquote class=\"wp-block-quote has-text-align-center is-layout-flow wp-block-quote-is-layout-flow\"><p><strong><a href=\"https:\/\/szkolydoktorskie.uwb.edu.pl\/nsip\/dyscyplina-naukowa-nauki-biologiczne\/\">nauki biologiczne<\/a><\/strong><\/p><\/blockquote>\n\n\n\n<blockquote class=\"wp-block-quote has-text-align-center is-layout-flow wp-block-quote-is-layout-flow\"><p><strong><a href=\"https:\/\/szkolydoktorskie.uwb.edu.pl\/nsip\/dyscyplina-naukowa-nauki-chemiczne\/\">nauki chemiczne<\/a><\/strong><\/p><\/blockquote>\n\n\n\n<blockquote class=\"wp-block-quote has-text-align-center is-layout-flow wp-block-quote-is-layout-flow\"><p><strong><strong><a href=\"https:\/\/szkolydoktorskie.uwb.edu.pl\/nsip\/scientific-discipline-physical-sciences\/\">physical sciences<\/a><\/strong><\/strong><\/p><\/blockquote>\n","protected":false},"excerpt":{"rendered":"<p>Lista rankingowa kandydat\u00f3w w rekrutacji do Szko\u0142y Doktorskiej Nauk \u015acis\u0142ych i Przyrodniczych UwB na rok akademicki 2022\/2023 Zasady i tryb rekrutacji do szk\u00f3\u0142 doktorskich w roku akademickim 2022\/2023: Uchwa\u0142a nr&hellip;<\/p>\n","protected":false},"author":12,"featured_media":0,"parent":0,"menu_order":0,"comment_status":"closed","ping_status":"closed","template":"","meta":{"footnotes":""},"class_list":["post-726","page","type-page","status-publish","hentry"],"yoast_head":"<!-- This site is optimized with the Yoast SEO plugin v27.3 - https:\/\/yoast.com\/product\/yoast-seo-wordpress\/ -->\n<title>Rekrutacja 2022\/2023 - Szko\u0142a Doktorska Nauk \u015acis\u0142ych i Przyrodniczych UwB<\/title>\n<meta name=\"robots\" content=\"index, follow, max-snippet:-1, max-image-preview:large, max-video-preview:-1\" \/>\n<link rel=\"canonical\" href=\"https:\/\/szkolydoktorskie.uwb.edu.pl\/nsip\/rekrutacja-2022-2023\/\" \/>\n<meta property=\"og:locale\" content=\"pl_PL\" \/>\n<meta property=\"og:type\" content=\"article\" \/>\n<meta property=\"og:title\" content=\"Rekrutacja 2022\/2023 - Szko\u0142a Doktorska Nauk \u015acis\u0142ych i Przyrodniczych UwB\" \/>\n<meta property=\"og:description\" content=\"Lista rankingowa kandydat\u00f3w w rekrutacji do Szko\u0142y Doktorskiej Nauk \u015acis\u0142ych i Przyrodniczych UwB na rok akademicki 2022\/2023 Zasady i tryb rekrutacji do szk\u00f3\u0142 doktorskich w roku akademickim 2022\/2023: Uchwa\u0142a nr&hellip;\" \/>\n<meta property=\"og:url\" content=\"https:\/\/szkolydoktorskie.uwb.edu.pl\/nsip\/rekrutacja-2022-2023\/\" \/>\n<meta property=\"og:site_name\" content=\"Szko\u0142a Doktorska Nauk \u015acis\u0142ych i Przyrodniczych UwB\" \/>\n<meta property=\"article:modified_time\" content=\"2022-09-14T06:07:01+00:00\" \/>\n<meta name=\"twitter:card\" content=\"summary_large_image\" \/>\n<meta name=\"twitter:label1\" content=\"Szacowany czas czytania\" \/>\n\t<meta name=\"twitter:data1\" content=\"2 minuty\" \/>\n<script type=\"application\/ld+json\" class=\"yoast-schema-graph\">{\"@context\":\"https:\\\/\\\/schema.org\",\"@graph\":[{\"@type\":\"WebPage\",\"@id\":\"https:\\\/\\\/szkolydoktorskie.uwb.edu.pl\\\/nsip\\\/rekrutacja-2022-2023\\\/\",\"url\":\"https:\\\/\\\/szkolydoktorskie.uwb.edu.pl\\\/nsip\\\/rekrutacja-2022-2023\\\/\",\"name\":\"Rekrutacja 2022\\\/2023 - Szko\u0142a Doktorska Nauk \u015acis\u0142ych i Przyrodniczych UwB\",\"isPartOf\":{\"@id\":\"https:\\\/\\\/szkolydoktorskie.uwb.edu.pl\\\/nsip\\\/#website\"},\"datePublished\":\"2022-02-07T07:46:54+00:00\",\"dateModified\":\"2022-09-14T06:07:01+00:00\",\"breadcrumb\":{\"@id\":\"https:\\\/\\\/szkolydoktorskie.uwb.edu.pl\\\/nsip\\\/rekrutacja-2022-2023\\\/#breadcrumb\"},\"inLanguage\":\"pl-PL\",\"potentialAction\":[{\"@type\":\"ReadAction\",\"target\":[\"https:\\\/\\\/szkolydoktorskie.uwb.edu.pl\\\/nsip\\\/rekrutacja-2022-2023\\\/\"]}]},{\"@type\":\"BreadcrumbList\",\"@id\":\"https:\\\/\\\/szkolydoktorskie.uwb.edu.pl\\\/nsip\\\/rekrutacja-2022-2023\\\/#breadcrumb\",\"itemListElement\":[{\"@type\":\"ListItem\",\"position\":1,\"name\":\"Strona g\u0142\u00f3wna\",\"item\":\"https:\\\/\\\/szkolydoktorskie.uwb.edu.pl\\\/nsip\\\/\"},{\"@type\":\"ListItem\",\"position\":2,\"name\":\"Rekrutacja 2022\\\/2023\"}]},{\"@type\":\"WebSite\",\"@id\":\"https:\\\/\\\/szkolydoktorskie.uwb.edu.pl\\\/nsip\\\/#website\",\"url\":\"https:\\\/\\\/szkolydoktorskie.uwb.edu.pl\\\/nsip\\\/\",\"name\":\"Szko\u0142a Doktorska Nauk \u015acis\u0142ych i Przyrodniczych UwB\",\"description\":\"Szko\u0142a Doktorska Nauk \u015acis\u0142ych i Przyrodniczych UwB\",\"publisher\":{\"@id\":\"https:\\\/\\\/szkolydoktorskie.uwb.edu.pl\\\/nsip\\\/#organization\"},\"potentialAction\":[{\"@type\":\"SearchAction\",\"target\":{\"@type\":\"EntryPoint\",\"urlTemplate\":\"https:\\\/\\\/szkolydoktorskie.uwb.edu.pl\\\/nsip\\\/?s={search_term_string}\"},\"query-input\":{\"@type\":\"PropertyValueSpecification\",\"valueRequired\":true,\"valueName\":\"search_term_string\"}}],\"inLanguage\":\"pl-PL\"},{\"@type\":\"Organization\",\"@id\":\"https:\\\/\\\/szkolydoktorskie.uwb.edu.pl\\\/nsip\\\/#organization\",\"name\":\"Szko\u0142a Doktorska Nauk \u015acis\u0142ych i Przyrodniczych UwB\",\"url\":\"https:\\\/\\\/szkolydoktorskie.uwb.edu.pl\\\/nsip\\\/\",\"logo\":{\"@type\":\"ImageObject\",\"inLanguage\":\"pl-PL\",\"@id\":\"https:\\\/\\\/szkolydoktorskie.uwb.edu.pl\\\/nsip\\\/#\\\/schema\\\/logo\\\/image\\\/\",\"url\":\"https:\\\/\\\/szkolydoktorskie.uwb.edu.pl\\\/nsip\\\/wp-content\\\/uploads\\\/sites\\\/4\\\/2021\\\/04\\\/cropped-LOGO-NSIP.png\",\"contentUrl\":\"https:\\\/\\\/szkolydoktorskie.uwb.edu.pl\\\/nsip\\\/wp-content\\\/uploads\\\/sites\\\/4\\\/2021\\\/04\\\/cropped-LOGO-NSIP.png\",\"width\":705,\"height\":188,\"caption\":\"Szko\u0142a Doktorska Nauk \u015acis\u0142ych i Przyrodniczych UwB\"},\"image\":{\"@id\":\"https:\\\/\\\/szkolydoktorskie.uwb.edu.pl\\\/nsip\\\/#\\\/schema\\\/logo\\\/image\\\/\"}}]}<\/script>\n<!-- \/ Yoast SEO plugin. -->","yoast_head_json":{"title":"Rekrutacja 2022\/2023 - Szko\u0142a Doktorska Nauk \u015acis\u0142ych i Przyrodniczych UwB","robots":{"index":"index","follow":"follow","max-snippet":"max-snippet:-1","max-image-preview":"max-image-preview:large","max-video-preview":"max-video-preview:-1"},"canonical":"https:\/\/szkolydoktorskie.uwb.edu.pl\/nsip\/rekrutacja-2022-2023\/","og_locale":"pl_PL","og_type":"article","og_title":"Rekrutacja 2022\/2023 - Szko\u0142a Doktorska Nauk \u015acis\u0142ych i Przyrodniczych UwB","og_description":"Lista rankingowa kandydat\u00f3w w rekrutacji do Szko\u0142y Doktorskiej Nauk \u015acis\u0142ych i Przyrodniczych UwB na rok akademicki 2022\/2023 Zasady i tryb rekrutacji do szk\u00f3\u0142 doktorskich w roku akademickim 2022\/2023: Uchwa\u0142a nr&hellip;","og_url":"https:\/\/szkolydoktorskie.uwb.edu.pl\/nsip\/rekrutacja-2022-2023\/","og_site_name":"Szko\u0142a Doktorska Nauk \u015acis\u0142ych i Przyrodniczych UwB","article_modified_time":"2022-09-14T06:07:01+00:00","twitter_card":"summary_large_image","twitter_misc":{"Szacowany czas czytania":"2 minuty"},"schema":{"@context":"https:\/\/schema.org","@graph":[{"@type":"WebPage","@id":"https:\/\/szkolydoktorskie.uwb.edu.pl\/nsip\/rekrutacja-2022-2023\/","url":"https:\/\/szkolydoktorskie.uwb.edu.pl\/nsip\/rekrutacja-2022-2023\/","name":"Rekrutacja 2022\/2023 - Szko\u0142a Doktorska Nauk \u015acis\u0142ych i Przyrodniczych UwB","isPartOf":{"@id":"https:\/\/szkolydoktorskie.uwb.edu.pl\/nsip\/#website"},"datePublished":"2022-02-07T07:46:54+00:00","dateModified":"2022-09-14T06:07:01+00:00","breadcrumb":{"@id":"https:\/\/szkolydoktorskie.uwb.edu.pl\/nsip\/rekrutacja-2022-2023\/#breadcrumb"},"inLanguage":"pl-PL","potentialAction":[{"@type":"ReadAction","target":["https:\/\/szkolydoktorskie.uwb.edu.pl\/nsip\/rekrutacja-2022-2023\/"]}]},{"@type":"BreadcrumbList","@id":"https:\/\/szkolydoktorskie.uwb.edu.pl\/nsip\/rekrutacja-2022-2023\/#breadcrumb","itemListElement":[{"@type":"ListItem","position":1,"name":"Strona g\u0142\u00f3wna","item":"https:\/\/szkolydoktorskie.uwb.edu.pl\/nsip\/"},{"@type":"ListItem","position":2,"name":"Rekrutacja 2022\/2023"}]},{"@type":"WebSite","@id":"https:\/\/szkolydoktorskie.uwb.edu.pl\/nsip\/#website","url":"https:\/\/szkolydoktorskie.uwb.edu.pl\/nsip\/","name":"Szko\u0142a Doktorska Nauk \u015acis\u0142ych i Przyrodniczych UwB","description":"Szko\u0142a Doktorska Nauk \u015acis\u0142ych i Przyrodniczych UwB","publisher":{"@id":"https:\/\/szkolydoktorskie.uwb.edu.pl\/nsip\/#organization"},"potentialAction":[{"@type":"SearchAction","target":{"@type":"EntryPoint","urlTemplate":"https:\/\/szkolydoktorskie.uwb.edu.pl\/nsip\/?s={search_term_string}"},"query-input":{"@type":"PropertyValueSpecification","valueRequired":true,"valueName":"search_term_string"}}],"inLanguage":"pl-PL"},{"@type":"Organization","@id":"https:\/\/szkolydoktorskie.uwb.edu.pl\/nsip\/#organization","name":"Szko\u0142a Doktorska Nauk \u015acis\u0142ych i Przyrodniczych UwB","url":"https:\/\/szkolydoktorskie.uwb.edu.pl\/nsip\/","logo":{"@type":"ImageObject","inLanguage":"pl-PL","@id":"https:\/\/szkolydoktorskie.uwb.edu.pl\/nsip\/#\/schema\/logo\/image\/","url":"https:\/\/szkolydoktorskie.uwb.edu.pl\/nsip\/wp-content\/uploads\/sites\/4\/2021\/04\/cropped-LOGO-NSIP.png","contentUrl":"https:\/\/szkolydoktorskie.uwb.edu.pl\/nsip\/wp-content\/uploads\/sites\/4\/2021\/04\/cropped-LOGO-NSIP.png","width":705,"height":188,"caption":"Szko\u0142a Doktorska Nauk \u015acis\u0142ych i Przyrodniczych UwB"},"image":{"@id":"https:\/\/szkolydoktorskie.uwb.edu.pl\/nsip\/#\/schema\/logo\/image\/"}}]}},"_links":{"self":[{"href":"https:\/\/szkolydoktorskie.uwb.edu.pl\/nsip\/wp-json\/wp\/v2\/pages\/726","targetHints":{"allow":["GET"]}}],"collection":[{"href":"https:\/\/szkolydoktorskie.uwb.edu.pl\/nsip\/wp-json\/wp\/v2\/pages"}],"about":[{"href":"https:\/\/szkolydoktorskie.uwb.edu.pl\/nsip\/wp-json\/wp\/v2\/types\/page"}],"author":[{"embeddable":true,"href":"https:\/\/szkolydoktorskie.uwb.edu.pl\/nsip\/wp-json\/wp\/v2\/users\/12"}],"replies":[{"embeddable":true,"href":"https:\/\/szkolydoktorskie.uwb.edu.pl\/nsip\/wp-json\/wp\/v2\/comments?post=726"}],"version-history":[{"count":29,"href":"https:\/\/szkolydoktorskie.uwb.edu.pl\/nsip\/wp-json\/wp\/v2\/pages\/726\/revisions"}],"predecessor-version":[{"id":1393,"href":"https:\/\/szkolydoktorskie.uwb.edu.pl\/nsip\/wp-json\/wp\/v2\/pages\/726\/revisions\/1393"}],"wp:attachment":[{"href":"https:\/\/szkolydoktorskie.uwb.edu.pl\/nsip\/wp-json\/wp\/v2\/media?parent=726"}],"curies":[{"name":"wp","href":"https:\/\/api.w.org\/{rel}","templated":true}]}}