{"id":691,"date":"2022-01-20T12:26:46","date_gmt":"2022-01-20T11:26:46","guid":{"rendered":"https:\/\/szkolydoktorskie.uwb.edu.pl\/nsip\/?page_id=691"},"modified":"2022-10-13T08:17:54","modified_gmt":"2022-10-13T06:17:54","slug":"konferencje-seminaria-i-szkolenia","status":"publish","type":"page","link":"https:\/\/szkolydoktorskie.uwb.edu.pl\/nsip\/konferencje-seminaria-i-szkolenia\/","title":{"rendered":"Konferencje, seminaria i szkolenia"},"content":{"rendered":"\n<p><strong>Seminars on the Determination, Analysis and Use of Thermodynamic Data in Solution Equilibria and Chemical Speciation<\/strong> <a href=\"https:\/\/szkolydoktorskie.uwb.edu.pl\/nsip\/2022\/10\/13\/the-solve-colloquia\/\">Wi\u0119cej informacji<\/a><\/p>\n\n\n\n<p><strong>#EksperckieCzwartki na portalu eDoktorant.pl<\/strong> <a href=\"https:\/\/szkolydoktorskie.uwb.edu.pl\/nsip\/2022\/07\/27\/eksperckieczwartki-na-portalu-edoktorant-pl\/\">Wi\u0119cej informacji<\/a><\/p>\n\n\n\n<p><strong>Projekt \u201eLokalny Ambasador Praw Doktoranta 2.0\u201d<\/strong> <a href=\"https:\/\/szkolydoktorskie.uwb.edu.pl\/nsip\/2022\/07\/25\/lokalny-ambasador-praw-doktoranta\/\">Wi\u0119cej informacji<\/a><\/p>\n\n\n\n<p><strong>Szko\u0142a M\u0142odego Naukowca-Samorz\u0105dowca<\/strong> <a href=\"https:\/\/szkolydoktorskie.uwb.edu.pl\/nsip\/2022\/07\/20\/szkola-mlodego-naukowca-samorzadowca\/\">Wi\u0119cej informacji<\/a><\/p>\n\n\n\n<p><strong>VIII edycja og\u00f3lnopolskiej konferencji&nbsp;Sympozjum M\u0142odych Naukowc\u00f3w 2022<\/strong> <a href=\"https:\/\/szkolydoktorskie.uwb.edu.pl\/nsip\/2022\/07\/11\/viii-edycja-ogolnopolskiej-konferencji-sympozjum-mlodych-naukowcow-2022\/\"><em>Wi\u0119cej informacji<\/em><\/a><\/p>\n\n\n\n<p><strong>IV edycja Polskiego Sympozjum Herpetologicznego<\/strong> <em><a href=\"https:\/\/szkolydoktorskie.uwb.edu.pl\/nsip\/2022\/06\/09\/zaproszenie-na-iv-edycje-polskiego-sympozjum-herpetologicznego\/\">Wi\u0119cej informacji<\/a><\/em><\/p>\n\n\n\n<p><strong>The third meeting from the series \u201eInspiring Stories of successful women\u201d<\/strong> <em><a href=\"https:\/\/szkolydoktorskie.uwb.edu.pl\/nsip\/2022\/06\/09\/the-third-meeting-from-the-series-inspiring-stories-of-successful-women\/\">Wi\u0119cej informacji<\/a><\/em><\/p>\n\n\n\n<p><strong>Wyk\u0142ady o funkcjonowaniu i zagospodarowaniu las\u00f3w mangrowych na pobrze\u017cu Pacyfiku<\/strong> <em><a href=\"https:\/\/szkolydoktorskie.uwb.edu.pl\/nsip\/2022\/06\/03\/wyklady-prof-dr-vo-luong-hong-phuoc-z-university-of-science-uhcm-ho-chi-minh-sajgon-w-wietnamie-o-funkcjonowaniu-i-zagospodarowaniu-lasow-mangrowych-na-pobrzezu-pacyfiku\/\">Wi\u0119cej informacji<\/a><\/em><\/p>\n\n\n\n<p><strong>YISAC 2022 27th Young Investigators&#8217; Seminar on Analytical Chemistry<\/strong> <em><a href=\"https:\/\/szkolydoktorskie.uwb.edu.pl\/nsip\/2022\/05\/17\/yisac-2022-27th-young-investigators-seminar-on-analytical-chemistry\/\">Wi\u0119cej informacji<\/a><\/em><\/p>\n\n\n\n<p><strong>Spotkanie promuj\u0105ce ofert\u0119 stypendialn\u0105 Europejskiej Organizacji Biologii Molekularnej (EMBO)<\/strong> <em><a href=\"https:\/\/szkolydoktorskie.uwb.edu.pl\/nsip\/2022\/05\/12\/zaproszenie-na-spotkanie-promujace-oferte-stypendialna-europejskiej-organizacji-biologii-molekularnej\/\">Wi\u0119cej informacji<\/a><\/em><\/p>\n\n\n\n<p><strong>VII konferencja&nbsp;\u201eZwi\u0105zki Biologicznie Czynne \u2013 Aktywno\u015b\u0107, Struktura, Synteza\u201d<\/strong> <em><a href=\"https:\/\/szkolydoktorskie.uwb.edu.pl\/nsip\/2022\/04\/29\/vii-konferencja-zwiazki-biologicznie-czynne-aktywnosc-struktura-synteza\/\">Wi\u0119cej informacji<\/a><\/em><\/p>\n\n\n\n<p><strong>Forum Szk\u00f3\u0142 Doktorskich. Funkcja i rola promotora w przygotowaniu rozprawy doktorskiej<\/strong> <em><a href=\"https:\/\/szkolydoktorskie.uwb.edu.pl\/nsip\/2022\/04\/26\/forum-szkol-doktorskich-funkcja-i-rola-promotora-w-przygotowaniu-rozprawy-doktorskiej-zaproszenie\/\">Wi\u0119cej informacji<\/a><\/em><\/p>\n\n\n\n<p><strong>Warsztat pt. \u201eDlaczego warto zdawa\u0107 mi\u0119dzynarodowe certyfikaty j\u0119zykowe z j. angielskiego?\u201d<\/strong> <em><a href=\"https:\/\/szkolydoktorskie.uwb.edu.pl\/nsip\/2022\/04\/25\/zaproszenie-na-warsztat-pt-dlaczego-warto-zdawac-miedzynarodowe-certyfikaty-jezykowe-z-j-angielskiego\/\">Wi\u0119cej informacji<\/a><\/em><\/p>\n\n\n\n<p><strong>Dni Narodowego Centrum Nauki w Bia\u0142ymstoku<\/strong> <em><a href=\"https:\/\/szkolydoktorskie.uwb.edu.pl\/nsip\/2022\/04\/21\/dni-narodowego-centrum-nauki-w-bialymstoku\/\">Wi\u0119cej informacji<\/a><\/em><\/p>\n\n\n\n<p><strong>Spotkanie z prof. Elly Tanaka w ramach serii spotka\u0144 \u201eInspiring Stories of Successful Women\u201d<\/strong> <em><a href=\"https:\/\/szkolydoktorskie.uwb.edu.pl\/nsip\/2022\/04\/14\/spotkanie-z-prof-elly-tanaka-w-ramach-serii-spotkan-inspiring-stories-of-successful-women\/\">Wi\u0119cej informacji<\/a><\/em><\/p>\n\n\n\n<p><strong>V Mi\u0119dzynarodowa Konferencja In\u017cynieria i Kszta\u0142towanie \u015arodowiska<\/strong> <em><a href=\"https:\/\/szkolydoktorskie.uwb.edu.pl\/nsip\/2022\/04\/13\/v-miedzynarodowa-konferencja-inzynieria-i-ksztaltowanie-srodowiska\/\">Wi\u0119cej informacji<\/a><\/em><\/p>\n\n\n\n<p><strong>V Zjazd Naukowy Polskiego Towarzystwa Biologii Medycznej \u201eBiologia-Medycyna-Terapia\u201d<\/strong> <em><a href=\"https:\/\/szkolydoktorskie.uwb.edu.pl\/nsip\/2022\/04\/12\/zaproszenie-do-udzialu-w-v-zjezdzie-naukowym-polskiego-towarzystwa-biologii-medycznej-biologia-medycyna-terapia\/\">Wi\u0119cej informacji<\/a><\/em><\/p>\n\n\n\n<p><strong>Druga edycja Mi\u0119dzynarodowej Multidyscyplinarnej Konferencji MKDUS 2.0<\/strong> <em><a href=\"https:\/\/szkolydoktorskie.uwb.edu.pl\/nsip\/2022\/03\/22\/zaproszenie-na-druga-edycje-miedzynarodowej-multidyscyplinarnej-konferencji-mkdus-2-0\/\">Wi\u0119cej informacji<\/a><\/em><\/p>\n\n\n\n<p><strong>Webinar \u201ePublikowanie artyku\u0142u naukowego w presti\u017cowym czasopi\u015bmie: wyb\u00f3r czasopisma i komunikacja\u201d<\/strong> <em><a href=\"https:\/\/szkolydoktorskie.uwb.edu.pl\/nsip\/2022\/03\/22\/webinar-publikowanie-artykulu-naukowego-w-prestizowym-czasopismie-wybor-czasopisma-i-komunikacja\/\">Wi\u0119cej informacji<\/a><\/em><\/p>\n\n\n\n<p><strong>Inkubator Innowacyjno\u015bci 4.0<\/strong> <em><a href=\"https:\/\/szkolydoktorskie.uwb.edu.pl\/nsip\/2022\/03\/16\/inkubator-innowacyjnosci-4-0\/\">Wi\u0119cej informacji<\/a><\/em><\/p>\n\n\n\n<p><strong>VII Og\u00f3lnopolska Konferencja Doktorant\u00f3w Nauk o \u017byciu BioOpen<\/strong> <em><a href=\"https:\/\/szkolydoktorskie.uwb.edu.pl\/nsip\/2022\/03\/10\/vii-ogolnopolska-konferencja-doktorantow-nauk-o-zyciu-bioopen\/\">Wi\u0119cej informacji<\/a><\/em><\/p>\n\n\n\n<p><strong>IV Pomorskie Studenckie Sympozjum Chemiczne<\/strong> <em><a href=\"https:\/\/szkolydoktorskie.uwb.edu.pl\/nsip\/2022\/03\/04\/iv-pomorskie-studenckie-sympozjum-chemiczne\/\">Wi\u0119cej informacji<\/a><\/em><\/p>\n\n\n\n<p><strong>Summer School in the Foundations of Democracy: American Law, Politics &amp; Economy 2022<\/strong> <em><a href=\"https:\/\/szkolydoktorskie.uwb.edu.pl\/nsip\/2022\/02\/18\/zaproszenie-do-wziecia-udzialu-w-miedzynarodowej-szkole-letniej-summer-school-in-american-law-politics-economy-2022\/\">Wi\u0119cej informacji<\/a><\/em><\/p>\n\n\n\n<p><strong>IX \u0141\u00f3dzkie Sympozjum Doktorant\u00f3w Chemii<\/strong> <em><a href=\"https:\/\/szkolydoktorskie.uwb.edu.pl\/nsip\/2022\/02\/15\/ix-lodzkie-sympozjum-doktorantow-chemii\/\">Wi\u0119cej informacji<\/a><\/em><\/p>\n\n\n\n<p><strong>Kurs Presenting at Conferences &amp; Publishing Research Made Easy z naukowcem z USA<\/strong> <em><a href=\"https:\/\/szkolydoktorskie.uwb.edu.pl\/nsip\/2022\/02\/14\/kurs-presenting-at-conferences-publishing-research-made-easy-z-native-speakerem-naukowcem-z-usa\/\">Wi\u0119cej informacji<\/a><\/em><\/p>\n\n\n\n<p><strong>XV Kopernika\u0144skie Seminarium Doktoranckie<\/strong> <em><a href=\"https:\/\/szkolydoktorskie.uwb.edu.pl\/nsip\/2022\/02\/10\/xv-kopernikanskie-seminarium-doktoranckie\/\">Wi\u0119cej informacji<\/a><\/em><\/p>\n\n\n\n<p><strong>Szkolenie dotycz\u0105ce popularyzacji nauki i wsp\u00f3\u0142pracy z mediami<\/strong> <em><a href=\"https:\/\/szkolydoktorskie.uwb.edu.pl\/nsip\/2022\/02\/10\/szkolenie-i-spotkanie-z-dziennikarzami-zaproszenie-dla-doktorantow\/\">Wi\u0119cej informacji<\/a><\/em><\/p>\n\n\n\n<p><strong>XIV Interdyscyplinarna Konferencja Naukowa TYGIEL 2022 \u201eInterdyscyplinarno\u015b\u0107 kluczem do rozwoju\u201d<\/strong> <a href=\"https:\/\/szkolydoktorskie.uwb.edu.pl\/nsip\/2022\/01\/20\/xiv-interdyscyplinarna-konferencja-naukowa-tygiel-2022-interdyscyplinarnosc-kluczem-do-rozwoju\/\">Wi\u0119cej informacji<\/a><\/p>\n\n\n\n<p><strong>Mikrokonferencja &#8222;Nowe rozwi\u0105zania w elektroanalizie&#8221;<\/strong> <em><a href=\"https:\/\/szkolydoktorskie.uwb.edu.pl\/nsip\/2022\/01\/17\/zaproszenie-na-mikrokonferencje-nowe-rozwiazania-w-elektroanalizie\/\">Wi\u0119cej informacji<\/a><\/em><\/p>\n\n\n\n<p><strong>Szkolenie \u201eZaw\u00f3d \u2013 doktorant\u201d <\/strong><em><a href=\"https:\/\/szkolydoktorskie.uwb.edu.pl\/nsip\/2022\/01\/11\/szkolenie-zawod-doktorant-28-stycznia-2022-r-godz-1000\/\">Wi\u0119cej informacji<\/a><\/em> <\/p>\n\n\n\n<p><strong>\u201eSzko\u0142a M\u0142odego Naukowca-Samorz\u0105dowca\u201d<\/strong> &#8211; <em><a href=\"https:\/\/szkolydoktorskie.uwb.edu.pl\/nsip\/2022\/01\/10\/nabor-do-programu-szkola-mlodego-naukowca-samorzadowca\/\">Wi\u0119cej informacji<\/a><\/em><\/p>\n\n\n\n<p><strong>Bezp\u0142atne \u0107wiczenia z pisania projekt\u00f3w<\/strong> <em><a href=\"https:\/\/szkolydoktorskie.uwb.edu.pl\/nsip\/2021\/12\/13\/bezplatne-cwiczenia-z-pisania-projektow\/\">Wi\u0119cej informacji<\/a><\/em> <\/p>\n\n\n\n<p><strong>Konferencja \u201eNowe trendy w badaniach naukowych\u201d<\/strong>&nbsp;\u2013&nbsp;<em><a href=\"http:\/\/www.creativetime.pl\/ntwbn2020.html\">Wi\u0119cej informacji<\/a><\/em><\/p>\n\n\n\n<p><strong>Konferencja \u201eAnaliza zagadnienia, analiza wynik\u00f3w \u2013 wyst\u0105pienie m\u0142odego naukowca\u201d<\/strong>&nbsp;\u2013&nbsp;<em><a href=\"http:\/\/www.creativetime.pl\/konferencja-analiza-zagadnienia-analiza-wynikow.html\">Wi\u0119cej informacji<\/a><\/em><\/p>\n\n\n\n<p><strong>IV Doktoranckie Sympozjum Nanotechnologii NanoMat.&nbsp;<\/strong><a href=\"https:\/\/www.uwb.edu.pl\/uploads\/tiny\/SZKO%C5%81Y%20DOKTORSKIE\/Za%C5%82.%201.%20Zaproszenie_nanomat_2020_1.pdf\" target=\"_blank\" rel=\"noreferrer noopener\">Wi\u0119cej informacji<\/a><\/p>\n\n\n\n<p><strong>VIII \u0141\u00d3DZKIE SYMPOZJUM DOKTORANT\u00d3W CHEMII<\/strong>.&nbsp;&nbsp;<a href=\"https:\/\/chemia.uwb.edu.pl\/media\/uploads\/2020\/02\/03\/zaproszenie-na-viii-odzkie-sympozjum-doktorantow-chemii-skonwertowany.pdf\">Wi\u0119cej informacji<\/a><\/p>\n\n\n\n<p><strong>Og\u00f3lnopolska Konferencja Naukowa<em>&nbsp;<\/em>\u201eToksyny \u2013 przegl\u0105d i badania\u201d.<\/strong><em><strong>&nbsp;&nbsp;<\/strong><\/em><a href=\"http:\/\/www.konferencja-toksyny.pl\/\">Wi\u0119cej informacji<\/a><\/p>\n\n\n\n<p><strong>Sympozjum M\u0142odych Naukowc\u00f3w Wydzia\u0142u Fizyki UW 2020<\/strong>.&nbsp;<a href=\"http:\/\/smn.fuw.edu.pl\/\">Wi\u0119cej informacji<\/a><\/p>\n\n\n\n<p><strong>Interdyscyplinarna konferencja dla&nbsp;doktorant\u00f3w&nbsp;i&nbsp;m\u0142odych&nbsp;naukowc\u00f3w&nbsp;Wschodnie&nbsp;Forum&nbsp;Nauki.&nbsp;<\/strong><a href=\"https:\/\/www.wschodnieforumnauki.pl\/\">Wi\u0119cej informacji<\/a><\/p>\n\n\n\n<p><strong>Konferencja naukowa pt.: \u201eIII FORUM IDEI&nbsp; M\u0141ODYCH&nbsp; NAUKOWC\u00d3W.&nbsp; INSPIRACJE&nbsp; DLA&nbsp; PROJEKT\u00d3W INTERDYSCYPLINARNYCH\u201d.&nbsp;<\/strong><a href=\"https:\/\/chemia.uwb.edu.pl\/media\/uploads\/2020\/01\/21\/forum-idei-2020_plakat-zaproszenie.jpg\">Wi\u0119cej informacji<\/a><\/p>\n","protected":false},"excerpt":{"rendered":"<p>Seminars on the Determination, Analysis and Use of Thermodynamic Data in Solution Equilibria and Chemical Speciation Wi\u0119cej informacji #EksperckieCzwartki na portalu eDoktorant.pl Wi\u0119cej informacji Projekt \u201eLokalny Ambasador Praw Doktoranta 2.0\u201d&hellip;<\/p>\n","protected":false},"author":12,"featured_media":0,"parent":0,"menu_order":0,"comment_status":"closed","ping_status":"closed","template":"","meta":{"footnotes":""},"class_list":["post-691","page","type-page","status-publish","hentry"],"yoast_head":"<!-- This site is optimized with the Yoast SEO plugin v27.3 - https:\/\/yoast.com\/product\/yoast-seo-wordpress\/ -->\n<title>Konferencje, seminaria i szkolenia - Szko\u0142a Doktorska Nauk \u015acis\u0142ych i Przyrodniczych UwB<\/title>\n<meta name=\"robots\" content=\"index, follow, max-snippet:-1, max-image-preview:large, max-video-preview:-1\" \/>\n<link rel=\"canonical\" href=\"https:\/\/szkolydoktorskie.uwb.edu.pl\/nsip\/konferencje-seminaria-i-szkolenia\/\" \/>\n<meta property=\"og:locale\" content=\"pl_PL\" \/>\n<meta property=\"og:type\" content=\"article\" \/>\n<meta property=\"og:title\" content=\"Konferencje, seminaria i szkolenia - Szko\u0142a Doktorska Nauk \u015acis\u0142ych i Przyrodniczych UwB\" \/>\n<meta property=\"og:description\" content=\"Seminars on the Determination, Analysis and Use of Thermodynamic Data in Solution Equilibria and Chemical Speciation Wi\u0119cej informacji #EksperckieCzwartki na portalu eDoktorant.pl Wi\u0119cej informacji Projekt \u201eLokalny Ambasador Praw Doktoranta 2.0\u201d&hellip;\" \/>\n<meta property=\"og:url\" content=\"https:\/\/szkolydoktorskie.uwb.edu.pl\/nsip\/konferencje-seminaria-i-szkolenia\/\" \/>\n<meta property=\"og:site_name\" content=\"Szko\u0142a Doktorska Nauk \u015acis\u0142ych i Przyrodniczych UwB\" \/>\n<meta property=\"article:modified_time\" content=\"2022-10-13T06:17:54+00:00\" \/>\n<meta name=\"twitter:card\" content=\"summary_large_image\" \/>\n<meta name=\"twitter:label1\" content=\"Szacowany czas czytania\" \/>\n\t<meta name=\"twitter:data1\" content=\"2 minuty\" \/>\n<script type=\"application\/ld+json\" class=\"yoast-schema-graph\">{\"@context\":\"https:\\\/\\\/schema.org\",\"@graph\":[{\"@type\":\"WebPage\",\"@id\":\"https:\\\/\\\/szkolydoktorskie.uwb.edu.pl\\\/nsip\\\/konferencje-seminaria-i-szkolenia\\\/\",\"url\":\"https:\\\/\\\/szkolydoktorskie.uwb.edu.pl\\\/nsip\\\/konferencje-seminaria-i-szkolenia\\\/\",\"name\":\"Konferencje, seminaria i szkolenia - Szko\u0142a Doktorska Nauk \u015acis\u0142ych i Przyrodniczych UwB\",\"isPartOf\":{\"@id\":\"https:\\\/\\\/szkolydoktorskie.uwb.edu.pl\\\/nsip\\\/#website\"},\"datePublished\":\"2022-01-20T11:26:46+00:00\",\"dateModified\":\"2022-10-13T06:17:54+00:00\",\"breadcrumb\":{\"@id\":\"https:\\\/\\\/szkolydoktorskie.uwb.edu.pl\\\/nsip\\\/konferencje-seminaria-i-szkolenia\\\/#breadcrumb\"},\"inLanguage\":\"pl-PL\",\"potentialAction\":[{\"@type\":\"ReadAction\",\"target\":[\"https:\\\/\\\/szkolydoktorskie.uwb.edu.pl\\\/nsip\\\/konferencje-seminaria-i-szkolenia\\\/\"]}]},{\"@type\":\"BreadcrumbList\",\"@id\":\"https:\\\/\\\/szkolydoktorskie.uwb.edu.pl\\\/nsip\\\/konferencje-seminaria-i-szkolenia\\\/#breadcrumb\",\"itemListElement\":[{\"@type\":\"ListItem\",\"position\":1,\"name\":\"Strona g\u0142\u00f3wna\",\"item\":\"https:\\\/\\\/szkolydoktorskie.uwb.edu.pl\\\/nsip\\\/\"},{\"@type\":\"ListItem\",\"position\":2,\"name\":\"Konferencje, seminaria i szkolenia\"}]},{\"@type\":\"WebSite\",\"@id\":\"https:\\\/\\\/szkolydoktorskie.uwb.edu.pl\\\/nsip\\\/#website\",\"url\":\"https:\\\/\\\/szkolydoktorskie.uwb.edu.pl\\\/nsip\\\/\",\"name\":\"Szko\u0142a Doktorska Nauk \u015acis\u0142ych i Przyrodniczych UwB\",\"description\":\"Szko\u0142a Doktorska Nauk \u015acis\u0142ych i Przyrodniczych UwB\",\"publisher\":{\"@id\":\"https:\\\/\\\/szkolydoktorskie.uwb.edu.pl\\\/nsip\\\/#organization\"},\"potentialAction\":[{\"@type\":\"SearchAction\",\"target\":{\"@type\":\"EntryPoint\",\"urlTemplate\":\"https:\\\/\\\/szkolydoktorskie.uwb.edu.pl\\\/nsip\\\/?s={search_term_string}\"},\"query-input\":{\"@type\":\"PropertyValueSpecification\",\"valueRequired\":true,\"valueName\":\"search_term_string\"}}],\"inLanguage\":\"pl-PL\"},{\"@type\":\"Organization\",\"@id\":\"https:\\\/\\\/szkolydoktorskie.uwb.edu.pl\\\/nsip\\\/#organization\",\"name\":\"Szko\u0142a Doktorska Nauk \u015acis\u0142ych i Przyrodniczych UwB\",\"url\":\"https:\\\/\\\/szkolydoktorskie.uwb.edu.pl\\\/nsip\\\/\",\"logo\":{\"@type\":\"ImageObject\",\"inLanguage\":\"pl-PL\",\"@id\":\"https:\\\/\\\/szkolydoktorskie.uwb.edu.pl\\\/nsip\\\/#\\\/schema\\\/logo\\\/image\\\/\",\"url\":\"https:\\\/\\\/szkolydoktorskie.uwb.edu.pl\\\/nsip\\\/wp-content\\\/uploads\\\/sites\\\/4\\\/2021\\\/04\\\/cropped-LOGO-NSIP.png\",\"contentUrl\":\"https:\\\/\\\/szkolydoktorskie.uwb.edu.pl\\\/nsip\\\/wp-content\\\/uploads\\\/sites\\\/4\\\/2021\\\/04\\\/cropped-LOGO-NSIP.png\",\"width\":705,\"height\":188,\"caption\":\"Szko\u0142a Doktorska Nauk \u015acis\u0142ych i Przyrodniczych UwB\"},\"image\":{\"@id\":\"https:\\\/\\\/szkolydoktorskie.uwb.edu.pl\\\/nsip\\\/#\\\/schema\\\/logo\\\/image\\\/\"}}]}<\/script>\n<!-- \/ Yoast SEO plugin. -->","yoast_head_json":{"title":"Konferencje, seminaria i szkolenia - Szko\u0142a Doktorska Nauk \u015acis\u0142ych i Przyrodniczych UwB","robots":{"index":"index","follow":"follow","max-snippet":"max-snippet:-1","max-image-preview":"max-image-preview:large","max-video-preview":"max-video-preview:-1"},"canonical":"https:\/\/szkolydoktorskie.uwb.edu.pl\/nsip\/konferencje-seminaria-i-szkolenia\/","og_locale":"pl_PL","og_type":"article","og_title":"Konferencje, seminaria i szkolenia - Szko\u0142a Doktorska Nauk \u015acis\u0142ych i Przyrodniczych UwB","og_description":"Seminars on the Determination, Analysis and Use of Thermodynamic Data in Solution Equilibria and Chemical Speciation Wi\u0119cej informacji #EksperckieCzwartki na portalu eDoktorant.pl Wi\u0119cej informacji Projekt \u201eLokalny Ambasador Praw Doktoranta 2.0\u201d&hellip;","og_url":"https:\/\/szkolydoktorskie.uwb.edu.pl\/nsip\/konferencje-seminaria-i-szkolenia\/","og_site_name":"Szko\u0142a Doktorska Nauk \u015acis\u0142ych i Przyrodniczych UwB","article_modified_time":"2022-10-13T06:17:54+00:00","twitter_card":"summary_large_image","twitter_misc":{"Szacowany czas czytania":"2 minuty"},"schema":{"@context":"https:\/\/schema.org","@graph":[{"@type":"WebPage","@id":"https:\/\/szkolydoktorskie.uwb.edu.pl\/nsip\/konferencje-seminaria-i-szkolenia\/","url":"https:\/\/szkolydoktorskie.uwb.edu.pl\/nsip\/konferencje-seminaria-i-szkolenia\/","name":"Konferencje, seminaria i szkolenia - Szko\u0142a Doktorska Nauk \u015acis\u0142ych i Przyrodniczych UwB","isPartOf":{"@id":"https:\/\/szkolydoktorskie.uwb.edu.pl\/nsip\/#website"},"datePublished":"2022-01-20T11:26:46+00:00","dateModified":"2022-10-13T06:17:54+00:00","breadcrumb":{"@id":"https:\/\/szkolydoktorskie.uwb.edu.pl\/nsip\/konferencje-seminaria-i-szkolenia\/#breadcrumb"},"inLanguage":"pl-PL","potentialAction":[{"@type":"ReadAction","target":["https:\/\/szkolydoktorskie.uwb.edu.pl\/nsip\/konferencje-seminaria-i-szkolenia\/"]}]},{"@type":"BreadcrumbList","@id":"https:\/\/szkolydoktorskie.uwb.edu.pl\/nsip\/konferencje-seminaria-i-szkolenia\/#breadcrumb","itemListElement":[{"@type":"ListItem","position":1,"name":"Strona g\u0142\u00f3wna","item":"https:\/\/szkolydoktorskie.uwb.edu.pl\/nsip\/"},{"@type":"ListItem","position":2,"name":"Konferencje, seminaria i szkolenia"}]},{"@type":"WebSite","@id":"https:\/\/szkolydoktorskie.uwb.edu.pl\/nsip\/#website","url":"https:\/\/szkolydoktorskie.uwb.edu.pl\/nsip\/","name":"Szko\u0142a Doktorska Nauk \u015acis\u0142ych i Przyrodniczych UwB","description":"Szko\u0142a Doktorska Nauk \u015acis\u0142ych i Przyrodniczych UwB","publisher":{"@id":"https:\/\/szkolydoktorskie.uwb.edu.pl\/nsip\/#organization"},"potentialAction":[{"@type":"SearchAction","target":{"@type":"EntryPoint","urlTemplate":"https:\/\/szkolydoktorskie.uwb.edu.pl\/nsip\/?s={search_term_string}"},"query-input":{"@type":"PropertyValueSpecification","valueRequired":true,"valueName":"search_term_string"}}],"inLanguage":"pl-PL"},{"@type":"Organization","@id":"https:\/\/szkolydoktorskie.uwb.edu.pl\/nsip\/#organization","name":"Szko\u0142a Doktorska Nauk \u015acis\u0142ych i Przyrodniczych UwB","url":"https:\/\/szkolydoktorskie.uwb.edu.pl\/nsip\/","logo":{"@type":"ImageObject","inLanguage":"pl-PL","@id":"https:\/\/szkolydoktorskie.uwb.edu.pl\/nsip\/#\/schema\/logo\/image\/","url":"https:\/\/szkolydoktorskie.uwb.edu.pl\/nsip\/wp-content\/uploads\/sites\/4\/2021\/04\/cropped-LOGO-NSIP.png","contentUrl":"https:\/\/szkolydoktorskie.uwb.edu.pl\/nsip\/wp-content\/uploads\/sites\/4\/2021\/04\/cropped-LOGO-NSIP.png","width":705,"height":188,"caption":"Szko\u0142a Doktorska Nauk \u015acis\u0142ych i Przyrodniczych UwB"},"image":{"@id":"https:\/\/szkolydoktorskie.uwb.edu.pl\/nsip\/#\/schema\/logo\/image\/"}}]}},"_links":{"self":[{"href":"https:\/\/szkolydoktorskie.uwb.edu.pl\/nsip\/wp-json\/wp\/v2\/pages\/691","targetHints":{"allow":["GET"]}}],"collection":[{"href":"https:\/\/szkolydoktorskie.uwb.edu.pl\/nsip\/wp-json\/wp\/v2\/pages"}],"about":[{"href":"https:\/\/szkolydoktorskie.uwb.edu.pl\/nsip\/wp-json\/wp\/v2\/types\/page"}],"author":[{"embeddable":true,"href":"https:\/\/szkolydoktorskie.uwb.edu.pl\/nsip\/wp-json\/wp\/v2\/users\/12"}],"replies":[{"embeddable":true,"href":"https:\/\/szkolydoktorskie.uwb.edu.pl\/nsip\/wp-json\/wp\/v2\/comments?post=691"}],"version-history":[{"count":38,"href":"https:\/\/szkolydoktorskie.uwb.edu.pl\/nsip\/wp-json\/wp\/v2\/pages\/691\/revisions"}],"predecessor-version":[{"id":1474,"href":"https:\/\/szkolydoktorskie.uwb.edu.pl\/nsip\/wp-json\/wp\/v2\/pages\/691\/revisions\/1474"}],"wp:attachment":[{"href":"https:\/\/szkolydoktorskie.uwb.edu.pl\/nsip\/wp-json\/wp\/v2\/media?parent=691"}],"curies":[{"name":"wp","href":"https:\/\/api.w.org\/{rel}","templated":true}]}}