{"id":644,"date":"2021-12-13T11:27:39","date_gmt":"2021-12-13T10:27:39","guid":{"rendered":"https:\/\/szkolydoktorskie.uwb.edu.pl\/nsip\/?page_id=644"},"modified":"2023-07-03T10:45:23","modified_gmt":"2023-07-03T08:45:23","slug":"ocena-srodokresowa","status":"publish","type":"page","link":"https:\/\/szkolydoktorskie.uwb.edu.pl\/nsip\/ocena-srodokresowa\/","title":{"rendered":"Ocena \u015br\u00f3dokresowa"},"content":{"rendered":"\n<p>Zgodnie z regulaminem Szko\u0142y Doktorskiej Nauk \u015acis\u0142ych i Przyrodniczych realizacja Indywidualnego Planu Badawczego (IPB) podlega ocenie \u015br\u00f3dokresowej w po\u0142owie okresu kszta\u0142cenia okre\u015blonego w programie kszta\u0142cenia. <\/p>\n\n\n\n<p>Ocena \u015br\u00f3dokresowa jest przeprowadzana przez komisj\u0119, w sk\u0142ad kt\u00f3rej wchodz\u0105 3 osoby posiadaj\u0105ce stopie\u0144 doktora habilitowanego lub tytu\u0142 profesora w dyscyplinie, w kt\u00f3re przygotowana jest rozprawa doktorska, w tym co najmniej 1 zatrudniona poza Uniwersytetem w Bia\u0142ymstoku. <\/p>\n\n\n\n<p>Dyrektor wyznacza i podaje do wiadomo\u015bci termin oceny \u015br\u00f3dokresowej nie p\u00f3\u017aniej ni\u017c 60 dni przed tym terminem.<\/p>\n\n\n\n<p>Doktorant, nie p\u00f3\u017aniej ni\u017c 30 dni przed wyznaczonym terminem oceny \u015br\u00f3dokresowej, sk\u0142ada do dyrektora zaopiniowane przez promotora sprawozdanie \u015br\u00f3dokresowe z wykonania IPB, wraz z pozosta\u0142ymi za\u0142\u0105cznikami w wersji papierowej. Za\u0142\u0105czniki w wersji elektronicznej powinny by\u0107 wys\u0142ane na adres mailowy Szko\u0142y Doktorskiej.<\/p>\n\n\n\n<p>Ocena \u015br\u00f3dokresowa ko\u0144czy si\u0119 wynikiem pozytywnym lub negatywnym.<\/p>\n\n\n\n<hr class=\"wp-block-separator has-alpha-channel-opacity\" \/>\n\n\n\n<h2 class=\"wp-block-heading has-text-align-left\">Akty prawne:<\/h2>\n\n\n\n<p><a href=\"https:\/\/szkolydoktorskie.uwb.edu.pl\/ns\/wp-content\/uploads\/sites\/2\/2021\/06\/52_-_szkoly_doktorskie_ocena.pdf\"><strong>Zarz\u0105dzenie nr 52<\/strong> Rektora Uniwersytetu w Bia\u0142ymstoku z dnia 8 czerwca 2021 r. <em>w sprawie zasad organizacji pracy komisji do przeprowadzenia oceny \u015br\u00f3dokresowej doktorant\u00f3w szk\u00f3\u0142 doktorskich Uniwersytetu w Bia\u0142ymstoku<\/em><\/a><\/p>\n\n\n\n<p><\/p>\n\n\n\n<p><\/p>\n\n\n\n<p><\/p>\n\n\n\n<p><\/p>\n\n\n\n<p><\/p>\n\n\n\n<p><a href=\"https:\/\/szkolydoktorskie.uwb.edu.pl\/ns\/wp-content\/uploads\/sites\/2\/2022\/07\/40_-_zmieniajace_zarzadzenie_nr_52_z_2021.pdf\"><strong>Zarz\u0105dzenie nr 40<\/strong> Rektora Uniwersytetu w Bia\u0142ymstoku z dnia 5 lipca 2022 r. zmieniaj\u0105ce Zarz\u0105dzenie nr 52 Rektora Uniwersytetu w Bia\u0142ymstoku z dnia 8 czerwca 2021 r.\u00a0<em>w sprawie zasad organizacji pracy komisji do przeprowadzenia oceny \u015br\u00f3dokresowej doktorant\u00f3w szk\u00f3\u0142 doktorskich Uniwersytetu w Bia\u0142ymstoku<\/em><\/a><\/p>\n\n\n\n<figure class=\"wp-block-pullquote\"><blockquote><p><a href=\"https:\/\/szkolydoktorskie.uwb.edu.pl\/nsip\/ocena-srodokresowa-2023\/\">Ocena \u015br\u00f3dokresowa 2023<\/a><\/p><\/blockquote><\/figure>\n\n\n\n<figure class=\"wp-block-pullquote\"><blockquote><p><a href=\"https:\/\/szkolydoktorskie.uwb.edu.pl\/nsip\/ocena-srodokresowa-2022\/\">Ocena \u015br\u00f3dokresowa 2022<\/a><\/p><\/blockquote><\/figure>\n\n\n\n<figure class=\"wp-block-pullquote\"><blockquote><p><br><a href=\"https:\/\/szkolydoktorskie.uwb.edu.pl\/nsip\/ocena-srodokresowa-2020-2021\/\">Ocena \u015br\u00f3dokresowa 2021<\/a><\/p><\/blockquote><\/figure>\n\n\n\n<p><\/p>\n","protected":false},"excerpt":{"rendered":"<p>Zgodnie z regulaminem Szko\u0142y Doktorskiej Nauk \u015acis\u0142ych i Przyrodniczych realizacja Indywidualnego Planu Badawczego (IPB) podlega ocenie \u015br\u00f3dokresowej w po\u0142owie okresu kszta\u0142cenia okre\u015blonego w programie kszta\u0142cenia. Ocena \u015br\u00f3dokresowa jest przeprowadzana przez&hellip;<\/p>\n","protected":false},"author":8,"featured_media":0,"parent":0,"menu_order":0,"comment_status":"closed","ping_status":"closed","template":"","meta":{"footnotes":""},"class_list":["post-644","page","type-page","status-publish","hentry"],"yoast_head":"<!-- This site is optimized with the Yoast SEO plugin v27.3 - https:\/\/yoast.com\/product\/yoast-seo-wordpress\/ -->\n<title>Ocena \u015br\u00f3dokresowa - Szko\u0142a Doktorska Nauk \u015acis\u0142ych i Przyrodniczych UwB<\/title>\n<meta name=\"robots\" content=\"index, follow, max-snippet:-1, max-image-preview:large, max-video-preview:-1\" \/>\n<link rel=\"canonical\" href=\"https:\/\/szkolydoktorskie.uwb.edu.pl\/nsip\/ocena-srodokresowa\/\" \/>\n<meta property=\"og:locale\" content=\"pl_PL\" \/>\n<meta property=\"og:type\" content=\"article\" \/>\n<meta property=\"og:title\" content=\"Ocena \u015br\u00f3dokresowa - Szko\u0142a Doktorska Nauk \u015acis\u0142ych i Przyrodniczych UwB\" \/>\n<meta property=\"og:description\" content=\"Zgodnie z regulaminem Szko\u0142y Doktorskiej Nauk \u015acis\u0142ych i Przyrodniczych realizacja Indywidualnego Planu Badawczego (IPB) podlega ocenie \u015br\u00f3dokresowej w po\u0142owie okresu kszta\u0142cenia okre\u015blonego w programie kszta\u0142cenia. Ocena \u015br\u00f3dokresowa jest przeprowadzana przez&hellip;\" \/>\n<meta property=\"og:url\" content=\"https:\/\/szkolydoktorskie.uwb.edu.pl\/nsip\/ocena-srodokresowa\/\" \/>\n<meta property=\"og:site_name\" content=\"Szko\u0142a Doktorska Nauk \u015acis\u0142ych i Przyrodniczych UwB\" \/>\n<meta property=\"article:modified_time\" content=\"2023-07-03T08:45:23+00:00\" \/>\n<meta name=\"twitter:card\" content=\"summary_large_image\" \/>\n<meta name=\"twitter:label1\" content=\"Szacowany czas czytania\" \/>\n\t<meta name=\"twitter:data1\" content=\"1 minuta\" \/>\n<script type=\"application\/ld+json\" class=\"yoast-schema-graph\">{\"@context\":\"https:\\\/\\\/schema.org\",\"@graph\":[{\"@type\":\"WebPage\",\"@id\":\"https:\\\/\\\/szkolydoktorskie.uwb.edu.pl\\\/nsip\\\/ocena-srodokresowa\\\/\",\"url\":\"https:\\\/\\\/szkolydoktorskie.uwb.edu.pl\\\/nsip\\\/ocena-srodokresowa\\\/\",\"name\":\"Ocena \u015br\u00f3dokresowa - Szko\u0142a Doktorska Nauk \u015acis\u0142ych i Przyrodniczych UwB\",\"isPartOf\":{\"@id\":\"https:\\\/\\\/szkolydoktorskie.uwb.edu.pl\\\/nsip\\\/#website\"},\"datePublished\":\"2021-12-13T10:27:39+00:00\",\"dateModified\":\"2023-07-03T08:45:23+00:00\",\"breadcrumb\":{\"@id\":\"https:\\\/\\\/szkolydoktorskie.uwb.edu.pl\\\/nsip\\\/ocena-srodokresowa\\\/#breadcrumb\"},\"inLanguage\":\"pl-PL\",\"potentialAction\":[{\"@type\":\"ReadAction\",\"target\":[\"https:\\\/\\\/szkolydoktorskie.uwb.edu.pl\\\/nsip\\\/ocena-srodokresowa\\\/\"]}]},{\"@type\":\"BreadcrumbList\",\"@id\":\"https:\\\/\\\/szkolydoktorskie.uwb.edu.pl\\\/nsip\\\/ocena-srodokresowa\\\/#breadcrumb\",\"itemListElement\":[{\"@type\":\"ListItem\",\"position\":1,\"name\":\"Strona g\u0142\u00f3wna\",\"item\":\"https:\\\/\\\/szkolydoktorskie.uwb.edu.pl\\\/nsip\\\/\"},{\"@type\":\"ListItem\",\"position\":2,\"name\":\"Ocena \u015br\u00f3dokresowa\"}]},{\"@type\":\"WebSite\",\"@id\":\"https:\\\/\\\/szkolydoktorskie.uwb.edu.pl\\\/nsip\\\/#website\",\"url\":\"https:\\\/\\\/szkolydoktorskie.uwb.edu.pl\\\/nsip\\\/\",\"name\":\"Szko\u0142a Doktorska Nauk \u015acis\u0142ych i Przyrodniczych UwB\",\"description\":\"Szko\u0142a Doktorska Nauk \u015acis\u0142ych i Przyrodniczych UwB\",\"publisher\":{\"@id\":\"https:\\\/\\\/szkolydoktorskie.uwb.edu.pl\\\/nsip\\\/#organization\"},\"potentialAction\":[{\"@type\":\"SearchAction\",\"target\":{\"@type\":\"EntryPoint\",\"urlTemplate\":\"https:\\\/\\\/szkolydoktorskie.uwb.edu.pl\\\/nsip\\\/?s={search_term_string}\"},\"query-input\":{\"@type\":\"PropertyValueSpecification\",\"valueRequired\":true,\"valueName\":\"search_term_string\"}}],\"inLanguage\":\"pl-PL\"},{\"@type\":\"Organization\",\"@id\":\"https:\\\/\\\/szkolydoktorskie.uwb.edu.pl\\\/nsip\\\/#organization\",\"name\":\"Szko\u0142a Doktorska Nauk \u015acis\u0142ych i Przyrodniczych UwB\",\"url\":\"https:\\\/\\\/szkolydoktorskie.uwb.edu.pl\\\/nsip\\\/\",\"logo\":{\"@type\":\"ImageObject\",\"inLanguage\":\"pl-PL\",\"@id\":\"https:\\\/\\\/szkolydoktorskie.uwb.edu.pl\\\/nsip\\\/#\\\/schema\\\/logo\\\/image\\\/\",\"url\":\"https:\\\/\\\/szkolydoktorskie.uwb.edu.pl\\\/nsip\\\/wp-content\\\/uploads\\\/sites\\\/4\\\/2021\\\/04\\\/cropped-LOGO-NSIP.png\",\"contentUrl\":\"https:\\\/\\\/szkolydoktorskie.uwb.edu.pl\\\/nsip\\\/wp-content\\\/uploads\\\/sites\\\/4\\\/2021\\\/04\\\/cropped-LOGO-NSIP.png\",\"width\":705,\"height\":188,\"caption\":\"Szko\u0142a Doktorska Nauk \u015acis\u0142ych i Przyrodniczych UwB\"},\"image\":{\"@id\":\"https:\\\/\\\/szkolydoktorskie.uwb.edu.pl\\\/nsip\\\/#\\\/schema\\\/logo\\\/image\\\/\"}}]}<\/script>\n<!-- \/ Yoast SEO plugin. -->","yoast_head_json":{"title":"Ocena \u015br\u00f3dokresowa - Szko\u0142a Doktorska Nauk \u015acis\u0142ych i Przyrodniczych UwB","robots":{"index":"index","follow":"follow","max-snippet":"max-snippet:-1","max-image-preview":"max-image-preview:large","max-video-preview":"max-video-preview:-1"},"canonical":"https:\/\/szkolydoktorskie.uwb.edu.pl\/nsip\/ocena-srodokresowa\/","og_locale":"pl_PL","og_type":"article","og_title":"Ocena \u015br\u00f3dokresowa - Szko\u0142a Doktorska Nauk \u015acis\u0142ych i Przyrodniczych UwB","og_description":"Zgodnie z regulaminem Szko\u0142y Doktorskiej Nauk \u015acis\u0142ych i Przyrodniczych realizacja Indywidualnego Planu Badawczego (IPB) podlega ocenie \u015br\u00f3dokresowej w po\u0142owie okresu kszta\u0142cenia okre\u015blonego w programie kszta\u0142cenia. Ocena \u015br\u00f3dokresowa jest przeprowadzana przez&hellip;","og_url":"https:\/\/szkolydoktorskie.uwb.edu.pl\/nsip\/ocena-srodokresowa\/","og_site_name":"Szko\u0142a Doktorska Nauk \u015acis\u0142ych i Przyrodniczych UwB","article_modified_time":"2023-07-03T08:45:23+00:00","twitter_card":"summary_large_image","twitter_misc":{"Szacowany czas czytania":"1 minuta"},"schema":{"@context":"https:\/\/schema.org","@graph":[{"@type":"WebPage","@id":"https:\/\/szkolydoktorskie.uwb.edu.pl\/nsip\/ocena-srodokresowa\/","url":"https:\/\/szkolydoktorskie.uwb.edu.pl\/nsip\/ocena-srodokresowa\/","name":"Ocena \u015br\u00f3dokresowa - Szko\u0142a Doktorska Nauk \u015acis\u0142ych i Przyrodniczych UwB","isPartOf":{"@id":"https:\/\/szkolydoktorskie.uwb.edu.pl\/nsip\/#website"},"datePublished":"2021-12-13T10:27:39+00:00","dateModified":"2023-07-03T08:45:23+00:00","breadcrumb":{"@id":"https:\/\/szkolydoktorskie.uwb.edu.pl\/nsip\/ocena-srodokresowa\/#breadcrumb"},"inLanguage":"pl-PL","potentialAction":[{"@type":"ReadAction","target":["https:\/\/szkolydoktorskie.uwb.edu.pl\/nsip\/ocena-srodokresowa\/"]}]},{"@type":"BreadcrumbList","@id":"https:\/\/szkolydoktorskie.uwb.edu.pl\/nsip\/ocena-srodokresowa\/#breadcrumb","itemListElement":[{"@type":"ListItem","position":1,"name":"Strona g\u0142\u00f3wna","item":"https:\/\/szkolydoktorskie.uwb.edu.pl\/nsip\/"},{"@type":"ListItem","position":2,"name":"Ocena \u015br\u00f3dokresowa"}]},{"@type":"WebSite","@id":"https:\/\/szkolydoktorskie.uwb.edu.pl\/nsip\/#website","url":"https:\/\/szkolydoktorskie.uwb.edu.pl\/nsip\/","name":"Szko\u0142a Doktorska Nauk \u015acis\u0142ych i Przyrodniczych UwB","description":"Szko\u0142a Doktorska Nauk \u015acis\u0142ych i Przyrodniczych UwB","publisher":{"@id":"https:\/\/szkolydoktorskie.uwb.edu.pl\/nsip\/#organization"},"potentialAction":[{"@type":"SearchAction","target":{"@type":"EntryPoint","urlTemplate":"https:\/\/szkolydoktorskie.uwb.edu.pl\/nsip\/?s={search_term_string}"},"query-input":{"@type":"PropertyValueSpecification","valueRequired":true,"valueName":"search_term_string"}}],"inLanguage":"pl-PL"},{"@type":"Organization","@id":"https:\/\/szkolydoktorskie.uwb.edu.pl\/nsip\/#organization","name":"Szko\u0142a Doktorska Nauk \u015acis\u0142ych i Przyrodniczych UwB","url":"https:\/\/szkolydoktorskie.uwb.edu.pl\/nsip\/","logo":{"@type":"ImageObject","inLanguage":"pl-PL","@id":"https:\/\/szkolydoktorskie.uwb.edu.pl\/nsip\/#\/schema\/logo\/image\/","url":"https:\/\/szkolydoktorskie.uwb.edu.pl\/nsip\/wp-content\/uploads\/sites\/4\/2021\/04\/cropped-LOGO-NSIP.png","contentUrl":"https:\/\/szkolydoktorskie.uwb.edu.pl\/nsip\/wp-content\/uploads\/sites\/4\/2021\/04\/cropped-LOGO-NSIP.png","width":705,"height":188,"caption":"Szko\u0142a Doktorska Nauk \u015acis\u0142ych i Przyrodniczych UwB"},"image":{"@id":"https:\/\/szkolydoktorskie.uwb.edu.pl\/nsip\/#\/schema\/logo\/image\/"}}]}},"_links":{"self":[{"href":"https:\/\/szkolydoktorskie.uwb.edu.pl\/nsip\/wp-json\/wp\/v2\/pages\/644","targetHints":{"allow":["GET"]}}],"collection":[{"href":"https:\/\/szkolydoktorskie.uwb.edu.pl\/nsip\/wp-json\/wp\/v2\/pages"}],"about":[{"href":"https:\/\/szkolydoktorskie.uwb.edu.pl\/nsip\/wp-json\/wp\/v2\/types\/page"}],"author":[{"embeddable":true,"href":"https:\/\/szkolydoktorskie.uwb.edu.pl\/nsip\/wp-json\/wp\/v2\/users\/8"}],"replies":[{"embeddable":true,"href":"https:\/\/szkolydoktorskie.uwb.edu.pl\/nsip\/wp-json\/wp\/v2\/comments?post=644"}],"version-history":[{"count":17,"href":"https:\/\/szkolydoktorskie.uwb.edu.pl\/nsip\/wp-json\/wp\/v2\/pages\/644\/revisions"}],"predecessor-version":[{"id":2593,"href":"https:\/\/szkolydoktorskie.uwb.edu.pl\/nsip\/wp-json\/wp\/v2\/pages\/644\/revisions\/2593"}],"wp:attachment":[{"href":"https:\/\/szkolydoktorskie.uwb.edu.pl\/nsip\/wp-json\/wp\/v2\/media?parent=644"}],"curies":[{"name":"wp","href":"https:\/\/api.w.org\/{rel}","templated":true}]}}