{"id":594,"date":"2021-12-03T08:39:53","date_gmt":"2021-12-03T07:39:53","guid":{"rendered":"https:\/\/szkolydoktorskie.uwb.edu.pl\/nsip\/?page_id=594"},"modified":"2023-03-15T11:52:16","modified_gmt":"2023-03-15T10:52:16","slug":"mgr-anna-barylka","status":"publish","type":"page","link":"https:\/\/szkolydoktorskie.uwb.edu.pl\/nsip\/mgr-anna-barylka\/","title":{"rendered":"mgr Anna Bary\u0142ka"},"content":{"rendered":"\n<figure class=\"wp-block-image size-full is-resized\"><img loading=\"lazy\" decoding=\"async\" src=\"https:\/\/szkolydoktorskie.uwb.edu.pl\/nsip\/wp-content\/uploads\/sites\/4\/2021\/12\/Anna-Barylka-zdjecie.jpg\" alt=\"\" class=\"wp-image-595\" width=\"262\" height=\"337\" srcset=\"https:\/\/szkolydoktorskie.uwb.edu.pl\/nsip\/wp-content\/uploads\/sites\/4\/2021\/12\/Anna-Barylka-zdjecie.jpg 361w, https:\/\/szkolydoktorskie.uwb.edu.pl\/nsip\/wp-content\/uploads\/sites\/4\/2021\/12\/Anna-Barylka-zdjecie-233x300.jpg 233w\" sizes=\"auto, (max-width: 262px) 100vw, 262px\" \/><\/figure>\n\n\n\n<figure class=\"wp-block-table\"><table><tbody><tr><td><strong>E-mail&nbsp;<\/strong><\/td><td>a.barylka@uwb.edu.pl<\/td><\/tr><tr><td><strong>Kod ORCID<\/strong><\/td><td>0000-0002-4478-2919<\/td><\/tr><tr><td><strong>Temat rozprawy doktorskiej<\/strong><\/td><td>Badanie zdolno\u015bci kompleksowania pochodnych tryptofanu jonami metali i ocena ich aktywno\u015bci przeciwdrobnoustrojowej i antyproliferacyjnej jako potencjalnych lek\u00f3w przeciwnowotworowych<\/td><\/tr><tr><td><strong>Promotor<\/strong><\/td><td>prof. dr. hab. Beata Godlewska-\u017by\u0142kiewicz<\/td><\/tr><tr><td><strong>Promotor pomocniczy<\/strong><\/td><td>dr Ana Sofia Cavalheiro Gama<\/td><\/tr><tr><td><strong>Wydzia\u0142 \/Katedra\/Zak\u0142ad<\/strong><\/td><td>Wydzia\u0142 Chemii \/ Katedra Chemii Analitycznej i Nieorganicznej \/ Zak\u0142ad Chemii Analitycznej<\/td><\/tr><tr><td><strong>Dzia\u0142alno\u015b\u0107 naukowo-badawcza<\/strong><\/td><td><\/td><\/tr><tr><td><strong>A.&nbsp;&nbsp;&nbsp;&nbsp;Publikacje naukowe<\/strong><\/td><td><\/td><\/tr><tr><td><strong>A1. Artyku\u0142y naukowe w czasopismach<\/strong><\/td><td><\/td><\/tr><tr><td><strong>A2. Monografie naukowe\/rozdzia\u0142y w monografiach<\/strong><\/td><td><\/td><\/tr><tr><td><strong>B. Konferencje naukowe<\/strong><\/td><td>International Symposium on Thermodynamics of Metal Complexes ISMEC 2021, Bia\u0142ystok, 16.06.2021 &#8211; 18.06.2021; Gama S., Bukrym R., Ryza I., <strong>Bary\u0142ka A.<\/strong>, Bretti C., Lando G., Brancato G., Akintola O., Plass W., De Stefano C., Godlewska-\u017by\u0142kiewicz B., Milea D.; poster &#8222;Multi-technique approach applied on the study of the coordination properties of 8-hydroxyquinoline-2-carboxylic acid towards divalent metal cations&#8221;<br><br>Konwersatorium Spektrometrii Atomowej, Bia\u0142ystok, 06.09.2021 &#8211; 08.09.2021; <strong>Bary\u0142ka A.<\/strong>, Le\u015bniewska B., poster &#8222;Eliminacja interferencji spektralnych podczas oznaczania platynowc\u00f3w metod\u0105 ICP-MS z zastosowaniem komory kolizyjno\/reakcyjnej&#8221;<\/td><\/tr><tr><td><strong>C. Granty<\/strong><\/td><td>&#8222;Metabolity tryptofanu i ich kompleksy metali jako nowe leki stosowane w leczeniu raka jelita grubego i regulacji mikrobioty ludzkiego jelita&#8221; (NCN, konkurs OPUS 20), kierownik projektu: dr Ana Sofia Cavalheiro Gama; rola w projekcie: stypendysta\/doktorant (2021-obecnie)<\/td><\/tr><tr><td><strong>D. Zrealizowane sta\u017ce<\/strong><\/td><td><strong>05.07.2021 \u2013 14.07.2021<\/strong> Uniwersytet Medyczny w Bia\u0142ymstoku, Centrum Bada\u0144 Klinicznych, Laboratorium Metabolomiki<\/td><\/tr><tr><td><strong>E. Inne aktywno\u015bci\/osi\u0105gni\u0119cia naukowe<\/strong><\/td><td><strong>Udzia\u0142 w wyk\u0142adach, warsztatach i szkoleniach:<\/strong><br><br>Chromatography Masterclass II: Consumables and Sample Loading \u2013 webinarium <br><br>Analiza pierwiastkowa za pomoc\u0105 spektrometr\u00f3w ICP-MS firmy Analytik Jena \u2013 webinarium <br><br>1st ISMEC \u2013 NECTAR Training School on the Determination, Analysis and Use of Thermodynamic Data, SOLvE \u2013 Advances in SOLution Equilibria \u2013mi\u0119dzynarodowa szko\u0142a <br><br>Praktyczne aspekty analizy wielopierwiastkowej w trybie single particle ICP-MS (SP-ICP-MS) &#8211; szkolenie <br><br>Nowoczesne i oszcz\u0119dne podej\u015bcie do techniki ICP-MS &#8211; szkolenie <br><br>Rentgenowska spektrometria fluorescencyjna z dyspersj\u0105 energii jako proste, szybkie i niezawodne narz\u0119dzie w ocenie zgodno\u015bci materia\u0142\u00f3w z dyrektyw\u0105 RoHS &#8211; szkolenie \u00a0 <br><br><strong>J<\/strong>ak poprawi\u0107 wydajno\u015b\u0107 oraz czu\u0142o\u015b\u0107 w spektrometrii ICP-OES &#8211; szkolenie <br><br>Analiza pr\u00f3bek \u015brodowiskowych na zawarto\u015b\u0107 rt\u0119ci, z u\u017cyciem najnowszych analizator\u00f3w firmy Nippon Instruments Corporation &#8211; szkolenie <br><br>Oznaczenia wielopierwiastkowe z zastosowaniem spektrometrii ICP-MS: mo\u017cliwo\u015bci analityczne techniki i oprogramowania &#8211; szkolenie <br><br>iCAP PRO \u2013 nowa generacja spektrometr\u00f3w ICP-OES &#8211; szkolenie<br><br><br>Uzyskanie Dyplomu Honorowego\u00a0 uko\u0144czenia II stopnia kierunku chemia<\/td><\/tr><tr><td><strong>Inna aktywno\u015b\u0107, np. organizacyjna<\/strong><\/td><td>Przynale\u017cno\u015b\u0107 do Komitetu Organizacyjnego Konwersatorium Spektrometrii Atomowej, 2021 <br><br>Przynale\u017cno\u015b\u0107 do Komitetu Organizacyjnego konferencji ISMEC2021 <br><br>Udzia\u0142 w przygotowaniach podczas \u201eMarcowych spotka\u0144 z nauk\u0105\u201d w ramach Dni Otwartych na Kampusie Uniwersytetu w Bia\u0142ymstoku<\/td><\/tr><\/tbody><\/table><\/figure>\n","protected":false},"excerpt":{"rendered":"<p>E-mail&nbsp; a.barylka@uwb.edu.pl Kod ORCID 0000-0002-4478-2919 Temat rozprawy doktorskiej Badanie zdolno\u015bci kompleksowania pochodnych tryptofanu jonami metali i ocena ich aktywno\u015bci przeciwdrobnoustrojowej i antyproliferacyjnej jako potencjalnych lek\u00f3w przeciwnowotworowych Promotor prof. dr. hab.&hellip;<\/p>\n","protected":false},"author":8,"featured_media":0,"parent":0,"menu_order":0,"comment_status":"closed","ping_status":"closed","template":"","meta":{"footnotes":""},"class_list":["post-594","page","type-page","status-publish","hentry"],"yoast_head":"<!-- This site is optimized with the Yoast SEO plugin v27.3 - https:\/\/yoast.com\/product\/yoast-seo-wordpress\/ -->\n<title>mgr Anna Bary\u0142ka - Szko\u0142a Doktorska Nauk \u015acis\u0142ych i Przyrodniczych UwB<\/title>\n<meta name=\"robots\" content=\"index, follow, max-snippet:-1, max-image-preview:large, max-video-preview:-1\" \/>\n<link rel=\"canonical\" href=\"https:\/\/szkolydoktorskie.uwb.edu.pl\/nsip\/mgr-anna-barylka\/\" \/>\n<meta property=\"og:locale\" content=\"pl_PL\" \/>\n<meta property=\"og:type\" content=\"article\" \/>\n<meta property=\"og:title\" content=\"mgr Anna Bary\u0142ka - Szko\u0142a Doktorska Nauk \u015acis\u0142ych i Przyrodniczych UwB\" \/>\n<meta property=\"og:description\" content=\"E-mail&nbsp; a.barylka@uwb.edu.pl Kod ORCID 0000-0002-4478-2919 Temat rozprawy doktorskiej Badanie zdolno\u015bci kompleksowania pochodnych tryptofanu jonami metali i ocena ich aktywno\u015bci przeciwdrobnoustrojowej i antyproliferacyjnej jako potencjalnych lek\u00f3w przeciwnowotworowych Promotor prof. dr. hab.&hellip;\" \/>\n<meta property=\"og:url\" content=\"https:\/\/szkolydoktorskie.uwb.edu.pl\/nsip\/mgr-anna-barylka\/\" \/>\n<meta property=\"og:site_name\" content=\"Szko\u0142a Doktorska Nauk \u015acis\u0142ych i Przyrodniczych UwB\" \/>\n<meta property=\"article:modified_time\" content=\"2023-03-15T10:52:16+00:00\" \/>\n<meta property=\"og:image\" content=\"https:\/\/szkolydoktorskie.uwb.edu.pl\/nsip\/wp-content\/uploads\/sites\/4\/2021\/12\/Anna-Barylka-zdjecie.jpg\" \/>\n<meta name=\"twitter:card\" content=\"summary_large_image\" \/>\n<meta name=\"twitter:label1\" content=\"Szacowany czas czytania\" \/>\n\t<meta name=\"twitter:data1\" content=\"2 minuty\" \/>\n<script type=\"application\/ld+json\" class=\"yoast-schema-graph\">{\"@context\":\"https:\\\/\\\/schema.org\",\"@graph\":[{\"@type\":\"WebPage\",\"@id\":\"https:\\\/\\\/szkolydoktorskie.uwb.edu.pl\\\/nsip\\\/mgr-anna-barylka\\\/\",\"url\":\"https:\\\/\\\/szkolydoktorskie.uwb.edu.pl\\\/nsip\\\/mgr-anna-barylka\\\/\",\"name\":\"mgr Anna Bary\u0142ka - Szko\u0142a Doktorska Nauk \u015acis\u0142ych i Przyrodniczych UwB\",\"isPartOf\":{\"@id\":\"https:\\\/\\\/szkolydoktorskie.uwb.edu.pl\\\/nsip\\\/#website\"},\"primaryImageOfPage\":{\"@id\":\"https:\\\/\\\/szkolydoktorskie.uwb.edu.pl\\\/nsip\\\/mgr-anna-barylka\\\/#primaryimage\"},\"image\":{\"@id\":\"https:\\\/\\\/szkolydoktorskie.uwb.edu.pl\\\/nsip\\\/mgr-anna-barylka\\\/#primaryimage\"},\"thumbnailUrl\":\"https:\\\/\\\/szkolydoktorskie.uwb.edu.pl\\\/nsip\\\/wp-content\\\/uploads\\\/sites\\\/4\\\/2021\\\/12\\\/Anna-Barylka-zdjecie.jpg\",\"datePublished\":\"2021-12-03T07:39:53+00:00\",\"dateModified\":\"2023-03-15T10:52:16+00:00\",\"breadcrumb\":{\"@id\":\"https:\\\/\\\/szkolydoktorskie.uwb.edu.pl\\\/nsip\\\/mgr-anna-barylka\\\/#breadcrumb\"},\"inLanguage\":\"pl-PL\",\"potentialAction\":[{\"@type\":\"ReadAction\",\"target\":[\"https:\\\/\\\/szkolydoktorskie.uwb.edu.pl\\\/nsip\\\/mgr-anna-barylka\\\/\"]}]},{\"@type\":\"ImageObject\",\"inLanguage\":\"pl-PL\",\"@id\":\"https:\\\/\\\/szkolydoktorskie.uwb.edu.pl\\\/nsip\\\/mgr-anna-barylka\\\/#primaryimage\",\"url\":\"https:\\\/\\\/szkolydoktorskie.uwb.edu.pl\\\/nsip\\\/wp-content\\\/uploads\\\/sites\\\/4\\\/2021\\\/12\\\/Anna-Barylka-zdjecie.jpg\",\"contentUrl\":\"https:\\\/\\\/szkolydoktorskie.uwb.edu.pl\\\/nsip\\\/wp-content\\\/uploads\\\/sites\\\/4\\\/2021\\\/12\\\/Anna-Barylka-zdjecie.jpg\",\"width\":361,\"height\":464},{\"@type\":\"BreadcrumbList\",\"@id\":\"https:\\\/\\\/szkolydoktorskie.uwb.edu.pl\\\/nsip\\\/mgr-anna-barylka\\\/#breadcrumb\",\"itemListElement\":[{\"@type\":\"ListItem\",\"position\":1,\"name\":\"Strona g\u0142\u00f3wna\",\"item\":\"https:\\\/\\\/szkolydoktorskie.uwb.edu.pl\\\/nsip\\\/\"},{\"@type\":\"ListItem\",\"position\":2,\"name\":\"mgr Anna Bary\u0142ka\"}]},{\"@type\":\"WebSite\",\"@id\":\"https:\\\/\\\/szkolydoktorskie.uwb.edu.pl\\\/nsip\\\/#website\",\"url\":\"https:\\\/\\\/szkolydoktorskie.uwb.edu.pl\\\/nsip\\\/\",\"name\":\"Szko\u0142a Doktorska Nauk \u015acis\u0142ych i Przyrodniczych UwB\",\"description\":\"Szko\u0142a Doktorska Nauk \u015acis\u0142ych i Przyrodniczych UwB\",\"publisher\":{\"@id\":\"https:\\\/\\\/szkolydoktorskie.uwb.edu.pl\\\/nsip\\\/#organization\"},\"potentialAction\":[{\"@type\":\"SearchAction\",\"target\":{\"@type\":\"EntryPoint\",\"urlTemplate\":\"https:\\\/\\\/szkolydoktorskie.uwb.edu.pl\\\/nsip\\\/?s={search_term_string}\"},\"query-input\":{\"@type\":\"PropertyValueSpecification\",\"valueRequired\":true,\"valueName\":\"search_term_string\"}}],\"inLanguage\":\"pl-PL\"},{\"@type\":\"Organization\",\"@id\":\"https:\\\/\\\/szkolydoktorskie.uwb.edu.pl\\\/nsip\\\/#organization\",\"name\":\"Szko\u0142a Doktorska Nauk \u015acis\u0142ych i Przyrodniczych UwB\",\"url\":\"https:\\\/\\\/szkolydoktorskie.uwb.edu.pl\\\/nsip\\\/\",\"logo\":{\"@type\":\"ImageObject\",\"inLanguage\":\"pl-PL\",\"@id\":\"https:\\\/\\\/szkolydoktorskie.uwb.edu.pl\\\/nsip\\\/#\\\/schema\\\/logo\\\/image\\\/\",\"url\":\"https:\\\/\\\/szkolydoktorskie.uwb.edu.pl\\\/nsip\\\/wp-content\\\/uploads\\\/sites\\\/4\\\/2021\\\/04\\\/cropped-LOGO-NSIP.png\",\"contentUrl\":\"https:\\\/\\\/szkolydoktorskie.uwb.edu.pl\\\/nsip\\\/wp-content\\\/uploads\\\/sites\\\/4\\\/2021\\\/04\\\/cropped-LOGO-NSIP.png\",\"width\":705,\"height\":188,\"caption\":\"Szko\u0142a Doktorska Nauk \u015acis\u0142ych i Przyrodniczych UwB\"},\"image\":{\"@id\":\"https:\\\/\\\/szkolydoktorskie.uwb.edu.pl\\\/nsip\\\/#\\\/schema\\\/logo\\\/image\\\/\"}}]}<\/script>\n<!-- \/ Yoast SEO plugin. -->","yoast_head_json":{"title":"mgr Anna Bary\u0142ka - Szko\u0142a Doktorska Nauk \u015acis\u0142ych i Przyrodniczych UwB","robots":{"index":"index","follow":"follow","max-snippet":"max-snippet:-1","max-image-preview":"max-image-preview:large","max-video-preview":"max-video-preview:-1"},"canonical":"https:\/\/szkolydoktorskie.uwb.edu.pl\/nsip\/mgr-anna-barylka\/","og_locale":"pl_PL","og_type":"article","og_title":"mgr Anna Bary\u0142ka - Szko\u0142a Doktorska Nauk \u015acis\u0142ych i Przyrodniczych UwB","og_description":"E-mail&nbsp; a.barylka@uwb.edu.pl Kod ORCID 0000-0002-4478-2919 Temat rozprawy doktorskiej Badanie zdolno\u015bci kompleksowania pochodnych tryptofanu jonami metali i ocena ich aktywno\u015bci przeciwdrobnoustrojowej i antyproliferacyjnej jako potencjalnych lek\u00f3w przeciwnowotworowych Promotor prof. dr. hab.&hellip;","og_url":"https:\/\/szkolydoktorskie.uwb.edu.pl\/nsip\/mgr-anna-barylka\/","og_site_name":"Szko\u0142a Doktorska Nauk \u015acis\u0142ych i Przyrodniczych UwB","article_modified_time":"2023-03-15T10:52:16+00:00","og_image":[{"url":"https:\/\/szkolydoktorskie.uwb.edu.pl\/nsip\/wp-content\/uploads\/sites\/4\/2021\/12\/Anna-Barylka-zdjecie.jpg","type":"","width":"","height":""}],"twitter_card":"summary_large_image","twitter_misc":{"Szacowany czas czytania":"2 minuty"},"schema":{"@context":"https:\/\/schema.org","@graph":[{"@type":"WebPage","@id":"https:\/\/szkolydoktorskie.uwb.edu.pl\/nsip\/mgr-anna-barylka\/","url":"https:\/\/szkolydoktorskie.uwb.edu.pl\/nsip\/mgr-anna-barylka\/","name":"mgr Anna Bary\u0142ka - Szko\u0142a Doktorska Nauk \u015acis\u0142ych i Przyrodniczych UwB","isPartOf":{"@id":"https:\/\/szkolydoktorskie.uwb.edu.pl\/nsip\/#website"},"primaryImageOfPage":{"@id":"https:\/\/szkolydoktorskie.uwb.edu.pl\/nsip\/mgr-anna-barylka\/#primaryimage"},"image":{"@id":"https:\/\/szkolydoktorskie.uwb.edu.pl\/nsip\/mgr-anna-barylka\/#primaryimage"},"thumbnailUrl":"https:\/\/szkolydoktorskie.uwb.edu.pl\/nsip\/wp-content\/uploads\/sites\/4\/2021\/12\/Anna-Barylka-zdjecie.jpg","datePublished":"2021-12-03T07:39:53+00:00","dateModified":"2023-03-15T10:52:16+00:00","breadcrumb":{"@id":"https:\/\/szkolydoktorskie.uwb.edu.pl\/nsip\/mgr-anna-barylka\/#breadcrumb"},"inLanguage":"pl-PL","potentialAction":[{"@type":"ReadAction","target":["https:\/\/szkolydoktorskie.uwb.edu.pl\/nsip\/mgr-anna-barylka\/"]}]},{"@type":"ImageObject","inLanguage":"pl-PL","@id":"https:\/\/szkolydoktorskie.uwb.edu.pl\/nsip\/mgr-anna-barylka\/#primaryimage","url":"https:\/\/szkolydoktorskie.uwb.edu.pl\/nsip\/wp-content\/uploads\/sites\/4\/2021\/12\/Anna-Barylka-zdjecie.jpg","contentUrl":"https:\/\/szkolydoktorskie.uwb.edu.pl\/nsip\/wp-content\/uploads\/sites\/4\/2021\/12\/Anna-Barylka-zdjecie.jpg","width":361,"height":464},{"@type":"BreadcrumbList","@id":"https:\/\/szkolydoktorskie.uwb.edu.pl\/nsip\/mgr-anna-barylka\/#breadcrumb","itemListElement":[{"@type":"ListItem","position":1,"name":"Strona g\u0142\u00f3wna","item":"https:\/\/szkolydoktorskie.uwb.edu.pl\/nsip\/"},{"@type":"ListItem","position":2,"name":"mgr Anna Bary\u0142ka"}]},{"@type":"WebSite","@id":"https:\/\/szkolydoktorskie.uwb.edu.pl\/nsip\/#website","url":"https:\/\/szkolydoktorskie.uwb.edu.pl\/nsip\/","name":"Szko\u0142a Doktorska Nauk \u015acis\u0142ych i Przyrodniczych UwB","description":"Szko\u0142a Doktorska Nauk \u015acis\u0142ych i Przyrodniczych UwB","publisher":{"@id":"https:\/\/szkolydoktorskie.uwb.edu.pl\/nsip\/#organization"},"potentialAction":[{"@type":"SearchAction","target":{"@type":"EntryPoint","urlTemplate":"https:\/\/szkolydoktorskie.uwb.edu.pl\/nsip\/?s={search_term_string}"},"query-input":{"@type":"PropertyValueSpecification","valueRequired":true,"valueName":"search_term_string"}}],"inLanguage":"pl-PL"},{"@type":"Organization","@id":"https:\/\/szkolydoktorskie.uwb.edu.pl\/nsip\/#organization","name":"Szko\u0142a Doktorska Nauk \u015acis\u0142ych i Przyrodniczych UwB","url":"https:\/\/szkolydoktorskie.uwb.edu.pl\/nsip\/","logo":{"@type":"ImageObject","inLanguage":"pl-PL","@id":"https:\/\/szkolydoktorskie.uwb.edu.pl\/nsip\/#\/schema\/logo\/image\/","url":"https:\/\/szkolydoktorskie.uwb.edu.pl\/nsip\/wp-content\/uploads\/sites\/4\/2021\/04\/cropped-LOGO-NSIP.png","contentUrl":"https:\/\/szkolydoktorskie.uwb.edu.pl\/nsip\/wp-content\/uploads\/sites\/4\/2021\/04\/cropped-LOGO-NSIP.png","width":705,"height":188,"caption":"Szko\u0142a Doktorska Nauk \u015acis\u0142ych i Przyrodniczych UwB"},"image":{"@id":"https:\/\/szkolydoktorskie.uwb.edu.pl\/nsip\/#\/schema\/logo\/image\/"}}]}},"_links":{"self":[{"href":"https:\/\/szkolydoktorskie.uwb.edu.pl\/nsip\/wp-json\/wp\/v2\/pages\/594","targetHints":{"allow":["GET"]}}],"collection":[{"href":"https:\/\/szkolydoktorskie.uwb.edu.pl\/nsip\/wp-json\/wp\/v2\/pages"}],"about":[{"href":"https:\/\/szkolydoktorskie.uwb.edu.pl\/nsip\/wp-json\/wp\/v2\/types\/page"}],"author":[{"embeddable":true,"href":"https:\/\/szkolydoktorskie.uwb.edu.pl\/nsip\/wp-json\/wp\/v2\/users\/8"}],"replies":[{"embeddable":true,"href":"https:\/\/szkolydoktorskie.uwb.edu.pl\/nsip\/wp-json\/wp\/v2\/comments?post=594"}],"version-history":[{"count":5,"href":"https:\/\/szkolydoktorskie.uwb.edu.pl\/nsip\/wp-json\/wp\/v2\/pages\/594\/revisions"}],"predecessor-version":[{"id":2305,"href":"https:\/\/szkolydoktorskie.uwb.edu.pl\/nsip\/wp-json\/wp\/v2\/pages\/594\/revisions\/2305"}],"wp:attachment":[{"href":"https:\/\/szkolydoktorskie.uwb.edu.pl\/nsip\/wp-json\/wp\/v2\/media?parent=594"}],"curies":[{"name":"wp","href":"https:\/\/api.w.org\/{rel}","templated":true}]}}