{"id":5,"date":"2021-04-16T00:52:24","date_gmt":"2021-04-15T22:52:24","guid":{"rendered":"https:\/\/szkolydoktorskie.uwb.edu.pl\/ns\/?page_id=5"},"modified":"2023-03-08T11:27:04","modified_gmt":"2023-03-08T10:27:04","slug":"o-szkole","status":"publish","type":"page","link":"https:\/\/szkolydoktorskie.uwb.edu.pl\/nsip\/o-szkole\/","title":{"rendered":"O szkole"},"content":{"rendered":"\n<blockquote class=\"wp-block-quote has-text-align-center is-layout-flow wp-block-quote-is-layout-flow\">\n<p><strong>Szko\u0142a Doktorska Nauk \u015acis\u0142ych i Przyrodniczych UwB<\/strong><\/p>\n<\/blockquote>\n\n\n\n<p>Od roku akademickiego 2019\/2020 dotychczasowe studia doktoranckie zosta\u0142y zast\u0105pione kszta\u0142ceniem doktorant\u00f3w w nowych instytucjach &#8211;&nbsp;<strong>szko\u0142ach doktorskich.<\/strong>&nbsp;W wyniku reformy szkolnictwa wy\u017cszego wprowadzanej przepisami&nbsp;<em>ustawy z dnia 20 lipca 2018 r. Prawo o szkolnictwie wy\u017cszym i nauce<\/em>, czyli tzw. Ustawy 2.0 osoby zainteresowanie prowadzeniem bada\u0144 naukowych oraz uzyskaniem kwalifikacji III stopnia, czyli doktora, mog\u0105 aplikowa\u0107 do szk\u00f3\u0142 doktorskich.<\/p>\n\n\n\n<p>W Uniwersytecie w Bia\u0142ymstoku powo\u0142ano trzy szko\u0142y doktorskie zgodnie z&nbsp;<em>Zarz\u0105dzeniem nr 8 Rektora UwB z dnia 27.03.2019 r. w sprawie utworzenia szk\u00f3\u0142 doktorskich:<\/em><\/p>\n\n\n\n<ul class=\"wp-block-list\">\n<li>Szko\u0142\u0119 Doktorsk\u0105 Nauk Humanistycznych;<\/li>\n\n\n\n<li>Szko\u0142\u0119 Doktorsk\u0105 Nauk Spo\u0142ecznych;<\/li>\n\n\n\n<li><strong>Szko\u0142\u0119 Doktorsk\u0105 Nauk \u015acis\u0142ych i Przyrodniczych.<\/strong><\/li>\n<\/ul>\n\n\n\n<hr class=\"wp-block-separator has-css-opacity\" \/>\n\n\n\n<p><strong>Szko\u0142a Doktorska Nauk \u015acis\u0142ych i Przyrodniczych<\/strong> kszta\u0142ci doktorant\u00f3w w zakresie dyscyplin:<\/p>\n\n\n\n<ul class=\"wp-block-list\">\n<li><a href=\"https:\/\/irk2.uwb.edu.pl\/pl\/offer\/SD2023\/programme\/SDNSiP_NB\/?from=field:NB\">nauki biologiczne<\/a><\/li>\n\n\n\n<li><a href=\"https:\/\/irk2.uwb.edu.pl\/pl\/offer\/SD2023\/programme\/SDNSiP_NCH\/?from=field:NCh\">nauki chemiczne<\/a>&nbsp;<\/li>\n\n\n\n<li><a href=\"https:\/\/irk2.uwb.edu.pl\/pl\/offer\/SD2023\/programme\/SDNSiP_NF\/?from=field:NF\">nauki fizyczne<\/a><\/li>\n\n\n\n<li><a href=\"https:\/\/irk2.uwb.edu.pl\/pl\/offer\/SD2023\/programme\/SDNSiP_M\/?from=field:M\">matematyka<\/a>&nbsp;<\/li>\n<\/ul>\n\n\n\n<hr class=\"wp-block-separator has-css-opacity\" \/>\n\n\n\n<p><strong>Organizacj\u0119 kszta\u0142cenia<\/strong>\u00a0w Szkole Doktorskiej Nauk \u015acis\u0142ych i Przyrodniczych dzia\u0142aj\u0105cej na Uniwersytecie w Bia\u0142ymstoku okre\u015bla<strong> <a href=\"https:\/\/szkolydoktorskie.uwb.edu.pl\/nsip\/wp-content\/uploads\/sites\/4\/2023\/03\/Regulamin-SDNSiP-od-2023_2024.pdf\">Regulamin<\/a><\/strong>.\u00a0Obecnie w Szkole Doktorskiej Nauk \u015acis\u0142ych i Przyrodniczych UwB kszta\u0142ci si\u0119\u00a0<strong>trzydziestu doktorant\u00f3w<\/strong> w ramach trzech dyscyplin. W roku akademickim 2022\/2023 w ramach dyscypliny nauki fizyczne uruchomiono kszta\u0142cenie w j\u0119zyku angielskim.<\/p>\n\n\n\n<hr class=\"wp-block-separator has-css-opacity\" \/>\n\n\n\n<p><strong>W\u0142adze&nbsp;<br><\/strong><\/p>\n\n\n\n<p>Dyrektor Szko\u0142y Doktorskiej Nauk \u015acis\u0142ych i Przyrodniczych<\/p>\n\n\n\n<p>Uniwersytetu w Bia\u0142ymstoku<\/p>\n\n\n\n<p><strong>dr hab. Monika Naumowicz, prof. UwB<\/strong><\/p>\n\n\n\n<hr class=\"wp-block-separator has-css-opacity\" \/>\n\n\n\n<p><strong>Komisja ds. jako\u015bci kszta\u0142cenia<\/strong><\/p>\n\n\n\n<p><a href=\"https:\/\/www.uwb.edu.pl\/uploads\/tiny\/SZKO%C5%81Y%20DOKTORSKIE\/Za%C5%82%2014-_Zespol_ds__jakosci_Ksztalcenia.pdf\">Decyzja nr 1 Rektora Uniwersytetu w Bia\u0142ymstoku z dnia 3 stycznia 2020 r. w sprawie powo\u0142ania Uczelnianego Zespo\u0142u ds. Jako\u015bci Kszta\u0142cenia<\/a><\/p>\n\n\n\n<p>dr hab. Monika Naumowicz, prof. UwB \u2013 Przewodnicz\u0105ca Komisji<\/p>\n\n\n\n<p>prof. dr hab. Joanna Karpi\u0144ska<\/p>\n\n\n\n<p>dr hab. Andrzej Bajguz, prof. UwB<\/p>\n\n\n\n<p>dr hab. Dariusz Satu\u0142a, prof. UwB<\/p>\n\n\n\n<p>dr hab. Bartosz Kwa\u015bniewski, prof. UwB<\/p>\n\n\n\n<p>mgr Izabela Kurowska \u2013 przedstawiciel doktorant\u00f3w<\/p>\n\n\n\n<p><strong>SPRAWOZDANIE Z DZIA\u0141ANIA SYSTEMU ZAPEWNIENIA JAKO\u015aCI KSZTA\u0141CENIA<\/strong>:<\/p>\n\n\n\n<ul class=\"wp-block-list\">\n<li><a href=\"https:\/\/www.uwb.edu.pl\/uploads\/tiny\/SPRAWOZDANIE%20SDNSiP_2019_2020%2030.11.2020.pdf\">W ROKU AKADEMICKIM 2019\/2020<\/a><strong>&nbsp;<\/strong><\/li>\n\n\n\n<li><a href=\"https:\/\/szkolydoktorskie.uwb.edu.pl\/nsip\/wp-content\/uploads\/sites\/4\/2022\/01\/SPRAWOZDANIE-SDNSiP_2020_2021.pdf\">W ROKU AKADEMICKIM 2020\/2021<\/a><\/li>\n<\/ul>\n\n\n\n<hr class=\"wp-block-separator has-css-opacity\" \/>\n\n\n\n<p><strong>Wydzia\u0142y konstytuuj\u0105ce Szko\u0142\u0119 Doktorsk\u0105<\/strong><\/p>\n\n\n\n<ul class=\"wp-block-list\">\n<li><a href=\"https:\/\/biologia.uwb.edu.pl\/\" target=\"_blank\" rel=\"noreferrer noopener\">Wydzia\u0142 Biologii<\/a><\/li>\n\n\n\n<li><a href=\"https:\/\/chemia.uwb.edu.pl\/\" target=\"_blank\" rel=\"noreferrer noopener\">Wydzia\u0142 Chemii<\/a><\/li>\n\n\n\n<li><a href=\"http:\/\/physics.uwb.edu.pl\/wf\/?lang=pl\" target=\"_blank\" rel=\"noreferrer noopener\">Wydzia\u0142 Fizyki<\/a><\/li>\n\n\n\n<li><a href=\"https:\/\/matematyka.uwb.edu.pl\/\">Wydzia\u0142 Matematyki<\/a>&nbsp;&nbsp;<\/li>\n<\/ul>\n","protected":false},"excerpt":{"rendered":"<p>Szko\u0142a Doktorska Nauk \u015acis\u0142ych i Przyrodniczych UwB Od roku akademickiego 2019\/2020 dotychczasowe studia doktoranckie zosta\u0142y zast\u0105pione kszta\u0142ceniem doktorant\u00f3w w nowych instytucjach &#8211;&nbsp;szko\u0142ach doktorskich.&nbsp;W wyniku reformy szkolnictwa wy\u017cszego wprowadzanej przepisami&nbsp;ustawy z&hellip;<\/p>\n","protected":false},"author":1,"featured_media":271,"parent":0,"menu_order":0,"comment_status":"closed","ping_status":"closed","template":"","meta":{"footnotes":""},"class_list":["post-5","page","type-page","status-publish","has-post-thumbnail","hentry"],"yoast_head":"<!-- This site is optimized with the Yoast SEO plugin v27.3 - https:\/\/yoast.com\/product\/yoast-seo-wordpress\/ -->\n<title>O szkole - Szko\u0142a Doktorska Nauk \u015acis\u0142ych i Przyrodniczych UwB<\/title>\n<meta name=\"robots\" content=\"index, follow, max-snippet:-1, max-image-preview:large, max-video-preview:-1\" \/>\n<link rel=\"canonical\" href=\"https:\/\/szkolydoktorskie.uwb.edu.pl\/nsip\/o-szkole\/\" \/>\n<meta property=\"og:locale\" content=\"pl_PL\" \/>\n<meta property=\"og:type\" content=\"article\" \/>\n<meta property=\"og:title\" content=\"O szkole - Szko\u0142a Doktorska Nauk \u015acis\u0142ych i Przyrodniczych UwB\" \/>\n<meta property=\"og:description\" content=\"Szko\u0142a Doktorska Nauk \u015acis\u0142ych i Przyrodniczych UwB Od roku akademickiego 2019\/2020 dotychczasowe studia doktoranckie zosta\u0142y zast\u0105pione kszta\u0142ceniem doktorant\u00f3w w nowych instytucjach &#8211;&nbsp;szko\u0142ach doktorskich.&nbsp;W wyniku reformy szkolnictwa wy\u017cszego wprowadzanej przepisami&nbsp;ustawy z&hellip;\" \/>\n<meta property=\"og:url\" content=\"https:\/\/szkolydoktorskie.uwb.edu.pl\/nsip\/o-szkole\/\" \/>\n<meta property=\"og:site_name\" content=\"Szko\u0142a Doktorska Nauk \u015acis\u0142ych i Przyrodniczych UwB\" \/>\n<meta property=\"article:modified_time\" content=\"2023-03-08T10:27:04+00:00\" \/>\n<meta property=\"og:image\" content=\"https:\/\/szkolydoktorskie.uwb.edu.pl\/nsip\/wp-content\/uploads\/sites\/4\/2021\/05\/1-1.png\" \/>\n\t<meta property=\"og:image:width\" content=\"1200\" \/>\n\t<meta property=\"og:image:height\" content=\"600\" \/>\n\t<meta property=\"og:image:type\" content=\"image\/png\" \/>\n<meta name=\"twitter:card\" content=\"summary_large_image\" \/>\n<meta name=\"twitter:label1\" content=\"Szacowany czas czytania\" \/>\n\t<meta name=\"twitter:data1\" content=\"2 minuty\" \/>\n<script type=\"application\/ld+json\" class=\"yoast-schema-graph\">{\"@context\":\"https:\\\/\\\/schema.org\",\"@graph\":[{\"@type\":\"WebPage\",\"@id\":\"https:\\\/\\\/szkolydoktorskie.uwb.edu.pl\\\/nsip\\\/o-szkole\\\/\",\"url\":\"https:\\\/\\\/szkolydoktorskie.uwb.edu.pl\\\/nsip\\\/o-szkole\\\/\",\"name\":\"O szkole - Szko\u0142a Doktorska Nauk \u015acis\u0142ych i Przyrodniczych UwB\",\"isPartOf\":{\"@id\":\"https:\\\/\\\/szkolydoktorskie.uwb.edu.pl\\\/nsip\\\/#website\"},\"primaryImageOfPage\":{\"@id\":\"https:\\\/\\\/szkolydoktorskie.uwb.edu.pl\\\/nsip\\\/o-szkole\\\/#primaryimage\"},\"image\":{\"@id\":\"https:\\\/\\\/szkolydoktorskie.uwb.edu.pl\\\/nsip\\\/o-szkole\\\/#primaryimage\"},\"thumbnailUrl\":\"https:\\\/\\\/szkolydoktorskie.uwb.edu.pl\\\/nsip\\\/wp-content\\\/uploads\\\/sites\\\/4\\\/2021\\\/05\\\/1-1.png\",\"datePublished\":\"2021-04-15T22:52:24+00:00\",\"dateModified\":\"2023-03-08T10:27:04+00:00\",\"breadcrumb\":{\"@id\":\"https:\\\/\\\/szkolydoktorskie.uwb.edu.pl\\\/nsip\\\/o-szkole\\\/#breadcrumb\"},\"inLanguage\":\"pl-PL\",\"potentialAction\":[{\"@type\":\"ReadAction\",\"target\":[\"https:\\\/\\\/szkolydoktorskie.uwb.edu.pl\\\/nsip\\\/o-szkole\\\/\"]}]},{\"@type\":\"ImageObject\",\"inLanguage\":\"pl-PL\",\"@id\":\"https:\\\/\\\/szkolydoktorskie.uwb.edu.pl\\\/nsip\\\/o-szkole\\\/#primaryimage\",\"url\":\"https:\\\/\\\/szkolydoktorskie.uwb.edu.pl\\\/nsip\\\/wp-content\\\/uploads\\\/sites\\\/4\\\/2021\\\/05\\\/1-1.png\",\"contentUrl\":\"https:\\\/\\\/szkolydoktorskie.uwb.edu.pl\\\/nsip\\\/wp-content\\\/uploads\\\/sites\\\/4\\\/2021\\\/05\\\/1-1.png\",\"width\":1200,\"height\":600},{\"@type\":\"BreadcrumbList\",\"@id\":\"https:\\\/\\\/szkolydoktorskie.uwb.edu.pl\\\/nsip\\\/o-szkole\\\/#breadcrumb\",\"itemListElement\":[{\"@type\":\"ListItem\",\"position\":1,\"name\":\"Strona g\u0142\u00f3wna\",\"item\":\"https:\\\/\\\/szkolydoktorskie.uwb.edu.pl\\\/nsip\\\/\"},{\"@type\":\"ListItem\",\"position\":2,\"name\":\"O szkole\"}]},{\"@type\":\"WebSite\",\"@id\":\"https:\\\/\\\/szkolydoktorskie.uwb.edu.pl\\\/nsip\\\/#website\",\"url\":\"https:\\\/\\\/szkolydoktorskie.uwb.edu.pl\\\/nsip\\\/\",\"name\":\"Szko\u0142a Doktorska Nauk \u015acis\u0142ych i Przyrodniczych UwB\",\"description\":\"Szko\u0142a Doktorska Nauk \u015acis\u0142ych i Przyrodniczych UwB\",\"publisher\":{\"@id\":\"https:\\\/\\\/szkolydoktorskie.uwb.edu.pl\\\/nsip\\\/#organization\"},\"potentialAction\":[{\"@type\":\"SearchAction\",\"target\":{\"@type\":\"EntryPoint\",\"urlTemplate\":\"https:\\\/\\\/szkolydoktorskie.uwb.edu.pl\\\/nsip\\\/?s={search_term_string}\"},\"query-input\":{\"@type\":\"PropertyValueSpecification\",\"valueRequired\":true,\"valueName\":\"search_term_string\"}}],\"inLanguage\":\"pl-PL\"},{\"@type\":\"Organization\",\"@id\":\"https:\\\/\\\/szkolydoktorskie.uwb.edu.pl\\\/nsip\\\/#organization\",\"name\":\"Szko\u0142a Doktorska Nauk \u015acis\u0142ych i Przyrodniczych UwB\",\"url\":\"https:\\\/\\\/szkolydoktorskie.uwb.edu.pl\\\/nsip\\\/\",\"logo\":{\"@type\":\"ImageObject\",\"inLanguage\":\"pl-PL\",\"@id\":\"https:\\\/\\\/szkolydoktorskie.uwb.edu.pl\\\/nsip\\\/#\\\/schema\\\/logo\\\/image\\\/\",\"url\":\"https:\\\/\\\/szkolydoktorskie.uwb.edu.pl\\\/nsip\\\/wp-content\\\/uploads\\\/sites\\\/4\\\/2021\\\/04\\\/cropped-LOGO-NSIP.png\",\"contentUrl\":\"https:\\\/\\\/szkolydoktorskie.uwb.edu.pl\\\/nsip\\\/wp-content\\\/uploads\\\/sites\\\/4\\\/2021\\\/04\\\/cropped-LOGO-NSIP.png\",\"width\":705,\"height\":188,\"caption\":\"Szko\u0142a Doktorska Nauk \u015acis\u0142ych i Przyrodniczych UwB\"},\"image\":{\"@id\":\"https:\\\/\\\/szkolydoktorskie.uwb.edu.pl\\\/nsip\\\/#\\\/schema\\\/logo\\\/image\\\/\"}}]}<\/script>\n<!-- \/ Yoast SEO plugin. -->","yoast_head_json":{"title":"O szkole - Szko\u0142a Doktorska Nauk \u015acis\u0142ych i Przyrodniczych UwB","robots":{"index":"index","follow":"follow","max-snippet":"max-snippet:-1","max-image-preview":"max-image-preview:large","max-video-preview":"max-video-preview:-1"},"canonical":"https:\/\/szkolydoktorskie.uwb.edu.pl\/nsip\/o-szkole\/","og_locale":"pl_PL","og_type":"article","og_title":"O szkole - Szko\u0142a Doktorska Nauk \u015acis\u0142ych i Przyrodniczych UwB","og_description":"Szko\u0142a Doktorska Nauk \u015acis\u0142ych i Przyrodniczych UwB Od roku akademickiego 2019\/2020 dotychczasowe studia doktoranckie zosta\u0142y zast\u0105pione kszta\u0142ceniem doktorant\u00f3w w nowych instytucjach &#8211;&nbsp;szko\u0142ach doktorskich.&nbsp;W wyniku reformy szkolnictwa wy\u017cszego wprowadzanej przepisami&nbsp;ustawy z&hellip;","og_url":"https:\/\/szkolydoktorskie.uwb.edu.pl\/nsip\/o-szkole\/","og_site_name":"Szko\u0142a Doktorska Nauk \u015acis\u0142ych i Przyrodniczych UwB","article_modified_time":"2023-03-08T10:27:04+00:00","og_image":[{"width":1200,"height":600,"url":"https:\/\/szkolydoktorskie.uwb.edu.pl\/nsip\/wp-content\/uploads\/sites\/4\/2021\/05\/1-1.png","type":"image\/png"}],"twitter_card":"summary_large_image","twitter_misc":{"Szacowany czas czytania":"2 minuty"},"schema":{"@context":"https:\/\/schema.org","@graph":[{"@type":"WebPage","@id":"https:\/\/szkolydoktorskie.uwb.edu.pl\/nsip\/o-szkole\/","url":"https:\/\/szkolydoktorskie.uwb.edu.pl\/nsip\/o-szkole\/","name":"O szkole - Szko\u0142a Doktorska Nauk \u015acis\u0142ych i Przyrodniczych UwB","isPartOf":{"@id":"https:\/\/szkolydoktorskie.uwb.edu.pl\/nsip\/#website"},"primaryImageOfPage":{"@id":"https:\/\/szkolydoktorskie.uwb.edu.pl\/nsip\/o-szkole\/#primaryimage"},"image":{"@id":"https:\/\/szkolydoktorskie.uwb.edu.pl\/nsip\/o-szkole\/#primaryimage"},"thumbnailUrl":"https:\/\/szkolydoktorskie.uwb.edu.pl\/nsip\/wp-content\/uploads\/sites\/4\/2021\/05\/1-1.png","datePublished":"2021-04-15T22:52:24+00:00","dateModified":"2023-03-08T10:27:04+00:00","breadcrumb":{"@id":"https:\/\/szkolydoktorskie.uwb.edu.pl\/nsip\/o-szkole\/#breadcrumb"},"inLanguage":"pl-PL","potentialAction":[{"@type":"ReadAction","target":["https:\/\/szkolydoktorskie.uwb.edu.pl\/nsip\/o-szkole\/"]}]},{"@type":"ImageObject","inLanguage":"pl-PL","@id":"https:\/\/szkolydoktorskie.uwb.edu.pl\/nsip\/o-szkole\/#primaryimage","url":"https:\/\/szkolydoktorskie.uwb.edu.pl\/nsip\/wp-content\/uploads\/sites\/4\/2021\/05\/1-1.png","contentUrl":"https:\/\/szkolydoktorskie.uwb.edu.pl\/nsip\/wp-content\/uploads\/sites\/4\/2021\/05\/1-1.png","width":1200,"height":600},{"@type":"BreadcrumbList","@id":"https:\/\/szkolydoktorskie.uwb.edu.pl\/nsip\/o-szkole\/#breadcrumb","itemListElement":[{"@type":"ListItem","position":1,"name":"Strona g\u0142\u00f3wna","item":"https:\/\/szkolydoktorskie.uwb.edu.pl\/nsip\/"},{"@type":"ListItem","position":2,"name":"O szkole"}]},{"@type":"WebSite","@id":"https:\/\/szkolydoktorskie.uwb.edu.pl\/nsip\/#website","url":"https:\/\/szkolydoktorskie.uwb.edu.pl\/nsip\/","name":"Szko\u0142a Doktorska Nauk \u015acis\u0142ych i Przyrodniczych UwB","description":"Szko\u0142a Doktorska Nauk \u015acis\u0142ych i Przyrodniczych UwB","publisher":{"@id":"https:\/\/szkolydoktorskie.uwb.edu.pl\/nsip\/#organization"},"potentialAction":[{"@type":"SearchAction","target":{"@type":"EntryPoint","urlTemplate":"https:\/\/szkolydoktorskie.uwb.edu.pl\/nsip\/?s={search_term_string}"},"query-input":{"@type":"PropertyValueSpecification","valueRequired":true,"valueName":"search_term_string"}}],"inLanguage":"pl-PL"},{"@type":"Organization","@id":"https:\/\/szkolydoktorskie.uwb.edu.pl\/nsip\/#organization","name":"Szko\u0142a Doktorska Nauk \u015acis\u0142ych i Przyrodniczych UwB","url":"https:\/\/szkolydoktorskie.uwb.edu.pl\/nsip\/","logo":{"@type":"ImageObject","inLanguage":"pl-PL","@id":"https:\/\/szkolydoktorskie.uwb.edu.pl\/nsip\/#\/schema\/logo\/image\/","url":"https:\/\/szkolydoktorskie.uwb.edu.pl\/nsip\/wp-content\/uploads\/sites\/4\/2021\/04\/cropped-LOGO-NSIP.png","contentUrl":"https:\/\/szkolydoktorskie.uwb.edu.pl\/nsip\/wp-content\/uploads\/sites\/4\/2021\/04\/cropped-LOGO-NSIP.png","width":705,"height":188,"caption":"Szko\u0142a Doktorska Nauk \u015acis\u0142ych i Przyrodniczych UwB"},"image":{"@id":"https:\/\/szkolydoktorskie.uwb.edu.pl\/nsip\/#\/schema\/logo\/image\/"}}]}},"_links":{"self":[{"href":"https:\/\/szkolydoktorskie.uwb.edu.pl\/nsip\/wp-json\/wp\/v2\/pages\/5","targetHints":{"allow":["GET"]}}],"collection":[{"href":"https:\/\/szkolydoktorskie.uwb.edu.pl\/nsip\/wp-json\/wp\/v2\/pages"}],"about":[{"href":"https:\/\/szkolydoktorskie.uwb.edu.pl\/nsip\/wp-json\/wp\/v2\/types\/page"}],"author":[{"embeddable":true,"href":"https:\/\/szkolydoktorskie.uwb.edu.pl\/nsip\/wp-json\/wp\/v2\/users\/1"}],"replies":[{"embeddable":true,"href":"https:\/\/szkolydoktorskie.uwb.edu.pl\/nsip\/wp-json\/wp\/v2\/comments?post=5"}],"version-history":[{"count":22,"href":"https:\/\/szkolydoktorskie.uwb.edu.pl\/nsip\/wp-json\/wp\/v2\/pages\/5\/revisions"}],"predecessor-version":[{"id":2106,"href":"https:\/\/szkolydoktorskie.uwb.edu.pl\/nsip\/wp-json\/wp\/v2\/pages\/5\/revisions\/2106"}],"wp:featuredmedia":[{"embeddable":true,"href":"https:\/\/szkolydoktorskie.uwb.edu.pl\/nsip\/wp-json\/wp\/v2\/media\/271"}],"wp:attachment":[{"href":"https:\/\/szkolydoktorskie.uwb.edu.pl\/nsip\/wp-json\/wp\/v2\/media?parent=5"}],"curies":[{"name":"wp","href":"https:\/\/api.w.org\/{rel}","templated":true}]}}