{"id":490,"date":"2021-10-01T13:05:01","date_gmt":"2021-10-01T11:05:01","guid":{"rendered":"https:\/\/szkolydoktorskie.uwb.edu.pl\/nsip\/?page_id=490"},"modified":"2023-03-15T11:31:09","modified_gmt":"2023-03-15T10:31:09","slug":"mgr-sandra-chmielewska","status":"publish","type":"page","link":"https:\/\/szkolydoktorskie.uwb.edu.pl\/nsip\/mgr-sandra-chmielewska\/","title":{"rendered":"mgr Sandra Chmielewska"},"content":{"rendered":"\n<figure class=\"wp-block-image size-full is-resized\"><img loading=\"lazy\" decoding=\"async\" src=\"https:\/\/szkolydoktorskie.uwb.edu.pl\/nsip\/wp-content\/uploads\/sites\/4\/2021\/10\/obraz.png\" alt=\"\" class=\"wp-image-491\" width=\"219\" height=\"326\" srcset=\"https:\/\/szkolydoktorskie.uwb.edu.pl\/nsip\/wp-content\/uploads\/sites\/4\/2021\/10\/obraz.png 386w, https:\/\/szkolydoktorskie.uwb.edu.pl\/nsip\/wp-content\/uploads\/sites\/4\/2021\/10\/obraz-202x300.png 202w\" sizes=\"auto, (max-width: 219px) 100vw, 219px\" \/><\/figure>\n\n\n\n<figure class=\"wp-block-table\"><table><tbody><tr><td><strong>E-mail&nbsp;<\/strong><\/td><td>&nbsp;s.chmielewska@uwb.edu.pl<\/td><\/tr><tr><td><strong>Kod ORCID<\/strong><\/td><td>0000-0002-2286-7444<\/td><\/tr><tr><td><strong>Temat rozprawy doktorskiej<\/strong><\/td><td>\u201ePor\u00f3wnanie mechanizmu nabywania lekooporno\u015bci na polieny<br> u dro\u017cd\u017cak\u00f3w o r\u00f3\u017cnych uwarunkowaniach metabolicznych\u201d<\/td><\/tr><tr><td><strong>Promotor<\/strong><\/td><td>&nbsp;dr hab. Adam Tylicki, prof. UwB<\/td><\/tr><tr><td><strong>Promotor pomocniczy<\/strong><\/td><td>&nbsp;dr Urszula Czy\u017cewska<\/td><\/tr><tr><td><strong>Wydzia\u0142 \/Katedra\/Zak\u0142ad<\/strong><\/td><td>Wydzia\u0142 Biologii, Katedra Mikrobiologii i Biotechnologii, Pracownia Cytobiochemii<\/td><\/tr><tr><td><strong>Dzia\u0142alno\u015b\u0107 naukowo-badawcza<\/strong><\/td><td><\/td><\/tr><tr><td><strong>A.&nbsp;&nbsp;&nbsp;&nbsp;Publikacje naukowe<\/strong><\/td><td><\/td><\/tr><tr><td><strong>A1. Artyku\u0142y naukowe w czasopismach<\/strong><\/td><td><strong>Chmielewska S<\/strong>., Zambrzycka A., Czy\u017cewska U., Czerniecka M., Tylicki A. (2020) &#8222;Nowoczesne terapie celowane w leczeniu nowotwor\u00f3w jako alternatywa dla konwencjonalnej chemioterapii&#8221; Post\u0119py Biologii Kom\u00f3rki 47(4)&nbsp; [20 pkt, IF=0,163] &nbsp;<\/td><\/tr><tr><td><strong>A2. Monografie naukowe\/rozdzia\u0142y w monografiach<\/strong><\/td><td><strong>Chmielewska S<\/strong>., Grabowska E., Czy\u017cewska U., Tylicki A. (2021) \u201eGrzybice oportunistyczne w dobie nowotwor\u00f3w\u201d &#8211; rozdzia\u0142 w monografii naukowej \u201eWybrane choroby nowotworowe \u2013 diagnostyka i leczenie\u201d Wydawnictwo Naukowe TYGIEL [20 pkt] <\/td><\/tr><tr><td><strong>B. Konferencje naukowe<\/strong><\/td><td>XIII Interdyscyplinarna Konferencja Naukowa Tygiel,  Lublin, 25 \u2013 28.03.2021; <strong>Chmielewska S.<\/strong>, Czy\u017cewska U., Tylicki A.; poster \u201eZr\u00f3\u017cnicowana reakcja na wybrane polieny w\u015br\u00f3d szczep\u00f3w \u015brodowiskowych <em>Candida albicans<\/em>\u201d.   <br><br>Mi\u0119dzynarodowa konferencja CEI 2021, Bia\u0142ystok, 22-23.09.2021:<br>\u00b7&nbsp;&nbsp;&nbsp;&nbsp;&nbsp;&nbsp;&nbsp;&nbsp; <strong>Chmielewska S.<\/strong>, Czy\u017cewska U., Tylicki A.; prezentacja ustna pt.: \u201cResponse to long-term exposure to polyenes in <em>Candida albicans<\/em> strains\u201d<br>\u00b7&nbsp;&nbsp;&nbsp;&nbsp;&nbsp;&nbsp;&nbsp;&nbsp; Czy\u017cewska U., <strong>Chmielewska S.<\/strong>, Tylicki A.; prezentacja ustna pt.: \u201eReport from the battlefield: the model of <em>Malassezia pachydermatis <\/em>resistance to polyenes\u201d<\/td><\/tr><tr><td><strong>C. Granty<\/strong><\/td><td>\u201eModel mechanizmu nabywania oporno\u015bci na polieny u <em>Malassezia pachydermatis<\/em>\u201d (NCN, konkurs SONATA-15), kierownik projektu: dr Urszula Czy\u017cewska; rola w projekcie: stypendysta\/doktorant (lipiec 2021 &#8211; czerwiec 2022)<\/td><\/tr><tr><td><strong>D. Zrealizowane sta\u017ce<\/strong><\/td><td><strong>13-26.09.2021<\/strong> PAN Instytut Biologii Do\u015bwiadczalnej im. Marcela Nenckiego, Warszawa<\/td><\/tr><tr><td><strong>E. Inne aktywno\u015bci\/osi\u0105gni\u0119cia naukowe<\/strong><\/td><td><\/td><\/tr><tr><td><strong>Inna aktywno\u015b\u0107, np. organizacyjna<\/strong><\/td><td>Przedstawiciel I roku Szko\u0142y Doktorskiej Nauk \u015acis\u0142ych i Przyrodniczych w Radzie Doktorant\u00f3w Szko\u0142y Doktorskiej Nauk \u015acis\u0142ych i Przyrodniczych w roku akademickim 2020\/2021 \u00a0 <br><br>Wiceprzewodnicz\u0105ca Rady Doktorant\u00f3w Szko\u0142y Doktorskiej Nauk \u015acis\u0142ych i Przyrodniczych w roku akademickim 2020\/2021 \u00a0 <br><br>Cz\u0142onek Rady Uczelnianej Samorz\u0105du Doktorant\u00f3w Uniwersytetu <br>w Bia\u0142ymstoku w roku akademickim 2020\/2021 \u00a0 <br><br>Cz\u0142onek Komisji do Spraw Nauki i Zatrudnienia Uniwersytetu w Bia\u0142ymstoku\u00a0 (2021) <br><br>Prowadzenie warsztat\u00f3w popularyzuj\u0105cych wiedz\u0119 pod kierunkiem promotora &#8211; Noc Biolog\u00f3w 2021. Temat warsztat\u00f3w: \u201eProbiotyki <br>z lod\u00f3wki czy z apteki \u2013 wybieram \u015bwiadomie\u201d. <br><br>Czynny udzia\u0142, jako cz\u0142onek Ko\u0142a Naukowego Biolog\u00f3w, w realizacji projektu zatytu\u0142owanego &#8222;Eden City, czyli jak zwi\u0119kszy\u0107 bior\u00f3\u017cnorodno\u015b\u0107 w miastach i dobre samopoczucie ludzi&#8221;, finansowanym przez Ministerstwo Edukacji i Nauki w wyniku konkursu &#8222;Studenckie ko\u0142a naukowe tworz\u0105 innowacje&#8221; (Czas trwania projektu: 28.05.2021 r. \u2013 28.05.2022 r.)<\/td><\/tr><\/tbody><\/table><\/figure>\n","protected":false},"excerpt":{"rendered":"<p>E-mail&nbsp; &nbsp;s.chmielewska@uwb.edu.pl Kod ORCID 0000-0002-2286-7444 Temat rozprawy doktorskiej \u201ePor\u00f3wnanie mechanizmu nabywania lekooporno\u015bci na polieny u dro\u017cd\u017cak\u00f3w o r\u00f3\u017cnych uwarunkowaniach metabolicznych\u201d Promotor &nbsp;dr hab. Adam Tylicki, prof. UwB Promotor pomocniczy &nbsp;dr&hellip;<\/p>\n","protected":false},"author":8,"featured_media":0,"parent":0,"menu_order":0,"comment_status":"closed","ping_status":"closed","template":"","meta":{"footnotes":""},"class_list":["post-490","page","type-page","status-publish","hentry"],"yoast_head":"<!-- This site is optimized with the Yoast SEO plugin v27.3 - https:\/\/yoast.com\/product\/yoast-seo-wordpress\/ -->\n<title>mgr Sandra Chmielewska - Szko\u0142a Doktorska Nauk \u015acis\u0142ych i Przyrodniczych UwB<\/title>\n<meta name=\"robots\" content=\"index, follow, max-snippet:-1, max-image-preview:large, max-video-preview:-1\" \/>\n<link rel=\"canonical\" href=\"https:\/\/szkolydoktorskie.uwb.edu.pl\/nsip\/mgr-sandra-chmielewska\/\" \/>\n<meta property=\"og:locale\" content=\"pl_PL\" \/>\n<meta property=\"og:type\" content=\"article\" \/>\n<meta property=\"og:title\" content=\"mgr Sandra Chmielewska - Szko\u0142a Doktorska Nauk \u015acis\u0142ych i Przyrodniczych UwB\" \/>\n<meta property=\"og:description\" content=\"E-mail&nbsp; &nbsp;s.chmielewska@uwb.edu.pl Kod ORCID 0000-0002-2286-7444 Temat rozprawy doktorskiej \u201ePor\u00f3wnanie mechanizmu nabywania lekooporno\u015bci na polieny u dro\u017cd\u017cak\u00f3w o r\u00f3\u017cnych uwarunkowaniach metabolicznych\u201d Promotor &nbsp;dr hab. Adam Tylicki, prof. UwB Promotor pomocniczy &nbsp;dr&hellip;\" \/>\n<meta property=\"og:url\" content=\"https:\/\/szkolydoktorskie.uwb.edu.pl\/nsip\/mgr-sandra-chmielewska\/\" \/>\n<meta property=\"og:site_name\" content=\"Szko\u0142a Doktorska Nauk \u015acis\u0142ych i Przyrodniczych UwB\" \/>\n<meta property=\"article:modified_time\" content=\"2023-03-15T10:31:09+00:00\" \/>\n<meta property=\"og:image\" content=\"https:\/\/szkolydoktorskie.uwb.edu.pl\/nsip\/wp-content\/uploads\/sites\/4\/2021\/10\/obraz.png\" \/>\n<meta name=\"twitter:card\" content=\"summary_large_image\" \/>\n<meta name=\"twitter:label1\" content=\"Szacowany czas czytania\" \/>\n\t<meta name=\"twitter:data1\" content=\"2 minuty\" \/>\n<script type=\"application\/ld+json\" class=\"yoast-schema-graph\">{\"@context\":\"https:\\\/\\\/schema.org\",\"@graph\":[{\"@type\":\"WebPage\",\"@id\":\"https:\\\/\\\/szkolydoktorskie.uwb.edu.pl\\\/nsip\\\/mgr-sandra-chmielewska\\\/\",\"url\":\"https:\\\/\\\/szkolydoktorskie.uwb.edu.pl\\\/nsip\\\/mgr-sandra-chmielewska\\\/\",\"name\":\"mgr Sandra Chmielewska - Szko\u0142a Doktorska Nauk \u015acis\u0142ych i Przyrodniczych UwB\",\"isPartOf\":{\"@id\":\"https:\\\/\\\/szkolydoktorskie.uwb.edu.pl\\\/nsip\\\/#website\"},\"primaryImageOfPage\":{\"@id\":\"https:\\\/\\\/szkolydoktorskie.uwb.edu.pl\\\/nsip\\\/mgr-sandra-chmielewska\\\/#primaryimage\"},\"image\":{\"@id\":\"https:\\\/\\\/szkolydoktorskie.uwb.edu.pl\\\/nsip\\\/mgr-sandra-chmielewska\\\/#primaryimage\"},\"thumbnailUrl\":\"https:\\\/\\\/szkolydoktorskie.uwb.edu.pl\\\/nsip\\\/wp-content\\\/uploads\\\/sites\\\/4\\\/2021\\\/10\\\/obraz.png\",\"datePublished\":\"2021-10-01T11:05:01+00:00\",\"dateModified\":\"2023-03-15T10:31:09+00:00\",\"breadcrumb\":{\"@id\":\"https:\\\/\\\/szkolydoktorskie.uwb.edu.pl\\\/nsip\\\/mgr-sandra-chmielewska\\\/#breadcrumb\"},\"inLanguage\":\"pl-PL\",\"potentialAction\":[{\"@type\":\"ReadAction\",\"target\":[\"https:\\\/\\\/szkolydoktorskie.uwb.edu.pl\\\/nsip\\\/mgr-sandra-chmielewska\\\/\"]}]},{\"@type\":\"ImageObject\",\"inLanguage\":\"pl-PL\",\"@id\":\"https:\\\/\\\/szkolydoktorskie.uwb.edu.pl\\\/nsip\\\/mgr-sandra-chmielewska\\\/#primaryimage\",\"url\":\"https:\\\/\\\/szkolydoktorskie.uwb.edu.pl\\\/nsip\\\/wp-content\\\/uploads\\\/sites\\\/4\\\/2021\\\/10\\\/obraz.png\",\"contentUrl\":\"https:\\\/\\\/szkolydoktorskie.uwb.edu.pl\\\/nsip\\\/wp-content\\\/uploads\\\/sites\\\/4\\\/2021\\\/10\\\/obraz.png\",\"width\":386,\"height\":574},{\"@type\":\"BreadcrumbList\",\"@id\":\"https:\\\/\\\/szkolydoktorskie.uwb.edu.pl\\\/nsip\\\/mgr-sandra-chmielewska\\\/#breadcrumb\",\"itemListElement\":[{\"@type\":\"ListItem\",\"position\":1,\"name\":\"Strona g\u0142\u00f3wna\",\"item\":\"https:\\\/\\\/szkolydoktorskie.uwb.edu.pl\\\/nsip\\\/\"},{\"@type\":\"ListItem\",\"position\":2,\"name\":\"mgr Sandra Chmielewska\"}]},{\"@type\":\"WebSite\",\"@id\":\"https:\\\/\\\/szkolydoktorskie.uwb.edu.pl\\\/nsip\\\/#website\",\"url\":\"https:\\\/\\\/szkolydoktorskie.uwb.edu.pl\\\/nsip\\\/\",\"name\":\"Szko\u0142a Doktorska Nauk \u015acis\u0142ych i Przyrodniczych UwB\",\"description\":\"Szko\u0142a Doktorska Nauk \u015acis\u0142ych i Przyrodniczych UwB\",\"publisher\":{\"@id\":\"https:\\\/\\\/szkolydoktorskie.uwb.edu.pl\\\/nsip\\\/#organization\"},\"potentialAction\":[{\"@type\":\"SearchAction\",\"target\":{\"@type\":\"EntryPoint\",\"urlTemplate\":\"https:\\\/\\\/szkolydoktorskie.uwb.edu.pl\\\/nsip\\\/?s={search_term_string}\"},\"query-input\":{\"@type\":\"PropertyValueSpecification\",\"valueRequired\":true,\"valueName\":\"search_term_string\"}}],\"inLanguage\":\"pl-PL\"},{\"@type\":\"Organization\",\"@id\":\"https:\\\/\\\/szkolydoktorskie.uwb.edu.pl\\\/nsip\\\/#organization\",\"name\":\"Szko\u0142a Doktorska Nauk \u015acis\u0142ych i Przyrodniczych UwB\",\"url\":\"https:\\\/\\\/szkolydoktorskie.uwb.edu.pl\\\/nsip\\\/\",\"logo\":{\"@type\":\"ImageObject\",\"inLanguage\":\"pl-PL\",\"@id\":\"https:\\\/\\\/szkolydoktorskie.uwb.edu.pl\\\/nsip\\\/#\\\/schema\\\/logo\\\/image\\\/\",\"url\":\"https:\\\/\\\/szkolydoktorskie.uwb.edu.pl\\\/nsip\\\/wp-content\\\/uploads\\\/sites\\\/4\\\/2021\\\/04\\\/cropped-LOGO-NSIP.png\",\"contentUrl\":\"https:\\\/\\\/szkolydoktorskie.uwb.edu.pl\\\/nsip\\\/wp-content\\\/uploads\\\/sites\\\/4\\\/2021\\\/04\\\/cropped-LOGO-NSIP.png\",\"width\":705,\"height\":188,\"caption\":\"Szko\u0142a Doktorska Nauk \u015acis\u0142ych i Przyrodniczych UwB\"},\"image\":{\"@id\":\"https:\\\/\\\/szkolydoktorskie.uwb.edu.pl\\\/nsip\\\/#\\\/schema\\\/logo\\\/image\\\/\"}}]}<\/script>\n<!-- \/ Yoast SEO plugin. -->","yoast_head_json":{"title":"mgr Sandra Chmielewska - Szko\u0142a Doktorska Nauk \u015acis\u0142ych i Przyrodniczych UwB","robots":{"index":"index","follow":"follow","max-snippet":"max-snippet:-1","max-image-preview":"max-image-preview:large","max-video-preview":"max-video-preview:-1"},"canonical":"https:\/\/szkolydoktorskie.uwb.edu.pl\/nsip\/mgr-sandra-chmielewska\/","og_locale":"pl_PL","og_type":"article","og_title":"mgr Sandra Chmielewska - Szko\u0142a Doktorska Nauk \u015acis\u0142ych i Przyrodniczych UwB","og_description":"E-mail&nbsp; &nbsp;s.chmielewska@uwb.edu.pl Kod ORCID 0000-0002-2286-7444 Temat rozprawy doktorskiej \u201ePor\u00f3wnanie mechanizmu nabywania lekooporno\u015bci na polieny u dro\u017cd\u017cak\u00f3w o r\u00f3\u017cnych uwarunkowaniach metabolicznych\u201d Promotor &nbsp;dr hab. Adam Tylicki, prof. UwB Promotor pomocniczy &nbsp;dr&hellip;","og_url":"https:\/\/szkolydoktorskie.uwb.edu.pl\/nsip\/mgr-sandra-chmielewska\/","og_site_name":"Szko\u0142a Doktorska Nauk \u015acis\u0142ych i Przyrodniczych UwB","article_modified_time":"2023-03-15T10:31:09+00:00","og_image":[{"url":"https:\/\/szkolydoktorskie.uwb.edu.pl\/nsip\/wp-content\/uploads\/sites\/4\/2021\/10\/obraz.png","type":"","width":"","height":""}],"twitter_card":"summary_large_image","twitter_misc":{"Szacowany czas czytania":"2 minuty"},"schema":{"@context":"https:\/\/schema.org","@graph":[{"@type":"WebPage","@id":"https:\/\/szkolydoktorskie.uwb.edu.pl\/nsip\/mgr-sandra-chmielewska\/","url":"https:\/\/szkolydoktorskie.uwb.edu.pl\/nsip\/mgr-sandra-chmielewska\/","name":"mgr Sandra Chmielewska - Szko\u0142a Doktorska Nauk \u015acis\u0142ych i Przyrodniczych UwB","isPartOf":{"@id":"https:\/\/szkolydoktorskie.uwb.edu.pl\/nsip\/#website"},"primaryImageOfPage":{"@id":"https:\/\/szkolydoktorskie.uwb.edu.pl\/nsip\/mgr-sandra-chmielewska\/#primaryimage"},"image":{"@id":"https:\/\/szkolydoktorskie.uwb.edu.pl\/nsip\/mgr-sandra-chmielewska\/#primaryimage"},"thumbnailUrl":"https:\/\/szkolydoktorskie.uwb.edu.pl\/nsip\/wp-content\/uploads\/sites\/4\/2021\/10\/obraz.png","datePublished":"2021-10-01T11:05:01+00:00","dateModified":"2023-03-15T10:31:09+00:00","breadcrumb":{"@id":"https:\/\/szkolydoktorskie.uwb.edu.pl\/nsip\/mgr-sandra-chmielewska\/#breadcrumb"},"inLanguage":"pl-PL","potentialAction":[{"@type":"ReadAction","target":["https:\/\/szkolydoktorskie.uwb.edu.pl\/nsip\/mgr-sandra-chmielewska\/"]}]},{"@type":"ImageObject","inLanguage":"pl-PL","@id":"https:\/\/szkolydoktorskie.uwb.edu.pl\/nsip\/mgr-sandra-chmielewska\/#primaryimage","url":"https:\/\/szkolydoktorskie.uwb.edu.pl\/nsip\/wp-content\/uploads\/sites\/4\/2021\/10\/obraz.png","contentUrl":"https:\/\/szkolydoktorskie.uwb.edu.pl\/nsip\/wp-content\/uploads\/sites\/4\/2021\/10\/obraz.png","width":386,"height":574},{"@type":"BreadcrumbList","@id":"https:\/\/szkolydoktorskie.uwb.edu.pl\/nsip\/mgr-sandra-chmielewska\/#breadcrumb","itemListElement":[{"@type":"ListItem","position":1,"name":"Strona g\u0142\u00f3wna","item":"https:\/\/szkolydoktorskie.uwb.edu.pl\/nsip\/"},{"@type":"ListItem","position":2,"name":"mgr Sandra Chmielewska"}]},{"@type":"WebSite","@id":"https:\/\/szkolydoktorskie.uwb.edu.pl\/nsip\/#website","url":"https:\/\/szkolydoktorskie.uwb.edu.pl\/nsip\/","name":"Szko\u0142a Doktorska Nauk \u015acis\u0142ych i Przyrodniczych UwB","description":"Szko\u0142a Doktorska Nauk \u015acis\u0142ych i Przyrodniczych UwB","publisher":{"@id":"https:\/\/szkolydoktorskie.uwb.edu.pl\/nsip\/#organization"},"potentialAction":[{"@type":"SearchAction","target":{"@type":"EntryPoint","urlTemplate":"https:\/\/szkolydoktorskie.uwb.edu.pl\/nsip\/?s={search_term_string}"},"query-input":{"@type":"PropertyValueSpecification","valueRequired":true,"valueName":"search_term_string"}}],"inLanguage":"pl-PL"},{"@type":"Organization","@id":"https:\/\/szkolydoktorskie.uwb.edu.pl\/nsip\/#organization","name":"Szko\u0142a Doktorska Nauk \u015acis\u0142ych i Przyrodniczych UwB","url":"https:\/\/szkolydoktorskie.uwb.edu.pl\/nsip\/","logo":{"@type":"ImageObject","inLanguage":"pl-PL","@id":"https:\/\/szkolydoktorskie.uwb.edu.pl\/nsip\/#\/schema\/logo\/image\/","url":"https:\/\/szkolydoktorskie.uwb.edu.pl\/nsip\/wp-content\/uploads\/sites\/4\/2021\/04\/cropped-LOGO-NSIP.png","contentUrl":"https:\/\/szkolydoktorskie.uwb.edu.pl\/nsip\/wp-content\/uploads\/sites\/4\/2021\/04\/cropped-LOGO-NSIP.png","width":705,"height":188,"caption":"Szko\u0142a Doktorska Nauk \u015acis\u0142ych i Przyrodniczych UwB"},"image":{"@id":"https:\/\/szkolydoktorskie.uwb.edu.pl\/nsip\/#\/schema\/logo\/image\/"}}]}},"_links":{"self":[{"href":"https:\/\/szkolydoktorskie.uwb.edu.pl\/nsip\/wp-json\/wp\/v2\/pages\/490","targetHints":{"allow":["GET"]}}],"collection":[{"href":"https:\/\/szkolydoktorskie.uwb.edu.pl\/nsip\/wp-json\/wp\/v2\/pages"}],"about":[{"href":"https:\/\/szkolydoktorskie.uwb.edu.pl\/nsip\/wp-json\/wp\/v2\/types\/page"}],"author":[{"embeddable":true,"href":"https:\/\/szkolydoktorskie.uwb.edu.pl\/nsip\/wp-json\/wp\/v2\/users\/8"}],"replies":[{"embeddable":true,"href":"https:\/\/szkolydoktorskie.uwb.edu.pl\/nsip\/wp-json\/wp\/v2\/comments?post=490"}],"version-history":[{"count":12,"href":"https:\/\/szkolydoktorskie.uwb.edu.pl\/nsip\/wp-json\/wp\/v2\/pages\/490\/revisions"}],"predecessor-version":[{"id":2296,"href":"https:\/\/szkolydoktorskie.uwb.edu.pl\/nsip\/wp-json\/wp\/v2\/pages\/490\/revisions\/2296"}],"wp:attachment":[{"href":"https:\/\/szkolydoktorskie.uwb.edu.pl\/nsip\/wp-json\/wp\/v2\/media?parent=490"}],"curies":[{"name":"wp","href":"https:\/\/api.w.org\/{rel}","templated":true}]}}