{"id":446,"date":"2021-08-20T11:35:01","date_gmt":"2021-08-20T09:35:01","guid":{"rendered":"https:\/\/szkolydoktorskie.uwb.edu.pl\/nsip\/?page_id=446"},"modified":"2023-03-15T11:20:51","modified_gmt":"2023-03-15T10:20:51","slug":"mgr-marta-orzechowska","status":"publish","type":"page","link":"https:\/\/szkolydoktorskie.uwb.edu.pl\/nsip\/mgr-marta-orzechowska\/","title":{"rendered":"mgr Marta Orzechowska"},"content":{"rendered":"\n<figure class=\"wp-block-image size-full is-resized\"><img loading=\"lazy\" decoding=\"async\" src=\"https:\/\/szkolydoktorskie.uwb.edu.pl\/nsip\/wp-content\/uploads\/sites\/4\/2021\/08\/obraz.png\" alt=\"\" class=\"wp-image-447\" width=\"176\" height=\"257\" \/><\/figure>\n\n\n\n<figure class=\"wp-block-table\"><table><tbody><tr><td><strong>E-mail&nbsp;<\/strong><\/td><td>m.orzechowska@uwb.edu.pl<\/td><\/tr><tr><td><strong>Kod ORCID<\/strong><\/td><td>0000-0002-5443-0044<\/td><\/tr><tr><td><strong>Temat rozprawy doktorskiej<\/strong><\/td><td>Badania cieczy ferrimagnetycznych na bazie nanocz\u0105stek domieszkowanego magnetytu<\/td><\/tr><tr><td><strong>Promotor<\/strong><\/td><td>dr hab. Katarzyna Re\u0107ko<\/td><\/tr><tr><td><strong>Promotor pomocniczy<\/strong><\/td><td>Brak<\/td><\/tr><tr><td><strong>Wydzia\u0142 \/Katedra\/Zak\u0142ad<\/strong><\/td><td>Wydzia\u0142 Fizyki, Katedra Fizyki Materii Skondensowanej<\/td><\/tr><tr><td><strong>Dzia\u0142alno\u015b\u0107 naukowo-badawcza<\/strong><\/td><td>Rozwijanie nowatorskiego tematu badawczego zwi\u0105zanego z domieszkowaniem nanomagnetyt\u00f3w galem (temat dot\u0105d podj\u0119ty przez nieliczne grupy badawcze). Rozwijanie warsztatu naukowego w oparciu o techniki pomiarowe dost\u0119pne jedynie w ramach wsp\u00f3\u0142pracy z innymi o\u015brodkami w kraju i za granic\u0105. W ramach bada\u0144 nanouk\u0142ad\u00f3w ferrytowych domieszkowanych w szerokim zakresie galem badania prowadzone s\u0105 przy u\u017cyciu technik: dyfrakcji rentgenowskiej i neutronowej, niskok\u0105towego rozpraszania neutron\u00f3w, elektronowych technik mikroskopowych, pomiar\u00f3w namagnesowania z wykorzystaniem VSM-u i spektroskopii M\u00f6ssbauera oraz pomiar\u00f3w kalorymetrycznych.<\/td><\/tr><tr><td><strong>A.&nbsp;&nbsp;&nbsp;&nbsp;Publikacje naukowe<\/strong><\/td><td><\/td><\/tr><tr><td><strong>A1. Artyku\u0142y naukowe w czasopismach<\/strong><\/td><td>K. Re\u0107ko, D. Satu\u0142a, J. Waliszewski, M. Biernacka, <strong>M. Orzechowska<\/strong>, B. Kalska-Szostko, D. Soloviov, A. Miaskowski, A. Beskrovny, A. Basa, K. Szyma\u0144ski  &#8222;Magnetism of surface modified and gallium doped magnetite particles&#8221; <em>Journal of Surface Investigation: X-ray<\/em>, <em>Synchrotron and Neutron Techniques<\/em>, 2020 [40 pkt, IF 0.61]<\/td><\/tr><tr><td><strong>A2. Monografie naukowe\/rozdzia\u0142y w monografiach<\/strong><\/td><td><strong>M. Orzechowska<\/strong>, K. Re\u0107ko, D. Satu\u0142a &#8222;W\u0142asno\u015bci strukturalne, magnetyczne i termiczne nanocz\u0105stek magnetytu domieszkowanego galem&#8221; <em>Fundacja na rzecz promocji nauki i rozwoju TYGIEL<\/em>, 2020, [5 pkt]<br><br><strong>M. Orzechowska<\/strong>, K. Re\u0107ko, U. Klekotka, M. Biernacka &#8222;Morfologia i uporz\u0105dkowanie strukturalno-magnetyczne nanoferryt\u00f3w galowych&#8221; <em>Fundacja na rzecz promocji nauki i rozwoju TYGIEL<\/em>, 2020 [5 pkt.]<br><br><strong>M. Orzechowska<\/strong>, K. Re\u0107ko &#8222;W\u0142asno\u015bci strukturalne i termiczne nanoferryt\u00f3w galowych u\u017cyteczne w hipertermii magnetycznej&#8221; <em>ArchaeGraph<\/em>, 2020 [20 pkt]<\/td><\/tr><tr><td><strong>B. Konferencje naukowe<\/strong><\/td><td>XII Interdyscyplinarna Konferencja Naukowa TYGIEL 2020 \u201eInterdyscyplinarno\u015b\u0107 kluczem do rozwoju\u201d;<strong> M. Orzechowska<\/strong>, K. Re\u0107ko, D. Satu\u0142a; prezentacja ustna pt.:\u201eW\u0142asno\u015bci strukturalne i magnetyczne nanocz\u0105stek ferryt\u00f3w galowych o potencjalnym zastosowaniu biomedycznym\u201d<br><br>XII Interdyscyplinarna Konferencja Naukowa TYGIEL 2020 \u201eInterdyscyplinarno\u015b\u0107 kluczem do rozwoju\u201d; <strong>M. Orzechowska<\/strong>, K. Re\u0107ko, D. Satu\u0142a; poster \u201eBadania w\u0142asno\u015bci fizyko-chemicznych uk\u0142ad\u00f3w Ga<sub>x<\/sub>Fe<sub>(3-x)<\/sub>O<sub>4<\/sub> (x=0; 0,2; 0,4; 0,6; 0,8\u201d<br><br>XIII Interdyscyplinarna Konferencja Naukowa TYGIEL 2021 \u201eInterdyscyplinarno\u015b\u0107 kluczem do rozwoju\u201d; <strong>M. Orzechowska<\/strong>, K. Re\u0107ko, D. Soloviov; prezentacja ustna pt.: \u201eCharakterystyka strukturalna i morfologiczna nanoferryt\u00f3w op\u0142aszczonych chitosanem i heksyloamin\u0105\u201d<br><br>Og\u00f3lnopolska Konferencja Naukowa &#8222;Nanotechnologia wobec oczekiwa\u0144 XXI w.&#8221;; <strong>M. Orzechowska<\/strong>, K. Re\u0107ko, M. Biernacka; prezentacja ustna pt.: \u201eStruktura i magnetyzm nanocz\u0105stek magnetytu domieszkowanego galem otrzymywanych metod\u0105 wsp\u00f3\u0142str\u0105cania\u201d<br><br>The European Conference PHYSICS OF MAGNETISM 2021, Pozna\u0144, 28.06-2.07.2021:<br>\u00b7&nbsp;&nbsp;&nbsp;&nbsp;&nbsp;&nbsp;&nbsp;&nbsp;K. Re\u0107ko, <strong>M. Orzechowska<\/strong>, U. Klekotka, D. Satu\u0142a, W. Olszewski, D. Soloviov, A. Beskrovnyi, J. Waliszewski, M. Biernacka,K. Szymanski; poster \u201eSurface modification and magnetic study of widely Ga-doped magnetite nanoparticles\u201d<br>\u00b7&nbsp;&nbsp;&nbsp;&nbsp;&nbsp;&nbsp;&nbsp;&nbsp; <strong>M. Orzechowska<\/strong>, K. Re\u0107ko, W. Olszewski, A. Miaskowski, B. Kalska, U. Klekotka, D. Soloviov; poster \u201eMagnetocaloric properties of GaxFe3\u2212xO4 nanoparticles coated with chitosan\u201d<\/td><\/tr><tr><td><strong>C. Granty<\/strong><\/td><td>&#8222;Investigations of hydrophilic functionalized gallium ferrite-magnetite nanoparticles by SANS and neutron diffraction techniques \u2013 continuation&#8221; (Pe\u0142nomocnik Rz\u0105du RP ds. ZIBJ w Dubnej), kierownik projektu: dr hab. Katarzyna Re\u0107ko; rola w projekcie: wsp\u00f3\u0142wykonawca (marzec &#8211; listopad 2020)<br><strong><br><\/strong>&#8222;A study on gallium substituted magnetite nanoparticles <br>in the core-shell: Fe<sub>3<\/sub>O<sub>4<\/sub>@Fe<sub>3-x<\/sub>Ga<sub>x<\/sub>O<sub>4<\/sub> and Fe<sub>3-x<\/sub>Ga<sub>3<\/sub>O<sub>4<\/sub>@Fe<sub>3<\/sub>O<sub>4<\/sub> system&#8221;(IBR-2-FLNP); rola w projekcie: wsp\u00f3\u0142wykonawca<br><br>&#8222;Investigation of behavior of undoped and Ga-doped magnetites using SANS scattering&#8221;(IBR-2-FLNP), kierownik projektu: dr hab. Katarzyna Re\u0107ko; rola w projekcie: wsp\u00f3\u0142wykonawca (kwiecie\u0144 2021)<br><br>&#8222;SANS characterization of gallium nano-ferrites functionalized with chitosan&#8221; (IBR-2-FLNP), kierownik projektu: dr hab. Katarzyna Re\u0107ko; rola w projekcie: wsp\u00f3\u0142wykonawca (kwiecie\u0144 2021)<br><br>&#8222;Preferential site occupancy of Ga (III) ions in Fe3O4-based nanosystems&#8221; (IBR-2-FLNP), kierownik projektu: dr hab. Katarzyna Re\u0107ko; rola w projekcie: wsp\u00f3\u0142wykonawca (maj 2021)<br><strong><br><\/strong>&#8222;Magnetic ordering of gallium nanoferrites synthesized by Massart method&#8221;; rola w projekcie: g\u0142\u00f3wny wykonawca ( grudzie\u0144 2021)<\/td><\/tr><tr><td><strong>D. Zrealizowane sta\u017ce<\/strong><\/td><td><strong>05-18.07.2021<\/strong> Uniwersytet Przyrodniczy w Lublinie <\/td><\/tr><tr><td><strong>E. Inne aktywno\u015bci\/osi\u0105gni\u0119cia naukowe<\/strong><\/td><td>Rozdzia\u0142 pt. &#8222;Morfologia i uporz\u0105dkowanie strukturalno-magnetyczne nanoferryt\u00f3w galowych&#8221; opublikowany w monografii naukowej pt. &#8222;Wybrane zagadnienia z zakresu in\u017cynierii chemicznej i procesowej &#8221; zosta\u0142 polecony w cyklu prowadzonym na fanpage Og\u00f3lnopolska Konferencja Naukowa &#8222;Kierunek NANO \u2013 badania i osi\u0105gni\u0119cia z obszaru nanotechnologii&#8221;<\/td><\/tr><tr><td><strong>Inna aktywno\u015b\u0107, np. organizacyjna<\/strong><\/td><td>Wsp\u00f3\u0142udzia\u0142 w prowadzeniu zaj\u0119\u0107 w ramach M\u0142odzie\u017cowego Uniwersytetu Przyrodniczego (2020\/2021)<br><br>Wyst\u0105pienie LIVE w sesji In\u017cynieria biomedyczna jako reprezentantka specjalno\u015bci Fizyka medyczna, prowadzonej na Wydziale Fizyki UwB w ramach akcji \u201eDziewczyny do \u015bcis\u0142ych\u201d(2021).<\/td><\/tr><\/tbody><\/table><\/figure>\n","protected":false},"excerpt":{"rendered":"<p>E-mail&nbsp; m.orzechowska@uwb.edu.pl Kod ORCID 0000-0002-5443-0044 Temat rozprawy doktorskiej Badania cieczy ferrimagnetycznych na bazie nanocz\u0105stek domieszkowanego magnetytu Promotor dr hab. Katarzyna Re\u0107ko Promotor pomocniczy Brak Wydzia\u0142 \/Katedra\/Zak\u0142ad Wydzia\u0142 Fizyki, Katedra Fizyki&hellip;<\/p>\n","protected":false},"author":8,"featured_media":0,"parent":0,"menu_order":0,"comment_status":"closed","ping_status":"closed","template":"","meta":{"footnotes":""},"class_list":["post-446","page","type-page","status-publish","hentry"],"yoast_head":"<!-- This site is optimized with the Yoast SEO plugin v27.3 - https:\/\/yoast.com\/product\/yoast-seo-wordpress\/ -->\n<title>mgr Marta Orzechowska - Szko\u0142a Doktorska Nauk \u015acis\u0142ych i Przyrodniczych UwB<\/title>\n<meta name=\"robots\" content=\"index, follow, max-snippet:-1, max-image-preview:large, max-video-preview:-1\" \/>\n<link rel=\"canonical\" href=\"https:\/\/szkolydoktorskie.uwb.edu.pl\/nsip\/mgr-marta-orzechowska\/\" \/>\n<meta property=\"og:locale\" content=\"pl_PL\" \/>\n<meta property=\"og:type\" content=\"article\" \/>\n<meta property=\"og:title\" content=\"mgr Marta Orzechowska - Szko\u0142a Doktorska Nauk \u015acis\u0142ych i Przyrodniczych UwB\" \/>\n<meta property=\"og:description\" content=\"E-mail&nbsp; m.orzechowska@uwb.edu.pl Kod ORCID 0000-0002-5443-0044 Temat rozprawy doktorskiej Badania cieczy ferrimagnetycznych na bazie nanocz\u0105stek domieszkowanego magnetytu Promotor dr hab. Katarzyna Re\u0107ko Promotor pomocniczy Brak Wydzia\u0142 \/Katedra\/Zak\u0142ad Wydzia\u0142 Fizyki, Katedra Fizyki&hellip;\" \/>\n<meta property=\"og:url\" content=\"https:\/\/szkolydoktorskie.uwb.edu.pl\/nsip\/mgr-marta-orzechowska\/\" \/>\n<meta property=\"og:site_name\" content=\"Szko\u0142a Doktorska Nauk \u015acis\u0142ych i Przyrodniczych UwB\" \/>\n<meta property=\"article:modified_time\" content=\"2023-03-15T10:20:51+00:00\" \/>\n<meta property=\"og:image\" content=\"https:\/\/szkolydoktorskie.uwb.edu.pl\/nsip\/wp-content\/uploads\/sites\/4\/2021\/08\/obraz.png\" \/>\n<meta name=\"twitter:card\" content=\"summary_large_image\" \/>\n<meta name=\"twitter:label1\" content=\"Szacowany czas czytania\" \/>\n\t<meta name=\"twitter:data1\" content=\"4 minuty\" \/>\n<script type=\"application\/ld+json\" class=\"yoast-schema-graph\">{\"@context\":\"https:\\\/\\\/schema.org\",\"@graph\":[{\"@type\":\"WebPage\",\"@id\":\"https:\\\/\\\/szkolydoktorskie.uwb.edu.pl\\\/nsip\\\/mgr-marta-orzechowska\\\/\",\"url\":\"https:\\\/\\\/szkolydoktorskie.uwb.edu.pl\\\/nsip\\\/mgr-marta-orzechowska\\\/\",\"name\":\"mgr Marta Orzechowska - Szko\u0142a Doktorska Nauk \u015acis\u0142ych i Przyrodniczych UwB\",\"isPartOf\":{\"@id\":\"https:\\\/\\\/szkolydoktorskie.uwb.edu.pl\\\/nsip\\\/#website\"},\"primaryImageOfPage\":{\"@id\":\"https:\\\/\\\/szkolydoktorskie.uwb.edu.pl\\\/nsip\\\/mgr-marta-orzechowska\\\/#primaryimage\"},\"image\":{\"@id\":\"https:\\\/\\\/szkolydoktorskie.uwb.edu.pl\\\/nsip\\\/mgr-marta-orzechowska\\\/#primaryimage\"},\"thumbnailUrl\":\"https:\\\/\\\/szkolydoktorskie.uwb.edu.pl\\\/nsip\\\/wp-content\\\/uploads\\\/sites\\\/4\\\/2021\\\/08\\\/obraz.png\",\"datePublished\":\"2021-08-20T09:35:01+00:00\",\"dateModified\":\"2023-03-15T10:20:51+00:00\",\"breadcrumb\":{\"@id\":\"https:\\\/\\\/szkolydoktorskie.uwb.edu.pl\\\/nsip\\\/mgr-marta-orzechowska\\\/#breadcrumb\"},\"inLanguage\":\"pl-PL\",\"potentialAction\":[{\"@type\":\"ReadAction\",\"target\":[\"https:\\\/\\\/szkolydoktorskie.uwb.edu.pl\\\/nsip\\\/mgr-marta-orzechowska\\\/\"]}]},{\"@type\":\"ImageObject\",\"inLanguage\":\"pl-PL\",\"@id\":\"https:\\\/\\\/szkolydoktorskie.uwb.edu.pl\\\/nsip\\\/mgr-marta-orzechowska\\\/#primaryimage\",\"url\":\"https:\\\/\\\/szkolydoktorskie.uwb.edu.pl\\\/nsip\\\/wp-content\\\/uploads\\\/sites\\\/4\\\/2021\\\/08\\\/obraz.png\",\"contentUrl\":\"https:\\\/\\\/szkolydoktorskie.uwb.edu.pl\\\/nsip\\\/wp-content\\\/uploads\\\/sites\\\/4\\\/2021\\\/08\\\/obraz.png\",\"width\":163,\"height\":238},{\"@type\":\"BreadcrumbList\",\"@id\":\"https:\\\/\\\/szkolydoktorskie.uwb.edu.pl\\\/nsip\\\/mgr-marta-orzechowska\\\/#breadcrumb\",\"itemListElement\":[{\"@type\":\"ListItem\",\"position\":1,\"name\":\"Strona g\u0142\u00f3wna\",\"item\":\"https:\\\/\\\/szkolydoktorskie.uwb.edu.pl\\\/nsip\\\/\"},{\"@type\":\"ListItem\",\"position\":2,\"name\":\"mgr Marta Orzechowska\"}]},{\"@type\":\"WebSite\",\"@id\":\"https:\\\/\\\/szkolydoktorskie.uwb.edu.pl\\\/nsip\\\/#website\",\"url\":\"https:\\\/\\\/szkolydoktorskie.uwb.edu.pl\\\/nsip\\\/\",\"name\":\"Szko\u0142a Doktorska Nauk \u015acis\u0142ych i Przyrodniczych UwB\",\"description\":\"Szko\u0142a Doktorska Nauk \u015acis\u0142ych i Przyrodniczych UwB\",\"publisher\":{\"@id\":\"https:\\\/\\\/szkolydoktorskie.uwb.edu.pl\\\/nsip\\\/#organization\"},\"potentialAction\":[{\"@type\":\"SearchAction\",\"target\":{\"@type\":\"EntryPoint\",\"urlTemplate\":\"https:\\\/\\\/szkolydoktorskie.uwb.edu.pl\\\/nsip\\\/?s={search_term_string}\"},\"query-input\":{\"@type\":\"PropertyValueSpecification\",\"valueRequired\":true,\"valueName\":\"search_term_string\"}}],\"inLanguage\":\"pl-PL\"},{\"@type\":\"Organization\",\"@id\":\"https:\\\/\\\/szkolydoktorskie.uwb.edu.pl\\\/nsip\\\/#organization\",\"name\":\"Szko\u0142a Doktorska Nauk \u015acis\u0142ych i Przyrodniczych UwB\",\"url\":\"https:\\\/\\\/szkolydoktorskie.uwb.edu.pl\\\/nsip\\\/\",\"logo\":{\"@type\":\"ImageObject\",\"inLanguage\":\"pl-PL\",\"@id\":\"https:\\\/\\\/szkolydoktorskie.uwb.edu.pl\\\/nsip\\\/#\\\/schema\\\/logo\\\/image\\\/\",\"url\":\"https:\\\/\\\/szkolydoktorskie.uwb.edu.pl\\\/nsip\\\/wp-content\\\/uploads\\\/sites\\\/4\\\/2021\\\/04\\\/cropped-LOGO-NSIP.png\",\"contentUrl\":\"https:\\\/\\\/szkolydoktorskie.uwb.edu.pl\\\/nsip\\\/wp-content\\\/uploads\\\/sites\\\/4\\\/2021\\\/04\\\/cropped-LOGO-NSIP.png\",\"width\":705,\"height\":188,\"caption\":\"Szko\u0142a Doktorska Nauk \u015acis\u0142ych i Przyrodniczych UwB\"},\"image\":{\"@id\":\"https:\\\/\\\/szkolydoktorskie.uwb.edu.pl\\\/nsip\\\/#\\\/schema\\\/logo\\\/image\\\/\"}}]}<\/script>\n<!-- \/ Yoast SEO plugin. -->","yoast_head_json":{"title":"mgr Marta Orzechowska - Szko\u0142a Doktorska Nauk \u015acis\u0142ych i Przyrodniczych UwB","robots":{"index":"index","follow":"follow","max-snippet":"max-snippet:-1","max-image-preview":"max-image-preview:large","max-video-preview":"max-video-preview:-1"},"canonical":"https:\/\/szkolydoktorskie.uwb.edu.pl\/nsip\/mgr-marta-orzechowska\/","og_locale":"pl_PL","og_type":"article","og_title":"mgr Marta Orzechowska - Szko\u0142a Doktorska Nauk \u015acis\u0142ych i Przyrodniczych UwB","og_description":"E-mail&nbsp; m.orzechowska@uwb.edu.pl Kod ORCID 0000-0002-5443-0044 Temat rozprawy doktorskiej Badania cieczy ferrimagnetycznych na bazie nanocz\u0105stek domieszkowanego magnetytu Promotor dr hab. Katarzyna Re\u0107ko Promotor pomocniczy Brak Wydzia\u0142 \/Katedra\/Zak\u0142ad Wydzia\u0142 Fizyki, Katedra Fizyki&hellip;","og_url":"https:\/\/szkolydoktorskie.uwb.edu.pl\/nsip\/mgr-marta-orzechowska\/","og_site_name":"Szko\u0142a Doktorska Nauk \u015acis\u0142ych i Przyrodniczych UwB","article_modified_time":"2023-03-15T10:20:51+00:00","og_image":[{"url":"https:\/\/szkolydoktorskie.uwb.edu.pl\/nsip\/wp-content\/uploads\/sites\/4\/2021\/08\/obraz.png","type":"","width":"","height":""}],"twitter_card":"summary_large_image","twitter_misc":{"Szacowany czas czytania":"4 minuty"},"schema":{"@context":"https:\/\/schema.org","@graph":[{"@type":"WebPage","@id":"https:\/\/szkolydoktorskie.uwb.edu.pl\/nsip\/mgr-marta-orzechowska\/","url":"https:\/\/szkolydoktorskie.uwb.edu.pl\/nsip\/mgr-marta-orzechowska\/","name":"mgr Marta Orzechowska - Szko\u0142a Doktorska Nauk \u015acis\u0142ych i Przyrodniczych UwB","isPartOf":{"@id":"https:\/\/szkolydoktorskie.uwb.edu.pl\/nsip\/#website"},"primaryImageOfPage":{"@id":"https:\/\/szkolydoktorskie.uwb.edu.pl\/nsip\/mgr-marta-orzechowska\/#primaryimage"},"image":{"@id":"https:\/\/szkolydoktorskie.uwb.edu.pl\/nsip\/mgr-marta-orzechowska\/#primaryimage"},"thumbnailUrl":"https:\/\/szkolydoktorskie.uwb.edu.pl\/nsip\/wp-content\/uploads\/sites\/4\/2021\/08\/obraz.png","datePublished":"2021-08-20T09:35:01+00:00","dateModified":"2023-03-15T10:20:51+00:00","breadcrumb":{"@id":"https:\/\/szkolydoktorskie.uwb.edu.pl\/nsip\/mgr-marta-orzechowska\/#breadcrumb"},"inLanguage":"pl-PL","potentialAction":[{"@type":"ReadAction","target":["https:\/\/szkolydoktorskie.uwb.edu.pl\/nsip\/mgr-marta-orzechowska\/"]}]},{"@type":"ImageObject","inLanguage":"pl-PL","@id":"https:\/\/szkolydoktorskie.uwb.edu.pl\/nsip\/mgr-marta-orzechowska\/#primaryimage","url":"https:\/\/szkolydoktorskie.uwb.edu.pl\/nsip\/wp-content\/uploads\/sites\/4\/2021\/08\/obraz.png","contentUrl":"https:\/\/szkolydoktorskie.uwb.edu.pl\/nsip\/wp-content\/uploads\/sites\/4\/2021\/08\/obraz.png","width":163,"height":238},{"@type":"BreadcrumbList","@id":"https:\/\/szkolydoktorskie.uwb.edu.pl\/nsip\/mgr-marta-orzechowska\/#breadcrumb","itemListElement":[{"@type":"ListItem","position":1,"name":"Strona g\u0142\u00f3wna","item":"https:\/\/szkolydoktorskie.uwb.edu.pl\/nsip\/"},{"@type":"ListItem","position":2,"name":"mgr Marta Orzechowska"}]},{"@type":"WebSite","@id":"https:\/\/szkolydoktorskie.uwb.edu.pl\/nsip\/#website","url":"https:\/\/szkolydoktorskie.uwb.edu.pl\/nsip\/","name":"Szko\u0142a Doktorska Nauk \u015acis\u0142ych i Przyrodniczych UwB","description":"Szko\u0142a Doktorska Nauk \u015acis\u0142ych i Przyrodniczych UwB","publisher":{"@id":"https:\/\/szkolydoktorskie.uwb.edu.pl\/nsip\/#organization"},"potentialAction":[{"@type":"SearchAction","target":{"@type":"EntryPoint","urlTemplate":"https:\/\/szkolydoktorskie.uwb.edu.pl\/nsip\/?s={search_term_string}"},"query-input":{"@type":"PropertyValueSpecification","valueRequired":true,"valueName":"search_term_string"}}],"inLanguage":"pl-PL"},{"@type":"Organization","@id":"https:\/\/szkolydoktorskie.uwb.edu.pl\/nsip\/#organization","name":"Szko\u0142a Doktorska Nauk \u015acis\u0142ych i Przyrodniczych UwB","url":"https:\/\/szkolydoktorskie.uwb.edu.pl\/nsip\/","logo":{"@type":"ImageObject","inLanguage":"pl-PL","@id":"https:\/\/szkolydoktorskie.uwb.edu.pl\/nsip\/#\/schema\/logo\/image\/","url":"https:\/\/szkolydoktorskie.uwb.edu.pl\/nsip\/wp-content\/uploads\/sites\/4\/2021\/04\/cropped-LOGO-NSIP.png","contentUrl":"https:\/\/szkolydoktorskie.uwb.edu.pl\/nsip\/wp-content\/uploads\/sites\/4\/2021\/04\/cropped-LOGO-NSIP.png","width":705,"height":188,"caption":"Szko\u0142a Doktorska Nauk \u015acis\u0142ych i Przyrodniczych UwB"},"image":{"@id":"https:\/\/szkolydoktorskie.uwb.edu.pl\/nsip\/#\/schema\/logo\/image\/"}}]}},"_links":{"self":[{"href":"https:\/\/szkolydoktorskie.uwb.edu.pl\/nsip\/wp-json\/wp\/v2\/pages\/446","targetHints":{"allow":["GET"]}}],"collection":[{"href":"https:\/\/szkolydoktorskie.uwb.edu.pl\/nsip\/wp-json\/wp\/v2\/pages"}],"about":[{"href":"https:\/\/szkolydoktorskie.uwb.edu.pl\/nsip\/wp-json\/wp\/v2\/types\/page"}],"author":[{"embeddable":true,"href":"https:\/\/szkolydoktorskie.uwb.edu.pl\/nsip\/wp-json\/wp\/v2\/users\/8"}],"replies":[{"embeddable":true,"href":"https:\/\/szkolydoktorskie.uwb.edu.pl\/nsip\/wp-json\/wp\/v2\/comments?post=446"}],"version-history":[{"count":12,"href":"https:\/\/szkolydoktorskie.uwb.edu.pl\/nsip\/wp-json\/wp\/v2\/pages\/446\/revisions"}],"predecessor-version":[{"id":2293,"href":"https:\/\/szkolydoktorskie.uwb.edu.pl\/nsip\/wp-json\/wp\/v2\/pages\/446\/revisions\/2293"}],"wp:attachment":[{"href":"https:\/\/szkolydoktorskie.uwb.edu.pl\/nsip\/wp-json\/wp\/v2\/media?parent=446"}],"curies":[{"name":"wp","href":"https:\/\/api.w.org\/{rel}","templated":true}]}}