{"id":417,"date":"2021-07-16T12:10:59","date_gmt":"2021-07-16T10:10:59","guid":{"rendered":"https:\/\/szkolydoktorskie.uwb.edu.pl\/nsip\/?page_id=417"},"modified":"2021-11-17T13:38:41","modified_gmt":"2021-11-17T12:38:41","slug":"rekrutacja-2021-2022","status":"publish","type":"page","link":"https:\/\/szkolydoktorskie.uwb.edu.pl\/nsip\/rekrutacja-2021-2022\/","title":{"rendered":"Rekrutacja 2021\/2022"},"content":{"rendered":"\n<figure class=\"wp-block-pullquote\"><blockquote><p><strong><a href=\"https:\/\/szkolydoktorskie.uwb.edu.pl\/nsip\/wp-content\/uploads\/sites\/4\/2021\/11\/Lista-rankingowa-2021-2022-dodatkowa.pdf\">Lista rankingowa w dodatkowym post\u0119powaniu konkursowym do Szko\u0142y Doktorskiej Nauk \u015acis\u0142ych i Przyrodniczych UwB na rok akademicki 2021\/2022<\/a><\/strong><\/p><\/blockquote><\/figure>\n\n\n\n<figure class=\"wp-block-pullquote\"><blockquote><p><a href=\"https:\/\/szkolydoktorskie.uwb.edu.pl\/nsip\/wp-content\/uploads\/sites\/4\/2021\/09\/Lista-rankingowa-SDNSiP.pdf\"><strong>Lista rankingowa kandydat\u00f3w w rekrutacji do Szko\u0142y Doktorskiej Nauk \u015acis\u0142ych i Przyrodniczych UwB na rok akademicki 2021\/2022<\/strong><\/a><\/p><\/blockquote><\/figure>\n\n\n\n<figure class=\"wp-block-image size-large is-resized\"><img loading=\"lazy\" decoding=\"async\" src=\"https:\/\/szkolydoktorskie.uwb.edu.pl\/nsip\/wp-content\/uploads\/sites\/4\/2021\/08\/Dyzury-Komisji-1024x580.png\" alt=\"\" class=\"wp-image-427\" width=\"603\" height=\"341\" srcset=\"https:\/\/szkolydoktorskie.uwb.edu.pl\/nsip\/wp-content\/uploads\/sites\/4\/2021\/08\/Dyzury-Komisji-1024x580.png 1024w, https:\/\/szkolydoktorskie.uwb.edu.pl\/nsip\/wp-content\/uploads\/sites\/4\/2021\/08\/Dyzury-Komisji-300x170.png 300w, https:\/\/szkolydoktorskie.uwb.edu.pl\/nsip\/wp-content\/uploads\/sites\/4\/2021\/08\/Dyzury-Komisji-768x435.png 768w, https:\/\/szkolydoktorskie.uwb.edu.pl\/nsip\/wp-content\/uploads\/sites\/4\/2021\/08\/Dyzury-Komisji.png 1422w\" sizes=\"auto, (max-width: 603px) 100vw, 603px\" \/><\/figure>\n\n\n\n<h2 class=\"wp-block-heading\"><strong><a href=\"https:\/\/szkolydoktorskie.uwb.edu.pl\/nsip\/wp-content\/uploads\/sites\/4\/2021\/07\/Potencjalni-promotorzy-SDNSiP_2021_2022-1.pdf\" data-type=\"URL\">Potencjalni promotorzy rozpraw doktorskich na rok akademicki 2021\/2022<\/a><\/strong><\/h2>\n\n\n\n<p><\/p>\n\n\n\n<h2 class=\"wp-block-heading\"><strong>Zasady i tryb rekrutacji do szk\u00f3\u0142 doktorskich w roku akademickim 2021\/202<\/strong>2<\/h2>\n\n\n\n<p><a href=\"https:\/\/uwb.edu.pl\/uploads\/tiny\/Nr_2826_-_w_sprawie_rekrutacji_do_szkol_doktorskich_1.pdf\"><strong>Uchwa\u0142a nr 2826 Senatu Uniwersytetu w Bia\u0142ymstoku z dnia 24 lutego 2021 r.&nbsp;<em>w sprawie zasad i trybu rekrutacji do szk\u00f3\u0142 doktorskich w roku akademickim 2021\/2022<\/em><\/strong><\/a><\/p>\n\n\n\n<p><a href=\"https:\/\/www.uwb.edu.pl\/uploads\/tiny\/Kwestionariusz%20kandydata%20SDNSiP_1.docx\">Za\u0142\u0105cznik nr 2&nbsp;<strong>Kwestionariusz kandydata<\/strong>&nbsp;do Szko\u0142y Doktorskiej Nauk \u015acis\u0142ych i Przyrodniczych<\/a><\/p>\n\n\n\n<p><a href=\"https:\/\/www.uwb.edu.pl\/uploads\/tiny\/Pomys%C5%82%20badawczy%20rozprawy_1.docx\">Za\u0142\u0105cznik nr 3&nbsp;<strong>Pomys\u0142 badawczy<\/strong>&nbsp;przysz\u0142ej rozprawy doktorskiej<\/a><\/p>\n\n\n\n<p><a href=\"https:\/\/www.uwb.edu.pl\/uploads\/tiny\/O%C5%9Bwiadczenie%20planowanego%20promotora_2.docx\">Za\u0142\u0105cznik nr 4&nbsp;<strong>O\u015bwiadczenie planowanego promotora<\/strong>&nbsp;o podj\u0119ciu si\u0119 opieki promotorskiej<\/a><\/p>\n\n\n\n<p><a href=\"https:\/\/www.uwb.edu.pl\/uploads\/tiny\/Nr_2826_-_6_-_zal__Uchwala_rekrutacyjna_do_szkol_doktorskich.pdf\">Za\u0142\u0105cznik nr 6<strong>&nbsp;Kryteria rekrutacji&nbsp;<\/strong>do Szko\u0142y Doktorskiej Nauk \u015acis\u0142ych i Przyrodniczych<\/a><\/p>\n\n\n\n<p><a href=\"https:\/\/uwb.edu.pl\/uploads\/tiny\/20_-_liczba_miejsc_szkoly_doktorskie_2.pdf\">Zarz\u0105dzenie nr 20 Rektora Uniwersytetu w Bia\u0142ymstoku z dnia 2 marca 2021 r.&nbsp;<strong><em>w sprawie liczby miejsc w poszczeg\u00f3lnych szko\u0142ach doktorskich na rok akademicki 2021\/2022<\/em><\/strong><\/a><\/p>\n\n\n\n<p><a href=\"https:\/\/uwb.edu.pl\/uploads\/tiny\/19_-_harmonogram_szkoly_doktorskie.pdf\">Zarz\u0105dzenie nr 19 Rektora Uniwersytetu w Bia\u0142ymstoku z dnia 2 marca 2021 r.<\/a><strong><em><a href=\"https:\/\/uwb.edu.pl\/uploads\/tiny\/19_-_harmonogram_szkoly_doktorskie.pdf\">&nbsp;w sprawie szczeg\u00f3\u0142owego harmonogramu przeprowadzenia rekrutacji do szk\u00f3\u0142 doktorskich w roku akademickim 2021\/2022 w systemie Internetowej Rejestracji Kandydat\u00f3w<\/a><\/em><\/strong><\/p>\n\n\n\n<p><\/p>\n\n\n\n<p class=\"has-text-align-center\"><a href=\"https:\/\/irk-sd.uwb.edu.pl\/\"><strong>Internetowa Rejestracja Kandydat\u00f3w (IRK)<\/strong><\/a><\/p>\n\n\n\n<h2 class=\"wp-block-heading\"><strong><span class=\"has-inline-color has-vivid-red-color\">Wa\u017cne!<\/span><\/strong><\/h2>\n\n\n\n<p>Podczas rekrutacji do Szko\u0142y Doktorskiej Nauk \u015acis\u0142ych i Przyrodniczych UwB w dyscyplinie nauki chemiczne oraz nauki biologiczne wymagane jest za\u015bwiadczenie lekarskie. <\/p>\n\n\n\n<p>Skierowanie na badania mo\u017cna odebra\u0107 w sekretariacie szko\u0142y, po uprzednim zarejestrowaniu si\u0119 w systemie IRK.<\/p>\n","protected":false},"excerpt":{"rendered":"<p>Lista rankingowa w dodatkowym post\u0119powaniu konkursowym do Szko\u0142y Doktorskiej Nauk \u015acis\u0142ych i Przyrodniczych UwB na rok akademicki 2021\/2022 Lista rankingowa kandydat\u00f3w w rekrutacji do Szko\u0142y Doktorskiej Nauk \u015acis\u0142ych i Przyrodniczych&hellip;<\/p>\n","protected":false},"author":8,"featured_media":0,"parent":0,"menu_order":0,"comment_status":"closed","ping_status":"closed","template":"","meta":{"footnotes":""},"class_list":["post-417","page","type-page","status-publish","hentry"],"yoast_head":"<!-- This site is optimized with the Yoast SEO plugin v27.3 - https:\/\/yoast.com\/product\/yoast-seo-wordpress\/ -->\n<title>Rekrutacja 2021\/2022 - Szko\u0142a Doktorska Nauk \u015acis\u0142ych i Przyrodniczych UwB<\/title>\n<meta name=\"robots\" content=\"index, follow, max-snippet:-1, max-image-preview:large, max-video-preview:-1\" \/>\n<link rel=\"canonical\" href=\"https:\/\/szkolydoktorskie.uwb.edu.pl\/nsip\/rekrutacja-2021-2022\/\" \/>\n<meta property=\"og:locale\" content=\"pl_PL\" \/>\n<meta property=\"og:type\" content=\"article\" \/>\n<meta property=\"og:title\" content=\"Rekrutacja 2021\/2022 - Szko\u0142a Doktorska Nauk \u015acis\u0142ych i Przyrodniczych UwB\" \/>\n<meta property=\"og:description\" content=\"Lista rankingowa w dodatkowym post\u0119powaniu konkursowym do Szko\u0142y Doktorskiej Nauk \u015acis\u0142ych i Przyrodniczych UwB na rok akademicki 2021\/2022 Lista rankingowa kandydat\u00f3w w rekrutacji do Szko\u0142y Doktorskiej Nauk \u015acis\u0142ych i Przyrodniczych&hellip;\" \/>\n<meta property=\"og:url\" content=\"https:\/\/szkolydoktorskie.uwb.edu.pl\/nsip\/rekrutacja-2021-2022\/\" \/>\n<meta property=\"og:site_name\" content=\"Szko\u0142a Doktorska Nauk \u015acis\u0142ych i Przyrodniczych UwB\" \/>\n<meta property=\"article:modified_time\" content=\"2021-11-17T12:38:41+00:00\" \/>\n<meta property=\"og:image\" content=\"https:\/\/szkolydoktorskie.uwb.edu.pl\/nsip\/wp-content\/uploads\/sites\/4\/2021\/08\/Dyzury-Komisji-1024x580.png\" \/>\n<meta name=\"twitter:card\" content=\"summary_large_image\" \/>\n<meta name=\"twitter:label1\" content=\"Szacowany czas czytania\" \/>\n\t<meta name=\"twitter:data1\" content=\"2 minuty\" \/>\n<script type=\"application\/ld+json\" class=\"yoast-schema-graph\">{\"@context\":\"https:\\\/\\\/schema.org\",\"@graph\":[{\"@type\":\"WebPage\",\"@id\":\"https:\\\/\\\/szkolydoktorskie.uwb.edu.pl\\\/nsip\\\/rekrutacja-2021-2022\\\/\",\"url\":\"https:\\\/\\\/szkolydoktorskie.uwb.edu.pl\\\/nsip\\\/rekrutacja-2021-2022\\\/\",\"name\":\"Rekrutacja 2021\\\/2022 - Szko\u0142a Doktorska Nauk \u015acis\u0142ych i Przyrodniczych UwB\",\"isPartOf\":{\"@id\":\"https:\\\/\\\/szkolydoktorskie.uwb.edu.pl\\\/nsip\\\/#website\"},\"primaryImageOfPage\":{\"@id\":\"https:\\\/\\\/szkolydoktorskie.uwb.edu.pl\\\/nsip\\\/rekrutacja-2021-2022\\\/#primaryimage\"},\"image\":{\"@id\":\"https:\\\/\\\/szkolydoktorskie.uwb.edu.pl\\\/nsip\\\/rekrutacja-2021-2022\\\/#primaryimage\"},\"thumbnailUrl\":\"https:\\\/\\\/szkolydoktorskie.uwb.edu.pl\\\/nsip\\\/wp-content\\\/uploads\\\/sites\\\/4\\\/2021\\\/08\\\/Dyzury-Komisji-1024x580.png\",\"datePublished\":\"2021-07-16T10:10:59+00:00\",\"dateModified\":\"2021-11-17T12:38:41+00:00\",\"breadcrumb\":{\"@id\":\"https:\\\/\\\/szkolydoktorskie.uwb.edu.pl\\\/nsip\\\/rekrutacja-2021-2022\\\/#breadcrumb\"},\"inLanguage\":\"pl-PL\",\"potentialAction\":[{\"@type\":\"ReadAction\",\"target\":[\"https:\\\/\\\/szkolydoktorskie.uwb.edu.pl\\\/nsip\\\/rekrutacja-2021-2022\\\/\"]}]},{\"@type\":\"ImageObject\",\"inLanguage\":\"pl-PL\",\"@id\":\"https:\\\/\\\/szkolydoktorskie.uwb.edu.pl\\\/nsip\\\/rekrutacja-2021-2022\\\/#primaryimage\",\"url\":\"https:\\\/\\\/szkolydoktorskie.uwb.edu.pl\\\/nsip\\\/wp-content\\\/uploads\\\/sites\\\/4\\\/2021\\\/08\\\/Dyzury-Komisji.png\",\"contentUrl\":\"https:\\\/\\\/szkolydoktorskie.uwb.edu.pl\\\/nsip\\\/wp-content\\\/uploads\\\/sites\\\/4\\\/2021\\\/08\\\/Dyzury-Komisji.png\",\"width\":1422,\"height\":806},{\"@type\":\"BreadcrumbList\",\"@id\":\"https:\\\/\\\/szkolydoktorskie.uwb.edu.pl\\\/nsip\\\/rekrutacja-2021-2022\\\/#breadcrumb\",\"itemListElement\":[{\"@type\":\"ListItem\",\"position\":1,\"name\":\"Strona g\u0142\u00f3wna\",\"item\":\"https:\\\/\\\/szkolydoktorskie.uwb.edu.pl\\\/nsip\\\/\"},{\"@type\":\"ListItem\",\"position\":2,\"name\":\"Rekrutacja 2021\\\/2022\"}]},{\"@type\":\"WebSite\",\"@id\":\"https:\\\/\\\/szkolydoktorskie.uwb.edu.pl\\\/nsip\\\/#website\",\"url\":\"https:\\\/\\\/szkolydoktorskie.uwb.edu.pl\\\/nsip\\\/\",\"name\":\"Szko\u0142a Doktorska Nauk \u015acis\u0142ych i Przyrodniczych UwB\",\"description\":\"Szko\u0142a Doktorska Nauk \u015acis\u0142ych i Przyrodniczych UwB\",\"publisher\":{\"@id\":\"https:\\\/\\\/szkolydoktorskie.uwb.edu.pl\\\/nsip\\\/#organization\"},\"potentialAction\":[{\"@type\":\"SearchAction\",\"target\":{\"@type\":\"EntryPoint\",\"urlTemplate\":\"https:\\\/\\\/szkolydoktorskie.uwb.edu.pl\\\/nsip\\\/?s={search_term_string}\"},\"query-input\":{\"@type\":\"PropertyValueSpecification\",\"valueRequired\":true,\"valueName\":\"search_term_string\"}}],\"inLanguage\":\"pl-PL\"},{\"@type\":\"Organization\",\"@id\":\"https:\\\/\\\/szkolydoktorskie.uwb.edu.pl\\\/nsip\\\/#organization\",\"name\":\"Szko\u0142a Doktorska Nauk \u015acis\u0142ych i Przyrodniczych UwB\",\"url\":\"https:\\\/\\\/szkolydoktorskie.uwb.edu.pl\\\/nsip\\\/\",\"logo\":{\"@type\":\"ImageObject\",\"inLanguage\":\"pl-PL\",\"@id\":\"https:\\\/\\\/szkolydoktorskie.uwb.edu.pl\\\/nsip\\\/#\\\/schema\\\/logo\\\/image\\\/\",\"url\":\"https:\\\/\\\/szkolydoktorskie.uwb.edu.pl\\\/nsip\\\/wp-content\\\/uploads\\\/sites\\\/4\\\/2021\\\/04\\\/cropped-LOGO-NSIP.png\",\"contentUrl\":\"https:\\\/\\\/szkolydoktorskie.uwb.edu.pl\\\/nsip\\\/wp-content\\\/uploads\\\/sites\\\/4\\\/2021\\\/04\\\/cropped-LOGO-NSIP.png\",\"width\":705,\"height\":188,\"caption\":\"Szko\u0142a Doktorska Nauk \u015acis\u0142ych i Przyrodniczych UwB\"},\"image\":{\"@id\":\"https:\\\/\\\/szkolydoktorskie.uwb.edu.pl\\\/nsip\\\/#\\\/schema\\\/logo\\\/image\\\/\"}}]}<\/script>\n<!-- \/ Yoast SEO plugin. -->","yoast_head_json":{"title":"Rekrutacja 2021\/2022 - Szko\u0142a Doktorska Nauk \u015acis\u0142ych i Przyrodniczych UwB","robots":{"index":"index","follow":"follow","max-snippet":"max-snippet:-1","max-image-preview":"max-image-preview:large","max-video-preview":"max-video-preview:-1"},"canonical":"https:\/\/szkolydoktorskie.uwb.edu.pl\/nsip\/rekrutacja-2021-2022\/","og_locale":"pl_PL","og_type":"article","og_title":"Rekrutacja 2021\/2022 - Szko\u0142a Doktorska Nauk \u015acis\u0142ych i Przyrodniczych UwB","og_description":"Lista rankingowa w dodatkowym post\u0119powaniu konkursowym do Szko\u0142y Doktorskiej Nauk \u015acis\u0142ych i Przyrodniczych UwB na rok akademicki 2021\/2022 Lista rankingowa kandydat\u00f3w w rekrutacji do Szko\u0142y Doktorskiej Nauk \u015acis\u0142ych i Przyrodniczych&hellip;","og_url":"https:\/\/szkolydoktorskie.uwb.edu.pl\/nsip\/rekrutacja-2021-2022\/","og_site_name":"Szko\u0142a Doktorska Nauk \u015acis\u0142ych i Przyrodniczych UwB","article_modified_time":"2021-11-17T12:38:41+00:00","og_image":[{"url":"https:\/\/szkolydoktorskie.uwb.edu.pl\/nsip\/wp-content\/uploads\/sites\/4\/2021\/08\/Dyzury-Komisji-1024x580.png","type":"","width":"","height":""}],"twitter_card":"summary_large_image","twitter_misc":{"Szacowany czas czytania":"2 minuty"},"schema":{"@context":"https:\/\/schema.org","@graph":[{"@type":"WebPage","@id":"https:\/\/szkolydoktorskie.uwb.edu.pl\/nsip\/rekrutacja-2021-2022\/","url":"https:\/\/szkolydoktorskie.uwb.edu.pl\/nsip\/rekrutacja-2021-2022\/","name":"Rekrutacja 2021\/2022 - Szko\u0142a Doktorska Nauk \u015acis\u0142ych i Przyrodniczych UwB","isPartOf":{"@id":"https:\/\/szkolydoktorskie.uwb.edu.pl\/nsip\/#website"},"primaryImageOfPage":{"@id":"https:\/\/szkolydoktorskie.uwb.edu.pl\/nsip\/rekrutacja-2021-2022\/#primaryimage"},"image":{"@id":"https:\/\/szkolydoktorskie.uwb.edu.pl\/nsip\/rekrutacja-2021-2022\/#primaryimage"},"thumbnailUrl":"https:\/\/szkolydoktorskie.uwb.edu.pl\/nsip\/wp-content\/uploads\/sites\/4\/2021\/08\/Dyzury-Komisji-1024x580.png","datePublished":"2021-07-16T10:10:59+00:00","dateModified":"2021-11-17T12:38:41+00:00","breadcrumb":{"@id":"https:\/\/szkolydoktorskie.uwb.edu.pl\/nsip\/rekrutacja-2021-2022\/#breadcrumb"},"inLanguage":"pl-PL","potentialAction":[{"@type":"ReadAction","target":["https:\/\/szkolydoktorskie.uwb.edu.pl\/nsip\/rekrutacja-2021-2022\/"]}]},{"@type":"ImageObject","inLanguage":"pl-PL","@id":"https:\/\/szkolydoktorskie.uwb.edu.pl\/nsip\/rekrutacja-2021-2022\/#primaryimage","url":"https:\/\/szkolydoktorskie.uwb.edu.pl\/nsip\/wp-content\/uploads\/sites\/4\/2021\/08\/Dyzury-Komisji.png","contentUrl":"https:\/\/szkolydoktorskie.uwb.edu.pl\/nsip\/wp-content\/uploads\/sites\/4\/2021\/08\/Dyzury-Komisji.png","width":1422,"height":806},{"@type":"BreadcrumbList","@id":"https:\/\/szkolydoktorskie.uwb.edu.pl\/nsip\/rekrutacja-2021-2022\/#breadcrumb","itemListElement":[{"@type":"ListItem","position":1,"name":"Strona g\u0142\u00f3wna","item":"https:\/\/szkolydoktorskie.uwb.edu.pl\/nsip\/"},{"@type":"ListItem","position":2,"name":"Rekrutacja 2021\/2022"}]},{"@type":"WebSite","@id":"https:\/\/szkolydoktorskie.uwb.edu.pl\/nsip\/#website","url":"https:\/\/szkolydoktorskie.uwb.edu.pl\/nsip\/","name":"Szko\u0142a Doktorska Nauk \u015acis\u0142ych i Przyrodniczych UwB","description":"Szko\u0142a Doktorska Nauk \u015acis\u0142ych i Przyrodniczych UwB","publisher":{"@id":"https:\/\/szkolydoktorskie.uwb.edu.pl\/nsip\/#organization"},"potentialAction":[{"@type":"SearchAction","target":{"@type":"EntryPoint","urlTemplate":"https:\/\/szkolydoktorskie.uwb.edu.pl\/nsip\/?s={search_term_string}"},"query-input":{"@type":"PropertyValueSpecification","valueRequired":true,"valueName":"search_term_string"}}],"inLanguage":"pl-PL"},{"@type":"Organization","@id":"https:\/\/szkolydoktorskie.uwb.edu.pl\/nsip\/#organization","name":"Szko\u0142a Doktorska Nauk \u015acis\u0142ych i Przyrodniczych UwB","url":"https:\/\/szkolydoktorskie.uwb.edu.pl\/nsip\/","logo":{"@type":"ImageObject","inLanguage":"pl-PL","@id":"https:\/\/szkolydoktorskie.uwb.edu.pl\/nsip\/#\/schema\/logo\/image\/","url":"https:\/\/szkolydoktorskie.uwb.edu.pl\/nsip\/wp-content\/uploads\/sites\/4\/2021\/04\/cropped-LOGO-NSIP.png","contentUrl":"https:\/\/szkolydoktorskie.uwb.edu.pl\/nsip\/wp-content\/uploads\/sites\/4\/2021\/04\/cropped-LOGO-NSIP.png","width":705,"height":188,"caption":"Szko\u0142a Doktorska Nauk \u015acis\u0142ych i Przyrodniczych UwB"},"image":{"@id":"https:\/\/szkolydoktorskie.uwb.edu.pl\/nsip\/#\/schema\/logo\/image\/"}}]}},"_links":{"self":[{"href":"https:\/\/szkolydoktorskie.uwb.edu.pl\/nsip\/wp-json\/wp\/v2\/pages\/417","targetHints":{"allow":["GET"]}}],"collection":[{"href":"https:\/\/szkolydoktorskie.uwb.edu.pl\/nsip\/wp-json\/wp\/v2\/pages"}],"about":[{"href":"https:\/\/szkolydoktorskie.uwb.edu.pl\/nsip\/wp-json\/wp\/v2\/types\/page"}],"author":[{"embeddable":true,"href":"https:\/\/szkolydoktorskie.uwb.edu.pl\/nsip\/wp-json\/wp\/v2\/users\/8"}],"replies":[{"embeddable":true,"href":"https:\/\/szkolydoktorskie.uwb.edu.pl\/nsip\/wp-json\/wp\/v2\/comments?post=417"}],"version-history":[{"count":5,"href":"https:\/\/szkolydoktorskie.uwb.edu.pl\/nsip\/wp-json\/wp\/v2\/pages\/417\/revisions"}],"predecessor-version":[{"id":544,"href":"https:\/\/szkolydoktorskie.uwb.edu.pl\/nsip\/wp-json\/wp\/v2\/pages\/417\/revisions\/544"}],"wp:attachment":[{"href":"https:\/\/szkolydoktorskie.uwb.edu.pl\/nsip\/wp-json\/wp\/v2\/media?parent=417"}],"curies":[{"name":"wp","href":"https:\/\/api.w.org\/{rel}","templated":true}]}}