{"id":384,"date":"2021-07-16T12:27:36","date_gmt":"2021-07-16T10:27:36","guid":{"rendered":"https:\/\/szkolydoktorskie.uwb.edu.pl\/nsip\/?page_id=384"},"modified":"2021-07-16T12:27:36","modified_gmt":"2021-07-16T10:27:36","slug":"rekrutacja-2020-2021","status":"publish","type":"page","link":"https:\/\/szkolydoktorskie.uwb.edu.pl\/nsip\/rekrutacja-2020-2021\/","title":{"rendered":"Rekrutacja 2020\/2021"},"content":{"rendered":"\n<figure class=\"wp-block-image\"><a href=\"https:\/\/www.uwb.edu.pl\/uploads\/tiny\/SZKO%C5%81Y%20DOKTORSKIE\/Prezentacja%20spotkanie%20rekrutacyjne%201.07.2020.pdf\" target=\"_blank\" rel=\"noreferrer noopener\"><img decoding=\"async\" src=\"https:\/\/www.uwb.edu.pl\/uploads\/tiny\/SZKO%C5%81Y%20DOKTORSKIE\/prezentacja%20sdnsip.jpg\" alt=\"\" \/><\/a><\/figure>\n\n\n\n<p><strong><a href=\"https:\/\/www.uwb.edu.pl\/uploads\/tiny\/SZKO%C5%81Y%20DOKTORSKIE\/Prezentacja%20spotkanie%20rekrutacyjne%201.07.2020.pdf\" target=\"_blank\" rel=\"noreferrer noopener\">kliknij aby pobra\u0107 prezentacj\u0119 ze spotkania<\/a><\/strong><\/p>\n\n\n\n<hr class=\"wp-block-separator\" \/>\n\n\n\n<p>Dy\u017cury Komisji Rekrutacyjnej Szko\u0142y Doktorskiej Nauk \u015acis\u0142ych i Przyrodniczych<\/p>\n\n\n\n<figure class=\"wp-block-image\"><a href=\"https:\/\/www.uwb.edu.pl\/uploads\/tiny\/SZKO%C5%81Y%20DOKTORSKIE\/Dy%C5%BCury%20Komisji%20Rekrutacyjnej%20SDNSiP_1.pdf\" target=\"_blank\" rel=\"noreferrer noopener\"><img decoding=\"async\" src=\"https:\/\/www.uwb.edu.pl\/uploads\/tiny\/SZKO%C5%81Y%20DOKTORSKIE\/miniaturka%20sdns.jpg\" alt=\"\" \/><\/a><\/figure>\n\n\n\n<hr class=\"wp-block-separator\" \/>\n\n\n\n<p><strong><em>Zaproszenie na spotkanie rekrutacyjne<\/em><\/strong><\/p>\n\n\n\n<p>Dyrektor Szko\u0142y Doktorskiej Nauk \u015acis\u0142ych i Przyrodniczych Uniwersytetu w Bia\u0142ymstoku dr hab. Monika Naumowicz, prof. UwB serdecznie zaprasza osoby zainteresowane podj\u0119ciem kszta\u0142cenia w Szkole Doktorskiej Nauk \u015acis\u0142ych i Przyrodniczych UwB w dniu&nbsp;<strong>01.07.2020 r.<\/strong>&nbsp;o godzinie<strong>&nbsp;10.00<\/strong>&nbsp;na&nbsp;<strong>SPOTKANIE REKRUTACYJNE online&nbsp;<\/strong>na platformie ZOOM.<\/p>\n\n\n\n<p>W programie:<\/p>\n\n\n\n<ol class=\"wp-block-list\"><li>Informacje o Szkole Doktorskiej Nauk \u015acis\u0142ych i Przyrodniczych UwB<\/li><li>Zasady rekrutacji do Szko\u0142y Doktorskiej Nauk \u015acis\u0142ych i Przyrodniczych UwB na rok 2020\/2021<\/li><li>Harmonogram rekrutacji<\/li><li>Pytania kandydat\u00f3w<\/li><\/ol>\n\n\n\n<p>Wymagana jest rejestracja do&nbsp;<strong>30.06.2020 r<\/strong>. pod adresem:&nbsp;<a href=\"mailto:szkoladoktorska.nsip@uwb.edu.pl\">szkoladoktorska.nsip@uwb.edu.pl<\/a>&nbsp;<br>Istnieje mo\u017cliwo\u015b\u0107 przes\u0142ania pyta\u0144 przed spotkaniem rekrutacyjnym.<\/p>\n\n\n\n<hr class=\"wp-block-separator\" \/>\n\n\n\n<p><strong><a href=\"https:\/\/www.uwb.edu.pl\/uploads\/tiny\/SZKO%C5%81Y%20DOKTORSKIE\/Potencjalni%20promotorzy%20SDNSiP_2020_2021-07_07_2020.pdf\">Potencjalni promotorzy rozpraw doktorskich. Rok akademicki 2020\/2021<\/a><\/strong><\/p>\n\n\n\n<hr class=\"wp-block-separator\" \/>\n\n\n\n<p>Szanowni Pa\u0144stwo,<\/p>\n\n\n\n<p>W zwi\u0105zku z wprowadzeniem stanu epidemii w Polsce pytania dotycz\u0105ce rekrutacji prosz\u0119 kierowa\u0107 na&nbsp;adres:<\/p>\n\n\n\n<p><a href=\"mailto:szkoladoktorska.nsip@uwb.edu.pl\">szkoladoktorska.nsip@uwb.edu.pl<\/a><\/p>\n\n\n\n<hr class=\"wp-block-separator\" \/>\n\n\n\n<p><strong><a href=\"https:\/\/www.uwb.edu.pl\/uploads\/tiny\/SZKO%C5%81Y%20DOKTORSKIE\/Uchwa%C5%82a%20nr%202634%20w%20sprawie%20zasad%20i%20trybu%20rekrutacji%20do%20szk%C3%B3%C5%82%20doktorskich.pdf\" target=\"_blank\" rel=\"noreferrer noopener\">Uchwa\u0142a nr 2634 Senatu Uniwersytetu w Bia\u0142ymstoku<\/a><\/strong><br><strong><a href=\"https:\/\/www.uwb.edu.pl\/uploads\/tiny\/SZKO%C5%81Y%20DOKTORSKIE\/Uchwa%C5%82a%20nr%202634%20w%20sprawie%20zasad%20i%20trybu%20rekrutacji%20do%20szk%C3%B3%C5%82%20doktorskich.pdf\" target=\"_blank\" rel=\"noreferrer noopener\">z dnia 22 stycznia 2020 r. w sprawie zasad i trybu rekrutacji do szk\u00f3\u0142 doktorskich w roku akademickim 2020\/2021<\/a><\/strong><\/p>\n\n\n\n<hr class=\"wp-block-separator\" \/>\n\n\n\n<p><strong>Rejestracja<\/strong><\/p>\n\n\n\n<p>Rejestracja od 01.07.2020 (<strong><a href=\"https:\/\/irk-sd.uwb.edu.pl\/katalog.php?op=show&amp;kierunek=SDNSiP&amp;kategoria=&amp;aktywne=&amp;system_studiow=&amp;kolejny_kierunek\">w systemie IRK<\/a><\/strong>)<\/p>\n\n\n\n<hr class=\"wp-block-separator\" \/>\n\n\n\n<p><strong>Zasady rekrutacji<\/strong><\/p>\n\n\n\n<ol class=\"wp-block-list\"><li>Rekrutacja do szko\u0142y doktorskiej odbywa si\u0119 w drodze konkursu, kt\u00f3ry jest dwuetapowy.<\/li><li>W celu przyst\u0105pienia do post\u0119powania konkursowego kandydat dokonuje rejestracji w systemie IRK:<ul><li>zak\u0142ada osobiste konto rejestracyjne (identyfikatorem konta jest numer PESEL kandydata, a je\u015bli nie posiada on numeru PESEL \u2013 jedenastocyfrowy numer wygenerowany przez system IRK),<\/li><li>wype\u0142nia ankiet\u0119 osobow\u0105, dokonuje wyboru dyscypliny naukowej.<\/li><\/ul><\/li><li>Nast\u0119pnie sk\u0142ada komplet&nbsp;<a href=\"http:\/\/www.uwb.edu.pl\/wymagane-dokumenty-4087\">wymaganych dokument\u00f3w<\/a>.<\/li><li>W kolejnym etapie z kandydatem jest przeprowadzana rozmowa kwalifikacyjna.<\/li><\/ol>\n\n\n\n<hr class=\"wp-block-separator\" \/>\n\n\n\n<p><strong>Liczba miejsc w poszczeg\u00f3lnych szko\u0142ach doktorskich w roku akademickim 2020\/2021<\/strong><\/p>\n\n\n\n<figure class=\"wp-block-table\"><table><tbody><tr><td><strong>Szko\u0142a doktorska<\/strong><\/td><td><strong>Dyscyplina naukowa<\/strong><\/td><td><strong>Liczba miejsc<\/strong><\/td><\/tr><tr><td>Szko\u0142a Doktorska Nauk Humanistycznych<\/td><td>filozofia<\/td><td>2<\/td><\/tr><tr><td>historia<\/td><td>4<\/td><\/tr><tr><td>j\u0119zykoznawstwo<\/td><td>4<\/td><\/tr><tr><td>literaturoznawstwo<\/td><td>4<\/td><\/tr><tr><td>Szko\u0142a Doktorska Nauk \u015acis\u0142ych<br>i Przyrodniczych<\/td><td>nauki biologiczne<\/td><td>5<\/td><\/tr><tr><td>nauki chemiczne<\/td><td>5<\/td><\/tr><tr><td>nauki fizyczne<\/td><td>4<\/td><\/tr><tr><td>Szko\u0142a Doktorska Nauk Spo\u0142ecznych<\/td><td>ekonomia i finanse<\/td><td>5<\/td><\/tr><tr><td>nauki prawne<\/td><td>10<\/td><\/tr><tr><td>nauki socjologiczne<\/td><td>3<\/td><\/tr><tr><td>pedagogika<\/td><td>4<\/td><\/tr><tr><td><strong>\u0141\u0105czna liczba miejsc:<\/strong><\/td><td><strong>50<\/strong><\/td><\/tr><\/tbody><\/table><\/figure>\n\n\n\n<hr class=\"wp-block-separator\" \/>\n\n\n\n<p><strong>Harmonogram rekrutacji do szk\u00f3\u0142 doktorskich w roku akademickim 2020\/2021<\/strong><\/p>\n\n\n\n<figure class=\"wp-block-table\"><table><tbody><tr><td><strong>Etapy post\u0119powania konkursowego<\/strong><\/td><td><strong>Termin<\/strong><\/td><\/tr><tr><td>Rejestracja w systemie IRK i dostarczanie przez kandydat\u00f3w dokument\u00f3w do sekretariatu danej szko\u0142y doktorskiej<\/td><td>01.07-31.07.2020 r.<\/td><\/tr><tr><td>Og\u0142oszenie kandydatom w systemie IRK punkt\u00f3w uzyskanych przez nich w I etapie post\u0119powania konkursowego<\/td><td>03.09.2020 r.<\/td><\/tr><tr><td>Rozmowy kwalifikacyjne<\/td><td>07-11.09.2020 r.<\/td><\/tr><tr><td>Og\u0142oszenie kandydatom list rankingowych<\/td><td>14.09.2020 r.od 14.30<\/td><\/tr><tr><td>Sk\u0142adanie o\u015bwiadcze\u0144<\/td><td>15-18.09.2020 r.do 14.00<\/td><\/tr><tr><td>Wpisanie na list\u0119 doktorant\u00f3w<\/td><td>do 30.09.2020 r.<\/td><\/tr><\/tbody><\/table><\/figure>\n\n\n\n<hr class=\"wp-block-separator\" \/>\n\n\n\n<p><strong>Wymagane dokumenty<\/strong><\/p>\n\n\n\n<ol class=\"wp-block-list\"><li>Kandydaci ubiegaj\u0105cy si\u0119 o przyj\u0119cie do szko\u0142y doktorskiej sk\u0142adaj\u0105 nast\u0119puj\u0105ce dokumenty:<\/li><\/ol>\n\n\n\n<ul class=\"wp-block-list\"><li>ankiet\u0119 pobran\u0105 z systemu IRK z zaznaczeniem dyscypliny naukowej, w ramach kt\u00f3rej kandydat zamierza przygotowa\u0107 rozpraw\u0119 doktorsk\u0105,<\/li><li>podanie o wydanie Elektronicznej Legitymacji Doktoranta (kandydat wczytuje plik z fotografi\u0105 spe\u0142niaj\u0105c\u0105 wymagania takie, jakie obowi\u0105zuj\u0105 przy sk\u0142adaniu wniosk\u00f3w o wydanie dowodu osobistego),<\/li><li>kwestionariusz z wykazem osi\u0105gni\u0119\u0107 naukowych kandydata wype\u0142niony wed\u0142ug wzoru pobranego z systemu IRK ze szczeg\u00f3lnym uwzgl\u0119dnieniem zainteresowa\u0144 naukowych, dotychczasowego dorobku naukowego (publikacje naukowe), udzia\u0142u w konferencjach, sta\u017cach naukowych, studenckim ruchu naukowym, stypendiach itp.,<\/li><li>pomys\u0142 badawczy na tle najwa\u017cniejszych osi\u0105gni\u0119\u0107 w danej dyscyplinie (przygotowany wed\u0142ug wzoru),<\/li><li>po\u015bwiadczon\u0105 przez uczelni\u0119 lub notariusza kopi\u0119 dyplomu (na podstawie przed\u0142o\u017conego orygina\u0142u) uko\u0144czenia studi\u00f3w pierwszego stopnia i studi\u00f3w drugiego stopnia lub jednolitych studi\u00f3w magisterskich (wraz z suplementami),<\/li><li>za\u015bwiadczenie od lekarza medycyny pracy, potwierdzaj\u0105ce zdolno\u015b\u0107 kandydata do podj\u0119cia&nbsp;kszta\u0142cenia w dyscyplinach naukowych: nauki biologiczne, nauki chemiczne,<\/li><li>dokumenty potwierdzaj\u0105ce osi\u0105gni\u0119cia naukowe kandydata:<ul><li>kserokopia strony tytu\u0142owej monografii, spisu tre\u015bci i strony redakcyjnej, kserokopia strony tytu\u0142owej monografii, spisu tre\u015bci, strony redakcyjnej i rozdzia\u0142u lub kserokopia strony tytu\u0142owej czasopisma artyku\u0142u i spisu tre\u015bci,<\/li><li>za\u015bwiadczenia (certyfikaty) o czynnym udziale w konferencjach naukowych lub seminariach, podpisane przez organizatora,<\/li><li>za\u015bwiadczenie o udziale w konkursowym projekcie badawczym (np. NCN, NCBiR), podpisane przez kierownika projektu, z podaniem numeru projektu, roli w nim i lat jego realizacji,<\/li><li>za\u015bwiadczenie o odbyciu wyjazdu stypendialnego, sta\u017cu naukowego, uczestniczeniu w szkole,<\/li><li>certyfikat uczestnictwa w warsztatach lub szkoleniach,<\/li><li>za\u015bwiadczenie o dzia\u0142alno\u015bci w studenckim kole naukowym podpisane przez jego opiekuna,<\/li><li>za\u015bwiadczenie o przyznanych przez MNiSW nagrodach lub stypendiach,<\/li><li>za\u015bwiadczenie o dzia\u0142alno\u015bci popularyzuj\u0105cej nauk\u0119 prowadzonej przez kandydata,<\/li><\/ul><\/li><li>wniosek&nbsp;zaopiniowany przez pe\u0142nomocnika rektora ds. os\u00f3b niepe\u0142nosprawnych w&nbsp;wypadku kandydata, kt\u00f3ry ma orzeczony stopie\u0144 niepe\u0142nosprawno\u015bci i kt\u00f3ry ze wzgl\u0119du na rodzaj niepe\u0142nosprawno\u015bci chcia\u0142by skorzysta\u0107 z alternatywnych metod sprawdzenia wiedzy w post\u0119powaniu konkursowym, wniosek taki nale\u017cy \u017c\u0142o\u017cy\u0107 do komisji rekrutacyjnej&nbsp;najp\u00f3\u017aniej 5 dni przed dat\u0105 rozmowy kwalifikacyjnej.<\/li><\/ul>\n\n\n\n<ol class=\"wp-block-list\" start=\"2\"><li>Je\u017celi kandydat posiada o\u015bwiadczenie nauczyciela akademickiego zatrudnionego w UwB o gotowo\u015bci podj\u0119cia si\u0119 promotorstwa rozprawy doktorskiej, sk\u0142ada je wraz z pozosta\u0142ymi dokumentami.<\/li><li>Kandydaci cudzoziemcy sk\u0142adaj\u0105 dokumenty wymienione w pkt 1 i 2, w tym nast\u0119puj\u0105ce dokumenty wraz z ich uwierzytelnionym t\u0142umaczeniem: dyplomy uko\u0144czenia studi\u00f3w zalegalizowane lub opatrzone apostille wraz z suplementami, dokumenty potwierdzaj\u0105ce osi\u0105gni\u0119cia naukowe kandydata<\/li><li>Nie jest mo\u017cliwe uzupe\u0142nienie dokumentacji po jej z\u0142o\u017ceniu.<\/li><li>Kandydat, przyst\u0119puj\u0105c do rozmowy kwalifikacyjnej, jest zobowi\u0105zany do przedstawienia komisji dokumentu potwierdzaj\u0105cego to\u017csamo\u015b\u0107.<\/li><li>Kandydat rekomendowany do wpisania na list\u0119 doktorant\u00f3w zostaje wpisany na list\u0119 doktorant\u00f3w szko\u0142y doktorskiej po dostarczeniu przez niego niezw\u0142ocznie, nie p\u00f3\u017aniej ni\u017c w terminie 7 dni od daty og\u0142oszenia listy rankingowej o\u015bwiadczenia, \u017ce:<ul><li>b\u0119dzie doktorantem tylko w szkole doktorskiej, do kt\u00f3rej zosta\u0142 przyj\u0119ty,<\/li><li>posiada stopie\u0144\/nie posiada stopnia doktora oraz zobowi\u0105zuje si\u0119 do zwrotu pobranego stypendium doktoranckiego w przypadku zatajenia informacji o posiadanym stopniu doktora,<\/li><li>nie jest zatrudniony jako nauczyciel akademicki lub pracownik naukowy z zastrze\u017ceniem okoliczno\u015bci, o kt\u00f3rych mowa w art. 209 ust. 10 zdanie drugie ustawy z dnia 20 lipca 2018 r. Prawo o szkolnictwie wy\u017cszym i nauce (t.j. Dz. U. z 2020 r., poz. 85).<\/li><\/ul><\/li><\/ol>\n","protected":false},"excerpt":{"rendered":"<p>kliknij aby pobra\u0107 prezentacj\u0119 ze spotkania Dy\u017cury Komisji Rekrutacyjnej Szko\u0142y Doktorskiej Nauk \u015acis\u0142ych i Przyrodniczych Zaproszenie na spotkanie rekrutacyjne Dyrektor Szko\u0142y Doktorskiej Nauk \u015acis\u0142ych i Przyrodniczych Uniwersytetu w Bia\u0142ymstoku dr&hellip;<\/p>\n","protected":false},"author":8,"featured_media":0,"parent":0,"menu_order":0,"comment_status":"closed","ping_status":"closed","template":"","meta":{"footnotes":""},"class_list":["post-384","page","type-page","status-publish","hentry"],"yoast_head":"<!-- This site is optimized with the Yoast SEO plugin v27.3 - https:\/\/yoast.com\/product\/yoast-seo-wordpress\/ -->\n<title>Rekrutacja 2020\/2021 - Szko\u0142a Doktorska Nauk \u015acis\u0142ych i Przyrodniczych UwB<\/title>\n<meta name=\"robots\" content=\"index, follow, max-snippet:-1, max-image-preview:large, max-video-preview:-1\" \/>\n<link rel=\"canonical\" href=\"https:\/\/szkolydoktorskie.uwb.edu.pl\/nsip\/rekrutacja-2020-2021\/\" \/>\n<meta property=\"og:locale\" content=\"pl_PL\" \/>\n<meta property=\"og:type\" content=\"article\" \/>\n<meta property=\"og:title\" content=\"Rekrutacja 2020\/2021 - Szko\u0142a Doktorska Nauk \u015acis\u0142ych i Przyrodniczych UwB\" \/>\n<meta property=\"og:description\" content=\"kliknij aby pobra\u0107 prezentacj\u0119 ze spotkania Dy\u017cury Komisji Rekrutacyjnej Szko\u0142y Doktorskiej Nauk \u015acis\u0142ych i Przyrodniczych Zaproszenie na spotkanie rekrutacyjne Dyrektor Szko\u0142y Doktorskiej Nauk \u015acis\u0142ych i Przyrodniczych Uniwersytetu w Bia\u0142ymstoku dr&hellip;\" \/>\n<meta property=\"og:url\" content=\"https:\/\/szkolydoktorskie.uwb.edu.pl\/nsip\/rekrutacja-2020-2021\/\" \/>\n<meta property=\"og:site_name\" content=\"Szko\u0142a Doktorska Nauk \u015acis\u0142ych i Przyrodniczych UwB\" \/>\n<meta property=\"og:image\" content=\"https:\/\/www.uwb.edu.pl\/uploads\/tiny\/SZKO%C5%81Y%20DOKTORSKIE\/prezentacja%20sdnsip.jpg\" \/>\n<meta name=\"twitter:card\" content=\"summary_large_image\" \/>\n<meta name=\"twitter:label1\" content=\"Szacowany czas czytania\" \/>\n\t<meta name=\"twitter:data1\" content=\"5 minut\" \/>\n<script type=\"application\/ld+json\" class=\"yoast-schema-graph\">{\"@context\":\"https:\\\/\\\/schema.org\",\"@graph\":[{\"@type\":\"WebPage\",\"@id\":\"https:\\\/\\\/szkolydoktorskie.uwb.edu.pl\\\/nsip\\\/rekrutacja-2020-2021\\\/\",\"url\":\"https:\\\/\\\/szkolydoktorskie.uwb.edu.pl\\\/nsip\\\/rekrutacja-2020-2021\\\/\",\"name\":\"Rekrutacja 2020\\\/2021 - Szko\u0142a Doktorska Nauk \u015acis\u0142ych i Przyrodniczych UwB\",\"isPartOf\":{\"@id\":\"https:\\\/\\\/szkolydoktorskie.uwb.edu.pl\\\/nsip\\\/#website\"},\"primaryImageOfPage\":{\"@id\":\"https:\\\/\\\/szkolydoktorskie.uwb.edu.pl\\\/nsip\\\/rekrutacja-2020-2021\\\/#primaryimage\"},\"image\":{\"@id\":\"https:\\\/\\\/szkolydoktorskie.uwb.edu.pl\\\/nsip\\\/rekrutacja-2020-2021\\\/#primaryimage\"},\"thumbnailUrl\":\"https:\\\/\\\/www.uwb.edu.pl\\\/uploads\\\/tiny\\\/SZKO%C5%81Y%20DOKTORSKIE\\\/prezentacja%20sdnsip.jpg\",\"datePublished\":\"2021-07-16T10:27:36+00:00\",\"breadcrumb\":{\"@id\":\"https:\\\/\\\/szkolydoktorskie.uwb.edu.pl\\\/nsip\\\/rekrutacja-2020-2021\\\/#breadcrumb\"},\"inLanguage\":\"pl-PL\",\"potentialAction\":[{\"@type\":\"ReadAction\",\"target\":[\"https:\\\/\\\/szkolydoktorskie.uwb.edu.pl\\\/nsip\\\/rekrutacja-2020-2021\\\/\"]}]},{\"@type\":\"ImageObject\",\"inLanguage\":\"pl-PL\",\"@id\":\"https:\\\/\\\/szkolydoktorskie.uwb.edu.pl\\\/nsip\\\/rekrutacja-2020-2021\\\/#primaryimage\",\"url\":\"https:\\\/\\\/www.uwb.edu.pl\\\/uploads\\\/tiny\\\/SZKO%C5%81Y%20DOKTORSKIE\\\/prezentacja%20sdnsip.jpg\",\"contentUrl\":\"https:\\\/\\\/www.uwb.edu.pl\\\/uploads\\\/tiny\\\/SZKO%C5%81Y%20DOKTORSKIE\\\/prezentacja%20sdnsip.jpg\"},{\"@type\":\"BreadcrumbList\",\"@id\":\"https:\\\/\\\/szkolydoktorskie.uwb.edu.pl\\\/nsip\\\/rekrutacja-2020-2021\\\/#breadcrumb\",\"itemListElement\":[{\"@type\":\"ListItem\",\"position\":1,\"name\":\"Strona g\u0142\u00f3wna\",\"item\":\"https:\\\/\\\/szkolydoktorskie.uwb.edu.pl\\\/nsip\\\/\"},{\"@type\":\"ListItem\",\"position\":2,\"name\":\"Rekrutacja 2020\\\/2021\"}]},{\"@type\":\"WebSite\",\"@id\":\"https:\\\/\\\/szkolydoktorskie.uwb.edu.pl\\\/nsip\\\/#website\",\"url\":\"https:\\\/\\\/szkolydoktorskie.uwb.edu.pl\\\/nsip\\\/\",\"name\":\"Szko\u0142a Doktorska Nauk \u015acis\u0142ych i Przyrodniczych UwB\",\"description\":\"Szko\u0142a Doktorska Nauk \u015acis\u0142ych i Przyrodniczych UwB\",\"publisher\":{\"@id\":\"https:\\\/\\\/szkolydoktorskie.uwb.edu.pl\\\/nsip\\\/#organization\"},\"potentialAction\":[{\"@type\":\"SearchAction\",\"target\":{\"@type\":\"EntryPoint\",\"urlTemplate\":\"https:\\\/\\\/szkolydoktorskie.uwb.edu.pl\\\/nsip\\\/?s={search_term_string}\"},\"query-input\":{\"@type\":\"PropertyValueSpecification\",\"valueRequired\":true,\"valueName\":\"search_term_string\"}}],\"inLanguage\":\"pl-PL\"},{\"@type\":\"Organization\",\"@id\":\"https:\\\/\\\/szkolydoktorskie.uwb.edu.pl\\\/nsip\\\/#organization\",\"name\":\"Szko\u0142a Doktorska Nauk \u015acis\u0142ych i Przyrodniczych UwB\",\"url\":\"https:\\\/\\\/szkolydoktorskie.uwb.edu.pl\\\/nsip\\\/\",\"logo\":{\"@type\":\"ImageObject\",\"inLanguage\":\"pl-PL\",\"@id\":\"https:\\\/\\\/szkolydoktorskie.uwb.edu.pl\\\/nsip\\\/#\\\/schema\\\/logo\\\/image\\\/\",\"url\":\"https:\\\/\\\/szkolydoktorskie.uwb.edu.pl\\\/nsip\\\/wp-content\\\/uploads\\\/sites\\\/4\\\/2021\\\/04\\\/cropped-LOGO-NSIP.png\",\"contentUrl\":\"https:\\\/\\\/szkolydoktorskie.uwb.edu.pl\\\/nsip\\\/wp-content\\\/uploads\\\/sites\\\/4\\\/2021\\\/04\\\/cropped-LOGO-NSIP.png\",\"width\":705,\"height\":188,\"caption\":\"Szko\u0142a Doktorska Nauk \u015acis\u0142ych i Przyrodniczych UwB\"},\"image\":{\"@id\":\"https:\\\/\\\/szkolydoktorskie.uwb.edu.pl\\\/nsip\\\/#\\\/schema\\\/logo\\\/image\\\/\"}}]}<\/script>\n<!-- \/ Yoast SEO plugin. -->","yoast_head_json":{"title":"Rekrutacja 2020\/2021 - Szko\u0142a Doktorska Nauk \u015acis\u0142ych i Przyrodniczych UwB","robots":{"index":"index","follow":"follow","max-snippet":"max-snippet:-1","max-image-preview":"max-image-preview:large","max-video-preview":"max-video-preview:-1"},"canonical":"https:\/\/szkolydoktorskie.uwb.edu.pl\/nsip\/rekrutacja-2020-2021\/","og_locale":"pl_PL","og_type":"article","og_title":"Rekrutacja 2020\/2021 - Szko\u0142a Doktorska Nauk \u015acis\u0142ych i Przyrodniczych UwB","og_description":"kliknij aby pobra\u0107 prezentacj\u0119 ze spotkania Dy\u017cury Komisji Rekrutacyjnej Szko\u0142y Doktorskiej Nauk \u015acis\u0142ych i Przyrodniczych Zaproszenie na spotkanie rekrutacyjne Dyrektor Szko\u0142y Doktorskiej Nauk \u015acis\u0142ych i Przyrodniczych Uniwersytetu w Bia\u0142ymstoku dr&hellip;","og_url":"https:\/\/szkolydoktorskie.uwb.edu.pl\/nsip\/rekrutacja-2020-2021\/","og_site_name":"Szko\u0142a Doktorska Nauk \u015acis\u0142ych i Przyrodniczych UwB","og_image":[{"url":"https:\/\/www.uwb.edu.pl\/uploads\/tiny\/SZKO%C5%81Y%20DOKTORSKIE\/prezentacja%20sdnsip.jpg","type":"","width":"","height":""}],"twitter_card":"summary_large_image","twitter_misc":{"Szacowany czas czytania":"5 minut"},"schema":{"@context":"https:\/\/schema.org","@graph":[{"@type":"WebPage","@id":"https:\/\/szkolydoktorskie.uwb.edu.pl\/nsip\/rekrutacja-2020-2021\/","url":"https:\/\/szkolydoktorskie.uwb.edu.pl\/nsip\/rekrutacja-2020-2021\/","name":"Rekrutacja 2020\/2021 - Szko\u0142a Doktorska Nauk \u015acis\u0142ych i Przyrodniczych UwB","isPartOf":{"@id":"https:\/\/szkolydoktorskie.uwb.edu.pl\/nsip\/#website"},"primaryImageOfPage":{"@id":"https:\/\/szkolydoktorskie.uwb.edu.pl\/nsip\/rekrutacja-2020-2021\/#primaryimage"},"image":{"@id":"https:\/\/szkolydoktorskie.uwb.edu.pl\/nsip\/rekrutacja-2020-2021\/#primaryimage"},"thumbnailUrl":"https:\/\/www.uwb.edu.pl\/uploads\/tiny\/SZKO%C5%81Y%20DOKTORSKIE\/prezentacja%20sdnsip.jpg","datePublished":"2021-07-16T10:27:36+00:00","breadcrumb":{"@id":"https:\/\/szkolydoktorskie.uwb.edu.pl\/nsip\/rekrutacja-2020-2021\/#breadcrumb"},"inLanguage":"pl-PL","potentialAction":[{"@type":"ReadAction","target":["https:\/\/szkolydoktorskie.uwb.edu.pl\/nsip\/rekrutacja-2020-2021\/"]}]},{"@type":"ImageObject","inLanguage":"pl-PL","@id":"https:\/\/szkolydoktorskie.uwb.edu.pl\/nsip\/rekrutacja-2020-2021\/#primaryimage","url":"https:\/\/www.uwb.edu.pl\/uploads\/tiny\/SZKO%C5%81Y%20DOKTORSKIE\/prezentacja%20sdnsip.jpg","contentUrl":"https:\/\/www.uwb.edu.pl\/uploads\/tiny\/SZKO%C5%81Y%20DOKTORSKIE\/prezentacja%20sdnsip.jpg"},{"@type":"BreadcrumbList","@id":"https:\/\/szkolydoktorskie.uwb.edu.pl\/nsip\/rekrutacja-2020-2021\/#breadcrumb","itemListElement":[{"@type":"ListItem","position":1,"name":"Strona g\u0142\u00f3wna","item":"https:\/\/szkolydoktorskie.uwb.edu.pl\/nsip\/"},{"@type":"ListItem","position":2,"name":"Rekrutacja 2020\/2021"}]},{"@type":"WebSite","@id":"https:\/\/szkolydoktorskie.uwb.edu.pl\/nsip\/#website","url":"https:\/\/szkolydoktorskie.uwb.edu.pl\/nsip\/","name":"Szko\u0142a Doktorska Nauk \u015acis\u0142ych i Przyrodniczych UwB","description":"Szko\u0142a Doktorska Nauk \u015acis\u0142ych i Przyrodniczych UwB","publisher":{"@id":"https:\/\/szkolydoktorskie.uwb.edu.pl\/nsip\/#organization"},"potentialAction":[{"@type":"SearchAction","target":{"@type":"EntryPoint","urlTemplate":"https:\/\/szkolydoktorskie.uwb.edu.pl\/nsip\/?s={search_term_string}"},"query-input":{"@type":"PropertyValueSpecification","valueRequired":true,"valueName":"search_term_string"}}],"inLanguage":"pl-PL"},{"@type":"Organization","@id":"https:\/\/szkolydoktorskie.uwb.edu.pl\/nsip\/#organization","name":"Szko\u0142a Doktorska Nauk \u015acis\u0142ych i Przyrodniczych UwB","url":"https:\/\/szkolydoktorskie.uwb.edu.pl\/nsip\/","logo":{"@type":"ImageObject","inLanguage":"pl-PL","@id":"https:\/\/szkolydoktorskie.uwb.edu.pl\/nsip\/#\/schema\/logo\/image\/","url":"https:\/\/szkolydoktorskie.uwb.edu.pl\/nsip\/wp-content\/uploads\/sites\/4\/2021\/04\/cropped-LOGO-NSIP.png","contentUrl":"https:\/\/szkolydoktorskie.uwb.edu.pl\/nsip\/wp-content\/uploads\/sites\/4\/2021\/04\/cropped-LOGO-NSIP.png","width":705,"height":188,"caption":"Szko\u0142a Doktorska Nauk \u015acis\u0142ych i Przyrodniczych UwB"},"image":{"@id":"https:\/\/szkolydoktorskie.uwb.edu.pl\/nsip\/#\/schema\/logo\/image\/"}}]}},"_links":{"self":[{"href":"https:\/\/szkolydoktorskie.uwb.edu.pl\/nsip\/wp-json\/wp\/v2\/pages\/384","targetHints":{"allow":["GET"]}}],"collection":[{"href":"https:\/\/szkolydoktorskie.uwb.edu.pl\/nsip\/wp-json\/wp\/v2\/pages"}],"about":[{"href":"https:\/\/szkolydoktorskie.uwb.edu.pl\/nsip\/wp-json\/wp\/v2\/types\/page"}],"author":[{"embeddable":true,"href":"https:\/\/szkolydoktorskie.uwb.edu.pl\/nsip\/wp-json\/wp\/v2\/users\/8"}],"replies":[{"embeddable":true,"href":"https:\/\/szkolydoktorskie.uwb.edu.pl\/nsip\/wp-json\/wp\/v2\/comments?post=384"}],"version-history":[{"count":2,"href":"https:\/\/szkolydoktorskie.uwb.edu.pl\/nsip\/wp-json\/wp\/v2\/pages\/384\/revisions"}],"predecessor-version":[{"id":420,"href":"https:\/\/szkolydoktorskie.uwb.edu.pl\/nsip\/wp-json\/wp\/v2\/pages\/384\/revisions\/420"}],"wp:attachment":[{"href":"https:\/\/szkolydoktorskie.uwb.edu.pl\/nsip\/wp-json\/wp\/v2\/media?parent=384"}],"curies":[{"name":"wp","href":"https:\/\/api.w.org\/{rel}","templated":true}]}}