{"id":365,"date":"2021-06-14T13:58:53","date_gmt":"2021-06-14T11:58:53","guid":{"rendered":"https:\/\/szkolydoktorskie.uwb.edu.pl\/nsip\/?page_id=365"},"modified":"2023-03-14T12:40:34","modified_gmt":"2023-03-14T11:40:34","slug":"mgr-karolina-iwinska","status":"publish","type":"page","link":"https:\/\/szkolydoktorskie.uwb.edu.pl\/nsip\/mgr-karolina-iwinska\/","title":{"rendered":"mgr Karolina Iwi\u0144ska"},"content":{"rendered":"\n<figure class=\"wp-block-image size-large is-resized is-style-default\"><img loading=\"lazy\" decoding=\"async\" src=\"https:\/\/szkolydoktorskie.uwb.edu.pl\/nsip\/wp-content\/uploads\/sites\/4\/2021\/06\/Iwinska-810x1024.jpg\" alt=\"\" class=\"wp-image-345\" width=\"287\" height=\"363\" srcset=\"https:\/\/szkolydoktorskie.uwb.edu.pl\/nsip\/wp-content\/uploads\/sites\/4\/2021\/06\/Iwinska-810x1024.jpg 810w, https:\/\/szkolydoktorskie.uwb.edu.pl\/nsip\/wp-content\/uploads\/sites\/4\/2021\/06\/Iwinska-237x300.jpg 237w, https:\/\/szkolydoktorskie.uwb.edu.pl\/nsip\/wp-content\/uploads\/sites\/4\/2021\/06\/Iwinska-768x971.jpg 768w, https:\/\/szkolydoktorskie.uwb.edu.pl\/nsip\/wp-content\/uploads\/sites\/4\/2021\/06\/Iwinska.jpg 1042w\" sizes=\"auto, (max-width: 287px) 100vw, 287px\" \/><\/figure>\n\n\n\n<figure class=\"wp-block-table\"><table><tbody><tr><td><strong>E-mail&nbsp;<\/strong><\/td><td>k.iwinska@uwb.edu.pl<\/td><\/tr><tr><td><strong>Kod ORCID<\/strong><\/td><td>0000-0002-1714-3230<\/td><\/tr><tr><td><strong>Temat rozprawy doktorskiej<\/strong><\/td><td>Popielica szara: nowy model zwierz\u0119cy w badaniach koszt\u00f3w rozrodu<\/td><\/tr><tr><td><strong>Promotor<\/strong><\/td><td>Prof. dr hab. Marek Konarzewski<\/td><\/tr><tr><td><strong>Promotor pomocniczy<\/strong><\/td><td>&#8212;<\/td><\/tr><tr><td><strong>Wydzia\u0142 \/Katedra\/Zak\u0142ad<\/strong><\/td><td>Katedra Ekologii Ewolucyjnej i Fizjologicznej<\/td><\/tr><tr><td><strong>Dzia\u0142alno\u015b\u0107 naukowo-badawcza<\/strong><\/td><td>&nbsp;<\/td><\/tr><tr><td><strong>A.&nbsp;&nbsp;&nbsp;&nbsp;Publikacje naukowe<\/strong><\/td><td>&nbsp;<\/td><\/tr><tr><td><strong>A1. Artyku\u0142y naukowe w czasopismach<\/strong><\/td><td>Boraty\u0144ski, J. S.,<strong> Iwi\u0144ska, K.<\/strong>, Szafra\u0144ska, P. A., Chibowski, P., &amp; Bogdanowicz, W. &#8222;Continuous growth through winter correlates with increased resting metabolic rate but does not affect daily energy budgets due to torpor use&#8221;\u00a0<em>Current zoology<\/em>, 2021,\u00a067(2) [100 pkt, IF = 2,351]\u00a0 <br><br><strong>Iwi\u0144ska, K.<\/strong>, Boraty\u0144ski, J. S., Trivedi, A., &amp; Borowski, Z. &#8222;Daily roost utilization<br>by edible dormouse in a managed pine-dominated forest&#8221;\u00a0<br><em>Forest Ecology and Management<\/em>, 2020,\u00a0468, 118172[200 pkt, IF = 3,170]<br><br>Boraty\u0144ski, J. S.,<strong> Iwi\u0144ska, K.<\/strong>, &amp; Bogdanowicz, W. &#8222;An intra-population heterothermy continuum: notable repeatability of body temperature variation in food-deprived yellow-necked mice.<em>\u00a0Journal of Experimental Biology<\/em>, 2019,\u00a0222(6) [100 pkt, IF = 3,014]<br><br>Boraty\u0144ski, J. S., <strong>Iwi\u0144ska, K.<\/strong>, &amp; Bogdanowicz, W. &#8222;Body temperature variation <br>in free-living and food-deprived yellow-necked mice sustains an adaptive framework for endothermic thermoregulation&#8221;\u00a0<em>Mammal Research<\/em>,\u00a02018, 63(4)\u00a0 [70 pkt, IF = 1,356]<br><br><strong>Iwi\u0144ska, K.<\/strong>, Boraty\u0144ski, J. S., Mleczek, T., Kasprzyk, K., Dorociak, K., &amp; Sachanowicz, K. &#8222;Nietoperze Pog\u00f3rza Przemyskiego i teren\u00f3w przyleg\u0142ych&#8221;\u00a0<em>Chro\u0144my Przyrod\u0119 Ojczyst\u0105<\/em>,\u00a02017, 73<\/td><\/tr><tr><td><strong>A2. Monografie naukowe\/rozdzia\u0142y w monografiach<\/strong><\/td><td>&#8212;<\/td><\/tr><tr><td><strong>B. Konferencje naukowe<\/strong><\/td><td>Mi\u0119dzynarodowea konferencja naukowa \u201eEcology in Changing World &#8211; ECHO 2019\u201d, Warszawa, 23-24.03.2019; <strong>Iwi\u0144ska, K<\/strong>., Szafra\u0144ska, P., Bogdanowicz, W., Boraty\u0144ski, J.S; prezentacja ustna pt.: &#8222;Is a winter decrease of the basal metabolic rate in small mammals a rule? Interaction between phenotypic flexibility of energy metabolism and heterothermy in the yellow-necked mouse&#8221;<br><br>Mi\u0119dzynarodowa konferencja naukowa \u201e8th European Congress <br>of Mammalogy\u201d, Warszawa, 23-27.09.2019; <strong>Iwi\u0144ska, K<\/strong>., Boraty\u0144ski, J.S., Fya\u0142kowska, K., Boraty\u0144ski, Z., Borowski, Z.; poster &#8222;Does the time matter? Individual variation in the onset of active season in edible dormice&#8221;<\/td><\/tr><tr><td><strong>C. Granty<\/strong><\/td><td>\u201ePopielica szara: nowy model zwierz\u0119cy w badaniach koszt\u00f3w rozrodu\u201d (NCN, konkurs PRELUDIUM BIS), kierownik projektu: prof. dr hab. Marek Konarzewski; rola w projekcie: doktorant\/wykonawca (2020-obecnie)<br> <br>\u201eKompromis ewolucyjny pomi\u0119dzy prze\u017cywalno\u015bci\u0105 a\u00a0rozrodczo\u015bci\u0105 u myszy le\u015bnych o zr\u00f3\u017cnicowanych strategiach termoregulacyjnych\u201d (NCN, konkurs SONATA), kierownik projektu: dr Jan Boraty\u0144ski; rola w projekcie: wykonawca (2020 &#8211; 2023)<br> <br>\u201eWp\u0142yw pulsuj\u0105cych zasob\u00f3w na historie \u017cyciowe, hibernacj\u0119 i dostosowanie nadrzewnych gryzoni na przyk\u0142adzie popielicy (<em>Glis glis<\/em>).\u201d (Instytut Badawczy Le\u015bnictwa), kierownik projektu: dr hab. Zbigniew Borowski; rola w projekcie: wykonawca (2018-2022)<br><\/td><\/tr><tr><td><strong>D. Zrealizowane sta\u017ce<\/strong><\/td><td>&nbsp;<\/td><\/tr><tr><td><strong>E. Inne aktywno\u015bci\/osi\u0105gni\u0119cia naukowe<\/strong><\/td><td>&nbsp;<\/td><\/tr><tr><td><strong>Inna aktywno\u015b\u0107, np. organizacyjna<\/strong><\/td><td>&nbsp;<\/td><\/tr><\/tbody><\/table><\/figure>\n","protected":false},"excerpt":{"rendered":"<p>E-mail&nbsp; k.iwinska@uwb.edu.pl Kod ORCID 0000-0002-1714-3230 Temat rozprawy doktorskiej Popielica szara: nowy model zwierz\u0119cy w badaniach koszt\u00f3w rozrodu Promotor Prof. dr hab. Marek Konarzewski Promotor pomocniczy &#8212; Wydzia\u0142 \/Katedra\/Zak\u0142ad Katedra Ekologii&hellip;<\/p>\n","protected":false},"author":8,"featured_media":0,"parent":0,"menu_order":0,"comment_status":"closed","ping_status":"closed","template":"","meta":{"footnotes":""},"class_list":["post-365","page","type-page","status-publish","hentry"],"yoast_head":"<!-- This site is optimized with the Yoast SEO plugin v27.3 - https:\/\/yoast.com\/product\/yoast-seo-wordpress\/ -->\n<title>mgr Karolina Iwi\u0144ska - Szko\u0142a Doktorska Nauk \u015acis\u0142ych i Przyrodniczych UwB<\/title>\n<meta name=\"robots\" content=\"index, follow, max-snippet:-1, max-image-preview:large, max-video-preview:-1\" \/>\n<link rel=\"canonical\" href=\"https:\/\/szkolydoktorskie.uwb.edu.pl\/nsip\/mgr-karolina-iwinska\/\" \/>\n<meta property=\"og:locale\" content=\"pl_PL\" \/>\n<meta property=\"og:type\" content=\"article\" \/>\n<meta property=\"og:title\" content=\"mgr Karolina Iwi\u0144ska - Szko\u0142a Doktorska Nauk \u015acis\u0142ych i Przyrodniczych UwB\" \/>\n<meta property=\"og:description\" content=\"E-mail&nbsp; k.iwinska@uwb.edu.pl Kod ORCID 0000-0002-1714-3230 Temat rozprawy doktorskiej Popielica szara: nowy model zwierz\u0119cy w badaniach koszt\u00f3w rozrodu Promotor Prof. dr hab. Marek Konarzewski Promotor pomocniczy &#8212; Wydzia\u0142 \/Katedra\/Zak\u0142ad Katedra Ekologii&hellip;\" \/>\n<meta property=\"og:url\" content=\"https:\/\/szkolydoktorskie.uwb.edu.pl\/nsip\/mgr-karolina-iwinska\/\" \/>\n<meta property=\"og:site_name\" content=\"Szko\u0142a Doktorska Nauk \u015acis\u0142ych i Przyrodniczych UwB\" \/>\n<meta property=\"article:modified_time\" content=\"2023-03-14T11:40:34+00:00\" \/>\n<meta property=\"og:image\" content=\"https:\/\/szkolydoktorskie.uwb.edu.pl\/nsip\/wp-content\/uploads\/sites\/4\/2021\/06\/Iwinska-810x1024.jpg\" \/>\n<meta name=\"twitter:card\" content=\"summary_large_image\" \/>\n<meta name=\"twitter:label1\" content=\"Szacowany czas czytania\" \/>\n\t<meta name=\"twitter:data1\" content=\"2 minuty\" \/>\n<script type=\"application\/ld+json\" class=\"yoast-schema-graph\">{\"@context\":\"https:\\\/\\\/schema.org\",\"@graph\":[{\"@type\":\"WebPage\",\"@id\":\"https:\\\/\\\/szkolydoktorskie.uwb.edu.pl\\\/nsip\\\/mgr-karolina-iwinska\\\/\",\"url\":\"https:\\\/\\\/szkolydoktorskie.uwb.edu.pl\\\/nsip\\\/mgr-karolina-iwinska\\\/\",\"name\":\"mgr Karolina Iwi\u0144ska - Szko\u0142a Doktorska Nauk \u015acis\u0142ych i Przyrodniczych UwB\",\"isPartOf\":{\"@id\":\"https:\\\/\\\/szkolydoktorskie.uwb.edu.pl\\\/nsip\\\/#website\"},\"primaryImageOfPage\":{\"@id\":\"https:\\\/\\\/szkolydoktorskie.uwb.edu.pl\\\/nsip\\\/mgr-karolina-iwinska\\\/#primaryimage\"},\"image\":{\"@id\":\"https:\\\/\\\/szkolydoktorskie.uwb.edu.pl\\\/nsip\\\/mgr-karolina-iwinska\\\/#primaryimage\"},\"thumbnailUrl\":\"https:\\\/\\\/szkolydoktorskie.uwb.edu.pl\\\/nsip\\\/wp-content\\\/uploads\\\/sites\\\/4\\\/2021\\\/06\\\/Iwinska-810x1024.jpg\",\"datePublished\":\"2021-06-14T11:58:53+00:00\",\"dateModified\":\"2023-03-14T11:40:34+00:00\",\"breadcrumb\":{\"@id\":\"https:\\\/\\\/szkolydoktorskie.uwb.edu.pl\\\/nsip\\\/mgr-karolina-iwinska\\\/#breadcrumb\"},\"inLanguage\":\"pl-PL\",\"potentialAction\":[{\"@type\":\"ReadAction\",\"target\":[\"https:\\\/\\\/szkolydoktorskie.uwb.edu.pl\\\/nsip\\\/mgr-karolina-iwinska\\\/\"]}]},{\"@type\":\"ImageObject\",\"inLanguage\":\"pl-PL\",\"@id\":\"https:\\\/\\\/szkolydoktorskie.uwb.edu.pl\\\/nsip\\\/mgr-karolina-iwinska\\\/#primaryimage\",\"url\":\"https:\\\/\\\/szkolydoktorskie.uwb.edu.pl\\\/nsip\\\/wp-content\\\/uploads\\\/sites\\\/4\\\/2021\\\/06\\\/Iwinska.jpg\",\"contentUrl\":\"https:\\\/\\\/szkolydoktorskie.uwb.edu.pl\\\/nsip\\\/wp-content\\\/uploads\\\/sites\\\/4\\\/2021\\\/06\\\/Iwinska.jpg\",\"width\":1042,\"height\":1318},{\"@type\":\"BreadcrumbList\",\"@id\":\"https:\\\/\\\/szkolydoktorskie.uwb.edu.pl\\\/nsip\\\/mgr-karolina-iwinska\\\/#breadcrumb\",\"itemListElement\":[{\"@type\":\"ListItem\",\"position\":1,\"name\":\"Strona g\u0142\u00f3wna\",\"item\":\"https:\\\/\\\/szkolydoktorskie.uwb.edu.pl\\\/nsip\\\/\"},{\"@type\":\"ListItem\",\"position\":2,\"name\":\"mgr Karolina Iwi\u0144ska\"}]},{\"@type\":\"WebSite\",\"@id\":\"https:\\\/\\\/szkolydoktorskie.uwb.edu.pl\\\/nsip\\\/#website\",\"url\":\"https:\\\/\\\/szkolydoktorskie.uwb.edu.pl\\\/nsip\\\/\",\"name\":\"Szko\u0142a Doktorska Nauk \u015acis\u0142ych i Przyrodniczych UwB\",\"description\":\"Szko\u0142a Doktorska Nauk \u015acis\u0142ych i Przyrodniczych UwB\",\"publisher\":{\"@id\":\"https:\\\/\\\/szkolydoktorskie.uwb.edu.pl\\\/nsip\\\/#organization\"},\"potentialAction\":[{\"@type\":\"SearchAction\",\"target\":{\"@type\":\"EntryPoint\",\"urlTemplate\":\"https:\\\/\\\/szkolydoktorskie.uwb.edu.pl\\\/nsip\\\/?s={search_term_string}\"},\"query-input\":{\"@type\":\"PropertyValueSpecification\",\"valueRequired\":true,\"valueName\":\"search_term_string\"}}],\"inLanguage\":\"pl-PL\"},{\"@type\":\"Organization\",\"@id\":\"https:\\\/\\\/szkolydoktorskie.uwb.edu.pl\\\/nsip\\\/#organization\",\"name\":\"Szko\u0142a Doktorska Nauk \u015acis\u0142ych i Przyrodniczych UwB\",\"url\":\"https:\\\/\\\/szkolydoktorskie.uwb.edu.pl\\\/nsip\\\/\",\"logo\":{\"@type\":\"ImageObject\",\"inLanguage\":\"pl-PL\",\"@id\":\"https:\\\/\\\/szkolydoktorskie.uwb.edu.pl\\\/nsip\\\/#\\\/schema\\\/logo\\\/image\\\/\",\"url\":\"https:\\\/\\\/szkolydoktorskie.uwb.edu.pl\\\/nsip\\\/wp-content\\\/uploads\\\/sites\\\/4\\\/2021\\\/04\\\/cropped-LOGO-NSIP.png\",\"contentUrl\":\"https:\\\/\\\/szkolydoktorskie.uwb.edu.pl\\\/nsip\\\/wp-content\\\/uploads\\\/sites\\\/4\\\/2021\\\/04\\\/cropped-LOGO-NSIP.png\",\"width\":705,\"height\":188,\"caption\":\"Szko\u0142a Doktorska Nauk \u015acis\u0142ych i Przyrodniczych UwB\"},\"image\":{\"@id\":\"https:\\\/\\\/szkolydoktorskie.uwb.edu.pl\\\/nsip\\\/#\\\/schema\\\/logo\\\/image\\\/\"}}]}<\/script>\n<!-- \/ Yoast SEO plugin. -->","yoast_head_json":{"title":"mgr Karolina Iwi\u0144ska - Szko\u0142a Doktorska Nauk \u015acis\u0142ych i Przyrodniczych UwB","robots":{"index":"index","follow":"follow","max-snippet":"max-snippet:-1","max-image-preview":"max-image-preview:large","max-video-preview":"max-video-preview:-1"},"canonical":"https:\/\/szkolydoktorskie.uwb.edu.pl\/nsip\/mgr-karolina-iwinska\/","og_locale":"pl_PL","og_type":"article","og_title":"mgr Karolina Iwi\u0144ska - Szko\u0142a Doktorska Nauk \u015acis\u0142ych i Przyrodniczych UwB","og_description":"E-mail&nbsp; k.iwinska@uwb.edu.pl Kod ORCID 0000-0002-1714-3230 Temat rozprawy doktorskiej Popielica szara: nowy model zwierz\u0119cy w badaniach koszt\u00f3w rozrodu Promotor Prof. dr hab. Marek Konarzewski Promotor pomocniczy &#8212; Wydzia\u0142 \/Katedra\/Zak\u0142ad Katedra Ekologii&hellip;","og_url":"https:\/\/szkolydoktorskie.uwb.edu.pl\/nsip\/mgr-karolina-iwinska\/","og_site_name":"Szko\u0142a Doktorska Nauk \u015acis\u0142ych i Przyrodniczych UwB","article_modified_time":"2023-03-14T11:40:34+00:00","og_image":[{"url":"https:\/\/szkolydoktorskie.uwb.edu.pl\/nsip\/wp-content\/uploads\/sites\/4\/2021\/06\/Iwinska-810x1024.jpg","type":"","width":"","height":""}],"twitter_card":"summary_large_image","twitter_misc":{"Szacowany czas czytania":"2 minuty"},"schema":{"@context":"https:\/\/schema.org","@graph":[{"@type":"WebPage","@id":"https:\/\/szkolydoktorskie.uwb.edu.pl\/nsip\/mgr-karolina-iwinska\/","url":"https:\/\/szkolydoktorskie.uwb.edu.pl\/nsip\/mgr-karolina-iwinska\/","name":"mgr Karolina Iwi\u0144ska - Szko\u0142a Doktorska Nauk \u015acis\u0142ych i Przyrodniczych UwB","isPartOf":{"@id":"https:\/\/szkolydoktorskie.uwb.edu.pl\/nsip\/#website"},"primaryImageOfPage":{"@id":"https:\/\/szkolydoktorskie.uwb.edu.pl\/nsip\/mgr-karolina-iwinska\/#primaryimage"},"image":{"@id":"https:\/\/szkolydoktorskie.uwb.edu.pl\/nsip\/mgr-karolina-iwinska\/#primaryimage"},"thumbnailUrl":"https:\/\/szkolydoktorskie.uwb.edu.pl\/nsip\/wp-content\/uploads\/sites\/4\/2021\/06\/Iwinska-810x1024.jpg","datePublished":"2021-06-14T11:58:53+00:00","dateModified":"2023-03-14T11:40:34+00:00","breadcrumb":{"@id":"https:\/\/szkolydoktorskie.uwb.edu.pl\/nsip\/mgr-karolina-iwinska\/#breadcrumb"},"inLanguage":"pl-PL","potentialAction":[{"@type":"ReadAction","target":["https:\/\/szkolydoktorskie.uwb.edu.pl\/nsip\/mgr-karolina-iwinska\/"]}]},{"@type":"ImageObject","inLanguage":"pl-PL","@id":"https:\/\/szkolydoktorskie.uwb.edu.pl\/nsip\/mgr-karolina-iwinska\/#primaryimage","url":"https:\/\/szkolydoktorskie.uwb.edu.pl\/nsip\/wp-content\/uploads\/sites\/4\/2021\/06\/Iwinska.jpg","contentUrl":"https:\/\/szkolydoktorskie.uwb.edu.pl\/nsip\/wp-content\/uploads\/sites\/4\/2021\/06\/Iwinska.jpg","width":1042,"height":1318},{"@type":"BreadcrumbList","@id":"https:\/\/szkolydoktorskie.uwb.edu.pl\/nsip\/mgr-karolina-iwinska\/#breadcrumb","itemListElement":[{"@type":"ListItem","position":1,"name":"Strona g\u0142\u00f3wna","item":"https:\/\/szkolydoktorskie.uwb.edu.pl\/nsip\/"},{"@type":"ListItem","position":2,"name":"mgr Karolina Iwi\u0144ska"}]},{"@type":"WebSite","@id":"https:\/\/szkolydoktorskie.uwb.edu.pl\/nsip\/#website","url":"https:\/\/szkolydoktorskie.uwb.edu.pl\/nsip\/","name":"Szko\u0142a Doktorska Nauk \u015acis\u0142ych i Przyrodniczych UwB","description":"Szko\u0142a Doktorska Nauk \u015acis\u0142ych i Przyrodniczych UwB","publisher":{"@id":"https:\/\/szkolydoktorskie.uwb.edu.pl\/nsip\/#organization"},"potentialAction":[{"@type":"SearchAction","target":{"@type":"EntryPoint","urlTemplate":"https:\/\/szkolydoktorskie.uwb.edu.pl\/nsip\/?s={search_term_string}"},"query-input":{"@type":"PropertyValueSpecification","valueRequired":true,"valueName":"search_term_string"}}],"inLanguage":"pl-PL"},{"@type":"Organization","@id":"https:\/\/szkolydoktorskie.uwb.edu.pl\/nsip\/#organization","name":"Szko\u0142a Doktorska Nauk \u015acis\u0142ych i Przyrodniczych UwB","url":"https:\/\/szkolydoktorskie.uwb.edu.pl\/nsip\/","logo":{"@type":"ImageObject","inLanguage":"pl-PL","@id":"https:\/\/szkolydoktorskie.uwb.edu.pl\/nsip\/#\/schema\/logo\/image\/","url":"https:\/\/szkolydoktorskie.uwb.edu.pl\/nsip\/wp-content\/uploads\/sites\/4\/2021\/04\/cropped-LOGO-NSIP.png","contentUrl":"https:\/\/szkolydoktorskie.uwb.edu.pl\/nsip\/wp-content\/uploads\/sites\/4\/2021\/04\/cropped-LOGO-NSIP.png","width":705,"height":188,"caption":"Szko\u0142a Doktorska Nauk \u015acis\u0142ych i Przyrodniczych UwB"},"image":{"@id":"https:\/\/szkolydoktorskie.uwb.edu.pl\/nsip\/#\/schema\/logo\/image\/"}}]}},"_links":{"self":[{"href":"https:\/\/szkolydoktorskie.uwb.edu.pl\/nsip\/wp-json\/wp\/v2\/pages\/365","targetHints":{"allow":["GET"]}}],"collection":[{"href":"https:\/\/szkolydoktorskie.uwb.edu.pl\/nsip\/wp-json\/wp\/v2\/pages"}],"about":[{"href":"https:\/\/szkolydoktorskie.uwb.edu.pl\/nsip\/wp-json\/wp\/v2\/types\/page"}],"author":[{"embeddable":true,"href":"https:\/\/szkolydoktorskie.uwb.edu.pl\/nsip\/wp-json\/wp\/v2\/users\/8"}],"replies":[{"embeddable":true,"href":"https:\/\/szkolydoktorskie.uwb.edu.pl\/nsip\/wp-json\/wp\/v2\/comments?post=365"}],"version-history":[{"count":26,"href":"https:\/\/szkolydoktorskie.uwb.edu.pl\/nsip\/wp-json\/wp\/v2\/pages\/365\/revisions"}],"predecessor-version":[{"id":2251,"href":"https:\/\/szkolydoktorskie.uwb.edu.pl\/nsip\/wp-json\/wp\/v2\/pages\/365\/revisions\/2251"}],"wp:attachment":[{"href":"https:\/\/szkolydoktorskie.uwb.edu.pl\/nsip\/wp-json\/wp\/v2\/media?parent=365"}],"curies":[{"name":"wp","href":"https:\/\/api.w.org\/{rel}","templated":true}]}}