{"id":361,"date":"2021-06-14T13:52:55","date_gmt":"2021-06-14T11:52:55","guid":{"rendered":"https:\/\/szkolydoktorskie.uwb.edu.pl\/nsip\/?page_id=361"},"modified":"2024-06-17T08:24:16","modified_gmt":"2024-06-17T06:24:16","slug":"mgr-inz-tomasz-zalewski","status":"publish","type":"page","link":"https:\/\/szkolydoktorskie.uwb.edu.pl\/nsip\/mgr-inz-tomasz-zalewski\/","title":{"rendered":"dr in\u017c. Tomasz Zalewski"},"content":{"rendered":"\n<figure class=\"wp-block-image size-large is-resized\"><img loading=\"lazy\" decoding=\"async\" src=\"https:\/\/szkolydoktorskie.uwb.edu.pl\/nsip\/wp-content\/uploads\/sites\/4\/2021\/06\/Zalewski.jpg\" alt=\"\" class=\"wp-image-349\" style=\"width:267px;height:343px\" width=\"267\" height=\"343\" srcset=\"https:\/\/szkolydoktorskie.uwb.edu.pl\/nsip\/wp-content\/uploads\/sites\/4\/2021\/06\/Zalewski.jpg 492w, https:\/\/szkolydoktorskie.uwb.edu.pl\/nsip\/wp-content\/uploads\/sites\/4\/2021\/06\/Zalewski-233x300.jpg 233w\" sizes=\"auto, (max-width: 267px) 100vw, 267px\" \/><\/figure>\n\n\n\n<figure class=\"wp-block-table\"><table><tbody><tr><td><strong>E-mail&nbsp;<\/strong><\/td><td>tmkzlwsk@uwb.edu.pl<\/td><\/tr><tr><td><strong>Kod ORCID<\/strong><\/td><td>0000-0002-5860-6051<\/td><\/tr><tr><td><strong>Temat rozprawy doktorskiej<\/strong><\/td><td>Ultrafast coherent photo-magnetic switching in ferrimagnetic garnets<\/td><\/tr><tr><td><strong>Promotor<\/strong><\/td><td>Prof. dr hab. Andrzej Stupakiewicz<\/td><\/tr><tr><td><strong>Promotor pomocniczy<\/strong><\/td><td><\/td><\/tr><tr><td><strong>Wydzia\u0142 \/Katedra\/Zak\u0142ad<\/strong><\/td><td>Wydzia\u0142 Fizyki\/Zak\u0142ad Fizyki Magnetyk\u00f3w<\/td><\/tr><tr><td><strong>Dzia\u0142alno\u015b\u0107 naukowo-badawcza<\/strong><\/td><td>Dzia\u0142alno\u015b\u0107 naukowo-badawcza zwi\u0105zana jest z eksperymentalnym badaniami ultraszybkich w\u0142asno\u015bci magneto optycznych przy u\u017cyciu technik czasowo-rozdzielczych. Szczeg\u00f3lny nacisk po\u0142o\u017cony jest na zastosowaniu technik obrazowania do wizualizacji dynamiki prze\u0142\u0105czenia magnetyzacji w warstwach granat\u00f3w itrowo \u017celazowych.<\/td><\/tr><tr><td><strong>A.&nbsp;&nbsp;&nbsp;&nbsp;Publikacje naukowe<\/strong><\/td><td><\/td><\/tr><tr><td><strong>A1. Artyku\u0142y naukowe w czasopismach<\/strong><\/td><td><strong>T. Zalewski<\/strong> and A. Stupakiewicz, &#8222;Single-shot imaging of ultrafast all-optical magnetization dynamics with a spatiotemporal resolution&#8221;, &nbsp;Rev Sci Instrum 92, 103004 (2021)<br><a href=\"https:\/\/doi.org\/10.1063\/5.0068304\">https:\/\/doi.org\/10.1063\/5.0068304<\/a> (IF = 1.843, MNiSW 70)<br>&nbsp;<br><strong>T. Zalewski<\/strong>, A. Maziewski, A. Stupakiewicz, \u201c Time-resolved photo-magnetic switching of bubble domains in ferrimagnetic garnets\u201d &nbsp;Appl. Phys. Lett. 123, 032402 (2023)<br><a href=\"https:\/\/doi.org\/10.1063\/5.0157894\" target=\"_blank\" rel=\"noreferrer noopener\">https:\/\/doi.org\/10.1063\/5.0157894<\/a> (IF = 3.971, MNiSW 100)<\/td><\/tr><tr><td><strong>A2. Monografie naukowe\/rozdzia\u0142y w monografiach<\/strong><\/td><td><\/td><\/tr><tr><td><strong>B. Konferencje naukowe<\/strong><\/td><td>4th Ultrafast Magnetism Conference 2019, York (Wielka Brytania), 14-17.10.2019,&nbsp; komunikat posterowy <strong>T. Zalewski<\/strong>, A. Frej, A. Stupakiewicz &nbsp;\u201eSingle-shot ultrafast imaging of photo-magnetic switching in YIG: Co film\u201d<br>&nbsp;<br>Joint European Magnetic Symposia (JEMS) 2020, Lizbona (Portugalia), 7-11.12.2020, &nbsp;komunikat ustny (online) <strong>T. Zalewski<\/strong>, A Stupakiewicz; \u201eUltrafast photo-magnetic back-switching in garnet films\u201d<br>&nbsp;<br>11th International Conference on Metamaterials, Photonic Crystals and Plasmonics META 2021,&nbsp; Warszawa, (Polska), 20-23.07 2021, komunikat ustny (online) <strong>T. Zalewski<\/strong>, A. Stupakiewicz; &nbsp;\u201cSingle-shot time-resolved imaging of all-optical ultrafast photo-magnetic switching\u201d<br>&nbsp;<br>Sympozjum M\u0142odych Naukowc\u00f3w 2021 pod patronatem Wydzia\u0142u Fizyki Uniwersytetu Warszawskiego, Warszawa, (Polska), 30.08-03.09 2021 r. komunikat ustny (online), <strong>T. Zalewski<\/strong>, A. Stupakiewicz; \u201cDevelopment of the automatized setup for the single-shot time-resolved imaging of all-optical ultrafast photo-magnetic switching\u201d<br>&nbsp;<br>2022 Joint MMM-INTERMAG, Nowy Orlean, (USA), 10-14.01 2022 r. komunikat ustny i posterowy <strong>T. Zalewski<\/strong>, A. Stupakiewicz; \u201cControl of switching time and Energy dissipation for ultrafast photo-magnetic recording in dielectrics\u201d<br>&nbsp;<br>Joint European Magnetic Symposia (JEMS) 2022, Warszawa, (Polska) 24-29.07 2022, komunikat ustny &nbsp;<strong>T. Zalewski<\/strong>, A. Frej, A. Stupakiewicz; &nbsp;\u201cUltrafast photo-induced dynamics of multi states switching of magnetization in garnet\u201d<br>&nbsp;<br>Joint European Magnetic Symposia (JEMS)v2023, Madryt, (Hiszpania) 27.08-01.09.23 &nbsp;komunikat posterowy; <strong>T. Zalewski<\/strong>, L. Nowak, A. Stupakiewicz; \u201cCoherent Control of Photo-Magnetic Precession and Switching by Double-Shot Laser Pulses\u201d<\/td><\/tr><tr><td><strong>C. Granty<\/strong><\/td><td>\u201cInnovative technology of cold ultrafast photo-magnetic recording and novel approach to ultrafast opto-spintronics\u201d (Program TEAM finansowany ze \u015brodk\u00f3w europejskiego funduszu rozwoju regionalnego)  kierownik: dr hab. Andrzej Stupakiewicz, prof. UwB; rola w projekcie: wykonawca\/doktorant (pa\u017adziernik 2019 &#8211; maj 2022)<\/td><\/tr><tr><td><strong>D. Zrealizowane sta\u017ce<\/strong><\/td><td><strong>maj 2021<\/strong> Uniwersytet Radboud, Nijmegen (Holandia) <\/td><\/tr><tr><td><strong>E. Inne aktywno\u015bci\/osi\u0105gni\u0119cia naukowe<\/strong><\/td><td>Uczestnik szko\u0142y letniej \u201eThe European School on Magnetism 2019: Experimental Techniques\u201d; Czech republic, Brno University of Technology and the Central European Institute of Technology<br>&nbsp;<br>Uczestnik szko\u0142y letniej: \u201e 1st summer school magnetofon\u201d; Lizbona, Portugalia, University of Lisbon, Instituto Superior T\u00e9cnico<br>&nbsp;<br>Uczestnik mi\u0119dzynarodowej szko\u0142y \u201cFemtoUP 2020-21: Ultrafast lasers technologies and applications\u201d (online)<br>&nbsp;<br>Aktywny udzia\u0142 w drugim Warsztacie Holografii Opto-Magnetycznej, CeZaMat PW, Warszawa<br>&nbsp;<br>Uczestnik 3-ciej szko\u0142y letniej \u201cUltrafast magneto-electrics\u201d, Samobor, Chorwacja<br>&nbsp;<br>Udzia\u0142 w 4-tej szkole \u201c4th International Advanced School on Magnonics MAGNETOFON\u201d, Porto, Portugalia<br>&nbsp;<br>Udzia\u0142 w \u201cInternational Workshop on Terahertz Phenomena in Magnetism and Ultrafast Spin Transport\u201d organizowany przez COST Action CA17123 MAGNETOFON Istanbu\u0142, Turcja<br>&nbsp;<br>Udzia\u0142 w \u201c4th Workshop of COST Action MAGNETOFON Egmond aan Zee, Holandia.<\/td><\/tr><tr><td><strong>Inna aktywno\u015b\u0107, np. organizacyjna<\/strong><\/td><td>Udzia\u0142 w XVIII Podlaskim Festiwalu Nauki i Sztuki<br>&nbsp;<br>Cz\u0142onek Rady Doktorant\u00f3w Szko\u0142y Doktorskiej Nauk \u015acis\u0142ych i Przyrodniczych, kadencja 2020-2022<\/td><\/tr><\/tbody><\/table><\/figure>\n","protected":false},"excerpt":{"rendered":"<p>E-mail&nbsp; tmkzlwsk@uwb.edu.pl Kod ORCID 0000-0002-5860-6051 Temat rozprawy doktorskiej Ultrafast coherent photo-magnetic switching in ferrimagnetic garnets Promotor Prof. dr hab. Andrzej Stupakiewicz Promotor pomocniczy Wydzia\u0142 \/Katedra\/Zak\u0142ad Wydzia\u0142 Fizyki\/Zak\u0142ad Fizyki Magnetyk\u00f3w Dzia\u0142alno\u015b\u0107&hellip;<\/p>\n","protected":false},"author":8,"featured_media":0,"parent":0,"menu_order":0,"comment_status":"closed","ping_status":"closed","template":"","meta":{"footnotes":""},"class_list":["post-361","page","type-page","status-publish","hentry"],"yoast_head":"<!-- This site is optimized with the Yoast SEO plugin v27.3 - https:\/\/yoast.com\/product\/yoast-seo-wordpress\/ -->\n<title>dr in\u017c. Tomasz Zalewski - Szko\u0142a Doktorska Nauk \u015acis\u0142ych i Przyrodniczych UwB<\/title>\n<meta name=\"robots\" content=\"index, follow, max-snippet:-1, max-image-preview:large, max-video-preview:-1\" \/>\n<link rel=\"canonical\" href=\"https:\/\/szkolydoktorskie.uwb.edu.pl\/nsip\/mgr-inz-tomasz-zalewski\/\" \/>\n<meta property=\"og:locale\" content=\"pl_PL\" \/>\n<meta property=\"og:type\" content=\"article\" \/>\n<meta property=\"og:title\" content=\"dr in\u017c. Tomasz Zalewski - Szko\u0142a Doktorska Nauk \u015acis\u0142ych i Przyrodniczych UwB\" \/>\n<meta property=\"og:description\" content=\"E-mail&nbsp; tmkzlwsk@uwb.edu.pl Kod ORCID 0000-0002-5860-6051 Temat rozprawy doktorskiej Ultrafast coherent photo-magnetic switching in ferrimagnetic garnets Promotor Prof. dr hab. Andrzej Stupakiewicz Promotor pomocniczy Wydzia\u0142 \/Katedra\/Zak\u0142ad Wydzia\u0142 Fizyki\/Zak\u0142ad Fizyki Magnetyk\u00f3w Dzia\u0142alno\u015b\u0107&hellip;\" \/>\n<meta property=\"og:url\" content=\"https:\/\/szkolydoktorskie.uwb.edu.pl\/nsip\/mgr-inz-tomasz-zalewski\/\" \/>\n<meta property=\"og:site_name\" content=\"Szko\u0142a Doktorska Nauk \u015acis\u0142ych i Przyrodniczych UwB\" \/>\n<meta property=\"article:modified_time\" content=\"2024-06-17T06:24:16+00:00\" \/>\n<meta property=\"og:image\" content=\"https:\/\/szkolydoktorskie.uwb.edu.pl\/nsip\/wp-content\/uploads\/sites\/4\/2021\/06\/Zalewski.jpg\" \/>\n<meta name=\"twitter:card\" content=\"summary_large_image\" \/>\n<meta name=\"twitter:label1\" content=\"Szacowany czas czytania\" \/>\n\t<meta name=\"twitter:data1\" content=\"4 minuty\" \/>\n<script type=\"application\/ld+json\" class=\"yoast-schema-graph\">{\"@context\":\"https:\\\/\\\/schema.org\",\"@graph\":[{\"@type\":\"WebPage\",\"@id\":\"https:\\\/\\\/szkolydoktorskie.uwb.edu.pl\\\/nsip\\\/mgr-inz-tomasz-zalewski\\\/\",\"url\":\"https:\\\/\\\/szkolydoktorskie.uwb.edu.pl\\\/nsip\\\/mgr-inz-tomasz-zalewski\\\/\",\"name\":\"dr in\u017c. Tomasz Zalewski - Szko\u0142a Doktorska Nauk \u015acis\u0142ych i Przyrodniczych UwB\",\"isPartOf\":{\"@id\":\"https:\\\/\\\/szkolydoktorskie.uwb.edu.pl\\\/nsip\\\/#website\"},\"primaryImageOfPage\":{\"@id\":\"https:\\\/\\\/szkolydoktorskie.uwb.edu.pl\\\/nsip\\\/mgr-inz-tomasz-zalewski\\\/#primaryimage\"},\"image\":{\"@id\":\"https:\\\/\\\/szkolydoktorskie.uwb.edu.pl\\\/nsip\\\/mgr-inz-tomasz-zalewski\\\/#primaryimage\"},\"thumbnailUrl\":\"https:\\\/\\\/szkolydoktorskie.uwb.edu.pl\\\/nsip\\\/wp-content\\\/uploads\\\/sites\\\/4\\\/2021\\\/06\\\/Zalewski.jpg\",\"datePublished\":\"2021-06-14T11:52:55+00:00\",\"dateModified\":\"2024-06-17T06:24:16+00:00\",\"breadcrumb\":{\"@id\":\"https:\\\/\\\/szkolydoktorskie.uwb.edu.pl\\\/nsip\\\/mgr-inz-tomasz-zalewski\\\/#breadcrumb\"},\"inLanguage\":\"pl-PL\",\"potentialAction\":[{\"@type\":\"ReadAction\",\"target\":[\"https:\\\/\\\/szkolydoktorskie.uwb.edu.pl\\\/nsip\\\/mgr-inz-tomasz-zalewski\\\/\"]}]},{\"@type\":\"ImageObject\",\"inLanguage\":\"pl-PL\",\"@id\":\"https:\\\/\\\/szkolydoktorskie.uwb.edu.pl\\\/nsip\\\/mgr-inz-tomasz-zalewski\\\/#primaryimage\",\"url\":\"https:\\\/\\\/szkolydoktorskie.uwb.edu.pl\\\/nsip\\\/wp-content\\\/uploads\\\/sites\\\/4\\\/2021\\\/06\\\/Zalewski.jpg\",\"contentUrl\":\"https:\\\/\\\/szkolydoktorskie.uwb.edu.pl\\\/nsip\\\/wp-content\\\/uploads\\\/sites\\\/4\\\/2021\\\/06\\\/Zalewski.jpg\",\"width\":492,\"height\":633},{\"@type\":\"BreadcrumbList\",\"@id\":\"https:\\\/\\\/szkolydoktorskie.uwb.edu.pl\\\/nsip\\\/mgr-inz-tomasz-zalewski\\\/#breadcrumb\",\"itemListElement\":[{\"@type\":\"ListItem\",\"position\":1,\"name\":\"Strona g\u0142\u00f3wna\",\"item\":\"https:\\\/\\\/szkolydoktorskie.uwb.edu.pl\\\/nsip\\\/\"},{\"@type\":\"ListItem\",\"position\":2,\"name\":\"dr in\u017c. Tomasz Zalewski\"}]},{\"@type\":\"WebSite\",\"@id\":\"https:\\\/\\\/szkolydoktorskie.uwb.edu.pl\\\/nsip\\\/#website\",\"url\":\"https:\\\/\\\/szkolydoktorskie.uwb.edu.pl\\\/nsip\\\/\",\"name\":\"Szko\u0142a Doktorska Nauk \u015acis\u0142ych i Przyrodniczych UwB\",\"description\":\"Szko\u0142a Doktorska Nauk \u015acis\u0142ych i Przyrodniczych UwB\",\"publisher\":{\"@id\":\"https:\\\/\\\/szkolydoktorskie.uwb.edu.pl\\\/nsip\\\/#organization\"},\"potentialAction\":[{\"@type\":\"SearchAction\",\"target\":{\"@type\":\"EntryPoint\",\"urlTemplate\":\"https:\\\/\\\/szkolydoktorskie.uwb.edu.pl\\\/nsip\\\/?s={search_term_string}\"},\"query-input\":{\"@type\":\"PropertyValueSpecification\",\"valueRequired\":true,\"valueName\":\"search_term_string\"}}],\"inLanguage\":\"pl-PL\"},{\"@type\":\"Organization\",\"@id\":\"https:\\\/\\\/szkolydoktorskie.uwb.edu.pl\\\/nsip\\\/#organization\",\"name\":\"Szko\u0142a Doktorska Nauk \u015acis\u0142ych i Przyrodniczych UwB\",\"url\":\"https:\\\/\\\/szkolydoktorskie.uwb.edu.pl\\\/nsip\\\/\",\"logo\":{\"@type\":\"ImageObject\",\"inLanguage\":\"pl-PL\",\"@id\":\"https:\\\/\\\/szkolydoktorskie.uwb.edu.pl\\\/nsip\\\/#\\\/schema\\\/logo\\\/image\\\/\",\"url\":\"https:\\\/\\\/szkolydoktorskie.uwb.edu.pl\\\/nsip\\\/wp-content\\\/uploads\\\/sites\\\/4\\\/2021\\\/04\\\/cropped-LOGO-NSIP.png\",\"contentUrl\":\"https:\\\/\\\/szkolydoktorskie.uwb.edu.pl\\\/nsip\\\/wp-content\\\/uploads\\\/sites\\\/4\\\/2021\\\/04\\\/cropped-LOGO-NSIP.png\",\"width\":705,\"height\":188,\"caption\":\"Szko\u0142a Doktorska Nauk \u015acis\u0142ych i Przyrodniczych UwB\"},\"image\":{\"@id\":\"https:\\\/\\\/szkolydoktorskie.uwb.edu.pl\\\/nsip\\\/#\\\/schema\\\/logo\\\/image\\\/\"}}]}<\/script>\n<!-- \/ Yoast SEO plugin. -->","yoast_head_json":{"title":"dr in\u017c. Tomasz Zalewski - Szko\u0142a Doktorska Nauk \u015acis\u0142ych i Przyrodniczych UwB","robots":{"index":"index","follow":"follow","max-snippet":"max-snippet:-1","max-image-preview":"max-image-preview:large","max-video-preview":"max-video-preview:-1"},"canonical":"https:\/\/szkolydoktorskie.uwb.edu.pl\/nsip\/mgr-inz-tomasz-zalewski\/","og_locale":"pl_PL","og_type":"article","og_title":"dr in\u017c. Tomasz Zalewski - Szko\u0142a Doktorska Nauk \u015acis\u0142ych i Przyrodniczych UwB","og_description":"E-mail&nbsp; tmkzlwsk@uwb.edu.pl Kod ORCID 0000-0002-5860-6051 Temat rozprawy doktorskiej Ultrafast coherent photo-magnetic switching in ferrimagnetic garnets Promotor Prof. dr hab. Andrzej Stupakiewicz Promotor pomocniczy Wydzia\u0142 \/Katedra\/Zak\u0142ad Wydzia\u0142 Fizyki\/Zak\u0142ad Fizyki Magnetyk\u00f3w Dzia\u0142alno\u015b\u0107&hellip;","og_url":"https:\/\/szkolydoktorskie.uwb.edu.pl\/nsip\/mgr-inz-tomasz-zalewski\/","og_site_name":"Szko\u0142a Doktorska Nauk \u015acis\u0142ych i Przyrodniczych UwB","article_modified_time":"2024-06-17T06:24:16+00:00","og_image":[{"url":"https:\/\/szkolydoktorskie.uwb.edu.pl\/nsip\/wp-content\/uploads\/sites\/4\/2021\/06\/Zalewski.jpg","type":"","width":"","height":""}],"twitter_card":"summary_large_image","twitter_misc":{"Szacowany czas czytania":"4 minuty"},"schema":{"@context":"https:\/\/schema.org","@graph":[{"@type":"WebPage","@id":"https:\/\/szkolydoktorskie.uwb.edu.pl\/nsip\/mgr-inz-tomasz-zalewski\/","url":"https:\/\/szkolydoktorskie.uwb.edu.pl\/nsip\/mgr-inz-tomasz-zalewski\/","name":"dr in\u017c. Tomasz Zalewski - Szko\u0142a Doktorska Nauk \u015acis\u0142ych i Przyrodniczych UwB","isPartOf":{"@id":"https:\/\/szkolydoktorskie.uwb.edu.pl\/nsip\/#website"},"primaryImageOfPage":{"@id":"https:\/\/szkolydoktorskie.uwb.edu.pl\/nsip\/mgr-inz-tomasz-zalewski\/#primaryimage"},"image":{"@id":"https:\/\/szkolydoktorskie.uwb.edu.pl\/nsip\/mgr-inz-tomasz-zalewski\/#primaryimage"},"thumbnailUrl":"https:\/\/szkolydoktorskie.uwb.edu.pl\/nsip\/wp-content\/uploads\/sites\/4\/2021\/06\/Zalewski.jpg","datePublished":"2021-06-14T11:52:55+00:00","dateModified":"2024-06-17T06:24:16+00:00","breadcrumb":{"@id":"https:\/\/szkolydoktorskie.uwb.edu.pl\/nsip\/mgr-inz-tomasz-zalewski\/#breadcrumb"},"inLanguage":"pl-PL","potentialAction":[{"@type":"ReadAction","target":["https:\/\/szkolydoktorskie.uwb.edu.pl\/nsip\/mgr-inz-tomasz-zalewski\/"]}]},{"@type":"ImageObject","inLanguage":"pl-PL","@id":"https:\/\/szkolydoktorskie.uwb.edu.pl\/nsip\/mgr-inz-tomasz-zalewski\/#primaryimage","url":"https:\/\/szkolydoktorskie.uwb.edu.pl\/nsip\/wp-content\/uploads\/sites\/4\/2021\/06\/Zalewski.jpg","contentUrl":"https:\/\/szkolydoktorskie.uwb.edu.pl\/nsip\/wp-content\/uploads\/sites\/4\/2021\/06\/Zalewski.jpg","width":492,"height":633},{"@type":"BreadcrumbList","@id":"https:\/\/szkolydoktorskie.uwb.edu.pl\/nsip\/mgr-inz-tomasz-zalewski\/#breadcrumb","itemListElement":[{"@type":"ListItem","position":1,"name":"Strona g\u0142\u00f3wna","item":"https:\/\/szkolydoktorskie.uwb.edu.pl\/nsip\/"},{"@type":"ListItem","position":2,"name":"dr in\u017c. Tomasz Zalewski"}]},{"@type":"WebSite","@id":"https:\/\/szkolydoktorskie.uwb.edu.pl\/nsip\/#website","url":"https:\/\/szkolydoktorskie.uwb.edu.pl\/nsip\/","name":"Szko\u0142a Doktorska Nauk \u015acis\u0142ych i Przyrodniczych UwB","description":"Szko\u0142a Doktorska Nauk \u015acis\u0142ych i Przyrodniczych UwB","publisher":{"@id":"https:\/\/szkolydoktorskie.uwb.edu.pl\/nsip\/#organization"},"potentialAction":[{"@type":"SearchAction","target":{"@type":"EntryPoint","urlTemplate":"https:\/\/szkolydoktorskie.uwb.edu.pl\/nsip\/?s={search_term_string}"},"query-input":{"@type":"PropertyValueSpecification","valueRequired":true,"valueName":"search_term_string"}}],"inLanguage":"pl-PL"},{"@type":"Organization","@id":"https:\/\/szkolydoktorskie.uwb.edu.pl\/nsip\/#organization","name":"Szko\u0142a Doktorska Nauk \u015acis\u0142ych i Przyrodniczych UwB","url":"https:\/\/szkolydoktorskie.uwb.edu.pl\/nsip\/","logo":{"@type":"ImageObject","inLanguage":"pl-PL","@id":"https:\/\/szkolydoktorskie.uwb.edu.pl\/nsip\/#\/schema\/logo\/image\/","url":"https:\/\/szkolydoktorskie.uwb.edu.pl\/nsip\/wp-content\/uploads\/sites\/4\/2021\/04\/cropped-LOGO-NSIP.png","contentUrl":"https:\/\/szkolydoktorskie.uwb.edu.pl\/nsip\/wp-content\/uploads\/sites\/4\/2021\/04\/cropped-LOGO-NSIP.png","width":705,"height":188,"caption":"Szko\u0142a Doktorska Nauk \u015acis\u0142ych i Przyrodniczych UwB"},"image":{"@id":"https:\/\/szkolydoktorskie.uwb.edu.pl\/nsip\/#\/schema\/logo\/image\/"}}]}},"_links":{"self":[{"href":"https:\/\/szkolydoktorskie.uwb.edu.pl\/nsip\/wp-json\/wp\/v2\/pages\/361","targetHints":{"allow":["GET"]}}],"collection":[{"href":"https:\/\/szkolydoktorskie.uwb.edu.pl\/nsip\/wp-json\/wp\/v2\/pages"}],"about":[{"href":"https:\/\/szkolydoktorskie.uwb.edu.pl\/nsip\/wp-json\/wp\/v2\/types\/page"}],"author":[{"embeddable":true,"href":"https:\/\/szkolydoktorskie.uwb.edu.pl\/nsip\/wp-json\/wp\/v2\/users\/8"}],"replies":[{"embeddable":true,"href":"https:\/\/szkolydoktorskie.uwb.edu.pl\/nsip\/wp-json\/wp\/v2\/comments?post=361"}],"version-history":[{"count":10,"href":"https:\/\/szkolydoktorskie.uwb.edu.pl\/nsip\/wp-json\/wp\/v2\/pages\/361\/revisions"}],"predecessor-version":[{"id":3157,"href":"https:\/\/szkolydoktorskie.uwb.edu.pl\/nsip\/wp-json\/wp\/v2\/pages\/361\/revisions\/3157"}],"wp:attachment":[{"href":"https:\/\/szkolydoktorskie.uwb.edu.pl\/nsip\/wp-json\/wp\/v2\/media?parent=361"}],"curies":[{"name":"wp","href":"https:\/\/api.w.org\/{rel}","templated":true}]}}