{"id":344,"date":"2021-06-14T13:35:13","date_gmt":"2021-06-14T11:35:13","guid":{"rendered":"https:\/\/szkolydoktorskie.uwb.edu.pl\/nsip\/?page_id=344"},"modified":"2024-06-14T08:23:43","modified_gmt":"2024-06-14T06:23:43","slug":"mgr-izabela-kurowska","status":"publish","type":"page","link":"https:\/\/szkolydoktorskie.uwb.edu.pl\/nsip\/mgr-izabela-kurowska\/","title":{"rendered":"mgr Izabela Kurowska"},"content":{"rendered":"\n<figure class=\"wp-block-image size-large is-resized\"><img loading=\"lazy\" decoding=\"async\" width=\"1024\" height=\"1012\" src=\"https:\/\/szkolydoktorskie.uwb.edu.pl\/nsip\/wp-content\/uploads\/sites\/4\/2021\/06\/Kurowska-1024x1012.jpg\" alt=\"\" class=\"wp-image-348\" style=\"width:400px;height:396px\" srcset=\"https:\/\/szkolydoktorskie.uwb.edu.pl\/nsip\/wp-content\/uploads\/sites\/4\/2021\/06\/Kurowska-1024x1012.jpg 1024w, https:\/\/szkolydoktorskie.uwb.edu.pl\/nsip\/wp-content\/uploads\/sites\/4\/2021\/06\/Kurowska-300x296.jpg 300w, https:\/\/szkolydoktorskie.uwb.edu.pl\/nsip\/wp-content\/uploads\/sites\/4\/2021\/06\/Kurowska-768x759.jpg 768w, https:\/\/szkolydoktorskie.uwb.edu.pl\/nsip\/wp-content\/uploads\/sites\/4\/2021\/06\/Kurowska.jpg 1093w\" sizes=\"auto, (max-width: 1024px) 100vw, 1024px\" \/><\/figure>\n\n\n\n<figure class=\"wp-block-table\"><table><tbody><tr><td><strong>E-mail<\/strong><\/td><td>i.kurowska@uwb.edu.pl<\/td><\/tr><tr><td><strong>Kod ORCID<\/strong><\/td><td>0000-0001-7728-1339<\/td><\/tr><tr><td><strong>Temat rozprawy doktorskiej<\/strong><\/td><td>Diverse strategies of reversible addition-fragmentation chain transfer polymerization to obtain polymers with desired properties and architecture<\/td><\/tr><tr><td><strong>Promotor<\/strong><\/td><td>prof. dr hab. Agnieszka Zofia Wilczewska, prof. Mathias Destarac<\/td><\/tr><tr><td><strong>Promotor pomocniczy<\/strong><\/td><td>&#8211;<\/td><\/tr><tr><td><strong>Wydzia\u0142 \/Katedra\/Zak\u0142ad<\/strong><\/td><td>Wydzia\u0142 Chemii\/Zak\u0142ad Polimer\u00f3w i Syntezy Organicznej<\/td><\/tr><tr><td><strong>Dzia\u0142alno\u015b\u0107 naukowo-badawcza<\/strong><\/td><td><\/td><\/tr><tr><td><strong>A.&nbsp;&nbsp;&nbsp;&nbsp;Publikacje naukowe<\/strong><\/td><td>&nbsp;<\/td><\/tr><tr><td><strong>A1. Artyku\u0142y naukowe w czasopismach<\/strong><\/td><td><strong> I. Kurowska<\/strong>, B. Amouroux, M. Langlais, O. Coutelier, Ch. Coudret, M. Destarac, J-D. Marty, &#8222;Versatile thiolactone-based conjugation strategies to polymer stabilizers for multifunctional upconverting nanoparticles aqueous dispersions&#8221; <em>Nanoscale, <\/em>2022, 14 [140 pkt., IF \u2013 8,307]<br><br><strong> I. Kurowska<\/strong>, K.H. Markiewicz, K. Niemirowicz-Laskowska, I. Misztalewska-Turkowicz, P. Misiak, G. Siemiaszko, H. Car, M. Destarac, A. Z. Wilczewska, &#8222;Membrane-active diacylglycerol-terminated thermoresponsive polymers: RAFT synthesis and biocompatibility evaluation&#8221; <em>European Polymer Journal<\/em>, 2022, 169 [100 pkt., IF \u2013 5,546]<br><br>A. Dupre&#8211;Demorsy,&nbsp;<strong>I. Kurowska<\/strong>,&nbsp;S. Balayssac,&nbsp;M. Hennetier,&nbsp;A. Ric,&nbsp;V. Bourdon,&nbsp;T. Ando,&nbsp;H. Ajiro,&nbsp;O. Coutelier,&nbsp;M. Destarac,&nbsp;&#8222;RAFT polymerisation of N -vinylformamide and the corresponding double hydrophilic block copolymers&#8221;&nbsp;<em>Polymer Chemistry<\/em>&nbsp;2022,&nbsp;13<em>&nbsp;<\/em>(44) [ 140 pkt., IF \u2013 5.364]<br><br><strong>I. Kurowska<\/strong>, A. Dupre &#8211; Demorsy,&nbsp;S. Balayssac, M. Hennetier,&nbsp;A. Ric, V.&nbsp;Bourdon ,&nbsp;T. Ando,&nbsp;H. Ajiro,&nbsp;O. Coutelier,&nbsp;M. Destarac, &#8222;Tailor-Made Poly(vinylamine) via Purple LED-Activated RAFT Polymerization of N-vinylformamide&#8221; <em>Macromolecular Rapid Communication<\/em>, 2022 [100 pkt., IF \u2013 5,006]<br><br>P. Misiak, K. Niemirowicz-Laskowska, K. H. Markiewicz, I. Misztalewska-Turkowicz, P. Wielgat, <strong>I. Kurowska<\/strong>, G. Siemiaszko, M. Destarac, H. Car, A.Z. Wilczewska, \u201eEvaluation of Cytotoxic Effect of Cholesterol End-Capped Poly(N-Isopropylacrylamide)s on Selected Normal and Neoplastic Cells&#8221; <em>International Journal of Nanomedicine<\/em>, 2020, 15 [140 pkt, IF &#8211; 5,115]<\/td><\/tr><tr><td><strong>A2. Monografie naukowe\/rozdzia\u0142y w monografiach<\/strong><\/td><td><\/td><\/tr><tr><td><strong>B. Konferencje naukowe<\/strong><\/td><td>16<sup>th <\/sup>Biennial Bayreuth Polymer Symposium; Bayreuth, Niemcy, 22-24.09.2019:<br>\u00b7&nbsp;&nbsp;&nbsp;&nbsp;&nbsp;&nbsp;&nbsp;&nbsp; <strong>I. Kurowska<\/strong>, P. Misiak, K. H. Markiewicz, A. Z. Wilczewska; &nbsp;poster i flash talk pt.: \u201eSynthesis of thermoresponsive polymers with glycerides moieties\u201d<br>\u00b7&nbsp;&nbsp;&nbsp;&nbsp;&nbsp;&nbsp;&nbsp;&nbsp; P.Misiak, <strong>I. Kurowska<\/strong>, K. H. Markiewicz, I. Misztalewska-Turkowicz, A.Z. Wilczewska; poster i flash talk pt.: \u201eSynthesis, polymerization and copolymerization via RAFT\/MADIX of new complexing monomer &#8211; acetylacetone derivative&#8221;<br><br>e-Zjazd Wiosenny Sekcji Studenckiej PTChem, 27-29.05.2021; <strong>I. Kurowska,<\/strong> K. H. Markiewicz , I. Misztalewska-Turkowicz, A. Z. Wilczewska; poster pt.: \u201eGlicerydowe czynniki polimeryzacji do otrzymywania polimer\u00f3w termowra\u017cliwych\u201d<\/td><\/tr><tr><td><strong>C. Granty<\/strong><\/td><td> \u201eNowe wra\u017cliwe na bod\u017ace kopolimery do kontrolowanego dostarczania lek\u00f3w\u201d (NCN, konkurs OPUS 11), kierownik projektu: dr hab. Agnieszka Zofia Wilczewska, prof. UwB; rola&nbsp; w projekcie: wykonawca (pa\u017adziernik 2019-luty 2021)<br><br>\u201eDwa w jednym &#8211; nowe polimery fluorescencyjne do jednoczesnego obrazowania oraz dostarczania leku&#8221; (NCN, konkurs OPUS 18), kierownik projektu: dr hab. Agnieszka Zofia Wilczewska, prof. UwB; rola&nbsp; w projekcie: wykonawca (wrzesie\u0144 2020-obecnie)<\/td><\/tr><tr><td><strong>D. Zrealizowane sta\u017ce<\/strong><\/td><td><strong>02-03.03.2020<\/strong> Praktyki w ramach programu Erasmus+, Uniwersytet im. Paula Sabatiera w Tuluzie (Francja)<\/td><\/tr><tr><td><strong>E. Inne aktywno\u015bci\/osi\u0105gni\u0119cia naukowe<\/strong><\/td><td><\/td><\/tr><tr><td><strong>Inna aktywno\u015b\u0107, np. organizacyjna<\/strong><\/td><td>Laureatka stypendium Eiffel Excellence<br><br>Cz\u0142onek Zespo\u0142u ds. Jako\u015bci Kszta\u0142cenia w Szkole Doktorskiej Nauk \u015acis\u0142ych i Przyrodniczych (przedstawiciel doktorant\u00f3w)<br><br>Cz\u0142onek Polskiego Towarzystwa Chemicznego<br><br>Cz\u0142onek Ko\u0142a Naukowego Chemik\u00f3w UwB \u201ePozyton\u201d<br> <br>Uczestnictwo w szkoleniu z podstaw techniki DLS i ELS w zakresie pomiaru pr\u00f3bek polimer\u00f3w po\u0142\u0105czone z warsztatami na aparacie Zetasizer Ultra; Bia\u0142ystok, 23.01.2020<br><br>Udzia\u0142 w webinarium \u201eEfektywne Publikowanie Naukowe\u201d, 21-22.04.2020.<br><br>Uczestnictwo w warsztatach online ,,Spektroskopia w przemy\u015ble polimerowym\u201d, 24.06.2020.<br><br>Udzia\u0142 w webinarium \u201ePisanie Pracy Doktorskiej\u201d, 14,18.12.2020.<br><br>Udzia\u0142 w zaawansowanym szkoleniu z obs\u0142ugi analizatora wielko\u015bci, st\u0119\u017cenia i potencja\u0142u zeta cz\u0105stek Zestasizer Ultra Red (ZSU33-5) wraz z wyposa\u017ceniem; Bia\u0142ystok, 26.02.2021.&nbsp;<br><br>Udzia\u0142 w szkoleniu z zakresu pomiar\u00f3w fluorescencyjnych; Bia\u0142ystok, 19.03.2021.&nbsp;<br><br>Udzia\u0142 w Spotkaniach z nauk\u0105 na Wydziale Chemii (realizacja nagrania pt. \u201eEskperymenty z jajem\u201d, \u201eEksperymenty z ciek\u0142ym azotem\u201d, \u201eMaseczka z polipropylenu i r\u0119kawiczka jednorazowa z polietylenu\u201d)<br> &nbsp;<br>Przygotowanie i prowadzenie zaj\u0105\u0107 (15 godz.) z \u201eMateria\u0142\u00f3w u\u017cytkowych\u201d dla I roku Jako\u015bci i Bezpiecze\u0144stwa \u015arodowiska. Opracowanie instrukcji do \u0107wicze\u0144 laboratoryjnych.<\/td><\/tr><\/tbody><\/table><\/figure>\n","protected":false},"excerpt":{"rendered":"<p>E-mail i.kurowska@uwb.edu.pl Kod ORCID 0000-0001-7728-1339 Temat rozprawy doktorskiej Diverse strategies of reversible addition-fragmentation chain transfer polymerization to obtain polymers with desired properties and architecture Promotor prof. dr hab. Agnieszka Zofia&hellip;<\/p>\n","protected":false},"author":8,"featured_media":0,"parent":0,"menu_order":0,"comment_status":"closed","ping_status":"closed","template":"","meta":{"footnotes":""},"class_list":["post-344","page","type-page","status-publish","hentry"],"yoast_head":"<!-- This site is optimized with the Yoast SEO plugin v27.3 - https:\/\/yoast.com\/product\/yoast-seo-wordpress\/ -->\n<title>mgr Izabela Kurowska - Szko\u0142a Doktorska Nauk \u015acis\u0142ych i Przyrodniczych UwB<\/title>\n<meta name=\"robots\" content=\"index, follow, max-snippet:-1, max-image-preview:large, max-video-preview:-1\" \/>\n<link rel=\"canonical\" href=\"https:\/\/szkolydoktorskie.uwb.edu.pl\/nsip\/mgr-izabela-kurowska\/\" \/>\n<meta property=\"og:locale\" content=\"pl_PL\" \/>\n<meta property=\"og:type\" content=\"article\" \/>\n<meta property=\"og:title\" content=\"mgr Izabela Kurowska - Szko\u0142a Doktorska Nauk \u015acis\u0142ych i Przyrodniczych UwB\" \/>\n<meta property=\"og:description\" content=\"E-mail i.kurowska@uwb.edu.pl Kod ORCID 0000-0001-7728-1339 Temat rozprawy doktorskiej Diverse strategies of reversible addition-fragmentation chain transfer polymerization to obtain polymers with desired properties and architecture Promotor prof. dr hab. Agnieszka Zofia&hellip;\" \/>\n<meta property=\"og:url\" content=\"https:\/\/szkolydoktorskie.uwb.edu.pl\/nsip\/mgr-izabela-kurowska\/\" \/>\n<meta property=\"og:site_name\" content=\"Szko\u0142a Doktorska Nauk \u015acis\u0142ych i Przyrodniczych UwB\" \/>\n<meta property=\"article:modified_time\" content=\"2024-06-14T06:23:43+00:00\" \/>\n<meta property=\"og:image\" content=\"https:\/\/szkolydoktorskie.uwb.edu.pl\/nsip\/wp-content\/uploads\/sites\/4\/2021\/06\/Kurowska-1024x1012.jpg\" \/>\n<meta name=\"twitter:card\" content=\"summary_large_image\" \/>\n<meta name=\"twitter:label1\" content=\"Szacowany czas czytania\" \/>\n\t<meta name=\"twitter:data1\" content=\"4 minuty\" \/>\n<script type=\"application\/ld+json\" class=\"yoast-schema-graph\">{\"@context\":\"https:\\\/\\\/schema.org\",\"@graph\":[{\"@type\":\"WebPage\",\"@id\":\"https:\\\/\\\/szkolydoktorskie.uwb.edu.pl\\\/nsip\\\/mgr-izabela-kurowska\\\/\",\"url\":\"https:\\\/\\\/szkolydoktorskie.uwb.edu.pl\\\/nsip\\\/mgr-izabela-kurowska\\\/\",\"name\":\"mgr Izabela Kurowska - Szko\u0142a Doktorska Nauk \u015acis\u0142ych i Przyrodniczych UwB\",\"isPartOf\":{\"@id\":\"https:\\\/\\\/szkolydoktorskie.uwb.edu.pl\\\/nsip\\\/#website\"},\"primaryImageOfPage\":{\"@id\":\"https:\\\/\\\/szkolydoktorskie.uwb.edu.pl\\\/nsip\\\/mgr-izabela-kurowska\\\/#primaryimage\"},\"image\":{\"@id\":\"https:\\\/\\\/szkolydoktorskie.uwb.edu.pl\\\/nsip\\\/mgr-izabela-kurowska\\\/#primaryimage\"},\"thumbnailUrl\":\"https:\\\/\\\/szkolydoktorskie.uwb.edu.pl\\\/nsip\\\/wp-content\\\/uploads\\\/sites\\\/4\\\/2021\\\/06\\\/Kurowska-1024x1012.jpg\",\"datePublished\":\"2021-06-14T11:35:13+00:00\",\"dateModified\":\"2024-06-14T06:23:43+00:00\",\"breadcrumb\":{\"@id\":\"https:\\\/\\\/szkolydoktorskie.uwb.edu.pl\\\/nsip\\\/mgr-izabela-kurowska\\\/#breadcrumb\"},\"inLanguage\":\"pl-PL\",\"potentialAction\":[{\"@type\":\"ReadAction\",\"target\":[\"https:\\\/\\\/szkolydoktorskie.uwb.edu.pl\\\/nsip\\\/mgr-izabela-kurowska\\\/\"]}]},{\"@type\":\"ImageObject\",\"inLanguage\":\"pl-PL\",\"@id\":\"https:\\\/\\\/szkolydoktorskie.uwb.edu.pl\\\/nsip\\\/mgr-izabela-kurowska\\\/#primaryimage\",\"url\":\"https:\\\/\\\/szkolydoktorskie.uwb.edu.pl\\\/nsip\\\/wp-content\\\/uploads\\\/sites\\\/4\\\/2021\\\/06\\\/Kurowska.jpg\",\"contentUrl\":\"https:\\\/\\\/szkolydoktorskie.uwb.edu.pl\\\/nsip\\\/wp-content\\\/uploads\\\/sites\\\/4\\\/2021\\\/06\\\/Kurowska.jpg\",\"width\":1093,\"height\":1080},{\"@type\":\"BreadcrumbList\",\"@id\":\"https:\\\/\\\/szkolydoktorskie.uwb.edu.pl\\\/nsip\\\/mgr-izabela-kurowska\\\/#breadcrumb\",\"itemListElement\":[{\"@type\":\"ListItem\",\"position\":1,\"name\":\"Strona g\u0142\u00f3wna\",\"item\":\"https:\\\/\\\/szkolydoktorskie.uwb.edu.pl\\\/nsip\\\/\"},{\"@type\":\"ListItem\",\"position\":2,\"name\":\"mgr Izabela Kurowska\"}]},{\"@type\":\"WebSite\",\"@id\":\"https:\\\/\\\/szkolydoktorskie.uwb.edu.pl\\\/nsip\\\/#website\",\"url\":\"https:\\\/\\\/szkolydoktorskie.uwb.edu.pl\\\/nsip\\\/\",\"name\":\"Szko\u0142a Doktorska Nauk \u015acis\u0142ych i Przyrodniczych UwB\",\"description\":\"Szko\u0142a Doktorska Nauk \u015acis\u0142ych i Przyrodniczych UwB\",\"publisher\":{\"@id\":\"https:\\\/\\\/szkolydoktorskie.uwb.edu.pl\\\/nsip\\\/#organization\"},\"potentialAction\":[{\"@type\":\"SearchAction\",\"target\":{\"@type\":\"EntryPoint\",\"urlTemplate\":\"https:\\\/\\\/szkolydoktorskie.uwb.edu.pl\\\/nsip\\\/?s={search_term_string}\"},\"query-input\":{\"@type\":\"PropertyValueSpecification\",\"valueRequired\":true,\"valueName\":\"search_term_string\"}}],\"inLanguage\":\"pl-PL\"},{\"@type\":\"Organization\",\"@id\":\"https:\\\/\\\/szkolydoktorskie.uwb.edu.pl\\\/nsip\\\/#organization\",\"name\":\"Szko\u0142a Doktorska Nauk \u015acis\u0142ych i Przyrodniczych UwB\",\"url\":\"https:\\\/\\\/szkolydoktorskie.uwb.edu.pl\\\/nsip\\\/\",\"logo\":{\"@type\":\"ImageObject\",\"inLanguage\":\"pl-PL\",\"@id\":\"https:\\\/\\\/szkolydoktorskie.uwb.edu.pl\\\/nsip\\\/#\\\/schema\\\/logo\\\/image\\\/\",\"url\":\"https:\\\/\\\/szkolydoktorskie.uwb.edu.pl\\\/nsip\\\/wp-content\\\/uploads\\\/sites\\\/4\\\/2021\\\/04\\\/cropped-LOGO-NSIP.png\",\"contentUrl\":\"https:\\\/\\\/szkolydoktorskie.uwb.edu.pl\\\/nsip\\\/wp-content\\\/uploads\\\/sites\\\/4\\\/2021\\\/04\\\/cropped-LOGO-NSIP.png\",\"width\":705,\"height\":188,\"caption\":\"Szko\u0142a Doktorska Nauk \u015acis\u0142ych i Przyrodniczych UwB\"},\"image\":{\"@id\":\"https:\\\/\\\/szkolydoktorskie.uwb.edu.pl\\\/nsip\\\/#\\\/schema\\\/logo\\\/image\\\/\"}}]}<\/script>\n<!-- \/ Yoast SEO plugin. -->","yoast_head_json":{"title":"mgr Izabela Kurowska - Szko\u0142a Doktorska Nauk \u015acis\u0142ych i Przyrodniczych UwB","robots":{"index":"index","follow":"follow","max-snippet":"max-snippet:-1","max-image-preview":"max-image-preview:large","max-video-preview":"max-video-preview:-1"},"canonical":"https:\/\/szkolydoktorskie.uwb.edu.pl\/nsip\/mgr-izabela-kurowska\/","og_locale":"pl_PL","og_type":"article","og_title":"mgr Izabela Kurowska - Szko\u0142a Doktorska Nauk \u015acis\u0142ych i Przyrodniczych UwB","og_description":"E-mail i.kurowska@uwb.edu.pl Kod ORCID 0000-0001-7728-1339 Temat rozprawy doktorskiej Diverse strategies of reversible addition-fragmentation chain transfer polymerization to obtain polymers with desired properties and architecture Promotor prof. dr hab. Agnieszka Zofia&hellip;","og_url":"https:\/\/szkolydoktorskie.uwb.edu.pl\/nsip\/mgr-izabela-kurowska\/","og_site_name":"Szko\u0142a Doktorska Nauk \u015acis\u0142ych i Przyrodniczych UwB","article_modified_time":"2024-06-14T06:23:43+00:00","og_image":[{"url":"https:\/\/szkolydoktorskie.uwb.edu.pl\/nsip\/wp-content\/uploads\/sites\/4\/2021\/06\/Kurowska-1024x1012.jpg","type":"","width":"","height":""}],"twitter_card":"summary_large_image","twitter_misc":{"Szacowany czas czytania":"4 minuty"},"schema":{"@context":"https:\/\/schema.org","@graph":[{"@type":"WebPage","@id":"https:\/\/szkolydoktorskie.uwb.edu.pl\/nsip\/mgr-izabela-kurowska\/","url":"https:\/\/szkolydoktorskie.uwb.edu.pl\/nsip\/mgr-izabela-kurowska\/","name":"mgr Izabela Kurowska - Szko\u0142a Doktorska Nauk \u015acis\u0142ych i Przyrodniczych UwB","isPartOf":{"@id":"https:\/\/szkolydoktorskie.uwb.edu.pl\/nsip\/#website"},"primaryImageOfPage":{"@id":"https:\/\/szkolydoktorskie.uwb.edu.pl\/nsip\/mgr-izabela-kurowska\/#primaryimage"},"image":{"@id":"https:\/\/szkolydoktorskie.uwb.edu.pl\/nsip\/mgr-izabela-kurowska\/#primaryimage"},"thumbnailUrl":"https:\/\/szkolydoktorskie.uwb.edu.pl\/nsip\/wp-content\/uploads\/sites\/4\/2021\/06\/Kurowska-1024x1012.jpg","datePublished":"2021-06-14T11:35:13+00:00","dateModified":"2024-06-14T06:23:43+00:00","breadcrumb":{"@id":"https:\/\/szkolydoktorskie.uwb.edu.pl\/nsip\/mgr-izabela-kurowska\/#breadcrumb"},"inLanguage":"pl-PL","potentialAction":[{"@type":"ReadAction","target":["https:\/\/szkolydoktorskie.uwb.edu.pl\/nsip\/mgr-izabela-kurowska\/"]}]},{"@type":"ImageObject","inLanguage":"pl-PL","@id":"https:\/\/szkolydoktorskie.uwb.edu.pl\/nsip\/mgr-izabela-kurowska\/#primaryimage","url":"https:\/\/szkolydoktorskie.uwb.edu.pl\/nsip\/wp-content\/uploads\/sites\/4\/2021\/06\/Kurowska.jpg","contentUrl":"https:\/\/szkolydoktorskie.uwb.edu.pl\/nsip\/wp-content\/uploads\/sites\/4\/2021\/06\/Kurowska.jpg","width":1093,"height":1080},{"@type":"BreadcrumbList","@id":"https:\/\/szkolydoktorskie.uwb.edu.pl\/nsip\/mgr-izabela-kurowska\/#breadcrumb","itemListElement":[{"@type":"ListItem","position":1,"name":"Strona g\u0142\u00f3wna","item":"https:\/\/szkolydoktorskie.uwb.edu.pl\/nsip\/"},{"@type":"ListItem","position":2,"name":"mgr Izabela Kurowska"}]},{"@type":"WebSite","@id":"https:\/\/szkolydoktorskie.uwb.edu.pl\/nsip\/#website","url":"https:\/\/szkolydoktorskie.uwb.edu.pl\/nsip\/","name":"Szko\u0142a Doktorska Nauk \u015acis\u0142ych i Przyrodniczych UwB","description":"Szko\u0142a Doktorska Nauk \u015acis\u0142ych i Przyrodniczych UwB","publisher":{"@id":"https:\/\/szkolydoktorskie.uwb.edu.pl\/nsip\/#organization"},"potentialAction":[{"@type":"SearchAction","target":{"@type":"EntryPoint","urlTemplate":"https:\/\/szkolydoktorskie.uwb.edu.pl\/nsip\/?s={search_term_string}"},"query-input":{"@type":"PropertyValueSpecification","valueRequired":true,"valueName":"search_term_string"}}],"inLanguage":"pl-PL"},{"@type":"Organization","@id":"https:\/\/szkolydoktorskie.uwb.edu.pl\/nsip\/#organization","name":"Szko\u0142a Doktorska Nauk \u015acis\u0142ych i Przyrodniczych UwB","url":"https:\/\/szkolydoktorskie.uwb.edu.pl\/nsip\/","logo":{"@type":"ImageObject","inLanguage":"pl-PL","@id":"https:\/\/szkolydoktorskie.uwb.edu.pl\/nsip\/#\/schema\/logo\/image\/","url":"https:\/\/szkolydoktorskie.uwb.edu.pl\/nsip\/wp-content\/uploads\/sites\/4\/2021\/04\/cropped-LOGO-NSIP.png","contentUrl":"https:\/\/szkolydoktorskie.uwb.edu.pl\/nsip\/wp-content\/uploads\/sites\/4\/2021\/04\/cropped-LOGO-NSIP.png","width":705,"height":188,"caption":"Szko\u0142a Doktorska Nauk \u015acis\u0142ych i Przyrodniczych UwB"},"image":{"@id":"https:\/\/szkolydoktorskie.uwb.edu.pl\/nsip\/#\/schema\/logo\/image\/"}}]}},"_links":{"self":[{"href":"https:\/\/szkolydoktorskie.uwb.edu.pl\/nsip\/wp-json\/wp\/v2\/pages\/344","targetHints":{"allow":["GET"]}}],"collection":[{"href":"https:\/\/szkolydoktorskie.uwb.edu.pl\/nsip\/wp-json\/wp\/v2\/pages"}],"about":[{"href":"https:\/\/szkolydoktorskie.uwb.edu.pl\/nsip\/wp-json\/wp\/v2\/types\/page"}],"author":[{"embeddable":true,"href":"https:\/\/szkolydoktorskie.uwb.edu.pl\/nsip\/wp-json\/wp\/v2\/users\/8"}],"replies":[{"embeddable":true,"href":"https:\/\/szkolydoktorskie.uwb.edu.pl\/nsip\/wp-json\/wp\/v2\/comments?post=344"}],"version-history":[{"count":25,"href":"https:\/\/szkolydoktorskie.uwb.edu.pl\/nsip\/wp-json\/wp\/v2\/pages\/344\/revisions"}],"predecessor-version":[{"id":3144,"href":"https:\/\/szkolydoktorskie.uwb.edu.pl\/nsip\/wp-json\/wp\/v2\/pages\/344\/revisions\/3144"}],"wp:attachment":[{"href":"https:\/\/szkolydoktorskie.uwb.edu.pl\/nsip\/wp-json\/wp\/v2\/media?parent=344"}],"curies":[{"name":"wp","href":"https:\/\/api.w.org\/{rel}","templated":true}]}}