{"id":32,"date":"2021-04-16T00:55:30","date_gmt":"2021-04-15T22:55:30","guid":{"rendered":"https:\/\/szkolydoktorskie.uwb.edu.pl\/ns\/?page_id=32"},"modified":"2022-12-08T11:09:12","modified_gmt":"2022-12-08T10:09:12","slug":"konferencje-staze-granty","status":"publish","type":"page","link":"https:\/\/szkolydoktorskie.uwb.edu.pl\/nsip\/konferencje-staze-granty\/","title":{"rendered":"Sta\u017ce naukowe, Erasmus"},"content":{"rendered":"\n<p><a href=\"https:\/\/szkolydoktorskie.uwb.edu.pl\/nsip\/wp-content\/uploads\/sites\/4\/2022\/02\/Zarzadzenie_nr_17_-_staze_szkoly_doktorskie.pdf\">Zarz\u0105dzenie nr 17 Rektora Uniwersytetu w Bia\u0142ymstoku z dnia 17 lutego 2022 r. w sprawie wyjazd\u00f3w na krajowy\/zagraniczny sta\u017c naukowy doktorant\u00f3w szk\u00f3\u0142 doktorskich Uniwersytetu w Bia\u0142ymstoku<\/a><\/p>\n\n\n\n<hr class=\"wp-block-separator has-css-opacity\" \/>\n\n\n\n<p><strong>PRZED WYJAZDEM NA STA\u017b<\/strong>:<\/p>\n\n\n\n<p>Doktoranci&nbsp;ubiegaj\u0105cy si\u0119 o odbycie sta\u017cu proszeni s\u0105 o dostarczenie do sekretariatu szko\u0142y doktorskiej nast\u0119puj\u0105cych dokument\u00f3w <strong>nie p\u00f3\u017aniej ni\u017c na 3 miesi\u0105ce przed planowanym terminem rozpocz\u0119cia sta\u017cu naukowego<\/strong>:<\/p>\n\n\n\n<ul class=\"wp-block-list\">\n<li><a href=\"https:\/\/szkolydoktorskie.uwb.edu.pl\/nsip\/wp-content\/uploads\/sites\/4\/2022\/02\/Zalacznik-nr-1-Wniosek-doktoranta-o-odbycie-stazu.docx\">wniosek doktoranta o odbycie sta\u017cu naukowego wraz ze zgod\u0105 promotora<\/a><\/li>\n\n\n\n<li><a href=\"https:\/\/szkolydoktorskie.uwb.edu.pl\/nsip\/wp-content\/uploads\/sites\/4\/2022\/02\/Zalacznik-nr-2-Program-i-planowany-przebieg-stazu.docx\">program i planowany przebieg sta\u017cu naukowego doktoranta zaakceptowany przez promotora i opiekuna sta\u017cu ze strony instytucji przyjmuj\u0105cej<\/a><\/li>\n\n\n\n<li><a href=\"https:\/\/szkolydoktorskie.uwb.edu.pl\/nsip\/wp-content\/uploads\/sites\/4\/2022\/02\/Zalacznik-nr-3-Zgoda-instytucji-przyjmujacej-na-staz.docx\">zgod\u0119 instytucji przyjmuj\u0105cej doktoranta na sta\u017c naukowy wraz ze wskazaniem opiekuna sta\u017cu<\/a><\/li>\n\n\n\n<li><a href=\"https:\/\/szkolydoktorskie.uwb.edu.pl\/nsip\/wp-content\/uploads\/sites\/4\/2022\/02\/Zalacznik-nr-4-Zrodla-finansowania.docx\">informacj\u0119 doktoranta o \u017ar\u00f3d\u0142ach finansowania sta\u017cu naukowego<\/a><\/li>\n<\/ul>\n\n\n\n<hr class=\"wp-block-separator has-css-opacity\" \/>\n\n\n\n<p><strong>PO ZAKO\u0143CZENIU STA\u017bU<\/strong>:<\/p>\n\n\n\n<p>Doktorant <strong>nie p\u00f3\u017aniej ni\u017c 3 miesi\u0105ce od zako\u0144czenia sta\u017cu i nie p\u00f3\u017aniej ni\u017c w terminie okre\u015blonym w organizacji danego roku akademickiego do zaliczenia roku kszta\u0142cenia<\/strong> sk\u0142ada do sekretariatu szko\u0142y doktorskiej nast\u0119puj\u0105ce dokumenty:<\/p>\n\n\n\n<ul class=\"wp-block-list\">\n<li><a href=\"https:\/\/szkolydoktorskie.uwb.edu.pl\/nsip\/wp-content\/uploads\/sites\/4\/2022\/02\/Zalacznik-nr-7-Sprawozdanie-z-realizacji-stazu.docx\">sprawozdanie z realizacji sta\u017cu naukowego<\/a><\/li>\n\n\n\n<li>za\u015bwiadczenie z instytucji przyjmuj\u0105cej na sta\u017c naukowy po\u015bwiadczaj\u0105ce realizacj\u0119 i zako\u0144czenie sta\u017cu (wskazanie dat i miejsca sta\u017cu)<\/li>\n\n\n\n<li>opinie opiekuna z instytucji przyjmuj\u0105cej na sta\u017c naukowy dotycz\u0105c\u0105 realizacji sta\u017cu przez doktoranta (odnosz\u0105c\u0105 si\u0119 do efekt\u00f3w zaplanowanych do realizacji w programie sta\u017cu)<\/li>\n<\/ul>\n\n\n\n<hr class=\"wp-block-separator has-css-opacity\" \/>\n\n\n\n<p><strong>STA\u017b ZAGRANICZNY<\/strong><\/p>\n\n\n\n<p>W przypadku planowania sta\u017cu zagranicznego doktoranci proszeni s\u0105 o dostarczenie do sekretariatu szko\u0142y doktorskiej nast\u0119puj\u0105cych dokument\u00f3w <strong>nie p\u00f3\u017aniej ni\u017c na 3 miesi\u0105ce przed planowanym terminem rozpocz\u0119cia sta\u017cu naukowego:<\/strong><\/p>\n\n\n\n<ul class=\"wp-block-list\">\n<li><a href=\"https:\/\/szkolydoktorskie.uwb.edu.pl\/nsip\/wp-content\/uploads\/sites\/4\/2022\/02\/Wniosek-o-skierowanie-za-granice.pdf\">wniosek o skierowanie za granic\u0119<\/a><\/li>\n\n\n\n<li><a href=\"https:\/\/szkolydoktorskie.uwb.edu.pl\/nsip\/wp-content\/uploads\/sites\/4\/2022\/02\/Zalacznik-nr-1-Wniosek-doktoranta-o-odbycie-stazu.docx\">wniosek doktoranta o odbycie sta\u017cu naukowego wraz ze zgod\u0105 promotora<\/a><\/li>\n\n\n\n<li><a href=\"https:\/\/szkolydoktorskie.uwb.edu.pl\/nsip\/wp-content\/uploads\/sites\/4\/2022\/02\/Zalacznik-nr-5-ENG-Program-po-angielsku.docx\">program i planowany przebieg sta\u017cu naukowego doktoranta zaakceptowany przez promotora i opiekuna sta\u017cu ze strony instytucji przyjmuj\u0105cej <strong>w j\u0119zyku angielskim<\/strong><\/a><\/li>\n\n\n\n<li><a href=\"https:\/\/szkolydoktorskie.uwb.edu.pl\/nsip\/wp-content\/uploads\/sites\/4\/2022\/02\/Zalacznik-nr-6-ENG-Zgoda-instytucji-po-angielsku.docx\">zgod\u0119 instytucji przyjmuj\u0105cej doktoranta na sta\u017c naukowy wraz ze wskazaniem opiekuna sta\u017cu <strong>w j\u0119zyku angielskim<\/strong><\/a><\/li>\n\n\n\n<li><a href=\"https:\/\/szkolydoktorskie.uwb.edu.pl\/nsip\/wp-content\/uploads\/sites\/4\/2022\/02\/Zalacznik-nr-4-Zrodla-finansowania.docx\">informacj\u0119 doktoranta o \u017ar\u00f3d\u0142ach finansowania sta\u017cu naukowego<\/a><\/li>\n<\/ul>\n\n\n\n<p>Wi\u0119cej informacji na temat procedury wyjazdowej: <a href=\"https:\/\/www.uwb.edu.pl\/procedura-wyjazdowa\">https:\/\/www.uwb.edu.pl\/procedura-wyjazdowa<\/a><\/p>\n\n\n\n<p><\/p>\n\n\n\n<p class=\"has-medium-font-size\"><strong><a href=\"https:\/\/uwb.edu.pl\/erasmus-1454\">Erasmus<\/a><\/strong><\/p>\n\n\n\n<p><\/p>\n","protected":false},"excerpt":{"rendered":"<p>Zarz\u0105dzenie nr 17 Rektora Uniwersytetu w Bia\u0142ymstoku z dnia 17 lutego 2022 r. w sprawie wyjazd\u00f3w na krajowy\/zagraniczny sta\u017c naukowy doktorant\u00f3w szk\u00f3\u0142 doktorskich Uniwersytetu w Bia\u0142ymstoku PRZED WYJAZDEM NA STA\u017b:&hellip;<\/p>\n","protected":false},"author":1,"featured_media":0,"parent":0,"menu_order":0,"comment_status":"closed","ping_status":"closed","template":"","meta":{"footnotes":""},"class_list":["post-32","page","type-page","status-publish","hentry"],"yoast_head":"<!-- This site is optimized with the Yoast SEO plugin v27.3 - https:\/\/yoast.com\/product\/yoast-seo-wordpress\/ -->\n<title>Sta\u017ce naukowe, Erasmus - Szko\u0142a Doktorska Nauk \u015acis\u0142ych i Przyrodniczych UwB<\/title>\n<meta name=\"robots\" content=\"index, follow, max-snippet:-1, max-image-preview:large, max-video-preview:-1\" \/>\n<link rel=\"canonical\" href=\"https:\/\/szkolydoktorskie.uwb.edu.pl\/nsip\/konferencje-staze-granty\/\" \/>\n<meta property=\"og:locale\" content=\"pl_PL\" \/>\n<meta property=\"og:type\" content=\"article\" \/>\n<meta property=\"og:title\" content=\"Sta\u017ce naukowe, Erasmus - Szko\u0142a Doktorska Nauk \u015acis\u0142ych i Przyrodniczych UwB\" \/>\n<meta property=\"og:description\" content=\"Zarz\u0105dzenie nr 17 Rektora Uniwersytetu w Bia\u0142ymstoku z dnia 17 lutego 2022 r. w sprawie wyjazd\u00f3w na krajowy\/zagraniczny sta\u017c naukowy doktorant\u00f3w szk\u00f3\u0142 doktorskich Uniwersytetu w Bia\u0142ymstoku PRZED WYJAZDEM NA STA\u017b:&hellip;\" \/>\n<meta property=\"og:url\" content=\"https:\/\/szkolydoktorskie.uwb.edu.pl\/nsip\/konferencje-staze-granty\/\" \/>\n<meta property=\"og:site_name\" content=\"Szko\u0142a Doktorska Nauk \u015acis\u0142ych i Przyrodniczych UwB\" \/>\n<meta property=\"article:modified_time\" content=\"2022-12-08T10:09:12+00:00\" \/>\n<meta name=\"twitter:card\" content=\"summary_large_image\" \/>\n<meta name=\"twitter:label1\" content=\"Szacowany czas czytania\" \/>\n\t<meta name=\"twitter:data1\" content=\"2 minuty\" \/>\n<script type=\"application\/ld+json\" class=\"yoast-schema-graph\">{\"@context\":\"https:\\\/\\\/schema.org\",\"@graph\":[{\"@type\":\"WebPage\",\"@id\":\"https:\\\/\\\/szkolydoktorskie.uwb.edu.pl\\\/nsip\\\/konferencje-staze-granty\\\/\",\"url\":\"https:\\\/\\\/szkolydoktorskie.uwb.edu.pl\\\/nsip\\\/konferencje-staze-granty\\\/\",\"name\":\"Sta\u017ce naukowe, Erasmus - Szko\u0142a Doktorska Nauk \u015acis\u0142ych i Przyrodniczych UwB\",\"isPartOf\":{\"@id\":\"https:\\\/\\\/szkolydoktorskie.uwb.edu.pl\\\/nsip\\\/#website\"},\"datePublished\":\"2021-04-15T22:55:30+00:00\",\"dateModified\":\"2022-12-08T10:09:12+00:00\",\"breadcrumb\":{\"@id\":\"https:\\\/\\\/szkolydoktorskie.uwb.edu.pl\\\/nsip\\\/konferencje-staze-granty\\\/#breadcrumb\"},\"inLanguage\":\"pl-PL\",\"potentialAction\":[{\"@type\":\"ReadAction\",\"target\":[\"https:\\\/\\\/szkolydoktorskie.uwb.edu.pl\\\/nsip\\\/konferencje-staze-granty\\\/\"]}]},{\"@type\":\"BreadcrumbList\",\"@id\":\"https:\\\/\\\/szkolydoktorskie.uwb.edu.pl\\\/nsip\\\/konferencje-staze-granty\\\/#breadcrumb\",\"itemListElement\":[{\"@type\":\"ListItem\",\"position\":1,\"name\":\"Strona g\u0142\u00f3wna\",\"item\":\"https:\\\/\\\/szkolydoktorskie.uwb.edu.pl\\\/nsip\\\/\"},{\"@type\":\"ListItem\",\"position\":2,\"name\":\"Sta\u017ce naukowe, Erasmus\"}]},{\"@type\":\"WebSite\",\"@id\":\"https:\\\/\\\/szkolydoktorskie.uwb.edu.pl\\\/nsip\\\/#website\",\"url\":\"https:\\\/\\\/szkolydoktorskie.uwb.edu.pl\\\/nsip\\\/\",\"name\":\"Szko\u0142a Doktorska Nauk \u015acis\u0142ych i Przyrodniczych UwB\",\"description\":\"Szko\u0142a Doktorska Nauk \u015acis\u0142ych i Przyrodniczych UwB\",\"publisher\":{\"@id\":\"https:\\\/\\\/szkolydoktorskie.uwb.edu.pl\\\/nsip\\\/#organization\"},\"potentialAction\":[{\"@type\":\"SearchAction\",\"target\":{\"@type\":\"EntryPoint\",\"urlTemplate\":\"https:\\\/\\\/szkolydoktorskie.uwb.edu.pl\\\/nsip\\\/?s={search_term_string}\"},\"query-input\":{\"@type\":\"PropertyValueSpecification\",\"valueRequired\":true,\"valueName\":\"search_term_string\"}}],\"inLanguage\":\"pl-PL\"},{\"@type\":\"Organization\",\"@id\":\"https:\\\/\\\/szkolydoktorskie.uwb.edu.pl\\\/nsip\\\/#organization\",\"name\":\"Szko\u0142a Doktorska Nauk \u015acis\u0142ych i Przyrodniczych UwB\",\"url\":\"https:\\\/\\\/szkolydoktorskie.uwb.edu.pl\\\/nsip\\\/\",\"logo\":{\"@type\":\"ImageObject\",\"inLanguage\":\"pl-PL\",\"@id\":\"https:\\\/\\\/szkolydoktorskie.uwb.edu.pl\\\/nsip\\\/#\\\/schema\\\/logo\\\/image\\\/\",\"url\":\"https:\\\/\\\/szkolydoktorskie.uwb.edu.pl\\\/nsip\\\/wp-content\\\/uploads\\\/sites\\\/4\\\/2021\\\/04\\\/cropped-LOGO-NSIP.png\",\"contentUrl\":\"https:\\\/\\\/szkolydoktorskie.uwb.edu.pl\\\/nsip\\\/wp-content\\\/uploads\\\/sites\\\/4\\\/2021\\\/04\\\/cropped-LOGO-NSIP.png\",\"width\":705,\"height\":188,\"caption\":\"Szko\u0142a Doktorska Nauk \u015acis\u0142ych i Przyrodniczych UwB\"},\"image\":{\"@id\":\"https:\\\/\\\/szkolydoktorskie.uwb.edu.pl\\\/nsip\\\/#\\\/schema\\\/logo\\\/image\\\/\"}}]}<\/script>\n<!-- \/ Yoast SEO plugin. -->","yoast_head_json":{"title":"Sta\u017ce naukowe, Erasmus - Szko\u0142a Doktorska Nauk \u015acis\u0142ych i Przyrodniczych UwB","robots":{"index":"index","follow":"follow","max-snippet":"max-snippet:-1","max-image-preview":"max-image-preview:large","max-video-preview":"max-video-preview:-1"},"canonical":"https:\/\/szkolydoktorskie.uwb.edu.pl\/nsip\/konferencje-staze-granty\/","og_locale":"pl_PL","og_type":"article","og_title":"Sta\u017ce naukowe, Erasmus - Szko\u0142a Doktorska Nauk \u015acis\u0142ych i Przyrodniczych UwB","og_description":"Zarz\u0105dzenie nr 17 Rektora Uniwersytetu w Bia\u0142ymstoku z dnia 17 lutego 2022 r. w sprawie wyjazd\u00f3w na krajowy\/zagraniczny sta\u017c naukowy doktorant\u00f3w szk\u00f3\u0142 doktorskich Uniwersytetu w Bia\u0142ymstoku PRZED WYJAZDEM NA STA\u017b:&hellip;","og_url":"https:\/\/szkolydoktorskie.uwb.edu.pl\/nsip\/konferencje-staze-granty\/","og_site_name":"Szko\u0142a Doktorska Nauk \u015acis\u0142ych i Przyrodniczych UwB","article_modified_time":"2022-12-08T10:09:12+00:00","twitter_card":"summary_large_image","twitter_misc":{"Szacowany czas czytania":"2 minuty"},"schema":{"@context":"https:\/\/schema.org","@graph":[{"@type":"WebPage","@id":"https:\/\/szkolydoktorskie.uwb.edu.pl\/nsip\/konferencje-staze-granty\/","url":"https:\/\/szkolydoktorskie.uwb.edu.pl\/nsip\/konferencje-staze-granty\/","name":"Sta\u017ce naukowe, Erasmus - Szko\u0142a Doktorska Nauk \u015acis\u0142ych i Przyrodniczych UwB","isPartOf":{"@id":"https:\/\/szkolydoktorskie.uwb.edu.pl\/nsip\/#website"},"datePublished":"2021-04-15T22:55:30+00:00","dateModified":"2022-12-08T10:09:12+00:00","breadcrumb":{"@id":"https:\/\/szkolydoktorskie.uwb.edu.pl\/nsip\/konferencje-staze-granty\/#breadcrumb"},"inLanguage":"pl-PL","potentialAction":[{"@type":"ReadAction","target":["https:\/\/szkolydoktorskie.uwb.edu.pl\/nsip\/konferencje-staze-granty\/"]}]},{"@type":"BreadcrumbList","@id":"https:\/\/szkolydoktorskie.uwb.edu.pl\/nsip\/konferencje-staze-granty\/#breadcrumb","itemListElement":[{"@type":"ListItem","position":1,"name":"Strona g\u0142\u00f3wna","item":"https:\/\/szkolydoktorskie.uwb.edu.pl\/nsip\/"},{"@type":"ListItem","position":2,"name":"Sta\u017ce naukowe, Erasmus"}]},{"@type":"WebSite","@id":"https:\/\/szkolydoktorskie.uwb.edu.pl\/nsip\/#website","url":"https:\/\/szkolydoktorskie.uwb.edu.pl\/nsip\/","name":"Szko\u0142a Doktorska Nauk \u015acis\u0142ych i Przyrodniczych UwB","description":"Szko\u0142a Doktorska Nauk \u015acis\u0142ych i Przyrodniczych UwB","publisher":{"@id":"https:\/\/szkolydoktorskie.uwb.edu.pl\/nsip\/#organization"},"potentialAction":[{"@type":"SearchAction","target":{"@type":"EntryPoint","urlTemplate":"https:\/\/szkolydoktorskie.uwb.edu.pl\/nsip\/?s={search_term_string}"},"query-input":{"@type":"PropertyValueSpecification","valueRequired":true,"valueName":"search_term_string"}}],"inLanguage":"pl-PL"},{"@type":"Organization","@id":"https:\/\/szkolydoktorskie.uwb.edu.pl\/nsip\/#organization","name":"Szko\u0142a Doktorska Nauk \u015acis\u0142ych i Przyrodniczych UwB","url":"https:\/\/szkolydoktorskie.uwb.edu.pl\/nsip\/","logo":{"@type":"ImageObject","inLanguage":"pl-PL","@id":"https:\/\/szkolydoktorskie.uwb.edu.pl\/nsip\/#\/schema\/logo\/image\/","url":"https:\/\/szkolydoktorskie.uwb.edu.pl\/nsip\/wp-content\/uploads\/sites\/4\/2021\/04\/cropped-LOGO-NSIP.png","contentUrl":"https:\/\/szkolydoktorskie.uwb.edu.pl\/nsip\/wp-content\/uploads\/sites\/4\/2021\/04\/cropped-LOGO-NSIP.png","width":705,"height":188,"caption":"Szko\u0142a Doktorska Nauk \u015acis\u0142ych i Przyrodniczych UwB"},"image":{"@id":"https:\/\/szkolydoktorskie.uwb.edu.pl\/nsip\/#\/schema\/logo\/image\/"}}]}},"_links":{"self":[{"href":"https:\/\/szkolydoktorskie.uwb.edu.pl\/nsip\/wp-json\/wp\/v2\/pages\/32","targetHints":{"allow":["GET"]}}],"collection":[{"href":"https:\/\/szkolydoktorskie.uwb.edu.pl\/nsip\/wp-json\/wp\/v2\/pages"}],"about":[{"href":"https:\/\/szkolydoktorskie.uwb.edu.pl\/nsip\/wp-json\/wp\/v2\/types\/page"}],"author":[{"embeddable":true,"href":"https:\/\/szkolydoktorskie.uwb.edu.pl\/nsip\/wp-json\/wp\/v2\/users\/1"}],"replies":[{"embeddable":true,"href":"https:\/\/szkolydoktorskie.uwb.edu.pl\/nsip\/wp-json\/wp\/v2\/comments?post=32"}],"version-history":[{"count":20,"href":"https:\/\/szkolydoktorskie.uwb.edu.pl\/nsip\/wp-json\/wp\/v2\/pages\/32\/revisions"}],"predecessor-version":[{"id":1628,"href":"https:\/\/szkolydoktorskie.uwb.edu.pl\/nsip\/wp-json\/wp\/v2\/pages\/32\/revisions\/1628"}],"wp:attachment":[{"href":"https:\/\/szkolydoktorskie.uwb.edu.pl\/nsip\/wp-json\/wp\/v2\/media?parent=32"}],"curies":[{"name":"wp","href":"https:\/\/api.w.org\/{rel}","templated":true}]}}