{"id":3197,"date":"2024-08-19T07:34:00","date_gmt":"2024-08-19T05:34:00","guid":{"rendered":"https:\/\/szkolydoktorskie.uwb.edu.pl\/nsip\/?page_id=3197"},"modified":"2024-08-19T07:38:44","modified_gmt":"2024-08-19T05:38:44","slug":"recruitment-2024-2025","status":"publish","type":"page","link":"https:\/\/szkolydoktorskie.uwb.edu.pl\/nsip\/recruitment-2024-2025\/","title":{"rendered":"Recruitment 2024\/2025"},"content":{"rendered":"\n<p><a href=\"https:\/\/szkolydoktorskie.uwb.edu.pl\/nsip\/wp-content\/uploads\/sites\/4\/2024\/08\/ENG_3320_Uchwala-rekrutacyjna-do-szkoly-doktorskiej.docx\"><strong>Resolution no. 3320<\/strong> <strong>of the University of Bialystok Senate<\/strong> <strong>of 31 January 2024<\/strong> <strong><em>on rules of admission to the Doctoral School of the University of Bialystok \u00a0in the academic year 2024\/2025<\/em><\/strong><\/a><\/p>\n\n\n\n<ol class=\"wp-block-list\">\n<li><a href=\"https:\/\/szkolydoktorskie.uwb.edu.pl\/nsip\/wp-content\/uploads\/sites\/4\/2024\/08\/ENG-Nr_3320_zal__nr_1_Kwestionariusz_kandydata.docx\">Questionnaire of the candidate: <strong>philosophy \/ history \/ linguistics \/ literary studies \/ economics and finance \/ law \/ sociology \/ pedagogy<\/strong><\/a><\/li>\n\n\n\n<li><a href=\"https:\/\/szkolydoktorskie.uwb.edu.pl\/nsip\/wp-content\/uploads\/sites\/4\/2024\/08\/ENG-Nr_3320_zal__nr_2_Kwestionariusz_kandydata.docx\">Questionnaire of the candidate: <strong>mathematics\/biological sciences\/chemical sciences\/physical sciences<\/strong><\/a><\/li>\n\n\n\n<li><strong><a href=\"https:\/\/szkolydoktorskie.uwb.edu.pl\/nsip\/wp-content\/uploads\/sites\/4\/2024\/08\/ENG-Nr_3320_zal_-3_Pomysl-badawczy-przyszej-rozprawy-doktorskiej.docx\">Research project proposal of a future doctoral dissertation<\/a><\/strong><\/li>\n\n\n\n<li><strong><a href=\"https:\/\/szkolydoktorskie.uwb.edu.pl\/nsip\/wp-content\/uploads\/sites\/4\/2024\/08\/ENG-Nr_3320_zal_-4_Oswiadczenie-proponowanego-promotora.docx\">DECLARATION OF A POTENTIAL SUPERVISOR TO PROVIDE SUPERVISION<\/a><\/strong><\/li>\n\n\n\n<li><a href=\"https:\/\/szkolydoktorskie.uwb.edu.pl\/nsip\/wp-content\/uploads\/sites\/4\/2024\/08\/ENG-Nr_3320_za_5_Kryteria-rekrutacji.docx\"><strong>ADMISSION CRITERIA TO THE DOCTORAL SCHOOL OF THE UNIVERSITY OF BIALYSTOK<\/strong> <strong>FOR THE SCIENTIFIC DISCIPLINE: PHILOSOPHY, HISTORY, LINGUISTICS, LITERARY STUDIES, ECONOMICS AND FINANCE, LAW, SOCIOLOGY, PEDAGOGY<\/strong><\/a><\/li>\n\n\n\n<li><a href=\"https:\/\/szkolydoktorskie.uwb.edu.pl\/nsip\/wp-content\/uploads\/sites\/4\/2024\/08\/ENG-Nr_3320_zal_6_Kryteria-rekrutacji.docx\"><strong>ADMISSION CRITERIA TO THE DOCTORAL SCHOOL OF THE UNIVERSITY OF BIALYSTOK<\/strong> <strong>FOR THE SCIENTIFIC DISCIPLINE:<\/strong> <strong>MATHEMATICS\/BIOLOGICAL SCIENCES\/CHEMICAL SCIENCES\/PHYSICAL SCIENCES<\/strong><\/a><\/li>\n\n\n\n<li><a href=\"https:\/\/szkolydoktorskie.uwb.edu.pl\/nsip\/wp-content\/uploads\/sites\/4\/2024\/08\/ENG-Nr_3320_zal__nr_7_oswiadczenie_kandydata.docx\"><strong>DECLARATION OF THE CANDIDATE<\/strong> <strong>RECOMMENDED FOR ENROLMENT TO THE LIST OF DOCTORAL STUDENTS<\/strong><\/a><br><\/li>\n<\/ol>\n\n\n\n<p><strong><a href=\"https:\/\/szkolydoktorskie.uwb.edu.pl\/nsip\/wp-content\/uploads\/sites\/4\/2024\/08\/ENG-harmonogram-rekrutacji-SD_2024_2025.docx\">Detailed schedule of admission to the Doctoral School of the University of Bialystok<\/a><\/strong><\/p>\n\n\n\n<p><strong><a href=\"https:\/\/szkolydoktorskie.uwb.edu.pl\/nsip\/wp-content\/uploads\/sites\/4\/2024\/08\/ENG_limity-przyj_2024_2025.docx\">Admission limits to the Doctoral School of the University of Bialystok in the academic year 2024\/2025<\/a><\/strong><\/p>\n\n\n\n<p><\/p>\n\n\n\n<p><strong>Lists of potential dissertation supervisors for the 2024\/2025 academic year:<\/strong><\/p>\n\n\n\n<ul class=\"wp-block-list\">\n<li><a href=\"https:\/\/szkolydoktorskie.uwb.edu.pl\/nsip\/nauki-biologiczne-2024-25\/\">Nauki biologiczne<\/a> &#8211; Polish language education<\/li>\n\n\n\n<li><a href=\"https:\/\/szkolydoktorskie.uwb.edu.pl\/nsip\/nauki-chemiczne-2024-25\/\">Nauki chemiczne<\/a> &#8211; Polish language education<\/li>\n\n\n\n<li><a href=\"https:\/\/szkolydoktorskie.uwb.edu.pl\/nsip\/physical-sciences-2024-25\/\">Physical sciences<\/a> &#8211; English language education<\/li>\n\n\n\n<li><a href=\"https:\/\/szkolydoktorskie.uwb.edu.pl\/nsip\/mathematic-2024-25\/\">Mathematics<\/a> &#8211; English language education<\/li>\n<\/ul>\n\n\n\n<p><\/p>\n","protected":false},"excerpt":{"rendered":"<p>Resolution no. 3320 of the University of Bialystok Senate of 31 January 2024 on rules of admission to the Doctoral School of the University of Bialystok \u00a0in the academic year&hellip;<\/p>\n","protected":false},"author":8,"featured_media":0,"parent":0,"menu_order":0,"comment_status":"closed","ping_status":"closed","template":"","meta":{"footnotes":""},"class_list":["post-3197","page","type-page","status-publish","hentry"],"yoast_head":"<!-- This site is optimized with the Yoast SEO plugin v27.3 - https:\/\/yoast.com\/product\/yoast-seo-wordpress\/ -->\n<title>Recruitment 2024\/2025 - Szko\u0142a Doktorska Nauk \u015acis\u0142ych i Przyrodniczych UwB<\/title>\n<meta name=\"robots\" content=\"index, follow, max-snippet:-1, max-image-preview:large, max-video-preview:-1\" \/>\n<link rel=\"canonical\" href=\"https:\/\/szkolydoktorskie.uwb.edu.pl\/nsip\/recruitment-2024-2025\/\" \/>\n<meta property=\"og:locale\" content=\"pl_PL\" \/>\n<meta property=\"og:type\" content=\"article\" \/>\n<meta property=\"og:title\" content=\"Recruitment 2024\/2025 - Szko\u0142a Doktorska Nauk \u015acis\u0142ych i Przyrodniczych UwB\" \/>\n<meta property=\"og:description\" content=\"Resolution no. 3320 of the University of Bialystok Senate of 31 January 2024 on rules of admission to the Doctoral School of the University of Bialystok \u00a0in the academic year&hellip;\" \/>\n<meta property=\"og:url\" content=\"https:\/\/szkolydoktorskie.uwb.edu.pl\/nsip\/recruitment-2024-2025\/\" \/>\n<meta property=\"og:site_name\" content=\"Szko\u0142a Doktorska Nauk \u015acis\u0142ych i Przyrodniczych UwB\" \/>\n<meta property=\"article:modified_time\" content=\"2024-08-19T05:38:44+00:00\" \/>\n<meta name=\"twitter:card\" content=\"summary_large_image\" \/>\n<meta name=\"twitter:label1\" content=\"Szacowany czas czytania\" \/>\n\t<meta name=\"twitter:data1\" content=\"1 minuta\" \/>\n<script type=\"application\/ld+json\" class=\"yoast-schema-graph\">{\"@context\":\"https:\\\/\\\/schema.org\",\"@graph\":[{\"@type\":\"WebPage\",\"@id\":\"https:\\\/\\\/szkolydoktorskie.uwb.edu.pl\\\/nsip\\\/recruitment-2024-2025\\\/\",\"url\":\"https:\\\/\\\/szkolydoktorskie.uwb.edu.pl\\\/nsip\\\/recruitment-2024-2025\\\/\",\"name\":\"Recruitment 2024\\\/2025 - Szko\u0142a Doktorska Nauk \u015acis\u0142ych i Przyrodniczych UwB\",\"isPartOf\":{\"@id\":\"https:\\\/\\\/szkolydoktorskie.uwb.edu.pl\\\/nsip\\\/#website\"},\"datePublished\":\"2024-08-19T05:34:00+00:00\",\"dateModified\":\"2024-08-19T05:38:44+00:00\",\"breadcrumb\":{\"@id\":\"https:\\\/\\\/szkolydoktorskie.uwb.edu.pl\\\/nsip\\\/recruitment-2024-2025\\\/#breadcrumb\"},\"inLanguage\":\"pl-PL\",\"potentialAction\":[{\"@type\":\"ReadAction\",\"target\":[\"https:\\\/\\\/szkolydoktorskie.uwb.edu.pl\\\/nsip\\\/recruitment-2024-2025\\\/\"]}]},{\"@type\":\"BreadcrumbList\",\"@id\":\"https:\\\/\\\/szkolydoktorskie.uwb.edu.pl\\\/nsip\\\/recruitment-2024-2025\\\/#breadcrumb\",\"itemListElement\":[{\"@type\":\"ListItem\",\"position\":1,\"name\":\"Strona g\u0142\u00f3wna\",\"item\":\"https:\\\/\\\/szkolydoktorskie.uwb.edu.pl\\\/nsip\\\/\"},{\"@type\":\"ListItem\",\"position\":2,\"name\":\"Recruitment 2024\\\/2025\"}]},{\"@type\":\"WebSite\",\"@id\":\"https:\\\/\\\/szkolydoktorskie.uwb.edu.pl\\\/nsip\\\/#website\",\"url\":\"https:\\\/\\\/szkolydoktorskie.uwb.edu.pl\\\/nsip\\\/\",\"name\":\"Szko\u0142a Doktorska Nauk \u015acis\u0142ych i Przyrodniczych UwB\",\"description\":\"Szko\u0142a Doktorska Nauk \u015acis\u0142ych i Przyrodniczych UwB\",\"publisher\":{\"@id\":\"https:\\\/\\\/szkolydoktorskie.uwb.edu.pl\\\/nsip\\\/#organization\"},\"potentialAction\":[{\"@type\":\"SearchAction\",\"target\":{\"@type\":\"EntryPoint\",\"urlTemplate\":\"https:\\\/\\\/szkolydoktorskie.uwb.edu.pl\\\/nsip\\\/?s={search_term_string}\"},\"query-input\":{\"@type\":\"PropertyValueSpecification\",\"valueRequired\":true,\"valueName\":\"search_term_string\"}}],\"inLanguage\":\"pl-PL\"},{\"@type\":\"Organization\",\"@id\":\"https:\\\/\\\/szkolydoktorskie.uwb.edu.pl\\\/nsip\\\/#organization\",\"name\":\"Szko\u0142a Doktorska Nauk \u015acis\u0142ych i Przyrodniczych UwB\",\"url\":\"https:\\\/\\\/szkolydoktorskie.uwb.edu.pl\\\/nsip\\\/\",\"logo\":{\"@type\":\"ImageObject\",\"inLanguage\":\"pl-PL\",\"@id\":\"https:\\\/\\\/szkolydoktorskie.uwb.edu.pl\\\/nsip\\\/#\\\/schema\\\/logo\\\/image\\\/\",\"url\":\"https:\\\/\\\/szkolydoktorskie.uwb.edu.pl\\\/nsip\\\/wp-content\\\/uploads\\\/sites\\\/4\\\/2021\\\/04\\\/cropped-LOGO-NSIP.png\",\"contentUrl\":\"https:\\\/\\\/szkolydoktorskie.uwb.edu.pl\\\/nsip\\\/wp-content\\\/uploads\\\/sites\\\/4\\\/2021\\\/04\\\/cropped-LOGO-NSIP.png\",\"width\":705,\"height\":188,\"caption\":\"Szko\u0142a Doktorska Nauk \u015acis\u0142ych i Przyrodniczych UwB\"},\"image\":{\"@id\":\"https:\\\/\\\/szkolydoktorskie.uwb.edu.pl\\\/nsip\\\/#\\\/schema\\\/logo\\\/image\\\/\"}}]}<\/script>\n<!-- \/ Yoast SEO plugin. -->","yoast_head_json":{"title":"Recruitment 2024\/2025 - Szko\u0142a Doktorska Nauk \u015acis\u0142ych i Przyrodniczych UwB","robots":{"index":"index","follow":"follow","max-snippet":"max-snippet:-1","max-image-preview":"max-image-preview:large","max-video-preview":"max-video-preview:-1"},"canonical":"https:\/\/szkolydoktorskie.uwb.edu.pl\/nsip\/recruitment-2024-2025\/","og_locale":"pl_PL","og_type":"article","og_title":"Recruitment 2024\/2025 - Szko\u0142a Doktorska Nauk \u015acis\u0142ych i Przyrodniczych UwB","og_description":"Resolution no. 3320 of the University of Bialystok Senate of 31 January 2024 on rules of admission to the Doctoral School of the University of Bialystok \u00a0in the academic year&hellip;","og_url":"https:\/\/szkolydoktorskie.uwb.edu.pl\/nsip\/recruitment-2024-2025\/","og_site_name":"Szko\u0142a Doktorska Nauk \u015acis\u0142ych i Przyrodniczych UwB","article_modified_time":"2024-08-19T05:38:44+00:00","twitter_card":"summary_large_image","twitter_misc":{"Szacowany czas czytania":"1 minuta"},"schema":{"@context":"https:\/\/schema.org","@graph":[{"@type":"WebPage","@id":"https:\/\/szkolydoktorskie.uwb.edu.pl\/nsip\/recruitment-2024-2025\/","url":"https:\/\/szkolydoktorskie.uwb.edu.pl\/nsip\/recruitment-2024-2025\/","name":"Recruitment 2024\/2025 - Szko\u0142a Doktorska Nauk \u015acis\u0142ych i Przyrodniczych UwB","isPartOf":{"@id":"https:\/\/szkolydoktorskie.uwb.edu.pl\/nsip\/#website"},"datePublished":"2024-08-19T05:34:00+00:00","dateModified":"2024-08-19T05:38:44+00:00","breadcrumb":{"@id":"https:\/\/szkolydoktorskie.uwb.edu.pl\/nsip\/recruitment-2024-2025\/#breadcrumb"},"inLanguage":"pl-PL","potentialAction":[{"@type":"ReadAction","target":["https:\/\/szkolydoktorskie.uwb.edu.pl\/nsip\/recruitment-2024-2025\/"]}]},{"@type":"BreadcrumbList","@id":"https:\/\/szkolydoktorskie.uwb.edu.pl\/nsip\/recruitment-2024-2025\/#breadcrumb","itemListElement":[{"@type":"ListItem","position":1,"name":"Strona g\u0142\u00f3wna","item":"https:\/\/szkolydoktorskie.uwb.edu.pl\/nsip\/"},{"@type":"ListItem","position":2,"name":"Recruitment 2024\/2025"}]},{"@type":"WebSite","@id":"https:\/\/szkolydoktorskie.uwb.edu.pl\/nsip\/#website","url":"https:\/\/szkolydoktorskie.uwb.edu.pl\/nsip\/","name":"Szko\u0142a Doktorska Nauk \u015acis\u0142ych i Przyrodniczych UwB","description":"Szko\u0142a Doktorska Nauk \u015acis\u0142ych i Przyrodniczych UwB","publisher":{"@id":"https:\/\/szkolydoktorskie.uwb.edu.pl\/nsip\/#organization"},"potentialAction":[{"@type":"SearchAction","target":{"@type":"EntryPoint","urlTemplate":"https:\/\/szkolydoktorskie.uwb.edu.pl\/nsip\/?s={search_term_string}"},"query-input":{"@type":"PropertyValueSpecification","valueRequired":true,"valueName":"search_term_string"}}],"inLanguage":"pl-PL"},{"@type":"Organization","@id":"https:\/\/szkolydoktorskie.uwb.edu.pl\/nsip\/#organization","name":"Szko\u0142a Doktorska Nauk \u015acis\u0142ych i Przyrodniczych UwB","url":"https:\/\/szkolydoktorskie.uwb.edu.pl\/nsip\/","logo":{"@type":"ImageObject","inLanguage":"pl-PL","@id":"https:\/\/szkolydoktorskie.uwb.edu.pl\/nsip\/#\/schema\/logo\/image\/","url":"https:\/\/szkolydoktorskie.uwb.edu.pl\/nsip\/wp-content\/uploads\/sites\/4\/2021\/04\/cropped-LOGO-NSIP.png","contentUrl":"https:\/\/szkolydoktorskie.uwb.edu.pl\/nsip\/wp-content\/uploads\/sites\/4\/2021\/04\/cropped-LOGO-NSIP.png","width":705,"height":188,"caption":"Szko\u0142a Doktorska Nauk \u015acis\u0142ych i Przyrodniczych UwB"},"image":{"@id":"https:\/\/szkolydoktorskie.uwb.edu.pl\/nsip\/#\/schema\/logo\/image\/"}}]}},"_links":{"self":[{"href":"https:\/\/szkolydoktorskie.uwb.edu.pl\/nsip\/wp-json\/wp\/v2\/pages\/3197","targetHints":{"allow":["GET"]}}],"collection":[{"href":"https:\/\/szkolydoktorskie.uwb.edu.pl\/nsip\/wp-json\/wp\/v2\/pages"}],"about":[{"href":"https:\/\/szkolydoktorskie.uwb.edu.pl\/nsip\/wp-json\/wp\/v2\/types\/page"}],"author":[{"embeddable":true,"href":"https:\/\/szkolydoktorskie.uwb.edu.pl\/nsip\/wp-json\/wp\/v2\/users\/8"}],"replies":[{"embeddable":true,"href":"https:\/\/szkolydoktorskie.uwb.edu.pl\/nsip\/wp-json\/wp\/v2\/comments?post=3197"}],"version-history":[{"count":3,"href":"https:\/\/szkolydoktorskie.uwb.edu.pl\/nsip\/wp-json\/wp\/v2\/pages\/3197\/revisions"}],"predecessor-version":[{"id":3211,"href":"https:\/\/szkolydoktorskie.uwb.edu.pl\/nsip\/wp-json\/wp\/v2\/pages\/3197\/revisions\/3211"}],"wp:attachment":[{"href":"https:\/\/szkolydoktorskie.uwb.edu.pl\/nsip\/wp-json\/wp\/v2\/media?parent=3197"}],"curies":[{"name":"wp","href":"https:\/\/api.w.org\/{rel}","templated":true}]}}