{"id":2993,"date":"2024-03-27T10:16:02","date_gmt":"2024-03-27T09:16:02","guid":{"rendered":"https:\/\/szkolydoktorskie.uwb.edu.pl\/nsip\/?page_id=2993"},"modified":"2024-05-09T14:29:48","modified_gmt":"2024-05-09T12:29:48","slug":"mgr-krzysztof-czerkas","status":"publish","type":"page","link":"https:\/\/szkolydoktorskie.uwb.edu.pl\/nsip\/mgr-krzysztof-czerkas\/","title":{"rendered":"mgr Krzysztof Czerkas"},"content":{"rendered":"\n<figure class=\"wp-block-image size-full is-resized\"><img loading=\"lazy\" decoding=\"async\" width=\"386\" height=\"574\" src=\"https:\/\/szkolydoktorskie.uwb.edu.pl\/nsip\/wp-content\/uploads\/sites\/4\/2024\/04\/obraz-1.png\" alt=\"\" class=\"wp-image-3050\" style=\"width:287px;height:auto\" srcset=\"https:\/\/szkolydoktorskie.uwb.edu.pl\/nsip\/wp-content\/uploads\/sites\/4\/2024\/04\/obraz-1.png 386w, https:\/\/szkolydoktorskie.uwb.edu.pl\/nsip\/wp-content\/uploads\/sites\/4\/2024\/04\/obraz-1-202x300.png 202w\" sizes=\"auto, (max-width: 386px) 100vw, 386px\" \/><\/figure>\n\n\n\n<figure class=\"wp-block-table\"><table><tbody><tr><td><strong>E-mail&nbsp;<\/strong><\/td><td>k.czerkas@uwb.edu.pl<\/td><\/tr><tr><td><strong>Kod ORCID<\/strong><\/td><td>0009-0003-7548-4871<\/td><\/tr><tr><td><strong>Temat rozprawy doktorskiej<\/strong><\/td><td><\/td><\/tr><tr><td><strong>Promotor<\/strong><\/td><td>dr hab. Szymon S\u0119kowski, prof. UwB<\/td><\/tr><tr><td><strong>Promotor pomocniczy<\/strong><\/td><td>dr Ewa Olchowik-Grabarek<\/td><\/tr><tr><td><strong>Wydzia\u0142 \/Katedra\/Zak\u0142ad<\/strong><\/td><td>Wydzia\u0142 Biologii<\/td><\/tr><tr><td><strong>Dzia\u0142alno\u015b\u0107 naukowo-badawcza<\/strong><\/td><td><\/td><\/tr><tr><td><strong>A.&nbsp;&nbsp;&nbsp;&nbsp;Publikacje naukowe<\/strong><\/td><td><\/td><\/tr><tr><td><strong>A1. Artyku\u0142y naukowe w czasopismach<\/strong><\/td><td>&nbsp;<strong>Czerkas K<\/strong>., Olchowik-Grabarek E., \u0141omanowska M., Abdulladjanova N., &amp; S\u0119kowski, S. (2024). Antibacterial Activity of Plant Polyphenols Belonging to the Tannins against Streptococcus mutans\u2014Potential against Dental Caries. Molecules, 29(4), 879. https:\/\/doi.org\/10.3390\/molecules29040879 (140 pkt. MEiN) (IF =4,6)<br><br>Sekowski S., Naziris, N., Chountoulesi M., Olchowik-Grabarek E., <strong>Czerkas K.<\/strong>, Veiko A., &#8230; &amp; Zamaraeva, M. (2023). Interaction of Rhus typhina Tannin with Lipid Nanoparticles: Implication for the Formulation of a Tannin\u2013Liposome Hybrid Biomaterial with Antibacterial Activity. Journal of Functional Biomaterials, 14(6), 296. https:\/\/doi.org\/10.3390\/jfb14060296 (100 pkt. MEiN) (IF= 4,8)<br><br>Olchowik-Grabarek E., <strong>Czerkas K.<\/strong>, Matchanov A. D., Esanov R. S., Matchanov U. D., Zamaraeva M., &amp; Sekowski S. (2023). Antibacterial and Antihemolytic Activity of New Biomaterial Based on Glycyrrhizic Acid and Quercetin (GAQ) against Staphylococcus aureus. Journal of Functional Biomaterials, 14(7), 368. https:\/\/doi.org\/10.3390\/jfb14070368 (100 pkt. MEiN) (IF= 4,8)<\/td><\/tr><tr><td><strong>A2. Monografie naukowe\/rozdzia\u0142y w monografiach<\/strong><\/td><td>&nbsp;<\/td><\/tr><tr><td><strong>B. Konferencje naukowe<\/strong><\/td><td>Czynny udzia\u0142 w og\u00f3lnopolskiej XlV Interdyscyptinarnej Konferencji Naukowei TYGlEL 2022 \u2013 poster pod tytu\u0142em \u201eIdentyfikacja mikroorganizm\u00f3w niehodowalnych p\u00f3\u0142nocno-wschodniej Polski\u201d<br><br>Czynny udzia\u0142 w VI Og\u00f3lnopolskiej Konferencji Genetycznej ,,Genomica\u201d 2022 &#8211; poster pod tytu\u0142em Jak panda wielka (<em>Auiluropoda melanoleuca<\/em>) sta\u0142a si\u0119 ro\u015blino\u017cerna ?\u201d<br><br>Czynny udzia\u0142 w VII Og\u00f3lnopolskiej Konferencji Genetycznej ,,Genomica\u201d 2023 \u2013 poster pod tytu\u0142em \u201eEpigenetyczne podstawy chor\u00f3b alergicznych\u201d<br><br>Czynny udzia\u0142 w IX Og\u00f3lnopolskiej Konferencji Doktorant\u00f3w ,,Bioopen\u201d 2024 \u2013 poster pod tytu\u0142em ,,Aktywno\u015b\u0107 antybakteryjna tanin przeciwko <br><em>Streptococcus mutans<\/em> \u2013 potencjalne zastosowanie w zapobieganiu pr\u00f3chnicy\u201d<\/td><\/tr><tr><td><strong>C. Granty<\/strong><\/td><td><\/td><\/tr><tr><td><strong>D. Zrealizowane sta\u017ce<\/strong><\/td><td><\/td><\/tr><tr><td><strong>E. Inne aktywno\u015bci\/osi\u0105gni\u0119cia naukowe<\/strong><\/td><td>Udzia\u0142 w warsztacie Agrisera ,, Western blot technique possible to optimize\u201d<br><br>Udzia\u0142 w szkoleniu A.P. Instruments. z obs\u0142ugi analizatora wielko\u015bci i potencja\u0142u zeta cz\u0105stek Zetasizer Ultra Red wraz z wyposa\u017ceniem<br><br>Udzia\u0142 w szkoleniu \u00a0Pro-Environment ,, Metody spektroskopowe w podczerwieni \u2013 podstawy teoretyczne i praktyczne analityki FT-IR\u201d<br><br>Udzia\u0142 w szkoleniu Merck Day ,,Optymalizacja technik pracy z bia\u0142kami&#8221;<\/td><\/tr><tr><td><strong>Inna aktywno\u015b\u0107, np. organizacyjna<\/strong><\/td><td>Udzia\u0142 oraz pomoc organizacyjna w mi\u0119dzynarodowej konferencji <em>\u201c15th International Grouse Symposium\u201d<\/em> 2023r.&nbsp;<br><br>Przeprowadzenie zaj\u0119\u0107 laboratoryjnych pod tytu\u0142em ,,<em>Blask UV: Fluorescencja wok\u00f3\u0142 nas i jej zastosowanie<\/em>\u201d w ramach Marcowych spotka\u0144 z Nauk\u0105 2024r.<\/td><\/tr><\/tbody><\/table><\/figure>\n","protected":false},"excerpt":{"rendered":"<p>E-mail&nbsp; k.czerkas@uwb.edu.pl Kod ORCID 0009-0003-7548-4871 Temat rozprawy doktorskiej Promotor dr hab. Szymon S\u0119kowski, prof. UwB Promotor pomocniczy dr Ewa Olchowik-Grabarek Wydzia\u0142 \/Katedra\/Zak\u0142ad Wydzia\u0142 Biologii Dzia\u0142alno\u015b\u0107 naukowo-badawcza A.&nbsp;&nbsp;&nbsp;&nbsp;Publikacje naukowe A1. Artyku\u0142y&hellip;<\/p>\n","protected":false},"author":8,"featured_media":0,"parent":0,"menu_order":0,"comment_status":"closed","ping_status":"closed","template":"","meta":{"footnotes":""},"class_list":["post-2993","page","type-page","status-publish","hentry"],"yoast_head":"<!-- This site is optimized with the Yoast SEO plugin v27.3 - https:\/\/yoast.com\/product\/yoast-seo-wordpress\/ -->\n<title>mgr Krzysztof Czerkas - Szko\u0142a Doktorska Nauk \u015acis\u0142ych i Przyrodniczych UwB<\/title>\n<meta name=\"robots\" content=\"index, follow, max-snippet:-1, max-image-preview:large, max-video-preview:-1\" \/>\n<link rel=\"canonical\" href=\"https:\/\/szkolydoktorskie.uwb.edu.pl\/nsip\/mgr-krzysztof-czerkas\/\" \/>\n<meta property=\"og:locale\" content=\"pl_PL\" \/>\n<meta property=\"og:type\" content=\"article\" \/>\n<meta property=\"og:title\" content=\"mgr Krzysztof Czerkas - Szko\u0142a Doktorska Nauk \u015acis\u0142ych i Przyrodniczych UwB\" \/>\n<meta property=\"og:description\" content=\"E-mail&nbsp; k.czerkas@uwb.edu.pl Kod ORCID 0009-0003-7548-4871 Temat rozprawy doktorskiej Promotor dr hab. Szymon S\u0119kowski, prof. UwB Promotor pomocniczy dr Ewa Olchowik-Grabarek Wydzia\u0142 \/Katedra\/Zak\u0142ad Wydzia\u0142 Biologii Dzia\u0142alno\u015b\u0107 naukowo-badawcza A.&nbsp;&nbsp;&nbsp;&nbsp;Publikacje naukowe A1. Artyku\u0142y&hellip;\" \/>\n<meta property=\"og:url\" content=\"https:\/\/szkolydoktorskie.uwb.edu.pl\/nsip\/mgr-krzysztof-czerkas\/\" \/>\n<meta property=\"og:site_name\" content=\"Szko\u0142a Doktorska Nauk \u015acis\u0142ych i Przyrodniczych UwB\" \/>\n<meta property=\"article:modified_time\" content=\"2024-05-09T12:29:48+00:00\" \/>\n<meta property=\"og:image\" content=\"https:\/\/szkolydoktorskie.uwb.edu.pl\/nsip\/wp-content\/uploads\/sites\/4\/2024\/04\/obraz-1.png\" \/>\n<meta name=\"twitter:card\" content=\"summary_large_image\" \/>\n<meta name=\"twitter:label1\" content=\"Szacowany czas czytania\" \/>\n\t<meta name=\"twitter:data1\" content=\"3 minuty\" \/>\n<script type=\"application\/ld+json\" class=\"yoast-schema-graph\">{\"@context\":\"https:\\\/\\\/schema.org\",\"@graph\":[{\"@type\":\"WebPage\",\"@id\":\"https:\\\/\\\/szkolydoktorskie.uwb.edu.pl\\\/nsip\\\/mgr-krzysztof-czerkas\\\/\",\"url\":\"https:\\\/\\\/szkolydoktorskie.uwb.edu.pl\\\/nsip\\\/mgr-krzysztof-czerkas\\\/\",\"name\":\"mgr Krzysztof Czerkas - Szko\u0142a Doktorska Nauk \u015acis\u0142ych i Przyrodniczych UwB\",\"isPartOf\":{\"@id\":\"https:\\\/\\\/szkolydoktorskie.uwb.edu.pl\\\/nsip\\\/#website\"},\"primaryImageOfPage\":{\"@id\":\"https:\\\/\\\/szkolydoktorskie.uwb.edu.pl\\\/nsip\\\/mgr-krzysztof-czerkas\\\/#primaryimage\"},\"image\":{\"@id\":\"https:\\\/\\\/szkolydoktorskie.uwb.edu.pl\\\/nsip\\\/mgr-krzysztof-czerkas\\\/#primaryimage\"},\"thumbnailUrl\":\"https:\\\/\\\/szkolydoktorskie.uwb.edu.pl\\\/nsip\\\/wp-content\\\/uploads\\\/sites\\\/4\\\/2024\\\/04\\\/obraz-1.png\",\"datePublished\":\"2024-03-27T09:16:02+00:00\",\"dateModified\":\"2024-05-09T12:29:48+00:00\",\"breadcrumb\":{\"@id\":\"https:\\\/\\\/szkolydoktorskie.uwb.edu.pl\\\/nsip\\\/mgr-krzysztof-czerkas\\\/#breadcrumb\"},\"inLanguage\":\"pl-PL\",\"potentialAction\":[{\"@type\":\"ReadAction\",\"target\":[\"https:\\\/\\\/szkolydoktorskie.uwb.edu.pl\\\/nsip\\\/mgr-krzysztof-czerkas\\\/\"]}]},{\"@type\":\"ImageObject\",\"inLanguage\":\"pl-PL\",\"@id\":\"https:\\\/\\\/szkolydoktorskie.uwb.edu.pl\\\/nsip\\\/mgr-krzysztof-czerkas\\\/#primaryimage\",\"url\":\"https:\\\/\\\/szkolydoktorskie.uwb.edu.pl\\\/nsip\\\/wp-content\\\/uploads\\\/sites\\\/4\\\/2024\\\/04\\\/obraz-1.png\",\"contentUrl\":\"https:\\\/\\\/szkolydoktorskie.uwb.edu.pl\\\/nsip\\\/wp-content\\\/uploads\\\/sites\\\/4\\\/2024\\\/04\\\/obraz-1.png\",\"width\":386,\"height\":574},{\"@type\":\"BreadcrumbList\",\"@id\":\"https:\\\/\\\/szkolydoktorskie.uwb.edu.pl\\\/nsip\\\/mgr-krzysztof-czerkas\\\/#breadcrumb\",\"itemListElement\":[{\"@type\":\"ListItem\",\"position\":1,\"name\":\"Strona g\u0142\u00f3wna\",\"item\":\"https:\\\/\\\/szkolydoktorskie.uwb.edu.pl\\\/nsip\\\/\"},{\"@type\":\"ListItem\",\"position\":2,\"name\":\"mgr Krzysztof Czerkas\"}]},{\"@type\":\"WebSite\",\"@id\":\"https:\\\/\\\/szkolydoktorskie.uwb.edu.pl\\\/nsip\\\/#website\",\"url\":\"https:\\\/\\\/szkolydoktorskie.uwb.edu.pl\\\/nsip\\\/\",\"name\":\"Szko\u0142a Doktorska Nauk \u015acis\u0142ych i Przyrodniczych UwB\",\"description\":\"Szko\u0142a Doktorska Nauk \u015acis\u0142ych i Przyrodniczych UwB\",\"publisher\":{\"@id\":\"https:\\\/\\\/szkolydoktorskie.uwb.edu.pl\\\/nsip\\\/#organization\"},\"potentialAction\":[{\"@type\":\"SearchAction\",\"target\":{\"@type\":\"EntryPoint\",\"urlTemplate\":\"https:\\\/\\\/szkolydoktorskie.uwb.edu.pl\\\/nsip\\\/?s={search_term_string}\"},\"query-input\":{\"@type\":\"PropertyValueSpecification\",\"valueRequired\":true,\"valueName\":\"search_term_string\"}}],\"inLanguage\":\"pl-PL\"},{\"@type\":\"Organization\",\"@id\":\"https:\\\/\\\/szkolydoktorskie.uwb.edu.pl\\\/nsip\\\/#organization\",\"name\":\"Szko\u0142a Doktorska Nauk \u015acis\u0142ych i Przyrodniczych UwB\",\"url\":\"https:\\\/\\\/szkolydoktorskie.uwb.edu.pl\\\/nsip\\\/\",\"logo\":{\"@type\":\"ImageObject\",\"inLanguage\":\"pl-PL\",\"@id\":\"https:\\\/\\\/szkolydoktorskie.uwb.edu.pl\\\/nsip\\\/#\\\/schema\\\/logo\\\/image\\\/\",\"url\":\"https:\\\/\\\/szkolydoktorskie.uwb.edu.pl\\\/nsip\\\/wp-content\\\/uploads\\\/sites\\\/4\\\/2021\\\/04\\\/cropped-LOGO-NSIP.png\",\"contentUrl\":\"https:\\\/\\\/szkolydoktorskie.uwb.edu.pl\\\/nsip\\\/wp-content\\\/uploads\\\/sites\\\/4\\\/2021\\\/04\\\/cropped-LOGO-NSIP.png\",\"width\":705,\"height\":188,\"caption\":\"Szko\u0142a Doktorska Nauk \u015acis\u0142ych i Przyrodniczych UwB\"},\"image\":{\"@id\":\"https:\\\/\\\/szkolydoktorskie.uwb.edu.pl\\\/nsip\\\/#\\\/schema\\\/logo\\\/image\\\/\"}}]}<\/script>\n<!-- \/ Yoast SEO plugin. -->","yoast_head_json":{"title":"mgr Krzysztof Czerkas - Szko\u0142a Doktorska Nauk \u015acis\u0142ych i Przyrodniczych UwB","robots":{"index":"index","follow":"follow","max-snippet":"max-snippet:-1","max-image-preview":"max-image-preview:large","max-video-preview":"max-video-preview:-1"},"canonical":"https:\/\/szkolydoktorskie.uwb.edu.pl\/nsip\/mgr-krzysztof-czerkas\/","og_locale":"pl_PL","og_type":"article","og_title":"mgr Krzysztof Czerkas - Szko\u0142a Doktorska Nauk \u015acis\u0142ych i Przyrodniczych UwB","og_description":"E-mail&nbsp; k.czerkas@uwb.edu.pl Kod ORCID 0009-0003-7548-4871 Temat rozprawy doktorskiej Promotor dr hab. Szymon S\u0119kowski, prof. UwB Promotor pomocniczy dr Ewa Olchowik-Grabarek Wydzia\u0142 \/Katedra\/Zak\u0142ad Wydzia\u0142 Biologii Dzia\u0142alno\u015b\u0107 naukowo-badawcza A.&nbsp;&nbsp;&nbsp;&nbsp;Publikacje naukowe A1. Artyku\u0142y&hellip;","og_url":"https:\/\/szkolydoktorskie.uwb.edu.pl\/nsip\/mgr-krzysztof-czerkas\/","og_site_name":"Szko\u0142a Doktorska Nauk \u015acis\u0142ych i Przyrodniczych UwB","article_modified_time":"2024-05-09T12:29:48+00:00","og_image":[{"url":"https:\/\/szkolydoktorskie.uwb.edu.pl\/nsip\/wp-content\/uploads\/sites\/4\/2024\/04\/obraz-1.png","type":"","width":"","height":""}],"twitter_card":"summary_large_image","twitter_misc":{"Szacowany czas czytania":"3 minuty"},"schema":{"@context":"https:\/\/schema.org","@graph":[{"@type":"WebPage","@id":"https:\/\/szkolydoktorskie.uwb.edu.pl\/nsip\/mgr-krzysztof-czerkas\/","url":"https:\/\/szkolydoktorskie.uwb.edu.pl\/nsip\/mgr-krzysztof-czerkas\/","name":"mgr Krzysztof Czerkas - Szko\u0142a Doktorska Nauk \u015acis\u0142ych i Przyrodniczych UwB","isPartOf":{"@id":"https:\/\/szkolydoktorskie.uwb.edu.pl\/nsip\/#website"},"primaryImageOfPage":{"@id":"https:\/\/szkolydoktorskie.uwb.edu.pl\/nsip\/mgr-krzysztof-czerkas\/#primaryimage"},"image":{"@id":"https:\/\/szkolydoktorskie.uwb.edu.pl\/nsip\/mgr-krzysztof-czerkas\/#primaryimage"},"thumbnailUrl":"https:\/\/szkolydoktorskie.uwb.edu.pl\/nsip\/wp-content\/uploads\/sites\/4\/2024\/04\/obraz-1.png","datePublished":"2024-03-27T09:16:02+00:00","dateModified":"2024-05-09T12:29:48+00:00","breadcrumb":{"@id":"https:\/\/szkolydoktorskie.uwb.edu.pl\/nsip\/mgr-krzysztof-czerkas\/#breadcrumb"},"inLanguage":"pl-PL","potentialAction":[{"@type":"ReadAction","target":["https:\/\/szkolydoktorskie.uwb.edu.pl\/nsip\/mgr-krzysztof-czerkas\/"]}]},{"@type":"ImageObject","inLanguage":"pl-PL","@id":"https:\/\/szkolydoktorskie.uwb.edu.pl\/nsip\/mgr-krzysztof-czerkas\/#primaryimage","url":"https:\/\/szkolydoktorskie.uwb.edu.pl\/nsip\/wp-content\/uploads\/sites\/4\/2024\/04\/obraz-1.png","contentUrl":"https:\/\/szkolydoktorskie.uwb.edu.pl\/nsip\/wp-content\/uploads\/sites\/4\/2024\/04\/obraz-1.png","width":386,"height":574},{"@type":"BreadcrumbList","@id":"https:\/\/szkolydoktorskie.uwb.edu.pl\/nsip\/mgr-krzysztof-czerkas\/#breadcrumb","itemListElement":[{"@type":"ListItem","position":1,"name":"Strona g\u0142\u00f3wna","item":"https:\/\/szkolydoktorskie.uwb.edu.pl\/nsip\/"},{"@type":"ListItem","position":2,"name":"mgr Krzysztof Czerkas"}]},{"@type":"WebSite","@id":"https:\/\/szkolydoktorskie.uwb.edu.pl\/nsip\/#website","url":"https:\/\/szkolydoktorskie.uwb.edu.pl\/nsip\/","name":"Szko\u0142a Doktorska Nauk \u015acis\u0142ych i Przyrodniczych UwB","description":"Szko\u0142a Doktorska Nauk \u015acis\u0142ych i Przyrodniczych UwB","publisher":{"@id":"https:\/\/szkolydoktorskie.uwb.edu.pl\/nsip\/#organization"},"potentialAction":[{"@type":"SearchAction","target":{"@type":"EntryPoint","urlTemplate":"https:\/\/szkolydoktorskie.uwb.edu.pl\/nsip\/?s={search_term_string}"},"query-input":{"@type":"PropertyValueSpecification","valueRequired":true,"valueName":"search_term_string"}}],"inLanguage":"pl-PL"},{"@type":"Organization","@id":"https:\/\/szkolydoktorskie.uwb.edu.pl\/nsip\/#organization","name":"Szko\u0142a Doktorska Nauk \u015acis\u0142ych i Przyrodniczych UwB","url":"https:\/\/szkolydoktorskie.uwb.edu.pl\/nsip\/","logo":{"@type":"ImageObject","inLanguage":"pl-PL","@id":"https:\/\/szkolydoktorskie.uwb.edu.pl\/nsip\/#\/schema\/logo\/image\/","url":"https:\/\/szkolydoktorskie.uwb.edu.pl\/nsip\/wp-content\/uploads\/sites\/4\/2021\/04\/cropped-LOGO-NSIP.png","contentUrl":"https:\/\/szkolydoktorskie.uwb.edu.pl\/nsip\/wp-content\/uploads\/sites\/4\/2021\/04\/cropped-LOGO-NSIP.png","width":705,"height":188,"caption":"Szko\u0142a Doktorska Nauk \u015acis\u0142ych i Przyrodniczych UwB"},"image":{"@id":"https:\/\/szkolydoktorskie.uwb.edu.pl\/nsip\/#\/schema\/logo\/image\/"}}]}},"_links":{"self":[{"href":"https:\/\/szkolydoktorskie.uwb.edu.pl\/nsip\/wp-json\/wp\/v2\/pages\/2993","targetHints":{"allow":["GET"]}}],"collection":[{"href":"https:\/\/szkolydoktorskie.uwb.edu.pl\/nsip\/wp-json\/wp\/v2\/pages"}],"about":[{"href":"https:\/\/szkolydoktorskie.uwb.edu.pl\/nsip\/wp-json\/wp\/v2\/types\/page"}],"author":[{"embeddable":true,"href":"https:\/\/szkolydoktorskie.uwb.edu.pl\/nsip\/wp-json\/wp\/v2\/users\/8"}],"replies":[{"embeddable":true,"href":"https:\/\/szkolydoktorskie.uwb.edu.pl\/nsip\/wp-json\/wp\/v2\/comments?post=2993"}],"version-history":[{"count":5,"href":"https:\/\/szkolydoktorskie.uwb.edu.pl\/nsip\/wp-json\/wp\/v2\/pages\/2993\/revisions"}],"predecessor-version":[{"id":3090,"href":"https:\/\/szkolydoktorskie.uwb.edu.pl\/nsip\/wp-json\/wp\/v2\/pages\/2993\/revisions\/3090"}],"wp:attachment":[{"href":"https:\/\/szkolydoktorskie.uwb.edu.pl\/nsip\/wp-json\/wp\/v2\/media?parent=2993"}],"curies":[{"name":"wp","href":"https:\/\/api.w.org\/{rel}","templated":true}]}}