{"id":2984,"date":"2024-03-27T09:28:51","date_gmt":"2024-03-27T08:28:51","guid":{"rendered":"https:\/\/szkolydoktorskie.uwb.edu.pl\/nsip\/?page_id=2984"},"modified":"2024-06-24T13:16:16","modified_gmt":"2024-06-24T11:16:16","slug":"mgr-wioleta-lewandowska","status":"publish","type":"page","link":"https:\/\/szkolydoktorskie.uwb.edu.pl\/nsip\/mgr-wioleta-lewandowska\/","title":{"rendered":"mgr Wioleta Lewandowska"},"content":{"rendered":"\n<figure class=\"wp-block-image size-large is-resized\"><img loading=\"lazy\" decoding=\"async\" width=\"683\" height=\"1024\" src=\"https:\/\/szkolydoktorskie.uwb.edu.pl\/nsip\/wp-content\/uploads\/sites\/4\/2024\/06\/Wioleta-Lewandowska-683x1024.jpg\" alt=\"\" class=\"wp-image-3165\" style=\"width:282px;height:auto\" srcset=\"https:\/\/szkolydoktorskie.uwb.edu.pl\/nsip\/wp-content\/uploads\/sites\/4\/2024\/06\/Wioleta-Lewandowska-683x1024.jpg 683w, https:\/\/szkolydoktorskie.uwb.edu.pl\/nsip\/wp-content\/uploads\/sites\/4\/2024\/06\/Wioleta-Lewandowska-200x300.jpg 200w, https:\/\/szkolydoktorskie.uwb.edu.pl\/nsip\/wp-content\/uploads\/sites\/4\/2024\/06\/Wioleta-Lewandowska-768x1152.jpg 768w, https:\/\/szkolydoktorskie.uwb.edu.pl\/nsip\/wp-content\/uploads\/sites\/4\/2024\/06\/Wioleta-Lewandowska-1024x1536.jpg 1024w, https:\/\/szkolydoktorskie.uwb.edu.pl\/nsip\/wp-content\/uploads\/sites\/4\/2024\/06\/Wioleta-Lewandowska-1365x2048.jpg 1365w, https:\/\/szkolydoktorskie.uwb.edu.pl\/nsip\/wp-content\/uploads\/sites\/4\/2024\/06\/Wioleta-Lewandowska-scaled.jpg 1707w\" sizes=\"auto, (max-width: 683px) 100vw, 683px\" \/><\/figure>\n\n\n\n<figure class=\"wp-block-table\"><table><tbody><tr><td><strong>E-mail&nbsp;<\/strong><\/td><td>w.lewandowska@uwb.edu.pl<\/td><\/tr><tr><td><strong>Kod ORCID<\/strong><\/td><td>0000-0001-7967-8292<\/td><\/tr><tr><td><strong>Temat rozprawy doktorskiej<\/strong><\/td><td>Antybiotykooporno\u015b\u0107 bakterii glebowych Bia\u0142owieskiego Parku Narodowego<\/td><\/tr><tr><td><strong>Promotor<\/strong><\/td><td>prof. dr hab. Izabela \u015awi\u0119cicka&nbsp;<\/td><\/tr><tr><td><strong>Promotor pomocniczy<\/strong><\/td><td>&nbsp;<\/td><\/tr><tr><td><strong>Wydzia\u0142 \/Katedra\/Zak\u0142ad<\/strong><\/td><td>Wydzia\u0142 Biologii, Katedra Mikrobiologii i Biotechnologii<\/td><\/tr><tr><td><strong>Dzia\u0142alno\u015b\u0107 naukowo-badawcza<\/strong><\/td><td>&nbsp;<\/td><\/tr><tr><td><strong>A.&nbsp;&nbsp;&nbsp;&nbsp;Publikacje naukowe<\/strong><\/td><td>&nbsp;<\/td><\/tr><tr><td><strong>A1. Artyku\u0142y naukowe w czasopismach<\/strong><\/td><td>Shaimerdenova U, Kaiyrmanova G, <strong>Lewandowska W<\/strong>, Bartoszewicz M, Swiecicka I, Yernazarova A. (2024) Biosurfactant and biopolymer producing microorganisms from West Kazakhstan oilfield. Scientific reports vol. 14,1 2294<\/td><\/tr><tr><td><strong>A2. Monografie naukowe\/rozdzia\u0142y w monografiach<\/strong><\/td><td><strong>Lewandowska W<\/strong>, Bartoszewicz M . (2021) Cyanobacteria &#8211; the problem of the modern world, rozdzia\u0142 w MODERN PROBLEMS AND SOLUTIONS IN ENVIRONMENT PROTECTION &#8211; 2021, Wydawnictwo Uniwersytetu w Bia\u0142ymstoku, ISBN 978-83-7431-692-7<\/td><\/tr><tr><td><strong>B. Konferencje naukowe<\/strong><\/td><td>VIII Og\u00f3lnopolska Mikrobiologiczna Konferencja Naukowa \u201eMICROBS\u201d: <strong>Lewandowska W<\/strong>, Drewnowska JM, \u015awi\u0119cicka I. Co \u0142\u0105czy bakterie \u015brodowiskowe z patogennymi? \u2013 wgl\u0105d w rezystom izolat\u00f3w Pseudomonas spp. z gleby Bia\u0142owieskiego Parku Narodowego, prezentacja ustna<\/td><\/tr><tr><td><strong>C. Granty<\/strong><\/td><td>Udzia\u0142 w projekcie \u201eSzko\u0142a M\u0142odego Naukowca Samorz\u0105dowca\u201d wsp\u00f3\u0142finansowanego ze \u015brodk\u00f3w Ministerstwa Edukacji i Nauki w ramach zadania publicznego ,,Organizowanie i animowanie dzia\u0142a\u0144 na rzecz \u015brodowiska akademickiego\u201d w 2023r.<\/td><\/tr><tr><td><strong>D. Zrealizowane sta\u017ce<\/strong><\/td><td>&nbsp;<\/td><\/tr><tr><td><strong>E. Inne aktywno\u015bci\/osi\u0105gni\u0119cia naukowe<\/strong><\/td><td><strong>Dzia\u0142alno\u015b\u0107 popularyzacyjna:<\/strong> Udzia\u0142 w projekcie ,,Szko\u0142y Doktorskie to nasza przysz\u0142o\u015b\u0107\u201d organizowanym przez Krajow\u0105 Reprezentacj\u0119 Doktorant\u00f3w ze \u015brodk\u00f3w Ministerstwa Edukacji i Nauki w ramach Programu ,,Spo\u0142eczna Odpowiedzialno\u015b\u0107 Nauki II\u201d &nbsp; <br>Organizacja warsztat\u00f3w w ramach ,,Nocy Biolog\u00f3w\u201d 13 stycznia 2023 r. &nbsp; <br>Organizacja warsztat\u00f3w w ramach ,,Marcowych Spotka\u0144 z Nauk\u0105\u201d 23-24 marca 2023 r. &nbsp;<\/td><\/tr><tr><td><strong>Inna aktywno\u015b\u0107, np. organizacyjna<\/strong><\/td><td><strong>Zorganizowane konferencje naukowe:<\/strong> <br>Og\u00f3lnopolska Interdyscyplinarna Konferencja Naukowa &#8222;Konferencja \/nie\/Naukowa&#8221; 13-14 czerwca 2024 r.\u00a0 \u00a0 <br>Og\u00f3lnopolska Konferencja ,,Naukowe Forum Doktorant\u00f3w\u201d 21 kwietnia 2023 r.\u00a0 \u00a0 <br>Og\u00f3lnopolski Kongres Samorz\u0105d\u00f3w Szk\u00f3\u0142 Doktorskich 7-8 stycznia 2022 r., online \u00a0 <br><strong>Dzia\u0142alno\u015b\u0107 w strukturach Uniwersytetu:<\/strong> <br>Od grudnia 2023 r. do grudnia 2024 r. Przewodnicz\u0105ca Rady Uczelnianej Samorz\u0105du Doktorant\u00f3w UwB Cz\u0142onek Senatu UwB \u00a0 <br><strong>W latach 2022-2023:<\/strong> <br>Cz\u0142onek Senackiej Komisji ds. Kadry Naukowej i Zatrudnienia <br>Cz\u0142onek Senackiej Komisji ds. Nauki <br>Cz\u0142onek Uczelnianej Odwo\u0142awczej Komisji Dyscyplinarnej dla Doktorant\u00f3w\u00a0 <br>Sekretarz Rady Uczelnianej Samorz\u0105du Doktorant\u00f3w <br>Wiceprzewodnicz\u0105ca Rady Doktorant\u00f3w Szko\u0142y Doktorskiej Nauk \u015acis\u0142ych i Przyrodniczych\u00a0 \u00a0 <br><strong>Dzia\u0142alno\u015b\u0107 w organach og\u00f3lnopolskich:<\/strong> <br>Cz\u0142onek Zespo\u0142u ds. Komunikacji dzia\u0142aj\u0105cego przy Krajowej Reprezentacji Doktorant\u00f3w 2023 r.<\/td><\/tr><\/tbody><\/table><\/figure>\n","protected":false},"excerpt":{"rendered":"<p>E-mail&nbsp; w.lewandowska@uwb.edu.pl Kod ORCID 0000-0001-7967-8292 Temat rozprawy doktorskiej Antybiotykooporno\u015b\u0107 bakterii glebowych Bia\u0142owieskiego Parku Narodowego Promotor prof. dr hab. Izabela \u015awi\u0119cicka&nbsp; Promotor pomocniczy &nbsp; Wydzia\u0142 \/Katedra\/Zak\u0142ad Wydzia\u0142 Biologii, Katedra Mikrobiologii i&hellip;<\/p>\n","protected":false},"author":8,"featured_media":0,"parent":0,"menu_order":0,"comment_status":"closed","ping_status":"closed","template":"","meta":{"footnotes":""},"class_list":["post-2984","page","type-page","status-publish","hentry"],"yoast_head":"<!-- This site is optimized with the Yoast SEO plugin v27.3 - https:\/\/yoast.com\/product\/yoast-seo-wordpress\/ -->\n<title>mgr Wioleta Lewandowska - Szko\u0142a Doktorska Nauk \u015acis\u0142ych i Przyrodniczych UwB<\/title>\n<meta name=\"robots\" content=\"index, follow, max-snippet:-1, max-image-preview:large, max-video-preview:-1\" \/>\n<link rel=\"canonical\" href=\"https:\/\/szkolydoktorskie.uwb.edu.pl\/nsip\/mgr-wioleta-lewandowska\/\" \/>\n<meta property=\"og:locale\" content=\"pl_PL\" \/>\n<meta property=\"og:type\" content=\"article\" \/>\n<meta property=\"og:title\" content=\"mgr Wioleta Lewandowska - Szko\u0142a Doktorska Nauk \u015acis\u0142ych i Przyrodniczych UwB\" \/>\n<meta property=\"og:description\" content=\"E-mail&nbsp; w.lewandowska@uwb.edu.pl Kod ORCID 0000-0001-7967-8292 Temat rozprawy doktorskiej Antybiotykooporno\u015b\u0107 bakterii glebowych Bia\u0142owieskiego Parku Narodowego Promotor prof. dr hab. Izabela \u015awi\u0119cicka&nbsp; Promotor pomocniczy &nbsp; Wydzia\u0142 \/Katedra\/Zak\u0142ad Wydzia\u0142 Biologii, Katedra Mikrobiologii i&hellip;\" \/>\n<meta property=\"og:url\" content=\"https:\/\/szkolydoktorskie.uwb.edu.pl\/nsip\/mgr-wioleta-lewandowska\/\" \/>\n<meta property=\"og:site_name\" content=\"Szko\u0142a Doktorska Nauk \u015acis\u0142ych i Przyrodniczych UwB\" \/>\n<meta property=\"article:modified_time\" content=\"2024-06-24T11:16:16+00:00\" \/>\n<meta property=\"og:image\" content=\"https:\/\/szkolydoktorskie.uwb.edu.pl\/nsip\/wp-content\/uploads\/sites\/4\/2024\/06\/Wioleta-Lewandowska-683x1024.jpg\" \/>\n<meta name=\"twitter:card\" content=\"summary_large_image\" \/>\n<meta name=\"twitter:label1\" content=\"Szacowany czas czytania\" \/>\n\t<meta name=\"twitter:data1\" content=\"3 minuty\" \/>\n<script type=\"application\/ld+json\" class=\"yoast-schema-graph\">{\"@context\":\"https:\\\/\\\/schema.org\",\"@graph\":[{\"@type\":\"WebPage\",\"@id\":\"https:\\\/\\\/szkolydoktorskie.uwb.edu.pl\\\/nsip\\\/mgr-wioleta-lewandowska\\\/\",\"url\":\"https:\\\/\\\/szkolydoktorskie.uwb.edu.pl\\\/nsip\\\/mgr-wioleta-lewandowska\\\/\",\"name\":\"mgr Wioleta Lewandowska - Szko\u0142a Doktorska Nauk \u015acis\u0142ych i Przyrodniczych UwB\",\"isPartOf\":{\"@id\":\"https:\\\/\\\/szkolydoktorskie.uwb.edu.pl\\\/nsip\\\/#website\"},\"primaryImageOfPage\":{\"@id\":\"https:\\\/\\\/szkolydoktorskie.uwb.edu.pl\\\/nsip\\\/mgr-wioleta-lewandowska\\\/#primaryimage\"},\"image\":{\"@id\":\"https:\\\/\\\/szkolydoktorskie.uwb.edu.pl\\\/nsip\\\/mgr-wioleta-lewandowska\\\/#primaryimage\"},\"thumbnailUrl\":\"https:\\\/\\\/szkolydoktorskie.uwb.edu.pl\\\/nsip\\\/wp-content\\\/uploads\\\/sites\\\/4\\\/2024\\\/06\\\/Wioleta-Lewandowska-683x1024.jpg\",\"datePublished\":\"2024-03-27T08:28:51+00:00\",\"dateModified\":\"2024-06-24T11:16:16+00:00\",\"breadcrumb\":{\"@id\":\"https:\\\/\\\/szkolydoktorskie.uwb.edu.pl\\\/nsip\\\/mgr-wioleta-lewandowska\\\/#breadcrumb\"},\"inLanguage\":\"pl-PL\",\"potentialAction\":[{\"@type\":\"ReadAction\",\"target\":[\"https:\\\/\\\/szkolydoktorskie.uwb.edu.pl\\\/nsip\\\/mgr-wioleta-lewandowska\\\/\"]}]},{\"@type\":\"ImageObject\",\"inLanguage\":\"pl-PL\",\"@id\":\"https:\\\/\\\/szkolydoktorskie.uwb.edu.pl\\\/nsip\\\/mgr-wioleta-lewandowska\\\/#primaryimage\",\"url\":\"https:\\\/\\\/szkolydoktorskie.uwb.edu.pl\\\/nsip\\\/wp-content\\\/uploads\\\/sites\\\/4\\\/2024\\\/06\\\/Wioleta-Lewandowska-scaled.jpg\",\"contentUrl\":\"https:\\\/\\\/szkolydoktorskie.uwb.edu.pl\\\/nsip\\\/wp-content\\\/uploads\\\/sites\\\/4\\\/2024\\\/06\\\/Wioleta-Lewandowska-scaled.jpg\",\"width\":1707,\"height\":2560},{\"@type\":\"BreadcrumbList\",\"@id\":\"https:\\\/\\\/szkolydoktorskie.uwb.edu.pl\\\/nsip\\\/mgr-wioleta-lewandowska\\\/#breadcrumb\",\"itemListElement\":[{\"@type\":\"ListItem\",\"position\":1,\"name\":\"Strona g\u0142\u00f3wna\",\"item\":\"https:\\\/\\\/szkolydoktorskie.uwb.edu.pl\\\/nsip\\\/\"},{\"@type\":\"ListItem\",\"position\":2,\"name\":\"mgr Wioleta Lewandowska\"}]},{\"@type\":\"WebSite\",\"@id\":\"https:\\\/\\\/szkolydoktorskie.uwb.edu.pl\\\/nsip\\\/#website\",\"url\":\"https:\\\/\\\/szkolydoktorskie.uwb.edu.pl\\\/nsip\\\/\",\"name\":\"Szko\u0142a Doktorska Nauk \u015acis\u0142ych i Przyrodniczych UwB\",\"description\":\"Szko\u0142a Doktorska Nauk \u015acis\u0142ych i Przyrodniczych UwB\",\"publisher\":{\"@id\":\"https:\\\/\\\/szkolydoktorskie.uwb.edu.pl\\\/nsip\\\/#organization\"},\"potentialAction\":[{\"@type\":\"SearchAction\",\"target\":{\"@type\":\"EntryPoint\",\"urlTemplate\":\"https:\\\/\\\/szkolydoktorskie.uwb.edu.pl\\\/nsip\\\/?s={search_term_string}\"},\"query-input\":{\"@type\":\"PropertyValueSpecification\",\"valueRequired\":true,\"valueName\":\"search_term_string\"}}],\"inLanguage\":\"pl-PL\"},{\"@type\":\"Organization\",\"@id\":\"https:\\\/\\\/szkolydoktorskie.uwb.edu.pl\\\/nsip\\\/#organization\",\"name\":\"Szko\u0142a Doktorska Nauk \u015acis\u0142ych i Przyrodniczych UwB\",\"url\":\"https:\\\/\\\/szkolydoktorskie.uwb.edu.pl\\\/nsip\\\/\",\"logo\":{\"@type\":\"ImageObject\",\"inLanguage\":\"pl-PL\",\"@id\":\"https:\\\/\\\/szkolydoktorskie.uwb.edu.pl\\\/nsip\\\/#\\\/schema\\\/logo\\\/image\\\/\",\"url\":\"https:\\\/\\\/szkolydoktorskie.uwb.edu.pl\\\/nsip\\\/wp-content\\\/uploads\\\/sites\\\/4\\\/2021\\\/04\\\/cropped-LOGO-NSIP.png\",\"contentUrl\":\"https:\\\/\\\/szkolydoktorskie.uwb.edu.pl\\\/nsip\\\/wp-content\\\/uploads\\\/sites\\\/4\\\/2021\\\/04\\\/cropped-LOGO-NSIP.png\",\"width\":705,\"height\":188,\"caption\":\"Szko\u0142a Doktorska Nauk \u015acis\u0142ych i Przyrodniczych UwB\"},\"image\":{\"@id\":\"https:\\\/\\\/szkolydoktorskie.uwb.edu.pl\\\/nsip\\\/#\\\/schema\\\/logo\\\/image\\\/\"}}]}<\/script>\n<!-- \/ Yoast SEO plugin. -->","yoast_head_json":{"title":"mgr Wioleta Lewandowska - Szko\u0142a Doktorska Nauk \u015acis\u0142ych i Przyrodniczych UwB","robots":{"index":"index","follow":"follow","max-snippet":"max-snippet:-1","max-image-preview":"max-image-preview:large","max-video-preview":"max-video-preview:-1"},"canonical":"https:\/\/szkolydoktorskie.uwb.edu.pl\/nsip\/mgr-wioleta-lewandowska\/","og_locale":"pl_PL","og_type":"article","og_title":"mgr Wioleta Lewandowska - Szko\u0142a Doktorska Nauk \u015acis\u0142ych i Przyrodniczych UwB","og_description":"E-mail&nbsp; w.lewandowska@uwb.edu.pl Kod ORCID 0000-0001-7967-8292 Temat rozprawy doktorskiej Antybiotykooporno\u015b\u0107 bakterii glebowych Bia\u0142owieskiego Parku Narodowego Promotor prof. dr hab. Izabela \u015awi\u0119cicka&nbsp; Promotor pomocniczy &nbsp; Wydzia\u0142 \/Katedra\/Zak\u0142ad Wydzia\u0142 Biologii, Katedra Mikrobiologii i&hellip;","og_url":"https:\/\/szkolydoktorskie.uwb.edu.pl\/nsip\/mgr-wioleta-lewandowska\/","og_site_name":"Szko\u0142a Doktorska Nauk \u015acis\u0142ych i Przyrodniczych UwB","article_modified_time":"2024-06-24T11:16:16+00:00","og_image":[{"url":"https:\/\/szkolydoktorskie.uwb.edu.pl\/nsip\/wp-content\/uploads\/sites\/4\/2024\/06\/Wioleta-Lewandowska-683x1024.jpg","type":"","width":"","height":""}],"twitter_card":"summary_large_image","twitter_misc":{"Szacowany czas czytania":"3 minuty"},"schema":{"@context":"https:\/\/schema.org","@graph":[{"@type":"WebPage","@id":"https:\/\/szkolydoktorskie.uwb.edu.pl\/nsip\/mgr-wioleta-lewandowska\/","url":"https:\/\/szkolydoktorskie.uwb.edu.pl\/nsip\/mgr-wioleta-lewandowska\/","name":"mgr Wioleta Lewandowska - Szko\u0142a Doktorska Nauk \u015acis\u0142ych i Przyrodniczych UwB","isPartOf":{"@id":"https:\/\/szkolydoktorskie.uwb.edu.pl\/nsip\/#website"},"primaryImageOfPage":{"@id":"https:\/\/szkolydoktorskie.uwb.edu.pl\/nsip\/mgr-wioleta-lewandowska\/#primaryimage"},"image":{"@id":"https:\/\/szkolydoktorskie.uwb.edu.pl\/nsip\/mgr-wioleta-lewandowska\/#primaryimage"},"thumbnailUrl":"https:\/\/szkolydoktorskie.uwb.edu.pl\/nsip\/wp-content\/uploads\/sites\/4\/2024\/06\/Wioleta-Lewandowska-683x1024.jpg","datePublished":"2024-03-27T08:28:51+00:00","dateModified":"2024-06-24T11:16:16+00:00","breadcrumb":{"@id":"https:\/\/szkolydoktorskie.uwb.edu.pl\/nsip\/mgr-wioleta-lewandowska\/#breadcrumb"},"inLanguage":"pl-PL","potentialAction":[{"@type":"ReadAction","target":["https:\/\/szkolydoktorskie.uwb.edu.pl\/nsip\/mgr-wioleta-lewandowska\/"]}]},{"@type":"ImageObject","inLanguage":"pl-PL","@id":"https:\/\/szkolydoktorskie.uwb.edu.pl\/nsip\/mgr-wioleta-lewandowska\/#primaryimage","url":"https:\/\/szkolydoktorskie.uwb.edu.pl\/nsip\/wp-content\/uploads\/sites\/4\/2024\/06\/Wioleta-Lewandowska-scaled.jpg","contentUrl":"https:\/\/szkolydoktorskie.uwb.edu.pl\/nsip\/wp-content\/uploads\/sites\/4\/2024\/06\/Wioleta-Lewandowska-scaled.jpg","width":1707,"height":2560},{"@type":"BreadcrumbList","@id":"https:\/\/szkolydoktorskie.uwb.edu.pl\/nsip\/mgr-wioleta-lewandowska\/#breadcrumb","itemListElement":[{"@type":"ListItem","position":1,"name":"Strona g\u0142\u00f3wna","item":"https:\/\/szkolydoktorskie.uwb.edu.pl\/nsip\/"},{"@type":"ListItem","position":2,"name":"mgr Wioleta Lewandowska"}]},{"@type":"WebSite","@id":"https:\/\/szkolydoktorskie.uwb.edu.pl\/nsip\/#website","url":"https:\/\/szkolydoktorskie.uwb.edu.pl\/nsip\/","name":"Szko\u0142a Doktorska Nauk \u015acis\u0142ych i Przyrodniczych UwB","description":"Szko\u0142a Doktorska Nauk \u015acis\u0142ych i Przyrodniczych UwB","publisher":{"@id":"https:\/\/szkolydoktorskie.uwb.edu.pl\/nsip\/#organization"},"potentialAction":[{"@type":"SearchAction","target":{"@type":"EntryPoint","urlTemplate":"https:\/\/szkolydoktorskie.uwb.edu.pl\/nsip\/?s={search_term_string}"},"query-input":{"@type":"PropertyValueSpecification","valueRequired":true,"valueName":"search_term_string"}}],"inLanguage":"pl-PL"},{"@type":"Organization","@id":"https:\/\/szkolydoktorskie.uwb.edu.pl\/nsip\/#organization","name":"Szko\u0142a Doktorska Nauk \u015acis\u0142ych i Przyrodniczych UwB","url":"https:\/\/szkolydoktorskie.uwb.edu.pl\/nsip\/","logo":{"@type":"ImageObject","inLanguage":"pl-PL","@id":"https:\/\/szkolydoktorskie.uwb.edu.pl\/nsip\/#\/schema\/logo\/image\/","url":"https:\/\/szkolydoktorskie.uwb.edu.pl\/nsip\/wp-content\/uploads\/sites\/4\/2021\/04\/cropped-LOGO-NSIP.png","contentUrl":"https:\/\/szkolydoktorskie.uwb.edu.pl\/nsip\/wp-content\/uploads\/sites\/4\/2021\/04\/cropped-LOGO-NSIP.png","width":705,"height":188,"caption":"Szko\u0142a Doktorska Nauk \u015acis\u0142ych i Przyrodniczych UwB"},"image":{"@id":"https:\/\/szkolydoktorskie.uwb.edu.pl\/nsip\/#\/schema\/logo\/image\/"}}]}},"_links":{"self":[{"href":"https:\/\/szkolydoktorskie.uwb.edu.pl\/nsip\/wp-json\/wp\/v2\/pages\/2984","targetHints":{"allow":["GET"]}}],"collection":[{"href":"https:\/\/szkolydoktorskie.uwb.edu.pl\/nsip\/wp-json\/wp\/v2\/pages"}],"about":[{"href":"https:\/\/szkolydoktorskie.uwb.edu.pl\/nsip\/wp-json\/wp\/v2\/types\/page"}],"author":[{"embeddable":true,"href":"https:\/\/szkolydoktorskie.uwb.edu.pl\/nsip\/wp-json\/wp\/v2\/users\/8"}],"replies":[{"embeddable":true,"href":"https:\/\/szkolydoktorskie.uwb.edu.pl\/nsip\/wp-json\/wp\/v2\/comments?post=2984"}],"version-history":[{"count":3,"href":"https:\/\/szkolydoktorskie.uwb.edu.pl\/nsip\/wp-json\/wp\/v2\/pages\/2984\/revisions"}],"predecessor-version":[{"id":3168,"href":"https:\/\/szkolydoktorskie.uwb.edu.pl\/nsip\/wp-json\/wp\/v2\/pages\/2984\/revisions\/3168"}],"wp:attachment":[{"href":"https:\/\/szkolydoktorskie.uwb.edu.pl\/nsip\/wp-json\/wp\/v2\/media?parent=2984"}],"curies":[{"name":"wp","href":"https:\/\/api.w.org\/{rel}","templated":true}]}}