{"id":2916,"date":"2024-03-05T08:40:56","date_gmt":"2024-03-05T07:40:56","guid":{"rendered":"https:\/\/szkolydoktorskie.uwb.edu.pl\/nsip\/?page_id=2916"},"modified":"2024-09-13T14:34:07","modified_gmt":"2024-09-13T12:34:07","slug":"nauki-chemiczne-2024-25","status":"publish","type":"page","link":"https:\/\/szkolydoktorskie.uwb.edu.pl\/nsip\/nauki-chemiczne-2024-25\/","title":{"rendered":"Nauki chemiczne 2024\/25"},"content":{"rendered":"\n<figure class=\"wp-block-table\"><table><tbody><tr><td><strong>Lp.<\/strong><\/td><td><strong>Imi\u0119 i nazwisko, tytu\u0142 naukowy, e-mail<\/strong><\/td><td><strong>Obszar bada\u0144, tematyka badawcza<\/strong><\/td><\/tr><tr><td><strong>1.<\/strong><\/td><td><a href=\"https:\/\/chemia.uwb.edu.pl\/pracownia-bioanalizy\/kierownik\/ewa-gorodkiewicz\">prof. dr hab. Ewa Gorodkiewicz<\/a><br> ewka@uwb.edu.pl<\/td><td>Biosensory SPRi, Biomarkery chor\u00f3b cywilizacyjnych<\/td><\/tr><tr><td><strong>2.<\/strong><\/td><td><a href=\"https:\/\/chemia.uwb.edu.pl\/pracownia-chemii-srodowiska\/kierownik\/joanna-karpinska\">prof. dr hab. Joanna Karpi\u0144ska <\/a>joasia@uwb.edu.pl<\/td><td>Badanie efektywno\u015bci usuwania mikroplastik\u00f3w z w\u00f3d za pomoc\u0105 proces\u00f3w biodegradacji oraz metod pog\u0142\u0119bionego utleniania (obszar: chemia, chemia \u015brodowiska, mikrobiologia, toksykologia)<\/td><\/tr><tr><td><strong>3.<\/strong><\/td><td><a href=\"https:\/\/chemia.uwb.edu.pl\/pracownia-chemii-organicznej-i-supramolekularnej\/kierownik\/izabella-jastrzebska\">dr hab. Izabella Jastrz\u0119bska, prof. UwB <\/a><br>gierdas@uwb.edu.pl <br>Promotor pomocniczy: <br><a href=\"https:\/\/old.chemia.uwb.edu.pl\/pracownicy\/marta-malinowska-16\/\">dr Marta Malinowska<\/a> <br>m.malinowska@uwb.edu.pl<\/td><td>Kompleksy metali przej\u015bciowych z wi\u0105zaniem wielokrotnym C-C \u2013 synteza, struktura, aktywno\u015b\u0107.&nbsp;<\/td><\/tr><tr><td><strong>4.<\/strong><\/td><td><a href=\"https:\/\/chemia.uwb.edu.pl\/zaklad-chemii-strukturalnej\/kierownik\/artur-ratkiewicz\">dr hab. Artur Ratkiewicz, prof. UwB <\/a><br>artrat@uwb.edu.pl<\/td><td>1. Kinetyka chemiczna <br>2. Komputerowe wspomaganie projektowania lek\u00f3w<\/td><\/tr><tr><td><strong>5.<\/strong><\/td><td><a href=\"https:\/\/chemia.uwb.edu.pl\/zaklad-chemii-produktow-naturalnych\/pracownicy\/piotr-walejko\">dr hab. Piotr Wa\u0142ejko, prof. UwB<\/a> pwalejko@uwb.edu.pl <br>Promotor pomocniczy: <br><a href=\"https:\/\/chemia.uwb.edu.pl\/zaklad-chemii-produktow-naturalnych\/pracownicy\/aneta-baj\">dr Aneta Baj<\/a> <br>aneta.baj@uwb.edu.pl &nbsp; &nbsp;<\/td><td>Synteza oraz badania fizykochemiczne po\u0142\u0105cze\u0144 kwas\u00f3w sjalowych z wybranymi fluoroforami &#8211; fluoroanalogi kwas\u00f3w sjalowych o w\u0142a\u015bciwo\u015bciach inhibituj\u0105cych w stosunku do sjalidaz. Wykorzystanie uzyskanych koniugat\u00f3w w badaniach na wybranych liniach kom\u00f3rek nowotworowych. \u00a0<\/td><\/tr><tr><td>6.<\/td><td><a href=\"https:\/\/chemia.uwb.edu.pl\/zaklad-chemii-produktow-naturalnych\/pracownicy\/piotr-walejko\">dr hab. Piotr Wa\u0142ejko, prof. UwB<\/a> <br>pwalejko@uwb.edu.pl<br>Promotor&nbsp;pomocniczy:&nbsp;<br><a href=\"https:\/\/chemia.uwb.edu.pl\/zaklad-chemii-produktow-naturalnych\/pracownicy\/dorota-czajkowska-szczykowska\">dr&nbsp;Dorota&nbsp;Czajkowska-Szczykowska<\/a><br>dorotac@uwb.edu.pl<\/td><td>Fotoindukowane&nbsp;steroidowe&nbsp;prze\u0142\u0105czniki&nbsp;molekularne<\/td><\/tr><tr><td><strong>7.<\/strong><\/td><td><a href=\"https:\/\/chemia.uwb.edu.pl\/zaklad-chemii-materialow\/pracownicy\/emilia-gradzka\">dr hab. Emilia Gr\u0105dzka <\/a><br>emilia@uwb.edu.pl<\/td><td>Wykorzystanie elektrod magnetycznych w badaniach w\u0142a\u015bciwo\u015bci elektrochemicznych polimer\u00f3w i w analizie zwi\u0105zk\u00f3w aktywnych biologicznie.&nbsp;<\/td><\/tr><tr><td><strong>8.<\/strong><\/td><td><a href=\"https:\/\/chemia.uwb.edu.pl\/zaklad-chemii-materialow\/kierownik\/krzysztof-winkler\">prof. dr hab. Krzysztof Winkler <\/a><br>winkler@uwb.edu.pl<\/td><td>Uk\u0142ady hybrydowe z udzia\u0142em nanocz\u0105stek magnetycznych oraz grafenowych nanokropek kwantowych.<\/td><\/tr><tr><td><strong>9.<\/strong><\/td><td><a href=\"https:\/\/chemia.uwb.edu.pl\/pracownia-chemii-srodowiska\/pracownicy\/urszula-kotowska\">dr hab. Urszula Kotowska<\/a><br>ukrajew@uwb.edu.pl<br><\/td><td>U\u017cyteczno\u015b\u0107 wybranych alg i kwasu peroxyoctowego w procesie oczyszczania w\u00f3d z mikroplastik\u00f3w<\/td><\/tr><\/tbody><\/table><\/figure>\n\n\n\n<p><\/p>\n\n\n\n<p><\/p>\n","protected":false},"excerpt":{"rendered":"<p>Lp. Imi\u0119 i nazwisko, tytu\u0142 naukowy, e-mail Obszar bada\u0144, tematyka badawcza 1. prof. dr hab. Ewa Gorodkiewicz ewka@uwb.edu.pl Biosensory SPRi, Biomarkery chor\u00f3b cywilizacyjnych 2. prof. dr hab. Joanna Karpi\u0144ska joasia@uwb.edu.pl&hellip;<\/p>\n","protected":false},"author":8,"featured_media":0,"parent":0,"menu_order":0,"comment_status":"closed","ping_status":"closed","template":"","meta":{"footnotes":""},"class_list":["post-2916","page","type-page","status-publish","hentry"],"yoast_head":"<!-- This site is optimized with the Yoast SEO plugin v27.3 - https:\/\/yoast.com\/product\/yoast-seo-wordpress\/ -->\n<title>Nauki chemiczne 2024\/25 - Szko\u0142a Doktorska Nauk \u015acis\u0142ych i Przyrodniczych UwB<\/title>\n<meta name=\"robots\" content=\"index, follow, max-snippet:-1, max-image-preview:large, max-video-preview:-1\" \/>\n<link rel=\"canonical\" href=\"https:\/\/szkolydoktorskie.uwb.edu.pl\/nsip\/nauki-chemiczne-2024-25\/\" \/>\n<meta property=\"og:locale\" content=\"pl_PL\" \/>\n<meta property=\"og:type\" content=\"article\" \/>\n<meta property=\"og:title\" content=\"Nauki chemiczne 2024\/25 - Szko\u0142a Doktorska Nauk \u015acis\u0142ych i Przyrodniczych UwB\" \/>\n<meta property=\"og:description\" content=\"Lp. Imi\u0119 i nazwisko, tytu\u0142 naukowy, e-mail Obszar bada\u0144, tematyka badawcza 1. prof. dr hab. Ewa Gorodkiewicz ewka@uwb.edu.pl Biosensory SPRi, Biomarkery chor\u00f3b cywilizacyjnych 2. prof. dr hab. Joanna Karpi\u0144ska joasia@uwb.edu.pl&hellip;\" \/>\n<meta property=\"og:url\" content=\"https:\/\/szkolydoktorskie.uwb.edu.pl\/nsip\/nauki-chemiczne-2024-25\/\" \/>\n<meta property=\"og:site_name\" content=\"Szko\u0142a Doktorska Nauk \u015acis\u0142ych i Przyrodniczych UwB\" \/>\n<meta property=\"article:modified_time\" content=\"2024-09-13T12:34:07+00:00\" \/>\n<meta name=\"twitter:card\" content=\"summary_large_image\" \/>\n<meta name=\"twitter:label1\" content=\"Szacowany czas czytania\" \/>\n\t<meta name=\"twitter:data1\" content=\"2 minuty\" \/>\n<script type=\"application\/ld+json\" class=\"yoast-schema-graph\">{\"@context\":\"https:\\\/\\\/schema.org\",\"@graph\":[{\"@type\":\"WebPage\",\"@id\":\"https:\\\/\\\/szkolydoktorskie.uwb.edu.pl\\\/nsip\\\/nauki-chemiczne-2024-25\\\/\",\"url\":\"https:\\\/\\\/szkolydoktorskie.uwb.edu.pl\\\/nsip\\\/nauki-chemiczne-2024-25\\\/\",\"name\":\"Nauki chemiczne 2024\\\/25 - Szko\u0142a Doktorska Nauk \u015acis\u0142ych i Przyrodniczych UwB\",\"isPartOf\":{\"@id\":\"https:\\\/\\\/szkolydoktorskie.uwb.edu.pl\\\/nsip\\\/#website\"},\"datePublished\":\"2024-03-05T07:40:56+00:00\",\"dateModified\":\"2024-09-13T12:34:07+00:00\",\"breadcrumb\":{\"@id\":\"https:\\\/\\\/szkolydoktorskie.uwb.edu.pl\\\/nsip\\\/nauki-chemiczne-2024-25\\\/#breadcrumb\"},\"inLanguage\":\"pl-PL\",\"potentialAction\":[{\"@type\":\"ReadAction\",\"target\":[\"https:\\\/\\\/szkolydoktorskie.uwb.edu.pl\\\/nsip\\\/nauki-chemiczne-2024-25\\\/\"]}]},{\"@type\":\"BreadcrumbList\",\"@id\":\"https:\\\/\\\/szkolydoktorskie.uwb.edu.pl\\\/nsip\\\/nauki-chemiczne-2024-25\\\/#breadcrumb\",\"itemListElement\":[{\"@type\":\"ListItem\",\"position\":1,\"name\":\"Strona g\u0142\u00f3wna\",\"item\":\"https:\\\/\\\/szkolydoktorskie.uwb.edu.pl\\\/nsip\\\/\"},{\"@type\":\"ListItem\",\"position\":2,\"name\":\"Nauki chemiczne 2024\\\/25\"}]},{\"@type\":\"WebSite\",\"@id\":\"https:\\\/\\\/szkolydoktorskie.uwb.edu.pl\\\/nsip\\\/#website\",\"url\":\"https:\\\/\\\/szkolydoktorskie.uwb.edu.pl\\\/nsip\\\/\",\"name\":\"Szko\u0142a Doktorska Nauk \u015acis\u0142ych i Przyrodniczych UwB\",\"description\":\"Szko\u0142a Doktorska Nauk \u015acis\u0142ych i Przyrodniczych UwB\",\"publisher\":{\"@id\":\"https:\\\/\\\/szkolydoktorskie.uwb.edu.pl\\\/nsip\\\/#organization\"},\"potentialAction\":[{\"@type\":\"SearchAction\",\"target\":{\"@type\":\"EntryPoint\",\"urlTemplate\":\"https:\\\/\\\/szkolydoktorskie.uwb.edu.pl\\\/nsip\\\/?s={search_term_string}\"},\"query-input\":{\"@type\":\"PropertyValueSpecification\",\"valueRequired\":true,\"valueName\":\"search_term_string\"}}],\"inLanguage\":\"pl-PL\"},{\"@type\":\"Organization\",\"@id\":\"https:\\\/\\\/szkolydoktorskie.uwb.edu.pl\\\/nsip\\\/#organization\",\"name\":\"Szko\u0142a Doktorska Nauk \u015acis\u0142ych i Przyrodniczych UwB\",\"url\":\"https:\\\/\\\/szkolydoktorskie.uwb.edu.pl\\\/nsip\\\/\",\"logo\":{\"@type\":\"ImageObject\",\"inLanguage\":\"pl-PL\",\"@id\":\"https:\\\/\\\/szkolydoktorskie.uwb.edu.pl\\\/nsip\\\/#\\\/schema\\\/logo\\\/image\\\/\",\"url\":\"https:\\\/\\\/szkolydoktorskie.uwb.edu.pl\\\/nsip\\\/wp-content\\\/uploads\\\/sites\\\/4\\\/2021\\\/04\\\/cropped-LOGO-NSIP.png\",\"contentUrl\":\"https:\\\/\\\/szkolydoktorskie.uwb.edu.pl\\\/nsip\\\/wp-content\\\/uploads\\\/sites\\\/4\\\/2021\\\/04\\\/cropped-LOGO-NSIP.png\",\"width\":705,\"height\":188,\"caption\":\"Szko\u0142a Doktorska Nauk \u015acis\u0142ych i Przyrodniczych UwB\"},\"image\":{\"@id\":\"https:\\\/\\\/szkolydoktorskie.uwb.edu.pl\\\/nsip\\\/#\\\/schema\\\/logo\\\/image\\\/\"}}]}<\/script>\n<!-- \/ Yoast SEO plugin. -->","yoast_head_json":{"title":"Nauki chemiczne 2024\/25 - Szko\u0142a Doktorska Nauk \u015acis\u0142ych i Przyrodniczych UwB","robots":{"index":"index","follow":"follow","max-snippet":"max-snippet:-1","max-image-preview":"max-image-preview:large","max-video-preview":"max-video-preview:-1"},"canonical":"https:\/\/szkolydoktorskie.uwb.edu.pl\/nsip\/nauki-chemiczne-2024-25\/","og_locale":"pl_PL","og_type":"article","og_title":"Nauki chemiczne 2024\/25 - Szko\u0142a Doktorska Nauk \u015acis\u0142ych i Przyrodniczych UwB","og_description":"Lp. Imi\u0119 i nazwisko, tytu\u0142 naukowy, e-mail Obszar bada\u0144, tematyka badawcza 1. prof. dr hab. Ewa Gorodkiewicz ewka@uwb.edu.pl Biosensory SPRi, Biomarkery chor\u00f3b cywilizacyjnych 2. prof. dr hab. Joanna Karpi\u0144ska joasia@uwb.edu.pl&hellip;","og_url":"https:\/\/szkolydoktorskie.uwb.edu.pl\/nsip\/nauki-chemiczne-2024-25\/","og_site_name":"Szko\u0142a Doktorska Nauk \u015acis\u0142ych i Przyrodniczych UwB","article_modified_time":"2024-09-13T12:34:07+00:00","twitter_card":"summary_large_image","twitter_misc":{"Szacowany czas czytania":"2 minuty"},"schema":{"@context":"https:\/\/schema.org","@graph":[{"@type":"WebPage","@id":"https:\/\/szkolydoktorskie.uwb.edu.pl\/nsip\/nauki-chemiczne-2024-25\/","url":"https:\/\/szkolydoktorskie.uwb.edu.pl\/nsip\/nauki-chemiczne-2024-25\/","name":"Nauki chemiczne 2024\/25 - Szko\u0142a Doktorska Nauk \u015acis\u0142ych i Przyrodniczych UwB","isPartOf":{"@id":"https:\/\/szkolydoktorskie.uwb.edu.pl\/nsip\/#website"},"datePublished":"2024-03-05T07:40:56+00:00","dateModified":"2024-09-13T12:34:07+00:00","breadcrumb":{"@id":"https:\/\/szkolydoktorskie.uwb.edu.pl\/nsip\/nauki-chemiczne-2024-25\/#breadcrumb"},"inLanguage":"pl-PL","potentialAction":[{"@type":"ReadAction","target":["https:\/\/szkolydoktorskie.uwb.edu.pl\/nsip\/nauki-chemiczne-2024-25\/"]}]},{"@type":"BreadcrumbList","@id":"https:\/\/szkolydoktorskie.uwb.edu.pl\/nsip\/nauki-chemiczne-2024-25\/#breadcrumb","itemListElement":[{"@type":"ListItem","position":1,"name":"Strona g\u0142\u00f3wna","item":"https:\/\/szkolydoktorskie.uwb.edu.pl\/nsip\/"},{"@type":"ListItem","position":2,"name":"Nauki chemiczne 2024\/25"}]},{"@type":"WebSite","@id":"https:\/\/szkolydoktorskie.uwb.edu.pl\/nsip\/#website","url":"https:\/\/szkolydoktorskie.uwb.edu.pl\/nsip\/","name":"Szko\u0142a Doktorska Nauk \u015acis\u0142ych i Przyrodniczych UwB","description":"Szko\u0142a Doktorska Nauk \u015acis\u0142ych i Przyrodniczych UwB","publisher":{"@id":"https:\/\/szkolydoktorskie.uwb.edu.pl\/nsip\/#organization"},"potentialAction":[{"@type":"SearchAction","target":{"@type":"EntryPoint","urlTemplate":"https:\/\/szkolydoktorskie.uwb.edu.pl\/nsip\/?s={search_term_string}"},"query-input":{"@type":"PropertyValueSpecification","valueRequired":true,"valueName":"search_term_string"}}],"inLanguage":"pl-PL"},{"@type":"Organization","@id":"https:\/\/szkolydoktorskie.uwb.edu.pl\/nsip\/#organization","name":"Szko\u0142a Doktorska Nauk \u015acis\u0142ych i Przyrodniczych UwB","url":"https:\/\/szkolydoktorskie.uwb.edu.pl\/nsip\/","logo":{"@type":"ImageObject","inLanguage":"pl-PL","@id":"https:\/\/szkolydoktorskie.uwb.edu.pl\/nsip\/#\/schema\/logo\/image\/","url":"https:\/\/szkolydoktorskie.uwb.edu.pl\/nsip\/wp-content\/uploads\/sites\/4\/2021\/04\/cropped-LOGO-NSIP.png","contentUrl":"https:\/\/szkolydoktorskie.uwb.edu.pl\/nsip\/wp-content\/uploads\/sites\/4\/2021\/04\/cropped-LOGO-NSIP.png","width":705,"height":188,"caption":"Szko\u0142a Doktorska Nauk \u015acis\u0142ych i Przyrodniczych UwB"},"image":{"@id":"https:\/\/szkolydoktorskie.uwb.edu.pl\/nsip\/#\/schema\/logo\/image\/"}}]}},"_links":{"self":[{"href":"https:\/\/szkolydoktorskie.uwb.edu.pl\/nsip\/wp-json\/wp\/v2\/pages\/2916","targetHints":{"allow":["GET"]}}],"collection":[{"href":"https:\/\/szkolydoktorskie.uwb.edu.pl\/nsip\/wp-json\/wp\/v2\/pages"}],"about":[{"href":"https:\/\/szkolydoktorskie.uwb.edu.pl\/nsip\/wp-json\/wp\/v2\/types\/page"}],"author":[{"embeddable":true,"href":"https:\/\/szkolydoktorskie.uwb.edu.pl\/nsip\/wp-json\/wp\/v2\/users\/8"}],"replies":[{"embeddable":true,"href":"https:\/\/szkolydoktorskie.uwb.edu.pl\/nsip\/wp-json\/wp\/v2\/comments?post=2916"}],"version-history":[{"count":14,"href":"https:\/\/szkolydoktorskie.uwb.edu.pl\/nsip\/wp-json\/wp\/v2\/pages\/2916\/revisions"}],"predecessor-version":[{"id":3221,"href":"https:\/\/szkolydoktorskie.uwb.edu.pl\/nsip\/wp-json\/wp\/v2\/pages\/2916\/revisions\/3221"}],"wp:attachment":[{"href":"https:\/\/szkolydoktorskie.uwb.edu.pl\/nsip\/wp-json\/wp\/v2\/media?parent=2916"}],"curies":[{"name":"wp","href":"https:\/\/api.w.org\/{rel}","templated":true}]}}