{"id":2913,"date":"2024-03-05T08:25:05","date_gmt":"2024-03-05T07:25:05","guid":{"rendered":"https:\/\/szkolydoktorskie.uwb.edu.pl\/nsip\/?page_id=2913"},"modified":"2024-06-14T11:47:12","modified_gmt":"2024-06-14T09:47:12","slug":"nauki-biologiczne-2024-25","status":"publish","type":"page","link":"https:\/\/szkolydoktorskie.uwb.edu.pl\/nsip\/nauki-biologiczne-2024-25\/","title":{"rendered":"Nauki biologiczne 2024\/25"},"content":{"rendered":"\n<figure class=\"wp-block-table\"><table><tbody><tr><td><strong>Lp.<\/strong><\/td><td><strong>Imi\u0119 i nazwisko, tytu\u0142 naukowy, e-mail<\/strong><\/td><td><strong>Obszar bada\u0144, tematyka badawcza<\/strong><\/td><\/tr><tr><td><strong>1.<\/strong><\/td><td><a href=\"https:\/\/biologia.uwb.edu.pl\/wydzial\/katedry\/katedra-biologii-i-ekologii-roslin\/pracownicy-katedry-biologii-i-ekologii-roslin\/iwona-ciereszko\">prof. dr hab. Iwona Ciereszko<\/a> icier@uwb.edu.pl<\/td><td>Fizjologiczne i wzrostowe odpowiedzi ro\u015blin u\u017cytkowych na deficyt fosforan\u00f3w w glebie, stres oksydacyjny oraz infekcj\u0119 przez patogeny. Mechanizmy ochrony aparatu fotosyntetycznego w li\u015bciach w reakcji na stresowe czynniki \u015brodowiskowe.&nbsp;<\/td><\/tr><tr><td><strong>2.<\/strong><\/td><td><a href=\"https:\/\/biologia.uwb.edu.pl\/wydzial\/katedry\/katedra-ekologii-wod\/pracownicy-katedry-ekologii-wod\/andrzej-gorniak\">prof. dr hab. Andrzej G\u00f3rniak<\/a> hydra@uwb.edu.pl&nbsp;&nbsp;<\/td><td>Zr\u00f3\u017cnicowanie wsp\u00f3\u0142czesnych zespo\u0142\u00f3w ameb skorupkowych torfowisk sfagnowych wschodniej Polski&nbsp;&nbsp; Metabolizm rzek p\u00f3\u0142nocno-wschodniej Polski<\/td><\/tr><tr><td><strong>3.<\/strong><\/td><td><a href=\"https:\/\/biologia.uwb.edu.pl\/wydzial\/katedry\/katedra-zoologii-i-genetyki\/pracownicy-katedry-zoologii-i-genetyki\/miroslaw-ratkiewicz\">prof. dr hab. Miros\u0142aw Ratkiewicz <\/a><br>ermi@uwb.edu.pl<\/td><td>Nauki biologiczne, genetyka i genomika populacji dzikich ssak\u00f3w, proponowany, roboczy&nbsp; temat: \u201eZmienno\u015b\u0107 adaptacyjna i neutralna u ssak\u00f3w drapie\u017cnych a ich ochrona\u201d<\/td><\/tr><tr><td><strong>4.<\/strong><\/td><td><a href=\"https:\/\/biologia.uwb.edu.pl\/wydzial\/katedry\/katedra-biologii-i-ekologii-roslin\/pracownicy-katedry-biologii-i-ekologii-roslin\/andrzej-bajguz\">dr hab. Andrzej Bajguz, prof. UwB<\/a> <br>abajguz@uwb.edu.pl<\/td><td>Biochemia ro\u015blin. Reakcja <em>Chlamydomonas reinhardtii<\/em> na gadolin<\/td><\/tr><tr><td><strong>5.<\/strong><\/td><td><a href=\"https:\/\/biologia.uwb.edu.pl\/wydzial\/katedry\/katedra-paleobiologii\/pracownicy-katedry-paleobiologii\/danuta-drzymulska\">dr hab. Danuta Drzymulska, prof. UwB<\/a> <br>drzym@uwb.edu.pl<\/td><td>Paleobotanika, paleoekologia plejstocenu i holocenu (czwartorz\u0119du). Historia wsp\u00f3\u0142czesnych zbiorowisk ro\u015blinnych o charakterze borealnym i subborealnym w Polsce p\u00f3\u0142nocno-wschodniej \u2013 jak kszta\u0142towa\u0142y si\u0119 zbiorowiska typu borealna \u015bwierczyna na torfie czy te\u017c subborealna brzezina bagienna (biel), kt\u00f3re mo\u017cemy spotka\u0107 obecnie np. na terenie Puszczy Knyszy\u0144skiej. Jak daleko wstecz si\u0119ga na tym terenie historia fitocenoz bardziej typowych dla obszaru tajgi?&nbsp;&nbsp;&nbsp;&nbsp;<\/td><\/tr><tr><td><strong>6.<\/strong><\/td><td><a href=\"https:\/\/biologia.uwb.edu.pl\/wydzial\/katedry\/katedra-ekologii-wod\/pracownicy-katedry-ekologii-wod\/maciej-karpowicz\">dr hab. in\u017c. Maciej Karpowicz, prof. UwB<\/a> m.karpowicz@uwb.edu.pl<\/td><td>1. Zanieczyszczenia mikroplastikiem w\u00f3d gruntowych i strefy hyporeicznej p\u00f3\u0142nocno-wschodniej Polski. <br>2. Wid\u0142onogi (Copepoda) w\u00f3d podziemnych \u2013 od lokalnych adaptacji do ekologicznej specjacji. <br>3. Planktonowe relikty glacjalne Europy \u2013 specjacja allopatryczna, gatunki kryptyczne, eko-ewolucja. <br>4. R\u00f3\u017cnorodno\u015b\u0107 i ekologia niesporczak\u00f3w (Tardigrada) w\u00f3d pn-wsch Polski.<\/td><\/tr><tr><td><strong>7.<\/strong><\/td><td><a href=\"https:\/\/biologia.uwb.edu.pl\/wydzial\/katedry\/katedra-mikrobiologii-i-biotechnologii\/zaklad-mikrobiologii\/szymon-sekowski\">dr hab. Szymon S\u0119kowski, Prof. UwB<\/a> <br>s.sekowski@uwb.edu.pl Promotor pomocniczy: <br><a href=\"https:\/\/old.biologia.uwb.edu.pl\/pracownicy\/ewa-olchowik-grabarek-51\/\">dr Ewa Olchowik-Grabarek <\/a>ewaolch@uwb.edu.pl &nbsp;<\/td><td>Antybakteryjna aktywno\u015b\u0107 zwi\u0105zk\u00f3w pochodzenia ro\u015blinnego Prace eksperymentalne b\u0119d\u0105 prowadzone z wykorzystaniem metod mikrobiologicznych, fizykochemicznych i z zakresu biologii molekularnej. Celem bada\u0144 b\u0119dzie charakterystyka aktywno\u015bci antybakteryjnej zwi\u0105zk\u00f3w pochodzenia ro\u015blinnego wzgl\u0119dem bakterii patogennych. Same badania zostan\u0105 ukierunkowane na potencjalne zastosowanie biomedyczne badanych zwi\u0105zk\u00f3w. &nbsp;<\/td><\/tr><tr><td><strong>&nbsp;8<\/strong>.<\/td><td><a href=\"https:\/\/biologia.uwb.edu.pl\/wydzial\/katedry\/katedra-mikrobiologii-i-biotechnologii\/pracownia-cytobiochemii\/adam-tylicki\">dr hab. Adam Tylicki, prof. UwB<\/a> atyl@uwb.edu.pl <br>Promotor pomocniczy <br><a href=\"https:\/\/biologia.uwb.edu.pl\/wydzial\/katedry\/katedra-mikrobiologii-i-biotechnologii\/pracownia-cytobiochemii\/magdalena-czerniecka\">dr Magdalena Czerniecka<\/a><br>m.siemieniuk@uwb.edu.pl<\/td><td>Metaboliczne, genetyczne i epigenetyczne determinanty nabywania oporno\u015bci na azole u dro\u017cd\u017cak\u00f3w.<\/td><\/tr><tr><td><strong>9.<\/strong><\/td><td><a href=\"https:\/\/biologia.uwb.edu.pl\/wydzial\/katedry\/katedra-ekologii-wod\/pracownicy-katedry-ekologii-wod\/piotr-zielinski\">dr hab. Piotr Zieli\u0144ski, prof. UwB<\/a><br>p.zielinski@uwb.edu.pl<\/td><td>1. Czynniki wp\u0142ywaj\u0105ce na rozmieszczenie mikroplastiku w jeziorach.<br>2. Wp\u0142yw ekstremalnych zjawisk pogodowych na migracj\u0119 mikroplastiku w zlewniach rzecznych.<\/td><\/tr><tr><td><strong>10.<\/strong><\/td><td><a href=\"https:\/\/biologia.uwb.edu.pl\/wydzial\/katedry\/katedra-ekologii-wod\/pracownicy-katedry-ekologii-wod\/magdalena-grabowska\">dr hab. in\u017c. Magdalena Grabowska<\/a><br> magra@uwb.edu.pl<\/td><td>Ekologia fitoplanktonu i fitobentosu ze szczeg\u00f3lnym uwzgl\u0119dnieniem zbiorowisk okrzemek w \u017ar\u00f3dliskach z teren\u00f3w nizinnych .<\/td><\/tr><tr><td><strong>11.<\/strong><\/td><td><span style=\"font-size:12.0pt;,serif\"><a href=\"https:\/\/biologia.uwb.edu.pl\/wydzial\/katedry\/katedra-biologii-i-ekologii-roslin\/pracownicy-katedry-biologii-i-ekologii-roslin\/alicja-piotrowska-niczyporuk\">dr hab. Alicja Piotrowska-Niczyporuk<\/a><\/span><br><span style=\"font-size:12.0pt;line-height:115%;,serif\">alicjap@uwb.edu.pl<\/span><\/td><td>Toksyczno\u015b\u0107 mikroplastik\u00f3w i produkt\u00f3w ich degradacji na glony <em>Chlorella vulgaris<\/em> i <em>Scenedesmus quadricauda<\/em><\/td><\/tr><\/tbody><\/table><\/figure>\n","protected":false},"excerpt":{"rendered":"<p>Lp. Imi\u0119 i nazwisko, tytu\u0142 naukowy, e-mail Obszar bada\u0144, tematyka badawcza 1. prof. dr hab. Iwona Ciereszko icier@uwb.edu.pl Fizjologiczne i wzrostowe odpowiedzi ro\u015blin u\u017cytkowych na deficyt fosforan\u00f3w w glebie, stres&hellip;<\/p>\n","protected":false},"author":8,"featured_media":0,"parent":0,"menu_order":0,"comment_status":"closed","ping_status":"closed","template":"","meta":{"footnotes":""},"class_list":["post-2913","page","type-page","status-publish","hentry"],"yoast_head":"<!-- This site is optimized with the Yoast SEO plugin v27.4 - https:\/\/yoast.com\/product\/yoast-seo-wordpress\/ -->\n<title>Nauki biologiczne 2024\/25 - Szko\u0142a Doktorska Nauk \u015acis\u0142ych i Przyrodniczych UwB<\/title>\n<meta name=\"robots\" content=\"index, follow, max-snippet:-1, max-image-preview:large, max-video-preview:-1\" \/>\n<link rel=\"canonical\" href=\"https:\/\/szkolydoktorskie.uwb.edu.pl\/nsip\/nauki-biologiczne-2024-25\/\" \/>\n<meta property=\"og:locale\" content=\"pl_PL\" \/>\n<meta property=\"og:type\" content=\"article\" \/>\n<meta property=\"og:title\" content=\"Nauki biologiczne 2024\/25 - Szko\u0142a Doktorska Nauk \u015acis\u0142ych i Przyrodniczych UwB\" \/>\n<meta property=\"og:description\" content=\"Lp. Imi\u0119 i nazwisko, tytu\u0142 naukowy, e-mail Obszar bada\u0144, tematyka badawcza 1. prof. dr hab. Iwona Ciereszko icier@uwb.edu.pl Fizjologiczne i wzrostowe odpowiedzi ro\u015blin u\u017cytkowych na deficyt fosforan\u00f3w w glebie, stres&hellip;\" \/>\n<meta property=\"og:url\" content=\"https:\/\/szkolydoktorskie.uwb.edu.pl\/nsip\/nauki-biologiczne-2024-25\/\" \/>\n<meta property=\"og:site_name\" content=\"Szko\u0142a Doktorska Nauk \u015acis\u0142ych i Przyrodniczych UwB\" \/>\n<meta property=\"article:modified_time\" content=\"2024-06-14T09:47:12+00:00\" \/>\n<meta name=\"twitter:card\" content=\"summary_large_image\" \/>\n<meta name=\"twitter:label1\" content=\"Szacowany czas czytania\" \/>\n\t<meta name=\"twitter:data1\" content=\"3 minuty\" \/>\n<script type=\"application\/ld+json\" class=\"yoast-schema-graph\">{\"@context\":\"https:\\\/\\\/schema.org\",\"@graph\":[{\"@type\":\"WebPage\",\"@id\":\"https:\\\/\\\/szkolydoktorskie.uwb.edu.pl\\\/nsip\\\/nauki-biologiczne-2024-25\\\/\",\"url\":\"https:\\\/\\\/szkolydoktorskie.uwb.edu.pl\\\/nsip\\\/nauki-biologiczne-2024-25\\\/\",\"name\":\"Nauki biologiczne 2024\\\/25 - Szko\u0142a Doktorska Nauk \u015acis\u0142ych i Przyrodniczych UwB\",\"isPartOf\":{\"@id\":\"https:\\\/\\\/szkolydoktorskie.uwb.edu.pl\\\/nsip\\\/#website\"},\"datePublished\":\"2024-03-05T07:25:05+00:00\",\"dateModified\":\"2024-06-14T09:47:12+00:00\",\"breadcrumb\":{\"@id\":\"https:\\\/\\\/szkolydoktorskie.uwb.edu.pl\\\/nsip\\\/nauki-biologiczne-2024-25\\\/#breadcrumb\"},\"inLanguage\":\"pl-PL\",\"potentialAction\":[{\"@type\":\"ReadAction\",\"target\":[\"https:\\\/\\\/szkolydoktorskie.uwb.edu.pl\\\/nsip\\\/nauki-biologiczne-2024-25\\\/\"]}]},{\"@type\":\"BreadcrumbList\",\"@id\":\"https:\\\/\\\/szkolydoktorskie.uwb.edu.pl\\\/nsip\\\/nauki-biologiczne-2024-25\\\/#breadcrumb\",\"itemListElement\":[{\"@type\":\"ListItem\",\"position\":1,\"name\":\"Strona g\u0142\u00f3wna\",\"item\":\"https:\\\/\\\/szkolydoktorskie.uwb.edu.pl\\\/nsip\\\/\"},{\"@type\":\"ListItem\",\"position\":2,\"name\":\"Nauki biologiczne 2024\\\/25\"}]},{\"@type\":\"WebSite\",\"@id\":\"https:\\\/\\\/szkolydoktorskie.uwb.edu.pl\\\/nsip\\\/#website\",\"url\":\"https:\\\/\\\/szkolydoktorskie.uwb.edu.pl\\\/nsip\\\/\",\"name\":\"Szko\u0142a Doktorska Nauk \u015acis\u0142ych i Przyrodniczych UwB\",\"description\":\"Szko\u0142a Doktorska Nauk \u015acis\u0142ych i Przyrodniczych UwB\",\"publisher\":{\"@id\":\"https:\\\/\\\/szkolydoktorskie.uwb.edu.pl\\\/nsip\\\/#organization\"},\"potentialAction\":[{\"@type\":\"SearchAction\",\"target\":{\"@type\":\"EntryPoint\",\"urlTemplate\":\"https:\\\/\\\/szkolydoktorskie.uwb.edu.pl\\\/nsip\\\/?s={search_term_string}\"},\"query-input\":{\"@type\":\"PropertyValueSpecification\",\"valueRequired\":true,\"valueName\":\"search_term_string\"}}],\"inLanguage\":\"pl-PL\"},{\"@type\":\"Organization\",\"@id\":\"https:\\\/\\\/szkolydoktorskie.uwb.edu.pl\\\/nsip\\\/#organization\",\"name\":\"Szko\u0142a Doktorska Nauk \u015acis\u0142ych i Przyrodniczych UwB\",\"url\":\"https:\\\/\\\/szkolydoktorskie.uwb.edu.pl\\\/nsip\\\/\",\"logo\":{\"@type\":\"ImageObject\",\"inLanguage\":\"pl-PL\",\"@id\":\"https:\\\/\\\/szkolydoktorskie.uwb.edu.pl\\\/nsip\\\/#\\\/schema\\\/logo\\\/image\\\/\",\"url\":\"https:\\\/\\\/szkolydoktorskie.uwb.edu.pl\\\/nsip\\\/wp-content\\\/uploads\\\/sites\\\/4\\\/2021\\\/04\\\/cropped-LOGO-NSIP.png\",\"contentUrl\":\"https:\\\/\\\/szkolydoktorskie.uwb.edu.pl\\\/nsip\\\/wp-content\\\/uploads\\\/sites\\\/4\\\/2021\\\/04\\\/cropped-LOGO-NSIP.png\",\"width\":705,\"height\":188,\"caption\":\"Szko\u0142a Doktorska Nauk \u015acis\u0142ych i Przyrodniczych UwB\"},\"image\":{\"@id\":\"https:\\\/\\\/szkolydoktorskie.uwb.edu.pl\\\/nsip\\\/#\\\/schema\\\/logo\\\/image\\\/\"}}]}<\/script>\n<!-- \/ Yoast SEO plugin. -->","yoast_head_json":{"title":"Nauki biologiczne 2024\/25 - Szko\u0142a Doktorska Nauk \u015acis\u0142ych i Przyrodniczych UwB","robots":{"index":"index","follow":"follow","max-snippet":"max-snippet:-1","max-image-preview":"max-image-preview:large","max-video-preview":"max-video-preview:-1"},"canonical":"https:\/\/szkolydoktorskie.uwb.edu.pl\/nsip\/nauki-biologiczne-2024-25\/","og_locale":"pl_PL","og_type":"article","og_title":"Nauki biologiczne 2024\/25 - Szko\u0142a Doktorska Nauk \u015acis\u0142ych i Przyrodniczych UwB","og_description":"Lp. Imi\u0119 i nazwisko, tytu\u0142 naukowy, e-mail Obszar bada\u0144, tematyka badawcza 1. prof. dr hab. Iwona Ciereszko icier@uwb.edu.pl Fizjologiczne i wzrostowe odpowiedzi ro\u015blin u\u017cytkowych na deficyt fosforan\u00f3w w glebie, stres&hellip;","og_url":"https:\/\/szkolydoktorskie.uwb.edu.pl\/nsip\/nauki-biologiczne-2024-25\/","og_site_name":"Szko\u0142a Doktorska Nauk \u015acis\u0142ych i Przyrodniczych UwB","article_modified_time":"2024-06-14T09:47:12+00:00","twitter_card":"summary_large_image","twitter_misc":{"Szacowany czas czytania":"3 minuty"},"schema":{"@context":"https:\/\/schema.org","@graph":[{"@type":"WebPage","@id":"https:\/\/szkolydoktorskie.uwb.edu.pl\/nsip\/nauki-biologiczne-2024-25\/","url":"https:\/\/szkolydoktorskie.uwb.edu.pl\/nsip\/nauki-biologiczne-2024-25\/","name":"Nauki biologiczne 2024\/25 - Szko\u0142a Doktorska Nauk \u015acis\u0142ych i Przyrodniczych UwB","isPartOf":{"@id":"https:\/\/szkolydoktorskie.uwb.edu.pl\/nsip\/#website"},"datePublished":"2024-03-05T07:25:05+00:00","dateModified":"2024-06-14T09:47:12+00:00","breadcrumb":{"@id":"https:\/\/szkolydoktorskie.uwb.edu.pl\/nsip\/nauki-biologiczne-2024-25\/#breadcrumb"},"inLanguage":"pl-PL","potentialAction":[{"@type":"ReadAction","target":["https:\/\/szkolydoktorskie.uwb.edu.pl\/nsip\/nauki-biologiczne-2024-25\/"]}]},{"@type":"BreadcrumbList","@id":"https:\/\/szkolydoktorskie.uwb.edu.pl\/nsip\/nauki-biologiczne-2024-25\/#breadcrumb","itemListElement":[{"@type":"ListItem","position":1,"name":"Strona g\u0142\u00f3wna","item":"https:\/\/szkolydoktorskie.uwb.edu.pl\/nsip\/"},{"@type":"ListItem","position":2,"name":"Nauki biologiczne 2024\/25"}]},{"@type":"WebSite","@id":"https:\/\/szkolydoktorskie.uwb.edu.pl\/nsip\/#website","url":"https:\/\/szkolydoktorskie.uwb.edu.pl\/nsip\/","name":"Szko\u0142a Doktorska Nauk \u015acis\u0142ych i Przyrodniczych UwB","description":"Szko\u0142a Doktorska Nauk \u015acis\u0142ych i Przyrodniczych UwB","publisher":{"@id":"https:\/\/szkolydoktorskie.uwb.edu.pl\/nsip\/#organization"},"potentialAction":[{"@type":"SearchAction","target":{"@type":"EntryPoint","urlTemplate":"https:\/\/szkolydoktorskie.uwb.edu.pl\/nsip\/?s={search_term_string}"},"query-input":{"@type":"PropertyValueSpecification","valueRequired":true,"valueName":"search_term_string"}}],"inLanguage":"pl-PL"},{"@type":"Organization","@id":"https:\/\/szkolydoktorskie.uwb.edu.pl\/nsip\/#organization","name":"Szko\u0142a Doktorska Nauk \u015acis\u0142ych i Przyrodniczych UwB","url":"https:\/\/szkolydoktorskie.uwb.edu.pl\/nsip\/","logo":{"@type":"ImageObject","inLanguage":"pl-PL","@id":"https:\/\/szkolydoktorskie.uwb.edu.pl\/nsip\/#\/schema\/logo\/image\/","url":"https:\/\/szkolydoktorskie.uwb.edu.pl\/nsip\/wp-content\/uploads\/sites\/4\/2021\/04\/cropped-LOGO-NSIP.png","contentUrl":"https:\/\/szkolydoktorskie.uwb.edu.pl\/nsip\/wp-content\/uploads\/sites\/4\/2021\/04\/cropped-LOGO-NSIP.png","width":705,"height":188,"caption":"Szko\u0142a Doktorska Nauk \u015acis\u0142ych i Przyrodniczych UwB"},"image":{"@id":"https:\/\/szkolydoktorskie.uwb.edu.pl\/nsip\/#\/schema\/logo\/image\/"}}]}},"_links":{"self":[{"href":"https:\/\/szkolydoktorskie.uwb.edu.pl\/nsip\/wp-json\/wp\/v2\/pages\/2913","targetHints":{"allow":["GET"]}}],"collection":[{"href":"https:\/\/szkolydoktorskie.uwb.edu.pl\/nsip\/wp-json\/wp\/v2\/pages"}],"about":[{"href":"https:\/\/szkolydoktorskie.uwb.edu.pl\/nsip\/wp-json\/wp\/v2\/types\/page"}],"author":[{"embeddable":true,"href":"https:\/\/szkolydoktorskie.uwb.edu.pl\/nsip\/wp-json\/wp\/v2\/users\/8"}],"replies":[{"embeddable":true,"href":"https:\/\/szkolydoktorskie.uwb.edu.pl\/nsip\/wp-json\/wp\/v2\/comments?post=2913"}],"version-history":[{"count":5,"href":"https:\/\/szkolydoktorskie.uwb.edu.pl\/nsip\/wp-json\/wp\/v2\/pages\/2913\/revisions"}],"predecessor-version":[{"id":3150,"href":"https:\/\/szkolydoktorskie.uwb.edu.pl\/nsip\/wp-json\/wp\/v2\/pages\/2913\/revisions\/3150"}],"wp:attachment":[{"href":"https:\/\/szkolydoktorskie.uwb.edu.pl\/nsip\/wp-json\/wp\/v2\/media?parent=2913"}],"curies":[{"name":"wp","href":"https:\/\/api.w.org\/{rel}","templated":true}]}}