{"id":2819,"date":"2024-02-02T10:15:20","date_gmt":"2024-02-02T09:15:20","guid":{"rendered":"https:\/\/szkolydoktorskie.uwb.edu.pl\/nsip\/?page_id=2819"},"modified":"2024-08-19T07:35:54","modified_gmt":"2024-08-19T05:35:54","slug":"rekrutacja-2024-2025-szkola-doktorska-uniwersytetu-w-bialymstoku","status":"publish","type":"page","link":"https:\/\/szkolydoktorskie.uwb.edu.pl\/nsip\/rekrutacja-2024-2025-szkola-doktorska-uniwersytetu-w-bialymstoku\/","title":{"rendered":"Rekrutacja 2024\/2025 Szko\u0142a Doktorska Uniwersytetu w Bia\u0142ymstoku"},"content":{"rendered":"\n<blockquote class=\"wp-block-quote is-layout-flow wp-block-quote-is-layout-flow\">\n<p><strong>Zasady i tryb rekrutacji do szk\u00f3\u0142 doktorskich w roku akademickim 2024\/2025<\/strong><\/p>\n<\/blockquote>\n\n\n\n<p>Uchwa\u0142a \u2013 <a href=\"https:\/\/szkolydoktorskie.uwb.edu.pl\/nsip\/wp-content\/uploads\/sites\/4\/2024\/02\/Nr_3320_-__zasad_i_trybu_rekrutacji_do_Szkoly_Doktorskiej_UwB.pdf\">Uchwa\u0142a nr 3320 Senatu Uniwersytetu w Bia\u0142ymstoku z dnia 31 stycznia 2024 r. w sprawie zasad i trybu rekrutacji do Szko\u0142y Doktorskiej Uniwersytetu w Bia\u0142ymstoku w roku akademickim 2024\/2025<\/a><\/p>\n\n\n\n<p>Za\u0142\u0105cznik nr 2 &#8211; <a href=\"https:\/\/szkolydoktorskie.uwb.edu.pl\/nsip\/wp-content\/uploads\/sites\/4\/2024\/02\/Nr_3320_-_zal__nr_2_-_kwestionariusz_kandydata.docx\">Kwestionariusz kandydata w dyscyplinie naukowej: matematyka, nauki biologiczne, nauki chemiczne i nauki fizyczne<\/a><\/p>\n\n\n\n<p>Za\u0142\u0105cznik nr 3 \u2013 <a href=\"https:\/\/szkolydoktorskie.uwb.edu.pl\/nsip\/wp-content\/uploads\/sites\/4\/2024\/02\/Nr_3320_-_zal__nr_3_-_pomysl_badawczy_przyszlej_rozprawy.docx\">Pomys\u0142 badawczy przysz\u0142ej rozprawy doktorskiej<\/a><\/p>\n\n\n\n<p>Za\u0142\u0105cznik nr 4 \u2013 <a href=\"https:\/\/szkolydoktorskie.uwb.edu.pl\/nsip\/wp-content\/uploads\/sites\/4\/2024\/02\/Nr_3320_-_zal__nr_4_-_oswiadczenie_promotora.docx\">O\u015bwiadczenie planowanego promotora o podj\u0119ciu si\u0119 opieki promotorskiej<\/a><\/p>\n\n\n\n<p>Za\u0142\u0105cznik nr 6 &#8211; <a href=\"https:\/\/szkolydoktorskie.uwb.edu.pl\/nsip\/wp-content\/uploads\/sites\/4\/2024\/02\/Nr_3320_-_zal__nr_6_-_kryteria_rekrutacji.pdf\">Kryteria rekrutacji do dyscypliny naukowej: matematyka, nauki biologiczne, nauki chemiczne i nauki fizyczne<\/a><\/p>\n\n\n\n<p>Za\u0142\u0105cznik nr 7 \u2013 <a href=\"https:\/\/szkolydoktorskie.uwb.edu.pl\/nsip\/wp-content\/uploads\/sites\/4\/2024\/02\/Nr_3320_-_zal__nr_7_-_oswiadczenie_kandydata.pdf\">O\u015bwiadczenie kandydata rekomendowanego do wpisania na list\u0119 doktorant\u00f3w<\/a><\/p>\n\n\n\n<p><\/p>\n\n\n\n<blockquote class=\"wp-block-quote is-layout-flow wp-block-quote-is-layout-flow\">\n<p><strong>Harmonogram rekrutacji 2024\/2025<\/strong><\/p>\n<\/blockquote>\n\n\n\n<p><a href=\"https:\/\/szkolydoktorskie.uwb.edu.pl\/nsip\/wp-content\/uploads\/sites\/4\/2024\/02\/10_-_harmonogram_szkola_doktorska.pdf\">Harmonogram<\/a><\/p>\n\n\n\n<p><\/p>\n\n\n\n<blockquote class=\"wp-block-quote is-layout-flow wp-block-quote-is-layout-flow\">\n<p><strong>Limit przyj\u0119\u0107 2024\/2025<\/strong><\/p>\n<\/blockquote>\n\n\n\n<p><a href=\"https:\/\/szkolydoktorskie.uwb.edu.pl\/nsip\/wp-content\/uploads\/sites\/4\/2024\/02\/9_-_limity_przyje___szkola_doktorska.pdf\">Limit<\/a><\/p>\n\n\n\n<p><\/p>\n\n\n\n<blockquote class=\"wp-block-quote is-layout-flow wp-block-quote-is-layout-flow\">\n<p><strong>Komisja rekrutacyjna 2024\/2025<\/strong><\/p>\n<\/blockquote>\n\n\n\n<p><a href=\"https:\/\/szkolydoktorskie.uwb.edu.pl\/nsip\/wp-content\/uploads\/sites\/4\/2024\/04\/Komunikat-nr-1-sklad-komisji-rekrutacyjnej-2024-2025-SDNSiP.pdf\">Komunikat Dyrektora Szko\u0142y Doktorskiej Nauk \u015acis\u0142ych i Przyrodniczych<\/a><\/p>\n\n\n\n<blockquote class=\"wp-block-quote is-layout-flow wp-block-quote-is-layout-flow\">\n<p>Szko\u0142y doktorskie w systemie&nbsp;<strong>Internetowej Rejestracji Kandydat\u00f3w&nbsp;(IRK)<\/strong><\/p>\n<\/blockquote>\n\n\n\n<p><a href=\"https:\/\/irk2.uwb.edu.pl\/pl\/offer\/SD2024\/\">Internetowa Rejestracja Kandydat\u00f3w (IRK)<\/a><\/p>\n\n\n\n<blockquote class=\"wp-block-quote is-layout-flow wp-block-quote-is-layout-flow\">\n<p><strong>Listy potencjalnych promotor\u00f3w rozpraw doktorskich na rok akademicki 2024\/2025&nbsp;<\/strong><\/p>\n<\/blockquote>\n\n\n\n<ul class=\"wp-block-list\">\n<li><a href=\"https:\/\/szkolydoktorskie.uwb.edu.pl\/nsip\/nauki-biologiczne-2024-25\/\">Nauki biologiczne<\/a><\/li>\n<\/ul>\n\n\n\n<ul class=\"wp-block-list\">\n<li><a href=\"https:\/\/szkolydoktorskie.uwb.edu.pl\/nsip\/nauki-chemiczne-2024-25\/\">Nauki chemiczne<\/a><\/li>\n<\/ul>\n\n\n\n<ul class=\"wp-block-list\">\n<li><a href=\"https:\/\/szkolydoktorskie.uwb.edu.pl\/nsip\/physical-sciences-2024-25\/\">Physical sciences<\/a><\/li>\n<\/ul>\n\n\n\n<ul class=\"wp-block-list\">\n<li><a href=\"https:\/\/szkolydoktorskie.uwb.edu.pl\/nsip\/mathematic-2024-25\/\">Mathematics<\/a><\/li>\n<\/ul>\n","protected":false},"excerpt":{"rendered":"<p>Zasady i tryb rekrutacji do szk\u00f3\u0142 doktorskich w roku akademickim 2024\/2025 Uchwa\u0142a \u2013 Uchwa\u0142a nr 3320 Senatu Uniwersytetu w Bia\u0142ymstoku z dnia 31 stycznia 2024 r. w sprawie zasad i&hellip;<\/p>\n","protected":false},"author":8,"featured_media":0,"parent":0,"menu_order":0,"comment_status":"closed","ping_status":"closed","template":"","meta":{"footnotes":""},"class_list":["post-2819","page","type-page","status-publish","hentry"],"yoast_head":"<!-- This site is optimized with the Yoast SEO plugin v27.3 - https:\/\/yoast.com\/product\/yoast-seo-wordpress\/ -->\n<title>Rekrutacja 2024\/2025 Szko\u0142a Doktorska Uniwersytetu w Bia\u0142ymstoku - Szko\u0142a Doktorska Nauk \u015acis\u0142ych i Przyrodniczych UwB<\/title>\n<meta name=\"robots\" content=\"index, follow, max-snippet:-1, max-image-preview:large, max-video-preview:-1\" \/>\n<link rel=\"canonical\" href=\"https:\/\/szkolydoktorskie.uwb.edu.pl\/nsip\/rekrutacja-2024-2025-szkola-doktorska-uniwersytetu-w-bialymstoku\/\" \/>\n<meta property=\"og:locale\" content=\"pl_PL\" \/>\n<meta property=\"og:type\" content=\"article\" \/>\n<meta property=\"og:title\" content=\"Rekrutacja 2024\/2025 Szko\u0142a Doktorska Uniwersytetu w Bia\u0142ymstoku - Szko\u0142a Doktorska Nauk \u015acis\u0142ych i Przyrodniczych UwB\" \/>\n<meta property=\"og:description\" content=\"Zasady i tryb rekrutacji do szk\u00f3\u0142 doktorskich w roku akademickim 2024\/2025 Uchwa\u0142a \u2013 Uchwa\u0142a nr 3320 Senatu Uniwersytetu w Bia\u0142ymstoku z dnia 31 stycznia 2024 r. w sprawie zasad i&hellip;\" \/>\n<meta property=\"og:url\" content=\"https:\/\/szkolydoktorskie.uwb.edu.pl\/nsip\/rekrutacja-2024-2025-szkola-doktorska-uniwersytetu-w-bialymstoku\/\" \/>\n<meta property=\"og:site_name\" content=\"Szko\u0142a Doktorska Nauk \u015acis\u0142ych i Przyrodniczych UwB\" \/>\n<meta property=\"article:modified_time\" content=\"2024-08-19T05:35:54+00:00\" \/>\n<meta name=\"twitter:card\" content=\"summary_large_image\" \/>\n<meta name=\"twitter:label1\" content=\"Szacowany czas czytania\" \/>\n\t<meta name=\"twitter:data1\" content=\"1 minuta\" \/>\n<script type=\"application\/ld+json\" class=\"yoast-schema-graph\">{\"@context\":\"https:\\\/\\\/schema.org\",\"@graph\":[{\"@type\":\"WebPage\",\"@id\":\"https:\\\/\\\/szkolydoktorskie.uwb.edu.pl\\\/nsip\\\/rekrutacja-2024-2025-szkola-doktorska-uniwersytetu-w-bialymstoku\\\/\",\"url\":\"https:\\\/\\\/szkolydoktorskie.uwb.edu.pl\\\/nsip\\\/rekrutacja-2024-2025-szkola-doktorska-uniwersytetu-w-bialymstoku\\\/\",\"name\":\"Rekrutacja 2024\\\/2025 Szko\u0142a Doktorska Uniwersytetu w Bia\u0142ymstoku - Szko\u0142a Doktorska Nauk \u015acis\u0142ych i Przyrodniczych UwB\",\"isPartOf\":{\"@id\":\"https:\\\/\\\/szkolydoktorskie.uwb.edu.pl\\\/nsip\\\/#website\"},\"datePublished\":\"2024-02-02T09:15:20+00:00\",\"dateModified\":\"2024-08-19T05:35:54+00:00\",\"breadcrumb\":{\"@id\":\"https:\\\/\\\/szkolydoktorskie.uwb.edu.pl\\\/nsip\\\/rekrutacja-2024-2025-szkola-doktorska-uniwersytetu-w-bialymstoku\\\/#breadcrumb\"},\"inLanguage\":\"pl-PL\",\"potentialAction\":[{\"@type\":\"ReadAction\",\"target\":[\"https:\\\/\\\/szkolydoktorskie.uwb.edu.pl\\\/nsip\\\/rekrutacja-2024-2025-szkola-doktorska-uniwersytetu-w-bialymstoku\\\/\"]}]},{\"@type\":\"BreadcrumbList\",\"@id\":\"https:\\\/\\\/szkolydoktorskie.uwb.edu.pl\\\/nsip\\\/rekrutacja-2024-2025-szkola-doktorska-uniwersytetu-w-bialymstoku\\\/#breadcrumb\",\"itemListElement\":[{\"@type\":\"ListItem\",\"position\":1,\"name\":\"Strona g\u0142\u00f3wna\",\"item\":\"https:\\\/\\\/szkolydoktorskie.uwb.edu.pl\\\/nsip\\\/\"},{\"@type\":\"ListItem\",\"position\":2,\"name\":\"Rekrutacja 2024\\\/2025 Szko\u0142a Doktorska Uniwersytetu w Bia\u0142ymstoku\"}]},{\"@type\":\"WebSite\",\"@id\":\"https:\\\/\\\/szkolydoktorskie.uwb.edu.pl\\\/nsip\\\/#website\",\"url\":\"https:\\\/\\\/szkolydoktorskie.uwb.edu.pl\\\/nsip\\\/\",\"name\":\"Szko\u0142a Doktorska Nauk \u015acis\u0142ych i Przyrodniczych UwB\",\"description\":\"Szko\u0142a Doktorska Nauk \u015acis\u0142ych i Przyrodniczych UwB\",\"publisher\":{\"@id\":\"https:\\\/\\\/szkolydoktorskie.uwb.edu.pl\\\/nsip\\\/#organization\"},\"potentialAction\":[{\"@type\":\"SearchAction\",\"target\":{\"@type\":\"EntryPoint\",\"urlTemplate\":\"https:\\\/\\\/szkolydoktorskie.uwb.edu.pl\\\/nsip\\\/?s={search_term_string}\"},\"query-input\":{\"@type\":\"PropertyValueSpecification\",\"valueRequired\":true,\"valueName\":\"search_term_string\"}}],\"inLanguage\":\"pl-PL\"},{\"@type\":\"Organization\",\"@id\":\"https:\\\/\\\/szkolydoktorskie.uwb.edu.pl\\\/nsip\\\/#organization\",\"name\":\"Szko\u0142a Doktorska Nauk \u015acis\u0142ych i Przyrodniczych UwB\",\"url\":\"https:\\\/\\\/szkolydoktorskie.uwb.edu.pl\\\/nsip\\\/\",\"logo\":{\"@type\":\"ImageObject\",\"inLanguage\":\"pl-PL\",\"@id\":\"https:\\\/\\\/szkolydoktorskie.uwb.edu.pl\\\/nsip\\\/#\\\/schema\\\/logo\\\/image\\\/\",\"url\":\"https:\\\/\\\/szkolydoktorskie.uwb.edu.pl\\\/nsip\\\/wp-content\\\/uploads\\\/sites\\\/4\\\/2021\\\/04\\\/cropped-LOGO-NSIP.png\",\"contentUrl\":\"https:\\\/\\\/szkolydoktorskie.uwb.edu.pl\\\/nsip\\\/wp-content\\\/uploads\\\/sites\\\/4\\\/2021\\\/04\\\/cropped-LOGO-NSIP.png\",\"width\":705,\"height\":188,\"caption\":\"Szko\u0142a Doktorska Nauk \u015acis\u0142ych i Przyrodniczych UwB\"},\"image\":{\"@id\":\"https:\\\/\\\/szkolydoktorskie.uwb.edu.pl\\\/nsip\\\/#\\\/schema\\\/logo\\\/image\\\/\"}}]}<\/script>\n<!-- \/ Yoast SEO plugin. -->","yoast_head_json":{"title":"Rekrutacja 2024\/2025 Szko\u0142a Doktorska Uniwersytetu w Bia\u0142ymstoku - Szko\u0142a Doktorska Nauk \u015acis\u0142ych i Przyrodniczych UwB","robots":{"index":"index","follow":"follow","max-snippet":"max-snippet:-1","max-image-preview":"max-image-preview:large","max-video-preview":"max-video-preview:-1"},"canonical":"https:\/\/szkolydoktorskie.uwb.edu.pl\/nsip\/rekrutacja-2024-2025-szkola-doktorska-uniwersytetu-w-bialymstoku\/","og_locale":"pl_PL","og_type":"article","og_title":"Rekrutacja 2024\/2025 Szko\u0142a Doktorska Uniwersytetu w Bia\u0142ymstoku - Szko\u0142a Doktorska Nauk \u015acis\u0142ych i Przyrodniczych UwB","og_description":"Zasady i tryb rekrutacji do szk\u00f3\u0142 doktorskich w roku akademickim 2024\/2025 Uchwa\u0142a \u2013 Uchwa\u0142a nr 3320 Senatu Uniwersytetu w Bia\u0142ymstoku z dnia 31 stycznia 2024 r. w sprawie zasad i&hellip;","og_url":"https:\/\/szkolydoktorskie.uwb.edu.pl\/nsip\/rekrutacja-2024-2025-szkola-doktorska-uniwersytetu-w-bialymstoku\/","og_site_name":"Szko\u0142a Doktorska Nauk \u015acis\u0142ych i Przyrodniczych UwB","article_modified_time":"2024-08-19T05:35:54+00:00","twitter_card":"summary_large_image","twitter_misc":{"Szacowany czas czytania":"1 minuta"},"schema":{"@context":"https:\/\/schema.org","@graph":[{"@type":"WebPage","@id":"https:\/\/szkolydoktorskie.uwb.edu.pl\/nsip\/rekrutacja-2024-2025-szkola-doktorska-uniwersytetu-w-bialymstoku\/","url":"https:\/\/szkolydoktorskie.uwb.edu.pl\/nsip\/rekrutacja-2024-2025-szkola-doktorska-uniwersytetu-w-bialymstoku\/","name":"Rekrutacja 2024\/2025 Szko\u0142a Doktorska Uniwersytetu w Bia\u0142ymstoku - Szko\u0142a Doktorska Nauk \u015acis\u0142ych i Przyrodniczych UwB","isPartOf":{"@id":"https:\/\/szkolydoktorskie.uwb.edu.pl\/nsip\/#website"},"datePublished":"2024-02-02T09:15:20+00:00","dateModified":"2024-08-19T05:35:54+00:00","breadcrumb":{"@id":"https:\/\/szkolydoktorskie.uwb.edu.pl\/nsip\/rekrutacja-2024-2025-szkola-doktorska-uniwersytetu-w-bialymstoku\/#breadcrumb"},"inLanguage":"pl-PL","potentialAction":[{"@type":"ReadAction","target":["https:\/\/szkolydoktorskie.uwb.edu.pl\/nsip\/rekrutacja-2024-2025-szkola-doktorska-uniwersytetu-w-bialymstoku\/"]}]},{"@type":"BreadcrumbList","@id":"https:\/\/szkolydoktorskie.uwb.edu.pl\/nsip\/rekrutacja-2024-2025-szkola-doktorska-uniwersytetu-w-bialymstoku\/#breadcrumb","itemListElement":[{"@type":"ListItem","position":1,"name":"Strona g\u0142\u00f3wna","item":"https:\/\/szkolydoktorskie.uwb.edu.pl\/nsip\/"},{"@type":"ListItem","position":2,"name":"Rekrutacja 2024\/2025 Szko\u0142a Doktorska Uniwersytetu w Bia\u0142ymstoku"}]},{"@type":"WebSite","@id":"https:\/\/szkolydoktorskie.uwb.edu.pl\/nsip\/#website","url":"https:\/\/szkolydoktorskie.uwb.edu.pl\/nsip\/","name":"Szko\u0142a Doktorska Nauk \u015acis\u0142ych i Przyrodniczych UwB","description":"Szko\u0142a Doktorska Nauk \u015acis\u0142ych i Przyrodniczych UwB","publisher":{"@id":"https:\/\/szkolydoktorskie.uwb.edu.pl\/nsip\/#organization"},"potentialAction":[{"@type":"SearchAction","target":{"@type":"EntryPoint","urlTemplate":"https:\/\/szkolydoktorskie.uwb.edu.pl\/nsip\/?s={search_term_string}"},"query-input":{"@type":"PropertyValueSpecification","valueRequired":true,"valueName":"search_term_string"}}],"inLanguage":"pl-PL"},{"@type":"Organization","@id":"https:\/\/szkolydoktorskie.uwb.edu.pl\/nsip\/#organization","name":"Szko\u0142a Doktorska Nauk \u015acis\u0142ych i Przyrodniczych UwB","url":"https:\/\/szkolydoktorskie.uwb.edu.pl\/nsip\/","logo":{"@type":"ImageObject","inLanguage":"pl-PL","@id":"https:\/\/szkolydoktorskie.uwb.edu.pl\/nsip\/#\/schema\/logo\/image\/","url":"https:\/\/szkolydoktorskie.uwb.edu.pl\/nsip\/wp-content\/uploads\/sites\/4\/2021\/04\/cropped-LOGO-NSIP.png","contentUrl":"https:\/\/szkolydoktorskie.uwb.edu.pl\/nsip\/wp-content\/uploads\/sites\/4\/2021\/04\/cropped-LOGO-NSIP.png","width":705,"height":188,"caption":"Szko\u0142a Doktorska Nauk \u015acis\u0142ych i Przyrodniczych UwB"},"image":{"@id":"https:\/\/szkolydoktorskie.uwb.edu.pl\/nsip\/#\/schema\/logo\/image\/"}}]}},"_links":{"self":[{"href":"https:\/\/szkolydoktorskie.uwb.edu.pl\/nsip\/wp-json\/wp\/v2\/pages\/2819","targetHints":{"allow":["GET"]}}],"collection":[{"href":"https:\/\/szkolydoktorskie.uwb.edu.pl\/nsip\/wp-json\/wp\/v2\/pages"}],"about":[{"href":"https:\/\/szkolydoktorskie.uwb.edu.pl\/nsip\/wp-json\/wp\/v2\/types\/page"}],"author":[{"embeddable":true,"href":"https:\/\/szkolydoktorskie.uwb.edu.pl\/nsip\/wp-json\/wp\/v2\/users\/8"}],"replies":[{"embeddable":true,"href":"https:\/\/szkolydoktorskie.uwb.edu.pl\/nsip\/wp-json\/wp\/v2\/comments?post=2819"}],"version-history":[{"count":14,"href":"https:\/\/szkolydoktorskie.uwb.edu.pl\/nsip\/wp-json\/wp\/v2\/pages\/2819\/revisions"}],"predecessor-version":[{"id":3065,"href":"https:\/\/szkolydoktorskie.uwb.edu.pl\/nsip\/wp-json\/wp\/v2\/pages\/2819\/revisions\/3065"}],"wp:attachment":[{"href":"https:\/\/szkolydoktorskie.uwb.edu.pl\/nsip\/wp-json\/wp\/v2\/media?parent=2819"}],"curies":[{"name":"wp","href":"https:\/\/api.w.org\/{rel}","templated":true}]}}