{"id":28,"date":"2021-04-16T00:55:11","date_gmt":"2021-04-15T22:55:11","guid":{"rendered":"https:\/\/szkolydoktorskie.uwb.edu.pl\/ns\/?page_id=28"},"modified":"2023-12-01T13:06:15","modified_gmt":"2023-12-01T12:06:15","slug":"ksztalcenie","status":"publish","type":"page","link":"https:\/\/szkolydoktorskie.uwb.edu.pl\/nsip\/ksztalcenie\/","title":{"rendered":"Kszta\u0142cenie"},"content":{"rendered":"\n<p><strong>Program kszta\u0142cenia<\/strong> <strong>SDNSiP<\/strong> <strong>obowi\u0105zuj\u0105cy od roku akademickiego 2019\/2020:<\/strong><\/p>\n\n\n\n<ul class=\"wp-block-list\">\n<li><a href=\"https:\/\/uwb.edu.pl\/uploads\/documents\/5-5e4e44aa8c646.pdf?t=1622113502\" target=\"_blank\" rel=\"noreferrer noopener\">Uchwa\u0142a nr 2427 Senatu Uniwersytetu w Bia\u0142ymstoku z dnia 22 maja 2019 r. w sprawie ustalenia programu kszta\u0142cenia w Szkole Doktorskiej Nauk \u015acis\u0142ych i Przyrodniczych<\/a><\/li>\n<\/ul>\n\n\n\n<p><strong>Program kszta\u0142cenia SDNSiP obowi\u0105zuj\u0105cy od roku akademickiego 2022\/2023:<\/strong><\/p>\n\n\n\n<ul class=\"wp-block-list\">\n<li><a href=\"https:\/\/szkolydoktorskie.uwb.edu.pl\/nsip\/wp-content\/uploads\/sites\/4\/2022\/02\/Nr_2984_-_program_ksztalcenia_w_Szkole_Doktorskiej_NSiP.pdf\" target=\"_blank\" rel=\"noreferrer noopener\">Uchwa\u0142a nr 2984<strong>&nbsp;<\/strong>Senatu Uniwersytetu w Bia\u0142ymstoku z dnia 26 stycznia 2022 r. w sprawie ustalenia programu kszta\u0142cenia w Szkole Doktorskiej Nauk \u015acis\u0142ych i Przyrodniczych, obowi\u0105zuj\u0105cego od roku akademickiego 2022\/2023<\/a><\/li>\n\n\n\n<li><a href=\"https:\/\/szkolydoktorskie.uwb.edu.pl\/nsip\/wp-content\/uploads\/sites\/4\/2022\/02\/Nr_2984_-_zal__1_POL_Projekt_programu_ksztalcenia_w_SDNSiP.pdf\" target=\"_blank\" rel=\"noreferrer noopener\">Za\u0142\u0105cznik nr 1 (Program kszta\u0142cenia w Szkole Doktorskiej Nauk \u015acis\u0142ych i Przyrodniczych Uniwersytetu w Bia\u0142ymstoku)<\/a><\/li>\n\n\n\n<li><a href=\"https:\/\/szkolydoktorskie.uwb.edu.pl\/nsip\/wp-content\/uploads\/sites\/4\/2022\/02\/Nr_2984_-_zal__2_ENG_Projekt_programu_ksztalcenia_w_SDNSiP.pdf\" target=\"_blank\" rel=\"noreferrer noopener\">Za\u0142\u0105cznik nr 2<\/a><a href=\"https:\/\/szkolydoktorskie.uwb.edu.pl\/nsip\/wp-content\/uploads\/sites\/4\/2022\/02\/Nr_2984_-_zal__2_ENG_Projekt_programu_ksztalcenia_w_SDNSiP.pdf\"><strong>&nbsp;<\/strong>(Study programme at the Doctoral School of Exact and Natural Sciences at the University of Bialystok)<\/a><\/li>\n<\/ul>\n\n\n\n<p><strong>Program kszta\u0142cenia SDNSiP obowi\u0105zuj\u0105cy od roku akademickiego 2023\/2024<\/strong><\/p>\n\n\n\n<ul class=\"wp-block-list\">\n<li><a href=\"https:\/\/szkolydoktorskie.uwb.edu.pl\/nsip\/wp-content\/uploads\/sites\/4\/2023\/03\/Nr_3159_-_program_ksztalcenia_w_Szkole_Doktorskiej_Nauk_Scislych_i_Przyrodniczych.pdf\">Uchwa\u0142a nr 3159<strong>&nbsp;<\/strong>Senatu Uniwersytetu w Bia\u0142ymstoku z dnia 22 lutego 2023 r. w sprawie ustalenia obowi\u0105zuj\u0105cego od roku akademickiego 2023\/2024, programu kszta\u0142cenia w Szkole Doktorskiej Nauk \u015acis\u0142ych i Przyrodniczych<\/a><\/li>\n\n\n\n<li><a href=\"https:\/\/szkolydoktorskie.uwb.edu.pl\/nsip\/wp-content\/uploads\/sites\/4\/2023\/03\/Program-ksztalcenia-sdnsip-z-matematyka-22.02.23.pdf\">Za\u0142\u0105cznik nr 1 (Program kszta\u0142cenia w Szkole Doktorskiej Nauk \u015acis\u0142ych i Przyrodniczych Uniwersytetu w Bia\u0142ymstoku)<\/a><\/li>\n\n\n\n<li><a href=\"https:\/\/szkolydoktorskie.uwb.edu.pl\/nsip\/wp-content\/uploads\/sites\/4\/2023\/03\/Nr_3159_-_ENG_programu_ksztalcenia_w_SDNSiP.pdf\">Za\u0142\u0105cznik nr 2<strong>&nbsp;<\/strong>(Study programme at the Doctoral School of Exact and Natural Sciences at the University of Bialystok)<\/a><\/li>\n<\/ul>\n\n\n\n<hr class=\"wp-block-separator has-css-opacity\" \/>\n\n\n\n<p><strong>Wyk\u0142adowcy<\/strong><\/p>\n\n\n\n<blockquote class=\"wp-block-quote has-text-align-center is-layout-flow wp-block-quote-is-layout-flow\">\n<p><strong><a href=\"https:\/\/szkolydoktorskie.uwb.edu.pl\/nsip\/wykladowcy-w-roku-akademickim-2022-2023\/\">Rok akademicki 2023\/2024<\/a><\/strong><\/p>\n<\/blockquote>\n\n\n\n<hr class=\"wp-block-separator has-css-opacity\" \/>\n\n\n\n<p>&nbsp;<strong>Promotorzy&nbsp;<\/strong><\/p>\n\n\n\n<p><a href=\"https:\/\/szkolydoktorskie.uwb.edu.pl\/nsip\/wp-content\/uploads\/sites\/4\/2023\/07\/promotorzy-2022.pdf\">Promotorzy doktorant\u00f3w Szko\u0142y Doktorskiej Nauk \u015acis\u0142ych i Przyrodnic<\/a><a href=\"https:\/\/szkolydoktorskie.uwb.edu.pl\/nsip\/wp-content\/uploads\/sites\/4\/2023\/11\/promotorzy-2023.pdf\">zych<\/a><\/p>\n\n\n\n<hr class=\"wp-block-separator has-css-opacity\" \/>\n\n\n\n<p>Dokumenty do pobrania:<\/p>\n\n\n\n<p><a href=\"https:\/\/szkolydoktorskie.uwb.edu.pl\/nsip\/wp-content\/uploads\/sites\/4\/2023\/03\/Wniosek-doktoranta-o-powolanie-promotora.pdf\" target=\"_blank\" rel=\"noreferrer noopener\">Wniosek doktoranta o powo\u0142anie promotora<\/a><\/p>\n\n\n\n<p><a href=\"https:\/\/szkolydoktorskie.uwb.edu.pl\/nsip\/wp-content\/uploads\/sites\/4\/2023\/03\/Zgoda-i-oswiadczenie-promotora.pdf\" target=\"_blank\" rel=\"noreferrer noopener\">Zgoda i o\u015bwiadczenie promotora<\/a><\/p>\n\n\n\n<p><a href=\"https:\/\/szkolydoktorskie.uwb.edu.pl\/nsip\/wp-content\/uploads\/sites\/4\/2023\/03\/Zakres-zadan-powierzonych-promotorowi-pomocniczemu.pdf\" target=\"_blank\" rel=\"noreferrer noopener\">Zakres zada\u0144 powierzonych promotorowi pomocniczemu<\/a><\/p>\n\n\n\n<hr class=\"wp-block-separator has-css-opacity\" \/>\n\n\n\n<p><strong>Praktyki<\/strong><\/p>\n\n\n\n<p>Praktyki zawodowe realizowane s\u0105 w formie osobistego prowadzenia zaj\u0119\u0107 przez doktoranta przydzielonych mu (lub wskazanych) przez promotora lub Dyrektora Szko\u0142y w dyscyplinie, w kt\u00f3rej doktorant prowadzi badania. W uzasadnionych przypadkach praktyka mo\u017ce polega\u0107 na uczestniczeniu doktoranta w zaj\u0119ciach prowadzonych przez innego nauczyciela akademickiego. Wymiar godzinowy praktyk to co najmniej 15 godzin, ale nie wi\u0119cej ni\u017c 60 godzin dydaktycznych rocznie pocz\u0105wszy od roku drugiego.<\/p>\n\n\n\n<hr class=\"wp-block-separator has-css-opacity\" \/>\n\n\n\n<p><strong>Przedmioty spoza dyscypliny<\/strong><\/p>\n\n\n\n<p>Doktoranci do 7 semestru kszta\u0142cenia w\u0142\u0105cznie zobowi\u0105zani s\u0105 do realizacji 1 konwersatorium spoza dyscypliny.<\/p>\n\n\n\n<p>Zapisy na rok akademicki 2023\/2024 (semestr zimowy) przyjmuje Sekretariat szko\u0142y doktorskiej do dnia 28.02.2023 r.<\/p>\n\n\n\n<p><a href=\"https:\/\/szkolydoktorskie.uwb.edu.pl\/nsip\/wp-content\/uploads\/sites\/4\/2023\/02\/Przedmiot-spoza-dyscypliny_OFERTA_2023.pdf\">Wykaz przedmiot\u00f3w spoza dyscypliny<\/a><\/p>\n\n\n\n<p><\/p>\n","protected":false},"excerpt":{"rendered":"<p>Program kszta\u0142cenia SDNSiP obowi\u0105zuj\u0105cy od roku akademickiego 2019\/2020: Program kszta\u0142cenia SDNSiP obowi\u0105zuj\u0105cy od roku akademickiego 2022\/2023: Program kszta\u0142cenia SDNSiP obowi\u0105zuj\u0105cy od roku akademickiego 2023\/2024 Wyk\u0142adowcy Rok akademicki 2023\/2024 &nbsp;Promotorzy&nbsp; Promotorzy&hellip;<\/p>\n","protected":false},"author":1,"featured_media":0,"parent":0,"menu_order":0,"comment_status":"closed","ping_status":"closed","template":"","meta":{"footnotes":""},"class_list":["post-28","page","type-page","status-publish","hentry"],"yoast_head":"<!-- This site is optimized with the Yoast SEO plugin v27.3 - https:\/\/yoast.com\/product\/yoast-seo-wordpress\/ -->\n<title>Kszta\u0142cenie - Szko\u0142a Doktorska Nauk \u015acis\u0142ych i Przyrodniczych UwB<\/title>\n<meta name=\"robots\" content=\"index, follow, max-snippet:-1, max-image-preview:large, max-video-preview:-1\" \/>\n<link rel=\"canonical\" href=\"https:\/\/szkolydoktorskie.uwb.edu.pl\/nsip\/ksztalcenie\/\" \/>\n<meta property=\"og:locale\" content=\"pl_PL\" \/>\n<meta property=\"og:type\" content=\"article\" \/>\n<meta property=\"og:title\" content=\"Kszta\u0142cenie - Szko\u0142a Doktorska Nauk \u015acis\u0142ych i Przyrodniczych UwB\" \/>\n<meta property=\"og:description\" content=\"Program kszta\u0142cenia SDNSiP obowi\u0105zuj\u0105cy od roku akademickiego 2019\/2020: Program kszta\u0142cenia SDNSiP obowi\u0105zuj\u0105cy od roku akademickiego 2022\/2023: Program kszta\u0142cenia SDNSiP obowi\u0105zuj\u0105cy od roku akademickiego 2023\/2024 Wyk\u0142adowcy Rok akademicki 2023\/2024 &nbsp;Promotorzy&nbsp; Promotorzy&hellip;\" \/>\n<meta property=\"og:url\" content=\"https:\/\/szkolydoktorskie.uwb.edu.pl\/nsip\/ksztalcenie\/\" \/>\n<meta property=\"og:site_name\" content=\"Szko\u0142a Doktorska Nauk \u015acis\u0142ych i Przyrodniczych UwB\" \/>\n<meta property=\"article:modified_time\" content=\"2023-12-01T12:06:15+00:00\" \/>\n<meta name=\"twitter:card\" content=\"summary_large_image\" \/>\n<meta name=\"twitter:label1\" content=\"Szacowany czas czytania\" \/>\n\t<meta name=\"twitter:data1\" content=\"2 minuty\" \/>\n<script type=\"application\/ld+json\" class=\"yoast-schema-graph\">{\"@context\":\"https:\\\/\\\/schema.org\",\"@graph\":[{\"@type\":\"WebPage\",\"@id\":\"https:\\\/\\\/szkolydoktorskie.uwb.edu.pl\\\/nsip\\\/ksztalcenie\\\/\",\"url\":\"https:\\\/\\\/szkolydoktorskie.uwb.edu.pl\\\/nsip\\\/ksztalcenie\\\/\",\"name\":\"Kszta\u0142cenie - Szko\u0142a Doktorska Nauk \u015acis\u0142ych i Przyrodniczych UwB\",\"isPartOf\":{\"@id\":\"https:\\\/\\\/szkolydoktorskie.uwb.edu.pl\\\/nsip\\\/#website\"},\"datePublished\":\"2021-04-15T22:55:11+00:00\",\"dateModified\":\"2023-12-01T12:06:15+00:00\",\"breadcrumb\":{\"@id\":\"https:\\\/\\\/szkolydoktorskie.uwb.edu.pl\\\/nsip\\\/ksztalcenie\\\/#breadcrumb\"},\"inLanguage\":\"pl-PL\",\"potentialAction\":[{\"@type\":\"ReadAction\",\"target\":[\"https:\\\/\\\/szkolydoktorskie.uwb.edu.pl\\\/nsip\\\/ksztalcenie\\\/\"]}]},{\"@type\":\"BreadcrumbList\",\"@id\":\"https:\\\/\\\/szkolydoktorskie.uwb.edu.pl\\\/nsip\\\/ksztalcenie\\\/#breadcrumb\",\"itemListElement\":[{\"@type\":\"ListItem\",\"position\":1,\"name\":\"Strona g\u0142\u00f3wna\",\"item\":\"https:\\\/\\\/szkolydoktorskie.uwb.edu.pl\\\/nsip\\\/\"},{\"@type\":\"ListItem\",\"position\":2,\"name\":\"Kszta\u0142cenie\"}]},{\"@type\":\"WebSite\",\"@id\":\"https:\\\/\\\/szkolydoktorskie.uwb.edu.pl\\\/nsip\\\/#website\",\"url\":\"https:\\\/\\\/szkolydoktorskie.uwb.edu.pl\\\/nsip\\\/\",\"name\":\"Szko\u0142a Doktorska Nauk \u015acis\u0142ych i Przyrodniczych UwB\",\"description\":\"Szko\u0142a Doktorska Nauk \u015acis\u0142ych i Przyrodniczych UwB\",\"publisher\":{\"@id\":\"https:\\\/\\\/szkolydoktorskie.uwb.edu.pl\\\/nsip\\\/#organization\"},\"potentialAction\":[{\"@type\":\"SearchAction\",\"target\":{\"@type\":\"EntryPoint\",\"urlTemplate\":\"https:\\\/\\\/szkolydoktorskie.uwb.edu.pl\\\/nsip\\\/?s={search_term_string}\"},\"query-input\":{\"@type\":\"PropertyValueSpecification\",\"valueRequired\":true,\"valueName\":\"search_term_string\"}}],\"inLanguage\":\"pl-PL\"},{\"@type\":\"Organization\",\"@id\":\"https:\\\/\\\/szkolydoktorskie.uwb.edu.pl\\\/nsip\\\/#organization\",\"name\":\"Szko\u0142a Doktorska Nauk \u015acis\u0142ych i Przyrodniczych UwB\",\"url\":\"https:\\\/\\\/szkolydoktorskie.uwb.edu.pl\\\/nsip\\\/\",\"logo\":{\"@type\":\"ImageObject\",\"inLanguage\":\"pl-PL\",\"@id\":\"https:\\\/\\\/szkolydoktorskie.uwb.edu.pl\\\/nsip\\\/#\\\/schema\\\/logo\\\/image\\\/\",\"url\":\"https:\\\/\\\/szkolydoktorskie.uwb.edu.pl\\\/nsip\\\/wp-content\\\/uploads\\\/sites\\\/4\\\/2021\\\/04\\\/cropped-LOGO-NSIP.png\",\"contentUrl\":\"https:\\\/\\\/szkolydoktorskie.uwb.edu.pl\\\/nsip\\\/wp-content\\\/uploads\\\/sites\\\/4\\\/2021\\\/04\\\/cropped-LOGO-NSIP.png\",\"width\":705,\"height\":188,\"caption\":\"Szko\u0142a Doktorska Nauk \u015acis\u0142ych i Przyrodniczych UwB\"},\"image\":{\"@id\":\"https:\\\/\\\/szkolydoktorskie.uwb.edu.pl\\\/nsip\\\/#\\\/schema\\\/logo\\\/image\\\/\"}}]}<\/script>\n<!-- \/ Yoast SEO plugin. -->","yoast_head_json":{"title":"Kszta\u0142cenie - Szko\u0142a Doktorska Nauk \u015acis\u0142ych i Przyrodniczych UwB","robots":{"index":"index","follow":"follow","max-snippet":"max-snippet:-1","max-image-preview":"max-image-preview:large","max-video-preview":"max-video-preview:-1"},"canonical":"https:\/\/szkolydoktorskie.uwb.edu.pl\/nsip\/ksztalcenie\/","og_locale":"pl_PL","og_type":"article","og_title":"Kszta\u0142cenie - Szko\u0142a Doktorska Nauk \u015acis\u0142ych i Przyrodniczych UwB","og_description":"Program kszta\u0142cenia SDNSiP obowi\u0105zuj\u0105cy od roku akademickiego 2019\/2020: Program kszta\u0142cenia SDNSiP obowi\u0105zuj\u0105cy od roku akademickiego 2022\/2023: Program kszta\u0142cenia SDNSiP obowi\u0105zuj\u0105cy od roku akademickiego 2023\/2024 Wyk\u0142adowcy Rok akademicki 2023\/2024 &nbsp;Promotorzy&nbsp; Promotorzy&hellip;","og_url":"https:\/\/szkolydoktorskie.uwb.edu.pl\/nsip\/ksztalcenie\/","og_site_name":"Szko\u0142a Doktorska Nauk \u015acis\u0142ych i Przyrodniczych UwB","article_modified_time":"2023-12-01T12:06:15+00:00","twitter_card":"summary_large_image","twitter_misc":{"Szacowany czas czytania":"2 minuty"},"schema":{"@context":"https:\/\/schema.org","@graph":[{"@type":"WebPage","@id":"https:\/\/szkolydoktorskie.uwb.edu.pl\/nsip\/ksztalcenie\/","url":"https:\/\/szkolydoktorskie.uwb.edu.pl\/nsip\/ksztalcenie\/","name":"Kszta\u0142cenie - Szko\u0142a Doktorska Nauk \u015acis\u0142ych i Przyrodniczych UwB","isPartOf":{"@id":"https:\/\/szkolydoktorskie.uwb.edu.pl\/nsip\/#website"},"datePublished":"2021-04-15T22:55:11+00:00","dateModified":"2023-12-01T12:06:15+00:00","breadcrumb":{"@id":"https:\/\/szkolydoktorskie.uwb.edu.pl\/nsip\/ksztalcenie\/#breadcrumb"},"inLanguage":"pl-PL","potentialAction":[{"@type":"ReadAction","target":["https:\/\/szkolydoktorskie.uwb.edu.pl\/nsip\/ksztalcenie\/"]}]},{"@type":"BreadcrumbList","@id":"https:\/\/szkolydoktorskie.uwb.edu.pl\/nsip\/ksztalcenie\/#breadcrumb","itemListElement":[{"@type":"ListItem","position":1,"name":"Strona g\u0142\u00f3wna","item":"https:\/\/szkolydoktorskie.uwb.edu.pl\/nsip\/"},{"@type":"ListItem","position":2,"name":"Kszta\u0142cenie"}]},{"@type":"WebSite","@id":"https:\/\/szkolydoktorskie.uwb.edu.pl\/nsip\/#website","url":"https:\/\/szkolydoktorskie.uwb.edu.pl\/nsip\/","name":"Szko\u0142a Doktorska Nauk \u015acis\u0142ych i Przyrodniczych UwB","description":"Szko\u0142a Doktorska Nauk \u015acis\u0142ych i Przyrodniczych UwB","publisher":{"@id":"https:\/\/szkolydoktorskie.uwb.edu.pl\/nsip\/#organization"},"potentialAction":[{"@type":"SearchAction","target":{"@type":"EntryPoint","urlTemplate":"https:\/\/szkolydoktorskie.uwb.edu.pl\/nsip\/?s={search_term_string}"},"query-input":{"@type":"PropertyValueSpecification","valueRequired":true,"valueName":"search_term_string"}}],"inLanguage":"pl-PL"},{"@type":"Organization","@id":"https:\/\/szkolydoktorskie.uwb.edu.pl\/nsip\/#organization","name":"Szko\u0142a Doktorska Nauk \u015acis\u0142ych i Przyrodniczych UwB","url":"https:\/\/szkolydoktorskie.uwb.edu.pl\/nsip\/","logo":{"@type":"ImageObject","inLanguage":"pl-PL","@id":"https:\/\/szkolydoktorskie.uwb.edu.pl\/nsip\/#\/schema\/logo\/image\/","url":"https:\/\/szkolydoktorskie.uwb.edu.pl\/nsip\/wp-content\/uploads\/sites\/4\/2021\/04\/cropped-LOGO-NSIP.png","contentUrl":"https:\/\/szkolydoktorskie.uwb.edu.pl\/nsip\/wp-content\/uploads\/sites\/4\/2021\/04\/cropped-LOGO-NSIP.png","width":705,"height":188,"caption":"Szko\u0142a Doktorska Nauk \u015acis\u0142ych i Przyrodniczych UwB"},"image":{"@id":"https:\/\/szkolydoktorskie.uwb.edu.pl\/nsip\/#\/schema\/logo\/image\/"}}]}},"_links":{"self":[{"href":"https:\/\/szkolydoktorskie.uwb.edu.pl\/nsip\/wp-json\/wp\/v2\/pages\/28","targetHints":{"allow":["GET"]}}],"collection":[{"href":"https:\/\/szkolydoktorskie.uwb.edu.pl\/nsip\/wp-json\/wp\/v2\/pages"}],"about":[{"href":"https:\/\/szkolydoktorskie.uwb.edu.pl\/nsip\/wp-json\/wp\/v2\/types\/page"}],"author":[{"embeddable":true,"href":"https:\/\/szkolydoktorskie.uwb.edu.pl\/nsip\/wp-json\/wp\/v2\/users\/1"}],"replies":[{"embeddable":true,"href":"https:\/\/szkolydoktorskie.uwb.edu.pl\/nsip\/wp-json\/wp\/v2\/comments?post=28"}],"version-history":[{"count":32,"href":"https:\/\/szkolydoktorskie.uwb.edu.pl\/nsip\/wp-json\/wp\/v2\/pages\/28\/revisions"}],"predecessor-version":[{"id":2751,"href":"https:\/\/szkolydoktorskie.uwb.edu.pl\/nsip\/wp-json\/wp\/v2\/pages\/28\/revisions\/2751"}],"wp:attachment":[{"href":"https:\/\/szkolydoktorskie.uwb.edu.pl\/nsip\/wp-json\/wp\/v2\/media?parent=28"}],"curies":[{"name":"wp","href":"https:\/\/api.w.org\/{rel}","templated":true}]}}