{"id":2737,"date":"2023-11-30T12:45:05","date_gmt":"2023-11-30T11:45:05","guid":{"rendered":"https:\/\/szkolydoktorskie.uwb.edu.pl\/nsip\/?page_id=2737"},"modified":"2024-08-19T13:45:03","modified_gmt":"2024-08-19T11:45:03","slug":"promotorzy","status":"publish","type":"page","link":"https:\/\/szkolydoktorskie.uwb.edu.pl\/nsip\/promotorzy\/","title":{"rendered":"Promotorzy"},"content":{"rendered":"\n<p class=\"has-text-align-center\"><\/p>\n\n\n\n<h2 class=\"wp-block-heading has-text-align-center\"><strong><a href=\"https:\/\/szkolydoktorskie.uwb.edu.pl\/nsip\/wp-content\/uploads\/sites\/4\/2024\/08\/promotorzy-2023.pdf\">Wykaz promotor\u00f3w 2023\/2024<\/a><\/strong><\/h2>\n\n\n\n<div class=\"wp-block-columns is-layout-flex wp-container-core-columns-is-layout-9d6595d7 wp-block-columns-is-layout-flex\">\n<div class=\"wp-block-column is-layout-flow wp-block-column-is-layout-flow\" style=\"flex-basis:100%\">\n<p><\/p>\n\n\n\n<h2 class=\"wp-block-heading has-text-align-center\">Obowi\u0105zki promotora<\/h2>\n<\/div>\n<\/div>\n\n\n\n<p><strong>Obowi\u0105zki promotora \u00a7 25 ust. 4 Regulaminu SDNSiP<\/strong><\/p>\n\n\n\n<p>4. Do obowi\u0105zk\u00f3w promotora nale\u017cy w szczeg\u00f3lno\u015bci:<\/p>\n\n\n\n<p>1) uzgadnianie z doktorantem indywidualnego planu badawczego ze wskazaniem element\u00f3w podlegaj\u0105cych ocenie \u015br\u00f3dokresowej z zachowaniem zasady zr\u00f3wnowa\u017conego nak\u0142adu pracy badawczej na poszczeg\u00f3lne lata,<\/p>\n\n\n\n<p>2) sporz\u0105dzanie opinii dotycz\u0105cej realizacji indywidualnego planu badawczego doktoranta, w tym jego aktywno\u015bci naukowej oraz dydaktycznej. Opinie te sporz\u0105dzane s\u0105 po ka\u017cdym semestrze kszta\u0142cenia, z tym \u017ce opinie roczne s\u0105 wpisywane do sprawozda\u0144 doktorant\u00f3w. Wz\u00f3r sprawozdania rocznego, sprawozdania \u015br\u00f3dokresowego i opinii promotora sporz\u0105dza dyrektor,<\/p>\n\n\n\n<p>3) zatwierdzanie i opiniowanie sprawozda\u0144 rocznych i sprawozdania \u015br\u00f3dokresowego doktoranta,<\/p>\n\n\n\n<p>4) wspieranie rozwoju naukowego doktoranta, g\u0142\u00f3wnie w zakresie aktywno\u015bci publikacyjnej, grantowej, konferencyjnej i sta\u017cowej oraz dydaktycznej,<\/p>\n\n\n\n<p>5) pomoc w organizacji sta\u017cu naukowego i poszukiwaniu \u017ar\u00f3de\u0142 finansowania aktywno\u015bci naukowej,<\/p>\n\n\n\n<p>6) ustalenie, maj\u0105c na uwadze obszar bada\u0144 doktoranta, w porozumieniu z kierownikiem jednostki oraz dyrektorem, zaj\u0119\u0107 do samodzielnego prowadzenia lub uczestnictwa w prowadzeniu w ramach praktyk zawodowych,<\/p>\n\n\n\n<p>7) udzielanie wskaz\u00f3wek metodycznych i merytorycznych wspomagaj\u0105cych aktywno\u015b\u0107 dydaktyczn\u0105 doktoranta,<\/p>\n\n\n\n<p>8) monitorowanie post\u0119p\u00f3w bada\u0144 doktoranta oraz jego zaanga\u017cowania w realizacj\u0119 zada\u0144 wynikaj\u0105cych z indywidualnego planu badawczego,<\/p>\n\n\n\n<p>9) opiniowanie wniosk\u00f3w doktoranta dotycz\u0105cych realizacji programu kszta\u0142cenia oraz indywidualnego planu badawczego,<\/p>\n\n\n\n<p>10) w przypadku niewywi\u0105zywania si\u0119 doktoranta z obowi\u0105zk\u00f3w niezw\u0142oczne informowanie dyrektora o zaistnieniu przes\u0142anki do skre\u015blenia z listy doktorant\u00f3w,<\/p>\n\n\n\n<p>11) z\u0142o\u017cenie wniosku do rektora o wszcz\u0119cie post\u0119powania dyscyplinarnego w przypadku stwierdzenia naruszenia przez doktoranta praw w\u0142asno\u015bci intelektualnej lub post\u0119powania doktoranta niezgodnego z zasadami rzetelno\u015bci w badaniach naukowych, z tre\u015bci\u0105 \u015blubowania, regulaminem szko\u0142y doktorskiej, zasadami etyki naukowej, oraz innymi przepisami obowi\u0105zuj\u0105cymi w Uniwersytecie w Bia\u0142ymstoku.<\/p>\n\n\n\n<p>12) okre\u015blenie obowi\u0105zk\u00f3w promotora pomocniczego.<\/p>\n\n\n\n<div class=\"wp-block-columns is-layout-flex wp-container-core-columns-is-layout-9d6595d7 wp-block-columns-is-layout-flex\">\n<div class=\"wp-block-column is-layout-flow wp-block-column-is-layout-flow\" style=\"flex-basis:100%\">\n<h2 class=\"wp-block-heading has-text-align-center\">Limity doktorant\u00f3w u promotora<\/h2>\n<\/div>\n<\/div>\n\n\n\n<p><strong>Zgodnie z \u00a7 27 Regulaminu SDNSiP<\/strong>:<\/p>\n\n\n\n<p>1. W szkole doktorskiej ta sama osoba nie mo\u017ce by\u0107 jednocze\u015bnie promotorem wi\u0119cej ni\u017c czterech doktorant\u00f3w, z czego przynajmniej dw\u00f3ch doktorant\u00f3w musi by\u0107 po pozytywnej ocenie \u015br\u00f3dokresowej.<\/p>\n\n\n\n<p>2. Pod opiek\u0105 promotora pomocniczego mo\u017ce pozostawa\u0107 nie wi\u0119cej ni\u017c dw\u00f3ch doktorant\u00f3w.<\/p>\n\n\n\n<div class=\"wp-block-columns is-layout-flex wp-container-core-columns-is-layout-9d6595d7 wp-block-columns-is-layout-flex\">\n<div class=\"wp-block-column is-layout-flow wp-block-column-is-layout-flow\" style=\"flex-basis:100%\">\n<h2 class=\"wp-block-heading has-text-align-center\">Wyznaczenie promotor\u00f3w<\/h2>\n<\/div>\n<\/div>\n\n\n\n<p>Doktorant, w terminie 30 dni od dnia rozpocz\u0119cia kszta\u0142cenia, sk\u0142ada do dyrektora wniosek o wyznaczenie promotora, promotor\u00f3w albo promotora i promotora pomocniczego, wskazuj\u0105c w nim osob\u0119 lub osoby spe\u0142niaj\u0105ce warunki, o kt\u00f3rych mowa w \u00a7 25 ust. 2. <\/p>\n\n\n\n<p>Do wniosku nale\u017cy do\u0142\u0105czy\u0107 o\u015bwiadczenie lub o\u015bwiadczenia kandydat\u00f3w na promotora, promotor\u00f3w albo promotora i promotora pomocniczego o wyra\u017ceniu zgody na sprawowanie opieki naukowej oraz wykaz ich osi\u0105gni\u0119\u0107 naukowych z ostatnich 5 lat. <a href=\"https:\/\/szkolydoktorskie.uwb.edu.pl\/nsip\/druki\/\">DRUKI<\/a><\/p>\n","protected":false},"excerpt":{"rendered":"<p>Wykaz promotor\u00f3w 2023\/2024 Obowi\u0105zki promotora Obowi\u0105zki promotora \u00a7 25 ust. 4 Regulaminu SDNSiP 4. Do obowi\u0105zk\u00f3w promotora nale\u017cy w szczeg\u00f3lno\u015bci: 1) uzgadnianie z doktorantem indywidualnego planu badawczego ze wskazaniem element\u00f3w&hellip;<\/p>\n","protected":false},"author":8,"featured_media":0,"parent":0,"menu_order":0,"comment_status":"closed","ping_status":"closed","template":"","meta":{"footnotes":""},"class_list":["post-2737","page","type-page","status-publish","hentry"],"yoast_head":"<!-- This site is optimized with the Yoast SEO plugin v27.3 - https:\/\/yoast.com\/product\/yoast-seo-wordpress\/ -->\n<title>Promotorzy - Szko\u0142a Doktorska Nauk \u015acis\u0142ych i Przyrodniczych UwB<\/title>\n<meta name=\"robots\" content=\"index, follow, max-snippet:-1, max-image-preview:large, max-video-preview:-1\" \/>\n<link rel=\"canonical\" href=\"https:\/\/szkolydoktorskie.uwb.edu.pl\/nsip\/promotorzy\/\" \/>\n<meta property=\"og:locale\" content=\"pl_PL\" \/>\n<meta property=\"og:type\" content=\"article\" \/>\n<meta property=\"og:title\" content=\"Promotorzy - Szko\u0142a Doktorska Nauk \u015acis\u0142ych i Przyrodniczych UwB\" \/>\n<meta property=\"og:description\" content=\"Wykaz promotor\u00f3w 2023\/2024 Obowi\u0105zki promotora Obowi\u0105zki promotora \u00a7 25 ust. 4 Regulaminu SDNSiP 4. Do obowi\u0105zk\u00f3w promotora nale\u017cy w szczeg\u00f3lno\u015bci: 1) uzgadnianie z doktorantem indywidualnego planu badawczego ze wskazaniem element\u00f3w&hellip;\" \/>\n<meta property=\"og:url\" content=\"https:\/\/szkolydoktorskie.uwb.edu.pl\/nsip\/promotorzy\/\" \/>\n<meta property=\"og:site_name\" content=\"Szko\u0142a Doktorska Nauk \u015acis\u0142ych i Przyrodniczych UwB\" \/>\n<meta property=\"article:modified_time\" content=\"2024-08-19T11:45:03+00:00\" \/>\n<meta name=\"twitter:card\" content=\"summary_large_image\" \/>\n<meta name=\"twitter:label1\" content=\"Szacowany czas czytania\" \/>\n\t<meta name=\"twitter:data1\" content=\"3 minuty\" \/>\n<script type=\"application\/ld+json\" class=\"yoast-schema-graph\">{\"@context\":\"https:\\\/\\\/schema.org\",\"@graph\":[{\"@type\":\"WebPage\",\"@id\":\"https:\\\/\\\/szkolydoktorskie.uwb.edu.pl\\\/nsip\\\/promotorzy\\\/\",\"url\":\"https:\\\/\\\/szkolydoktorskie.uwb.edu.pl\\\/nsip\\\/promotorzy\\\/\",\"name\":\"Promotorzy - Szko\u0142a Doktorska Nauk \u015acis\u0142ych i Przyrodniczych UwB\",\"isPartOf\":{\"@id\":\"https:\\\/\\\/szkolydoktorskie.uwb.edu.pl\\\/nsip\\\/#website\"},\"datePublished\":\"2023-11-30T11:45:05+00:00\",\"dateModified\":\"2024-08-19T11:45:03+00:00\",\"breadcrumb\":{\"@id\":\"https:\\\/\\\/szkolydoktorskie.uwb.edu.pl\\\/nsip\\\/promotorzy\\\/#breadcrumb\"},\"inLanguage\":\"pl-PL\",\"potentialAction\":[{\"@type\":\"ReadAction\",\"target\":[\"https:\\\/\\\/szkolydoktorskie.uwb.edu.pl\\\/nsip\\\/promotorzy\\\/\"]}]},{\"@type\":\"BreadcrumbList\",\"@id\":\"https:\\\/\\\/szkolydoktorskie.uwb.edu.pl\\\/nsip\\\/promotorzy\\\/#breadcrumb\",\"itemListElement\":[{\"@type\":\"ListItem\",\"position\":1,\"name\":\"Strona g\u0142\u00f3wna\",\"item\":\"https:\\\/\\\/szkolydoktorskie.uwb.edu.pl\\\/nsip\\\/\"},{\"@type\":\"ListItem\",\"position\":2,\"name\":\"Promotorzy\"}]},{\"@type\":\"WebSite\",\"@id\":\"https:\\\/\\\/szkolydoktorskie.uwb.edu.pl\\\/nsip\\\/#website\",\"url\":\"https:\\\/\\\/szkolydoktorskie.uwb.edu.pl\\\/nsip\\\/\",\"name\":\"Szko\u0142a Doktorska Nauk \u015acis\u0142ych i Przyrodniczych UwB\",\"description\":\"Szko\u0142a Doktorska Nauk \u015acis\u0142ych i Przyrodniczych UwB\",\"publisher\":{\"@id\":\"https:\\\/\\\/szkolydoktorskie.uwb.edu.pl\\\/nsip\\\/#organization\"},\"potentialAction\":[{\"@type\":\"SearchAction\",\"target\":{\"@type\":\"EntryPoint\",\"urlTemplate\":\"https:\\\/\\\/szkolydoktorskie.uwb.edu.pl\\\/nsip\\\/?s={search_term_string}\"},\"query-input\":{\"@type\":\"PropertyValueSpecification\",\"valueRequired\":true,\"valueName\":\"search_term_string\"}}],\"inLanguage\":\"pl-PL\"},{\"@type\":\"Organization\",\"@id\":\"https:\\\/\\\/szkolydoktorskie.uwb.edu.pl\\\/nsip\\\/#organization\",\"name\":\"Szko\u0142a Doktorska Nauk \u015acis\u0142ych i Przyrodniczych UwB\",\"url\":\"https:\\\/\\\/szkolydoktorskie.uwb.edu.pl\\\/nsip\\\/\",\"logo\":{\"@type\":\"ImageObject\",\"inLanguage\":\"pl-PL\",\"@id\":\"https:\\\/\\\/szkolydoktorskie.uwb.edu.pl\\\/nsip\\\/#\\\/schema\\\/logo\\\/image\\\/\",\"url\":\"https:\\\/\\\/szkolydoktorskie.uwb.edu.pl\\\/nsip\\\/wp-content\\\/uploads\\\/sites\\\/4\\\/2021\\\/04\\\/cropped-LOGO-NSIP.png\",\"contentUrl\":\"https:\\\/\\\/szkolydoktorskie.uwb.edu.pl\\\/nsip\\\/wp-content\\\/uploads\\\/sites\\\/4\\\/2021\\\/04\\\/cropped-LOGO-NSIP.png\",\"width\":705,\"height\":188,\"caption\":\"Szko\u0142a Doktorska Nauk \u015acis\u0142ych i Przyrodniczych UwB\"},\"image\":{\"@id\":\"https:\\\/\\\/szkolydoktorskie.uwb.edu.pl\\\/nsip\\\/#\\\/schema\\\/logo\\\/image\\\/\"}}]}<\/script>\n<!-- \/ Yoast SEO plugin. -->","yoast_head_json":{"title":"Promotorzy - Szko\u0142a Doktorska Nauk \u015acis\u0142ych i Przyrodniczych UwB","robots":{"index":"index","follow":"follow","max-snippet":"max-snippet:-1","max-image-preview":"max-image-preview:large","max-video-preview":"max-video-preview:-1"},"canonical":"https:\/\/szkolydoktorskie.uwb.edu.pl\/nsip\/promotorzy\/","og_locale":"pl_PL","og_type":"article","og_title":"Promotorzy - Szko\u0142a Doktorska Nauk \u015acis\u0142ych i Przyrodniczych UwB","og_description":"Wykaz promotor\u00f3w 2023\/2024 Obowi\u0105zki promotora Obowi\u0105zki promotora \u00a7 25 ust. 4 Regulaminu SDNSiP 4. Do obowi\u0105zk\u00f3w promotora nale\u017cy w szczeg\u00f3lno\u015bci: 1) uzgadnianie z doktorantem indywidualnego planu badawczego ze wskazaniem element\u00f3w&hellip;","og_url":"https:\/\/szkolydoktorskie.uwb.edu.pl\/nsip\/promotorzy\/","og_site_name":"Szko\u0142a Doktorska Nauk \u015acis\u0142ych i Przyrodniczych UwB","article_modified_time":"2024-08-19T11:45:03+00:00","twitter_card":"summary_large_image","twitter_misc":{"Szacowany czas czytania":"3 minuty"},"schema":{"@context":"https:\/\/schema.org","@graph":[{"@type":"WebPage","@id":"https:\/\/szkolydoktorskie.uwb.edu.pl\/nsip\/promotorzy\/","url":"https:\/\/szkolydoktorskie.uwb.edu.pl\/nsip\/promotorzy\/","name":"Promotorzy - Szko\u0142a Doktorska Nauk \u015acis\u0142ych i Przyrodniczych UwB","isPartOf":{"@id":"https:\/\/szkolydoktorskie.uwb.edu.pl\/nsip\/#website"},"datePublished":"2023-11-30T11:45:05+00:00","dateModified":"2024-08-19T11:45:03+00:00","breadcrumb":{"@id":"https:\/\/szkolydoktorskie.uwb.edu.pl\/nsip\/promotorzy\/#breadcrumb"},"inLanguage":"pl-PL","potentialAction":[{"@type":"ReadAction","target":["https:\/\/szkolydoktorskie.uwb.edu.pl\/nsip\/promotorzy\/"]}]},{"@type":"BreadcrumbList","@id":"https:\/\/szkolydoktorskie.uwb.edu.pl\/nsip\/promotorzy\/#breadcrumb","itemListElement":[{"@type":"ListItem","position":1,"name":"Strona g\u0142\u00f3wna","item":"https:\/\/szkolydoktorskie.uwb.edu.pl\/nsip\/"},{"@type":"ListItem","position":2,"name":"Promotorzy"}]},{"@type":"WebSite","@id":"https:\/\/szkolydoktorskie.uwb.edu.pl\/nsip\/#website","url":"https:\/\/szkolydoktorskie.uwb.edu.pl\/nsip\/","name":"Szko\u0142a Doktorska Nauk \u015acis\u0142ych i Przyrodniczych UwB","description":"Szko\u0142a Doktorska Nauk \u015acis\u0142ych i Przyrodniczych UwB","publisher":{"@id":"https:\/\/szkolydoktorskie.uwb.edu.pl\/nsip\/#organization"},"potentialAction":[{"@type":"SearchAction","target":{"@type":"EntryPoint","urlTemplate":"https:\/\/szkolydoktorskie.uwb.edu.pl\/nsip\/?s={search_term_string}"},"query-input":{"@type":"PropertyValueSpecification","valueRequired":true,"valueName":"search_term_string"}}],"inLanguage":"pl-PL"},{"@type":"Organization","@id":"https:\/\/szkolydoktorskie.uwb.edu.pl\/nsip\/#organization","name":"Szko\u0142a Doktorska Nauk \u015acis\u0142ych i Przyrodniczych UwB","url":"https:\/\/szkolydoktorskie.uwb.edu.pl\/nsip\/","logo":{"@type":"ImageObject","inLanguage":"pl-PL","@id":"https:\/\/szkolydoktorskie.uwb.edu.pl\/nsip\/#\/schema\/logo\/image\/","url":"https:\/\/szkolydoktorskie.uwb.edu.pl\/nsip\/wp-content\/uploads\/sites\/4\/2021\/04\/cropped-LOGO-NSIP.png","contentUrl":"https:\/\/szkolydoktorskie.uwb.edu.pl\/nsip\/wp-content\/uploads\/sites\/4\/2021\/04\/cropped-LOGO-NSIP.png","width":705,"height":188,"caption":"Szko\u0142a Doktorska Nauk \u015acis\u0142ych i Przyrodniczych UwB"},"image":{"@id":"https:\/\/szkolydoktorskie.uwb.edu.pl\/nsip\/#\/schema\/logo\/image\/"}}]}},"_links":{"self":[{"href":"https:\/\/szkolydoktorskie.uwb.edu.pl\/nsip\/wp-json\/wp\/v2\/pages\/2737","targetHints":{"allow":["GET"]}}],"collection":[{"href":"https:\/\/szkolydoktorskie.uwb.edu.pl\/nsip\/wp-json\/wp\/v2\/pages"}],"about":[{"href":"https:\/\/szkolydoktorskie.uwb.edu.pl\/nsip\/wp-json\/wp\/v2\/types\/page"}],"author":[{"embeddable":true,"href":"https:\/\/szkolydoktorskie.uwb.edu.pl\/nsip\/wp-json\/wp\/v2\/users\/8"}],"replies":[{"embeddable":true,"href":"https:\/\/szkolydoktorskie.uwb.edu.pl\/nsip\/wp-json\/wp\/v2\/comments?post=2737"}],"version-history":[{"count":5,"href":"https:\/\/szkolydoktorskie.uwb.edu.pl\/nsip\/wp-json\/wp\/v2\/pages\/2737\/revisions"}],"predecessor-version":[{"id":3218,"href":"https:\/\/szkolydoktorskie.uwb.edu.pl\/nsip\/wp-json\/wp\/v2\/pages\/2737\/revisions\/3218"}],"wp:attachment":[{"href":"https:\/\/szkolydoktorskie.uwb.edu.pl\/nsip\/wp-json\/wp\/v2\/media?parent=2737"}],"curies":[{"name":"wp","href":"https:\/\/api.w.org\/{rel}","templated":true}]}}