{"id":2688,"date":"2023-10-26T08:29:00","date_gmt":"2023-10-26T06:29:00","guid":{"rendered":"https:\/\/szkolydoktorskie.uwb.edu.pl\/nsip\/?page_id=2688"},"modified":"2024-06-20T11:51:01","modified_gmt":"2024-06-20T09:51:01","slug":"mgr-joanna-blonska","status":"publish","type":"page","link":"https:\/\/szkolydoktorskie.uwb.edu.pl\/nsip\/mgr-joanna-blonska\/","title":{"rendered":"mgr in\u017c. Joanna B\u0142o\u0144ska"},"content":{"rendered":"\n<figure class=\"wp-block-image size-large is-resized\"><img loading=\"lazy\" decoding=\"async\" width=\"742\" height=\"1024\" src=\"https:\/\/szkolydoktorskie.uwb.edu.pl\/nsip\/wp-content\/uploads\/sites\/4\/2023\/10\/Joanna-Blonska-742x1024.jpg\" alt=\"\" class=\"wp-image-2689\" style=\"aspect-ratio:0.724609375;width:231px;height:auto\" srcset=\"https:\/\/szkolydoktorskie.uwb.edu.pl\/nsip\/wp-content\/uploads\/sites\/4\/2023\/10\/Joanna-Blonska-742x1024.jpg 742w, https:\/\/szkolydoktorskie.uwb.edu.pl\/nsip\/wp-content\/uploads\/sites\/4\/2023\/10\/Joanna-Blonska-217x300.jpg 217w, https:\/\/szkolydoktorskie.uwb.edu.pl\/nsip\/wp-content\/uploads\/sites\/4\/2023\/10\/Joanna-Blonska-768x1059.jpg 768w, https:\/\/szkolydoktorskie.uwb.edu.pl\/nsip\/wp-content\/uploads\/sites\/4\/2023\/10\/Joanna-Blonska-1114x1536.jpg 1114w, https:\/\/szkolydoktorskie.uwb.edu.pl\/nsip\/wp-content\/uploads\/sites\/4\/2023\/10\/Joanna-Blonska-1485x2048.jpg 1485w, https:\/\/szkolydoktorskie.uwb.edu.pl\/nsip\/wp-content\/uploads\/sites\/4\/2023\/10\/Joanna-Blonska.jpg 1529w\" sizes=\"auto, (max-width: 742px) 100vw, 742px\" \/><\/figure>\n\n\n\n<figure class=\"wp-block-table\"><table><tbody><tr><td><strong>E-mail&nbsp;<\/strong><\/td><td><a href=\"mailto:j.blonska@uwb.edu.pl\">j.blonska@uwb.edu.pl<\/a><\/td><\/tr><tr><td><strong>Kod ORCID<\/strong><\/td><td>0009-0003-2731-2098<\/td><\/tr><tr><td><strong>Temat rozprawy doktorskiej<\/strong><\/td><td>\u201eZwi\u0105zek mi\u0119dzy inwestycj\u0105 w rozr\u00f3d i immunosupresj\u0105: strategie \u017cyciowe myszy domowych <em>(Mus musculus)<\/em> oraz popielic szarych <em>(Glis glis).<\/em>\u201d<\/td><\/tr><tr><td><strong>Promotor<\/strong><\/td><td>Prof. dr hab. Marek Konarzewski<\/td><\/tr><tr><td><strong>Promotor pomocniczy<\/strong><\/td><td>&#8211;<\/td><\/tr><tr><td><strong>Wydzia\u0142 \/Katedra\/Zak\u0142ad<\/strong><\/td><td>Katedra Ekologii Ewolucyjnej i Fizjologicznej<\/td><\/tr><tr><td><strong>Dzia\u0142alno\u015b\u0107 naukowo-badawcza<\/strong><\/td><td>&#8211;<\/td><\/tr><tr><td><strong>A.&nbsp;&nbsp;&nbsp;&nbsp;Publikacje naukowe<\/strong><\/td><td>&#8211;<\/td><\/tr><tr><td><strong>A1. Artyku\u0142y naukowe w czasopismach<\/strong><\/td><td>&#8211;<\/td><\/tr><tr><td><strong>A2. Monografie naukowe\/rozdzia\u0142y w monografiach<\/strong><\/td><td>&#8211;<\/td><\/tr><tr><td><strong>B. Konferencje naukowe<\/strong><\/td><td>&#8211; Polish Evolutionary Conference 2023, Krak\u00f3w, 18-20.09.2023r.; Karolina Iwi\u0144ska , Jan S. Boraty\u0144ski, <strong>Joanna B\u0142o\u0144ska<\/strong>, Zbigniew Borowski, Aneta Ksi\u0105\u017cek, Marek Konarzewski; poster \u201cOxidative stress correlates with immunocompetence in breeding females of wild long-living mammal &#8211; edible dormouse Glis glis\u201d. \u00a0 <br><br>&#8211; X Og\u00f3lnopolska Studencka Konferencja Teriologiczna, Wroc\u0142aw; 24-26.06.2024r.; <strong>Joanna B\u0142o\u0144ska, <\/strong>Karolina Iwi\u0144ska, Jan S. Boraty\u0144ski, Hanna Kletkiewicz, Marek Konarzewski; poster: \u201eWp\u0142yw hibernacji oraz rozrodu na poziom zapaso\u017cycenia samic popielicy szarej\u201d Odniesienie do efekt\u00f3w uczenia si\u0119:<\/td><\/tr><tr><td><strong>C. Granty<\/strong><\/td><td>&#8211; Popielica szara: nowy model zwierz\u0119cy w badaniach koszt\u00f3w rozrodu\u201d (NCN, konkurs PRELUDIUM BIS), kierownik projektu: prof. dr hab. Marek Konarzewski; rola w projekcie: uczestnik (2021-obecnie).<\/td><\/tr><tr><td><strong>D. Zrealizowane sta\u017ce<\/strong><\/td><td>&#8211;<\/td><\/tr><tr><td><strong>E. Inne aktywno\u015bci\/osi\u0105gni\u0119cia naukowe<\/strong><\/td><td>&#8211; Wykszta\u0142cenie w kierunku technika weterynarii, wieloletnie do\u015bwiadczenie zawodowe (2016-obecnie). <br>&#8211; Udzia\u0142 w szkoleniu pt.: \u201eWestern blot \u2013 a technique possible to optimize\u201d. <br><br>&#8211; Uko\u0144czenie kursu \u201eLokalne i globalne zagro\u017cenia \u015brodowiska\u201d \u2013 19.10.2023r. <br>&#8211; Udzia\u0142 w szkoleniach 26-27.10.2023r. pt.: \u201eBudowanie wizerunku biznesowo-naukowego w social mediach\u201d, \u201eKszta\u0142towanie umiej\u0119tno\u015bci komunikacyjnych w zespole\u201d, \u201dUmiej\u0119tno\u015bci transwersalne w karierze naukowej\u201d. <br>&#8211; Udzia\u0142 w webinarze pt.: \u201eZdrowie zaczyna si\u0119 od jelit \u2013 co mo\u017cemy dla nich zrobi\u0107?\u201d<\/td><\/tr><tr><td><strong>Inna aktywno\u015b\u0107, np. organizacyjna<\/strong><\/td><td>&#8211; \u00a0Czynny udzia\u0142 w XVIII Podlaskim Festiwalu Nauki i Sztuki 2022. <br>&#8211; Wsp\u00f3\u0142organizacja serii warsztat\u00f3w z zakresu chirurgii i ortopedii weterynaryjnej (2022-obecnie). <br>&#8211; Udzia\u0142 oraz pomoc organizacyjna w mi\u0119dzynarodowej konferencji \u201e15th International Grouse Symposium\u201d 2023r.<\/td><\/tr><\/tbody><\/table><\/figure>\n","protected":false},"excerpt":{"rendered":"<p>E-mail&nbsp; j.blonska@uwb.edu.pl Kod ORCID 0009-0003-2731-2098 Temat rozprawy doktorskiej \u201eZwi\u0105zek mi\u0119dzy inwestycj\u0105 w rozr\u00f3d i immunosupresj\u0105: strategie \u017cyciowe myszy domowych (Mus musculus) oraz popielic szarych (Glis glis).\u201d Promotor Prof. dr hab.&hellip;<\/p>\n","protected":false},"author":8,"featured_media":0,"parent":0,"menu_order":0,"comment_status":"closed","ping_status":"closed","template":"","meta":{"footnotes":""},"class_list":["post-2688","page","type-page","status-publish","hentry"],"yoast_head":"<!-- This site is optimized with the Yoast SEO plugin v27.5 - https:\/\/yoast.com\/product\/yoast-seo-wordpress\/ -->\n<title>mgr in\u017c. Joanna B\u0142o\u0144ska - Szko\u0142a Doktorska Nauk \u015acis\u0142ych i Przyrodniczych UwB<\/title>\n<meta name=\"robots\" content=\"index, follow, max-snippet:-1, max-image-preview:large, max-video-preview:-1\" \/>\n<link rel=\"canonical\" href=\"https:\/\/szkolydoktorskie.uwb.edu.pl\/nsip\/mgr-joanna-blonska\/\" \/>\n<meta property=\"og:locale\" content=\"pl_PL\" \/>\n<meta property=\"og:type\" content=\"article\" \/>\n<meta property=\"og:title\" content=\"mgr in\u017c. Joanna B\u0142o\u0144ska - Szko\u0142a Doktorska Nauk \u015acis\u0142ych i Przyrodniczych UwB\" \/>\n<meta property=\"og:description\" content=\"E-mail&nbsp; j.blonska@uwb.edu.pl Kod ORCID 0009-0003-2731-2098 Temat rozprawy doktorskiej \u201eZwi\u0105zek mi\u0119dzy inwestycj\u0105 w rozr\u00f3d i immunosupresj\u0105: strategie \u017cyciowe myszy domowych (Mus musculus) oraz popielic szarych (Glis glis).\u201d Promotor Prof. dr hab.&hellip;\" \/>\n<meta property=\"og:url\" content=\"https:\/\/szkolydoktorskie.uwb.edu.pl\/nsip\/mgr-joanna-blonska\/\" \/>\n<meta property=\"og:site_name\" content=\"Szko\u0142a Doktorska Nauk \u015acis\u0142ych i Przyrodniczych UwB\" \/>\n<meta property=\"article:modified_time\" content=\"2024-06-20T09:51:01+00:00\" \/>\n<meta property=\"og:image\" content=\"https:\/\/szkolydoktorskie.uwb.edu.pl\/nsip\/wp-content\/uploads\/sites\/4\/2023\/10\/Joanna-Blonska-742x1024.jpg\" \/>\n<meta name=\"twitter:card\" content=\"summary_large_image\" \/>\n<meta name=\"twitter:label1\" content=\"Szacowany czas czytania\" \/>\n\t<meta name=\"twitter:data1\" content=\"2 minuty\" \/>\n<script type=\"application\/ld+json\" class=\"yoast-schema-graph\">{\"@context\":\"https:\\\/\\\/schema.org\",\"@graph\":[{\"@type\":\"WebPage\",\"@id\":\"https:\\\/\\\/szkolydoktorskie.uwb.edu.pl\\\/nsip\\\/mgr-joanna-blonska\\\/\",\"url\":\"https:\\\/\\\/szkolydoktorskie.uwb.edu.pl\\\/nsip\\\/mgr-joanna-blonska\\\/\",\"name\":\"mgr in\u017c. Joanna B\u0142o\u0144ska - Szko\u0142a Doktorska Nauk \u015acis\u0142ych i Przyrodniczych UwB\",\"isPartOf\":{\"@id\":\"https:\\\/\\\/szkolydoktorskie.uwb.edu.pl\\\/nsip\\\/#website\"},\"primaryImageOfPage\":{\"@id\":\"https:\\\/\\\/szkolydoktorskie.uwb.edu.pl\\\/nsip\\\/mgr-joanna-blonska\\\/#primaryimage\"},\"image\":{\"@id\":\"https:\\\/\\\/szkolydoktorskie.uwb.edu.pl\\\/nsip\\\/mgr-joanna-blonska\\\/#primaryimage\"},\"thumbnailUrl\":\"https:\\\/\\\/szkolydoktorskie.uwb.edu.pl\\\/nsip\\\/wp-content\\\/uploads\\\/sites\\\/4\\\/2023\\\/10\\\/Joanna-Blonska-742x1024.jpg\",\"datePublished\":\"2023-10-26T06:29:00+00:00\",\"dateModified\":\"2024-06-20T09:51:01+00:00\",\"breadcrumb\":{\"@id\":\"https:\\\/\\\/szkolydoktorskie.uwb.edu.pl\\\/nsip\\\/mgr-joanna-blonska\\\/#breadcrumb\"},\"inLanguage\":\"pl-PL\",\"potentialAction\":[{\"@type\":\"ReadAction\",\"target\":[\"https:\\\/\\\/szkolydoktorskie.uwb.edu.pl\\\/nsip\\\/mgr-joanna-blonska\\\/\"]}]},{\"@type\":\"ImageObject\",\"inLanguage\":\"pl-PL\",\"@id\":\"https:\\\/\\\/szkolydoktorskie.uwb.edu.pl\\\/nsip\\\/mgr-joanna-blonska\\\/#primaryimage\",\"url\":\"https:\\\/\\\/szkolydoktorskie.uwb.edu.pl\\\/nsip\\\/wp-content\\\/uploads\\\/sites\\\/4\\\/2023\\\/10\\\/Joanna-Blonska.jpg\",\"contentUrl\":\"https:\\\/\\\/szkolydoktorskie.uwb.edu.pl\\\/nsip\\\/wp-content\\\/uploads\\\/sites\\\/4\\\/2023\\\/10\\\/Joanna-Blonska.jpg\",\"width\":1529,\"height\":2109},{\"@type\":\"BreadcrumbList\",\"@id\":\"https:\\\/\\\/szkolydoktorskie.uwb.edu.pl\\\/nsip\\\/mgr-joanna-blonska\\\/#breadcrumb\",\"itemListElement\":[{\"@type\":\"ListItem\",\"position\":1,\"name\":\"Strona g\u0142\u00f3wna\",\"item\":\"https:\\\/\\\/szkolydoktorskie.uwb.edu.pl\\\/nsip\\\/\"},{\"@type\":\"ListItem\",\"position\":2,\"name\":\"mgr in\u017c. Joanna B\u0142o\u0144ska\"}]},{\"@type\":\"WebSite\",\"@id\":\"https:\\\/\\\/szkolydoktorskie.uwb.edu.pl\\\/nsip\\\/#website\",\"url\":\"https:\\\/\\\/szkolydoktorskie.uwb.edu.pl\\\/nsip\\\/\",\"name\":\"Szko\u0142a Doktorska Nauk \u015acis\u0142ych i Przyrodniczych UwB\",\"description\":\"Szko\u0142a Doktorska Nauk \u015acis\u0142ych i Przyrodniczych UwB\",\"publisher\":{\"@id\":\"https:\\\/\\\/szkolydoktorskie.uwb.edu.pl\\\/nsip\\\/#organization\"},\"potentialAction\":[{\"@type\":\"SearchAction\",\"target\":{\"@type\":\"EntryPoint\",\"urlTemplate\":\"https:\\\/\\\/szkolydoktorskie.uwb.edu.pl\\\/nsip\\\/?s={search_term_string}\"},\"query-input\":{\"@type\":\"PropertyValueSpecification\",\"valueRequired\":true,\"valueName\":\"search_term_string\"}}],\"inLanguage\":\"pl-PL\"},{\"@type\":\"Organization\",\"@id\":\"https:\\\/\\\/szkolydoktorskie.uwb.edu.pl\\\/nsip\\\/#organization\",\"name\":\"Szko\u0142a Doktorska Nauk \u015acis\u0142ych i Przyrodniczych UwB\",\"url\":\"https:\\\/\\\/szkolydoktorskie.uwb.edu.pl\\\/nsip\\\/\",\"logo\":{\"@type\":\"ImageObject\",\"inLanguage\":\"pl-PL\",\"@id\":\"https:\\\/\\\/szkolydoktorskie.uwb.edu.pl\\\/nsip\\\/#\\\/schema\\\/logo\\\/image\\\/\",\"url\":\"https:\\\/\\\/szkolydoktorskie.uwb.edu.pl\\\/nsip\\\/wp-content\\\/uploads\\\/sites\\\/4\\\/2021\\\/04\\\/cropped-LOGO-NSIP.png\",\"contentUrl\":\"https:\\\/\\\/szkolydoktorskie.uwb.edu.pl\\\/nsip\\\/wp-content\\\/uploads\\\/sites\\\/4\\\/2021\\\/04\\\/cropped-LOGO-NSIP.png\",\"width\":705,\"height\":188,\"caption\":\"Szko\u0142a Doktorska Nauk \u015acis\u0142ych i Przyrodniczych UwB\"},\"image\":{\"@id\":\"https:\\\/\\\/szkolydoktorskie.uwb.edu.pl\\\/nsip\\\/#\\\/schema\\\/logo\\\/image\\\/\"}}]}<\/script>\n<!-- \/ Yoast SEO plugin. -->","yoast_head_json":{"title":"mgr in\u017c. Joanna B\u0142o\u0144ska - Szko\u0142a Doktorska Nauk \u015acis\u0142ych i Przyrodniczych UwB","robots":{"index":"index","follow":"follow","max-snippet":"max-snippet:-1","max-image-preview":"max-image-preview:large","max-video-preview":"max-video-preview:-1"},"canonical":"https:\/\/szkolydoktorskie.uwb.edu.pl\/nsip\/mgr-joanna-blonska\/","og_locale":"pl_PL","og_type":"article","og_title":"mgr in\u017c. Joanna B\u0142o\u0144ska - Szko\u0142a Doktorska Nauk \u015acis\u0142ych i Przyrodniczych UwB","og_description":"E-mail&nbsp; j.blonska@uwb.edu.pl Kod ORCID 0009-0003-2731-2098 Temat rozprawy doktorskiej \u201eZwi\u0105zek mi\u0119dzy inwestycj\u0105 w rozr\u00f3d i immunosupresj\u0105: strategie \u017cyciowe myszy domowych (Mus musculus) oraz popielic szarych (Glis glis).\u201d Promotor Prof. dr hab.&hellip;","og_url":"https:\/\/szkolydoktorskie.uwb.edu.pl\/nsip\/mgr-joanna-blonska\/","og_site_name":"Szko\u0142a Doktorska Nauk \u015acis\u0142ych i Przyrodniczych UwB","article_modified_time":"2024-06-20T09:51:01+00:00","og_image":[{"url":"https:\/\/szkolydoktorskie.uwb.edu.pl\/nsip\/wp-content\/uploads\/sites\/4\/2023\/10\/Joanna-Blonska-742x1024.jpg","type":"","width":"","height":""}],"twitter_card":"summary_large_image","twitter_misc":{"Szacowany czas czytania":"2 minuty"},"schema":{"@context":"https:\/\/schema.org","@graph":[{"@type":"WebPage","@id":"https:\/\/szkolydoktorskie.uwb.edu.pl\/nsip\/mgr-joanna-blonska\/","url":"https:\/\/szkolydoktorskie.uwb.edu.pl\/nsip\/mgr-joanna-blonska\/","name":"mgr in\u017c. Joanna B\u0142o\u0144ska - Szko\u0142a Doktorska Nauk \u015acis\u0142ych i Przyrodniczych UwB","isPartOf":{"@id":"https:\/\/szkolydoktorskie.uwb.edu.pl\/nsip\/#website"},"primaryImageOfPage":{"@id":"https:\/\/szkolydoktorskie.uwb.edu.pl\/nsip\/mgr-joanna-blonska\/#primaryimage"},"image":{"@id":"https:\/\/szkolydoktorskie.uwb.edu.pl\/nsip\/mgr-joanna-blonska\/#primaryimage"},"thumbnailUrl":"https:\/\/szkolydoktorskie.uwb.edu.pl\/nsip\/wp-content\/uploads\/sites\/4\/2023\/10\/Joanna-Blonska-742x1024.jpg","datePublished":"2023-10-26T06:29:00+00:00","dateModified":"2024-06-20T09:51:01+00:00","breadcrumb":{"@id":"https:\/\/szkolydoktorskie.uwb.edu.pl\/nsip\/mgr-joanna-blonska\/#breadcrumb"},"inLanguage":"pl-PL","potentialAction":[{"@type":"ReadAction","target":["https:\/\/szkolydoktorskie.uwb.edu.pl\/nsip\/mgr-joanna-blonska\/"]}]},{"@type":"ImageObject","inLanguage":"pl-PL","@id":"https:\/\/szkolydoktorskie.uwb.edu.pl\/nsip\/mgr-joanna-blonska\/#primaryimage","url":"https:\/\/szkolydoktorskie.uwb.edu.pl\/nsip\/wp-content\/uploads\/sites\/4\/2023\/10\/Joanna-Blonska.jpg","contentUrl":"https:\/\/szkolydoktorskie.uwb.edu.pl\/nsip\/wp-content\/uploads\/sites\/4\/2023\/10\/Joanna-Blonska.jpg","width":1529,"height":2109},{"@type":"BreadcrumbList","@id":"https:\/\/szkolydoktorskie.uwb.edu.pl\/nsip\/mgr-joanna-blonska\/#breadcrumb","itemListElement":[{"@type":"ListItem","position":1,"name":"Strona g\u0142\u00f3wna","item":"https:\/\/szkolydoktorskie.uwb.edu.pl\/nsip\/"},{"@type":"ListItem","position":2,"name":"mgr in\u017c. Joanna B\u0142o\u0144ska"}]},{"@type":"WebSite","@id":"https:\/\/szkolydoktorskie.uwb.edu.pl\/nsip\/#website","url":"https:\/\/szkolydoktorskie.uwb.edu.pl\/nsip\/","name":"Szko\u0142a Doktorska Nauk \u015acis\u0142ych i Przyrodniczych UwB","description":"Szko\u0142a Doktorska Nauk \u015acis\u0142ych i Przyrodniczych UwB","publisher":{"@id":"https:\/\/szkolydoktorskie.uwb.edu.pl\/nsip\/#organization"},"potentialAction":[{"@type":"SearchAction","target":{"@type":"EntryPoint","urlTemplate":"https:\/\/szkolydoktorskie.uwb.edu.pl\/nsip\/?s={search_term_string}"},"query-input":{"@type":"PropertyValueSpecification","valueRequired":true,"valueName":"search_term_string"}}],"inLanguage":"pl-PL"},{"@type":"Organization","@id":"https:\/\/szkolydoktorskie.uwb.edu.pl\/nsip\/#organization","name":"Szko\u0142a Doktorska Nauk \u015acis\u0142ych i Przyrodniczych UwB","url":"https:\/\/szkolydoktorskie.uwb.edu.pl\/nsip\/","logo":{"@type":"ImageObject","inLanguage":"pl-PL","@id":"https:\/\/szkolydoktorskie.uwb.edu.pl\/nsip\/#\/schema\/logo\/image\/","url":"https:\/\/szkolydoktorskie.uwb.edu.pl\/nsip\/wp-content\/uploads\/sites\/4\/2021\/04\/cropped-LOGO-NSIP.png","contentUrl":"https:\/\/szkolydoktorskie.uwb.edu.pl\/nsip\/wp-content\/uploads\/sites\/4\/2021\/04\/cropped-LOGO-NSIP.png","width":705,"height":188,"caption":"Szko\u0142a Doktorska Nauk \u015acis\u0142ych i Przyrodniczych UwB"},"image":{"@id":"https:\/\/szkolydoktorskie.uwb.edu.pl\/nsip\/#\/schema\/logo\/image\/"}}]}},"_links":{"self":[{"href":"https:\/\/szkolydoktorskie.uwb.edu.pl\/nsip\/wp-json\/wp\/v2\/pages\/2688","targetHints":{"allow":["GET"]}}],"collection":[{"href":"https:\/\/szkolydoktorskie.uwb.edu.pl\/nsip\/wp-json\/wp\/v2\/pages"}],"about":[{"href":"https:\/\/szkolydoktorskie.uwb.edu.pl\/nsip\/wp-json\/wp\/v2\/types\/page"}],"author":[{"embeddable":true,"href":"https:\/\/szkolydoktorskie.uwb.edu.pl\/nsip\/wp-json\/wp\/v2\/users\/8"}],"replies":[{"embeddable":true,"href":"https:\/\/szkolydoktorskie.uwb.edu.pl\/nsip\/wp-json\/wp\/v2\/comments?post=2688"}],"version-history":[{"count":3,"href":"https:\/\/szkolydoktorskie.uwb.edu.pl\/nsip\/wp-json\/wp\/v2\/pages\/2688\/revisions"}],"predecessor-version":[{"id":3159,"href":"https:\/\/szkolydoktorskie.uwb.edu.pl\/nsip\/wp-json\/wp\/v2\/pages\/2688\/revisions\/3159"}],"wp:attachment":[{"href":"https:\/\/szkolydoktorskie.uwb.edu.pl\/nsip\/wp-json\/wp\/v2\/media?parent=2688"}],"curies":[{"name":"wp","href":"https:\/\/api.w.org\/{rel}","templated":true}]}}