{"id":2656,"date":"2023-10-09T09:52:13","date_gmt":"2023-10-09T07:52:13","guid":{"rendered":"https:\/\/szkolydoktorskie.uwb.edu.pl\/nsip\/?page_id=2656"},"modified":"2024-05-27T14:19:52","modified_gmt":"2024-05-27T12:19:52","slug":"konkurs-per-aspera-ad-astra","status":"publish","type":"page","link":"https:\/\/szkolydoktorskie.uwb.edu.pl\/nsip\/konkurs-per-aspera-ad-astra\/","title":{"rendered":"Konkurs PER ASPERA AD ASTRA"},"content":{"rendered":"\n<p>W konkursie mog\u0105 uczestniczy\u0107 doktoranci szk\u00f3\u0142 doktorskich w trakcie kszta\u0142cenia, czyli realizuj\u0105cy program 1, 2, 3 lub 4 roku. Nie mog\u0105 natomiast do niego przyst\u0105pi\u0107 osoby, kt\u00f3rym dyrektor szko\u0142y doktorskiej przed\u0142u\u017cy\u0142 termin z\u0142o\u017cenia rozprawy doktorskiej. Chodzi o to, by premiowa\u0107 tych m\u0142odych badaczy, kt\u00f3rzy realizuj\u0105 kszta\u0142cenie zgodnie z za\u0142o\u017conym harmonogramem, wykazuj\u0105 si\u0119 systematyczno\u015bci\u0105 i konsekwencj\u0105.<\/p>\n\n\n\n<p>Komisje konkursowe, osobne dla ka\u017cdej ze szk\u00f3\u0142, oceni\u0105 dorobek naukowy doktorant\u00f3w z poprzedniego roku kalendarzowego \u2013 w pierwszej edycji b\u0119d\u0105 to wi\u0119c osi\u0105gni\u0119cia z 2023 r.<\/p>\n\n\n\n<p>Pod uwag\u0119 b\u0119d\u0105 brane autorskie monografie naukowe, artyku\u0142y, uzyskane granty, zg\u0142oszone i uzyskane patenty, sta\u017ce zagraniczne, referaty na mi\u0119dzynarodowych konferencjach naukowych.<\/p>\n\n\n\n<p class=\"has-text-align-center\"><strong><a href=\"https:\/\/szkolydoktorskie.uwb.edu.pl\/nsip\/wp-content\/uploads\/sites\/4\/2024\/01\/1-Komunikat-o-konkursie-Per-aspera-ad-astra.pdf\">I edycja konkursu &#8211; Komunikat Rektora<\/a><\/strong><\/p>\n\n\n\n<p><a href=\"https:\/\/bip.uwb.edu.pl\/uwb\/akty-prawne-uwb\/2023\/zarzadzenia-rektora\/20946,Zarzadzenie-nr-47-Rektora-Uniwersytetu-w-Bialymstoku-z-dnia-11-lipca-2023-r-w-sp.html\"><strong>Zarz\u0105dzenie<\/strong> nr 47 Rektora Uniwersytetu w Bia\u0142ymstoku z dnia 11 lipca 2023 r. <strong>w sprawie ustanowienia konkursu \u201ePer aspera ad astra\u201d<\/strong> skierowanego do doktorant\u00f3w Szk\u00f3\u0142 Doktorskich Uniwersytetu W Bia\u0142ymstoku<\/a><\/p>\n\n\n\n<p><a href=\"https:\/\/szkolydoktorskie.uwb.edu.pl\/nsip\/wp-content\/uploads\/sites\/4\/2023\/10\/REGULAMIN_KONKURSU.pdf\"><strong>Regulamin<\/strong> konkursu<\/a><a href=\"https:\/\/szkolydoktorskie.uwb.edu.pl\/Users\/Karolina\/Downloads\/47_-_konkurs_szkol_doktorskich_-_zarzadzenie-2.pdf\"><\/a><\/p>\n\n\n\n<p><strong><a href=\"https:\/\/szkolydoktorskie.uwb.edu.pl\/nsip\/wp-content\/uploads\/sites\/4\/2023\/10\/47_-_wniosek_doktoranta1.docx\">Wz\u00f3r wniosku<\/a><\/strong><\/p>\n\n\n\n<p><\/p>\n\n\n\n<p class=\"has-text-align-center\"><strong>Rozstrzygni\u0119cie I edycji konkursu Per Aspera Ad Astra.<\/strong><\/p>\n\n\n\n<p class=\"has-text-align-center\"><a href=\"https:\/\/szkolydoktorskie.uwb.edu.pl\/nsip\/wp-content\/uploads\/sites\/4\/2024\/05\/Decyzja_nr_7_Rektora_Uniwersytetu_w_Bialymstoku_z_dnia_24_maja_2024_r__w_sprawie_przyznania_nagrod_w_konkursie____Per_aspera_ad_astra___.pdf\">Decyzja Nr 7 Rektora UwB z dnia 24.05.2024 r.<\/a><\/p>\n\n\n\n<p class=\"has-text-align-center\"><em>Zwyci\u0119zcom serdecznie gratulujemy!<\/em><\/p>\n","protected":false},"excerpt":{"rendered":"<p>W konkursie mog\u0105 uczestniczy\u0107 doktoranci szk\u00f3\u0142 doktorskich w trakcie kszta\u0142cenia, czyli realizuj\u0105cy program 1, 2, 3 lub 4 roku. Nie mog\u0105 natomiast do niego przyst\u0105pi\u0107 osoby, kt\u00f3rym dyrektor szko\u0142y doktorskiej&hellip;<\/p>\n","protected":false},"author":8,"featured_media":0,"parent":0,"menu_order":0,"comment_status":"closed","ping_status":"closed","template":"","meta":{"footnotes":""},"class_list":["post-2656","page","type-page","status-publish","hentry"],"yoast_head":"<!-- This site is optimized with the Yoast SEO plugin v27.3 - https:\/\/yoast.com\/product\/yoast-seo-wordpress\/ -->\n<title>Konkurs PER ASPERA AD ASTRA - Szko\u0142a Doktorska Nauk \u015acis\u0142ych i Przyrodniczych UwB<\/title>\n<meta name=\"robots\" content=\"index, follow, max-snippet:-1, max-image-preview:large, max-video-preview:-1\" \/>\n<link rel=\"canonical\" href=\"https:\/\/szkolydoktorskie.uwb.edu.pl\/nsip\/konkurs-per-aspera-ad-astra\/\" \/>\n<meta property=\"og:locale\" content=\"pl_PL\" \/>\n<meta property=\"og:type\" content=\"article\" \/>\n<meta property=\"og:title\" content=\"Konkurs PER ASPERA AD ASTRA - Szko\u0142a Doktorska Nauk \u015acis\u0142ych i Przyrodniczych UwB\" \/>\n<meta property=\"og:description\" content=\"W konkursie mog\u0105 uczestniczy\u0107 doktoranci szk\u00f3\u0142 doktorskich w trakcie kszta\u0142cenia, czyli realizuj\u0105cy program 1, 2, 3 lub 4 roku. Nie mog\u0105 natomiast do niego przyst\u0105pi\u0107 osoby, kt\u00f3rym dyrektor szko\u0142y doktorskiej&hellip;\" \/>\n<meta property=\"og:url\" content=\"https:\/\/szkolydoktorskie.uwb.edu.pl\/nsip\/konkurs-per-aspera-ad-astra\/\" \/>\n<meta property=\"og:site_name\" content=\"Szko\u0142a Doktorska Nauk \u015acis\u0142ych i Przyrodniczych UwB\" \/>\n<meta property=\"article:modified_time\" content=\"2024-05-27T12:19:52+00:00\" \/>\n<meta name=\"twitter:card\" content=\"summary_large_image\" \/>\n<meta name=\"twitter:label1\" content=\"Szacowany czas czytania\" \/>\n\t<meta name=\"twitter:data1\" content=\"1 minuta\" \/>\n<script type=\"application\/ld+json\" class=\"yoast-schema-graph\">{\"@context\":\"https:\\\/\\\/schema.org\",\"@graph\":[{\"@type\":\"WebPage\",\"@id\":\"https:\\\/\\\/szkolydoktorskie.uwb.edu.pl\\\/nsip\\\/konkurs-per-aspera-ad-astra\\\/\",\"url\":\"https:\\\/\\\/szkolydoktorskie.uwb.edu.pl\\\/nsip\\\/konkurs-per-aspera-ad-astra\\\/\",\"name\":\"Konkurs PER ASPERA AD ASTRA - Szko\u0142a Doktorska Nauk \u015acis\u0142ych i Przyrodniczych UwB\",\"isPartOf\":{\"@id\":\"https:\\\/\\\/szkolydoktorskie.uwb.edu.pl\\\/nsip\\\/#website\"},\"datePublished\":\"2023-10-09T07:52:13+00:00\",\"dateModified\":\"2024-05-27T12:19:52+00:00\",\"breadcrumb\":{\"@id\":\"https:\\\/\\\/szkolydoktorskie.uwb.edu.pl\\\/nsip\\\/konkurs-per-aspera-ad-astra\\\/#breadcrumb\"},\"inLanguage\":\"pl-PL\",\"potentialAction\":[{\"@type\":\"ReadAction\",\"target\":[\"https:\\\/\\\/szkolydoktorskie.uwb.edu.pl\\\/nsip\\\/konkurs-per-aspera-ad-astra\\\/\"]}]},{\"@type\":\"BreadcrumbList\",\"@id\":\"https:\\\/\\\/szkolydoktorskie.uwb.edu.pl\\\/nsip\\\/konkurs-per-aspera-ad-astra\\\/#breadcrumb\",\"itemListElement\":[{\"@type\":\"ListItem\",\"position\":1,\"name\":\"Strona g\u0142\u00f3wna\",\"item\":\"https:\\\/\\\/szkolydoktorskie.uwb.edu.pl\\\/nsip\\\/\"},{\"@type\":\"ListItem\",\"position\":2,\"name\":\"Konkurs PER ASPERA AD ASTRA\"}]},{\"@type\":\"WebSite\",\"@id\":\"https:\\\/\\\/szkolydoktorskie.uwb.edu.pl\\\/nsip\\\/#website\",\"url\":\"https:\\\/\\\/szkolydoktorskie.uwb.edu.pl\\\/nsip\\\/\",\"name\":\"Szko\u0142a Doktorska Nauk \u015acis\u0142ych i Przyrodniczych UwB\",\"description\":\"Szko\u0142a Doktorska Nauk \u015acis\u0142ych i Przyrodniczych UwB\",\"publisher\":{\"@id\":\"https:\\\/\\\/szkolydoktorskie.uwb.edu.pl\\\/nsip\\\/#organization\"},\"potentialAction\":[{\"@type\":\"SearchAction\",\"target\":{\"@type\":\"EntryPoint\",\"urlTemplate\":\"https:\\\/\\\/szkolydoktorskie.uwb.edu.pl\\\/nsip\\\/?s={search_term_string}\"},\"query-input\":{\"@type\":\"PropertyValueSpecification\",\"valueRequired\":true,\"valueName\":\"search_term_string\"}}],\"inLanguage\":\"pl-PL\"},{\"@type\":\"Organization\",\"@id\":\"https:\\\/\\\/szkolydoktorskie.uwb.edu.pl\\\/nsip\\\/#organization\",\"name\":\"Szko\u0142a Doktorska Nauk \u015acis\u0142ych i Przyrodniczych UwB\",\"url\":\"https:\\\/\\\/szkolydoktorskie.uwb.edu.pl\\\/nsip\\\/\",\"logo\":{\"@type\":\"ImageObject\",\"inLanguage\":\"pl-PL\",\"@id\":\"https:\\\/\\\/szkolydoktorskie.uwb.edu.pl\\\/nsip\\\/#\\\/schema\\\/logo\\\/image\\\/\",\"url\":\"https:\\\/\\\/szkolydoktorskie.uwb.edu.pl\\\/nsip\\\/wp-content\\\/uploads\\\/sites\\\/4\\\/2021\\\/04\\\/cropped-LOGO-NSIP.png\",\"contentUrl\":\"https:\\\/\\\/szkolydoktorskie.uwb.edu.pl\\\/nsip\\\/wp-content\\\/uploads\\\/sites\\\/4\\\/2021\\\/04\\\/cropped-LOGO-NSIP.png\",\"width\":705,\"height\":188,\"caption\":\"Szko\u0142a Doktorska Nauk \u015acis\u0142ych i Przyrodniczych UwB\"},\"image\":{\"@id\":\"https:\\\/\\\/szkolydoktorskie.uwb.edu.pl\\\/nsip\\\/#\\\/schema\\\/logo\\\/image\\\/\"}}]}<\/script>\n<!-- \/ Yoast SEO plugin. -->","yoast_head_json":{"title":"Konkurs PER ASPERA AD ASTRA - Szko\u0142a Doktorska Nauk \u015acis\u0142ych i Przyrodniczych UwB","robots":{"index":"index","follow":"follow","max-snippet":"max-snippet:-1","max-image-preview":"max-image-preview:large","max-video-preview":"max-video-preview:-1"},"canonical":"https:\/\/szkolydoktorskie.uwb.edu.pl\/nsip\/konkurs-per-aspera-ad-astra\/","og_locale":"pl_PL","og_type":"article","og_title":"Konkurs PER ASPERA AD ASTRA - Szko\u0142a Doktorska Nauk \u015acis\u0142ych i Przyrodniczych UwB","og_description":"W konkursie mog\u0105 uczestniczy\u0107 doktoranci szk\u00f3\u0142 doktorskich w trakcie kszta\u0142cenia, czyli realizuj\u0105cy program 1, 2, 3 lub 4 roku. Nie mog\u0105 natomiast do niego przyst\u0105pi\u0107 osoby, kt\u00f3rym dyrektor szko\u0142y doktorskiej&hellip;","og_url":"https:\/\/szkolydoktorskie.uwb.edu.pl\/nsip\/konkurs-per-aspera-ad-astra\/","og_site_name":"Szko\u0142a Doktorska Nauk \u015acis\u0142ych i Przyrodniczych UwB","article_modified_time":"2024-05-27T12:19:52+00:00","twitter_card":"summary_large_image","twitter_misc":{"Szacowany czas czytania":"1 minuta"},"schema":{"@context":"https:\/\/schema.org","@graph":[{"@type":"WebPage","@id":"https:\/\/szkolydoktorskie.uwb.edu.pl\/nsip\/konkurs-per-aspera-ad-astra\/","url":"https:\/\/szkolydoktorskie.uwb.edu.pl\/nsip\/konkurs-per-aspera-ad-astra\/","name":"Konkurs PER ASPERA AD ASTRA - Szko\u0142a Doktorska Nauk \u015acis\u0142ych i Przyrodniczych UwB","isPartOf":{"@id":"https:\/\/szkolydoktorskie.uwb.edu.pl\/nsip\/#website"},"datePublished":"2023-10-09T07:52:13+00:00","dateModified":"2024-05-27T12:19:52+00:00","breadcrumb":{"@id":"https:\/\/szkolydoktorskie.uwb.edu.pl\/nsip\/konkurs-per-aspera-ad-astra\/#breadcrumb"},"inLanguage":"pl-PL","potentialAction":[{"@type":"ReadAction","target":["https:\/\/szkolydoktorskie.uwb.edu.pl\/nsip\/konkurs-per-aspera-ad-astra\/"]}]},{"@type":"BreadcrumbList","@id":"https:\/\/szkolydoktorskie.uwb.edu.pl\/nsip\/konkurs-per-aspera-ad-astra\/#breadcrumb","itemListElement":[{"@type":"ListItem","position":1,"name":"Strona g\u0142\u00f3wna","item":"https:\/\/szkolydoktorskie.uwb.edu.pl\/nsip\/"},{"@type":"ListItem","position":2,"name":"Konkurs PER ASPERA AD ASTRA"}]},{"@type":"WebSite","@id":"https:\/\/szkolydoktorskie.uwb.edu.pl\/nsip\/#website","url":"https:\/\/szkolydoktorskie.uwb.edu.pl\/nsip\/","name":"Szko\u0142a Doktorska Nauk \u015acis\u0142ych i Przyrodniczych UwB","description":"Szko\u0142a Doktorska Nauk \u015acis\u0142ych i Przyrodniczych UwB","publisher":{"@id":"https:\/\/szkolydoktorskie.uwb.edu.pl\/nsip\/#organization"},"potentialAction":[{"@type":"SearchAction","target":{"@type":"EntryPoint","urlTemplate":"https:\/\/szkolydoktorskie.uwb.edu.pl\/nsip\/?s={search_term_string}"},"query-input":{"@type":"PropertyValueSpecification","valueRequired":true,"valueName":"search_term_string"}}],"inLanguage":"pl-PL"},{"@type":"Organization","@id":"https:\/\/szkolydoktorskie.uwb.edu.pl\/nsip\/#organization","name":"Szko\u0142a Doktorska Nauk \u015acis\u0142ych i Przyrodniczych UwB","url":"https:\/\/szkolydoktorskie.uwb.edu.pl\/nsip\/","logo":{"@type":"ImageObject","inLanguage":"pl-PL","@id":"https:\/\/szkolydoktorskie.uwb.edu.pl\/nsip\/#\/schema\/logo\/image\/","url":"https:\/\/szkolydoktorskie.uwb.edu.pl\/nsip\/wp-content\/uploads\/sites\/4\/2021\/04\/cropped-LOGO-NSIP.png","contentUrl":"https:\/\/szkolydoktorskie.uwb.edu.pl\/nsip\/wp-content\/uploads\/sites\/4\/2021\/04\/cropped-LOGO-NSIP.png","width":705,"height":188,"caption":"Szko\u0142a Doktorska Nauk \u015acis\u0142ych i Przyrodniczych UwB"},"image":{"@id":"https:\/\/szkolydoktorskie.uwb.edu.pl\/nsip\/#\/schema\/logo\/image\/"}}]}},"_links":{"self":[{"href":"https:\/\/szkolydoktorskie.uwb.edu.pl\/nsip\/wp-json\/wp\/v2\/pages\/2656","targetHints":{"allow":["GET"]}}],"collection":[{"href":"https:\/\/szkolydoktorskie.uwb.edu.pl\/nsip\/wp-json\/wp\/v2\/pages"}],"about":[{"href":"https:\/\/szkolydoktorskie.uwb.edu.pl\/nsip\/wp-json\/wp\/v2\/types\/page"}],"author":[{"embeddable":true,"href":"https:\/\/szkolydoktorskie.uwb.edu.pl\/nsip\/wp-json\/wp\/v2\/users\/8"}],"replies":[{"embeddable":true,"href":"https:\/\/szkolydoktorskie.uwb.edu.pl\/nsip\/wp-json\/wp\/v2\/comments?post=2656"}],"version-history":[{"count":4,"href":"https:\/\/szkolydoktorskie.uwb.edu.pl\/nsip\/wp-json\/wp\/v2\/pages\/2656\/revisions"}],"predecessor-version":[{"id":3118,"href":"https:\/\/szkolydoktorskie.uwb.edu.pl\/nsip\/wp-json\/wp\/v2\/pages\/2656\/revisions\/3118"}],"wp:attachment":[{"href":"https:\/\/szkolydoktorskie.uwb.edu.pl\/nsip\/wp-json\/wp\/v2\/media?parent=2656"}],"curies":[{"name":"wp","href":"https:\/\/api.w.org\/{rel}","templated":true}]}}