{"id":2475,"date":"2023-05-07T22:45:53","date_gmt":"2023-05-07T20:45:53","guid":{"rendered":"https:\/\/szkolydoktorskie.uwb.edu.pl\/nsip\/?page_id=2475"},"modified":"2023-05-07T22:48:49","modified_gmt":"2023-05-07T20:48:49","slug":"ogolnopolska-konferencja-naukowe-forum-doktorantow","status":"publish","type":"page","link":"https:\/\/szkolydoktorskie.uwb.edu.pl\/nsip\/ogolnopolska-konferencja-naukowe-forum-doktorantow\/","title":{"rendered":"Og\u00f3lnopolska Konferencja ,,Naukowe Forum Doktorant\u00f3w\u201d"},"content":{"rendered":"\n<p>Inicjatyw\u0105 Zarz\u0105du RUSD UwB kadencji 2022\/2023 powsta\u0142o wydarzenie naukowe Og\u00f3lnopolska Konferencja ,,Naukowe Forum Doktorant\u00f3w\u201d. Wydarzenie towarzyszy Dniom Jako\u015bci Kszta\u0142cenia UwB.<\/p>\n\n\n\n<p>Celem Wydarzenia jest w szczeg\u00f3lno\u015bci: maksymalizacja jako\u015bci kszta\u0142cenia doktorant\u00f3w, wsparcie \u015bcie\u017cek naukowych doktorant\u00f3w, wyposa\u017cenie doktorant\u00f3w w dodatkowe kompetencje, mo\u017cliwo\u015b\u0107 zaprezentowania przez doktorant\u00f3w wynik\u00f3w swoich bada\u0144 na forum og\u00f3lnopolskim, integracja naukowa \u015brodowiska doktorant\u00f3w, stworzenie mo\u017cliwo\u015bci dyskusji interdyscyplinarnej pomi\u0119dzy doktorantami.<\/p>\n\n\n\n<p>Podczas Konferencji obecni b\u0119d\u0105 eksperci (kt\u00f3rych panel szkoleniowy otworzy obrady) i Komitet Naukowy, b\u0119d\u0105 si\u0119 oni przys\u0142uchiwa\u0107 wyst\u0105pieniom doktorant\u00f3w (w kolejnych panelach) na temat ich prac doktorskich i dawa\u0107 feedback.<\/p>\n\n\n\n<p><\/p>\n\n\n\n<p><strong>Panel ekspercki Konferencji w roku 2023:<\/strong><\/p>\n\n\n\n<p>Wojciech Kie\u0142basi\u0144ski: Przewody doktorskie i post\u0119powania w sprawie nadania stopnia doktora<\/p>\n\n\n\n<p>Przemys\u0142aw Mroczkowski: Udzia\u0142 doktorant\u00f3w w ewaluacji szko\u0142y doktorskiej<\/p>\n\n\n\n<p>Micha\u0142 Pietruszewski: Popularyzacja nauki: czy doktorat to dobry mem?<\/p>\n\n\n\n<p>Adam Olszewski: Dofinansowanie bada\u0144 z grant\u00f3w NCN i jak je ugry\u017a\u0107?<\/p>\n\n\n\n<p>Julia Milewicz: Interdyscyplinarno\u015b\u0107 bada\u0144 naukowych &#8211; wyzwania i dylematy<\/p>\n\n\n\n<p>Aleksandra Lewandowska: Wsp\u00f3\u0142praca mi\u0119dzynarodowa w rozwoju \u015bcie\u017cki naukowej doktoranta<\/p>\n\n\n\n<p><\/p>\n\n\n\n<p><strong>Komitet Naukowy:<\/strong><\/p>\n\n\n\n<p>Dyrektor Szko\u0142y Doktorskiej Nauk Spo\u0142ecznych dr hab. Ewa Gruszewska, prof. UwB<\/p>\n\n\n\n<p>Dyrektor Szko\u0142y Doktorskiej Nauk Humanistycznych dr hab. Anna Nosek, prof. UwB<\/p>\n\n\n\n<p>Dyrektor Szko\u0142y Doktorskiej Nauk \u015acis\u0142ych i Przyrodniczych dr hab. Monika Naumowicz, prof. UwB<\/p>\n\n\n\n<p><\/p>\n\n\n\n<p><strong>Link do strony Wydarzenia<\/strong>: https:\/\/fb.me\/e\/3EeXXe7Jz<\/p>\n","protected":false},"excerpt":{"rendered":"<p>Inicjatyw\u0105 Zarz\u0105du RUSD UwB kadencji 2022\/2023 powsta\u0142o wydarzenie naukowe Og\u00f3lnopolska Konferencja ,,Naukowe Forum Doktorant\u00f3w\u201d. Wydarzenie towarzyszy Dniom Jako\u015bci Kszta\u0142cenia UwB. Celem Wydarzenia jest w szczeg\u00f3lno\u015bci: maksymalizacja jako\u015bci kszta\u0142cenia doktorant\u00f3w, wsparcie&hellip;<\/p>\n","protected":false},"author":8,"featured_media":0,"parent":0,"menu_order":0,"comment_status":"closed","ping_status":"closed","template":"","meta":{"footnotes":""},"class_list":["post-2475","page","type-page","status-publish","hentry"],"yoast_head":"<!-- This site is optimized with the Yoast SEO plugin v27.3 - https:\/\/yoast.com\/product\/yoast-seo-wordpress\/ -->\n<title>Og\u00f3lnopolska Konferencja ,,Naukowe Forum Doktorant\u00f3w\u201d - Szko\u0142a Doktorska Nauk \u015acis\u0142ych i Przyrodniczych UwB<\/title>\n<meta name=\"robots\" content=\"index, follow, max-snippet:-1, max-image-preview:large, max-video-preview:-1\" \/>\n<link rel=\"canonical\" href=\"https:\/\/szkolydoktorskie.uwb.edu.pl\/nsip\/ogolnopolska-konferencja-naukowe-forum-doktorantow\/\" \/>\n<meta property=\"og:locale\" content=\"pl_PL\" \/>\n<meta property=\"og:type\" content=\"article\" \/>\n<meta property=\"og:title\" content=\"Og\u00f3lnopolska Konferencja ,,Naukowe Forum Doktorant\u00f3w\u201d - Szko\u0142a Doktorska Nauk \u015acis\u0142ych i Przyrodniczych UwB\" \/>\n<meta property=\"og:description\" content=\"Inicjatyw\u0105 Zarz\u0105du RUSD UwB kadencji 2022\/2023 powsta\u0142o wydarzenie naukowe Og\u00f3lnopolska Konferencja ,,Naukowe Forum Doktorant\u00f3w\u201d. Wydarzenie towarzyszy Dniom Jako\u015bci Kszta\u0142cenia UwB. Celem Wydarzenia jest w szczeg\u00f3lno\u015bci: maksymalizacja jako\u015bci kszta\u0142cenia doktorant\u00f3w, wsparcie&hellip;\" \/>\n<meta property=\"og:url\" content=\"https:\/\/szkolydoktorskie.uwb.edu.pl\/nsip\/ogolnopolska-konferencja-naukowe-forum-doktorantow\/\" \/>\n<meta property=\"og:site_name\" content=\"Szko\u0142a Doktorska Nauk \u015acis\u0142ych i Przyrodniczych UwB\" \/>\n<meta property=\"article:modified_time\" content=\"2023-05-07T20:48:49+00:00\" \/>\n<meta name=\"twitter:card\" content=\"summary_large_image\" \/>\n<meta name=\"twitter:label1\" content=\"Szacowany czas czytania\" \/>\n\t<meta name=\"twitter:data1\" content=\"1 minuta\" \/>\n<script type=\"application\/ld+json\" class=\"yoast-schema-graph\">{\"@context\":\"https:\\\/\\\/schema.org\",\"@graph\":[{\"@type\":\"WebPage\",\"@id\":\"https:\\\/\\\/szkolydoktorskie.uwb.edu.pl\\\/nsip\\\/ogolnopolska-konferencja-naukowe-forum-doktorantow\\\/\",\"url\":\"https:\\\/\\\/szkolydoktorskie.uwb.edu.pl\\\/nsip\\\/ogolnopolska-konferencja-naukowe-forum-doktorantow\\\/\",\"name\":\"Og\u00f3lnopolska Konferencja ,,Naukowe Forum Doktorant\u00f3w\u201d - Szko\u0142a Doktorska Nauk \u015acis\u0142ych i Przyrodniczych UwB\",\"isPartOf\":{\"@id\":\"https:\\\/\\\/szkolydoktorskie.uwb.edu.pl\\\/nsip\\\/#website\"},\"datePublished\":\"2023-05-07T20:45:53+00:00\",\"dateModified\":\"2023-05-07T20:48:49+00:00\",\"breadcrumb\":{\"@id\":\"https:\\\/\\\/szkolydoktorskie.uwb.edu.pl\\\/nsip\\\/ogolnopolska-konferencja-naukowe-forum-doktorantow\\\/#breadcrumb\"},\"inLanguage\":\"pl-PL\",\"potentialAction\":[{\"@type\":\"ReadAction\",\"target\":[\"https:\\\/\\\/szkolydoktorskie.uwb.edu.pl\\\/nsip\\\/ogolnopolska-konferencja-naukowe-forum-doktorantow\\\/\"]}]},{\"@type\":\"BreadcrumbList\",\"@id\":\"https:\\\/\\\/szkolydoktorskie.uwb.edu.pl\\\/nsip\\\/ogolnopolska-konferencja-naukowe-forum-doktorantow\\\/#breadcrumb\",\"itemListElement\":[{\"@type\":\"ListItem\",\"position\":1,\"name\":\"Strona g\u0142\u00f3wna\",\"item\":\"https:\\\/\\\/szkolydoktorskie.uwb.edu.pl\\\/nsip\\\/\"},{\"@type\":\"ListItem\",\"position\":2,\"name\":\"Og\u00f3lnopolska Konferencja ,,Naukowe Forum Doktorant\u00f3w\u201d\"}]},{\"@type\":\"WebSite\",\"@id\":\"https:\\\/\\\/szkolydoktorskie.uwb.edu.pl\\\/nsip\\\/#website\",\"url\":\"https:\\\/\\\/szkolydoktorskie.uwb.edu.pl\\\/nsip\\\/\",\"name\":\"Szko\u0142a Doktorska Nauk \u015acis\u0142ych i Przyrodniczych UwB\",\"description\":\"Szko\u0142a Doktorska Nauk \u015acis\u0142ych i Przyrodniczych UwB\",\"publisher\":{\"@id\":\"https:\\\/\\\/szkolydoktorskie.uwb.edu.pl\\\/nsip\\\/#organization\"},\"potentialAction\":[{\"@type\":\"SearchAction\",\"target\":{\"@type\":\"EntryPoint\",\"urlTemplate\":\"https:\\\/\\\/szkolydoktorskie.uwb.edu.pl\\\/nsip\\\/?s={search_term_string}\"},\"query-input\":{\"@type\":\"PropertyValueSpecification\",\"valueRequired\":true,\"valueName\":\"search_term_string\"}}],\"inLanguage\":\"pl-PL\"},{\"@type\":\"Organization\",\"@id\":\"https:\\\/\\\/szkolydoktorskie.uwb.edu.pl\\\/nsip\\\/#organization\",\"name\":\"Szko\u0142a Doktorska Nauk \u015acis\u0142ych i Przyrodniczych UwB\",\"url\":\"https:\\\/\\\/szkolydoktorskie.uwb.edu.pl\\\/nsip\\\/\",\"logo\":{\"@type\":\"ImageObject\",\"inLanguage\":\"pl-PL\",\"@id\":\"https:\\\/\\\/szkolydoktorskie.uwb.edu.pl\\\/nsip\\\/#\\\/schema\\\/logo\\\/image\\\/\",\"url\":\"https:\\\/\\\/szkolydoktorskie.uwb.edu.pl\\\/nsip\\\/wp-content\\\/uploads\\\/sites\\\/4\\\/2021\\\/04\\\/cropped-LOGO-NSIP.png\",\"contentUrl\":\"https:\\\/\\\/szkolydoktorskie.uwb.edu.pl\\\/nsip\\\/wp-content\\\/uploads\\\/sites\\\/4\\\/2021\\\/04\\\/cropped-LOGO-NSIP.png\",\"width\":705,\"height\":188,\"caption\":\"Szko\u0142a Doktorska Nauk \u015acis\u0142ych i Przyrodniczych UwB\"},\"image\":{\"@id\":\"https:\\\/\\\/szkolydoktorskie.uwb.edu.pl\\\/nsip\\\/#\\\/schema\\\/logo\\\/image\\\/\"}}]}<\/script>\n<!-- \/ Yoast SEO plugin. -->","yoast_head_json":{"title":"Og\u00f3lnopolska Konferencja ,,Naukowe Forum Doktorant\u00f3w\u201d - Szko\u0142a Doktorska Nauk \u015acis\u0142ych i Przyrodniczych UwB","robots":{"index":"index","follow":"follow","max-snippet":"max-snippet:-1","max-image-preview":"max-image-preview:large","max-video-preview":"max-video-preview:-1"},"canonical":"https:\/\/szkolydoktorskie.uwb.edu.pl\/nsip\/ogolnopolska-konferencja-naukowe-forum-doktorantow\/","og_locale":"pl_PL","og_type":"article","og_title":"Og\u00f3lnopolska Konferencja ,,Naukowe Forum Doktorant\u00f3w\u201d - Szko\u0142a Doktorska Nauk \u015acis\u0142ych i Przyrodniczych UwB","og_description":"Inicjatyw\u0105 Zarz\u0105du RUSD UwB kadencji 2022\/2023 powsta\u0142o wydarzenie naukowe Og\u00f3lnopolska Konferencja ,,Naukowe Forum Doktorant\u00f3w\u201d. Wydarzenie towarzyszy Dniom Jako\u015bci Kszta\u0142cenia UwB. Celem Wydarzenia jest w szczeg\u00f3lno\u015bci: maksymalizacja jako\u015bci kszta\u0142cenia doktorant\u00f3w, wsparcie&hellip;","og_url":"https:\/\/szkolydoktorskie.uwb.edu.pl\/nsip\/ogolnopolska-konferencja-naukowe-forum-doktorantow\/","og_site_name":"Szko\u0142a Doktorska Nauk \u015acis\u0142ych i Przyrodniczych UwB","article_modified_time":"2023-05-07T20:48:49+00:00","twitter_card":"summary_large_image","twitter_misc":{"Szacowany czas czytania":"1 minuta"},"schema":{"@context":"https:\/\/schema.org","@graph":[{"@type":"WebPage","@id":"https:\/\/szkolydoktorskie.uwb.edu.pl\/nsip\/ogolnopolska-konferencja-naukowe-forum-doktorantow\/","url":"https:\/\/szkolydoktorskie.uwb.edu.pl\/nsip\/ogolnopolska-konferencja-naukowe-forum-doktorantow\/","name":"Og\u00f3lnopolska Konferencja ,,Naukowe Forum Doktorant\u00f3w\u201d - Szko\u0142a Doktorska Nauk \u015acis\u0142ych i Przyrodniczych UwB","isPartOf":{"@id":"https:\/\/szkolydoktorskie.uwb.edu.pl\/nsip\/#website"},"datePublished":"2023-05-07T20:45:53+00:00","dateModified":"2023-05-07T20:48:49+00:00","breadcrumb":{"@id":"https:\/\/szkolydoktorskie.uwb.edu.pl\/nsip\/ogolnopolska-konferencja-naukowe-forum-doktorantow\/#breadcrumb"},"inLanguage":"pl-PL","potentialAction":[{"@type":"ReadAction","target":["https:\/\/szkolydoktorskie.uwb.edu.pl\/nsip\/ogolnopolska-konferencja-naukowe-forum-doktorantow\/"]}]},{"@type":"BreadcrumbList","@id":"https:\/\/szkolydoktorskie.uwb.edu.pl\/nsip\/ogolnopolska-konferencja-naukowe-forum-doktorantow\/#breadcrumb","itemListElement":[{"@type":"ListItem","position":1,"name":"Strona g\u0142\u00f3wna","item":"https:\/\/szkolydoktorskie.uwb.edu.pl\/nsip\/"},{"@type":"ListItem","position":2,"name":"Og\u00f3lnopolska Konferencja ,,Naukowe Forum Doktorant\u00f3w\u201d"}]},{"@type":"WebSite","@id":"https:\/\/szkolydoktorskie.uwb.edu.pl\/nsip\/#website","url":"https:\/\/szkolydoktorskie.uwb.edu.pl\/nsip\/","name":"Szko\u0142a Doktorska Nauk \u015acis\u0142ych i Przyrodniczych UwB","description":"Szko\u0142a Doktorska Nauk \u015acis\u0142ych i Przyrodniczych UwB","publisher":{"@id":"https:\/\/szkolydoktorskie.uwb.edu.pl\/nsip\/#organization"},"potentialAction":[{"@type":"SearchAction","target":{"@type":"EntryPoint","urlTemplate":"https:\/\/szkolydoktorskie.uwb.edu.pl\/nsip\/?s={search_term_string}"},"query-input":{"@type":"PropertyValueSpecification","valueRequired":true,"valueName":"search_term_string"}}],"inLanguage":"pl-PL"},{"@type":"Organization","@id":"https:\/\/szkolydoktorskie.uwb.edu.pl\/nsip\/#organization","name":"Szko\u0142a Doktorska Nauk \u015acis\u0142ych i Przyrodniczych UwB","url":"https:\/\/szkolydoktorskie.uwb.edu.pl\/nsip\/","logo":{"@type":"ImageObject","inLanguage":"pl-PL","@id":"https:\/\/szkolydoktorskie.uwb.edu.pl\/nsip\/#\/schema\/logo\/image\/","url":"https:\/\/szkolydoktorskie.uwb.edu.pl\/nsip\/wp-content\/uploads\/sites\/4\/2021\/04\/cropped-LOGO-NSIP.png","contentUrl":"https:\/\/szkolydoktorskie.uwb.edu.pl\/nsip\/wp-content\/uploads\/sites\/4\/2021\/04\/cropped-LOGO-NSIP.png","width":705,"height":188,"caption":"Szko\u0142a Doktorska Nauk \u015acis\u0142ych i Przyrodniczych UwB"},"image":{"@id":"https:\/\/szkolydoktorskie.uwb.edu.pl\/nsip\/#\/schema\/logo\/image\/"}}]}},"_links":{"self":[{"href":"https:\/\/szkolydoktorskie.uwb.edu.pl\/nsip\/wp-json\/wp\/v2\/pages\/2475","targetHints":{"allow":["GET"]}}],"collection":[{"href":"https:\/\/szkolydoktorskie.uwb.edu.pl\/nsip\/wp-json\/wp\/v2\/pages"}],"about":[{"href":"https:\/\/szkolydoktorskie.uwb.edu.pl\/nsip\/wp-json\/wp\/v2\/types\/page"}],"author":[{"embeddable":true,"href":"https:\/\/szkolydoktorskie.uwb.edu.pl\/nsip\/wp-json\/wp\/v2\/users\/8"}],"replies":[{"embeddable":true,"href":"https:\/\/szkolydoktorskie.uwb.edu.pl\/nsip\/wp-json\/wp\/v2\/comments?post=2475"}],"version-history":[{"count":2,"href":"https:\/\/szkolydoktorskie.uwb.edu.pl\/nsip\/wp-json\/wp\/v2\/pages\/2475\/revisions"}],"predecessor-version":[{"id":2483,"href":"https:\/\/szkolydoktorskie.uwb.edu.pl\/nsip\/wp-json\/wp\/v2\/pages\/2475\/revisions\/2483"}],"wp:attachment":[{"href":"https:\/\/szkolydoktorskie.uwb.edu.pl\/nsip\/wp-json\/wp\/v2\/media?parent=2475"}],"curies":[{"name":"wp","href":"https:\/\/api.w.org\/{rel}","templated":true}]}}