{"id":2474,"date":"2023-05-07T22:45:53","date_gmt":"2023-05-07T20:45:53","guid":{"rendered":"https:\/\/szkolydoktorskie.uwb.edu.pl\/nsip\/?page_id=2474"},"modified":"2023-10-09T09:48:37","modified_gmt":"2023-10-09T07:48:37","slug":"aplauz-konkurs-na-dofinansowanie-dzialalnosci-doktorantow-ze-srodkow-rusd-uwb-2","status":"publish","type":"page","link":"https:\/\/szkolydoktorskie.uwb.edu.pl\/nsip\/aplauz-konkurs-na-dofinansowanie-dzialalnosci-doktorantow-ze-srodkow-rusd-uwb-2\/","title":{"rendered":"APLAUZ konkurs na dofinansowanie dzia\u0142alno\u015bci doktorant\u00f3w ze \u015brodk\u00f3w RUSD UwB"},"content":{"rendered":"\n<p><strong>Czym jest APLAUZ?<\/strong><\/p>\n\n\n\n<p>Jest to konkurs na dofinansowanie dzia\u0142alno\u015bci&nbsp; Doktorant\u00f3w Uniwersytetu w Bia\u0142ymstoku finansowany z bud\u017cetu Rady Uczelnianej Samorz\u0105du Doktorant\u00f3w UwB.<\/p>\n\n\n\n<p><strong>Kto mo\u017ce wnioskowa\u0107 o dofinansowanie?<\/strong><\/p>\n\n\n\n<p>Dofinansowania w ramach konkursu APLAUZ s\u0105 przyznawane doktorantom, grupom doktorant\u00f3w, organizacjom doktoranckim lub studenckim zarejestrowanym na Uniwersytecie, dzia\u0142aj\u0105cym na Uniwersytecie stowarzyszeniom zrzeszaj\u0105cym doktorant\u00f3w lub student\u00f3w.<\/p>\n\n\n\n<p><strong>Jakie przedsi\u0119wzi\u0119cia mog\u0105 zosta\u0107 dofinansowane?<\/strong><\/p>\n\n\n\n<p>Przedsi\u0119wzi\u0119cia o charakterze:<\/p>\n\n\n\n<p>1. naukowym lub edukacyjnym (np. udzia\u0142 w konferencjach, sta\u017ce, projekty naukowe itp.),<\/p>\n\n\n\n<p>2. kulturalnym,<\/p>\n\n\n\n<p>3. integracyjnym,<\/p>\n\n\n\n<p>4. sportowym,<\/p>\n\n\n\n<p>5. samorz\u0105dowym.<\/p>\n\n\n\n<p><strong>Jaka jest kwota przyznawanych dofinansowa\u0144?<\/strong><\/p>\n\n\n\n<p>\u0141\u0105czna kwota przeznaczona na konkurs wynosi 5.000 z\u0142. Suma kwot przyznanego dofinansowania dla jednego podmiotu wnioskuj\u0105cego w danym roku kalendarzowym (czyli w 2023 r. w konkursach APLAUZ IV APLAUZ V i APLAUZ VI) nie mo\u017ce przekroczy\u0107 wysoko\u015bci 1000 z\u0142otych.<\/p>\n\n\n\n<p><strong>Gdzie mam z\u0142o\u017cy\u0107 wniosek?<\/strong><\/p>\n\n\n\n<p>Wype\u0142niony wniosek nale\u017cy z\u0142o\u017cy\u0107 osobi\u015bcie w Dziale Spraw Studenckich (ul. \u015awierkowa 20B, p. 16) oraz jednocze\u015bnie przes\u0142a\u0107 na adres e-mail: <a href=\"mailto:rusd@uwb.edu.pl\">rusd@uwb.edu.pl<\/a>.<\/p>\n\n\n\n<p><strong>Kiedy mam z\u0142o\u017cy\u0107 sprawozdanie ?<\/strong><\/p>\n\n\n\n<p>Sprawozdanie z przedsi\u0119wzi\u0119cia, na kt\u00f3re zosta\u0142o przyznane dofinansowanie, nale\u017cy z\u0142o\u017cy\u0107 w ci\u0105gu 14 dni od zako\u0144czenia przedsi\u0119wzi\u0119cia, jednak nie p\u00f3\u017aniej ni\u017c do 21 grudnia.<\/p>\n\n\n\n<p><strong>Gdzie mam z\u0142o\u017cy\u0107 sprawozdanie?<\/strong><\/p>\n\n\n\n<p>Wype\u0142nione sprawozdanie nale\u017cy z\u0142o\u017cy\u0107 osobi\u015bcie w&nbsp; Dziale Spraw Studenckich (ul. \u015awierkowa 20B, p. 16) oraz jednocze\u015bnie przesy\u0142a\u0107&nbsp; zeskanowane na adres e-mail: <a href=\"mailto:rusd@uwb.edu.pl\">rusd@uwb.edu.pl<\/a>.<\/p>\n\n\n\n<p><strong>Gdzie mam szuka\u0107 dodatkowych informacji?<\/strong><\/p>\n\n\n\n<p>Wszystkie informacje dotycz\u0105ce konkursu APLAUZ znajduj\u0105 si\u0119 w tre\u015bci regulaminu Regulamin przyznawania dofinansowa\u0144 ze \u015brodk\u00f3w Rady Uczelnianej Samorz\u0105du Doktorant\u00f3w UwB.<\/p>\n\n\n\n<p><a href=\"https:\/\/szkolydoktorskie.uwb.edu.pl\/nh\/wp-content\/uploads\/sites\/3\/2023\/04\/Regulamin-RUSD-UwB-2023.pdf\">Regulamin<\/a><\/p>\n\n\n\n<p><a href=\"https:\/\/szkolydoktorskie.uwb.edu.pl\/nh\/wp-content\/uploads\/sites\/3\/2023\/04\/Zacznik-nr-1-wniosek1.docx\">Wniosek<\/a><\/p>\n\n\n\n<p><a href=\"https:\/\/szkolydoktorskie.uwb.edu.pl\/nh\/wp-content\/uploads\/sites\/3\/2023\/04\/Zacznik-nr-2-sprawozdanie.docx\">Sprawozdanie<\/a><\/p>\n","protected":false},"excerpt":{"rendered":"<p>Czym jest APLAUZ? Jest to konkurs na dofinansowanie dzia\u0142alno\u015bci&nbsp; Doktorant\u00f3w Uniwersytetu w Bia\u0142ymstoku finansowany z bud\u017cetu Rady Uczelnianej Samorz\u0105du Doktorant\u00f3w UwB. Kto mo\u017ce wnioskowa\u0107 o dofinansowanie? Dofinansowania w ramach konkursu&hellip;<\/p>\n","protected":false},"author":8,"featured_media":0,"parent":0,"menu_order":0,"comment_status":"closed","ping_status":"closed","template":"","meta":{"footnotes":""},"class_list":["post-2474","page","type-page","status-publish","hentry"],"yoast_head":"<!-- This site is optimized with the Yoast SEO plugin v27.3 - https:\/\/yoast.com\/product\/yoast-seo-wordpress\/ -->\n<title>APLAUZ konkurs na dofinansowanie dzia\u0142alno\u015bci doktorant\u00f3w ze \u015brodk\u00f3w RUSD UwB - Szko\u0142a Doktorska Nauk \u015acis\u0142ych i Przyrodniczych UwB<\/title>\n<meta name=\"robots\" content=\"index, follow, max-snippet:-1, max-image-preview:large, max-video-preview:-1\" \/>\n<link rel=\"canonical\" href=\"https:\/\/szkolydoktorskie.uwb.edu.pl\/nsip\/aplauz-konkurs-na-dofinansowanie-dzialalnosci-doktorantow-ze-srodkow-rusd-uwb-2\/\" \/>\n<meta property=\"og:locale\" content=\"pl_PL\" \/>\n<meta property=\"og:type\" content=\"article\" \/>\n<meta property=\"og:title\" content=\"APLAUZ konkurs na dofinansowanie dzia\u0142alno\u015bci doktorant\u00f3w ze \u015brodk\u00f3w RUSD UwB - Szko\u0142a Doktorska Nauk \u015acis\u0142ych i Przyrodniczych UwB\" \/>\n<meta property=\"og:description\" content=\"Czym jest APLAUZ? Jest to konkurs na dofinansowanie dzia\u0142alno\u015bci&nbsp; Doktorant\u00f3w Uniwersytetu w Bia\u0142ymstoku finansowany z bud\u017cetu Rady Uczelnianej Samorz\u0105du Doktorant\u00f3w UwB. Kto mo\u017ce wnioskowa\u0107 o dofinansowanie? Dofinansowania w ramach konkursu&hellip;\" \/>\n<meta property=\"og:url\" content=\"https:\/\/szkolydoktorskie.uwb.edu.pl\/nsip\/aplauz-konkurs-na-dofinansowanie-dzialalnosci-doktorantow-ze-srodkow-rusd-uwb-2\/\" \/>\n<meta property=\"og:site_name\" content=\"Szko\u0142a Doktorska Nauk \u015acis\u0142ych i Przyrodniczych UwB\" \/>\n<meta property=\"article:modified_time\" content=\"2023-10-09T07:48:37+00:00\" \/>\n<meta name=\"twitter:card\" content=\"summary_large_image\" \/>\n<meta name=\"twitter:label1\" content=\"Szacowany czas czytania\" \/>\n\t<meta name=\"twitter:data1\" content=\"1 minuta\" \/>\n<script type=\"application\/ld+json\" class=\"yoast-schema-graph\">{\"@context\":\"https:\\\/\\\/schema.org\",\"@graph\":[{\"@type\":\"WebPage\",\"@id\":\"https:\\\/\\\/szkolydoktorskie.uwb.edu.pl\\\/nsip\\\/aplauz-konkurs-na-dofinansowanie-dzialalnosci-doktorantow-ze-srodkow-rusd-uwb-2\\\/\",\"url\":\"https:\\\/\\\/szkolydoktorskie.uwb.edu.pl\\\/nsip\\\/aplauz-konkurs-na-dofinansowanie-dzialalnosci-doktorantow-ze-srodkow-rusd-uwb-2\\\/\",\"name\":\"APLAUZ konkurs na dofinansowanie dzia\u0142alno\u015bci doktorant\u00f3w ze \u015brodk\u00f3w RUSD UwB - Szko\u0142a Doktorska Nauk \u015acis\u0142ych i Przyrodniczych UwB\",\"isPartOf\":{\"@id\":\"https:\\\/\\\/szkolydoktorskie.uwb.edu.pl\\\/nsip\\\/#website\"},\"datePublished\":\"2023-05-07T20:45:53+00:00\",\"dateModified\":\"2023-10-09T07:48:37+00:00\",\"breadcrumb\":{\"@id\":\"https:\\\/\\\/szkolydoktorskie.uwb.edu.pl\\\/nsip\\\/aplauz-konkurs-na-dofinansowanie-dzialalnosci-doktorantow-ze-srodkow-rusd-uwb-2\\\/#breadcrumb\"},\"inLanguage\":\"pl-PL\",\"potentialAction\":[{\"@type\":\"ReadAction\",\"target\":[\"https:\\\/\\\/szkolydoktorskie.uwb.edu.pl\\\/nsip\\\/aplauz-konkurs-na-dofinansowanie-dzialalnosci-doktorantow-ze-srodkow-rusd-uwb-2\\\/\"]}]},{\"@type\":\"BreadcrumbList\",\"@id\":\"https:\\\/\\\/szkolydoktorskie.uwb.edu.pl\\\/nsip\\\/aplauz-konkurs-na-dofinansowanie-dzialalnosci-doktorantow-ze-srodkow-rusd-uwb-2\\\/#breadcrumb\",\"itemListElement\":[{\"@type\":\"ListItem\",\"position\":1,\"name\":\"Strona g\u0142\u00f3wna\",\"item\":\"https:\\\/\\\/szkolydoktorskie.uwb.edu.pl\\\/nsip\\\/\"},{\"@type\":\"ListItem\",\"position\":2,\"name\":\"APLAUZ konkurs na dofinansowanie dzia\u0142alno\u015bci doktorant\u00f3w ze \u015brodk\u00f3w RUSD UwB\"}]},{\"@type\":\"WebSite\",\"@id\":\"https:\\\/\\\/szkolydoktorskie.uwb.edu.pl\\\/nsip\\\/#website\",\"url\":\"https:\\\/\\\/szkolydoktorskie.uwb.edu.pl\\\/nsip\\\/\",\"name\":\"Szko\u0142a Doktorska Nauk \u015acis\u0142ych i Przyrodniczych UwB\",\"description\":\"Szko\u0142a Doktorska Nauk \u015acis\u0142ych i Przyrodniczych UwB\",\"publisher\":{\"@id\":\"https:\\\/\\\/szkolydoktorskie.uwb.edu.pl\\\/nsip\\\/#organization\"},\"potentialAction\":[{\"@type\":\"SearchAction\",\"target\":{\"@type\":\"EntryPoint\",\"urlTemplate\":\"https:\\\/\\\/szkolydoktorskie.uwb.edu.pl\\\/nsip\\\/?s={search_term_string}\"},\"query-input\":{\"@type\":\"PropertyValueSpecification\",\"valueRequired\":true,\"valueName\":\"search_term_string\"}}],\"inLanguage\":\"pl-PL\"},{\"@type\":\"Organization\",\"@id\":\"https:\\\/\\\/szkolydoktorskie.uwb.edu.pl\\\/nsip\\\/#organization\",\"name\":\"Szko\u0142a Doktorska Nauk \u015acis\u0142ych i Przyrodniczych UwB\",\"url\":\"https:\\\/\\\/szkolydoktorskie.uwb.edu.pl\\\/nsip\\\/\",\"logo\":{\"@type\":\"ImageObject\",\"inLanguage\":\"pl-PL\",\"@id\":\"https:\\\/\\\/szkolydoktorskie.uwb.edu.pl\\\/nsip\\\/#\\\/schema\\\/logo\\\/image\\\/\",\"url\":\"https:\\\/\\\/szkolydoktorskie.uwb.edu.pl\\\/nsip\\\/wp-content\\\/uploads\\\/sites\\\/4\\\/2021\\\/04\\\/cropped-LOGO-NSIP.png\",\"contentUrl\":\"https:\\\/\\\/szkolydoktorskie.uwb.edu.pl\\\/nsip\\\/wp-content\\\/uploads\\\/sites\\\/4\\\/2021\\\/04\\\/cropped-LOGO-NSIP.png\",\"width\":705,\"height\":188,\"caption\":\"Szko\u0142a Doktorska Nauk \u015acis\u0142ych i Przyrodniczych UwB\"},\"image\":{\"@id\":\"https:\\\/\\\/szkolydoktorskie.uwb.edu.pl\\\/nsip\\\/#\\\/schema\\\/logo\\\/image\\\/\"}}]}<\/script>\n<!-- \/ Yoast SEO plugin. -->","yoast_head_json":{"title":"APLAUZ konkurs na dofinansowanie dzia\u0142alno\u015bci doktorant\u00f3w ze \u015brodk\u00f3w RUSD UwB - Szko\u0142a Doktorska Nauk \u015acis\u0142ych i Przyrodniczych UwB","robots":{"index":"index","follow":"follow","max-snippet":"max-snippet:-1","max-image-preview":"max-image-preview:large","max-video-preview":"max-video-preview:-1"},"canonical":"https:\/\/szkolydoktorskie.uwb.edu.pl\/nsip\/aplauz-konkurs-na-dofinansowanie-dzialalnosci-doktorantow-ze-srodkow-rusd-uwb-2\/","og_locale":"pl_PL","og_type":"article","og_title":"APLAUZ konkurs na dofinansowanie dzia\u0142alno\u015bci doktorant\u00f3w ze \u015brodk\u00f3w RUSD UwB - Szko\u0142a Doktorska Nauk \u015acis\u0142ych i Przyrodniczych UwB","og_description":"Czym jest APLAUZ? Jest to konkurs na dofinansowanie dzia\u0142alno\u015bci&nbsp; Doktorant\u00f3w Uniwersytetu w Bia\u0142ymstoku finansowany z bud\u017cetu Rady Uczelnianej Samorz\u0105du Doktorant\u00f3w UwB. Kto mo\u017ce wnioskowa\u0107 o dofinansowanie? Dofinansowania w ramach konkursu&hellip;","og_url":"https:\/\/szkolydoktorskie.uwb.edu.pl\/nsip\/aplauz-konkurs-na-dofinansowanie-dzialalnosci-doktorantow-ze-srodkow-rusd-uwb-2\/","og_site_name":"Szko\u0142a Doktorska Nauk \u015acis\u0142ych i Przyrodniczych UwB","article_modified_time":"2023-10-09T07:48:37+00:00","twitter_card":"summary_large_image","twitter_misc":{"Szacowany czas czytania":"1 minuta"},"schema":{"@context":"https:\/\/schema.org","@graph":[{"@type":"WebPage","@id":"https:\/\/szkolydoktorskie.uwb.edu.pl\/nsip\/aplauz-konkurs-na-dofinansowanie-dzialalnosci-doktorantow-ze-srodkow-rusd-uwb-2\/","url":"https:\/\/szkolydoktorskie.uwb.edu.pl\/nsip\/aplauz-konkurs-na-dofinansowanie-dzialalnosci-doktorantow-ze-srodkow-rusd-uwb-2\/","name":"APLAUZ konkurs na dofinansowanie dzia\u0142alno\u015bci doktorant\u00f3w ze \u015brodk\u00f3w RUSD UwB - Szko\u0142a Doktorska Nauk \u015acis\u0142ych i Przyrodniczych UwB","isPartOf":{"@id":"https:\/\/szkolydoktorskie.uwb.edu.pl\/nsip\/#website"},"datePublished":"2023-05-07T20:45:53+00:00","dateModified":"2023-10-09T07:48:37+00:00","breadcrumb":{"@id":"https:\/\/szkolydoktorskie.uwb.edu.pl\/nsip\/aplauz-konkurs-na-dofinansowanie-dzialalnosci-doktorantow-ze-srodkow-rusd-uwb-2\/#breadcrumb"},"inLanguage":"pl-PL","potentialAction":[{"@type":"ReadAction","target":["https:\/\/szkolydoktorskie.uwb.edu.pl\/nsip\/aplauz-konkurs-na-dofinansowanie-dzialalnosci-doktorantow-ze-srodkow-rusd-uwb-2\/"]}]},{"@type":"BreadcrumbList","@id":"https:\/\/szkolydoktorskie.uwb.edu.pl\/nsip\/aplauz-konkurs-na-dofinansowanie-dzialalnosci-doktorantow-ze-srodkow-rusd-uwb-2\/#breadcrumb","itemListElement":[{"@type":"ListItem","position":1,"name":"Strona g\u0142\u00f3wna","item":"https:\/\/szkolydoktorskie.uwb.edu.pl\/nsip\/"},{"@type":"ListItem","position":2,"name":"APLAUZ konkurs na dofinansowanie dzia\u0142alno\u015bci doktorant\u00f3w ze \u015brodk\u00f3w RUSD UwB"}]},{"@type":"WebSite","@id":"https:\/\/szkolydoktorskie.uwb.edu.pl\/nsip\/#website","url":"https:\/\/szkolydoktorskie.uwb.edu.pl\/nsip\/","name":"Szko\u0142a Doktorska Nauk \u015acis\u0142ych i Przyrodniczych UwB","description":"Szko\u0142a Doktorska Nauk \u015acis\u0142ych i Przyrodniczych UwB","publisher":{"@id":"https:\/\/szkolydoktorskie.uwb.edu.pl\/nsip\/#organization"},"potentialAction":[{"@type":"SearchAction","target":{"@type":"EntryPoint","urlTemplate":"https:\/\/szkolydoktorskie.uwb.edu.pl\/nsip\/?s={search_term_string}"},"query-input":{"@type":"PropertyValueSpecification","valueRequired":true,"valueName":"search_term_string"}}],"inLanguage":"pl-PL"},{"@type":"Organization","@id":"https:\/\/szkolydoktorskie.uwb.edu.pl\/nsip\/#organization","name":"Szko\u0142a Doktorska Nauk \u015acis\u0142ych i Przyrodniczych UwB","url":"https:\/\/szkolydoktorskie.uwb.edu.pl\/nsip\/","logo":{"@type":"ImageObject","inLanguage":"pl-PL","@id":"https:\/\/szkolydoktorskie.uwb.edu.pl\/nsip\/#\/schema\/logo\/image\/","url":"https:\/\/szkolydoktorskie.uwb.edu.pl\/nsip\/wp-content\/uploads\/sites\/4\/2021\/04\/cropped-LOGO-NSIP.png","contentUrl":"https:\/\/szkolydoktorskie.uwb.edu.pl\/nsip\/wp-content\/uploads\/sites\/4\/2021\/04\/cropped-LOGO-NSIP.png","width":705,"height":188,"caption":"Szko\u0142a Doktorska Nauk \u015acis\u0142ych i Przyrodniczych UwB"},"image":{"@id":"https:\/\/szkolydoktorskie.uwb.edu.pl\/nsip\/#\/schema\/logo\/image\/"}}]}},"_links":{"self":[{"href":"https:\/\/szkolydoktorskie.uwb.edu.pl\/nsip\/wp-json\/wp\/v2\/pages\/2474","targetHints":{"allow":["GET"]}}],"collection":[{"href":"https:\/\/szkolydoktorskie.uwb.edu.pl\/nsip\/wp-json\/wp\/v2\/pages"}],"about":[{"href":"https:\/\/szkolydoktorskie.uwb.edu.pl\/nsip\/wp-json\/wp\/v2\/types\/page"}],"author":[{"embeddable":true,"href":"https:\/\/szkolydoktorskie.uwb.edu.pl\/nsip\/wp-json\/wp\/v2\/users\/8"}],"replies":[{"embeddable":true,"href":"https:\/\/szkolydoktorskie.uwb.edu.pl\/nsip\/wp-json\/wp\/v2\/comments?post=2474"}],"version-history":[{"count":2,"href":"https:\/\/szkolydoktorskie.uwb.edu.pl\/nsip\/wp-json\/wp\/v2\/pages\/2474\/revisions"}],"predecessor-version":[{"id":2655,"href":"https:\/\/szkolydoktorskie.uwb.edu.pl\/nsip\/wp-json\/wp\/v2\/pages\/2474\/revisions\/2655"}],"wp:attachment":[{"href":"https:\/\/szkolydoktorskie.uwb.edu.pl\/nsip\/wp-json\/wp\/v2\/media?parent=2474"}],"curies":[{"name":"wp","href":"https:\/\/api.w.org\/{rel}","templated":true}]}}