{"id":2467,"date":"2023-05-07T22:41:37","date_gmt":"2023-05-07T20:41:37","guid":{"rendered":"https:\/\/szkolydoktorskie.uwb.edu.pl\/nsip\/?page_id=2467"},"modified":"2023-12-15T10:07:40","modified_gmt":"2023-12-15T09:07:40","slug":"rzecznik-praw-doktoranta-uwb","status":"publish","type":"page","link":"https:\/\/szkolydoktorskie.uwb.edu.pl\/nsip\/rzecznik-praw-doktoranta-uwb\/","title":{"rendered":"Rzecznik Praw Doktoranta UwB"},"content":{"rendered":"\n<p>Rzecznik Praw Doktoranta UwB, stoi na stra\u017cy praw doktoranta wynikaj\u0105cych z akt\u00f3w prawa powszechnie obowi\u0105zuj\u0105cego oraz akt\u00f3w prawa zak\u0142adowego w sprawach dotycz\u0105cych ochrony praw doktoranta. Rzecznik bada, czy wskutek dzia\u0142ania lub zaniechania organ\u00f3w, organizacji lub instytucji, zobowi\u0105zanych do przestrzegania i realizacji tych praw, nie nast\u0105pi\u0142o naruszenie prawa, a tak\u017ce zasad wsp\u00f3\u0142\u017cycia i sprawiedliwo\u015bci spo\u0142ecznej. Rzecznik ma prawo wyst\u0119powania za zgod\u0105 zainteresowanego w jego imieniu wobec w\u0142adz podmiotu prowadz\u0105cego studia doktoranckie lub szko\u0142\u0119 doktorsk\u0105. Dzia\u0142ania Rzecznika dzia\u0142a maj\u0105 na celu, w szczeg\u00f3lno\u015bci: udzielanie doktorantom wsparcia prawnego z zakresu ustawy o szkolnictwie wy\u017cszym i nauce; podejmowanie mediacji i dzia\u0142a\u0144 wyja\u015bniaj\u0105cych w sprawach indywidualnych; analizowanie, monitorowanie i wspieranie przestrzegania praw doktoranta na Uniwersytecie w Bia\u0142ymstoku.<\/p>\n\n\n\n<p><strong>Link do strony Rzecznik Praw Doktoranta<\/strong>: <a href=\"https:\/\/www.facebook.com\/RPDUWB\">https:\/\/www.facebook.com\/RPDUWB<\/a><\/p>\n\n\n\n<p><strong>Rzecznik Praw Doktoranta UwB kadencji 2023\/2024<\/strong><\/p>\n\n\n\n<p>mgr \u0141ukasz So\u0142owiej<\/p>\n\n\n\n<p> <a href=\"mailto:l.solowiej@uwb.edu.pl\">l.solowiej@uwb.edu.pl<\/a>,<\/p>\n","protected":false},"excerpt":{"rendered":"<p>Rzecznik Praw Doktoranta UwB, stoi na stra\u017cy praw doktoranta wynikaj\u0105cych z akt\u00f3w prawa powszechnie obowi\u0105zuj\u0105cego oraz akt\u00f3w prawa zak\u0142adowego w sprawach dotycz\u0105cych ochrony praw doktoranta. Rzecznik bada, czy wskutek dzia\u0142ania&hellip;<\/p>\n","protected":false},"author":8,"featured_media":0,"parent":0,"menu_order":0,"comment_status":"closed","ping_status":"closed","template":"","meta":{"footnotes":""},"class_list":["post-2467","page","type-page","status-publish","hentry"],"yoast_head":"<!-- This site is optimized with the Yoast SEO plugin v27.3 - https:\/\/yoast.com\/product\/yoast-seo-wordpress\/ -->\n<title>Rzecznik Praw Doktoranta UwB - Szko\u0142a Doktorska Nauk \u015acis\u0142ych i Przyrodniczych UwB<\/title>\n<meta name=\"robots\" content=\"index, follow, max-snippet:-1, max-image-preview:large, max-video-preview:-1\" \/>\n<link rel=\"canonical\" href=\"https:\/\/szkolydoktorskie.uwb.edu.pl\/nsip\/rzecznik-praw-doktoranta-uwb\/\" \/>\n<meta property=\"og:locale\" content=\"pl_PL\" \/>\n<meta property=\"og:type\" content=\"article\" \/>\n<meta property=\"og:title\" content=\"Rzecznik Praw Doktoranta UwB - Szko\u0142a Doktorska Nauk \u015acis\u0142ych i Przyrodniczych UwB\" \/>\n<meta property=\"og:description\" content=\"Rzecznik Praw Doktoranta UwB, stoi na stra\u017cy praw doktoranta wynikaj\u0105cych z akt\u00f3w prawa powszechnie obowi\u0105zuj\u0105cego oraz akt\u00f3w prawa zak\u0142adowego w sprawach dotycz\u0105cych ochrony praw doktoranta. Rzecznik bada, czy wskutek dzia\u0142ania&hellip;\" \/>\n<meta property=\"og:url\" content=\"https:\/\/szkolydoktorskie.uwb.edu.pl\/nsip\/rzecznik-praw-doktoranta-uwb\/\" \/>\n<meta property=\"og:site_name\" content=\"Szko\u0142a Doktorska Nauk \u015acis\u0142ych i Przyrodniczych UwB\" \/>\n<meta property=\"article:modified_time\" content=\"2023-12-15T09:07:40+00:00\" \/>\n<meta name=\"twitter:card\" content=\"summary_large_image\" \/>\n<meta name=\"twitter:label1\" content=\"Szacowany czas czytania\" \/>\n\t<meta name=\"twitter:data1\" content=\"1 minuta\" \/>\n<script type=\"application\/ld+json\" class=\"yoast-schema-graph\">{\"@context\":\"https:\\\/\\\/schema.org\",\"@graph\":[{\"@type\":\"WebPage\",\"@id\":\"https:\\\/\\\/szkolydoktorskie.uwb.edu.pl\\\/nsip\\\/rzecznik-praw-doktoranta-uwb\\\/\",\"url\":\"https:\\\/\\\/szkolydoktorskie.uwb.edu.pl\\\/nsip\\\/rzecznik-praw-doktoranta-uwb\\\/\",\"name\":\"Rzecznik Praw Doktoranta UwB - Szko\u0142a Doktorska Nauk \u015acis\u0142ych i Przyrodniczych UwB\",\"isPartOf\":{\"@id\":\"https:\\\/\\\/szkolydoktorskie.uwb.edu.pl\\\/nsip\\\/#website\"},\"datePublished\":\"2023-05-07T20:41:37+00:00\",\"dateModified\":\"2023-12-15T09:07:40+00:00\",\"breadcrumb\":{\"@id\":\"https:\\\/\\\/szkolydoktorskie.uwb.edu.pl\\\/nsip\\\/rzecznik-praw-doktoranta-uwb\\\/#breadcrumb\"},\"inLanguage\":\"pl-PL\",\"potentialAction\":[{\"@type\":\"ReadAction\",\"target\":[\"https:\\\/\\\/szkolydoktorskie.uwb.edu.pl\\\/nsip\\\/rzecznik-praw-doktoranta-uwb\\\/\"]}]},{\"@type\":\"BreadcrumbList\",\"@id\":\"https:\\\/\\\/szkolydoktorskie.uwb.edu.pl\\\/nsip\\\/rzecznik-praw-doktoranta-uwb\\\/#breadcrumb\",\"itemListElement\":[{\"@type\":\"ListItem\",\"position\":1,\"name\":\"Strona g\u0142\u00f3wna\",\"item\":\"https:\\\/\\\/szkolydoktorskie.uwb.edu.pl\\\/nsip\\\/\"},{\"@type\":\"ListItem\",\"position\":2,\"name\":\"Rzecznik Praw Doktoranta UwB\"}]},{\"@type\":\"WebSite\",\"@id\":\"https:\\\/\\\/szkolydoktorskie.uwb.edu.pl\\\/nsip\\\/#website\",\"url\":\"https:\\\/\\\/szkolydoktorskie.uwb.edu.pl\\\/nsip\\\/\",\"name\":\"Szko\u0142a Doktorska Nauk \u015acis\u0142ych i Przyrodniczych UwB\",\"description\":\"Szko\u0142a Doktorska Nauk \u015acis\u0142ych i Przyrodniczych UwB\",\"publisher\":{\"@id\":\"https:\\\/\\\/szkolydoktorskie.uwb.edu.pl\\\/nsip\\\/#organization\"},\"potentialAction\":[{\"@type\":\"SearchAction\",\"target\":{\"@type\":\"EntryPoint\",\"urlTemplate\":\"https:\\\/\\\/szkolydoktorskie.uwb.edu.pl\\\/nsip\\\/?s={search_term_string}\"},\"query-input\":{\"@type\":\"PropertyValueSpecification\",\"valueRequired\":true,\"valueName\":\"search_term_string\"}}],\"inLanguage\":\"pl-PL\"},{\"@type\":\"Organization\",\"@id\":\"https:\\\/\\\/szkolydoktorskie.uwb.edu.pl\\\/nsip\\\/#organization\",\"name\":\"Szko\u0142a Doktorska Nauk \u015acis\u0142ych i Przyrodniczych UwB\",\"url\":\"https:\\\/\\\/szkolydoktorskie.uwb.edu.pl\\\/nsip\\\/\",\"logo\":{\"@type\":\"ImageObject\",\"inLanguage\":\"pl-PL\",\"@id\":\"https:\\\/\\\/szkolydoktorskie.uwb.edu.pl\\\/nsip\\\/#\\\/schema\\\/logo\\\/image\\\/\",\"url\":\"https:\\\/\\\/szkolydoktorskie.uwb.edu.pl\\\/nsip\\\/wp-content\\\/uploads\\\/sites\\\/4\\\/2021\\\/04\\\/cropped-LOGO-NSIP.png\",\"contentUrl\":\"https:\\\/\\\/szkolydoktorskie.uwb.edu.pl\\\/nsip\\\/wp-content\\\/uploads\\\/sites\\\/4\\\/2021\\\/04\\\/cropped-LOGO-NSIP.png\",\"width\":705,\"height\":188,\"caption\":\"Szko\u0142a Doktorska Nauk \u015acis\u0142ych i Przyrodniczych UwB\"},\"image\":{\"@id\":\"https:\\\/\\\/szkolydoktorskie.uwb.edu.pl\\\/nsip\\\/#\\\/schema\\\/logo\\\/image\\\/\"}}]}<\/script>\n<!-- \/ Yoast SEO plugin. -->","yoast_head_json":{"title":"Rzecznik Praw Doktoranta UwB - Szko\u0142a Doktorska Nauk \u015acis\u0142ych i Przyrodniczych UwB","robots":{"index":"index","follow":"follow","max-snippet":"max-snippet:-1","max-image-preview":"max-image-preview:large","max-video-preview":"max-video-preview:-1"},"canonical":"https:\/\/szkolydoktorskie.uwb.edu.pl\/nsip\/rzecznik-praw-doktoranta-uwb\/","og_locale":"pl_PL","og_type":"article","og_title":"Rzecznik Praw Doktoranta UwB - Szko\u0142a Doktorska Nauk \u015acis\u0142ych i Przyrodniczych UwB","og_description":"Rzecznik Praw Doktoranta UwB, stoi na stra\u017cy praw doktoranta wynikaj\u0105cych z akt\u00f3w prawa powszechnie obowi\u0105zuj\u0105cego oraz akt\u00f3w prawa zak\u0142adowego w sprawach dotycz\u0105cych ochrony praw doktoranta. Rzecznik bada, czy wskutek dzia\u0142ania&hellip;","og_url":"https:\/\/szkolydoktorskie.uwb.edu.pl\/nsip\/rzecznik-praw-doktoranta-uwb\/","og_site_name":"Szko\u0142a Doktorska Nauk \u015acis\u0142ych i Przyrodniczych UwB","article_modified_time":"2023-12-15T09:07:40+00:00","twitter_card":"summary_large_image","twitter_misc":{"Szacowany czas czytania":"1 minuta"},"schema":{"@context":"https:\/\/schema.org","@graph":[{"@type":"WebPage","@id":"https:\/\/szkolydoktorskie.uwb.edu.pl\/nsip\/rzecznik-praw-doktoranta-uwb\/","url":"https:\/\/szkolydoktorskie.uwb.edu.pl\/nsip\/rzecznik-praw-doktoranta-uwb\/","name":"Rzecznik Praw Doktoranta UwB - Szko\u0142a Doktorska Nauk \u015acis\u0142ych i Przyrodniczych UwB","isPartOf":{"@id":"https:\/\/szkolydoktorskie.uwb.edu.pl\/nsip\/#website"},"datePublished":"2023-05-07T20:41:37+00:00","dateModified":"2023-12-15T09:07:40+00:00","breadcrumb":{"@id":"https:\/\/szkolydoktorskie.uwb.edu.pl\/nsip\/rzecznik-praw-doktoranta-uwb\/#breadcrumb"},"inLanguage":"pl-PL","potentialAction":[{"@type":"ReadAction","target":["https:\/\/szkolydoktorskie.uwb.edu.pl\/nsip\/rzecznik-praw-doktoranta-uwb\/"]}]},{"@type":"BreadcrumbList","@id":"https:\/\/szkolydoktorskie.uwb.edu.pl\/nsip\/rzecznik-praw-doktoranta-uwb\/#breadcrumb","itemListElement":[{"@type":"ListItem","position":1,"name":"Strona g\u0142\u00f3wna","item":"https:\/\/szkolydoktorskie.uwb.edu.pl\/nsip\/"},{"@type":"ListItem","position":2,"name":"Rzecznik Praw Doktoranta UwB"}]},{"@type":"WebSite","@id":"https:\/\/szkolydoktorskie.uwb.edu.pl\/nsip\/#website","url":"https:\/\/szkolydoktorskie.uwb.edu.pl\/nsip\/","name":"Szko\u0142a Doktorska Nauk \u015acis\u0142ych i Przyrodniczych UwB","description":"Szko\u0142a Doktorska Nauk \u015acis\u0142ych i Przyrodniczych UwB","publisher":{"@id":"https:\/\/szkolydoktorskie.uwb.edu.pl\/nsip\/#organization"},"potentialAction":[{"@type":"SearchAction","target":{"@type":"EntryPoint","urlTemplate":"https:\/\/szkolydoktorskie.uwb.edu.pl\/nsip\/?s={search_term_string}"},"query-input":{"@type":"PropertyValueSpecification","valueRequired":true,"valueName":"search_term_string"}}],"inLanguage":"pl-PL"},{"@type":"Organization","@id":"https:\/\/szkolydoktorskie.uwb.edu.pl\/nsip\/#organization","name":"Szko\u0142a Doktorska Nauk \u015acis\u0142ych i Przyrodniczych UwB","url":"https:\/\/szkolydoktorskie.uwb.edu.pl\/nsip\/","logo":{"@type":"ImageObject","inLanguage":"pl-PL","@id":"https:\/\/szkolydoktorskie.uwb.edu.pl\/nsip\/#\/schema\/logo\/image\/","url":"https:\/\/szkolydoktorskie.uwb.edu.pl\/nsip\/wp-content\/uploads\/sites\/4\/2021\/04\/cropped-LOGO-NSIP.png","contentUrl":"https:\/\/szkolydoktorskie.uwb.edu.pl\/nsip\/wp-content\/uploads\/sites\/4\/2021\/04\/cropped-LOGO-NSIP.png","width":705,"height":188,"caption":"Szko\u0142a Doktorska Nauk \u015acis\u0142ych i Przyrodniczych UwB"},"image":{"@id":"https:\/\/szkolydoktorskie.uwb.edu.pl\/nsip\/#\/schema\/logo\/image\/"}}]}},"_links":{"self":[{"href":"https:\/\/szkolydoktorskie.uwb.edu.pl\/nsip\/wp-json\/wp\/v2\/pages\/2467","targetHints":{"allow":["GET"]}}],"collection":[{"href":"https:\/\/szkolydoktorskie.uwb.edu.pl\/nsip\/wp-json\/wp\/v2\/pages"}],"about":[{"href":"https:\/\/szkolydoktorskie.uwb.edu.pl\/nsip\/wp-json\/wp\/v2\/types\/page"}],"author":[{"embeddable":true,"href":"https:\/\/szkolydoktorskie.uwb.edu.pl\/nsip\/wp-json\/wp\/v2\/users\/8"}],"replies":[{"embeddable":true,"href":"https:\/\/szkolydoktorskie.uwb.edu.pl\/nsip\/wp-json\/wp\/v2\/comments?post=2467"}],"version-history":[{"count":3,"href":"https:\/\/szkolydoktorskie.uwb.edu.pl\/nsip\/wp-json\/wp\/v2\/pages\/2467\/revisions"}],"predecessor-version":[{"id":2773,"href":"https:\/\/szkolydoktorskie.uwb.edu.pl\/nsip\/wp-json\/wp\/v2\/pages\/2467\/revisions\/2773"}],"wp:attachment":[{"href":"https:\/\/szkolydoktorskie.uwb.edu.pl\/nsip\/wp-json\/wp\/v2\/media?parent=2467"}],"curies":[{"name":"wp","href":"https:\/\/api.w.org\/{rel}","templated":true}]}}