{"id":2400,"date":"2023-04-04T12:01:00","date_gmt":"2023-04-04T10:01:00","guid":{"rendered":"https:\/\/szkolydoktorskie.uwb.edu.pl\/nsip\/?page_id=2400"},"modified":"2023-04-04T13:24:16","modified_gmt":"2023-04-04T11:24:16","slug":"dyscyplina-naukowa-matematyka","status":"publish","type":"page","link":"https:\/\/szkolydoktorskie.uwb.edu.pl\/nsip\/dyscyplina-naukowa-matematyka\/","title":{"rendered":"Dyscyplina naukowa: matematyka"},"content":{"rendered":"\n<figure class=\"wp-block-table\"><table><tbody><tr><td><strong>Lp.<\/strong><\/td><td><strong>Imi\u0119 i nazwisko, tytu\u0142 naukowy, e-mail<\/strong><\/td><td><strong>Kr\u00f3tki opis kierunku badawczego<\/strong><\/td><\/tr><tr><td><strong>1.<\/strong><\/td><td><strong><a href=\"https:\/\/math.uwb.edu.pl\/pl\/pracownicy\/pracownik.php?cID=270\">prof. dr hab. Tomasz Brzezi\u0144ski<\/a><\/strong> t.brzezinski@uwb.edu.pl<\/td><td>Algebra (w szczeg\u00f3lno\u015bci struktury algebraiczne takie jak: algebry Hopfa, pier\u015bcienie i kopier\u015bcienie, wi\u0105zary), geometria nieprzemienna, zastosowania algebry w geometrii i fizyce matematycznej<\/td><\/tr><tr><td><strong>2.<\/strong><\/td><td><strong><a href=\"https:\/\/math.uwb.edu.pl\/pl\/pracownicy\/pracownik.php?cID=192\">dr hab. Bartosz Kwa\u015bniewski, prof. UwB<\/a> <\/strong>b.kwasniewski@uwb.edu.pl<\/td><td>Analiza funkcjonalna, algebry operatorowe (w szczeg\u00f3lno\u015bci C*-algebry oraz algebry operator\u00f3w na przestrzeniach Lp), dynamika nieprzemienna, w\u0142asno\u015bci spektralne operator\u00f3w nielokalnych<\/td><\/tr><tr><td><strong>3.<\/strong><\/td><td><strong><a href=\"https:\/\/math.uwb.edu.pl\/pl\/pracownicy\/pracownik.php?cID=126\">dr hab. Romuald Ryszard Andruszkiewicz, prof. UwB<\/a><\/strong> r.andruszkiewicz@uwb.edu.pl<\/td><td>Og\u00f3lna teoria radyka\u0142\u00f3w pier\u015bcieni \u0142\u0105cznych ze szczeg\u00f3lnym uwzgl\u0119dnieniem stabilizacji \u0142a\u0144cuch\u00f3w Kurosza i stabilizacji lewostronnych \u0142a\u0144cuch\u00f3w Kurosza<\/td><\/tr><tr><td><strong>4.<\/strong><\/td><td><a href=\"https:\/\/math.uwb.edu.pl\/pl\/pracownicy\/pracownik.php?cID=132\"><strong>dr hab. Izabela Malinowska, prof. UwB<\/strong> <\/a>i.malinowska@uwb.edu.pl<\/td><td>Algebra (w szczeg\u00f3lno\u015bci struktury algebraiczne takie jak: grupy)<\/td><\/tr><tr><td><strong>5.<\/strong><\/td><td><a href=\"https:\/\/math.uwb.edu.pl\/pl\/pracownicy\/pracownik.php?cID=183\"><strong>dr hab. Alina Dobrogowska, prof. UwB<\/strong> <\/a>alina.dobrogowska@uwb.edu.pl<\/td><td>Klasyczne i kwantowe uk\u0142ady ca\u0142kowalne, w szczeg\u00f3lno\u015bci uk\u0142ady bi-hamiltonowskie, algebry i algebroidy Liego, metoda faktoryzacji<\/td><\/tr><\/tbody><\/table><\/figure>\n","protected":false},"excerpt":{"rendered":"<p>Lp. Imi\u0119 i nazwisko, tytu\u0142 naukowy, e-mail Kr\u00f3tki opis kierunku badawczego 1. prof. dr hab. Tomasz Brzezi\u0144ski t.brzezinski@uwb.edu.pl Algebra (w szczeg\u00f3lno\u015bci struktury algebraiczne takie jak: algebry Hopfa, pier\u015bcienie i kopier\u015bcienie,&hellip;<\/p>\n","protected":false},"author":14,"featured_media":0,"parent":0,"menu_order":0,"comment_status":"closed","ping_status":"closed","template":"","meta":{"footnotes":""},"class_list":["post-2400","page","type-page","status-publish","hentry"],"yoast_head":"<!-- This site is optimized with the Yoast SEO plugin v27.3 - https:\/\/yoast.com\/product\/yoast-seo-wordpress\/ -->\n<title>Dyscyplina naukowa: matematyka - Szko\u0142a Doktorska Nauk \u015acis\u0142ych i Przyrodniczych UwB<\/title>\n<meta name=\"robots\" content=\"index, follow, max-snippet:-1, max-image-preview:large, max-video-preview:-1\" \/>\n<link rel=\"canonical\" href=\"https:\/\/szkolydoktorskie.uwb.edu.pl\/nsip\/dyscyplina-naukowa-matematyka\/\" \/>\n<meta property=\"og:locale\" content=\"pl_PL\" \/>\n<meta property=\"og:type\" content=\"article\" \/>\n<meta property=\"og:title\" content=\"Dyscyplina naukowa: matematyka - Szko\u0142a Doktorska Nauk \u015acis\u0142ych i Przyrodniczych UwB\" \/>\n<meta property=\"og:description\" content=\"Lp. Imi\u0119 i nazwisko, tytu\u0142 naukowy, e-mail Kr\u00f3tki opis kierunku badawczego 1. prof. dr hab. Tomasz Brzezi\u0144ski t.brzezinski@uwb.edu.pl Algebra (w szczeg\u00f3lno\u015bci struktury algebraiczne takie jak: algebry Hopfa, pier\u015bcienie i kopier\u015bcienie,&hellip;\" \/>\n<meta property=\"og:url\" content=\"https:\/\/szkolydoktorskie.uwb.edu.pl\/nsip\/dyscyplina-naukowa-matematyka\/\" \/>\n<meta property=\"og:site_name\" content=\"Szko\u0142a Doktorska Nauk \u015acis\u0142ych i Przyrodniczych UwB\" \/>\n<meta property=\"article:modified_time\" content=\"2023-04-04T11:24:16+00:00\" \/>\n<meta name=\"twitter:card\" content=\"summary_large_image\" \/>\n<meta name=\"twitter:label1\" content=\"Szacowany czas czytania\" \/>\n\t<meta name=\"twitter:data1\" content=\"1 minuta\" \/>\n<script type=\"application\/ld+json\" class=\"yoast-schema-graph\">{\"@context\":\"https:\\\/\\\/schema.org\",\"@graph\":[{\"@type\":\"WebPage\",\"@id\":\"https:\\\/\\\/szkolydoktorskie.uwb.edu.pl\\\/nsip\\\/dyscyplina-naukowa-matematyka\\\/\",\"url\":\"https:\\\/\\\/szkolydoktorskie.uwb.edu.pl\\\/nsip\\\/dyscyplina-naukowa-matematyka\\\/\",\"name\":\"Dyscyplina naukowa: matematyka - Szko\u0142a Doktorska Nauk \u015acis\u0142ych i Przyrodniczych UwB\",\"isPartOf\":{\"@id\":\"https:\\\/\\\/szkolydoktorskie.uwb.edu.pl\\\/nsip\\\/#website\"},\"datePublished\":\"2023-04-04T10:01:00+00:00\",\"dateModified\":\"2023-04-04T11:24:16+00:00\",\"breadcrumb\":{\"@id\":\"https:\\\/\\\/szkolydoktorskie.uwb.edu.pl\\\/nsip\\\/dyscyplina-naukowa-matematyka\\\/#breadcrumb\"},\"inLanguage\":\"pl-PL\",\"potentialAction\":[{\"@type\":\"ReadAction\",\"target\":[\"https:\\\/\\\/szkolydoktorskie.uwb.edu.pl\\\/nsip\\\/dyscyplina-naukowa-matematyka\\\/\"]}]},{\"@type\":\"BreadcrumbList\",\"@id\":\"https:\\\/\\\/szkolydoktorskie.uwb.edu.pl\\\/nsip\\\/dyscyplina-naukowa-matematyka\\\/#breadcrumb\",\"itemListElement\":[{\"@type\":\"ListItem\",\"position\":1,\"name\":\"Strona g\u0142\u00f3wna\",\"item\":\"https:\\\/\\\/szkolydoktorskie.uwb.edu.pl\\\/nsip\\\/\"},{\"@type\":\"ListItem\",\"position\":2,\"name\":\"Dyscyplina naukowa: matematyka\"}]},{\"@type\":\"WebSite\",\"@id\":\"https:\\\/\\\/szkolydoktorskie.uwb.edu.pl\\\/nsip\\\/#website\",\"url\":\"https:\\\/\\\/szkolydoktorskie.uwb.edu.pl\\\/nsip\\\/\",\"name\":\"Szko\u0142a Doktorska Nauk \u015acis\u0142ych i Przyrodniczych UwB\",\"description\":\"Szko\u0142a Doktorska Nauk \u015acis\u0142ych i Przyrodniczych UwB\",\"publisher\":{\"@id\":\"https:\\\/\\\/szkolydoktorskie.uwb.edu.pl\\\/nsip\\\/#organization\"},\"potentialAction\":[{\"@type\":\"SearchAction\",\"target\":{\"@type\":\"EntryPoint\",\"urlTemplate\":\"https:\\\/\\\/szkolydoktorskie.uwb.edu.pl\\\/nsip\\\/?s={search_term_string}\"},\"query-input\":{\"@type\":\"PropertyValueSpecification\",\"valueRequired\":true,\"valueName\":\"search_term_string\"}}],\"inLanguage\":\"pl-PL\"},{\"@type\":\"Organization\",\"@id\":\"https:\\\/\\\/szkolydoktorskie.uwb.edu.pl\\\/nsip\\\/#organization\",\"name\":\"Szko\u0142a Doktorska Nauk \u015acis\u0142ych i Przyrodniczych UwB\",\"url\":\"https:\\\/\\\/szkolydoktorskie.uwb.edu.pl\\\/nsip\\\/\",\"logo\":{\"@type\":\"ImageObject\",\"inLanguage\":\"pl-PL\",\"@id\":\"https:\\\/\\\/szkolydoktorskie.uwb.edu.pl\\\/nsip\\\/#\\\/schema\\\/logo\\\/image\\\/\",\"url\":\"https:\\\/\\\/szkolydoktorskie.uwb.edu.pl\\\/nsip\\\/wp-content\\\/uploads\\\/sites\\\/4\\\/2021\\\/04\\\/cropped-LOGO-NSIP.png\",\"contentUrl\":\"https:\\\/\\\/szkolydoktorskie.uwb.edu.pl\\\/nsip\\\/wp-content\\\/uploads\\\/sites\\\/4\\\/2021\\\/04\\\/cropped-LOGO-NSIP.png\",\"width\":705,\"height\":188,\"caption\":\"Szko\u0142a Doktorska Nauk \u015acis\u0142ych i Przyrodniczych UwB\"},\"image\":{\"@id\":\"https:\\\/\\\/szkolydoktorskie.uwb.edu.pl\\\/nsip\\\/#\\\/schema\\\/logo\\\/image\\\/\"}}]}<\/script>\n<!-- \/ Yoast SEO plugin. -->","yoast_head_json":{"title":"Dyscyplina naukowa: matematyka - Szko\u0142a Doktorska Nauk \u015acis\u0142ych i Przyrodniczych UwB","robots":{"index":"index","follow":"follow","max-snippet":"max-snippet:-1","max-image-preview":"max-image-preview:large","max-video-preview":"max-video-preview:-1"},"canonical":"https:\/\/szkolydoktorskie.uwb.edu.pl\/nsip\/dyscyplina-naukowa-matematyka\/","og_locale":"pl_PL","og_type":"article","og_title":"Dyscyplina naukowa: matematyka - Szko\u0142a Doktorska Nauk \u015acis\u0142ych i Przyrodniczych UwB","og_description":"Lp. Imi\u0119 i nazwisko, tytu\u0142 naukowy, e-mail Kr\u00f3tki opis kierunku badawczego 1. prof. dr hab. Tomasz Brzezi\u0144ski t.brzezinski@uwb.edu.pl Algebra (w szczeg\u00f3lno\u015bci struktury algebraiczne takie jak: algebry Hopfa, pier\u015bcienie i kopier\u015bcienie,&hellip;","og_url":"https:\/\/szkolydoktorskie.uwb.edu.pl\/nsip\/dyscyplina-naukowa-matematyka\/","og_site_name":"Szko\u0142a Doktorska Nauk \u015acis\u0142ych i Przyrodniczych UwB","article_modified_time":"2023-04-04T11:24:16+00:00","twitter_card":"summary_large_image","twitter_misc":{"Szacowany czas czytania":"1 minuta"},"schema":{"@context":"https:\/\/schema.org","@graph":[{"@type":"WebPage","@id":"https:\/\/szkolydoktorskie.uwb.edu.pl\/nsip\/dyscyplina-naukowa-matematyka\/","url":"https:\/\/szkolydoktorskie.uwb.edu.pl\/nsip\/dyscyplina-naukowa-matematyka\/","name":"Dyscyplina naukowa: matematyka - Szko\u0142a Doktorska Nauk \u015acis\u0142ych i Przyrodniczych UwB","isPartOf":{"@id":"https:\/\/szkolydoktorskie.uwb.edu.pl\/nsip\/#website"},"datePublished":"2023-04-04T10:01:00+00:00","dateModified":"2023-04-04T11:24:16+00:00","breadcrumb":{"@id":"https:\/\/szkolydoktorskie.uwb.edu.pl\/nsip\/dyscyplina-naukowa-matematyka\/#breadcrumb"},"inLanguage":"pl-PL","potentialAction":[{"@type":"ReadAction","target":["https:\/\/szkolydoktorskie.uwb.edu.pl\/nsip\/dyscyplina-naukowa-matematyka\/"]}]},{"@type":"BreadcrumbList","@id":"https:\/\/szkolydoktorskie.uwb.edu.pl\/nsip\/dyscyplina-naukowa-matematyka\/#breadcrumb","itemListElement":[{"@type":"ListItem","position":1,"name":"Strona g\u0142\u00f3wna","item":"https:\/\/szkolydoktorskie.uwb.edu.pl\/nsip\/"},{"@type":"ListItem","position":2,"name":"Dyscyplina naukowa: matematyka"}]},{"@type":"WebSite","@id":"https:\/\/szkolydoktorskie.uwb.edu.pl\/nsip\/#website","url":"https:\/\/szkolydoktorskie.uwb.edu.pl\/nsip\/","name":"Szko\u0142a Doktorska Nauk \u015acis\u0142ych i Przyrodniczych UwB","description":"Szko\u0142a Doktorska Nauk \u015acis\u0142ych i Przyrodniczych UwB","publisher":{"@id":"https:\/\/szkolydoktorskie.uwb.edu.pl\/nsip\/#organization"},"potentialAction":[{"@type":"SearchAction","target":{"@type":"EntryPoint","urlTemplate":"https:\/\/szkolydoktorskie.uwb.edu.pl\/nsip\/?s={search_term_string}"},"query-input":{"@type":"PropertyValueSpecification","valueRequired":true,"valueName":"search_term_string"}}],"inLanguage":"pl-PL"},{"@type":"Organization","@id":"https:\/\/szkolydoktorskie.uwb.edu.pl\/nsip\/#organization","name":"Szko\u0142a Doktorska Nauk \u015acis\u0142ych i Przyrodniczych UwB","url":"https:\/\/szkolydoktorskie.uwb.edu.pl\/nsip\/","logo":{"@type":"ImageObject","inLanguage":"pl-PL","@id":"https:\/\/szkolydoktorskie.uwb.edu.pl\/nsip\/#\/schema\/logo\/image\/","url":"https:\/\/szkolydoktorskie.uwb.edu.pl\/nsip\/wp-content\/uploads\/sites\/4\/2021\/04\/cropped-LOGO-NSIP.png","contentUrl":"https:\/\/szkolydoktorskie.uwb.edu.pl\/nsip\/wp-content\/uploads\/sites\/4\/2021\/04\/cropped-LOGO-NSIP.png","width":705,"height":188,"caption":"Szko\u0142a Doktorska Nauk \u015acis\u0142ych i Przyrodniczych UwB"},"image":{"@id":"https:\/\/szkolydoktorskie.uwb.edu.pl\/nsip\/#\/schema\/logo\/image\/"}}]}},"_links":{"self":[{"href":"https:\/\/szkolydoktorskie.uwb.edu.pl\/nsip\/wp-json\/wp\/v2\/pages\/2400","targetHints":{"allow":["GET"]}}],"collection":[{"href":"https:\/\/szkolydoktorskie.uwb.edu.pl\/nsip\/wp-json\/wp\/v2\/pages"}],"about":[{"href":"https:\/\/szkolydoktorskie.uwb.edu.pl\/nsip\/wp-json\/wp\/v2\/types\/page"}],"author":[{"embeddable":true,"href":"https:\/\/szkolydoktorskie.uwb.edu.pl\/nsip\/wp-json\/wp\/v2\/users\/14"}],"replies":[{"embeddable":true,"href":"https:\/\/szkolydoktorskie.uwb.edu.pl\/nsip\/wp-json\/wp\/v2\/comments?post=2400"}],"version-history":[{"count":2,"href":"https:\/\/szkolydoktorskie.uwb.edu.pl\/nsip\/wp-json\/wp\/v2\/pages\/2400\/revisions"}],"predecessor-version":[{"id":2418,"href":"https:\/\/szkolydoktorskie.uwb.edu.pl\/nsip\/wp-json\/wp\/v2\/pages\/2400\/revisions\/2418"}],"wp:attachment":[{"href":"https:\/\/szkolydoktorskie.uwb.edu.pl\/nsip\/wp-json\/wp\/v2\/media?parent=2400"}],"curies":[{"name":"wp","href":"https:\/\/api.w.org\/{rel}","templated":true}]}}