{"id":2384,"date":"2023-04-04T11:39:49","date_gmt":"2023-04-04T09:39:49","guid":{"rendered":"https:\/\/szkolydoktorskie.uwb.edu.pl\/nsip\/?page_id=2384"},"modified":"2023-04-04T13:17:43","modified_gmt":"2023-04-04T11:17:43","slug":"dyscyplina-naukowa-nauki-chemiczne-2","status":"publish","type":"page","link":"https:\/\/szkolydoktorskie.uwb.edu.pl\/nsip\/dyscyplina-naukowa-nauki-chemiczne-2\/","title":{"rendered":"Dyscyplina naukowa: nauki chemiczne"},"content":{"rendered":"\n<figure class=\"wp-block-table\"><table><tbody><tr><td><strong>Lp.<\/strong><\/td><td><strong>Imi\u0119 i nazwisko, tytu\u0142 naukowy, e-mail<\/strong><\/td><td><strong>Kr\u00f3tki opis kierunku badawczego<\/strong><\/td><\/tr><tr><td><strong>1.<\/strong><\/td><td><strong><a href=\"https:\/\/chemia.uwb.edu.pl\/zaklad-polimerow-i-syntezy-organicznej\/kierownik\/agnieszka-z-wilczewska\">prof. dr hab. Agnieszka Z. Wilczewska<\/a><\/strong><br>agawilcz@uwb.edu.pl<br> <br><strong><a href=\"https:\/\/chemia.uwb.edu.pl\/zaklad-polimerow-i-syntezy-organicznej\/pracownicy\/iwona-misztalewska-turkowicz\">dr Iwona Misztalewska-Turkowicz<\/a><\/strong><br>(promotor pomocniczy) i.misztalewska@uwb.edu.pl<\/td><td>Chemia organiczna, chemia polimer\u00f3w, kataliza chemiczna. Zastosowanie polimeryzacji rodnikowej do otrzymywania no\u015bnik\u00f3w lek\u00f3w oraz no\u015bnik\u00f3w magnetycznych do katalizy organicznej.&nbsp;<\/td><\/tr><tr><td><strong>2.<\/strong><\/td><td><strong><a href=\"https:\/\/chemia.uwb.edu.pl\/zaklad-polimerow-i-syntezy-organicznej\/kierownik\/agnieszka-z-wilczewska\">prof. dr hab. &nbsp;Agnieszka Z. Wilczewska<\/a><\/strong><br>agawilcz@uwb.edu.pl &nbsp;<\/td><td>Chemia organiczna, chemia polimer\u00f3w. Synteza lipidowych pochodnych cyklodestryn i ich zastosowanie do enkapsulacji lek\u00f3w.<\/td><\/tr><tr><td><strong>3.<\/strong><\/td><td><strong><a href=\"https:\/\/chemia.uwb.edu.pl\/zaklad-chemii-strukturalnej\/kierownik\/artur-ratkiewicz\">dr hab. Artur Ratkiewicz<\/a><\/strong>, artrat@uwb.edu.pl<\/td><td>Teoretyczna kinetyka chemiczna, fizyczna chemia organiczna<\/td><\/tr><tr><td><strong>4.<\/strong><\/td><td><strong><a href=\"https:\/\/chemia.uwb.edu.pl\/zaklad-chemii-analitycznej\/pracownicy\/edyta-nalewajko-sieliwoniuk\">dr hab. &nbsp;Edyta Nalewajko-Sieliwoniuk <\/a><\/strong>e.nalewajko@uwb.edu.pl<\/td><td>Metody oznaczania przeciwutleniaczy hydro- i lipofilowych w mleku matki<\/td><\/tr><tr><td><strong>5.<\/strong><\/td><td><a href=\"https:\/\/chemia.uwb.edu.pl\/pracownia-bioanalizy\/kierownik\/ewa-gorodkiewicz\"><strong>prof. dr hab. Ewa Gorodkiewicz<\/strong> <\/a>ewka@uwb.edu.pl<\/td><td>Biosensory, technika Powierzchniowego Rezonansu Plazmon\u00f3w, oznaczenia ilo\u015bciowe biomarker\u00f3w.<\/td><\/tr><tr><td><strong>6.<\/strong><\/td><td><strong><a href=\"https:\/\/chemia.uwb.edu.pl\/pracownia-bioelektrochemii\/pracownicy\/monika-naumowicz\">dr hab. Monika Naumowicz, prof. UwB <\/a><\/strong><br>monikan@uwb.edu.pl<\/td><td>W\u0142a\u015bciwo\u015bci elektryczne naturalnych i modelowych membran lipidowych &nbsp; poddanych ekspozycji na antropogeniczne zanieczyszczenia \u015brodowiska naturalnego (submikronowe cz\u0105stki polimerowe, \u015brodki ochrony ro\u015blin, furanokumaryny) mog\u0105ce wykazywa\u0107 synergistyczne lub addytywne szkodliwe dzia\u0142anie.<\/td><\/tr><tr><td><strong>7.<\/strong><\/td><td><strong><a href=\"https:\/\/chemia.uwb.edu.pl\/pracownia-chemii-organicznej-i-supramolekularnej\/kierownik\/izabella-jastrzebska\">dr hab. Izabella Jastrz\u0119bska, prof. UwB<\/a><\/strong><br>i.jastrzebska@uwb.edu.pl<br>  <br><strong><a href=\"https:\/\/www.icho.edu.pl\/zespol\/jacek-mlynarski\/marcin-gorecki\/\">dr hab. Marcin G\u00f3recki<\/a><\/strong> (IChO PAN) marcin.gorecki@icho.edu.pl \u00a0<\/td><td><a href=\"https:\/\/szkolydoktorskie.uwb.edu.pl\/nsip\/wp-content\/uploads\/sites\/4\/2023\/04\/Jastrzebska.pdf\">szczeg\u00f3\u0142owe informacje<\/a><\/td><\/tr><\/tbody><\/table><\/figure>\n","protected":false},"excerpt":{"rendered":"<p>Lp. Imi\u0119 i nazwisko, tytu\u0142 naukowy, e-mail Kr\u00f3tki opis kierunku badawczego 1. prof. dr hab. Agnieszka Z. Wilczewskaagawilcz@uwb.edu.pl dr Iwona Misztalewska-Turkowicz(promotor pomocniczy) i.misztalewska@uwb.edu.pl Chemia organiczna, chemia polimer\u00f3w, kataliza chemiczna. Zastosowanie&hellip;<\/p>\n","protected":false},"author":14,"featured_media":0,"parent":0,"menu_order":0,"comment_status":"closed","ping_status":"closed","template":"","meta":{"footnotes":""},"class_list":["post-2384","page","type-page","status-publish","hentry"],"yoast_head":"<!-- This site is optimized with the Yoast SEO plugin v27.3 - https:\/\/yoast.com\/product\/yoast-seo-wordpress\/ -->\n<title>Dyscyplina naukowa: nauki chemiczne - Szko\u0142a Doktorska Nauk \u015acis\u0142ych i Przyrodniczych UwB<\/title>\n<meta name=\"robots\" content=\"index, follow, max-snippet:-1, max-image-preview:large, max-video-preview:-1\" \/>\n<link rel=\"canonical\" href=\"https:\/\/szkolydoktorskie.uwb.edu.pl\/nsip\/dyscyplina-naukowa-nauki-chemiczne-2\/\" \/>\n<meta property=\"og:locale\" content=\"pl_PL\" \/>\n<meta property=\"og:type\" content=\"article\" \/>\n<meta property=\"og:title\" content=\"Dyscyplina naukowa: nauki chemiczne - Szko\u0142a Doktorska Nauk \u015acis\u0142ych i Przyrodniczych UwB\" \/>\n<meta property=\"og:description\" content=\"Lp. Imi\u0119 i nazwisko, tytu\u0142 naukowy, e-mail Kr\u00f3tki opis kierunku badawczego 1. prof. dr hab. Agnieszka Z. Wilczewskaagawilcz@uwb.edu.pl dr Iwona Misztalewska-Turkowicz(promotor pomocniczy) i.misztalewska@uwb.edu.pl Chemia organiczna, chemia polimer\u00f3w, kataliza chemiczna. Zastosowanie&hellip;\" \/>\n<meta property=\"og:url\" content=\"https:\/\/szkolydoktorskie.uwb.edu.pl\/nsip\/dyscyplina-naukowa-nauki-chemiczne-2\/\" \/>\n<meta property=\"og:site_name\" content=\"Szko\u0142a Doktorska Nauk \u015acis\u0142ych i Przyrodniczych UwB\" \/>\n<meta property=\"article:modified_time\" content=\"2023-04-04T11:17:43+00:00\" \/>\n<meta name=\"twitter:card\" content=\"summary_large_image\" \/>\n<meta name=\"twitter:label1\" content=\"Szacowany czas czytania\" \/>\n\t<meta name=\"twitter:data1\" content=\"1 minuta\" \/>\n<script type=\"application\/ld+json\" class=\"yoast-schema-graph\">{\"@context\":\"https:\\\/\\\/schema.org\",\"@graph\":[{\"@type\":\"WebPage\",\"@id\":\"https:\\\/\\\/szkolydoktorskie.uwb.edu.pl\\\/nsip\\\/dyscyplina-naukowa-nauki-chemiczne-2\\\/\",\"url\":\"https:\\\/\\\/szkolydoktorskie.uwb.edu.pl\\\/nsip\\\/dyscyplina-naukowa-nauki-chemiczne-2\\\/\",\"name\":\"Dyscyplina naukowa: nauki chemiczne - Szko\u0142a Doktorska Nauk \u015acis\u0142ych i Przyrodniczych UwB\",\"isPartOf\":{\"@id\":\"https:\\\/\\\/szkolydoktorskie.uwb.edu.pl\\\/nsip\\\/#website\"},\"datePublished\":\"2023-04-04T09:39:49+00:00\",\"dateModified\":\"2023-04-04T11:17:43+00:00\",\"breadcrumb\":{\"@id\":\"https:\\\/\\\/szkolydoktorskie.uwb.edu.pl\\\/nsip\\\/dyscyplina-naukowa-nauki-chemiczne-2\\\/#breadcrumb\"},\"inLanguage\":\"pl-PL\",\"potentialAction\":[{\"@type\":\"ReadAction\",\"target\":[\"https:\\\/\\\/szkolydoktorskie.uwb.edu.pl\\\/nsip\\\/dyscyplina-naukowa-nauki-chemiczne-2\\\/\"]}]},{\"@type\":\"BreadcrumbList\",\"@id\":\"https:\\\/\\\/szkolydoktorskie.uwb.edu.pl\\\/nsip\\\/dyscyplina-naukowa-nauki-chemiczne-2\\\/#breadcrumb\",\"itemListElement\":[{\"@type\":\"ListItem\",\"position\":1,\"name\":\"Strona g\u0142\u00f3wna\",\"item\":\"https:\\\/\\\/szkolydoktorskie.uwb.edu.pl\\\/nsip\\\/\"},{\"@type\":\"ListItem\",\"position\":2,\"name\":\"Dyscyplina naukowa: nauki chemiczne\"}]},{\"@type\":\"WebSite\",\"@id\":\"https:\\\/\\\/szkolydoktorskie.uwb.edu.pl\\\/nsip\\\/#website\",\"url\":\"https:\\\/\\\/szkolydoktorskie.uwb.edu.pl\\\/nsip\\\/\",\"name\":\"Szko\u0142a Doktorska Nauk \u015acis\u0142ych i Przyrodniczych UwB\",\"description\":\"Szko\u0142a Doktorska Nauk \u015acis\u0142ych i Przyrodniczych UwB\",\"publisher\":{\"@id\":\"https:\\\/\\\/szkolydoktorskie.uwb.edu.pl\\\/nsip\\\/#organization\"},\"potentialAction\":[{\"@type\":\"SearchAction\",\"target\":{\"@type\":\"EntryPoint\",\"urlTemplate\":\"https:\\\/\\\/szkolydoktorskie.uwb.edu.pl\\\/nsip\\\/?s={search_term_string}\"},\"query-input\":{\"@type\":\"PropertyValueSpecification\",\"valueRequired\":true,\"valueName\":\"search_term_string\"}}],\"inLanguage\":\"pl-PL\"},{\"@type\":\"Organization\",\"@id\":\"https:\\\/\\\/szkolydoktorskie.uwb.edu.pl\\\/nsip\\\/#organization\",\"name\":\"Szko\u0142a Doktorska Nauk \u015acis\u0142ych i Przyrodniczych UwB\",\"url\":\"https:\\\/\\\/szkolydoktorskie.uwb.edu.pl\\\/nsip\\\/\",\"logo\":{\"@type\":\"ImageObject\",\"inLanguage\":\"pl-PL\",\"@id\":\"https:\\\/\\\/szkolydoktorskie.uwb.edu.pl\\\/nsip\\\/#\\\/schema\\\/logo\\\/image\\\/\",\"url\":\"https:\\\/\\\/szkolydoktorskie.uwb.edu.pl\\\/nsip\\\/wp-content\\\/uploads\\\/sites\\\/4\\\/2021\\\/04\\\/cropped-LOGO-NSIP.png\",\"contentUrl\":\"https:\\\/\\\/szkolydoktorskie.uwb.edu.pl\\\/nsip\\\/wp-content\\\/uploads\\\/sites\\\/4\\\/2021\\\/04\\\/cropped-LOGO-NSIP.png\",\"width\":705,\"height\":188,\"caption\":\"Szko\u0142a Doktorska Nauk \u015acis\u0142ych i Przyrodniczych UwB\"},\"image\":{\"@id\":\"https:\\\/\\\/szkolydoktorskie.uwb.edu.pl\\\/nsip\\\/#\\\/schema\\\/logo\\\/image\\\/\"}}]}<\/script>\n<!-- \/ Yoast SEO plugin. -->","yoast_head_json":{"title":"Dyscyplina naukowa: nauki chemiczne - Szko\u0142a Doktorska Nauk \u015acis\u0142ych i Przyrodniczych UwB","robots":{"index":"index","follow":"follow","max-snippet":"max-snippet:-1","max-image-preview":"max-image-preview:large","max-video-preview":"max-video-preview:-1"},"canonical":"https:\/\/szkolydoktorskie.uwb.edu.pl\/nsip\/dyscyplina-naukowa-nauki-chemiczne-2\/","og_locale":"pl_PL","og_type":"article","og_title":"Dyscyplina naukowa: nauki chemiczne - Szko\u0142a Doktorska Nauk \u015acis\u0142ych i Przyrodniczych UwB","og_description":"Lp. Imi\u0119 i nazwisko, tytu\u0142 naukowy, e-mail Kr\u00f3tki opis kierunku badawczego 1. prof. dr hab. Agnieszka Z. Wilczewskaagawilcz@uwb.edu.pl dr Iwona Misztalewska-Turkowicz(promotor pomocniczy) i.misztalewska@uwb.edu.pl Chemia organiczna, chemia polimer\u00f3w, kataliza chemiczna. Zastosowanie&hellip;","og_url":"https:\/\/szkolydoktorskie.uwb.edu.pl\/nsip\/dyscyplina-naukowa-nauki-chemiczne-2\/","og_site_name":"Szko\u0142a Doktorska Nauk \u015acis\u0142ych i Przyrodniczych UwB","article_modified_time":"2023-04-04T11:17:43+00:00","twitter_card":"summary_large_image","twitter_misc":{"Szacowany czas czytania":"1 minuta"},"schema":{"@context":"https:\/\/schema.org","@graph":[{"@type":"WebPage","@id":"https:\/\/szkolydoktorskie.uwb.edu.pl\/nsip\/dyscyplina-naukowa-nauki-chemiczne-2\/","url":"https:\/\/szkolydoktorskie.uwb.edu.pl\/nsip\/dyscyplina-naukowa-nauki-chemiczne-2\/","name":"Dyscyplina naukowa: nauki chemiczne - Szko\u0142a Doktorska Nauk \u015acis\u0142ych i Przyrodniczych UwB","isPartOf":{"@id":"https:\/\/szkolydoktorskie.uwb.edu.pl\/nsip\/#website"},"datePublished":"2023-04-04T09:39:49+00:00","dateModified":"2023-04-04T11:17:43+00:00","breadcrumb":{"@id":"https:\/\/szkolydoktorskie.uwb.edu.pl\/nsip\/dyscyplina-naukowa-nauki-chemiczne-2\/#breadcrumb"},"inLanguage":"pl-PL","potentialAction":[{"@type":"ReadAction","target":["https:\/\/szkolydoktorskie.uwb.edu.pl\/nsip\/dyscyplina-naukowa-nauki-chemiczne-2\/"]}]},{"@type":"BreadcrumbList","@id":"https:\/\/szkolydoktorskie.uwb.edu.pl\/nsip\/dyscyplina-naukowa-nauki-chemiczne-2\/#breadcrumb","itemListElement":[{"@type":"ListItem","position":1,"name":"Strona g\u0142\u00f3wna","item":"https:\/\/szkolydoktorskie.uwb.edu.pl\/nsip\/"},{"@type":"ListItem","position":2,"name":"Dyscyplina naukowa: nauki chemiczne"}]},{"@type":"WebSite","@id":"https:\/\/szkolydoktorskie.uwb.edu.pl\/nsip\/#website","url":"https:\/\/szkolydoktorskie.uwb.edu.pl\/nsip\/","name":"Szko\u0142a Doktorska Nauk \u015acis\u0142ych i Przyrodniczych UwB","description":"Szko\u0142a Doktorska Nauk \u015acis\u0142ych i Przyrodniczych UwB","publisher":{"@id":"https:\/\/szkolydoktorskie.uwb.edu.pl\/nsip\/#organization"},"potentialAction":[{"@type":"SearchAction","target":{"@type":"EntryPoint","urlTemplate":"https:\/\/szkolydoktorskie.uwb.edu.pl\/nsip\/?s={search_term_string}"},"query-input":{"@type":"PropertyValueSpecification","valueRequired":true,"valueName":"search_term_string"}}],"inLanguage":"pl-PL"},{"@type":"Organization","@id":"https:\/\/szkolydoktorskie.uwb.edu.pl\/nsip\/#organization","name":"Szko\u0142a Doktorska Nauk \u015acis\u0142ych i Przyrodniczych UwB","url":"https:\/\/szkolydoktorskie.uwb.edu.pl\/nsip\/","logo":{"@type":"ImageObject","inLanguage":"pl-PL","@id":"https:\/\/szkolydoktorskie.uwb.edu.pl\/nsip\/#\/schema\/logo\/image\/","url":"https:\/\/szkolydoktorskie.uwb.edu.pl\/nsip\/wp-content\/uploads\/sites\/4\/2021\/04\/cropped-LOGO-NSIP.png","contentUrl":"https:\/\/szkolydoktorskie.uwb.edu.pl\/nsip\/wp-content\/uploads\/sites\/4\/2021\/04\/cropped-LOGO-NSIP.png","width":705,"height":188,"caption":"Szko\u0142a Doktorska Nauk \u015acis\u0142ych i Przyrodniczych UwB"},"image":{"@id":"https:\/\/szkolydoktorskie.uwb.edu.pl\/nsip\/#\/schema\/logo\/image\/"}}]}},"_links":{"self":[{"href":"https:\/\/szkolydoktorskie.uwb.edu.pl\/nsip\/wp-json\/wp\/v2\/pages\/2384","targetHints":{"allow":["GET"]}}],"collection":[{"href":"https:\/\/szkolydoktorskie.uwb.edu.pl\/nsip\/wp-json\/wp\/v2\/pages"}],"about":[{"href":"https:\/\/szkolydoktorskie.uwb.edu.pl\/nsip\/wp-json\/wp\/v2\/types\/page"}],"author":[{"embeddable":true,"href":"https:\/\/szkolydoktorskie.uwb.edu.pl\/nsip\/wp-json\/wp\/v2\/users\/14"}],"replies":[{"embeddable":true,"href":"https:\/\/szkolydoktorskie.uwb.edu.pl\/nsip\/wp-json\/wp\/v2\/comments?post=2384"}],"version-history":[{"count":8,"href":"https:\/\/szkolydoktorskie.uwb.edu.pl\/nsip\/wp-json\/wp\/v2\/pages\/2384\/revisions"}],"predecessor-version":[{"id":2414,"href":"https:\/\/szkolydoktorskie.uwb.edu.pl\/nsip\/wp-json\/wp\/v2\/pages\/2384\/revisions\/2414"}],"wp:attachment":[{"href":"https:\/\/szkolydoktorskie.uwb.edu.pl\/nsip\/wp-json\/wp\/v2\/media?parent=2384"}],"curies":[{"name":"wp","href":"https:\/\/api.w.org\/{rel}","templated":true}]}}