{"id":2380,"date":"2023-04-04T11:28:21","date_gmt":"2023-04-04T09:28:21","guid":{"rendered":"https:\/\/szkolydoktorskie.uwb.edu.pl\/nsip\/?page_id=2380"},"modified":"2023-06-26T12:44:04","modified_gmt":"2023-06-26T10:44:04","slug":"dyscyplina-naukowa-nauki-biologiczne-2","status":"publish","type":"page","link":"https:\/\/szkolydoktorskie.uwb.edu.pl\/nsip\/dyscyplina-naukowa-nauki-biologiczne-2\/","title":{"rendered":"Dyscyplina naukowa: nauki biologiczne"},"content":{"rendered":"\n<figure class=\"wp-block-table\"><table><tbody><tr><td><strong>Lp.<\/strong><\/td><td><strong>Imi\u0119 i nazwisko, tytu\u0142 naukowy, e-mail<\/strong><\/td><td><strong>Kr\u00f3tki opis kierunku badawczego<\/strong><\/td><\/tr><tr><td><strong>1.<\/strong><\/td><td><strong><a href=\"https:\/\/biologia.uwb.edu.pl\/wydzial\/katedry\/katedra-biologii-i-ekologii-roslin\/pracownicy-katedry-biologii-i-ekologii-roslin\/andrzej-bajguz\">dr hab. Andrzej Bajguz, prof. UwB<\/a><\/strong><br>abajguz@uwb.edu.pl<\/td><td><strong>Praca doktorska z pogranicza biochemii i nanotoksykologii ro\u015blin:<\/strong> \u201eMechanizm odpowiedzi brassinosteroid\u00f3w, hormon\u00f3w ro\u015blinnych, na nanocz\u0105stki srebra w ro\u015blinach wodnych\u201d<\/td><\/tr><tr><td><strong>2.<\/strong><\/td><td><strong><a href=\"https:\/\/biologia.uwb.edu.pl\/wydzial\/katedry\/katedra-biologii-i-ekologii-roslin\/pracownicy-katedry-biologii-i-ekologii-roslin\/iwona-ciereszko\">prof. dr hab. Iwona Ciereszko<\/a><\/strong><br>icier@uwb.edu.pl<\/td><td>Fizjologiczna odpowied\u017a ro\u015blin u\u017cytkowych na niedob\u00f3r fosforan\u00f3w w glebie, stres oksydacyjny i\/lub atak patogen\u00f3w. Mechanizmy ochrony aparatu fotosyntetycznego w li\u015bciach w reakcji na stresowe czynniki \u015brodowiskowe.<\/td><\/tr><tr><td><strong>3.<\/strong><\/td><td><strong><a href=\"https:\/\/biologia.uwb.edu.pl\/wydzial\/katedry\/katedra-mikrobiologii-i-biotechnologii\/pracownia-cytobiochemii\/adam-tylicki\">dr hab. Adam Tylicki, prof. UwB<\/a><\/strong><br>atyl@uwb.edu.pl<\/td><td>Ocena wra\u017cliwo\u015bci dro\u017cd\u017cak\u00f3w na syntetyki organiczne i modelowanie tolerancji grzyb\u00f3w na wybrane zwi\u0105zki chemiczne &nbsp;<\/td><\/tr><tr><td><strong>4.<\/strong><\/td><td><strong><a href=\"https:\/\/biologia.uwb.edu.pl\/wydzial\/katedry\/katedra-paleobiologii\/pracownicy-katedry-paleobiologii\/danuta-drzymulska\">dr hab. Danuta Drzymulska, prof. UwB<\/a><\/strong><br>drzym@uwb.edu.pl<\/td><td>Jak kszta\u0142towa\u0142a si\u0119 przesz\u0142o\u015b\u0107 wsp\u00f3\u0142czesnych zbiorowisk ro\u015blinnych o charakterze borealnym i subborealnym w Polsce p\u00f3\u0142nocno-wschodniej?<\/td><\/tr><tr><td><strong>5.<\/strong><\/td><td><a href=\"https:\/\/biologia.uwb.edu.pl\/wydzial\/katedry\/katedra-paleobiologii\/pracownicy-katedry-paleobiologii\/piotr-jadwiszczak\"><strong>dr hab. Piotr Jadwiszczak, prof. UwB<\/strong><\/a><br>piotrj@uwb.edu.pl<\/td><td>Paleontologia\/paleobiologia wymar\u0142ych pingwin\u00f3w antarktycznych (zagadnienia ewolucyjne, wybrane aspekty osteologii por\u00f3wnawczej, morfologii funkcjonalnej i in.). Od kandydata oczekuje si\u0119 samodzielno\u015bci, determinacji i dobrej znajomo\u015bci j\u0119zyka angielskiego (wystarczy bierna); wa\u017cnym atutem b\u0119dzie przynajmniej podstawowa znajomo\u015b\u0107 \u015brodowiska R oraz cho\u0107by niewielkie do\u015bwiadczenie w pracy z grafik\u0105 3D.<\/td><\/tr><tr><td><strong>6.<\/strong><\/td><td><strong><a href=\"https:\/\/biologia.uwb.edu.pl\/wydzial\/katedry\/katedra-ekologii-wod\/pracownicy-katedry-ekologii-wod\/piotr-zielinski\">dr hab. Piotr Zieli\u0144ski, prof. UwB<\/a><\/strong><br>p.zielinski@uwb.edu.pl<\/td><td>Zag\u0119szczenie i dystrybucja mikroplastiku w anastomozuj\u0105cej rzece Narew oraz wynikaj\u0105ce z tego zagro\u017cenia dla organizm\u00f3w wodnych<br>Prace b\u0119d\u0105 obejmowa\u0142y analiz\u0119 zag\u0119szczenia i rozk\u0142adu mikroplastiku (MP) w r\u00f3\u017cnych odcinkach Narwi, ze szczeg\u00f3lnym uwzgl\u0119dnieniem anastomozuj\u0105cego fragmentu koryta rzeki. W ramach bada\u0144 zidentyfikowane zostan\u0105 potencjalne \u017ar\u00f3d\u0142a MP w rzece Narew oraz okre\u015blone czynniki wp\u0142ywaj\u0105ce na jego transport i dystrybucj\u0119. Przeprowadzona zostanie r\u00f3wnie\u017c ocena wp\u0142ywu MP na funkcjonowanie potamoplanktonu rzeki Narew. Dodatkowo, dokonana zostanie analiza potencjalnego zagro\u017cenia MP dla gospodarki rolnej zwi\u0105zanego z u\u017cytkowaniem wody z rzeki Narew. W badaniach uwzgl\u0119dniona zostanie r\u00f3wnie\u017c rola makrofit\u00f3w w dystrybucji MP w korycie rzeki.<\/td><\/tr><tr><td><strong>7.<\/strong><\/td><td><a href=\"https:\/\/biologia.uwb.edu.pl\/wydzial\/katedry\/katedra-ekologii-wod\/pracownicy-katedry-ekologii-wod\/andrzej-gorniak\"><strong>prof. dr hab. Andrzej G\u00f3rniak<\/strong><\/a><br>hydra@uwb.edu.pl<\/td><td>Hydrobiologia:<br>Metabolizm rzek p\u00f3\u0142nocno-wschodniej Polski \u2013 praca terenowa plus analizy statystyczne<br>Interakcje mi\u0119dzy wybranymi grupami mikroorganizm\u00f3w wodnych a chemicznymi stresorami &#8211; praca eksperymentalna<br>Rola torfowisk w mitygacji zmian klimatycznych- praca terenowa plus analiza statystyczna<\/td><\/tr><tr><td><strong>8.<\/strong><\/td><td><strong><a href=\"https:\/\/biologia.uwb.edu.pl\/wydzial\/katedry\/katedra-ekologii-wod\/pracownicy-katedry-ekologii-wod\/elzbieta-jekatierynczuk-rudczyk\">dr hab. El\u017cbieta Jekatierynczuk-Rudczyk, prof. UwB<\/a><\/strong><br>rudczyk@uwb.edu.pl<\/td><td>Ekosystemy wodne w mie\u015bcie jako instrumenty mitygacji zmian klimatycznych<\/td><\/tr><tr><td><strong>9.<\/strong><\/td><td><strong><a href=\"https:\/\/biologia.uwb.edu.pl\/wydzial\/katedry\/katedra-mikrobiologii-i-biotechnologii\/zaklad-mikrobiologii\/szymon-sekowski\">dr hab. Szymon S\u0119kowski<\/a><\/strong><br>s.sekowski@uwb.edu.pl<\/td><td>\u201eBiologiczna aktywno\u015b\u0107 polifenoli i ich pochodnych w uk\u0142adach cz\u0105steczka-cz\u0105steczka i badaniach <em>in vitro<\/em>\u201d.<\/td><\/tr><tr><td><strong>10.<\/strong><\/td><td><strong><a href=\"https:\/\/biologia.uwb.edu.pl\/wydzial\/katedry\/katedra-ekologii-ewolucyjnej-i-fizjologicznej\/pracownicy-katedry-ekologii-ewolucyjnej-i-fizjologicznej\/pawel-brzek\">dr hab. Pawe\u0142 Brz\u0119k, prof. UwB<\/a><\/strong>&nbsp; brzek@uwb.edu.pl<\/td><td>Mechanizmy molekularne determinuj\u0105ce tempo termogenezy u ssak\u00f3w: efekty genetycznie zr\u00f3\u017cnicowanego poziomu metabolizmu podstawowego i maksymalnego oraz aklimacji termicznej<\/td><\/tr><tr><td><strong>11.<\/strong><\/td><td><strong><a href=\"https:\/\/biologia.uwb.edu.pl\/wydzial\/katedry\/katedra-ekologii-wod\/pracownicy-katedry-ekologii-wod\/maciej-karpowicz\">dr hab. in\u017c. Maciej Karpowicz, prof. UwB<\/a> <\/strong>m.karpowicz@uwb.edu.pl<\/td><td>Planktonowe relikty glacjalne Europy \u2013 specjacja allopatryczna, gatunki kryptyczne, eko-ewolucja.<br>Wid\u0142onogi (Copepoda) w\u00f3d podziemnych \u2013 od lokalnych adaptacji do ekologicznej specjacji.<br>Mikroplastik \u2013 zooplankton (interakcje, konsumpcja mikroplastiku przez zooplankton). Wyst\u0119powanie mikroplastiku w r\u00f3\u017cnych typach w\u00f3d.<\/td><\/tr><tr><td><strong>12.<\/strong><\/td><td><a href=\"https:\/\/biologia.uwb.edu.pl\/wydzial\/katedry\/katedra-zoologii-i-genetyki\/pracownicy-katedry-zoologii-i-genetyki\/miroslaw-ratkiewicz\"><strong>prof. dr hab Miros\u0142aw Ratkiewicz<\/strong><\/a><br>ermi@uwb.edu.pl<\/td><td>Genetyka i genomika reintrodukcji rysia eurazjatyckiego. Celem i tematyk\u0105 pracy b\u0119dzie analiza genetyczna pr\u00f3b rysi eurazjatyckich w realizowanych programach reintrodukcji w Polsce pod k\u0105tem poziomu ich zmienno\u015bci genetycznej (loci mikrosatelitarne) i genomowej (genom mitochondrialny i by\u0107 mo\u017ce analizy genomowe metod\u0105 SilicoDArT). Analizowana b\u0119dzie przynale\u017cno\u015b\u0107 genetyczna reintrodukowanych rysi oraz zostanie sprawdzone, czy osobniki przebywaj\u0105ce na wolno\u015bci cechuje wy\u017csza heterozygotyczno\u015b\u0107 ni\u017c te, kt\u00f3re nie prze\u017cy\u0142y nied\u0142ugo po wypuszczeniu.&nbsp;<\/td><\/tr><tr><td><strong>13<\/strong>.<\/td><td><a href=\"https:\/\/biologia.uwb.edu.pl\/wydzial\/katedry\/katedra-ekologii-ewolucyjnej-i-fizjologicznej\/pracownicy-katedry-ekologii-ewolucyjnej-i-fizjologicznej\/marek-konarzewski\"><strong>prof. dr hab. Marek Konarzewski <\/strong><\/a>marekk@uwb.edu.pl<\/td><td>Zwi\u0105zek mi\u0119dzy inwestycj\u0105 w rozr\u00f3d i immmunisupresj\u0105 u d\u0142ugowiecznego gryzonia popielicy szarej (Glis glis).<\/td><\/tr><\/tbody><\/table><\/figure>\n\n\n\n<p><\/p>\n","protected":false},"excerpt":{"rendered":"<p>Lp. Imi\u0119 i nazwisko, tytu\u0142 naukowy, e-mail Kr\u00f3tki opis kierunku badawczego 1. dr hab. Andrzej Bajguz, prof. UwBabajguz@uwb.edu.pl Praca doktorska z pogranicza biochemii i nanotoksykologii ro\u015blin: \u201eMechanizm odpowiedzi brassinosteroid\u00f3w, hormon\u00f3w&hellip;<\/p>\n","protected":false},"author":14,"featured_media":0,"parent":0,"menu_order":0,"comment_status":"closed","ping_status":"closed","template":"","meta":{"footnotes":""},"class_list":["post-2380","page","type-page","status-publish","hentry"],"yoast_head":"<!-- This site is optimized with the Yoast SEO plugin v27.3 - https:\/\/yoast.com\/product\/yoast-seo-wordpress\/ -->\n<title>Dyscyplina naukowa: nauki biologiczne - Szko\u0142a Doktorska Nauk \u015acis\u0142ych i Przyrodniczych UwB<\/title>\n<meta name=\"robots\" content=\"index, follow, max-snippet:-1, max-image-preview:large, max-video-preview:-1\" \/>\n<link rel=\"canonical\" href=\"https:\/\/szkolydoktorskie.uwb.edu.pl\/nsip\/dyscyplina-naukowa-nauki-biologiczne-2\/\" \/>\n<meta property=\"og:locale\" content=\"pl_PL\" \/>\n<meta property=\"og:type\" content=\"article\" \/>\n<meta property=\"og:title\" content=\"Dyscyplina naukowa: nauki biologiczne - Szko\u0142a Doktorska Nauk \u015acis\u0142ych i Przyrodniczych UwB\" \/>\n<meta property=\"og:description\" content=\"Lp. Imi\u0119 i nazwisko, tytu\u0142 naukowy, e-mail Kr\u00f3tki opis kierunku badawczego 1. dr hab. Andrzej Bajguz, prof. UwBabajguz@uwb.edu.pl Praca doktorska z pogranicza biochemii i nanotoksykologii ro\u015blin: \u201eMechanizm odpowiedzi brassinosteroid\u00f3w, hormon\u00f3w&hellip;\" \/>\n<meta property=\"og:url\" content=\"https:\/\/szkolydoktorskie.uwb.edu.pl\/nsip\/dyscyplina-naukowa-nauki-biologiczne-2\/\" \/>\n<meta property=\"og:site_name\" content=\"Szko\u0142a Doktorska Nauk \u015acis\u0142ych i Przyrodniczych UwB\" \/>\n<meta property=\"article:modified_time\" content=\"2023-06-26T10:44:04+00:00\" \/>\n<meta name=\"twitter:card\" content=\"summary_large_image\" \/>\n<meta name=\"twitter:label1\" content=\"Szacowany czas czytania\" \/>\n\t<meta name=\"twitter:data1\" content=\"3 minuty\" \/>\n<script type=\"application\/ld+json\" class=\"yoast-schema-graph\">{\"@context\":\"https:\\\/\\\/schema.org\",\"@graph\":[{\"@type\":\"WebPage\",\"@id\":\"https:\\\/\\\/szkolydoktorskie.uwb.edu.pl\\\/nsip\\\/dyscyplina-naukowa-nauki-biologiczne-2\\\/\",\"url\":\"https:\\\/\\\/szkolydoktorskie.uwb.edu.pl\\\/nsip\\\/dyscyplina-naukowa-nauki-biologiczne-2\\\/\",\"name\":\"Dyscyplina naukowa: nauki biologiczne - Szko\u0142a Doktorska Nauk \u015acis\u0142ych i Przyrodniczych UwB\",\"isPartOf\":{\"@id\":\"https:\\\/\\\/szkolydoktorskie.uwb.edu.pl\\\/nsip\\\/#website\"},\"datePublished\":\"2023-04-04T09:28:21+00:00\",\"dateModified\":\"2023-06-26T10:44:04+00:00\",\"breadcrumb\":{\"@id\":\"https:\\\/\\\/szkolydoktorskie.uwb.edu.pl\\\/nsip\\\/dyscyplina-naukowa-nauki-biologiczne-2\\\/#breadcrumb\"},\"inLanguage\":\"pl-PL\",\"potentialAction\":[{\"@type\":\"ReadAction\",\"target\":[\"https:\\\/\\\/szkolydoktorskie.uwb.edu.pl\\\/nsip\\\/dyscyplina-naukowa-nauki-biologiczne-2\\\/\"]}]},{\"@type\":\"BreadcrumbList\",\"@id\":\"https:\\\/\\\/szkolydoktorskie.uwb.edu.pl\\\/nsip\\\/dyscyplina-naukowa-nauki-biologiczne-2\\\/#breadcrumb\",\"itemListElement\":[{\"@type\":\"ListItem\",\"position\":1,\"name\":\"Strona g\u0142\u00f3wna\",\"item\":\"https:\\\/\\\/szkolydoktorskie.uwb.edu.pl\\\/nsip\\\/\"},{\"@type\":\"ListItem\",\"position\":2,\"name\":\"Dyscyplina naukowa: nauki biologiczne\"}]},{\"@type\":\"WebSite\",\"@id\":\"https:\\\/\\\/szkolydoktorskie.uwb.edu.pl\\\/nsip\\\/#website\",\"url\":\"https:\\\/\\\/szkolydoktorskie.uwb.edu.pl\\\/nsip\\\/\",\"name\":\"Szko\u0142a Doktorska Nauk \u015acis\u0142ych i Przyrodniczych UwB\",\"description\":\"Szko\u0142a Doktorska Nauk \u015acis\u0142ych i Przyrodniczych UwB\",\"publisher\":{\"@id\":\"https:\\\/\\\/szkolydoktorskie.uwb.edu.pl\\\/nsip\\\/#organization\"},\"potentialAction\":[{\"@type\":\"SearchAction\",\"target\":{\"@type\":\"EntryPoint\",\"urlTemplate\":\"https:\\\/\\\/szkolydoktorskie.uwb.edu.pl\\\/nsip\\\/?s={search_term_string}\"},\"query-input\":{\"@type\":\"PropertyValueSpecification\",\"valueRequired\":true,\"valueName\":\"search_term_string\"}}],\"inLanguage\":\"pl-PL\"},{\"@type\":\"Organization\",\"@id\":\"https:\\\/\\\/szkolydoktorskie.uwb.edu.pl\\\/nsip\\\/#organization\",\"name\":\"Szko\u0142a Doktorska Nauk \u015acis\u0142ych i Przyrodniczych UwB\",\"url\":\"https:\\\/\\\/szkolydoktorskie.uwb.edu.pl\\\/nsip\\\/\",\"logo\":{\"@type\":\"ImageObject\",\"inLanguage\":\"pl-PL\",\"@id\":\"https:\\\/\\\/szkolydoktorskie.uwb.edu.pl\\\/nsip\\\/#\\\/schema\\\/logo\\\/image\\\/\",\"url\":\"https:\\\/\\\/szkolydoktorskie.uwb.edu.pl\\\/nsip\\\/wp-content\\\/uploads\\\/sites\\\/4\\\/2021\\\/04\\\/cropped-LOGO-NSIP.png\",\"contentUrl\":\"https:\\\/\\\/szkolydoktorskie.uwb.edu.pl\\\/nsip\\\/wp-content\\\/uploads\\\/sites\\\/4\\\/2021\\\/04\\\/cropped-LOGO-NSIP.png\",\"width\":705,\"height\":188,\"caption\":\"Szko\u0142a Doktorska Nauk \u015acis\u0142ych i Przyrodniczych UwB\"},\"image\":{\"@id\":\"https:\\\/\\\/szkolydoktorskie.uwb.edu.pl\\\/nsip\\\/#\\\/schema\\\/logo\\\/image\\\/\"}}]}<\/script>\n<!-- \/ Yoast SEO plugin. -->","yoast_head_json":{"title":"Dyscyplina naukowa: nauki biologiczne - Szko\u0142a Doktorska Nauk \u015acis\u0142ych i Przyrodniczych UwB","robots":{"index":"index","follow":"follow","max-snippet":"max-snippet:-1","max-image-preview":"max-image-preview:large","max-video-preview":"max-video-preview:-1"},"canonical":"https:\/\/szkolydoktorskie.uwb.edu.pl\/nsip\/dyscyplina-naukowa-nauki-biologiczne-2\/","og_locale":"pl_PL","og_type":"article","og_title":"Dyscyplina naukowa: nauki biologiczne - Szko\u0142a Doktorska Nauk \u015acis\u0142ych i Przyrodniczych UwB","og_description":"Lp. Imi\u0119 i nazwisko, tytu\u0142 naukowy, e-mail Kr\u00f3tki opis kierunku badawczego 1. dr hab. Andrzej Bajguz, prof. UwBabajguz@uwb.edu.pl Praca doktorska z pogranicza biochemii i nanotoksykologii ro\u015blin: \u201eMechanizm odpowiedzi brassinosteroid\u00f3w, hormon\u00f3w&hellip;","og_url":"https:\/\/szkolydoktorskie.uwb.edu.pl\/nsip\/dyscyplina-naukowa-nauki-biologiczne-2\/","og_site_name":"Szko\u0142a Doktorska Nauk \u015acis\u0142ych i Przyrodniczych UwB","article_modified_time":"2023-06-26T10:44:04+00:00","twitter_card":"summary_large_image","twitter_misc":{"Szacowany czas czytania":"3 minuty"},"schema":{"@context":"https:\/\/schema.org","@graph":[{"@type":"WebPage","@id":"https:\/\/szkolydoktorskie.uwb.edu.pl\/nsip\/dyscyplina-naukowa-nauki-biologiczne-2\/","url":"https:\/\/szkolydoktorskie.uwb.edu.pl\/nsip\/dyscyplina-naukowa-nauki-biologiczne-2\/","name":"Dyscyplina naukowa: nauki biologiczne - Szko\u0142a Doktorska Nauk \u015acis\u0142ych i Przyrodniczych UwB","isPartOf":{"@id":"https:\/\/szkolydoktorskie.uwb.edu.pl\/nsip\/#website"},"datePublished":"2023-04-04T09:28:21+00:00","dateModified":"2023-06-26T10:44:04+00:00","breadcrumb":{"@id":"https:\/\/szkolydoktorskie.uwb.edu.pl\/nsip\/dyscyplina-naukowa-nauki-biologiczne-2\/#breadcrumb"},"inLanguage":"pl-PL","potentialAction":[{"@type":"ReadAction","target":["https:\/\/szkolydoktorskie.uwb.edu.pl\/nsip\/dyscyplina-naukowa-nauki-biologiczne-2\/"]}]},{"@type":"BreadcrumbList","@id":"https:\/\/szkolydoktorskie.uwb.edu.pl\/nsip\/dyscyplina-naukowa-nauki-biologiczne-2\/#breadcrumb","itemListElement":[{"@type":"ListItem","position":1,"name":"Strona g\u0142\u00f3wna","item":"https:\/\/szkolydoktorskie.uwb.edu.pl\/nsip\/"},{"@type":"ListItem","position":2,"name":"Dyscyplina naukowa: nauki biologiczne"}]},{"@type":"WebSite","@id":"https:\/\/szkolydoktorskie.uwb.edu.pl\/nsip\/#website","url":"https:\/\/szkolydoktorskie.uwb.edu.pl\/nsip\/","name":"Szko\u0142a Doktorska Nauk \u015acis\u0142ych i Przyrodniczych UwB","description":"Szko\u0142a Doktorska Nauk \u015acis\u0142ych i Przyrodniczych UwB","publisher":{"@id":"https:\/\/szkolydoktorskie.uwb.edu.pl\/nsip\/#organization"},"potentialAction":[{"@type":"SearchAction","target":{"@type":"EntryPoint","urlTemplate":"https:\/\/szkolydoktorskie.uwb.edu.pl\/nsip\/?s={search_term_string}"},"query-input":{"@type":"PropertyValueSpecification","valueRequired":true,"valueName":"search_term_string"}}],"inLanguage":"pl-PL"},{"@type":"Organization","@id":"https:\/\/szkolydoktorskie.uwb.edu.pl\/nsip\/#organization","name":"Szko\u0142a Doktorska Nauk \u015acis\u0142ych i Przyrodniczych UwB","url":"https:\/\/szkolydoktorskie.uwb.edu.pl\/nsip\/","logo":{"@type":"ImageObject","inLanguage":"pl-PL","@id":"https:\/\/szkolydoktorskie.uwb.edu.pl\/nsip\/#\/schema\/logo\/image\/","url":"https:\/\/szkolydoktorskie.uwb.edu.pl\/nsip\/wp-content\/uploads\/sites\/4\/2021\/04\/cropped-LOGO-NSIP.png","contentUrl":"https:\/\/szkolydoktorskie.uwb.edu.pl\/nsip\/wp-content\/uploads\/sites\/4\/2021\/04\/cropped-LOGO-NSIP.png","width":705,"height":188,"caption":"Szko\u0142a Doktorska Nauk \u015acis\u0142ych i Przyrodniczych UwB"},"image":{"@id":"https:\/\/szkolydoktorskie.uwb.edu.pl\/nsip\/#\/schema\/logo\/image\/"}}]}},"_links":{"self":[{"href":"https:\/\/szkolydoktorskie.uwb.edu.pl\/nsip\/wp-json\/wp\/v2\/pages\/2380","targetHints":{"allow":["GET"]}}],"collection":[{"href":"https:\/\/szkolydoktorskie.uwb.edu.pl\/nsip\/wp-json\/wp\/v2\/pages"}],"about":[{"href":"https:\/\/szkolydoktorskie.uwb.edu.pl\/nsip\/wp-json\/wp\/v2\/types\/page"}],"author":[{"embeddable":true,"href":"https:\/\/szkolydoktorskie.uwb.edu.pl\/nsip\/wp-json\/wp\/v2\/users\/14"}],"replies":[{"embeddable":true,"href":"https:\/\/szkolydoktorskie.uwb.edu.pl\/nsip\/wp-json\/wp\/v2\/comments?post=2380"}],"version-history":[{"count":8,"href":"https:\/\/szkolydoktorskie.uwb.edu.pl\/nsip\/wp-json\/wp\/v2\/pages\/2380\/revisions"}],"predecessor-version":[{"id":2586,"href":"https:\/\/szkolydoktorskie.uwb.edu.pl\/nsip\/wp-json\/wp\/v2\/pages\/2380\/revisions\/2586"}],"wp:attachment":[{"href":"https:\/\/szkolydoktorskie.uwb.edu.pl\/nsip\/wp-json\/wp\/v2\/media?parent=2380"}],"curies":[{"name":"wp","href":"https:\/\/api.w.org\/{rel}","templated":true}]}}