{"id":1942,"date":"2023-02-01T12:29:45","date_gmt":"2023-02-01T11:29:45","guid":{"rendered":"https:\/\/szkolydoktorskie.uwb.edu.pl\/nsip\/?page_id=1942"},"modified":"2023-09-19T12:05:07","modified_gmt":"2023-09-19T10:05:07","slug":"rekrutacja-2023-2024","status":"publish","type":"page","link":"https:\/\/szkolydoktorskie.uwb.edu.pl\/nsip\/rekrutacja-2023-2024\/","title":{"rendered":"Rekrutacja 2023\/2024"},"content":{"rendered":"\n<p class=\"has-text-align-center\"><a href=\"https:\/\/szkolydoktorskie.uwb.edu.pl\/nsip\/wp-content\/uploads\/sites\/4\/2023\/09\/Lista-rankingowa-SDNSiP-2023-24.pdf\"><strong>Lista rankingowa kandydat\u00f3w w rekrutacji do Szko\u0142y Doktorskiej Nauk \u015acis\u0142ych i Przyrodniczych UwB na rok akademicki 2023\/2024<\/strong><\/a><\/p>\n\n\n\n<p><\/p>\n\n\n\n<p><\/p>\n\n\n\n<p><strong>Zasady i tryb rekrutacji do szk\u00f3\u0142 doktorskich w roku akademickim 2023\/2024<\/strong>:<\/p>\n\n\n\n<p><a href=\"https:\/\/szkolydoktorskie.uwb.edu.pl\/nsip\/wp-content\/uploads\/sites\/4\/2023\/02\/Nr_3131_-_zasad_i_trybu_rekrutacji_do_szkol_doktorskich.pdf\">Uchwa\u0142a nr 3131 Senatu Uniwersytetu w Bia\u0142ymstoku w sprawie zasad i trybu rekrutacji do szk\u00f3\u0142 doktorskich w roku akademickim 2023\/2024<\/a><\/p>\n\n\n\n<p><a href=\"https:\/\/szkolydoktorskie.uwb.edu.pl\/nsip\/wp-content\/uploads\/sites\/4\/2023\/02\/Nr-Zalacznik-nr-2-kwestionariusz.docx\">za\u0142\u0105cznik nr 2 (kwestionariusz kandydata do Szko\u0142y Doktorskiej Nauk \u015acis\u0142ych i Przyrodniczych)<\/a><\/p>\n\n\n\n<p><a href=\"https:\/\/szkolydoktorskie.uwb.edu.pl\/nsip\/wp-content\/uploads\/sites\/4\/2023\/02\/Nr-Zalacznik-nr-3-pomysl-badawczy.docx\">za\u0142\u0105cznik nr 3 (pomys\u0142 badawczy przysz\u0142ej rozprawy doktorskiej)<\/a><\/p>\n\n\n\n<p><a href=\"https:\/\/szkolydoktorskie.uwb.edu.pl\/nsip\/wp-content\/uploads\/sites\/4\/2023\/02\/Nr-Zalacznik-nr-4-oswiadczenie.docx\">za\u0142\u0105cznik nr 4 (o\u015bwiadczenie planowanego promotora o podj\u0119ciu si\u0119 opieki promotorskiej)<\/a><\/p>\n\n\n\n<p><a href=\"https:\/\/szkolydoktorskie.uwb.edu.pl\/nsip\/wp-content\/uploads\/sites\/4\/2023\/02\/Nr-Zalacznik-nr-6-kryteria.docx\">za\u0142\u0105cznik nr 6 (kryteria rekrutacji do Szko\u0142y Doktorskiej Nauk \u015acis\u0142ych i Przyrodniczych)<\/a><\/p>\n\n\n\n<p><a href=\"https:\/\/szkolydoktorskie.uwb.edu.pl\/nsip\/wp-content\/uploads\/sites\/4\/2023\/02\/Nr-Zalacznik-nr-7-oswiadczenie-kandydata.docx\">za\u0142\u0105cznik nr 7 (o\u015bwiadczenie kandydata rekomendowanego do wpisania na list\u0119 doktorant\u00f3w)<\/a><\/p>\n\n\n\n<p><\/p>\n\n\n\n<p><strong>Harmonogram rekrutacji w roku akademickim 2023\/2024<\/strong>:<\/p>\n\n\n\n<p><a href=\"https:\/\/szkolydoktorskie.uwb.edu.pl\/nsip\/wp-content\/uploads\/sites\/4\/2023\/02\/14_-_harmonogram_szkoly_doktorskie.pdf\">Zarz\u0105dzenie nr 14 Rektora Uniwersytetu w Bia\u0142ymstoku z dnia 31 stycznia 2023 r. w sprawie szczeg\u00f3\u0142owego harmonogramu przeprowadzenia rekrutacji do szk\u00f3\u0142 doktorskich w roku akademickim 2023\/2024 w systemie Internetowej Rekrutacji Kandydat\u00f3w<\/a><\/p>\n\n\n\n<p><\/p>\n\n\n\n<p><strong>Limit przyj\u0119\u0107 na rok akademicki 2023\/2024<\/strong>:<\/p>\n\n\n\n<p><a href=\"https:\/\/szkolydoktorskie.uwb.edu.pl\/nsip\/wp-content\/uploads\/sites\/4\/2023\/02\/13_-_limity_przyje___szkoly_doktorskie.pdf\">Zarz\u0105dzenie nr 13 Rektora Uniwersytetu w Bia\u0142ymstoku z dnia 31 stycznia 2023 r. w sprawie limit\u00f3w przyj\u0119\u0107 do szk\u00f3\u0142 doktorskich na rok akademicki 2023\/2024<\/a><\/p>\n\n\n\n<p><\/p>\n\n\n\n<p><strong>Program kszta\u0142cenia w Szkole Doktorskiej Nauk \u015acis\u0142ych i Przyrodniczych obowi\u0105zuj\u0105cy od roku akademickiego 2023\/2024<\/strong>:<\/p>\n\n\n\n<ul class=\"wp-block-list\">\n<li><a href=\"https:\/\/szkolydoktorskie.uwb.edu.pl\/nsip\/wp-content\/uploads\/sites\/4\/2023\/03\/Nr_3159_-_program_ksztalcenia_w_Szkole_Doktorskiej_Nauk_Scislych_i_Przyrodniczych.pdf\">Uchwa\u0142a nr 3159<strong>&nbsp;<\/strong>Senatu Uniwersytetu w Bia\u0142ymstoku z dnia 22 lutego 2023 r. w sprawie ustalenia obowi\u0105zuj\u0105cego od roku akademickiego 2023\/2024, programu kszta\u0142cenia w Szkole Doktorskiej Nauk \u015acis\u0142ych i Przyrodniczych<\/a><\/li>\n\n\n\n<li><a href=\"https:\/\/szkolydoktorskie.uwb.edu.pl\/nsip\/wp-content\/uploads\/sites\/4\/2023\/03\/Program-ksztalcenia-sdnsip-z-matematyka-22.02.23.pdf\" target=\"_blank\" rel=\"noreferrer noopener\">Za\u0142\u0105cznik nr 1 (Program kszta\u0142cenia w Szkole Doktorskiej Nauk \u015acis\u0142ych i Przyrodniczych Uniwersytetu w Bia\u0142ymstoku)<\/a><\/li>\n\n\n\n<li><a href=\"https:\/\/szkolydoktorskie.uwb.edu.pl\/nsip\/wp-content\/uploads\/sites\/4\/2023\/03\/Nr_3159_-_ENG_programu_ksztalcenia_w_SDNSiP.pdf\">Za\u0142\u0105cznik nr 2<strong> <\/strong>(Study programme at the Doctoral School of Exact and Natural Sciences at the University of Bialystok<\/a><\/li>\n<\/ul>\n\n\n\n<p><\/p>\n\n\n\n<p class=\"has-text-align-center\"><strong>Potencjalni promotorzy rozpraw doktorskich 2023\/2024<\/strong>:<\/p>\n\n\n\n<blockquote class=\"wp-block-quote has-text-align-center is-layout-flow wp-block-quote-is-layout-flow\">\n<p><a href=\"https:\/\/szkolydoktorskie.uwb.edu.pl\/nsip\/dyscyplina-naukowa-nauki-biologiczne-2\/\"><strong>nauki biologiczne<\/strong><\/a><\/p>\n<\/blockquote>\n\n\n\n<blockquote class=\"wp-block-quote is-layout-flow wp-block-quote-is-layout-flow\">\n<p class=\"has-text-align-center\"><a href=\"https:\/\/szkolydoktorskie.uwb.edu.pl\/nsip\/dyscyplina-naukowa-nauki-chemiczne-2\/\"><strong>nauki chemiczne<\/strong><\/a><\/p>\n<\/blockquote>\n\n\n\n<blockquote class=\"wp-block-quote is-layout-flow wp-block-quote-is-layout-flow\">\n<p class=\"has-text-align-center\"><a href=\"https:\/\/szkolydoktorskie.uwb.edu.pl\/nsip\/dyscyplina-naukowa-nauki-fizyczne\/\"><strong>nauki fizyczne<\/strong><\/a><\/p>\n<\/blockquote>\n\n\n\n<blockquote class=\"wp-block-quote is-layout-flow wp-block-quote-is-layout-flow\">\n<p class=\"has-text-align-center\"><a href=\"https:\/\/szkolydoktorskie.uwb.edu.pl\/nsip\/dyscyplina-naukowa-matematyka\/\"><strong>matematyka<\/strong><\/a><\/p>\n<\/blockquote>\n\n\n\n<p class=\"has-text-align-center\"><a href=\"https:\/\/szkolydoktorskie.uwb.edu.pl\/nsip\/dyscyplina-naukowa-nauki-fizyczne\/\"><\/a><\/p>\n\n\n\n<p><strong>Sk\u0142ad komisji rekrutacyjnej na rok akademicki 2023\/2024<\/strong><\/p>\n\n\n\n<p class=\"has-text-align-left\"><a href=\"https:\/\/szkolydoktorskie.uwb.edu.pl\/nsip\/dyscyplina-naukowa-nauki-fizyczne\/\"><\/a><a href=\"https:\/\/szkolydoktorskie.uwb.edu.pl\/nsip\/wp-content\/uploads\/sites\/4\/2023\/05\/Komunikat-nr-1-sklad-komisji-rekrutacyjnej-2023-2024-SDNSiP.pdf\"><strong>Komunikat nr 1\/2023<\/strong> Dyrektora Szko\u0142y Doktorskiej Nauk \u015acis\u0142ych i Przyrodniczych Uniwersytetu w Bia\u0142ymstoku z dnia 18 kwietnia 2023 r. w sprawie og\u0142oszenia sk\u0142adu komisji rekrutacyjnej na rok akademicki 2023\/2024<\/a><\/p>\n\n\n\n<p class=\"has-text-align-center\"><a href=\"https:\/\/szkolydoktorskie.uwb.edu.pl\/nsip\/dyscyplina-naukowa-matematyka\/\"><\/a><\/p>\n\n\n\n<p class=\"has-text-align-center\"><a href=\"https:\/\/szkolydoktorskie.uwb.edu.pl\/nsip\/dyscyplina-naukowa-matematyka\/\"><\/a><\/p>\n","protected":false},"excerpt":{"rendered":"<p>Lista rankingowa kandydat\u00f3w w rekrutacji do Szko\u0142y Doktorskiej Nauk \u015acis\u0142ych i Przyrodniczych UwB na rok akademicki 2023\/2024 Zasady i tryb rekrutacji do szk\u00f3\u0142 doktorskich w roku akademickim 2023\/2024: Uchwa\u0142a nr&hellip;<\/p>\n","protected":false},"author":14,"featured_media":0,"parent":0,"menu_order":0,"comment_status":"closed","ping_status":"closed","template":"","meta":{"footnotes":""},"class_list":["post-1942","page","type-page","status-publish","hentry"],"yoast_head":"<!-- This site is optimized with the Yoast SEO plugin v27.3 - https:\/\/yoast.com\/product\/yoast-seo-wordpress\/ -->\n<title>Rekrutacja 2023\/2024 - Szko\u0142a Doktorska Nauk \u015acis\u0142ych i Przyrodniczych UwB<\/title>\n<meta name=\"robots\" content=\"index, follow, max-snippet:-1, max-image-preview:large, max-video-preview:-1\" \/>\n<link rel=\"canonical\" href=\"https:\/\/szkolydoktorskie.uwb.edu.pl\/nsip\/rekrutacja-2023-2024\/\" \/>\n<meta property=\"og:locale\" content=\"pl_PL\" \/>\n<meta property=\"og:type\" content=\"article\" \/>\n<meta property=\"og:title\" content=\"Rekrutacja 2023\/2024 - Szko\u0142a Doktorska Nauk \u015acis\u0142ych i Przyrodniczych UwB\" \/>\n<meta property=\"og:description\" content=\"Lista rankingowa kandydat\u00f3w w rekrutacji do Szko\u0142y Doktorskiej Nauk \u015acis\u0142ych i Przyrodniczych UwB na rok akademicki 2023\/2024 Zasady i tryb rekrutacji do szk\u00f3\u0142 doktorskich w roku akademickim 2023\/2024: Uchwa\u0142a nr&hellip;\" \/>\n<meta property=\"og:url\" content=\"https:\/\/szkolydoktorskie.uwb.edu.pl\/nsip\/rekrutacja-2023-2024\/\" \/>\n<meta property=\"og:site_name\" content=\"Szko\u0142a Doktorska Nauk \u015acis\u0142ych i Przyrodniczych UwB\" \/>\n<meta property=\"article:modified_time\" content=\"2023-09-19T10:05:07+00:00\" \/>\n<meta name=\"twitter:card\" content=\"summary_large_image\" \/>\n<meta name=\"twitter:label1\" content=\"Szacowany czas czytania\" \/>\n\t<meta name=\"twitter:data1\" content=\"2 minuty\" \/>\n<script type=\"application\/ld+json\" class=\"yoast-schema-graph\">{\"@context\":\"https:\\\/\\\/schema.org\",\"@graph\":[{\"@type\":\"WebPage\",\"@id\":\"https:\\\/\\\/szkolydoktorskie.uwb.edu.pl\\\/nsip\\\/rekrutacja-2023-2024\\\/\",\"url\":\"https:\\\/\\\/szkolydoktorskie.uwb.edu.pl\\\/nsip\\\/rekrutacja-2023-2024\\\/\",\"name\":\"Rekrutacja 2023\\\/2024 - Szko\u0142a Doktorska Nauk \u015acis\u0142ych i Przyrodniczych UwB\",\"isPartOf\":{\"@id\":\"https:\\\/\\\/szkolydoktorskie.uwb.edu.pl\\\/nsip\\\/#website\"},\"datePublished\":\"2023-02-01T11:29:45+00:00\",\"dateModified\":\"2023-09-19T10:05:07+00:00\",\"breadcrumb\":{\"@id\":\"https:\\\/\\\/szkolydoktorskie.uwb.edu.pl\\\/nsip\\\/rekrutacja-2023-2024\\\/#breadcrumb\"},\"inLanguage\":\"pl-PL\",\"potentialAction\":[{\"@type\":\"ReadAction\",\"target\":[\"https:\\\/\\\/szkolydoktorskie.uwb.edu.pl\\\/nsip\\\/rekrutacja-2023-2024\\\/\"]}]},{\"@type\":\"BreadcrumbList\",\"@id\":\"https:\\\/\\\/szkolydoktorskie.uwb.edu.pl\\\/nsip\\\/rekrutacja-2023-2024\\\/#breadcrumb\",\"itemListElement\":[{\"@type\":\"ListItem\",\"position\":1,\"name\":\"Strona g\u0142\u00f3wna\",\"item\":\"https:\\\/\\\/szkolydoktorskie.uwb.edu.pl\\\/nsip\\\/\"},{\"@type\":\"ListItem\",\"position\":2,\"name\":\"Rekrutacja 2023\\\/2024\"}]},{\"@type\":\"WebSite\",\"@id\":\"https:\\\/\\\/szkolydoktorskie.uwb.edu.pl\\\/nsip\\\/#website\",\"url\":\"https:\\\/\\\/szkolydoktorskie.uwb.edu.pl\\\/nsip\\\/\",\"name\":\"Szko\u0142a Doktorska Nauk \u015acis\u0142ych i Przyrodniczych UwB\",\"description\":\"Szko\u0142a Doktorska Nauk \u015acis\u0142ych i Przyrodniczych UwB\",\"publisher\":{\"@id\":\"https:\\\/\\\/szkolydoktorskie.uwb.edu.pl\\\/nsip\\\/#organization\"},\"potentialAction\":[{\"@type\":\"SearchAction\",\"target\":{\"@type\":\"EntryPoint\",\"urlTemplate\":\"https:\\\/\\\/szkolydoktorskie.uwb.edu.pl\\\/nsip\\\/?s={search_term_string}\"},\"query-input\":{\"@type\":\"PropertyValueSpecification\",\"valueRequired\":true,\"valueName\":\"search_term_string\"}}],\"inLanguage\":\"pl-PL\"},{\"@type\":\"Organization\",\"@id\":\"https:\\\/\\\/szkolydoktorskie.uwb.edu.pl\\\/nsip\\\/#organization\",\"name\":\"Szko\u0142a Doktorska Nauk \u015acis\u0142ych i Przyrodniczych UwB\",\"url\":\"https:\\\/\\\/szkolydoktorskie.uwb.edu.pl\\\/nsip\\\/\",\"logo\":{\"@type\":\"ImageObject\",\"inLanguage\":\"pl-PL\",\"@id\":\"https:\\\/\\\/szkolydoktorskie.uwb.edu.pl\\\/nsip\\\/#\\\/schema\\\/logo\\\/image\\\/\",\"url\":\"https:\\\/\\\/szkolydoktorskie.uwb.edu.pl\\\/nsip\\\/wp-content\\\/uploads\\\/sites\\\/4\\\/2021\\\/04\\\/cropped-LOGO-NSIP.png\",\"contentUrl\":\"https:\\\/\\\/szkolydoktorskie.uwb.edu.pl\\\/nsip\\\/wp-content\\\/uploads\\\/sites\\\/4\\\/2021\\\/04\\\/cropped-LOGO-NSIP.png\",\"width\":705,\"height\":188,\"caption\":\"Szko\u0142a Doktorska Nauk \u015acis\u0142ych i Przyrodniczych UwB\"},\"image\":{\"@id\":\"https:\\\/\\\/szkolydoktorskie.uwb.edu.pl\\\/nsip\\\/#\\\/schema\\\/logo\\\/image\\\/\"}}]}<\/script>\n<!-- \/ Yoast SEO plugin. -->","yoast_head_json":{"title":"Rekrutacja 2023\/2024 - Szko\u0142a Doktorska Nauk \u015acis\u0142ych i Przyrodniczych UwB","robots":{"index":"index","follow":"follow","max-snippet":"max-snippet:-1","max-image-preview":"max-image-preview:large","max-video-preview":"max-video-preview:-1"},"canonical":"https:\/\/szkolydoktorskie.uwb.edu.pl\/nsip\/rekrutacja-2023-2024\/","og_locale":"pl_PL","og_type":"article","og_title":"Rekrutacja 2023\/2024 - Szko\u0142a Doktorska Nauk \u015acis\u0142ych i Przyrodniczych UwB","og_description":"Lista rankingowa kandydat\u00f3w w rekrutacji do Szko\u0142y Doktorskiej Nauk \u015acis\u0142ych i Przyrodniczych UwB na rok akademicki 2023\/2024 Zasady i tryb rekrutacji do szk\u00f3\u0142 doktorskich w roku akademickim 2023\/2024: Uchwa\u0142a nr&hellip;","og_url":"https:\/\/szkolydoktorskie.uwb.edu.pl\/nsip\/rekrutacja-2023-2024\/","og_site_name":"Szko\u0142a Doktorska Nauk \u015acis\u0142ych i Przyrodniczych UwB","article_modified_time":"2023-09-19T10:05:07+00:00","twitter_card":"summary_large_image","twitter_misc":{"Szacowany czas czytania":"2 minuty"},"schema":{"@context":"https:\/\/schema.org","@graph":[{"@type":"WebPage","@id":"https:\/\/szkolydoktorskie.uwb.edu.pl\/nsip\/rekrutacja-2023-2024\/","url":"https:\/\/szkolydoktorskie.uwb.edu.pl\/nsip\/rekrutacja-2023-2024\/","name":"Rekrutacja 2023\/2024 - Szko\u0142a Doktorska Nauk \u015acis\u0142ych i Przyrodniczych UwB","isPartOf":{"@id":"https:\/\/szkolydoktorskie.uwb.edu.pl\/nsip\/#website"},"datePublished":"2023-02-01T11:29:45+00:00","dateModified":"2023-09-19T10:05:07+00:00","breadcrumb":{"@id":"https:\/\/szkolydoktorskie.uwb.edu.pl\/nsip\/rekrutacja-2023-2024\/#breadcrumb"},"inLanguage":"pl-PL","potentialAction":[{"@type":"ReadAction","target":["https:\/\/szkolydoktorskie.uwb.edu.pl\/nsip\/rekrutacja-2023-2024\/"]}]},{"@type":"BreadcrumbList","@id":"https:\/\/szkolydoktorskie.uwb.edu.pl\/nsip\/rekrutacja-2023-2024\/#breadcrumb","itemListElement":[{"@type":"ListItem","position":1,"name":"Strona g\u0142\u00f3wna","item":"https:\/\/szkolydoktorskie.uwb.edu.pl\/nsip\/"},{"@type":"ListItem","position":2,"name":"Rekrutacja 2023\/2024"}]},{"@type":"WebSite","@id":"https:\/\/szkolydoktorskie.uwb.edu.pl\/nsip\/#website","url":"https:\/\/szkolydoktorskie.uwb.edu.pl\/nsip\/","name":"Szko\u0142a Doktorska Nauk \u015acis\u0142ych i Przyrodniczych UwB","description":"Szko\u0142a Doktorska Nauk \u015acis\u0142ych i Przyrodniczych UwB","publisher":{"@id":"https:\/\/szkolydoktorskie.uwb.edu.pl\/nsip\/#organization"},"potentialAction":[{"@type":"SearchAction","target":{"@type":"EntryPoint","urlTemplate":"https:\/\/szkolydoktorskie.uwb.edu.pl\/nsip\/?s={search_term_string}"},"query-input":{"@type":"PropertyValueSpecification","valueRequired":true,"valueName":"search_term_string"}}],"inLanguage":"pl-PL"},{"@type":"Organization","@id":"https:\/\/szkolydoktorskie.uwb.edu.pl\/nsip\/#organization","name":"Szko\u0142a Doktorska Nauk \u015acis\u0142ych i Przyrodniczych UwB","url":"https:\/\/szkolydoktorskie.uwb.edu.pl\/nsip\/","logo":{"@type":"ImageObject","inLanguage":"pl-PL","@id":"https:\/\/szkolydoktorskie.uwb.edu.pl\/nsip\/#\/schema\/logo\/image\/","url":"https:\/\/szkolydoktorskie.uwb.edu.pl\/nsip\/wp-content\/uploads\/sites\/4\/2021\/04\/cropped-LOGO-NSIP.png","contentUrl":"https:\/\/szkolydoktorskie.uwb.edu.pl\/nsip\/wp-content\/uploads\/sites\/4\/2021\/04\/cropped-LOGO-NSIP.png","width":705,"height":188,"caption":"Szko\u0142a Doktorska Nauk \u015acis\u0142ych i Przyrodniczych UwB"},"image":{"@id":"https:\/\/szkolydoktorskie.uwb.edu.pl\/nsip\/#\/schema\/logo\/image\/"}}]}},"_links":{"self":[{"href":"https:\/\/szkolydoktorskie.uwb.edu.pl\/nsip\/wp-json\/wp\/v2\/pages\/1942","targetHints":{"allow":["GET"]}}],"collection":[{"href":"https:\/\/szkolydoktorskie.uwb.edu.pl\/nsip\/wp-json\/wp\/v2\/pages"}],"about":[{"href":"https:\/\/szkolydoktorskie.uwb.edu.pl\/nsip\/wp-json\/wp\/v2\/types\/page"}],"author":[{"embeddable":true,"href":"https:\/\/szkolydoktorskie.uwb.edu.pl\/nsip\/wp-json\/wp\/v2\/users\/14"}],"replies":[{"embeddable":true,"href":"https:\/\/szkolydoktorskie.uwb.edu.pl\/nsip\/wp-json\/wp\/v2\/comments?post=1942"}],"version-history":[{"count":25,"href":"https:\/\/szkolydoktorskie.uwb.edu.pl\/nsip\/wp-json\/wp\/v2\/pages\/1942\/revisions"}],"predecessor-version":[{"id":2652,"href":"https:\/\/szkolydoktorskie.uwb.edu.pl\/nsip\/wp-json\/wp\/v2\/pages\/1942\/revisions\/2652"}],"wp:attachment":[{"href":"https:\/\/szkolydoktorskie.uwb.edu.pl\/nsip\/wp-json\/wp\/v2\/media?parent=1942"}],"curies":[{"name":"wp","href":"https:\/\/api.w.org\/{rel}","templated":true}]}}