{"id":1913,"date":"2023-01-17T11:05:36","date_gmt":"2023-01-17T10:05:36","guid":{"rendered":"https:\/\/szkolydoktorskie.uwb.edu.pl\/nsip\/?page_id=1913"},"modified":"2024-06-24T13:23:59","modified_gmt":"2024-06-24T11:23:59","slug":"magda-bielicka","status":"publish","type":"page","link":"https:\/\/szkolydoktorskie.uwb.edu.pl\/nsip\/magda-bielicka\/","title":{"rendered":"mgr Magda Bielicka"},"content":{"rendered":"\n<figure class=\"wp-block-table\"><table><tbody><tr><td><strong>E-mail<\/strong><\/td><td>m.bielicka@uwb.edu.pl<\/td><\/tr><tr><td><strong>Kod ORCID<\/strong><\/td><td>0000-0002-3263-6826<\/td><\/tr><tr><td><strong>Temat rozprawy doktorskiej<\/strong><\/td><td>Wp\u0142yw domieszki na w\u0142a\u015bciwo\u015bci fizykochemiczne ferrytowych nanocz\u0105stek warstwowych<\/td><\/tr><tr><td><strong>Promotor<\/strong><\/td><td>Dr hab. Beata Kalska \u2013 Szostko, prof. UwB<\/td><\/tr><tr><td><strong>Promotor pomocniczy<\/strong><\/td><td>&nbsp;&#8211;<\/td><\/tr><tr><td><strong>Wydzia\u0142 \/Katedra\/Zak\u0142ad<\/strong><\/td><td>Wydzia\u0142 Chemii\/Katedra Chemii Fizycznej\/Zak\u0142ad Chemii Materia\u0142\u00f3w<\/td><\/tr><tr><td><strong>Dzia\u0142alno\u015b\u0107 naukowo-badawcza<\/strong><\/td><td><\/td><\/tr><tr><td><strong>A.&nbsp;&nbsp;&nbsp;&nbsp;Publikacje naukowe<\/strong><\/td><td>1. <strong>M. Dobosz<\/strong>, B. Kalska \u2013 Szostko, Wp\u0142yw czynnik\u00f3w chemicznych na struktur\u0119 i budow\u0119 w\u0142os\u00f3w ludzkich, <em>Wiadomo\u015bci Chemiczne <\/em>74, 7-8, 2020 \u00a0 <br>2. <strong>M. Dobosz<\/strong>, B. Kalska \u2013 Szostko, Dzia\u0142anie czynnik\u00f3w mechanicznych oraz termicznych na morfologi\u0119 w\u0142os\u00f3w ludzkich i zwierz\u0119cych, <em>Wiadomo\u015bci Chemiczne <\/em>25, 5-6, 2021 \u00a0 <br>3. <strong>M. Bielicka<\/strong>, U. Klekotka, O. Nowakowska, D. Satu\u0142a, B. Kalska-Szostko, Role of the synthesis procedure on the physicochemical properties of doped magnetite; <em>Advanced Powder Technology<\/em>, Vol. 34, Issue 2, 2023, 103925, ISSN 0921-8831, <a href=\"https:\/\/doi.org\/10.1016\/j.apt.2022.103925\">https:\/\/doi.org\/10.1016\/j.apt.2022.103925<\/a>. IF=4,969, 100 pkt. MNiSW\/MEiN \u00a0 <br>4. Kupi\u0144ska, K.; Michalik, M.; Krajenta, J.; <strong>Bielicka, M.<\/strong>; Markiewicz, K.H.; Kalska-Szostko, B.; Wilczewska, A.Z. An In-Situ Fabrication Method of ZnO and Other Zn(II) Compounds Containing Polypropylene Composites. <em>Int. J. Mol. Sci.<\/em> <strong>2023<\/strong>, <em>24<\/em>, 2357. <a href=\"https:\/\/doi.org\/10.3390\/ijms24032357\">https:\/\/doi.org\/10.3390\/ijms24032357<\/a>. IF=5,542, 140 pkt. MNiSW \u00a0 <br>5. Wasilewska A., <strong>Bielicka M.<\/strong>, Klekotka U., Kalska Szostko B., Nanoparticle applications in food \u2013 a review. <em>Food Funct. <\/em><strong>2023<\/strong>, Advance Article <a href=\"https:\/\/doi.org\/10.1039\/D2FO02180C\">https:\/\/doi.org\/10.1039\/D2FO02180C<\/a> <em>\u00a0<\/em>IF=6,317, 100 pkt. MEiN \u00a0 <br>6. Krupi\u0144ska K., Michalik M., Wilczewska A.Z., Ja\u0142brzykowski M., Bielicka M., Markiewicz K.H., Kalska-Szostko B., Method of polypropylene-zinc composites formation at desired\/precise inorganic content. <em>Polymer., <\/em>2023, 281, 126102. <a href=\"https:\/\/doi.org\/10.1016\/j.polymer.2023.126102\" target=\"_blank\" rel=\"noreferrer noopener\">https:\/\/doi.org\/10.1016\/j.polymer.2023.126102<\/a> IF=4,432, 100 pkt. MEiN \u00a0 <br>7. <strong>M. Bielicka<\/strong>, J. Maliszewska, U. Klekotka, A. Wasilewska, E. Zambrzycka &#8211; Szelewa, D. Satu\u0142a,B. Kalska-Szostko\u201eSurface modified ferrite nanoparticles as efficient detectors of heavy metals in natural solutions\u201d <em>Environmental Nanotechnology, Monitoring &amp; Management,<\/em>Vol. 22, <strong>2024<\/strong> IF=5,955, 140 pkt. MNiSW<\/td><\/tr><tr><td><strong>A1. Artyku\u0142y naukowe w czasopismach<\/strong><\/td><td><\/td><\/tr><tr><td><strong>A2. Monografie naukowe\/rozdzia\u0142y w monografiach<\/strong><\/td><td><\/td><\/tr><tr><td><strong>B. Konferencje naukowe<\/strong><\/td><td>XII Workshop on Applications of Scanning Probe Microscopy \u2013 STM\/AFM 2023, poster: Doped Magnetite Nanoparticles \u2013 its Properties Related to the Composition. 29.11-3.12.2023r.<br>XI \u0141\u00f3dzkie Sympozjum Doktorant\u00f3w Chemii, referat: Zintegrowane podej\u015bcie do projektowania materia\u0142\u00f3w \u2013 nanocz\u0105stki ferrytowe z domieszkami metali bloku 3d. 16-17.05.2024r.<br>XVII Kopernika\u0144skie Seminarium Doktoranckie, referat: Structural properties of block 3 metals-doped magnetite nanoparticles.6-07.06.2024r.<br>III og\u00f3lnopolska Konferencja \u015arodowisko-Nauka-Odpowiedzialno\u015b\u0107, referat: Opracowanie metody modyfikacji w\u0142\u00f3kien tkanin nanocz\u0105stkami w celu uzyskania funkcjonalnych cech, w tym bakteriob\u00f3jczych. 10-11.06.2024r.<br>Konwersatorium Spektrometrii Atomowej, Bia\u0142ystok, poster: Nanocz\u0105stki ZnFe<sub>2<\/sub>O<sub>4<\/sub> i GaFe<sub>2<\/sub>O<sub>4 <\/sub>jako detektory metali ci\u0119\u017ckich w sokach; 11-13.09.2023r.<br>Wyst\u0105pienie z posterem w j. angielskim \u201eSynthesis routine influence on the physicochemical properties of magnetite doped with zinc\u201d na 8th European Nanomanipulation Workshop &#8211; Krak\u00f3w, 15-17 maj 2023;<br>Wyst\u0105pienie z posterem w j. polskim \u201eZnaczenie sposobu syntezy na w\u0142a\u015bciwo\u015bci fizykochemiczne magnetytu domieszkowanego miedzi\u0105\u201d na X \u0141\u00f3dzkim sympozjum doktorant\u00f3w chemii &#8211; \u0141\u00f3d\u017a, 18-19 maj 2023;<br>Wyst\u0105pienie z posterem w j. angielskim \u201eRole of the synthesis method on the physical and chemical properties of copper doped magnetite\u201d na Conference \u201cRecent achievements in nanotechnology \u2013 10th anniversary of BNT Center University of Bialystok\u201d, Bia\u0142ystok, 28 maj \u2013 1 czerwca 2023;<br>Wyst\u0105pienie z posterem w j. polskim \u201eWp\u0142yw syntezy na w\u0142a\u015bciwo\u015bci fizykochemiczne magnetytu domieszkowanego cynkiem\u201d V interdyscyplinarna Konferencja <em>Nano(&amp;)BioMateria\u0142y \u2013 od teorii do aplikacji<\/em>, Toru\u0144, 14-16 czerwca 2023;<br>Czynny udzia\u0142 w II Og\u00f3lnopolskiej Konferencji \u201e\u015arodowisko-Nauka-Odpowiedzialno\u015b\u0107; pa\u017adziernik 2022<br>Wyst\u0105pienie z posterem w j. angielskim \u201eNanoparticles in food industry\u201d\u00a0 na og\u00f3lnopolskiej konferencji \u201ee-Factory of science\u201d 19 listopad 2022<br>Wyst\u0105pienie z posterem w j. angielskim \u201eNanoparticles in food industry\u201d na XVI International Interdisciplinary Conference Current Environmental Issues-2021, September 22-23. 2021<br>Wyst\u0105pienie z posterem na IV Konferencji M\u0142odych Chemik\u00f3w S\u0105dowych\u201d 2019<\/td><\/tr><tr><td><strong>C. Granty<\/strong><\/td><td>\u201eNauka w m\u0142odych r\u0119kach dla otoczenia spo\u0142eczno \u2013 gospodarczego\u201d temat: <strong>Opracowanie metody modyfikacji w\u0142\u00f3kien tkanin nanocz\u0105stkami w celu uzyskania funkcjonalnych cech, w tym bakteriob\u00f3jczych. <\/strong>Okres realizacji: 1.12.2022 r.-30.11.2023 r.Funkcja: kierownik projektu <strong>\u00a0<\/strong> <br>Inkubator Innowacyjno\u015bci 4.0, projekt: \u00a0\u201eBadanie mo\u017cliwo\u015bci przetw\u00f3rstwa polimer\u00f3w wzbogacanych funkcjonalnymi nanocz\u0105stkami uzyskanymi metodami przyjaznymi dla \u015brodowiska\u201d, rola: \u00a0cz\u0142onek zespo\u0142u badawczego<\/td><\/tr><tr><td><strong>D. Zrealizowane sta\u017ce<\/strong><\/td><td>Sta\u017c naukowy w Politechnice Bia\u0142ostockiej, Wydzia\u0142 Mechaniczny, Katedra In\u017cynierii Materia\u0142owej i Produkcji, okres realizacji od 15.03. \u2013 5.04.2023r.<\/td><\/tr><tr><td><strong>E. Inne aktywno\u015bci\/osi\u0105gni\u0119cia naukowe<\/strong><\/td><td>Uczestnictwo w szkole skaningowej mikroskopii i spektroskopii bliskich oddzia\u0142ywa\u0144 SPM <br>Webinar \u201eStar kariery w bran\u017cy chemicznej\u201d<br>Webinarium \u201eJak nie starci\u0107 szansy na komercjalizacj\u0119\u201d; \u201eJak przygotowa\u0107 si\u0119 do realizacji projektu B+R\u201d<br>Warsztaty \u2018Bezpiecze\u0144stwo w u\u017cytkowaniu butli z gazami spr\u0119\u017conymi na przyk\u0142adzie gaz\u00f3w palnych, utleniaj\u0105cych i neutralizuj\u0105cych\u201d<br>Warsztaty \u201ePot\u0119ga komory UCT\u201d<br>Konwersatiorium spektrometrii atomowejWarsztaty \u201eAnaliza wielopierwiastkowa w praktycznym uj\u0119ciu\u201d \u00a0\u00a0\u00a0\u00a0\u00a0\u00a0\u00a0\u00a0 <br>Webinarium \u201eElektrochemia w s\u0142u\u017cbie syntezy\u201d \u00a0\u00a0\u00a0\u00a0\u00a0\u00a0\u00a0 <br>Warsztaty \u201eOznaczanie pierwiastk\u00f3w w tym mapowanie powierzchni pr\u00f3bek z wykorzystaniem przeno\u015bnego spektrofotometru uXRF ELIO\u201d \u00a0\u00a0\u00a0\u00a0\u00a0\u00a0\u00a0\u00a0 <br>Seminarium \u201eKalibracja, czyszczenie i konserwacja elektrod pH\u201d \u00a0\u00a0\u00a0\u00a0\u00a0\u00a0\u00a0\u00a0 <br>Szkolenie \u201eReaxys dla Uniwersytetu w Bia\u0142ymstoku\u201d \u00a0\u00a0\u00a0\u00a0\u00a0\u00a0\u00a0\u00a0 Webinar \u201eEfektywne publikowanie naukowe\u201d \u2013 ACADEMYA 10 i 17 listopada 2020 \u00a0\u00a0\u00a0\u00a0\u00a0\u00a0\u00a0\u00a0 <br>Webinar \u201ePisanie pracy doktorskiej\u201d \u2013 ACADEMYA 14 i 18 grudnia 2020 \u00a0\u00a0\u00a0\u00a0\u00a0\u00a0\u00a0 <br>Warsztaty \u201eZarz\u0105dznie projektami badawczymi\u201d Regionalny Punk Kontaktowy Program\u00f3w Badawczych UE 3 grudnia 2020 \u00a0\u00a0\u00a0\u00a0\u00a0\u00a0\u00a0\u00a0 <br>Zaawansowanie szkolenie z zakresu sorpcyjnych technik pomiarowych i u\u017cytkowania aparat\u00f3w ASAP \u2013 15-16 wrze\u015bnia 2020 \u00a0\u00a0\u00a0\u00a0\u00a0\u00a0\u00a0\u00a0 <br>Webinar \u201eSkuteczne i wydajne mielenie pr\u00f3bek\u201d IKA \u00a0\u00a0\u00a0\u00a0\u00a0\u00a0\u00a0 <br>Szkolenie \u201eFa\u0142szywe informacje w nauce\u201d \u2013 Repozytorium, Uniwersytetu w Bia\u0142ymstoku \u2013 26 lutego 2021 \u00a0 <br>Opieka nad magistrantem, temat pracy: \u201eBadania monet z zastosowaniem mikroskopii optycznej, skaningowej elektronowej oraz mikroanalizy rentgenowskiej\u201d \u201eStudy of coins by optical microscopy, scanning electron microscopy and X-ray microanalysis\u201d w Zak\u0142adzie Chemii Materia\u0142\u00f3w \u00a0 <br>Wsp\u00f3\u0142prowadzenie zaj\u0119\u0107 laboratoryjnych ze studentami (w tym studentami ERASMUS)<\/td><\/tr><tr><td><strong>Inna aktywno\u015b\u0107, np. organizacyjna<\/strong><\/td><td>III Og\u00f3lnopolska Konferencja \u201e\u015arodowisko \u2013 Nauka \u2013 Odpowiedzialno\u015b\u0107\u201d, komitet organizacyjny; czerwiec 2024<br>IV Konkurs Wiedzy o Ochronie \u015arodowiska, komitet organizacyjny; listopad 2023<br>Wykonanie baneru promuj\u0105cego studia na Wydziale Chemii 2023 r. <br>Pomoc w przygotowaniu III Podlaskiego Konkursu wiedzy o Ochronie \u015arodowiska; listopad 2022<br>Cz\u0142onkostwo w Komitecie Organizacyjnym w II Og\u00f3lnopolskiej Konferencji \u201e\u015arodowisko-Nauka-Odpowiedzialno\u015b\u0107; pa\u017adziernik 2022\u00a0<br>Cz\u0142onkostwo w Komitecie Organizacyjnym w Konferencji \u201cMetrologia w s\u0142u\u017cbie ochrony \u015brodowiska\u201d \u00a0<br>Cz\u0142onkostwo w Komitecie organizacyjnym w Mi\u0119dzynarodowej Konferencji \u201cRecent achievements in nanotechnology \u2013 10th anniversary of BNT Center University of Bia\u0142ystok\u201d<br>Wykonanie baneru promuj\u0105cego studia na Wydziale Chemii 2022 r. <br>Cz\u0142onkostwo w Komitecie Organizacyjnym w konferencji<br>Cz\u0142onkostwo w Komitecie Organizacyjnym w mi\u0119dzynarodowej konferencji \u201eNanotechnology practical applications\u201d 2020<br>Cz\u0142onkostwo w Komitecie Organizacyjnym w II Og\u00f3lnopolskiej Konferencji \u201e\u015arodowisko-Nauka-Odpowiedzialno\u015b\u0107\u201d 2020<br>Cz\u0142onkostwo w Komitecie Organizacyjnym w IV Konferencji M\u0142odych Chemik\u00f3w S\u0105dowych\u201d 2019<\/td><\/tr><\/tbody><\/table><\/figure>\n","protected":false},"excerpt":{"rendered":"<p>E-mail m.bielicka@uwb.edu.pl Kod ORCID 0000-0002-3263-6826 Temat rozprawy doktorskiej Wp\u0142yw domieszki na w\u0142a\u015bciwo\u015bci fizykochemiczne ferrytowych nanocz\u0105stek warstwowych Promotor Dr hab. Beata Kalska \u2013 Szostko, prof. UwB Promotor pomocniczy &nbsp;&#8211; Wydzia\u0142 \/Katedra\/Zak\u0142ad&hellip;<\/p>\n","protected":false},"author":14,"featured_media":0,"parent":0,"menu_order":0,"comment_status":"closed","ping_status":"closed","template":"","meta":{"footnotes":""},"class_list":["post-1913","page","type-page","status-publish","hentry"],"yoast_head":"<!-- This site is optimized with the Yoast SEO plugin v27.3 - https:\/\/yoast.com\/product\/yoast-seo-wordpress\/ -->\n<title>mgr Magda Bielicka - Szko\u0142a Doktorska Nauk \u015acis\u0142ych i Przyrodniczych UwB<\/title>\n<meta name=\"robots\" content=\"index, follow, max-snippet:-1, max-image-preview:large, max-video-preview:-1\" \/>\n<link rel=\"canonical\" href=\"https:\/\/szkolydoktorskie.uwb.edu.pl\/nsip\/magda-bielicka\/\" \/>\n<meta property=\"og:locale\" content=\"pl_PL\" \/>\n<meta property=\"og:type\" content=\"article\" \/>\n<meta property=\"og:title\" content=\"mgr Magda Bielicka - Szko\u0142a Doktorska Nauk \u015acis\u0142ych i Przyrodniczych UwB\" \/>\n<meta property=\"og:description\" content=\"E-mail m.bielicka@uwb.edu.pl Kod ORCID 0000-0002-3263-6826 Temat rozprawy doktorskiej Wp\u0142yw domieszki na w\u0142a\u015bciwo\u015bci fizykochemiczne ferrytowych nanocz\u0105stek warstwowych Promotor Dr hab. Beata Kalska \u2013 Szostko, prof. UwB Promotor pomocniczy &nbsp;&#8211; Wydzia\u0142 \/Katedra\/Zak\u0142ad&hellip;\" \/>\n<meta property=\"og:url\" content=\"https:\/\/szkolydoktorskie.uwb.edu.pl\/nsip\/magda-bielicka\/\" \/>\n<meta property=\"og:site_name\" content=\"Szko\u0142a Doktorska Nauk \u015acis\u0142ych i Przyrodniczych UwB\" \/>\n<meta property=\"article:modified_time\" content=\"2024-06-24T11:23:59+00:00\" \/>\n<meta name=\"twitter:card\" content=\"summary_large_image\" \/>\n<meta name=\"twitter:label1\" content=\"Szacowany czas czytania\" \/>\n\t<meta name=\"twitter:data1\" content=\"6 minut\" \/>\n<script type=\"application\/ld+json\" class=\"yoast-schema-graph\">{\"@context\":\"https:\\\/\\\/schema.org\",\"@graph\":[{\"@type\":\"WebPage\",\"@id\":\"https:\\\/\\\/szkolydoktorskie.uwb.edu.pl\\\/nsip\\\/magda-bielicka\\\/\",\"url\":\"https:\\\/\\\/szkolydoktorskie.uwb.edu.pl\\\/nsip\\\/magda-bielicka\\\/\",\"name\":\"mgr Magda Bielicka - Szko\u0142a Doktorska Nauk \u015acis\u0142ych i Przyrodniczych UwB\",\"isPartOf\":{\"@id\":\"https:\\\/\\\/szkolydoktorskie.uwb.edu.pl\\\/nsip\\\/#website\"},\"datePublished\":\"2023-01-17T10:05:36+00:00\",\"dateModified\":\"2024-06-24T11:23:59+00:00\",\"breadcrumb\":{\"@id\":\"https:\\\/\\\/szkolydoktorskie.uwb.edu.pl\\\/nsip\\\/magda-bielicka\\\/#breadcrumb\"},\"inLanguage\":\"pl-PL\",\"potentialAction\":[{\"@type\":\"ReadAction\",\"target\":[\"https:\\\/\\\/szkolydoktorskie.uwb.edu.pl\\\/nsip\\\/magda-bielicka\\\/\"]}]},{\"@type\":\"BreadcrumbList\",\"@id\":\"https:\\\/\\\/szkolydoktorskie.uwb.edu.pl\\\/nsip\\\/magda-bielicka\\\/#breadcrumb\",\"itemListElement\":[{\"@type\":\"ListItem\",\"position\":1,\"name\":\"Strona g\u0142\u00f3wna\",\"item\":\"https:\\\/\\\/szkolydoktorskie.uwb.edu.pl\\\/nsip\\\/\"},{\"@type\":\"ListItem\",\"position\":2,\"name\":\"mgr Magda Bielicka\"}]},{\"@type\":\"WebSite\",\"@id\":\"https:\\\/\\\/szkolydoktorskie.uwb.edu.pl\\\/nsip\\\/#website\",\"url\":\"https:\\\/\\\/szkolydoktorskie.uwb.edu.pl\\\/nsip\\\/\",\"name\":\"Szko\u0142a Doktorska Nauk \u015acis\u0142ych i Przyrodniczych UwB\",\"description\":\"Szko\u0142a Doktorska Nauk \u015acis\u0142ych i Przyrodniczych UwB\",\"publisher\":{\"@id\":\"https:\\\/\\\/szkolydoktorskie.uwb.edu.pl\\\/nsip\\\/#organization\"},\"potentialAction\":[{\"@type\":\"SearchAction\",\"target\":{\"@type\":\"EntryPoint\",\"urlTemplate\":\"https:\\\/\\\/szkolydoktorskie.uwb.edu.pl\\\/nsip\\\/?s={search_term_string}\"},\"query-input\":{\"@type\":\"PropertyValueSpecification\",\"valueRequired\":true,\"valueName\":\"search_term_string\"}}],\"inLanguage\":\"pl-PL\"},{\"@type\":\"Organization\",\"@id\":\"https:\\\/\\\/szkolydoktorskie.uwb.edu.pl\\\/nsip\\\/#organization\",\"name\":\"Szko\u0142a Doktorska Nauk \u015acis\u0142ych i Przyrodniczych UwB\",\"url\":\"https:\\\/\\\/szkolydoktorskie.uwb.edu.pl\\\/nsip\\\/\",\"logo\":{\"@type\":\"ImageObject\",\"inLanguage\":\"pl-PL\",\"@id\":\"https:\\\/\\\/szkolydoktorskie.uwb.edu.pl\\\/nsip\\\/#\\\/schema\\\/logo\\\/image\\\/\",\"url\":\"https:\\\/\\\/szkolydoktorskie.uwb.edu.pl\\\/nsip\\\/wp-content\\\/uploads\\\/sites\\\/4\\\/2021\\\/04\\\/cropped-LOGO-NSIP.png\",\"contentUrl\":\"https:\\\/\\\/szkolydoktorskie.uwb.edu.pl\\\/nsip\\\/wp-content\\\/uploads\\\/sites\\\/4\\\/2021\\\/04\\\/cropped-LOGO-NSIP.png\",\"width\":705,\"height\":188,\"caption\":\"Szko\u0142a Doktorska Nauk \u015acis\u0142ych i Przyrodniczych UwB\"},\"image\":{\"@id\":\"https:\\\/\\\/szkolydoktorskie.uwb.edu.pl\\\/nsip\\\/#\\\/schema\\\/logo\\\/image\\\/\"}}]}<\/script>\n<!-- \/ Yoast SEO plugin. -->","yoast_head_json":{"title":"mgr Magda Bielicka - Szko\u0142a Doktorska Nauk \u015acis\u0142ych i Przyrodniczych UwB","robots":{"index":"index","follow":"follow","max-snippet":"max-snippet:-1","max-image-preview":"max-image-preview:large","max-video-preview":"max-video-preview:-1"},"canonical":"https:\/\/szkolydoktorskie.uwb.edu.pl\/nsip\/magda-bielicka\/","og_locale":"pl_PL","og_type":"article","og_title":"mgr Magda Bielicka - Szko\u0142a Doktorska Nauk \u015acis\u0142ych i Przyrodniczych UwB","og_description":"E-mail m.bielicka@uwb.edu.pl Kod ORCID 0000-0002-3263-6826 Temat rozprawy doktorskiej Wp\u0142yw domieszki na w\u0142a\u015bciwo\u015bci fizykochemiczne ferrytowych nanocz\u0105stek warstwowych Promotor Dr hab. Beata Kalska \u2013 Szostko, prof. UwB Promotor pomocniczy &nbsp;&#8211; Wydzia\u0142 \/Katedra\/Zak\u0142ad&hellip;","og_url":"https:\/\/szkolydoktorskie.uwb.edu.pl\/nsip\/magda-bielicka\/","og_site_name":"Szko\u0142a Doktorska Nauk \u015acis\u0142ych i Przyrodniczych UwB","article_modified_time":"2024-06-24T11:23:59+00:00","twitter_card":"summary_large_image","twitter_misc":{"Szacowany czas czytania":"6 minut"},"schema":{"@context":"https:\/\/schema.org","@graph":[{"@type":"WebPage","@id":"https:\/\/szkolydoktorskie.uwb.edu.pl\/nsip\/magda-bielicka\/","url":"https:\/\/szkolydoktorskie.uwb.edu.pl\/nsip\/magda-bielicka\/","name":"mgr Magda Bielicka - Szko\u0142a Doktorska Nauk \u015acis\u0142ych i Przyrodniczych UwB","isPartOf":{"@id":"https:\/\/szkolydoktorskie.uwb.edu.pl\/nsip\/#website"},"datePublished":"2023-01-17T10:05:36+00:00","dateModified":"2024-06-24T11:23:59+00:00","breadcrumb":{"@id":"https:\/\/szkolydoktorskie.uwb.edu.pl\/nsip\/magda-bielicka\/#breadcrumb"},"inLanguage":"pl-PL","potentialAction":[{"@type":"ReadAction","target":["https:\/\/szkolydoktorskie.uwb.edu.pl\/nsip\/magda-bielicka\/"]}]},{"@type":"BreadcrumbList","@id":"https:\/\/szkolydoktorskie.uwb.edu.pl\/nsip\/magda-bielicka\/#breadcrumb","itemListElement":[{"@type":"ListItem","position":1,"name":"Strona g\u0142\u00f3wna","item":"https:\/\/szkolydoktorskie.uwb.edu.pl\/nsip\/"},{"@type":"ListItem","position":2,"name":"mgr Magda Bielicka"}]},{"@type":"WebSite","@id":"https:\/\/szkolydoktorskie.uwb.edu.pl\/nsip\/#website","url":"https:\/\/szkolydoktorskie.uwb.edu.pl\/nsip\/","name":"Szko\u0142a Doktorska Nauk \u015acis\u0142ych i Przyrodniczych UwB","description":"Szko\u0142a Doktorska Nauk \u015acis\u0142ych i Przyrodniczych UwB","publisher":{"@id":"https:\/\/szkolydoktorskie.uwb.edu.pl\/nsip\/#organization"},"potentialAction":[{"@type":"SearchAction","target":{"@type":"EntryPoint","urlTemplate":"https:\/\/szkolydoktorskie.uwb.edu.pl\/nsip\/?s={search_term_string}"},"query-input":{"@type":"PropertyValueSpecification","valueRequired":true,"valueName":"search_term_string"}}],"inLanguage":"pl-PL"},{"@type":"Organization","@id":"https:\/\/szkolydoktorskie.uwb.edu.pl\/nsip\/#organization","name":"Szko\u0142a Doktorska Nauk \u015acis\u0142ych i Przyrodniczych UwB","url":"https:\/\/szkolydoktorskie.uwb.edu.pl\/nsip\/","logo":{"@type":"ImageObject","inLanguage":"pl-PL","@id":"https:\/\/szkolydoktorskie.uwb.edu.pl\/nsip\/#\/schema\/logo\/image\/","url":"https:\/\/szkolydoktorskie.uwb.edu.pl\/nsip\/wp-content\/uploads\/sites\/4\/2021\/04\/cropped-LOGO-NSIP.png","contentUrl":"https:\/\/szkolydoktorskie.uwb.edu.pl\/nsip\/wp-content\/uploads\/sites\/4\/2021\/04\/cropped-LOGO-NSIP.png","width":705,"height":188,"caption":"Szko\u0142a Doktorska Nauk \u015acis\u0142ych i Przyrodniczych UwB"},"image":{"@id":"https:\/\/szkolydoktorskie.uwb.edu.pl\/nsip\/#\/schema\/logo\/image\/"}}]}},"_links":{"self":[{"href":"https:\/\/szkolydoktorskie.uwb.edu.pl\/nsip\/wp-json\/wp\/v2\/pages\/1913","targetHints":{"allow":["GET"]}}],"collection":[{"href":"https:\/\/szkolydoktorskie.uwb.edu.pl\/nsip\/wp-json\/wp\/v2\/pages"}],"about":[{"href":"https:\/\/szkolydoktorskie.uwb.edu.pl\/nsip\/wp-json\/wp\/v2\/types\/page"}],"author":[{"embeddable":true,"href":"https:\/\/szkolydoktorskie.uwb.edu.pl\/nsip\/wp-json\/wp\/v2\/users\/14"}],"replies":[{"embeddable":true,"href":"https:\/\/szkolydoktorskie.uwb.edu.pl\/nsip\/wp-json\/wp\/v2\/comments?post=1913"}],"version-history":[{"count":15,"href":"https:\/\/szkolydoktorskie.uwb.edu.pl\/nsip\/wp-json\/wp\/v2\/pages\/1913\/revisions"}],"predecessor-version":[{"id":3170,"href":"https:\/\/szkolydoktorskie.uwb.edu.pl\/nsip\/wp-json\/wp\/v2\/pages\/1913\/revisions\/3170"}],"wp:attachment":[{"href":"https:\/\/szkolydoktorskie.uwb.edu.pl\/nsip\/wp-json\/wp\/v2\/media?parent=1913"}],"curies":[{"name":"wp","href":"https:\/\/api.w.org\/{rel}","templated":true}]}}