{"id":1881,"date":"2023-01-10T10:49:36","date_gmt":"2023-01-10T09:49:36","guid":{"rendered":"https:\/\/szkolydoktorskie.uwb.edu.pl\/nsip\/?page_id=1881"},"modified":"2023-03-15T11:54:43","modified_gmt":"2023-03-15T10:54:43","slug":"mgr-wojciech-stanislaw-dobrogowski","status":"publish","type":"page","link":"https:\/\/szkolydoktorskie.uwb.edu.pl\/nsip\/mgr-wojciech-stanislaw-dobrogowski\/","title":{"rendered":"mgr Wojciech Stanis\u0142aw Dobrogowski"},"content":{"rendered":"\n<figure class=\"wp-block-image size-large is-resized\"><img loading=\"lazy\" decoding=\"async\" src=\"https:\/\/szkolydoktorskie.uwb.edu.pl\/nsip\/wp-content\/uploads\/sites\/4\/2023\/01\/obraz-1-831x1024.png\" alt=\"\" class=\"wp-image-1882\" width=\"285\" height=\"351\" srcset=\"https:\/\/szkolydoktorskie.uwb.edu.pl\/nsip\/wp-content\/uploads\/sites\/4\/2023\/01\/obraz-1-831x1024.png 831w, https:\/\/szkolydoktorskie.uwb.edu.pl\/nsip\/wp-content\/uploads\/sites\/4\/2023\/01\/obraz-1-243x300.png 243w, https:\/\/szkolydoktorskie.uwb.edu.pl\/nsip\/wp-content\/uploads\/sites\/4\/2023\/01\/obraz-1-768x947.png 768w, https:\/\/szkolydoktorskie.uwb.edu.pl\/nsip\/wp-content\/uploads\/sites\/4\/2023\/01\/obraz-1.png 998w\" sizes=\"auto, (max-width: 285px) 100vw, 285px\" \/><\/figure>\n\n\n\n<figure class=\"wp-block-table\"><table><tbody><tr><td><strong>E-mail<\/strong><\/td><td><a href=\"mailto:dobrog@uwb.edu.pl\">dobrog@uwb.edu.pl<\/a><\/td><\/tr><tr><td><strong>Kod ORCID<\/strong><\/td><td><a href=\"https:\/\/orcid.org\/0000-0002-3663-1264\">https:\/\/orcid.org\/0000-0002-3663-1264<\/a><\/td><\/tr><tr><td><strong>Temat rozprawy doktorskiej<\/strong><\/td><td>W\u0142a\u015bciwo\u015bci nanostruktur z&nbsp; oddzia\u0142ywaniem Dzia\u0142oszy\u0144skiego-Moriyi, magnetyczn\u0105 prostopad\u0142\u0105 anizotropi\u0105 i mi\u0119dzywarstwowym sprz\u0119\u017ceniem.<\/td><\/tr><tr><td><strong>Promotor<\/strong><\/td><td>Prof. Dr hab. Andrzej&nbsp; Maziewski<\/td><\/tr><tr><td><strong>Promotor pomocniczy<\/strong><\/td><td>dr Iosif Sveklo<\/td><\/tr><tr><td><strong>Wydzia\u0142 \/Katedra\/Zak\u0142ad<\/strong><\/td><td>Wydzia\u0142 Fizyki\/Katedra Fizyki Magnetyk\u00f3w&nbsp; <\/td><\/tr><tr><td><strong>Dzia\u0142alno\u015b\u0107 naukowo-badawcza<\/strong><\/td><td>&#8211;<\/td><\/tr><tr><td><strong>A.&nbsp;&nbsp;&nbsp;&nbsp;Publikacje naukowe<\/strong><\/td><td>&#8211;<\/td><\/tr><tr><td><strong>A1. Artyku\u0142y naukowe w czasopismach<\/strong><\/td><td> I. Sveklo, <strong>W. Dobrogowski<\/strong>, M. Kisielewski, A. Maziewski &#8222;The improvement of atomic force microscope suitable for magnetic domain structure measurements&#8221;,<em> Acta Physica Polonica A<\/em>, 2000, 97<br><br><strong>W. Dobrogowski<\/strong>, I. Sveklo &#8222;Wsp\u00f3\u0142czesne sterowanie eksperymentem fizycznym na podstawie wykorzystania programu LabView&#8221;, <em>Post\u0119py Fizyki<\/em>, 2000, 51<br><br>M. Kisielewski, Z. Kurant, M. Tekielak, <strong>W. Dobrogowski<\/strong>, A. Maziewski, A. Wawro, L. T. Baczewski, &#8222;Magnetooptical micromagnetometry of ultrathin Co wedges&#8221;,<em> Physica status solidi (a)<\/em>, 2003, vol.196, No.1<br><br><strong>W. Dobrogowski<\/strong>, A. Maziewski, &#8222;Komputerowe wspomaganie nauczania fizyki&#8221;, <em>Zjazd Fizyk\u00f3w Polskich<\/em>, Gda\u0144sk 2003<br><br>A. Nedzved, S. Ablameyko, M. Tekielak, <strong>W. Dobrogowski<\/strong>, A. Maziewski &#8222;Processing of needkes-like images of magnetic domain structures in ultrathin cobalt wedge&#8221;, <em>8th International Conf. on Pattern Recognition and Information Processing<\/em>, Minsk, Belarus, 2005<br><br>A. Maziewski, <strong>W. Dobrogowski<\/strong>, V. Zablotskii &#8222;Working towards a global laboratory&#8221;, <em>Physics World<\/em>, 2006, 2<br><br>A. Maziewski, <strong>W. Dobrogowski<\/strong>, V. Zablotskii &#8222;GloLab: creating a global Internet-accessible laboratory&#8221;,<em> Physics Education<\/em>, 2007,42<br><br>W. Dobrogowski, A.Maziewski, V.Zablotskii &#8222;Remote teaching experiment on magnetic domains in thin films&#8221;, <em>European Journal of Physics<\/em>, 2007 28<br><br><strong>W. Dobrogowski<\/strong>, Z. Kurant, A. Nedzved, W. Stefanowicz, M. Tekielak, L. T. Baczewski, A. Wawro, A. Maziewski &#8222;Image processing study of ultrathin cobalt domain structure evolution induced by overlayer structure&#8221;, <em>Materials Science \u2013 Poland<\/em>, 2007, Vol. 25, No. 2,405<br><br>A. Maziewski, <strong>W. Dobrogowski<\/strong>, R. Gieniusz, J. Kisielewski, M. Kisielewski, Z. Kurant, P. Mazalski, A. Stupakiewicz, M. Tekielak \u201eTwenty Years of Magnetic Nanostructures Studies in Bialystok\u201d, <em>Acta Physicae Superficierum<\/em>,&nbsp;2012, Vol. XII, 108<br><br>J. Kisielewski, <strong>W. Dobrogowski<\/strong>, Z. Kurant, A. Stupakiewicz, M. Tekielak, A. Kirilyuk, A. Kimel, Th. Rasing, L. T.Baczewski, A. Wawro, K. Balin, J. Szade, A. Maziewski &#8222;Irreversible modification of magnetic properties of Pt\/Co\/Pt ultrathin films by femtosecond laser pulses&#8221;, J<em>ournal of Applied Physics<\/em>, 2014, 115<br><br>P. Mazalski, Z. Kurant, I. Sveklo, <strong>W. Dobrogowski<\/strong>, J. Fassbender, A. Wawro, A. Maziewski &#8222;Ion irradiation driven changes of magnetic anisotropy in ultrathin Co films sandwiched between Au or Pt covers&#8221;, <em>Journal of Magnetism and Magnetic Materials<\/em>, 2019, 479<br><br>A. K. Dhiman, T. Dohi, <strong>W. Dobrogowski<\/strong>, Z.Kurant, I.Sveklo, S.Fukami, H.Ohno, A. Maziewski &#8222;Magnetization processes and magnetic domain structures in ta\/cofeb\/mgo stacks&#8221;,<em> Journal of Magnetism and Magnetic Materials<\/em>, 2021, 529<\/td><\/tr><tr><td><strong>A2. Monografie naukowe\/rozdzia\u0142y w monografiach<\/strong><\/td><td>&#8211;<\/td><\/tr><tr><td><strong>B. Konferencje naukowe<\/strong><\/td><td>Joint European Magnetic Symposia, Warszawa 24-29.07.2022; Mazalski P.,&nbsp;Jarausch S., R\u00f6mer-Stumm M.,<strong> Dobrogowski W.<\/strong>, Gieniusz R., McCord J., Wawro A., Maziewski A.; prezentacja ustna pt.: &#8222;Magnetic domain evolution in W\/Co\/Pt ultrathin epitaxial layers approaching the superparamagnetic Co thickness regime&#8221;<br><br>Trends in MAGnetism 2022, Wenecja (W\u0142ochy), 2-9.09.2022; Mazalski P., Kurant Z., Jarausch S., Romer-Stumm M., Dobrogowski W., Sveklo I., Gieniusz R., McCord J., Wawro A., Maziewski A.;&nbsp;poster &#8222;Magnetic domains in W(dW)\/Co(dCo)\/Pt ultrathin epitaxial layers&#8221;<\/td><\/tr><tr><td><strong>C. Granty<\/strong><\/td><td>\u201eSyntetyczne warstwowe struktury magnetyczne z regulowanym interfejsowym oddzia\u0142ywaniem Dzia\u0142oszy\u0144skiego-Moriyi, prostopad\u0142\u0105 anizotropi\u0105 magnetyczn\u0105 i mi\u0119dzywarstwowym sprz\u0119\u017ceniem\u201d (NCN), kierownik projektu: prof. dr hab. Andrzej Waldemar Wawro; rola w projekcie: wykonawca (grudzie\u0144 2021 &#8211; obecnie)<\/td><\/tr><tr><td><strong>D. Zrealizowane sta\u017ce<\/strong><\/td><td>&#8211;<\/td><\/tr><tr><td><strong>E. Inne aktywno\u015bci\/osi\u0105gni\u0119cia naukowe<\/strong><\/td><td>&#8211;<\/td><\/tr><tr><td><strong>Inna aktywno\u015b\u0107, np. organizacyjna<\/strong><\/td><td>Wsp\u00f3\u0142organizacja warsztat\u00f3w popularnonaukowych: \u201ePomiar pr\u0119dko\u015bci d\u017awi\u0119ku\u201d oraz \u201eEksperyment fizyczny wspierany komputerowo\u201d w ramach Spotka\u0144 z nauk\u0105, dni otwartych w kampusie UwB<br><br>Uczestnictwo w przygotowaniu wyk\u0142adu \u201eCiekawe magnetyki badane na Wydziale Fizyki UwB z perspektywami zastosowa\u0144\u201d prowadzonego przez prof. Dr. Hab. A. Maziewskiego w ramach Podlaskiego Festiwalu Nauki i sztuki <br><br>Obs\u0142uga platformy informatycznej serwuj\u0105cej strony informacyjne Spotka\u0144 z nauk\u0105, dni otwartych w kampusie UwB (<a href=\"https:\/\/dniotwarte.uwb.edu.pl\/\">https:\/\/dniotwarte.uwb.edu.pl\/<\/a> \u00a0)<\/td><\/tr><\/tbody><\/table><\/figure>\n","protected":false},"excerpt":{"rendered":"<p>E-mail dobrog@uwb.edu.pl Kod ORCID https:\/\/orcid.org\/0000-0002-3663-1264 Temat rozprawy doktorskiej W\u0142a\u015bciwo\u015bci nanostruktur z&nbsp; oddzia\u0142ywaniem Dzia\u0142oszy\u0144skiego-Moriyi, magnetyczn\u0105 prostopad\u0142\u0105 anizotropi\u0105 i mi\u0119dzywarstwowym sprz\u0119\u017ceniem. Promotor Prof. Dr hab. Andrzej&nbsp; Maziewski Promotor pomocniczy dr Iosif Sveklo&hellip;<\/p>\n","protected":false},"author":14,"featured_media":0,"parent":0,"menu_order":0,"comment_status":"closed","ping_status":"closed","template":"","meta":{"footnotes":""},"class_list":["post-1881","page","type-page","status-publish","hentry"],"yoast_head":"<!-- This site is optimized with the Yoast SEO plugin v27.3 - https:\/\/yoast.com\/product\/yoast-seo-wordpress\/ -->\n<title>mgr Wojciech Stanis\u0142aw Dobrogowski - Szko\u0142a Doktorska Nauk \u015acis\u0142ych i Przyrodniczych UwB<\/title>\n<meta name=\"robots\" content=\"index, follow, max-snippet:-1, max-image-preview:large, max-video-preview:-1\" \/>\n<link rel=\"canonical\" href=\"https:\/\/szkolydoktorskie.uwb.edu.pl\/nsip\/mgr-wojciech-stanislaw-dobrogowski\/\" \/>\n<meta property=\"og:locale\" content=\"pl_PL\" \/>\n<meta property=\"og:type\" content=\"article\" \/>\n<meta property=\"og:title\" content=\"mgr Wojciech Stanis\u0142aw Dobrogowski - Szko\u0142a Doktorska Nauk \u015acis\u0142ych i Przyrodniczych UwB\" \/>\n<meta property=\"og:description\" content=\"E-mail dobrog@uwb.edu.pl Kod ORCID https:\/\/orcid.org\/0000-0002-3663-1264 Temat rozprawy doktorskiej W\u0142a\u015bciwo\u015bci nanostruktur z&nbsp; oddzia\u0142ywaniem Dzia\u0142oszy\u0144skiego-Moriyi, magnetyczn\u0105 prostopad\u0142\u0105 anizotropi\u0105 i mi\u0119dzywarstwowym sprz\u0119\u017ceniem. Promotor Prof. Dr hab. Andrzej&nbsp; Maziewski Promotor pomocniczy dr Iosif Sveklo&hellip;\" \/>\n<meta property=\"og:url\" content=\"https:\/\/szkolydoktorskie.uwb.edu.pl\/nsip\/mgr-wojciech-stanislaw-dobrogowski\/\" \/>\n<meta property=\"og:site_name\" content=\"Szko\u0142a Doktorska Nauk \u015acis\u0142ych i Przyrodniczych UwB\" \/>\n<meta property=\"article:modified_time\" content=\"2023-03-15T10:54:43+00:00\" \/>\n<meta property=\"og:image\" content=\"https:\/\/szkolydoktorskie.uwb.edu.pl\/nsip\/wp-content\/uploads\/sites\/4\/2023\/01\/obraz-1-831x1024.png\" \/>\n<meta name=\"twitter:card\" content=\"summary_large_image\" \/>\n<meta name=\"twitter:label1\" content=\"Szacowany czas czytania\" \/>\n\t<meta name=\"twitter:data1\" content=\"3 minuty\" \/>\n<script type=\"application\/ld+json\" class=\"yoast-schema-graph\">{\"@context\":\"https:\\\/\\\/schema.org\",\"@graph\":[{\"@type\":\"WebPage\",\"@id\":\"https:\\\/\\\/szkolydoktorskie.uwb.edu.pl\\\/nsip\\\/mgr-wojciech-stanislaw-dobrogowski\\\/\",\"url\":\"https:\\\/\\\/szkolydoktorskie.uwb.edu.pl\\\/nsip\\\/mgr-wojciech-stanislaw-dobrogowski\\\/\",\"name\":\"mgr Wojciech Stanis\u0142aw Dobrogowski - Szko\u0142a Doktorska Nauk \u015acis\u0142ych i Przyrodniczych UwB\",\"isPartOf\":{\"@id\":\"https:\\\/\\\/szkolydoktorskie.uwb.edu.pl\\\/nsip\\\/#website\"},\"primaryImageOfPage\":{\"@id\":\"https:\\\/\\\/szkolydoktorskie.uwb.edu.pl\\\/nsip\\\/mgr-wojciech-stanislaw-dobrogowski\\\/#primaryimage\"},\"image\":{\"@id\":\"https:\\\/\\\/szkolydoktorskie.uwb.edu.pl\\\/nsip\\\/mgr-wojciech-stanislaw-dobrogowski\\\/#primaryimage\"},\"thumbnailUrl\":\"https:\\\/\\\/szkolydoktorskie.uwb.edu.pl\\\/nsip\\\/wp-content\\\/uploads\\\/sites\\\/4\\\/2023\\\/01\\\/obraz-1-831x1024.png\",\"datePublished\":\"2023-01-10T09:49:36+00:00\",\"dateModified\":\"2023-03-15T10:54:43+00:00\",\"breadcrumb\":{\"@id\":\"https:\\\/\\\/szkolydoktorskie.uwb.edu.pl\\\/nsip\\\/mgr-wojciech-stanislaw-dobrogowski\\\/#breadcrumb\"},\"inLanguage\":\"pl-PL\",\"potentialAction\":[{\"@type\":\"ReadAction\",\"target\":[\"https:\\\/\\\/szkolydoktorskie.uwb.edu.pl\\\/nsip\\\/mgr-wojciech-stanislaw-dobrogowski\\\/\"]}]},{\"@type\":\"ImageObject\",\"inLanguage\":\"pl-PL\",\"@id\":\"https:\\\/\\\/szkolydoktorskie.uwb.edu.pl\\\/nsip\\\/mgr-wojciech-stanislaw-dobrogowski\\\/#primaryimage\",\"url\":\"https:\\\/\\\/szkolydoktorskie.uwb.edu.pl\\\/nsip\\\/wp-content\\\/uploads\\\/sites\\\/4\\\/2023\\\/01\\\/obraz-1.png\",\"contentUrl\":\"https:\\\/\\\/szkolydoktorskie.uwb.edu.pl\\\/nsip\\\/wp-content\\\/uploads\\\/sites\\\/4\\\/2023\\\/01\\\/obraz-1.png\",\"width\":998,\"height\":1230},{\"@type\":\"BreadcrumbList\",\"@id\":\"https:\\\/\\\/szkolydoktorskie.uwb.edu.pl\\\/nsip\\\/mgr-wojciech-stanislaw-dobrogowski\\\/#breadcrumb\",\"itemListElement\":[{\"@type\":\"ListItem\",\"position\":1,\"name\":\"Strona g\u0142\u00f3wna\",\"item\":\"https:\\\/\\\/szkolydoktorskie.uwb.edu.pl\\\/nsip\\\/\"},{\"@type\":\"ListItem\",\"position\":2,\"name\":\"mgr Wojciech Stanis\u0142aw Dobrogowski\"}]},{\"@type\":\"WebSite\",\"@id\":\"https:\\\/\\\/szkolydoktorskie.uwb.edu.pl\\\/nsip\\\/#website\",\"url\":\"https:\\\/\\\/szkolydoktorskie.uwb.edu.pl\\\/nsip\\\/\",\"name\":\"Szko\u0142a Doktorska Nauk \u015acis\u0142ych i Przyrodniczych UwB\",\"description\":\"Szko\u0142a Doktorska Nauk \u015acis\u0142ych i Przyrodniczych UwB\",\"publisher\":{\"@id\":\"https:\\\/\\\/szkolydoktorskie.uwb.edu.pl\\\/nsip\\\/#organization\"},\"potentialAction\":[{\"@type\":\"SearchAction\",\"target\":{\"@type\":\"EntryPoint\",\"urlTemplate\":\"https:\\\/\\\/szkolydoktorskie.uwb.edu.pl\\\/nsip\\\/?s={search_term_string}\"},\"query-input\":{\"@type\":\"PropertyValueSpecification\",\"valueRequired\":true,\"valueName\":\"search_term_string\"}}],\"inLanguage\":\"pl-PL\"},{\"@type\":\"Organization\",\"@id\":\"https:\\\/\\\/szkolydoktorskie.uwb.edu.pl\\\/nsip\\\/#organization\",\"name\":\"Szko\u0142a Doktorska Nauk \u015acis\u0142ych i Przyrodniczych UwB\",\"url\":\"https:\\\/\\\/szkolydoktorskie.uwb.edu.pl\\\/nsip\\\/\",\"logo\":{\"@type\":\"ImageObject\",\"inLanguage\":\"pl-PL\",\"@id\":\"https:\\\/\\\/szkolydoktorskie.uwb.edu.pl\\\/nsip\\\/#\\\/schema\\\/logo\\\/image\\\/\",\"url\":\"https:\\\/\\\/szkolydoktorskie.uwb.edu.pl\\\/nsip\\\/wp-content\\\/uploads\\\/sites\\\/4\\\/2021\\\/04\\\/cropped-LOGO-NSIP.png\",\"contentUrl\":\"https:\\\/\\\/szkolydoktorskie.uwb.edu.pl\\\/nsip\\\/wp-content\\\/uploads\\\/sites\\\/4\\\/2021\\\/04\\\/cropped-LOGO-NSIP.png\",\"width\":705,\"height\":188,\"caption\":\"Szko\u0142a Doktorska Nauk \u015acis\u0142ych i Przyrodniczych UwB\"},\"image\":{\"@id\":\"https:\\\/\\\/szkolydoktorskie.uwb.edu.pl\\\/nsip\\\/#\\\/schema\\\/logo\\\/image\\\/\"}}]}<\/script>\n<!-- \/ Yoast SEO plugin. -->","yoast_head_json":{"title":"mgr Wojciech Stanis\u0142aw Dobrogowski - Szko\u0142a Doktorska Nauk \u015acis\u0142ych i Przyrodniczych UwB","robots":{"index":"index","follow":"follow","max-snippet":"max-snippet:-1","max-image-preview":"max-image-preview:large","max-video-preview":"max-video-preview:-1"},"canonical":"https:\/\/szkolydoktorskie.uwb.edu.pl\/nsip\/mgr-wojciech-stanislaw-dobrogowski\/","og_locale":"pl_PL","og_type":"article","og_title":"mgr Wojciech Stanis\u0142aw Dobrogowski - Szko\u0142a Doktorska Nauk \u015acis\u0142ych i Przyrodniczych UwB","og_description":"E-mail dobrog@uwb.edu.pl Kod ORCID https:\/\/orcid.org\/0000-0002-3663-1264 Temat rozprawy doktorskiej W\u0142a\u015bciwo\u015bci nanostruktur z&nbsp; oddzia\u0142ywaniem Dzia\u0142oszy\u0144skiego-Moriyi, magnetyczn\u0105 prostopad\u0142\u0105 anizotropi\u0105 i mi\u0119dzywarstwowym sprz\u0119\u017ceniem. Promotor Prof. Dr hab. Andrzej&nbsp; Maziewski Promotor pomocniczy dr Iosif Sveklo&hellip;","og_url":"https:\/\/szkolydoktorskie.uwb.edu.pl\/nsip\/mgr-wojciech-stanislaw-dobrogowski\/","og_site_name":"Szko\u0142a Doktorska Nauk \u015acis\u0142ych i Przyrodniczych UwB","article_modified_time":"2023-03-15T10:54:43+00:00","og_image":[{"url":"https:\/\/szkolydoktorskie.uwb.edu.pl\/nsip\/wp-content\/uploads\/sites\/4\/2023\/01\/obraz-1-831x1024.png","type":"","width":"","height":""}],"twitter_card":"summary_large_image","twitter_misc":{"Szacowany czas czytania":"3 minuty"},"schema":{"@context":"https:\/\/schema.org","@graph":[{"@type":"WebPage","@id":"https:\/\/szkolydoktorskie.uwb.edu.pl\/nsip\/mgr-wojciech-stanislaw-dobrogowski\/","url":"https:\/\/szkolydoktorskie.uwb.edu.pl\/nsip\/mgr-wojciech-stanislaw-dobrogowski\/","name":"mgr Wojciech Stanis\u0142aw Dobrogowski - Szko\u0142a Doktorska Nauk \u015acis\u0142ych i Przyrodniczych UwB","isPartOf":{"@id":"https:\/\/szkolydoktorskie.uwb.edu.pl\/nsip\/#website"},"primaryImageOfPage":{"@id":"https:\/\/szkolydoktorskie.uwb.edu.pl\/nsip\/mgr-wojciech-stanislaw-dobrogowski\/#primaryimage"},"image":{"@id":"https:\/\/szkolydoktorskie.uwb.edu.pl\/nsip\/mgr-wojciech-stanislaw-dobrogowski\/#primaryimage"},"thumbnailUrl":"https:\/\/szkolydoktorskie.uwb.edu.pl\/nsip\/wp-content\/uploads\/sites\/4\/2023\/01\/obraz-1-831x1024.png","datePublished":"2023-01-10T09:49:36+00:00","dateModified":"2023-03-15T10:54:43+00:00","breadcrumb":{"@id":"https:\/\/szkolydoktorskie.uwb.edu.pl\/nsip\/mgr-wojciech-stanislaw-dobrogowski\/#breadcrumb"},"inLanguage":"pl-PL","potentialAction":[{"@type":"ReadAction","target":["https:\/\/szkolydoktorskie.uwb.edu.pl\/nsip\/mgr-wojciech-stanislaw-dobrogowski\/"]}]},{"@type":"ImageObject","inLanguage":"pl-PL","@id":"https:\/\/szkolydoktorskie.uwb.edu.pl\/nsip\/mgr-wojciech-stanislaw-dobrogowski\/#primaryimage","url":"https:\/\/szkolydoktorskie.uwb.edu.pl\/nsip\/wp-content\/uploads\/sites\/4\/2023\/01\/obraz-1.png","contentUrl":"https:\/\/szkolydoktorskie.uwb.edu.pl\/nsip\/wp-content\/uploads\/sites\/4\/2023\/01\/obraz-1.png","width":998,"height":1230},{"@type":"BreadcrumbList","@id":"https:\/\/szkolydoktorskie.uwb.edu.pl\/nsip\/mgr-wojciech-stanislaw-dobrogowski\/#breadcrumb","itemListElement":[{"@type":"ListItem","position":1,"name":"Strona g\u0142\u00f3wna","item":"https:\/\/szkolydoktorskie.uwb.edu.pl\/nsip\/"},{"@type":"ListItem","position":2,"name":"mgr Wojciech Stanis\u0142aw Dobrogowski"}]},{"@type":"WebSite","@id":"https:\/\/szkolydoktorskie.uwb.edu.pl\/nsip\/#website","url":"https:\/\/szkolydoktorskie.uwb.edu.pl\/nsip\/","name":"Szko\u0142a Doktorska Nauk \u015acis\u0142ych i Przyrodniczych UwB","description":"Szko\u0142a Doktorska Nauk \u015acis\u0142ych i Przyrodniczych UwB","publisher":{"@id":"https:\/\/szkolydoktorskie.uwb.edu.pl\/nsip\/#organization"},"potentialAction":[{"@type":"SearchAction","target":{"@type":"EntryPoint","urlTemplate":"https:\/\/szkolydoktorskie.uwb.edu.pl\/nsip\/?s={search_term_string}"},"query-input":{"@type":"PropertyValueSpecification","valueRequired":true,"valueName":"search_term_string"}}],"inLanguage":"pl-PL"},{"@type":"Organization","@id":"https:\/\/szkolydoktorskie.uwb.edu.pl\/nsip\/#organization","name":"Szko\u0142a Doktorska Nauk \u015acis\u0142ych i Przyrodniczych UwB","url":"https:\/\/szkolydoktorskie.uwb.edu.pl\/nsip\/","logo":{"@type":"ImageObject","inLanguage":"pl-PL","@id":"https:\/\/szkolydoktorskie.uwb.edu.pl\/nsip\/#\/schema\/logo\/image\/","url":"https:\/\/szkolydoktorskie.uwb.edu.pl\/nsip\/wp-content\/uploads\/sites\/4\/2021\/04\/cropped-LOGO-NSIP.png","contentUrl":"https:\/\/szkolydoktorskie.uwb.edu.pl\/nsip\/wp-content\/uploads\/sites\/4\/2021\/04\/cropped-LOGO-NSIP.png","width":705,"height":188,"caption":"Szko\u0142a Doktorska Nauk \u015acis\u0142ych i Przyrodniczych UwB"},"image":{"@id":"https:\/\/szkolydoktorskie.uwb.edu.pl\/nsip\/#\/schema\/logo\/image\/"}}]}},"_links":{"self":[{"href":"https:\/\/szkolydoktorskie.uwb.edu.pl\/nsip\/wp-json\/wp\/v2\/pages\/1881","targetHints":{"allow":["GET"]}}],"collection":[{"href":"https:\/\/szkolydoktorskie.uwb.edu.pl\/nsip\/wp-json\/wp\/v2\/pages"}],"about":[{"href":"https:\/\/szkolydoktorskie.uwb.edu.pl\/nsip\/wp-json\/wp\/v2\/types\/page"}],"author":[{"embeddable":true,"href":"https:\/\/szkolydoktorskie.uwb.edu.pl\/nsip\/wp-json\/wp\/v2\/users\/14"}],"replies":[{"embeddable":true,"href":"https:\/\/szkolydoktorskie.uwb.edu.pl\/nsip\/wp-json\/wp\/v2\/comments?post=1881"}],"version-history":[{"count":11,"href":"https:\/\/szkolydoktorskie.uwb.edu.pl\/nsip\/wp-json\/wp\/v2\/pages\/1881\/revisions"}],"predecessor-version":[{"id":2308,"href":"https:\/\/szkolydoktorskie.uwb.edu.pl\/nsip\/wp-json\/wp\/v2\/pages\/1881\/revisions\/2308"}],"wp:attachment":[{"href":"https:\/\/szkolydoktorskie.uwb.edu.pl\/nsip\/wp-json\/wp\/v2\/media?parent=1881"}],"curies":[{"name":"wp","href":"https:\/\/api.w.org\/{rel}","templated":true}]}}