{"id":1845,"date":"2023-01-05T10:16:53","date_gmt":"2023-01-05T09:16:53","guid":{"rendered":"https:\/\/szkolydoktorskie.uwb.edu.pl\/nsip\/?page_id=1845"},"modified":"2023-03-15T12:06:55","modified_gmt":"2023-03-15T11:06:55","slug":"mgr-magda-zabielska","status":"publish","type":"page","link":"https:\/\/szkolydoktorskie.uwb.edu.pl\/nsip\/mgr-magda-zabielska\/","title":{"rendered":"mgr Magda Zabielska"},"content":{"rendered":"\n<figure class=\"wp-block-image size-full is-resized\"><img loading=\"lazy\" decoding=\"async\" src=\"https:\/\/szkolydoktorskie.uwb.edu.pl\/nsip\/wp-content\/uploads\/sites\/4\/2023\/01\/Zabielska-Magda.png\" alt=\"\" class=\"wp-image-1846\" width=\"312\" height=\"391\" srcset=\"https:\/\/szkolydoktorskie.uwb.edu.pl\/nsip\/wp-content\/uploads\/sites\/4\/2023\/01\/Zabielska-Magda.png 571w, https:\/\/szkolydoktorskie.uwb.edu.pl\/nsip\/wp-content\/uploads\/sites\/4\/2023\/01\/Zabielska-Magda-239x300.png 239w\" sizes=\"auto, (max-width: 312px) 100vw, 312px\" \/><\/figure>\n\n\n\n<figure class=\"wp-block-table\"><table><tbody><tr><td><strong>E-mail<\/strong><\/td><td>m.zabielska@uwb.edu.pl<\/td><\/tr><tr><td><strong>Kod ORCID<\/strong><\/td><td>0000-0002-8324-5083<\/td><\/tr><tr><td><strong>Temat rozprawy doktorskiej<\/strong><\/td><td>Metody odzyskiwania metali krytycznych technologicznie z odpad\u00f3w oparte na ekstrakcji<br>do fazy sta\u0142ej<\/td><\/tr><tr><td><strong>Promotor<\/strong><\/td><td>prof. dr hab. Beata Godlewska-\u017by\u0142kiewicz<\/td><\/tr><tr><td><strong>Promotor pomocniczy<\/strong><\/td><td>dr El\u017cbieta Zambrzycka-Szelewa<\/td><\/tr><tr><td><strong>Wydzia\u0142 \/Katedra\/Zak\u0142ad<\/strong><\/td><td>Wydzia\u0142 Chemii \/ Katedra Chemii Analitycznej i Nieorganicznej \/ Zak\u0142ad Chemii Analitycznej<\/td><\/tr><tr><td><strong>Dzia\u0142alno\u015b\u0107 naukowo-badawcza<\/strong><\/td><td><\/td><\/tr><tr><td><strong>A.&nbsp;&nbsp;&nbsp;&nbsp;Publikacje naukowe<\/strong><\/td><td>&nbsp;<\/td><\/tr><tr><td><strong>A1. Artyku\u0142y naukowe w czasopismach<\/strong><\/td><td>Zambrzycka-Szelewa E., <strong>Zabielska M.<\/strong>, Godlewska-\u017by\u0142kiewicz B. &#8222;Kierunki rozwoju polimer\u00f3w z odwzorowanymi jonami&#8221;, <em>Analityka 2<\/em>, 2022, [20 pkt]<\/td><\/tr><tr><td><strong>A2. Monografie naukowe\/rozdzia\u0142y w monografiach<\/strong><\/td><td>Zambrzycka-Szelewa E., <strong>Zabielska M.<\/strong>, Micha\u0142owska I., Bobrowska D. M., Godlewska-\u017by\u0142kiewicz B. (2022) Synteza i charakterystyka polimer\u00f3w z odwzorowanymi wieloma jonami (MIIP) do jednoczesnego wydzielania Pd, Rh i Ru. [W] Hubicki Z. (red.) Nauka i przemys\u0142 \u2013 metody spektroskopowe w praktyce, nowe wyzwania i mo\u017cliwo\u015bci. Wyd. UMCS, Lublin, 456-459. 20 pkt MEiN<\/td><\/tr><tr><td><strong>B. Konferencje naukowe<\/strong><\/td><td>XXV Konferencja \u201eNowoczesne metody instrumentalne w analizie \u015bladowej\u201d, \u0141\u00f3d\u017a, 12-13.12.2022;<strong> Zabielska M.<\/strong>, Zambrzycka-Szelewa E., Godlewska-\u017by\u0142kiewicz B.; poster &#8222;Sekwencyjne oznaczanie Rh(III), Pd(II) i Ru(III) technik\u0105 HR-CS FAAS w katalizatorach samochodowych&#8221;<\/td><\/tr><tr><td><strong>C. Granty<\/strong><\/td><td>prof. dr hab. Beata Godlewska-\u017by\u0142kiewicz (kierownik) <br>\u201e<em>Spos\u00f3b odzyskiwania wybranych metali szlachetnych (Pd, Rh, Ru) z antropogenicznych surowc\u00f3w wt\u00f3rnych wykorzystuj\u0105cy nowe materia\u0142y sorpcyjne o zaawansowanych w\u0142a\u015bciwo\u015bciach\u201d<\/em> Inkubator Innowacyjno\u015bci&nbsp;4.0, realizowanego w konsorcjum w sk\u0142adzie: Instytut Innowacji i Technologii Politechniki Bia\u0142ostockiej Sp. z o.o., Uniwersytet Medyczny <br>w Bia\u0142ymstoku oraz Uniwersytet w Bia\u0142ymstoku w ramach Programu Operacyjnego Inteligentny Rozw\u00f3j 2014-2020, rola w projekcie: wykonawca (2022-2023)<\/td><\/tr><tr><td><strong>D. Zrealizowane sta\u017ce<\/strong><\/td><td><strong>06.06.2022 \u2013 22.06.2022<\/strong><br>Uniwersytet Medyczny w Bia\u0142ymstoku: Wydzia\u0142 Farmaceutyczny z Odzia\u0142em Medycyny Laboratoryjnej, Zak\u0142ad Toksykologii<\/td><\/tr><tr><td><strong>E. Inne aktywno\u015bci\/osi\u0105gni\u0119cia naukowe<\/strong><\/td><td><strong>Nagrody i wyr\u00f3\u017cnienia:<\/strong> <strong>\u00a0<\/strong> <br>I miejsce za najlepszy poster pt. <em>Sekwencyjne oznaczanie Rh(III), Pd(II) i Ru(III) technik\u0105 HR-CS FAAS w katalizatorach samochodowych, <\/em>XXV Konferencja \u201eNowoczesne metody instrumentalne w analizie \u015bladowej\u201d. 12.12.2022 \u2013 13.12.2022, \u0141\u00f3d\u017a <br><br>Wyr\u00f3\u017cnienie za najlepszy poster pt. <em>Kompleksy Ru(III) jako potencjalne chemioterapeutyki<\/em>, VII Konferencja &#8222;Zwi\u0105zki biologicznie czynne: aktywno\u015b\u0107, struktura, synteza&#8221;. 24.06.2022 \u2013 25.06.2022, Bia\u0142ystok<br><br>Wyr\u00f3\u017cnienie za najlepszy poster pt. <em>Nowe materia\u0142y sorpcyjne do jednoczesnego wydzielania jon\u00f3w Pd(II), Rh(III) i Ru(III)<\/em>, III Konferencja Naukowa Student\u00f3w\u00a0 &#8222;M\u0142odzi Zdolni&#8221;. 06.05.2022, \u0141\u00f3d\u017a <strong>\u00a0<\/strong><br><br><strong>Udzia\u0142 w seminariach naukowych\/szkoleniach\/szko\u0142ach:<\/strong> \u00a0<br>&#8222;Top Tips and Common Mistakes in Scientific Writing&#8221; \u2013 webinarium \u00a0<br><br>&#8222;The SOLvE Colloquia&#8221; \u2013 Seminars on the Determination, Analysis and Use of Thermodynamic Data in Solution Equilibria and Chemical Speciation \u2013 seminarium \u00a0<br><br>International Summer School on Quality Assurance<br>in a Testing Laboratory (ISO\/IEC 17025) 15th Edition, 2022 \u2013 Mi\u0119dzynarodowa Szko\u0142a Letnia<br><br>&#8222;Nowoczesne i oszcz\u0119dne podej\u015bcie do techniki ICP-MS na przyk\u0142adzie serii PlasmaQuant MS&#8221; \u2013 webinarium<br><br>&#8222;Praktyczne aspekty analizy wielopierwiastkowej w trybie single particle ICP-MS (SP-ICP-MS)&#8221; \u2013 warsztaty<br><br>&#8222;Nowoczesne i oszcz\u0119dne podej\u015bcie do techniki ICP-MS&#8221; \u2013 warsztaty<br><br>&#8222;Analiza pr\u00f3bek \u015brodowiskowych na zawarto\u015b\u0107 rt\u0119ci, z u\u017cyciem najnowszych analizator\u00f3w firmy Nippon Instruments Corporation&#8221; \u2013 warsztaty<br> \u00a0<br>&#8222;Jak poprawi\u0107 wydajno\u015b\u0107 oraz czu\u0142o\u015b\u0107 w spektrometrii ICP-OES&#8221; \u2013 warsztaty <strong>\u00a0<\/strong><br><\/td><\/tr><tr><td><strong>Inna aktywno\u015b\u0107, np. organizacyjna<\/strong><\/td><td>Cz\u0142onek komitetu organizacyjnego II Og\u00f3lnopolskiej Konferencji \u201e\u015arodowisko \u2013 Nauka \u2013 Odpowiedzialno\u015b\u0107&#8221;<br><br>Aktywny Cz\u0142onek Ko\u0142a Naukowego Ko\u0142a Chemik\u00f3w UwB \u201ePozyton\u201d<\/td><\/tr><\/tbody><\/table><\/figure>\n","protected":false},"excerpt":{"rendered":"<p>E-mail m.zabielska@uwb.edu.pl Kod ORCID 0000-0002-8324-5083 Temat rozprawy doktorskiej Metody odzyskiwania metali krytycznych technologicznie z odpad\u00f3w oparte na ekstrakcjido fazy sta\u0142ej Promotor prof. dr hab. Beata Godlewska-\u017by\u0142kiewicz Promotor pomocniczy dr El\u017cbieta&hellip;<\/p>\n","protected":false},"author":14,"featured_media":0,"parent":0,"menu_order":0,"comment_status":"closed","ping_status":"closed","template":"","meta":{"footnotes":""},"class_list":["post-1845","page","type-page","status-publish","hentry"],"yoast_head":"<!-- This site is optimized with the Yoast SEO plugin v27.3 - https:\/\/yoast.com\/product\/yoast-seo-wordpress\/ -->\n<title>mgr Magda Zabielska - Szko\u0142a Doktorska Nauk \u015acis\u0142ych i Przyrodniczych UwB<\/title>\n<meta name=\"robots\" content=\"index, follow, max-snippet:-1, max-image-preview:large, max-video-preview:-1\" \/>\n<link rel=\"canonical\" href=\"https:\/\/szkolydoktorskie.uwb.edu.pl\/nsip\/mgr-magda-zabielska\/\" \/>\n<meta property=\"og:locale\" content=\"pl_PL\" \/>\n<meta property=\"og:type\" content=\"article\" \/>\n<meta property=\"og:title\" content=\"mgr Magda Zabielska - Szko\u0142a Doktorska Nauk \u015acis\u0142ych i Przyrodniczych UwB\" \/>\n<meta property=\"og:description\" content=\"E-mail m.zabielska@uwb.edu.pl Kod ORCID 0000-0002-8324-5083 Temat rozprawy doktorskiej Metody odzyskiwania metali krytycznych technologicznie z odpad\u00f3w oparte na ekstrakcjido fazy sta\u0142ej Promotor prof. dr hab. Beata Godlewska-\u017by\u0142kiewicz Promotor pomocniczy dr El\u017cbieta&hellip;\" \/>\n<meta property=\"og:url\" content=\"https:\/\/szkolydoktorskie.uwb.edu.pl\/nsip\/mgr-magda-zabielska\/\" \/>\n<meta property=\"og:site_name\" content=\"Szko\u0142a Doktorska Nauk \u015acis\u0142ych i Przyrodniczych UwB\" \/>\n<meta property=\"article:modified_time\" content=\"2023-03-15T11:06:55+00:00\" \/>\n<meta property=\"og:image\" content=\"https:\/\/szkolydoktorskie.uwb.edu.pl\/nsip\/wp-content\/uploads\/sites\/4\/2023\/01\/Zabielska-Magda.png\" \/>\n<meta name=\"twitter:card\" content=\"summary_large_image\" \/>\n<meta name=\"twitter:label1\" content=\"Szacowany czas czytania\" \/>\n\t<meta name=\"twitter:data1\" content=\"3 minuty\" \/>\n<script type=\"application\/ld+json\" class=\"yoast-schema-graph\">{\"@context\":\"https:\\\/\\\/schema.org\",\"@graph\":[{\"@type\":\"WebPage\",\"@id\":\"https:\\\/\\\/szkolydoktorskie.uwb.edu.pl\\\/nsip\\\/mgr-magda-zabielska\\\/\",\"url\":\"https:\\\/\\\/szkolydoktorskie.uwb.edu.pl\\\/nsip\\\/mgr-magda-zabielska\\\/\",\"name\":\"mgr Magda Zabielska - Szko\u0142a Doktorska Nauk \u015acis\u0142ych i Przyrodniczych UwB\",\"isPartOf\":{\"@id\":\"https:\\\/\\\/szkolydoktorskie.uwb.edu.pl\\\/nsip\\\/#website\"},\"primaryImageOfPage\":{\"@id\":\"https:\\\/\\\/szkolydoktorskie.uwb.edu.pl\\\/nsip\\\/mgr-magda-zabielska\\\/#primaryimage\"},\"image\":{\"@id\":\"https:\\\/\\\/szkolydoktorskie.uwb.edu.pl\\\/nsip\\\/mgr-magda-zabielska\\\/#primaryimage\"},\"thumbnailUrl\":\"https:\\\/\\\/szkolydoktorskie.uwb.edu.pl\\\/nsip\\\/wp-content\\\/uploads\\\/sites\\\/4\\\/2023\\\/01\\\/Zabielska-Magda.png\",\"datePublished\":\"2023-01-05T09:16:53+00:00\",\"dateModified\":\"2023-03-15T11:06:55+00:00\",\"breadcrumb\":{\"@id\":\"https:\\\/\\\/szkolydoktorskie.uwb.edu.pl\\\/nsip\\\/mgr-magda-zabielska\\\/#breadcrumb\"},\"inLanguage\":\"pl-PL\",\"potentialAction\":[{\"@type\":\"ReadAction\",\"target\":[\"https:\\\/\\\/szkolydoktorskie.uwb.edu.pl\\\/nsip\\\/mgr-magda-zabielska\\\/\"]}]},{\"@type\":\"ImageObject\",\"inLanguage\":\"pl-PL\",\"@id\":\"https:\\\/\\\/szkolydoktorskie.uwb.edu.pl\\\/nsip\\\/mgr-magda-zabielska\\\/#primaryimage\",\"url\":\"https:\\\/\\\/szkolydoktorskie.uwb.edu.pl\\\/nsip\\\/wp-content\\\/uploads\\\/sites\\\/4\\\/2023\\\/01\\\/Zabielska-Magda.png\",\"contentUrl\":\"https:\\\/\\\/szkolydoktorskie.uwb.edu.pl\\\/nsip\\\/wp-content\\\/uploads\\\/sites\\\/4\\\/2023\\\/01\\\/Zabielska-Magda.png\",\"width\":571,\"height\":716},{\"@type\":\"BreadcrumbList\",\"@id\":\"https:\\\/\\\/szkolydoktorskie.uwb.edu.pl\\\/nsip\\\/mgr-magda-zabielska\\\/#breadcrumb\",\"itemListElement\":[{\"@type\":\"ListItem\",\"position\":1,\"name\":\"Strona g\u0142\u00f3wna\",\"item\":\"https:\\\/\\\/szkolydoktorskie.uwb.edu.pl\\\/nsip\\\/\"},{\"@type\":\"ListItem\",\"position\":2,\"name\":\"mgr Magda Zabielska\"}]},{\"@type\":\"WebSite\",\"@id\":\"https:\\\/\\\/szkolydoktorskie.uwb.edu.pl\\\/nsip\\\/#website\",\"url\":\"https:\\\/\\\/szkolydoktorskie.uwb.edu.pl\\\/nsip\\\/\",\"name\":\"Szko\u0142a Doktorska Nauk \u015acis\u0142ych i Przyrodniczych UwB\",\"description\":\"Szko\u0142a Doktorska Nauk \u015acis\u0142ych i Przyrodniczych UwB\",\"publisher\":{\"@id\":\"https:\\\/\\\/szkolydoktorskie.uwb.edu.pl\\\/nsip\\\/#organization\"},\"potentialAction\":[{\"@type\":\"SearchAction\",\"target\":{\"@type\":\"EntryPoint\",\"urlTemplate\":\"https:\\\/\\\/szkolydoktorskie.uwb.edu.pl\\\/nsip\\\/?s={search_term_string}\"},\"query-input\":{\"@type\":\"PropertyValueSpecification\",\"valueRequired\":true,\"valueName\":\"search_term_string\"}}],\"inLanguage\":\"pl-PL\"},{\"@type\":\"Organization\",\"@id\":\"https:\\\/\\\/szkolydoktorskie.uwb.edu.pl\\\/nsip\\\/#organization\",\"name\":\"Szko\u0142a Doktorska Nauk \u015acis\u0142ych i Przyrodniczych UwB\",\"url\":\"https:\\\/\\\/szkolydoktorskie.uwb.edu.pl\\\/nsip\\\/\",\"logo\":{\"@type\":\"ImageObject\",\"inLanguage\":\"pl-PL\",\"@id\":\"https:\\\/\\\/szkolydoktorskie.uwb.edu.pl\\\/nsip\\\/#\\\/schema\\\/logo\\\/image\\\/\",\"url\":\"https:\\\/\\\/szkolydoktorskie.uwb.edu.pl\\\/nsip\\\/wp-content\\\/uploads\\\/sites\\\/4\\\/2021\\\/04\\\/cropped-LOGO-NSIP.png\",\"contentUrl\":\"https:\\\/\\\/szkolydoktorskie.uwb.edu.pl\\\/nsip\\\/wp-content\\\/uploads\\\/sites\\\/4\\\/2021\\\/04\\\/cropped-LOGO-NSIP.png\",\"width\":705,\"height\":188,\"caption\":\"Szko\u0142a Doktorska Nauk \u015acis\u0142ych i Przyrodniczych UwB\"},\"image\":{\"@id\":\"https:\\\/\\\/szkolydoktorskie.uwb.edu.pl\\\/nsip\\\/#\\\/schema\\\/logo\\\/image\\\/\"}}]}<\/script>\n<!-- \/ Yoast SEO plugin. -->","yoast_head_json":{"title":"mgr Magda Zabielska - Szko\u0142a Doktorska Nauk \u015acis\u0142ych i Przyrodniczych UwB","robots":{"index":"index","follow":"follow","max-snippet":"max-snippet:-1","max-image-preview":"max-image-preview:large","max-video-preview":"max-video-preview:-1"},"canonical":"https:\/\/szkolydoktorskie.uwb.edu.pl\/nsip\/mgr-magda-zabielska\/","og_locale":"pl_PL","og_type":"article","og_title":"mgr Magda Zabielska - Szko\u0142a Doktorska Nauk \u015acis\u0142ych i Przyrodniczych UwB","og_description":"E-mail m.zabielska@uwb.edu.pl Kod ORCID 0000-0002-8324-5083 Temat rozprawy doktorskiej Metody odzyskiwania metali krytycznych technologicznie z odpad\u00f3w oparte na ekstrakcjido fazy sta\u0142ej Promotor prof. dr hab. Beata Godlewska-\u017by\u0142kiewicz Promotor pomocniczy dr El\u017cbieta&hellip;","og_url":"https:\/\/szkolydoktorskie.uwb.edu.pl\/nsip\/mgr-magda-zabielska\/","og_site_name":"Szko\u0142a Doktorska Nauk \u015acis\u0142ych i Przyrodniczych UwB","article_modified_time":"2023-03-15T11:06:55+00:00","og_image":[{"url":"https:\/\/szkolydoktorskie.uwb.edu.pl\/nsip\/wp-content\/uploads\/sites\/4\/2023\/01\/Zabielska-Magda.png","type":"","width":"","height":""}],"twitter_card":"summary_large_image","twitter_misc":{"Szacowany czas czytania":"3 minuty"},"schema":{"@context":"https:\/\/schema.org","@graph":[{"@type":"WebPage","@id":"https:\/\/szkolydoktorskie.uwb.edu.pl\/nsip\/mgr-magda-zabielska\/","url":"https:\/\/szkolydoktorskie.uwb.edu.pl\/nsip\/mgr-magda-zabielska\/","name":"mgr Magda Zabielska - Szko\u0142a Doktorska Nauk \u015acis\u0142ych i Przyrodniczych UwB","isPartOf":{"@id":"https:\/\/szkolydoktorskie.uwb.edu.pl\/nsip\/#website"},"primaryImageOfPage":{"@id":"https:\/\/szkolydoktorskie.uwb.edu.pl\/nsip\/mgr-magda-zabielska\/#primaryimage"},"image":{"@id":"https:\/\/szkolydoktorskie.uwb.edu.pl\/nsip\/mgr-magda-zabielska\/#primaryimage"},"thumbnailUrl":"https:\/\/szkolydoktorskie.uwb.edu.pl\/nsip\/wp-content\/uploads\/sites\/4\/2023\/01\/Zabielska-Magda.png","datePublished":"2023-01-05T09:16:53+00:00","dateModified":"2023-03-15T11:06:55+00:00","breadcrumb":{"@id":"https:\/\/szkolydoktorskie.uwb.edu.pl\/nsip\/mgr-magda-zabielska\/#breadcrumb"},"inLanguage":"pl-PL","potentialAction":[{"@type":"ReadAction","target":["https:\/\/szkolydoktorskie.uwb.edu.pl\/nsip\/mgr-magda-zabielska\/"]}]},{"@type":"ImageObject","inLanguage":"pl-PL","@id":"https:\/\/szkolydoktorskie.uwb.edu.pl\/nsip\/mgr-magda-zabielska\/#primaryimage","url":"https:\/\/szkolydoktorskie.uwb.edu.pl\/nsip\/wp-content\/uploads\/sites\/4\/2023\/01\/Zabielska-Magda.png","contentUrl":"https:\/\/szkolydoktorskie.uwb.edu.pl\/nsip\/wp-content\/uploads\/sites\/4\/2023\/01\/Zabielska-Magda.png","width":571,"height":716},{"@type":"BreadcrumbList","@id":"https:\/\/szkolydoktorskie.uwb.edu.pl\/nsip\/mgr-magda-zabielska\/#breadcrumb","itemListElement":[{"@type":"ListItem","position":1,"name":"Strona g\u0142\u00f3wna","item":"https:\/\/szkolydoktorskie.uwb.edu.pl\/nsip\/"},{"@type":"ListItem","position":2,"name":"mgr Magda Zabielska"}]},{"@type":"WebSite","@id":"https:\/\/szkolydoktorskie.uwb.edu.pl\/nsip\/#website","url":"https:\/\/szkolydoktorskie.uwb.edu.pl\/nsip\/","name":"Szko\u0142a Doktorska Nauk \u015acis\u0142ych i Przyrodniczych UwB","description":"Szko\u0142a Doktorska Nauk \u015acis\u0142ych i Przyrodniczych UwB","publisher":{"@id":"https:\/\/szkolydoktorskie.uwb.edu.pl\/nsip\/#organization"},"potentialAction":[{"@type":"SearchAction","target":{"@type":"EntryPoint","urlTemplate":"https:\/\/szkolydoktorskie.uwb.edu.pl\/nsip\/?s={search_term_string}"},"query-input":{"@type":"PropertyValueSpecification","valueRequired":true,"valueName":"search_term_string"}}],"inLanguage":"pl-PL"},{"@type":"Organization","@id":"https:\/\/szkolydoktorskie.uwb.edu.pl\/nsip\/#organization","name":"Szko\u0142a Doktorska Nauk \u015acis\u0142ych i Przyrodniczych UwB","url":"https:\/\/szkolydoktorskie.uwb.edu.pl\/nsip\/","logo":{"@type":"ImageObject","inLanguage":"pl-PL","@id":"https:\/\/szkolydoktorskie.uwb.edu.pl\/nsip\/#\/schema\/logo\/image\/","url":"https:\/\/szkolydoktorskie.uwb.edu.pl\/nsip\/wp-content\/uploads\/sites\/4\/2021\/04\/cropped-LOGO-NSIP.png","contentUrl":"https:\/\/szkolydoktorskie.uwb.edu.pl\/nsip\/wp-content\/uploads\/sites\/4\/2021\/04\/cropped-LOGO-NSIP.png","width":705,"height":188,"caption":"Szko\u0142a Doktorska Nauk \u015acis\u0142ych i Przyrodniczych UwB"},"image":{"@id":"https:\/\/szkolydoktorskie.uwb.edu.pl\/nsip\/#\/schema\/logo\/image\/"}}]}},"_links":{"self":[{"href":"https:\/\/szkolydoktorskie.uwb.edu.pl\/nsip\/wp-json\/wp\/v2\/pages\/1845","targetHints":{"allow":["GET"]}}],"collection":[{"href":"https:\/\/szkolydoktorskie.uwb.edu.pl\/nsip\/wp-json\/wp\/v2\/pages"}],"about":[{"href":"https:\/\/szkolydoktorskie.uwb.edu.pl\/nsip\/wp-json\/wp\/v2\/types\/page"}],"author":[{"embeddable":true,"href":"https:\/\/szkolydoktorskie.uwb.edu.pl\/nsip\/wp-json\/wp\/v2\/users\/14"}],"replies":[{"embeddable":true,"href":"https:\/\/szkolydoktorskie.uwb.edu.pl\/nsip\/wp-json\/wp\/v2\/comments?post=1845"}],"version-history":[{"count":20,"href":"https:\/\/szkolydoktorskie.uwb.edu.pl\/nsip\/wp-json\/wp\/v2\/pages\/1845\/revisions"}],"predecessor-version":[{"id":2317,"href":"https:\/\/szkolydoktorskie.uwb.edu.pl\/nsip\/wp-json\/wp\/v2\/pages\/1845\/revisions\/2317"}],"wp:attachment":[{"href":"https:\/\/szkolydoktorskie.uwb.edu.pl\/nsip\/wp-json\/wp\/v2\/media?parent=1845"}],"curies":[{"name":"wp","href":"https:\/\/api.w.org\/{rel}","templated":true}]}}