{"id":1752,"date":"2022-12-28T11:08:12","date_gmt":"2022-12-28T10:08:12","guid":{"rendered":"https:\/\/szkolydoktorskie.uwb.edu.pl\/nsip\/?page_id=1752"},"modified":"2023-09-25T09:48:09","modified_gmt":"2023-09-25T07:48:09","slug":"mgr-edyta-zuk-kempa","status":"publish","type":"page","link":"https:\/\/szkolydoktorskie.uwb.edu.pl\/nsip\/mgr-edyta-zuk-kempa\/","title":{"rendered":"mgr Edyta \u017buk-Kempa"},"content":{"rendered":"\n<figure class=\"wp-block-image size-full is-resized\"><img loading=\"lazy\" decoding=\"async\" src=\"https:\/\/szkolydoktorskie.uwb.edu.pl\/nsip\/wp-content\/uploads\/sites\/4\/2022\/12\/obraz-8.png\" alt=\"\" class=\"wp-image-1753\" style=\"width:322px;height:413px\" width=\"322\" height=\"413\" srcset=\"https:\/\/szkolydoktorskie.uwb.edu.pl\/nsip\/wp-content\/uploads\/sites\/4\/2022\/12\/obraz-8.png 700w, https:\/\/szkolydoktorskie.uwb.edu.pl\/nsip\/wp-content\/uploads\/sites\/4\/2022\/12\/obraz-8-234x300.png 234w\" sizes=\"auto, (max-width: 322px) 100vw, 322px\" \/><\/figure>\n\n\n\n<figure class=\"wp-block-table\"><table><tbody><tr><td><strong>E-mail<\/strong><\/td><td>ezuk@uwb.edu.pl<\/td><\/tr><tr><td><strong>Kod ORCID<\/strong><\/td><td>0000-0003-4199-3216<\/td><\/tr><tr><td><strong>Temat rozprawy doktorskiej<\/strong><\/td><td>Zmiany ro\u015blinno\u015bci Pojezierza Mazurskiego podczas holocenu na tle kr\u00f3tkotrwa\u0142ych oscylacji klimatycznych.<\/td><\/tr><tr><td><strong>Promotor<\/strong><\/td><td>Prof. dr hab. Miros\u0142awa Kupryjanowicz<\/td><\/tr><tr><td><strong>Promotor pomocniczy<\/strong><\/td><td>Dr Magdalena Fi\u0142oc<\/td><\/tr><tr><td><strong>Wydzia\u0142 \/Katedra\/Zak\u0142ad<\/strong><\/td><td>Wydzia\u0142 Biologii, Katedra Paleobiologii<\/td><\/tr><tr><td><strong>Dzia\u0142alno\u015b\u0107 naukowo-badawcza<\/strong><\/td><td><\/td><\/tr><tr><td><strong>A.&nbsp;&nbsp;&nbsp;&nbsp;Publikacje naukowe<\/strong><\/td><td>&nbsp;<\/td><\/tr><tr><td><strong>A1. Artyku\u0142y naukowe w czasopismach<\/strong><\/td><td>Kupryjanowicz M., Fi\u0142oc M., <strong>\u017buk-Kempa E<\/strong>., \u017barski M., <em>Are several profiles better than one? Multi-profile palynological study of the Eemian lacustrine sediments at the Wola Starogrodzka site (Garwolin Plain, Central Poland), <\/em>Acta Geologica Polonica, Vol.73 (2023), No. 3 pp. 411-431 [100 pkt IF = 1,1]<\/td><\/tr><tr><td><strong>A2. Monografie naukowe\/rozdzia\u0142y w monografiach<\/strong><\/td><td><\/td><\/tr><tr><td><strong>B. Konferencje naukowe<\/strong><\/td><td><strong>XIII Sesja Paleolimnologiczna<\/strong> \u201eEkosystemy jeziorno-torfowiskowe: jeszcze naturalne czy ju\u017c antropologiczne?\u201d, krajowa, Wydzia\u0142 Nauk Geograficznych Uniwersytetu Kazimierza Wielkiego w Bydgoszczy, Bydgoszcz, 23-24.03.2023. Komunikat: <strong>Edyta \u017buk-Kempa<\/strong>, Magdalena Fi\u0142oc, Miros\u0142awa Kupryjanowicz: W poszukiwaniu zapisu \u015br\u00f3dholoce\u0144skich ch\u0142odnych oscylacji klimatycznych w osadach jeziora Bocznego (Kraina Wielkich Jezior Mazurskich).<br>\u00a0<br>\u00a0\u00a0<br><strong>XVI Kopernika\u0144skie Seminarium Doktoranckie<\/strong>, krajowa, Uniwersytet Miko\u0142aja Kopernika w Toruniu, Wydzia\u0142 Chemii, Toru\u0144, 29-30.06.2023, poster<strong>: \u00a0Edyta \u017buk-Kempa<\/strong>, Magdalena Fi\u0142oc,\u00a0 Miros\u0142awa Kupryjanowicz: Zapis \u015br\u00f3dholoce\u0144skich ch\u0142odnych oscylacji klimatycznych w osadach jeziora Bocznego (Kraina wielkich Jezior Mazurskich)<br>\u00a0<br><strong>XXI Congres of the International Union for Quartenary Research \u201cTime for changes\u201d,<\/strong> mi\u0119dzynarodowa, zagraniczna, Sapienza University of Rome, Rzym, 13-20 07.2023, poster:<br>Magdalena Fi\u0142oc, Miros\u0142awa Kupryjanowicz, <strong><u>Edyta \u017buk-Kempa<\/u>,<\/strong> Marcin \u017barski: REVEALS-based reconstruction of changes in vegetation cover during the last interglacial \u2013 a case of the Wola Starogrodzka site, E Poland.<br>\u00a0<br>\u00a0<\/td><\/tr><tr><td><strong>C. Granty<\/strong><\/td><td>Grant NCN: Intra-Eemian climate oscillations. Reconstruction based on multi-proxy studies of the fossil lacustrine deposits of the Garwolin Plain (Central Poland), 2017\/27\/B\/ST10\/01905, prof. Irena Agnieszka Pidek, udzia\u0142 w grancie jako wykonawca w okresie: 1.10.2022-30.12.2022<\/td><\/tr><tr><td><strong>D. Zrealizowane sta\u017ce<\/strong><\/td><td><\/td><\/tr><tr><td><strong>E. Inne aktywno\u015bci\/osi\u0105gni\u0119cia naukowe<\/strong><\/td><td>\u00a0<br>Warsztaty popularyzuj\u0105ce wiedz\u0119 \u201eCo ukrywa dno jeziora\u201d podczas <strong>\u201eNocy Biolog\u00f3w\u201d<\/strong> 13.01.2023, Wydzia\u0142 Biologii UwB<br>\u00a0<br>Warsztaty popularyzuj\u0105ce wiedz\u0119 \u201dZiarna py\u0142ku \u2013 jak i gdzie wykorzystywane s\u0105 przez cz\u0142owieka\u201d podczas <strong>XIX Podlaskiego Festiwalu Nauki i Sztuki<\/strong>, 16.05.2023, Wydzia\u0142 Biologii UwB<br>\u00a0<br>Pokazy popularyzuj\u0105cych wiedz\u0119 z zakresu palinologii (jako reprezentacja UwB) podczas 26 Pikniku Naukowego Polskiego Radia i Centrum Nauki Kopernik, Stadion Narodowy, Warszawa, 27.05.2023<\/td><\/tr><tr><td><strong>Inna aktywno\u015b\u0107, np. organizacyjna<\/strong><\/td><td><\/td><\/tr><\/tbody><\/table><\/figure>\n","protected":false},"excerpt":{"rendered":"<p>E-mail ezuk@uwb.edu.pl Kod ORCID 0000-0003-4199-3216 Temat rozprawy doktorskiej Zmiany ro\u015blinno\u015bci Pojezierza Mazurskiego podczas holocenu na tle kr\u00f3tkotrwa\u0142ych oscylacji klimatycznych. Promotor Prof. dr hab. Miros\u0142awa Kupryjanowicz Promotor pomocniczy Dr Magdalena Fi\u0142oc&hellip;<\/p>\n","protected":false},"author":14,"featured_media":0,"parent":0,"menu_order":0,"comment_status":"closed","ping_status":"closed","template":"","meta":{"footnotes":""},"class_list":["post-1752","page","type-page","status-publish","hentry"],"yoast_head":"<!-- This site is optimized with the Yoast SEO plugin v27.3 - https:\/\/yoast.com\/product\/yoast-seo-wordpress\/ -->\n<title>mgr Edyta \u017buk-Kempa - Szko\u0142a Doktorska Nauk \u015acis\u0142ych i Przyrodniczych UwB<\/title>\n<meta name=\"robots\" content=\"index, follow, max-snippet:-1, max-image-preview:large, max-video-preview:-1\" \/>\n<link rel=\"canonical\" href=\"https:\/\/szkolydoktorskie.uwb.edu.pl\/nsip\/mgr-edyta-zuk-kempa\/\" \/>\n<meta property=\"og:locale\" content=\"pl_PL\" \/>\n<meta property=\"og:type\" content=\"article\" \/>\n<meta property=\"og:title\" content=\"mgr Edyta \u017buk-Kempa - Szko\u0142a Doktorska Nauk \u015acis\u0142ych i Przyrodniczych UwB\" \/>\n<meta property=\"og:description\" content=\"E-mail ezuk@uwb.edu.pl Kod ORCID 0000-0003-4199-3216 Temat rozprawy doktorskiej Zmiany ro\u015blinno\u015bci Pojezierza Mazurskiego podczas holocenu na tle kr\u00f3tkotrwa\u0142ych oscylacji klimatycznych. Promotor Prof. dr hab. Miros\u0142awa Kupryjanowicz Promotor pomocniczy Dr Magdalena Fi\u0142oc&hellip;\" \/>\n<meta property=\"og:url\" content=\"https:\/\/szkolydoktorskie.uwb.edu.pl\/nsip\/mgr-edyta-zuk-kempa\/\" \/>\n<meta property=\"og:site_name\" content=\"Szko\u0142a Doktorska Nauk \u015acis\u0142ych i Przyrodniczych UwB\" \/>\n<meta property=\"article:modified_time\" content=\"2023-09-25T07:48:09+00:00\" \/>\n<meta property=\"og:image\" content=\"https:\/\/szkolydoktorskie.uwb.edu.pl\/nsip\/wp-content\/uploads\/sites\/4\/2022\/12\/obraz-8.png\" \/>\n<meta name=\"twitter:card\" content=\"summary_large_image\" \/>\n<meta name=\"twitter:label1\" content=\"Szacowany czas czytania\" \/>\n\t<meta name=\"twitter:data1\" content=\"1 minuta\" \/>\n<script type=\"application\/ld+json\" class=\"yoast-schema-graph\">{\"@context\":\"https:\\\/\\\/schema.org\",\"@graph\":[{\"@type\":\"WebPage\",\"@id\":\"https:\\\/\\\/szkolydoktorskie.uwb.edu.pl\\\/nsip\\\/mgr-edyta-zuk-kempa\\\/\",\"url\":\"https:\\\/\\\/szkolydoktorskie.uwb.edu.pl\\\/nsip\\\/mgr-edyta-zuk-kempa\\\/\",\"name\":\"mgr Edyta \u017buk-Kempa - Szko\u0142a Doktorska Nauk \u015acis\u0142ych i Przyrodniczych UwB\",\"isPartOf\":{\"@id\":\"https:\\\/\\\/szkolydoktorskie.uwb.edu.pl\\\/nsip\\\/#website\"},\"primaryImageOfPage\":{\"@id\":\"https:\\\/\\\/szkolydoktorskie.uwb.edu.pl\\\/nsip\\\/mgr-edyta-zuk-kempa\\\/#primaryimage\"},\"image\":{\"@id\":\"https:\\\/\\\/szkolydoktorskie.uwb.edu.pl\\\/nsip\\\/mgr-edyta-zuk-kempa\\\/#primaryimage\"},\"thumbnailUrl\":\"https:\\\/\\\/szkolydoktorskie.uwb.edu.pl\\\/nsip\\\/wp-content\\\/uploads\\\/sites\\\/4\\\/2022\\\/12\\\/obraz-8.png\",\"datePublished\":\"2022-12-28T10:08:12+00:00\",\"dateModified\":\"2023-09-25T07:48:09+00:00\",\"breadcrumb\":{\"@id\":\"https:\\\/\\\/szkolydoktorskie.uwb.edu.pl\\\/nsip\\\/mgr-edyta-zuk-kempa\\\/#breadcrumb\"},\"inLanguage\":\"pl-PL\",\"potentialAction\":[{\"@type\":\"ReadAction\",\"target\":[\"https:\\\/\\\/szkolydoktorskie.uwb.edu.pl\\\/nsip\\\/mgr-edyta-zuk-kempa\\\/\"]}]},{\"@type\":\"ImageObject\",\"inLanguage\":\"pl-PL\",\"@id\":\"https:\\\/\\\/szkolydoktorskie.uwb.edu.pl\\\/nsip\\\/mgr-edyta-zuk-kempa\\\/#primaryimage\",\"url\":\"https:\\\/\\\/szkolydoktorskie.uwb.edu.pl\\\/nsip\\\/wp-content\\\/uploads\\\/sites\\\/4\\\/2022\\\/12\\\/obraz-8.png\",\"contentUrl\":\"https:\\\/\\\/szkolydoktorskie.uwb.edu.pl\\\/nsip\\\/wp-content\\\/uploads\\\/sites\\\/4\\\/2022\\\/12\\\/obraz-8.png\",\"width\":700,\"height\":899},{\"@type\":\"BreadcrumbList\",\"@id\":\"https:\\\/\\\/szkolydoktorskie.uwb.edu.pl\\\/nsip\\\/mgr-edyta-zuk-kempa\\\/#breadcrumb\",\"itemListElement\":[{\"@type\":\"ListItem\",\"position\":1,\"name\":\"Strona g\u0142\u00f3wna\",\"item\":\"https:\\\/\\\/szkolydoktorskie.uwb.edu.pl\\\/nsip\\\/\"},{\"@type\":\"ListItem\",\"position\":2,\"name\":\"mgr Edyta \u017buk-Kempa\"}]},{\"@type\":\"WebSite\",\"@id\":\"https:\\\/\\\/szkolydoktorskie.uwb.edu.pl\\\/nsip\\\/#website\",\"url\":\"https:\\\/\\\/szkolydoktorskie.uwb.edu.pl\\\/nsip\\\/\",\"name\":\"Szko\u0142a Doktorska Nauk \u015acis\u0142ych i Przyrodniczych UwB\",\"description\":\"Szko\u0142a Doktorska Nauk \u015acis\u0142ych i Przyrodniczych UwB\",\"publisher\":{\"@id\":\"https:\\\/\\\/szkolydoktorskie.uwb.edu.pl\\\/nsip\\\/#organization\"},\"potentialAction\":[{\"@type\":\"SearchAction\",\"target\":{\"@type\":\"EntryPoint\",\"urlTemplate\":\"https:\\\/\\\/szkolydoktorskie.uwb.edu.pl\\\/nsip\\\/?s={search_term_string}\"},\"query-input\":{\"@type\":\"PropertyValueSpecification\",\"valueRequired\":true,\"valueName\":\"search_term_string\"}}],\"inLanguage\":\"pl-PL\"},{\"@type\":\"Organization\",\"@id\":\"https:\\\/\\\/szkolydoktorskie.uwb.edu.pl\\\/nsip\\\/#organization\",\"name\":\"Szko\u0142a Doktorska Nauk \u015acis\u0142ych i Przyrodniczych UwB\",\"url\":\"https:\\\/\\\/szkolydoktorskie.uwb.edu.pl\\\/nsip\\\/\",\"logo\":{\"@type\":\"ImageObject\",\"inLanguage\":\"pl-PL\",\"@id\":\"https:\\\/\\\/szkolydoktorskie.uwb.edu.pl\\\/nsip\\\/#\\\/schema\\\/logo\\\/image\\\/\",\"url\":\"https:\\\/\\\/szkolydoktorskie.uwb.edu.pl\\\/nsip\\\/wp-content\\\/uploads\\\/sites\\\/4\\\/2021\\\/04\\\/cropped-LOGO-NSIP.png\",\"contentUrl\":\"https:\\\/\\\/szkolydoktorskie.uwb.edu.pl\\\/nsip\\\/wp-content\\\/uploads\\\/sites\\\/4\\\/2021\\\/04\\\/cropped-LOGO-NSIP.png\",\"width\":705,\"height\":188,\"caption\":\"Szko\u0142a Doktorska Nauk \u015acis\u0142ych i Przyrodniczych UwB\"},\"image\":{\"@id\":\"https:\\\/\\\/szkolydoktorskie.uwb.edu.pl\\\/nsip\\\/#\\\/schema\\\/logo\\\/image\\\/\"}}]}<\/script>\n<!-- \/ Yoast SEO plugin. -->","yoast_head_json":{"title":"mgr Edyta \u017buk-Kempa - Szko\u0142a Doktorska Nauk \u015acis\u0142ych i Przyrodniczych UwB","robots":{"index":"index","follow":"follow","max-snippet":"max-snippet:-1","max-image-preview":"max-image-preview:large","max-video-preview":"max-video-preview:-1"},"canonical":"https:\/\/szkolydoktorskie.uwb.edu.pl\/nsip\/mgr-edyta-zuk-kempa\/","og_locale":"pl_PL","og_type":"article","og_title":"mgr Edyta \u017buk-Kempa - Szko\u0142a Doktorska Nauk \u015acis\u0142ych i Przyrodniczych UwB","og_description":"E-mail ezuk@uwb.edu.pl Kod ORCID 0000-0003-4199-3216 Temat rozprawy doktorskiej Zmiany ro\u015blinno\u015bci Pojezierza Mazurskiego podczas holocenu na tle kr\u00f3tkotrwa\u0142ych oscylacji klimatycznych. Promotor Prof. dr hab. Miros\u0142awa Kupryjanowicz Promotor pomocniczy Dr Magdalena Fi\u0142oc&hellip;","og_url":"https:\/\/szkolydoktorskie.uwb.edu.pl\/nsip\/mgr-edyta-zuk-kempa\/","og_site_name":"Szko\u0142a Doktorska Nauk \u015acis\u0142ych i Przyrodniczych UwB","article_modified_time":"2023-09-25T07:48:09+00:00","og_image":[{"url":"https:\/\/szkolydoktorskie.uwb.edu.pl\/nsip\/wp-content\/uploads\/sites\/4\/2022\/12\/obraz-8.png","type":"","width":"","height":""}],"twitter_card":"summary_large_image","twitter_misc":{"Szacowany czas czytania":"1 minuta"},"schema":{"@context":"https:\/\/schema.org","@graph":[{"@type":"WebPage","@id":"https:\/\/szkolydoktorskie.uwb.edu.pl\/nsip\/mgr-edyta-zuk-kempa\/","url":"https:\/\/szkolydoktorskie.uwb.edu.pl\/nsip\/mgr-edyta-zuk-kempa\/","name":"mgr Edyta \u017buk-Kempa - Szko\u0142a Doktorska Nauk \u015acis\u0142ych i Przyrodniczych UwB","isPartOf":{"@id":"https:\/\/szkolydoktorskie.uwb.edu.pl\/nsip\/#website"},"primaryImageOfPage":{"@id":"https:\/\/szkolydoktorskie.uwb.edu.pl\/nsip\/mgr-edyta-zuk-kempa\/#primaryimage"},"image":{"@id":"https:\/\/szkolydoktorskie.uwb.edu.pl\/nsip\/mgr-edyta-zuk-kempa\/#primaryimage"},"thumbnailUrl":"https:\/\/szkolydoktorskie.uwb.edu.pl\/nsip\/wp-content\/uploads\/sites\/4\/2022\/12\/obraz-8.png","datePublished":"2022-12-28T10:08:12+00:00","dateModified":"2023-09-25T07:48:09+00:00","breadcrumb":{"@id":"https:\/\/szkolydoktorskie.uwb.edu.pl\/nsip\/mgr-edyta-zuk-kempa\/#breadcrumb"},"inLanguage":"pl-PL","potentialAction":[{"@type":"ReadAction","target":["https:\/\/szkolydoktorskie.uwb.edu.pl\/nsip\/mgr-edyta-zuk-kempa\/"]}]},{"@type":"ImageObject","inLanguage":"pl-PL","@id":"https:\/\/szkolydoktorskie.uwb.edu.pl\/nsip\/mgr-edyta-zuk-kempa\/#primaryimage","url":"https:\/\/szkolydoktorskie.uwb.edu.pl\/nsip\/wp-content\/uploads\/sites\/4\/2022\/12\/obraz-8.png","contentUrl":"https:\/\/szkolydoktorskie.uwb.edu.pl\/nsip\/wp-content\/uploads\/sites\/4\/2022\/12\/obraz-8.png","width":700,"height":899},{"@type":"BreadcrumbList","@id":"https:\/\/szkolydoktorskie.uwb.edu.pl\/nsip\/mgr-edyta-zuk-kempa\/#breadcrumb","itemListElement":[{"@type":"ListItem","position":1,"name":"Strona g\u0142\u00f3wna","item":"https:\/\/szkolydoktorskie.uwb.edu.pl\/nsip\/"},{"@type":"ListItem","position":2,"name":"mgr Edyta \u017buk-Kempa"}]},{"@type":"WebSite","@id":"https:\/\/szkolydoktorskie.uwb.edu.pl\/nsip\/#website","url":"https:\/\/szkolydoktorskie.uwb.edu.pl\/nsip\/","name":"Szko\u0142a Doktorska Nauk \u015acis\u0142ych i Przyrodniczych UwB","description":"Szko\u0142a Doktorska Nauk \u015acis\u0142ych i Przyrodniczych UwB","publisher":{"@id":"https:\/\/szkolydoktorskie.uwb.edu.pl\/nsip\/#organization"},"potentialAction":[{"@type":"SearchAction","target":{"@type":"EntryPoint","urlTemplate":"https:\/\/szkolydoktorskie.uwb.edu.pl\/nsip\/?s={search_term_string}"},"query-input":{"@type":"PropertyValueSpecification","valueRequired":true,"valueName":"search_term_string"}}],"inLanguage":"pl-PL"},{"@type":"Organization","@id":"https:\/\/szkolydoktorskie.uwb.edu.pl\/nsip\/#organization","name":"Szko\u0142a Doktorska Nauk \u015acis\u0142ych i Przyrodniczych UwB","url":"https:\/\/szkolydoktorskie.uwb.edu.pl\/nsip\/","logo":{"@type":"ImageObject","inLanguage":"pl-PL","@id":"https:\/\/szkolydoktorskie.uwb.edu.pl\/nsip\/#\/schema\/logo\/image\/","url":"https:\/\/szkolydoktorskie.uwb.edu.pl\/nsip\/wp-content\/uploads\/sites\/4\/2021\/04\/cropped-LOGO-NSIP.png","contentUrl":"https:\/\/szkolydoktorskie.uwb.edu.pl\/nsip\/wp-content\/uploads\/sites\/4\/2021\/04\/cropped-LOGO-NSIP.png","width":705,"height":188,"caption":"Szko\u0142a Doktorska Nauk \u015acis\u0142ych i Przyrodniczych UwB"},"image":{"@id":"https:\/\/szkolydoktorskie.uwb.edu.pl\/nsip\/#\/schema\/logo\/image\/"}}]}},"_links":{"self":[{"href":"https:\/\/szkolydoktorskie.uwb.edu.pl\/nsip\/wp-json\/wp\/v2\/pages\/1752","targetHints":{"allow":["GET"]}}],"collection":[{"href":"https:\/\/szkolydoktorskie.uwb.edu.pl\/nsip\/wp-json\/wp\/v2\/pages"}],"about":[{"href":"https:\/\/szkolydoktorskie.uwb.edu.pl\/nsip\/wp-json\/wp\/v2\/types\/page"}],"author":[{"embeddable":true,"href":"https:\/\/szkolydoktorskie.uwb.edu.pl\/nsip\/wp-json\/wp\/v2\/users\/14"}],"replies":[{"embeddable":true,"href":"https:\/\/szkolydoktorskie.uwb.edu.pl\/nsip\/wp-json\/wp\/v2\/comments?post=1752"}],"version-history":[{"count":2,"href":"https:\/\/szkolydoktorskie.uwb.edu.pl\/nsip\/wp-json\/wp\/v2\/pages\/1752\/revisions"}],"predecessor-version":[{"id":2654,"href":"https:\/\/szkolydoktorskie.uwb.edu.pl\/nsip\/wp-json\/wp\/v2\/pages\/1752\/revisions\/2654"}],"wp:attachment":[{"href":"https:\/\/szkolydoktorskie.uwb.edu.pl\/nsip\/wp-json\/wp\/v2\/media?parent=1752"}],"curies":[{"name":"wp","href":"https:\/\/api.w.org\/{rel}","templated":true}]}}