{"id":1683,"date":"2022-12-21T11:21:12","date_gmt":"2022-12-21T10:21:12","guid":{"rendered":"https:\/\/szkolydoktorskie.uwb.edu.pl\/nsip\/?page_id=1683"},"modified":"2024-06-11T12:54:06","modified_gmt":"2024-06-11T10:54:06","slug":"mgr-zuzanna-zielinska","status":"publish","type":"page","link":"https:\/\/szkolydoktorskie.uwb.edu.pl\/nsip\/mgr-zuzanna-zielinska\/","title":{"rendered":"mgr Zuzanna Zieli\u0144ska"},"content":{"rendered":"\n<figure class=\"wp-block-image size-large is-resized\"><img loading=\"lazy\" decoding=\"async\" width=\"769\" height=\"1024\" src=\"https:\/\/szkolydoktorskie.uwb.edu.pl\/nsip\/wp-content\/uploads\/sites\/4\/2022\/12\/obraz-6-769x1024.png\" alt=\"\" class=\"wp-image-1684\" style=\"width:281px;height:374px\" srcset=\"https:\/\/szkolydoktorskie.uwb.edu.pl\/nsip\/wp-content\/uploads\/sites\/4\/2022\/12\/obraz-6-769x1024.png 769w, https:\/\/szkolydoktorskie.uwb.edu.pl\/nsip\/wp-content\/uploads\/sites\/4\/2022\/12\/obraz-6-225x300.png 225w, https:\/\/szkolydoktorskie.uwb.edu.pl\/nsip\/wp-content\/uploads\/sites\/4\/2022\/12\/obraz-6-768x1022.png 768w, https:\/\/szkolydoktorskie.uwb.edu.pl\/nsip\/wp-content\/uploads\/sites\/4\/2022\/12\/obraz-6-1154x1536.png 1154w, https:\/\/szkolydoktorskie.uwb.edu.pl\/nsip\/wp-content\/uploads\/sites\/4\/2022\/12\/obraz-6-1539x2048.png 1539w\" sizes=\"auto, (max-width: 769px) 100vw, 769px\" \/><\/figure>\n\n\n\n<figure class=\"wp-block-table\"><table><tbody><tr><td><strong>E-mail<\/strong><\/td><td>z.zielinska@uwb.edu.pl<\/td><\/tr><tr><td><strong>Kod ORCID<\/strong><\/td><td>0000-0002-8515-9840<\/td><\/tr><tr><td><strong>Temat rozprawy doktorskiej<\/strong><\/td><td>U\u017cycie nowych metod analitycznych opartych na biosensorach SPRi w panelu diagnostycznym w chorobach neurodegeneracyjnych oraz onkologicznych.<\/td><\/tr><tr><td><strong>Promotor<\/strong><\/td><td>prof. dr. hab Ewa Gorodkiewicz<\/td><\/tr><tr><td><strong>Promotor pomocniczy<\/strong><\/td><td>&#8211;<\/td><\/tr><tr><td><strong>Wydzia\u0142 \/Katedra\/Zak\u0142ad<\/strong><\/td><td>Wydzia\u0142 Chemii, Katedra Chemii Fizycznej, Pracownia Bioanalizy<\/td><\/tr><tr><td><strong>Dzia\u0142alno\u015b\u0107 naukowo-badawcza<\/strong><\/td><td>Prowadz\u0119 badania wykorzystuj\u0105ce technik\u0119 Powierzchniowego Rezonansu Plazmon\u00f3w <br>w wersji Obrazowej. Zajmuj\u0119 si\u0119 r\u00f3wnie\u017c konstrukcj\u0105 biosensor\u00f3w czu\u0142ych na zwi\u0105zki, kt\u00f3re mog\u0105 by\u0107 potencjalnymi markerami danych jednostek chorobowych. Prowadz\u0119 ilo\u015bciowe oznaczenia potencjalnych biomarker\u00f3w w r\u00f3\u017cnorodnym materiale biologicznym.<\/td><\/tr><tr><td><strong>A.&nbsp;&nbsp;&nbsp;&nbsp;Publikacje naukowe<\/strong><\/td><td><\/td><\/tr><tr><td><strong>A1. Artyku\u0142y naukowe w czasopismach<\/strong><\/td><td><strong>Zieli\u0144ska Z<\/strong>., O\u0142dak \u0141., Gorodkiewicz E. \u201cMethods of PARP-1 Determination and its Importance in Living Organisms\u201d Protein &amp; Peptide Letters. 2022;29(6):496-504 [40pkt]<br><br><strong>Zieli\u0144ska Z.,<\/strong> O\u0142dak \u0141., Kacperczyk-Bartnik J., Koc-\u017b\u00f3rawska E., \u017b\u00f3rawski M., Laudanski P., Gorodkiewicz E. An Array SPRi Biosensor for the Determination on PARP-1 in Blood Plasma. Biomedicines. 2023, 17;11(2):602. Udzia\u0142 procentowy: 30%. [100pkt]<br><br>Za\u0142\u0119cka J., <strong>Zieli\u0144ska Z<\/strong>., O\u0142dak \u0141., Sakowicz A., Ma\u0144ka G., Kiecka M., Spaczy\u0144ski R., Piekarski P., Banaszewska B., Jakimiuk A., Issat T., M\u0142odawski J., Szubert M., Sieroszewski P., Raba G., Szczupak K., Kluz T., Kluza M., Pierzy\u0144ski P., Ciebiera M., Wojty\u0142a C., Lipa M., Warzecha D., Wielgo\u015b M., Cendrowski K., Gorodkiewicz E., Lauda\u0144ski, P. The SPRi determination of cathepsin L and S in plasma and peritoneal fluid of women with endometriosis. Advances in Medical Sciences, 2024, 69(2), 224-230. [100pkt]<br><br>Wr\u00f3bel M., <strong>Zieli\u0144ska Z<\/strong>., O\u0142dak \u0141., Kalicka A., Ma\u0144ka G., Kiecka M., Spaczy\u0144ski R.Z., Piekarski P., Banaszewska B., Jakimiuk\u00a0 A. Evaluation of Proteasome and Immunoproteasome Levels in Plasma and Peritoneal Fluid in Patients with Endometriosis. International Journal of Molecular Sciences 2023, 24, 14363. [140pkt]<br><br>Oldak L., <strong>Zielinska Z<\/strong>., Socha K., Bogdan S., Gorodkiewicz E. Phospho-Tau 181 quantification method for Alzheimer&#8217;s disease based on an array 2D biosensor combined with surface plasmon resonance imaging. Talanta. 2024 May 1;271:125736. [100pkt]<br><br>Oldak L., <strong>Zielinska Z.,<\/strong> Milewska P., Chludzinska-Kasperuk S., Latoch E., Kono\u0144czuk K., Krawczuk-Rybak M., Starosz A., Grubczak K., Resze\u0107 J., Gorodkiewicz E. Changes in the Concentrations of Proangiogenic Cytokines in Human Brain Glioma and Acute Lymphoblastic Leukemia. Int J Mol Sci. 2024 Feb 23;25(5):2586. [140pkt]<\/td><\/tr><tr><td><strong>A2. Monografie naukowe\/rozdzia\u0142y w monografiach<\/strong><\/td><td><strong>Zieli\u0144ska Z.<\/strong>, O\u0142dak \u0141., Gorodkiewicz E. \u201ePARP-1 metody oznacze\u0144 i jego znaczenie w diagnostyce\u201d<br>&#8222;Wybrane aspekty stanu zdrowia os\u00f3b mieszkaj\u0105cych na terenie Polski &#8211; przegl\u0105d i badania\u201d, 2021;Tom 3, 140-147<\/td><\/tr><tr><td><strong>B. Konferencje naukowe<\/strong><\/td><td>22.07.2021 &#8211; III Og\u00f3lnopolska Konferencja Naukowa \u201eWyzwania i problemy nauk biomedycznych\u201d \u2013 \u201eOznaczanie katepsyny G w \u015blinie z u\u017cyciem biosensora SPRi\u201d<br><br>26.02.2022 &#8211; XII Og\u00f3lnopolska Konferencja Post\u0119py w Badaniach Biomedycznych \u2013 \u201eWykorzystanie biosensor\u00f3w SPRi do ilo\u015bciowych oznacze\u0144 proteasomu i immunoproteasomu 20S w pr\u00f3bkach osocza i p\u0142ynu otrzewnowego\u201d.<br><br>25-25.06.2022 &#8211; VII Konferencja \u201eZwi\u0105zki biologicznie czynne: aktywno\u015b\u0107, struktura, synteza\u201d &#8211; \u201eWykorzystanie biosensor\u00f3w SPRi do ilo\u015bciowych oznacze\u0144 proteasomu i immunoproteasomu 20S w pr\u00f3bkach osocza i p\u0142ynu otrzewnowego\u201d. \u2013 kontynuacja bada\u0144.<br><br>29.06-3.07.2022 &#8211; Zjazd Letni Sekcji M\u0142odych Polskiego Towarzystwa Chemicznego 2022 &#8211; \u201eWykorzystanie biosensor\u00f3w SPRi do ilo\u015bciowych oznacze\u0144 proteasomu i immunoproteasomu 20S w pr\u00f3bkach osocza i p\u0142ynu otrzewnowego\u201d. \u2013 zako\u0144czenie bada\u0144.<br><br>4.03.2023 &#8211; XIV Og\u00f3lnopolska Konferencja Post\u0119py w Badaniach Biomedycznych &#8211; \u201eKonstrukcja biosensora SPRi czu\u0142ego na bia\u0142ko PARP-1 do oznacze\u0144 ilo\u015bciowych w osoczu krwi.\u201d<br><br>21.04.2023 &#8211; 1<sup>st<\/sup> International Conference for young Scientists &#8222;Biomarkers of Civilization Diseases\u201d, konferencja mi\u0119dzynarodowa, Uniwersytet Medyczny w Bia\u0142ymstoku &#8211; \u201eConstruction of the SPRi biosensor sensitive to the PARP-1 protein for quantitative determinations in blood plasma\u201d.<br><br>18-19.05.2023 &#8211; X \u0141\u00f3dzkie Sympozjum Doktorant\u00f3w Chemii, konferencja krajowa, Wydzia\u0142 Chemii Uniwersytetu \u0141\u00f3dzkiego \u2013 \u201e\u201eNowa metoda analityczna do oznacze\u0144 bia\u0142ka PARP-1 oparta na biosensorze SPRi.\u201d<br><br>11-13.09.2023 \u2013 Konwersatorium Spektrometrii Atomowej Bia\u0142ystok \u2013 poster: \u201eWykorzystanie Spektrometrii Rezonansu Plazmon\u00f3w w konstrukcji biosensora czu\u0142ego na HIF-1\u03b1.\u201d<br><br>9.03.2024 &#8211; XV Og\u00f3lnopolska Konferencja Post\u0119py w Badaniach Biomedycznych &#8211; \u201eOznaczenia ilo\u015bciowe proteasomu, immunoproteasomu, katepsyny S i katepsyny L jako potencjalnych biomarker\u00f3w endometriozy przy u\u017cyciu biosensor\u00f3w SPRi\u201d<br><br>26.04.2024 \u2013 2<sup>nd<\/sup> International Conference for young Scientists &#8222;Biomarkers of Civilization Diseases\u201d, konferencja mi\u0119dzynarodowa, Uniwersytet Medyczny w Bia\u0142ymstoku \u2013 \u201cAnalysis of the levels of proteasome, immunoproteasome, cathepsin S and L &#8211; potential biomarkers of endometriosis using SPRi biosensors\u201d.<\/td><\/tr><tr><td><strong>C. Granty<\/strong><\/td><td><\/td><\/tr><tr><td><strong>D. Zrealizowane sta\u017ce<\/strong><\/td><td>Sta\u017c naukowy w Zak\u0142adzie Laboratoryjnej Diagnostyki Pediatrycznej Uniwersytetu Medycznego w Bia\u0142ymstoku.<\/td><\/tr><tr><td><strong>E. Inne aktywno\u015bci\/osi\u0105gni\u0119cia naukowe<\/strong><\/td><td>2 miejsce za wyst\u0105pienie ustne na XIV Og\u00f3lnopolska Konferencja Post\u0119py w Badaniach Biomedycznych &#8211; \u201eKonstrukcja biosensora SPRi czu\u0142ego na bia\u0142ko PARP-1 do oznacze\u0144 ilo\u015bciowych w osoczu krwi.\u201d \u2013 4.03.2023<br><br>1 miejsce za wyst\u0105pienie ustne na konferencji 1<sup>st<\/sup> International Conference for young Scientists &#8222;Biomarkers of Civilization Diseases\u201d, konferencja mi\u0119dzynarodowa, Uniwersytet Medyczny w Bia\u0142ymstoku &#8211; \u201eConstruction of the SPRi biosensor sensitive to the PARP-1 protein for quantitative determinations in blood plasma\u201d. \u2013 21.04.2023<br><br>Wyr\u00f3\u017cnienie wyst\u0105pienia ustnego: 2<sup>nd<\/sup> International Conference for young Scientists &#8222;Biomarkers of Civilization Diseases\u201d, konferencja mi\u0119dzynarodowa, Uniwersytet Medyczny w Bia\u0142ymstoku \u2013 \u201cAnalysis of the levels of proteasome, immunoproteasome, cathepsin S and L &#8211; potential biomarkers of endometriosis using SPRi biosensors\u201d. -26.04.2024 <br><br>Uczestnictwo w warsztatach KOSAT, organizowanych przez Altium International Sp. z o. o. pt. \u201eAnaliza wielopierwiastkowa w praktycznym uj\u0119ciu. Spektrometry ICP-MS i ICP-OES Agilent Technologies \u2013 mo\u017cliwo\u015bci programowania metod\u201d. \u2013 Bia\u0142ystok, 11.09.2023<br><br>Uczestnictwo w warsztatach Pro Environment pt. \u201ePot\u0119ga komory UCT \u2013 spos\u00f3b na usuni\u0119cie dowolnych interferencji i du\u017co wi\u0119cej\u201d. \u2013 Bia\u0142ystok, 12.09.2023<br><br>Uczestnictwo w warsztatach organizowanych przez firm\u0119 Air Liquide Polska Sp. z o. o.\u00a0 pt. \u201e Bezpiecze\u0144stwo w u\u017cytkowaniu butli z gazami sprz\u0119\u017conymi na przyk\u0142adzie gaz\u00f3w palnych, utleniaj\u0105cych, neutralnych\u201d. \u2013 Bia\u0142ystok, 13.09.2023<br><br>Szkolenie MERCK DAY \u201eOptymalizacja technik pracy z bia\u0142kami\u201d \u2013 Bia\u0142ystok, 24.04.2024<\/td><\/tr><tr><td><strong>Inna aktywno\u015b\u0107, np. organizacyjna<\/strong><\/td><td>Marzec-Maj 2022 Warsztaty organizowane przez Wydzia\u0142 Chemii z cyklu \u201eSpotkania z nauk\u0105\u201d w ramach Dni Otwartych.<br>&nbsp;<br>15.11.2023 \u2013 Popularyzacja nauki w ramach IV konkursu wiedzy o ochronie \u015brodowiska<\/td><\/tr><\/tbody><\/table><\/figure>\n","protected":false},"excerpt":{"rendered":"<p>E-mail z.zielinska@uwb.edu.pl Kod ORCID 0000-0002-8515-9840 Temat rozprawy doktorskiej U\u017cycie nowych metod analitycznych opartych na biosensorach SPRi w panelu diagnostycznym w chorobach neurodegeneracyjnych oraz onkologicznych. Promotor prof. dr. hab Ewa Gorodkiewicz&hellip;<\/p>\n","protected":false},"author":14,"featured_media":0,"parent":0,"menu_order":0,"comment_status":"closed","ping_status":"closed","template":"","meta":{"footnotes":""},"class_list":["post-1683","page","type-page","status-publish","hentry"],"yoast_head":"<!-- This site is optimized with the Yoast SEO plugin v27.5 - https:\/\/yoast.com\/product\/yoast-seo-wordpress\/ -->\n<title>mgr Zuzanna Zieli\u0144ska - Szko\u0142a Doktorska Nauk \u015acis\u0142ych i Przyrodniczych UwB<\/title>\n<meta name=\"robots\" content=\"index, follow, max-snippet:-1, max-image-preview:large, max-video-preview:-1\" \/>\n<link rel=\"canonical\" href=\"https:\/\/szkolydoktorskie.uwb.edu.pl\/nsip\/mgr-zuzanna-zielinska\/\" \/>\n<meta property=\"og:locale\" content=\"pl_PL\" \/>\n<meta property=\"og:type\" content=\"article\" \/>\n<meta property=\"og:title\" content=\"mgr Zuzanna Zieli\u0144ska - Szko\u0142a Doktorska Nauk \u015acis\u0142ych i Przyrodniczych UwB\" \/>\n<meta property=\"og:description\" content=\"E-mail z.zielinska@uwb.edu.pl Kod ORCID 0000-0002-8515-9840 Temat rozprawy doktorskiej U\u017cycie nowych metod analitycznych opartych na biosensorach SPRi w panelu diagnostycznym w chorobach neurodegeneracyjnych oraz onkologicznych. Promotor prof. dr. hab Ewa Gorodkiewicz&hellip;\" \/>\n<meta property=\"og:url\" content=\"https:\/\/szkolydoktorskie.uwb.edu.pl\/nsip\/mgr-zuzanna-zielinska\/\" \/>\n<meta property=\"og:site_name\" content=\"Szko\u0142a Doktorska Nauk \u015acis\u0142ych i Przyrodniczych UwB\" \/>\n<meta property=\"article:modified_time\" content=\"2024-06-11T10:54:06+00:00\" \/>\n<meta property=\"og:image\" content=\"https:\/\/szkolydoktorskie.uwb.edu.pl\/nsip\/wp-content\/uploads\/sites\/4\/2022\/12\/obraz-6-769x1024.png\" \/>\n<meta name=\"twitter:card\" content=\"summary_large_image\" \/>\n<meta name=\"twitter:label1\" content=\"Szacowany czas czytania\" \/>\n\t<meta name=\"twitter:data1\" content=\"6 minut\" \/>\n<script type=\"application\/ld+json\" class=\"yoast-schema-graph\">{\"@context\":\"https:\\\/\\\/schema.org\",\"@graph\":[{\"@type\":\"WebPage\",\"@id\":\"https:\\\/\\\/szkolydoktorskie.uwb.edu.pl\\\/nsip\\\/mgr-zuzanna-zielinska\\\/\",\"url\":\"https:\\\/\\\/szkolydoktorskie.uwb.edu.pl\\\/nsip\\\/mgr-zuzanna-zielinska\\\/\",\"name\":\"mgr Zuzanna Zieli\u0144ska - Szko\u0142a Doktorska Nauk \u015acis\u0142ych i Przyrodniczych UwB\",\"isPartOf\":{\"@id\":\"https:\\\/\\\/szkolydoktorskie.uwb.edu.pl\\\/nsip\\\/#website\"},\"primaryImageOfPage\":{\"@id\":\"https:\\\/\\\/szkolydoktorskie.uwb.edu.pl\\\/nsip\\\/mgr-zuzanna-zielinska\\\/#primaryimage\"},\"image\":{\"@id\":\"https:\\\/\\\/szkolydoktorskie.uwb.edu.pl\\\/nsip\\\/mgr-zuzanna-zielinska\\\/#primaryimage\"},\"thumbnailUrl\":\"https:\\\/\\\/szkolydoktorskie.uwb.edu.pl\\\/nsip\\\/wp-content\\\/uploads\\\/sites\\\/4\\\/2022\\\/12\\\/obraz-6-769x1024.png\",\"datePublished\":\"2022-12-21T10:21:12+00:00\",\"dateModified\":\"2024-06-11T10:54:06+00:00\",\"breadcrumb\":{\"@id\":\"https:\\\/\\\/szkolydoktorskie.uwb.edu.pl\\\/nsip\\\/mgr-zuzanna-zielinska\\\/#breadcrumb\"},\"inLanguage\":\"pl-PL\",\"potentialAction\":[{\"@type\":\"ReadAction\",\"target\":[\"https:\\\/\\\/szkolydoktorskie.uwb.edu.pl\\\/nsip\\\/mgr-zuzanna-zielinska\\\/\"]}]},{\"@type\":\"ImageObject\",\"inLanguage\":\"pl-PL\",\"@id\":\"https:\\\/\\\/szkolydoktorskie.uwb.edu.pl\\\/nsip\\\/mgr-zuzanna-zielinska\\\/#primaryimage\",\"url\":\"https:\\\/\\\/szkolydoktorskie.uwb.edu.pl\\\/nsip\\\/wp-content\\\/uploads\\\/sites\\\/4\\\/2022\\\/12\\\/obraz-6.png\",\"contentUrl\":\"https:\\\/\\\/szkolydoktorskie.uwb.edu.pl\\\/nsip\\\/wp-content\\\/uploads\\\/sites\\\/4\\\/2022\\\/12\\\/obraz-6.png\",\"width\":2320,\"height\":3088},{\"@type\":\"BreadcrumbList\",\"@id\":\"https:\\\/\\\/szkolydoktorskie.uwb.edu.pl\\\/nsip\\\/mgr-zuzanna-zielinska\\\/#breadcrumb\",\"itemListElement\":[{\"@type\":\"ListItem\",\"position\":1,\"name\":\"Strona g\u0142\u00f3wna\",\"item\":\"https:\\\/\\\/szkolydoktorskie.uwb.edu.pl\\\/nsip\\\/\"},{\"@type\":\"ListItem\",\"position\":2,\"name\":\"mgr Zuzanna Zieli\u0144ska\"}]},{\"@type\":\"WebSite\",\"@id\":\"https:\\\/\\\/szkolydoktorskie.uwb.edu.pl\\\/nsip\\\/#website\",\"url\":\"https:\\\/\\\/szkolydoktorskie.uwb.edu.pl\\\/nsip\\\/\",\"name\":\"Szko\u0142a Doktorska Nauk \u015acis\u0142ych i Przyrodniczych UwB\",\"description\":\"Szko\u0142a Doktorska Nauk \u015acis\u0142ych i Przyrodniczych UwB\",\"publisher\":{\"@id\":\"https:\\\/\\\/szkolydoktorskie.uwb.edu.pl\\\/nsip\\\/#organization\"},\"potentialAction\":[{\"@type\":\"SearchAction\",\"target\":{\"@type\":\"EntryPoint\",\"urlTemplate\":\"https:\\\/\\\/szkolydoktorskie.uwb.edu.pl\\\/nsip\\\/?s={search_term_string}\"},\"query-input\":{\"@type\":\"PropertyValueSpecification\",\"valueRequired\":true,\"valueName\":\"search_term_string\"}}],\"inLanguage\":\"pl-PL\"},{\"@type\":\"Organization\",\"@id\":\"https:\\\/\\\/szkolydoktorskie.uwb.edu.pl\\\/nsip\\\/#organization\",\"name\":\"Szko\u0142a Doktorska Nauk \u015acis\u0142ych i Przyrodniczych UwB\",\"url\":\"https:\\\/\\\/szkolydoktorskie.uwb.edu.pl\\\/nsip\\\/\",\"logo\":{\"@type\":\"ImageObject\",\"inLanguage\":\"pl-PL\",\"@id\":\"https:\\\/\\\/szkolydoktorskie.uwb.edu.pl\\\/nsip\\\/#\\\/schema\\\/logo\\\/image\\\/\",\"url\":\"https:\\\/\\\/szkolydoktorskie.uwb.edu.pl\\\/nsip\\\/wp-content\\\/uploads\\\/sites\\\/4\\\/2021\\\/04\\\/cropped-LOGO-NSIP.png\",\"contentUrl\":\"https:\\\/\\\/szkolydoktorskie.uwb.edu.pl\\\/nsip\\\/wp-content\\\/uploads\\\/sites\\\/4\\\/2021\\\/04\\\/cropped-LOGO-NSIP.png\",\"width\":705,\"height\":188,\"caption\":\"Szko\u0142a Doktorska Nauk \u015acis\u0142ych i Przyrodniczych UwB\"},\"image\":{\"@id\":\"https:\\\/\\\/szkolydoktorskie.uwb.edu.pl\\\/nsip\\\/#\\\/schema\\\/logo\\\/image\\\/\"}}]}<\/script>\n<!-- \/ Yoast SEO plugin. -->","yoast_head_json":{"title":"mgr Zuzanna Zieli\u0144ska - Szko\u0142a Doktorska Nauk \u015acis\u0142ych i Przyrodniczych UwB","robots":{"index":"index","follow":"follow","max-snippet":"max-snippet:-1","max-image-preview":"max-image-preview:large","max-video-preview":"max-video-preview:-1"},"canonical":"https:\/\/szkolydoktorskie.uwb.edu.pl\/nsip\/mgr-zuzanna-zielinska\/","og_locale":"pl_PL","og_type":"article","og_title":"mgr Zuzanna Zieli\u0144ska - Szko\u0142a Doktorska Nauk \u015acis\u0142ych i Przyrodniczych UwB","og_description":"E-mail z.zielinska@uwb.edu.pl Kod ORCID 0000-0002-8515-9840 Temat rozprawy doktorskiej U\u017cycie nowych metod analitycznych opartych na biosensorach SPRi w panelu diagnostycznym w chorobach neurodegeneracyjnych oraz onkologicznych. Promotor prof. dr. hab Ewa Gorodkiewicz&hellip;","og_url":"https:\/\/szkolydoktorskie.uwb.edu.pl\/nsip\/mgr-zuzanna-zielinska\/","og_site_name":"Szko\u0142a Doktorska Nauk \u015acis\u0142ych i Przyrodniczych UwB","article_modified_time":"2024-06-11T10:54:06+00:00","og_image":[{"url":"https:\/\/szkolydoktorskie.uwb.edu.pl\/nsip\/wp-content\/uploads\/sites\/4\/2022\/12\/obraz-6-769x1024.png","type":"","width":"","height":""}],"twitter_card":"summary_large_image","twitter_misc":{"Szacowany czas czytania":"6 minut"},"schema":{"@context":"https:\/\/schema.org","@graph":[{"@type":"WebPage","@id":"https:\/\/szkolydoktorskie.uwb.edu.pl\/nsip\/mgr-zuzanna-zielinska\/","url":"https:\/\/szkolydoktorskie.uwb.edu.pl\/nsip\/mgr-zuzanna-zielinska\/","name":"mgr Zuzanna Zieli\u0144ska - Szko\u0142a Doktorska Nauk \u015acis\u0142ych i Przyrodniczych UwB","isPartOf":{"@id":"https:\/\/szkolydoktorskie.uwb.edu.pl\/nsip\/#website"},"primaryImageOfPage":{"@id":"https:\/\/szkolydoktorskie.uwb.edu.pl\/nsip\/mgr-zuzanna-zielinska\/#primaryimage"},"image":{"@id":"https:\/\/szkolydoktorskie.uwb.edu.pl\/nsip\/mgr-zuzanna-zielinska\/#primaryimage"},"thumbnailUrl":"https:\/\/szkolydoktorskie.uwb.edu.pl\/nsip\/wp-content\/uploads\/sites\/4\/2022\/12\/obraz-6-769x1024.png","datePublished":"2022-12-21T10:21:12+00:00","dateModified":"2024-06-11T10:54:06+00:00","breadcrumb":{"@id":"https:\/\/szkolydoktorskie.uwb.edu.pl\/nsip\/mgr-zuzanna-zielinska\/#breadcrumb"},"inLanguage":"pl-PL","potentialAction":[{"@type":"ReadAction","target":["https:\/\/szkolydoktorskie.uwb.edu.pl\/nsip\/mgr-zuzanna-zielinska\/"]}]},{"@type":"ImageObject","inLanguage":"pl-PL","@id":"https:\/\/szkolydoktorskie.uwb.edu.pl\/nsip\/mgr-zuzanna-zielinska\/#primaryimage","url":"https:\/\/szkolydoktorskie.uwb.edu.pl\/nsip\/wp-content\/uploads\/sites\/4\/2022\/12\/obraz-6.png","contentUrl":"https:\/\/szkolydoktorskie.uwb.edu.pl\/nsip\/wp-content\/uploads\/sites\/4\/2022\/12\/obraz-6.png","width":2320,"height":3088},{"@type":"BreadcrumbList","@id":"https:\/\/szkolydoktorskie.uwb.edu.pl\/nsip\/mgr-zuzanna-zielinska\/#breadcrumb","itemListElement":[{"@type":"ListItem","position":1,"name":"Strona g\u0142\u00f3wna","item":"https:\/\/szkolydoktorskie.uwb.edu.pl\/nsip\/"},{"@type":"ListItem","position":2,"name":"mgr Zuzanna Zieli\u0144ska"}]},{"@type":"WebSite","@id":"https:\/\/szkolydoktorskie.uwb.edu.pl\/nsip\/#website","url":"https:\/\/szkolydoktorskie.uwb.edu.pl\/nsip\/","name":"Szko\u0142a Doktorska Nauk \u015acis\u0142ych i Przyrodniczych UwB","description":"Szko\u0142a Doktorska Nauk \u015acis\u0142ych i Przyrodniczych UwB","publisher":{"@id":"https:\/\/szkolydoktorskie.uwb.edu.pl\/nsip\/#organization"},"potentialAction":[{"@type":"SearchAction","target":{"@type":"EntryPoint","urlTemplate":"https:\/\/szkolydoktorskie.uwb.edu.pl\/nsip\/?s={search_term_string}"},"query-input":{"@type":"PropertyValueSpecification","valueRequired":true,"valueName":"search_term_string"}}],"inLanguage":"pl-PL"},{"@type":"Organization","@id":"https:\/\/szkolydoktorskie.uwb.edu.pl\/nsip\/#organization","name":"Szko\u0142a Doktorska Nauk \u015acis\u0142ych i Przyrodniczych UwB","url":"https:\/\/szkolydoktorskie.uwb.edu.pl\/nsip\/","logo":{"@type":"ImageObject","inLanguage":"pl-PL","@id":"https:\/\/szkolydoktorskie.uwb.edu.pl\/nsip\/#\/schema\/logo\/image\/","url":"https:\/\/szkolydoktorskie.uwb.edu.pl\/nsip\/wp-content\/uploads\/sites\/4\/2021\/04\/cropped-LOGO-NSIP.png","contentUrl":"https:\/\/szkolydoktorskie.uwb.edu.pl\/nsip\/wp-content\/uploads\/sites\/4\/2021\/04\/cropped-LOGO-NSIP.png","width":705,"height":188,"caption":"Szko\u0142a Doktorska Nauk \u015acis\u0142ych i Przyrodniczych UwB"},"image":{"@id":"https:\/\/szkolydoktorskie.uwb.edu.pl\/nsip\/#\/schema\/logo\/image\/"}}]}},"_links":{"self":[{"href":"https:\/\/szkolydoktorskie.uwb.edu.pl\/nsip\/wp-json\/wp\/v2\/pages\/1683","targetHints":{"allow":["GET"]}}],"collection":[{"href":"https:\/\/szkolydoktorskie.uwb.edu.pl\/nsip\/wp-json\/wp\/v2\/pages"}],"about":[{"href":"https:\/\/szkolydoktorskie.uwb.edu.pl\/nsip\/wp-json\/wp\/v2\/types\/page"}],"author":[{"embeddable":true,"href":"https:\/\/szkolydoktorskie.uwb.edu.pl\/nsip\/wp-json\/wp\/v2\/users\/14"}],"replies":[{"embeddable":true,"href":"https:\/\/szkolydoktorskie.uwb.edu.pl\/nsip\/wp-json\/wp\/v2\/comments?post=1683"}],"version-history":[{"count":23,"href":"https:\/\/szkolydoktorskie.uwb.edu.pl\/nsip\/wp-json\/wp\/v2\/pages\/1683\/revisions"}],"predecessor-version":[{"id":3142,"href":"https:\/\/szkolydoktorskie.uwb.edu.pl\/nsip\/wp-json\/wp\/v2\/pages\/1683\/revisions\/3142"}],"wp:attachment":[{"href":"https:\/\/szkolydoktorskie.uwb.edu.pl\/nsip\/wp-json\/wp\/v2\/media?parent=1683"}],"curies":[{"name":"wp","href":"https:\/\/api.w.org\/{rel}","templated":true}]}}