{"id":1671,"date":"2022-12-20T10:51:19","date_gmt":"2022-12-20T09:51:19","guid":{"rendered":"https:\/\/szkolydoktorskie.uwb.edu.pl\/nsip\/?page_id=1671"},"modified":"2024-06-04T14:12:21","modified_gmt":"2024-06-04T12:12:21","slug":"mgr-anna-wasilewska","status":"publish","type":"page","link":"https:\/\/szkolydoktorskie.uwb.edu.pl\/nsip\/mgr-anna-wasilewska\/","title":{"rendered":"mgr Anna Wasilewska"},"content":{"rendered":"\n<figure class=\"wp-block-image size-large is-resized\"><img loading=\"lazy\" decoding=\"async\" width=\"805\" height=\"1024\" src=\"https:\/\/szkolydoktorskie.uwb.edu.pl\/nsip\/wp-content\/uploads\/sites\/4\/2022\/12\/obraz-5-805x1024.png\" alt=\"\" class=\"wp-image-1672\" style=\"width:293px;height:372px\" srcset=\"https:\/\/szkolydoktorskie.uwb.edu.pl\/nsip\/wp-content\/uploads\/sites\/4\/2022\/12\/obraz-5-805x1024.png 805w, https:\/\/szkolydoktorskie.uwb.edu.pl\/nsip\/wp-content\/uploads\/sites\/4\/2022\/12\/obraz-5-236x300.png 236w, https:\/\/szkolydoktorskie.uwb.edu.pl\/nsip\/wp-content\/uploads\/sites\/4\/2022\/12\/obraz-5-768x977.png 768w, https:\/\/szkolydoktorskie.uwb.edu.pl\/nsip\/wp-content\/uploads\/sites\/4\/2022\/12\/obraz-5.png 935w\" sizes=\"auto, (max-width: 805px) 100vw, 805px\" \/><\/figure>\n\n\n\n<figure class=\"wp-block-table\"><table><tbody><tr><td><strong>E-mail<\/strong><\/td><td>a.wasilewska@uwb.edu.pl<\/td><\/tr><tr><td><strong>Kod ORCID<\/strong><\/td><td>0000-0001-8712-7482<\/td><\/tr><tr><td><strong>Temat rozprawy doktorskiej<\/strong><\/td><td>Syntezy nanomateria\u0142\u00f3w z wykorzystaniem element\u00f3w zielonej chemii<\/td><\/tr><tr><td><strong>Promotor<\/strong><\/td><td>dr hab. Beata Kalska-Szostko, prof. UwB<\/td><\/tr><tr><td><strong>Promotor pomocniczy<\/strong><\/td><td><\/td><\/tr><tr><td><strong>Wydzia\u0142 \/Katedra\/Zak\u0142ad<\/strong><\/td><td>Wydzia\u0142 Chemii, Katedra Chemii Fizycznej, Zak\u0142ad Chemii Materia\u0142\u00f3w<\/td><\/tr><tr><td><strong>Dzia\u0142alno\u015b\u0107 naukowo-badawcza<\/strong><\/td><td><\/td><\/tr><tr><td><strong>A.&nbsp;&nbsp;&nbsp;&nbsp;Publikacje naukowe<\/strong><\/td><td>\u00a0<strong>Wasilewska, A<\/strong>., Klekotka, U., Zambrzycka, M., Zambrowski, G., \u015awi\u0119cicka, I., &amp; Kalska-Szostko, B. (2023). Physico-chemical properties and antimicrobial activity of silver nanoparticles fabricated by green synthesis. Food Chemistry, 400, 133960. [200 pkt.]<br><br><strong>Wasilewska, A<\/strong>., Bielicka, M., Klekotka, U., &amp; Kalska-Szostko, B. (2023). Nanoparticle applications in food\u2013a review. Food &amp; Function, 14(6), 2544-2567. [100 pkt.]<br>Klekotka, U., Satu\u0142a, D., <br><strong>Wasilewska, A<\/strong>., &amp; Kalska-Szostko, B. (2023). Effect of dopant on the thermal stability of core-shell ferrite nanoparticles. Advanced Powder Technology, 34(10), 104192. [100 pkt.]<br><br>Kalska-Szostko, B., Bielicka, M., Maliszewska, J., Klekotka, U., <strong>Wasilewska, A<\/strong>., Zambrzycka-Szelewa, E., &amp; Satu\u0142a, D. (2024). Surface modified ferrite nanoparticles as efficient detectors of heavy metals in natural solutions. Environmental Nanotechnology, Monitoring &amp; Management, 100958. [140 pkt.]<\/td><\/tr><tr><td><strong>A1. Artyku\u0142y naukowe w czasopismach<\/strong><\/td><td><\/td><\/tr><tr><td><strong>A2. Monografie naukowe\/rozdzia\u0142y w monografiach<\/strong><\/td><td><\/td><\/tr><tr><td><strong>B. Konferencje naukowe<\/strong><\/td><td>23-24.04.2022r. IV Pomorskie Studenckie Sympozjum Chemiczne, poster: \u201e Przeciwbakteryjny potencja\u0142 nanocz\u0105stek srebra otrzymywanych metodami zielonej chemii\u201d<br>\u00a0<br>04.06.2022r. National Scientific Conference \u201eScience and Young Researchers\u201d \u2013 6th edition, poster: \u00a0\u201eAntimicrobial potential of silver nanoparticles synthesized by green chemistry\u201d<br>\u00a0<br>10-11.06.2022r. VI Konferencja M\u0142odych Chemik\u00f3w S\u0105dowych, poster: \u201eMikroskopia SEM i analiza pierwiastkowa EDX w badaniach materia\u0142\u00f3w\u201d<br>\u00a0<br>22.06-24.06.2022r. II Mi\u0119dzynarodowa Multidyscyplinarna Konferencja Doktorant\u00f3w Uniwersytetu Szczeci\u0144skiego MKDUS 2.0, referat: Przeciwbakteryjny potencja\u0142 nanocz\u0105stek srebra syntezowanych metod\u0105 \u201ezielonej chemii\u201d<br>\u00a0<br>30.11-4.12.2022r. XI Mi\u0119dzynarodowe Seminarium \u201eBadania prowadzone metodami STM\/AFM\u201d Zakopane , poster: \u201cStructural characterization and application of silver nanoparticles produced by green chemistry\u201d<br>\u00a0<br>15-17.05.2023r. 8<sup>th<\/sup> European Nanomanipulation Workskop Krak\u00f3w, poster: \u00a0Copper Nanoparticles And Their Lubricant Properties<br>\u00a0<br>18-19.05.2023r. X \u0141\u00f3dzkie Sympozjum Doktorant\u00f3w Chemii, poster: Nanocz\u0105stki miedzi i ich w\u0142a\u015bciwo\u015bci smarne.<br>\u00a0<br>28.05-1.06.2023r. International Conference Recent Achievements in Nanotechnology, poster: Development of a method of polymer modification with nanoparticles produced by green chemistry<br>\u00a0<br>14-16.06.2023r. Nano(&amp;)BioMateria\u0142y \u2013 od teorii do aplikacji, Toru\u0144, plakat: Metoda modyfikacji polimeru nanocz\u0105stkami miedzi wytworzonymi metod\u0105 zielonej chemii.<br>\u00a0<br>11-13.09.2023r. Konwersatorium Spektrometrii Atomowej, Bia\u0142ystok, poster: Nanocz\u0105stki ferryt\u00f3w jako detektory metali ci\u0119\u017ckich z roztwor\u00f3w wodnych<br>\u00a0<br>14-16.09.2023r. XI Konwersatorium Chemii Medycznej w Lublinie, poster: Nanotechnology towards green chemistry &#8211; plant extract as a<br>reducer and stabilizer of copper nanoparticles<br><br>29.11-3.12.2023r. XII Workshop on Applications of Scanning Probe Microscopy \u2013 STM\/AFM 2023, poster: Metallic nanoparticles produced by \u201cgreen chemistry\u201d and their antimicrobial potential<br>\u00a0<br>16-17.05.2024r. XI \u0141\u00f3dzkie Sympozjum Doktorant\u00f3w Chemii, referat:<br>Nanotechnologia w kierunku zielonej chemii &#8211; ekstrakt ro\u015blinny jako \u015brodek stabilizuj\u0105cy i redukuj\u0105cy nanocz\u0105stki srebra.<br>\u00a0<br>6-07.06.2024r. XVII Kopernika\u0144skie Seminarium Doktoranckie, referat: Green synthesis of metallic nanoparticles and their potential application<br>\u00a0<br>\u00a0<br>\u00a0<\/td><\/tr><tr><td><strong>C. Granty<\/strong><\/td><td>Grant \u00a0w ramach projektu \u201eNauka w m\u0142odych r\u0119kach dla otoczenia spo\u0142eczno-gospodarczego\u201d 1.12.2022-30.11.2023r. \u201eOpracowanie metody modyfikacji polimeru nanocz\u0105stkami miedzi wytworzonymi metod\u0105 zielonej chemii w celu zwi\u0119kszenia w\u0142a\u015bciwo\u015bci przeciwgrzybiczych p\u00f3\u0142produktu przyjaznego \u015brodowisku i mo\u017cliwo\u015bci przetw\u00f3rstwa\u201d, rola: kierownik<br><br>Inkubator Innowacyjno\u015bci 4.0, projekt: \u00a0\u201eBadanie mo\u017cliwo\u015bci przetw\u00f3rstwa polimer\u00f3w wzbogacanych funkcjonalnymi nanocz\u0105stkami uzyskanymi metodami przyjaznymi dla \u015brodowiska\u201d, rola: \u00a0cz\u0142onek zespo\u0142u badawczego<\/td><\/tr><tr><td><strong>D. Zrealizowane sta\u017ce<\/strong><\/td><td><\/td><\/tr><tr><td><strong>E. Inne aktywno\u015bci\/osi\u0105gni\u0119cia naukowe<\/strong><\/td><td>30.11.2022r. Szko\u0142a skaningowej mikroskopii i spektroskopii bliskich oddzia\u0142ywa\u0144 SPM, Zakopane.<br>\u00a0<br>18-19.05.2023r. X \u0141\u00f3dzkie Sympozjum Doktorant\u00f3w Chemii,<strong> nagroda za najlepszy poster<\/strong><br>\u00a0<br>28.05-1.06.2023r. International Conference Recent Achievements in Nanotechnology, <strong>nagroda za najlepszy poster<\/strong><br><strong>\u00a0<\/strong><br>11.09.2023r. Konwersatorium Spektrometrii Atomowej, Bia\u0142ystok, warsztaty KOSAT przez Altium International<br>\u00a0<br>12.09.2023r. Konwersatorium Spektrometrii Atomowej, Bia\u0142ystok, warsztaty KOSAT \u201ePot\u0119ga Komory Uct\u2122 &#8211; Spos\u00f3b Na Usuni\u0119cie<br>Dowolnych Interferencji I Du\u017co Wi\u0119cej\u201d<\/td><\/tr><tr><td><strong>Inna aktywno\u015b\u0107, np. organizacyjna<\/strong><\/td><td>27.10.2022r. \u00a0II Og\u00f3lnopolska Konferencja \u201e\u015arodowisko \u2013 Nauka \u2013 Odpowiedzialno\u015b\u0107&#8221;, komitet organizacyjny<br>\u00a0<br>15.11.2022r. III Konkurs Wiedzy o Ochronie \u015arodowiska, komitet organizacyjny<br>\u00a0<br>12.06.2023r. Warsztaty chemiczne w Przedszkolu Samorz\u0105dowym nr 84 w Bia\u0142ymstoku<br>\u00a0<br>28.09.2023r. Przeprowadzenie zaj\u0119\u0107 i pokazanie pracy chemika, Przedszkole Samorz\u0105dowe nr 49 Bia\u0142ystok<br>\u00a0<br>22.05.2023r. Krajowa Konferencja \u201eMetrologia w s\u0142u\u017cbie ochrony \u015brodowiska\u201d, komitet organizacyjny<br>\u00a0<br>28.05-1.06.2023r. International Conference Recent Achievements in Nanotechnology, komitet organizacyjny<br>\u00a0<br>15.11.2023r. IV Konkurs Wiedzy o Ochronie \u015arodowiska, komitet organizacyjny<br>\u00a0<br>10-11.06.2024r. \u00a0III Og\u00f3lnopolska Konferencja \u201e\u015arodowisko \u2013 Nauka \u2013 Odpowiedzialno\u015b\u0107&#8221;, komitet organizacyjny<\/td><\/tr><\/tbody><\/table><\/figure>\n","protected":false},"excerpt":{"rendered":"<p>E-mail a.wasilewska@uwb.edu.pl Kod ORCID 0000-0001-8712-7482 Temat rozprawy doktorskiej Syntezy nanomateria\u0142\u00f3w z wykorzystaniem element\u00f3w zielonej chemii Promotor dr hab. Beata Kalska-Szostko, prof. UwB Promotor pomocniczy Wydzia\u0142 \/Katedra\/Zak\u0142ad Wydzia\u0142 Chemii, Katedra Chemii&hellip;<\/p>\n","protected":false},"author":14,"featured_media":0,"parent":0,"menu_order":0,"comment_status":"closed","ping_status":"closed","template":"","meta":{"footnotes":""},"class_list":["post-1671","page","type-page","status-publish","hentry"],"yoast_head":"<!-- This site is optimized with the Yoast SEO plugin v27.3 - https:\/\/yoast.com\/product\/yoast-seo-wordpress\/ -->\n<title>mgr Anna Wasilewska - Szko\u0142a Doktorska Nauk \u015acis\u0142ych i Przyrodniczych UwB<\/title>\n<meta name=\"robots\" content=\"index, follow, max-snippet:-1, max-image-preview:large, max-video-preview:-1\" \/>\n<link rel=\"canonical\" href=\"https:\/\/szkolydoktorskie.uwb.edu.pl\/nsip\/mgr-anna-wasilewska\/\" \/>\n<meta property=\"og:locale\" content=\"pl_PL\" \/>\n<meta property=\"og:type\" content=\"article\" \/>\n<meta property=\"og:title\" content=\"mgr Anna Wasilewska - Szko\u0142a Doktorska Nauk \u015acis\u0142ych i Przyrodniczych UwB\" \/>\n<meta property=\"og:description\" content=\"E-mail a.wasilewska@uwb.edu.pl Kod ORCID 0000-0001-8712-7482 Temat rozprawy doktorskiej Syntezy nanomateria\u0142\u00f3w z wykorzystaniem element\u00f3w zielonej chemii Promotor dr hab. Beata Kalska-Szostko, prof. UwB Promotor pomocniczy Wydzia\u0142 \/Katedra\/Zak\u0142ad Wydzia\u0142 Chemii, Katedra Chemii&hellip;\" \/>\n<meta property=\"og:url\" content=\"https:\/\/szkolydoktorskie.uwb.edu.pl\/nsip\/mgr-anna-wasilewska\/\" \/>\n<meta property=\"og:site_name\" content=\"Szko\u0142a Doktorska Nauk \u015acis\u0142ych i Przyrodniczych UwB\" \/>\n<meta property=\"article:modified_time\" content=\"2024-06-04T12:12:21+00:00\" \/>\n<meta property=\"og:image\" content=\"https:\/\/szkolydoktorskie.uwb.edu.pl\/nsip\/wp-content\/uploads\/sites\/4\/2022\/12\/obraz-5-805x1024.png\" \/>\n<meta name=\"twitter:card\" content=\"summary_large_image\" \/>\n<meta name=\"twitter:label1\" content=\"Szacowany czas czytania\" \/>\n\t<meta name=\"twitter:data1\" content=\"4 minuty\" \/>\n<script type=\"application\/ld+json\" class=\"yoast-schema-graph\">{\"@context\":\"https:\\\/\\\/schema.org\",\"@graph\":[{\"@type\":\"WebPage\",\"@id\":\"https:\\\/\\\/szkolydoktorskie.uwb.edu.pl\\\/nsip\\\/mgr-anna-wasilewska\\\/\",\"url\":\"https:\\\/\\\/szkolydoktorskie.uwb.edu.pl\\\/nsip\\\/mgr-anna-wasilewska\\\/\",\"name\":\"mgr Anna Wasilewska - Szko\u0142a Doktorska Nauk \u015acis\u0142ych i Przyrodniczych UwB\",\"isPartOf\":{\"@id\":\"https:\\\/\\\/szkolydoktorskie.uwb.edu.pl\\\/nsip\\\/#website\"},\"primaryImageOfPage\":{\"@id\":\"https:\\\/\\\/szkolydoktorskie.uwb.edu.pl\\\/nsip\\\/mgr-anna-wasilewska\\\/#primaryimage\"},\"image\":{\"@id\":\"https:\\\/\\\/szkolydoktorskie.uwb.edu.pl\\\/nsip\\\/mgr-anna-wasilewska\\\/#primaryimage\"},\"thumbnailUrl\":\"https:\\\/\\\/szkolydoktorskie.uwb.edu.pl\\\/nsip\\\/wp-content\\\/uploads\\\/sites\\\/4\\\/2022\\\/12\\\/obraz-5-805x1024.png\",\"datePublished\":\"2022-12-20T09:51:19+00:00\",\"dateModified\":\"2024-06-04T12:12:21+00:00\",\"breadcrumb\":{\"@id\":\"https:\\\/\\\/szkolydoktorskie.uwb.edu.pl\\\/nsip\\\/mgr-anna-wasilewska\\\/#breadcrumb\"},\"inLanguage\":\"pl-PL\",\"potentialAction\":[{\"@type\":\"ReadAction\",\"target\":[\"https:\\\/\\\/szkolydoktorskie.uwb.edu.pl\\\/nsip\\\/mgr-anna-wasilewska\\\/\"]}]},{\"@type\":\"ImageObject\",\"inLanguage\":\"pl-PL\",\"@id\":\"https:\\\/\\\/szkolydoktorskie.uwb.edu.pl\\\/nsip\\\/mgr-anna-wasilewska\\\/#primaryimage\",\"url\":\"https:\\\/\\\/szkolydoktorskie.uwb.edu.pl\\\/nsip\\\/wp-content\\\/uploads\\\/sites\\\/4\\\/2022\\\/12\\\/obraz-5.png\",\"contentUrl\":\"https:\\\/\\\/szkolydoktorskie.uwb.edu.pl\\\/nsip\\\/wp-content\\\/uploads\\\/sites\\\/4\\\/2022\\\/12\\\/obraz-5.png\",\"width\":935,\"height\":1189},{\"@type\":\"BreadcrumbList\",\"@id\":\"https:\\\/\\\/szkolydoktorskie.uwb.edu.pl\\\/nsip\\\/mgr-anna-wasilewska\\\/#breadcrumb\",\"itemListElement\":[{\"@type\":\"ListItem\",\"position\":1,\"name\":\"Strona g\u0142\u00f3wna\",\"item\":\"https:\\\/\\\/szkolydoktorskie.uwb.edu.pl\\\/nsip\\\/\"},{\"@type\":\"ListItem\",\"position\":2,\"name\":\"mgr Anna Wasilewska\"}]},{\"@type\":\"WebSite\",\"@id\":\"https:\\\/\\\/szkolydoktorskie.uwb.edu.pl\\\/nsip\\\/#website\",\"url\":\"https:\\\/\\\/szkolydoktorskie.uwb.edu.pl\\\/nsip\\\/\",\"name\":\"Szko\u0142a Doktorska Nauk \u015acis\u0142ych i Przyrodniczych UwB\",\"description\":\"Szko\u0142a Doktorska Nauk \u015acis\u0142ych i Przyrodniczych UwB\",\"publisher\":{\"@id\":\"https:\\\/\\\/szkolydoktorskie.uwb.edu.pl\\\/nsip\\\/#organization\"},\"potentialAction\":[{\"@type\":\"SearchAction\",\"target\":{\"@type\":\"EntryPoint\",\"urlTemplate\":\"https:\\\/\\\/szkolydoktorskie.uwb.edu.pl\\\/nsip\\\/?s={search_term_string}\"},\"query-input\":{\"@type\":\"PropertyValueSpecification\",\"valueRequired\":true,\"valueName\":\"search_term_string\"}}],\"inLanguage\":\"pl-PL\"},{\"@type\":\"Organization\",\"@id\":\"https:\\\/\\\/szkolydoktorskie.uwb.edu.pl\\\/nsip\\\/#organization\",\"name\":\"Szko\u0142a Doktorska Nauk \u015acis\u0142ych i Przyrodniczych UwB\",\"url\":\"https:\\\/\\\/szkolydoktorskie.uwb.edu.pl\\\/nsip\\\/\",\"logo\":{\"@type\":\"ImageObject\",\"inLanguage\":\"pl-PL\",\"@id\":\"https:\\\/\\\/szkolydoktorskie.uwb.edu.pl\\\/nsip\\\/#\\\/schema\\\/logo\\\/image\\\/\",\"url\":\"https:\\\/\\\/szkolydoktorskie.uwb.edu.pl\\\/nsip\\\/wp-content\\\/uploads\\\/sites\\\/4\\\/2021\\\/04\\\/cropped-LOGO-NSIP.png\",\"contentUrl\":\"https:\\\/\\\/szkolydoktorskie.uwb.edu.pl\\\/nsip\\\/wp-content\\\/uploads\\\/sites\\\/4\\\/2021\\\/04\\\/cropped-LOGO-NSIP.png\",\"width\":705,\"height\":188,\"caption\":\"Szko\u0142a Doktorska Nauk \u015acis\u0142ych i Przyrodniczych UwB\"},\"image\":{\"@id\":\"https:\\\/\\\/szkolydoktorskie.uwb.edu.pl\\\/nsip\\\/#\\\/schema\\\/logo\\\/image\\\/\"}}]}<\/script>\n<!-- \/ Yoast SEO plugin. -->","yoast_head_json":{"title":"mgr Anna Wasilewska - Szko\u0142a Doktorska Nauk \u015acis\u0142ych i Przyrodniczych UwB","robots":{"index":"index","follow":"follow","max-snippet":"max-snippet:-1","max-image-preview":"max-image-preview:large","max-video-preview":"max-video-preview:-1"},"canonical":"https:\/\/szkolydoktorskie.uwb.edu.pl\/nsip\/mgr-anna-wasilewska\/","og_locale":"pl_PL","og_type":"article","og_title":"mgr Anna Wasilewska - Szko\u0142a Doktorska Nauk \u015acis\u0142ych i Przyrodniczych UwB","og_description":"E-mail a.wasilewska@uwb.edu.pl Kod ORCID 0000-0001-8712-7482 Temat rozprawy doktorskiej Syntezy nanomateria\u0142\u00f3w z wykorzystaniem element\u00f3w zielonej chemii Promotor dr hab. Beata Kalska-Szostko, prof. UwB Promotor pomocniczy Wydzia\u0142 \/Katedra\/Zak\u0142ad Wydzia\u0142 Chemii, Katedra Chemii&hellip;","og_url":"https:\/\/szkolydoktorskie.uwb.edu.pl\/nsip\/mgr-anna-wasilewska\/","og_site_name":"Szko\u0142a Doktorska Nauk \u015acis\u0142ych i Przyrodniczych UwB","article_modified_time":"2024-06-04T12:12:21+00:00","og_image":[{"url":"https:\/\/szkolydoktorskie.uwb.edu.pl\/nsip\/wp-content\/uploads\/sites\/4\/2022\/12\/obraz-5-805x1024.png","type":"","width":"","height":""}],"twitter_card":"summary_large_image","twitter_misc":{"Szacowany czas czytania":"4 minuty"},"schema":{"@context":"https:\/\/schema.org","@graph":[{"@type":"WebPage","@id":"https:\/\/szkolydoktorskie.uwb.edu.pl\/nsip\/mgr-anna-wasilewska\/","url":"https:\/\/szkolydoktorskie.uwb.edu.pl\/nsip\/mgr-anna-wasilewska\/","name":"mgr Anna Wasilewska - Szko\u0142a Doktorska Nauk \u015acis\u0142ych i Przyrodniczych UwB","isPartOf":{"@id":"https:\/\/szkolydoktorskie.uwb.edu.pl\/nsip\/#website"},"primaryImageOfPage":{"@id":"https:\/\/szkolydoktorskie.uwb.edu.pl\/nsip\/mgr-anna-wasilewska\/#primaryimage"},"image":{"@id":"https:\/\/szkolydoktorskie.uwb.edu.pl\/nsip\/mgr-anna-wasilewska\/#primaryimage"},"thumbnailUrl":"https:\/\/szkolydoktorskie.uwb.edu.pl\/nsip\/wp-content\/uploads\/sites\/4\/2022\/12\/obraz-5-805x1024.png","datePublished":"2022-12-20T09:51:19+00:00","dateModified":"2024-06-04T12:12:21+00:00","breadcrumb":{"@id":"https:\/\/szkolydoktorskie.uwb.edu.pl\/nsip\/mgr-anna-wasilewska\/#breadcrumb"},"inLanguage":"pl-PL","potentialAction":[{"@type":"ReadAction","target":["https:\/\/szkolydoktorskie.uwb.edu.pl\/nsip\/mgr-anna-wasilewska\/"]}]},{"@type":"ImageObject","inLanguage":"pl-PL","@id":"https:\/\/szkolydoktorskie.uwb.edu.pl\/nsip\/mgr-anna-wasilewska\/#primaryimage","url":"https:\/\/szkolydoktorskie.uwb.edu.pl\/nsip\/wp-content\/uploads\/sites\/4\/2022\/12\/obraz-5.png","contentUrl":"https:\/\/szkolydoktorskie.uwb.edu.pl\/nsip\/wp-content\/uploads\/sites\/4\/2022\/12\/obraz-5.png","width":935,"height":1189},{"@type":"BreadcrumbList","@id":"https:\/\/szkolydoktorskie.uwb.edu.pl\/nsip\/mgr-anna-wasilewska\/#breadcrumb","itemListElement":[{"@type":"ListItem","position":1,"name":"Strona g\u0142\u00f3wna","item":"https:\/\/szkolydoktorskie.uwb.edu.pl\/nsip\/"},{"@type":"ListItem","position":2,"name":"mgr Anna Wasilewska"}]},{"@type":"WebSite","@id":"https:\/\/szkolydoktorskie.uwb.edu.pl\/nsip\/#website","url":"https:\/\/szkolydoktorskie.uwb.edu.pl\/nsip\/","name":"Szko\u0142a Doktorska Nauk \u015acis\u0142ych i Przyrodniczych UwB","description":"Szko\u0142a Doktorska Nauk \u015acis\u0142ych i Przyrodniczych UwB","publisher":{"@id":"https:\/\/szkolydoktorskie.uwb.edu.pl\/nsip\/#organization"},"potentialAction":[{"@type":"SearchAction","target":{"@type":"EntryPoint","urlTemplate":"https:\/\/szkolydoktorskie.uwb.edu.pl\/nsip\/?s={search_term_string}"},"query-input":{"@type":"PropertyValueSpecification","valueRequired":true,"valueName":"search_term_string"}}],"inLanguage":"pl-PL"},{"@type":"Organization","@id":"https:\/\/szkolydoktorskie.uwb.edu.pl\/nsip\/#organization","name":"Szko\u0142a Doktorska Nauk \u015acis\u0142ych i Przyrodniczych UwB","url":"https:\/\/szkolydoktorskie.uwb.edu.pl\/nsip\/","logo":{"@type":"ImageObject","inLanguage":"pl-PL","@id":"https:\/\/szkolydoktorskie.uwb.edu.pl\/nsip\/#\/schema\/logo\/image\/","url":"https:\/\/szkolydoktorskie.uwb.edu.pl\/nsip\/wp-content\/uploads\/sites\/4\/2021\/04\/cropped-LOGO-NSIP.png","contentUrl":"https:\/\/szkolydoktorskie.uwb.edu.pl\/nsip\/wp-content\/uploads\/sites\/4\/2021\/04\/cropped-LOGO-NSIP.png","width":705,"height":188,"caption":"Szko\u0142a Doktorska Nauk \u015acis\u0142ych i Przyrodniczych UwB"},"image":{"@id":"https:\/\/szkolydoktorskie.uwb.edu.pl\/nsip\/#\/schema\/logo\/image\/"}}]}},"_links":{"self":[{"href":"https:\/\/szkolydoktorskie.uwb.edu.pl\/nsip\/wp-json\/wp\/v2\/pages\/1671","targetHints":{"allow":["GET"]}}],"collection":[{"href":"https:\/\/szkolydoktorskie.uwb.edu.pl\/nsip\/wp-json\/wp\/v2\/pages"}],"about":[{"href":"https:\/\/szkolydoktorskie.uwb.edu.pl\/nsip\/wp-json\/wp\/v2\/types\/page"}],"author":[{"embeddable":true,"href":"https:\/\/szkolydoktorskie.uwb.edu.pl\/nsip\/wp-json\/wp\/v2\/users\/14"}],"replies":[{"embeddable":true,"href":"https:\/\/szkolydoktorskie.uwb.edu.pl\/nsip\/wp-json\/wp\/v2\/comments?post=1671"}],"version-history":[{"count":27,"href":"https:\/\/szkolydoktorskie.uwb.edu.pl\/nsip\/wp-json\/wp\/v2\/pages\/1671\/revisions"}],"predecessor-version":[{"id":3140,"href":"https:\/\/szkolydoktorskie.uwb.edu.pl\/nsip\/wp-json\/wp\/v2\/pages\/1671\/revisions\/3140"}],"wp:attachment":[{"href":"https:\/\/szkolydoktorskie.uwb.edu.pl\/nsip\/wp-json\/wp\/v2\/media?parent=1671"}],"curies":[{"name":"wp","href":"https:\/\/api.w.org\/{rel}","templated":true}]}}