{"id":1649,"date":"2022-12-14T13:13:59","date_gmt":"2022-12-14T12:13:59","guid":{"rendered":"https:\/\/szkolydoktorskie.uwb.edu.pl\/nsip\/?page_id=1649"},"modified":"2024-08-12T12:09:42","modified_gmt":"2024-08-12T10:09:42","slug":"mgr-patrycja-wilczewska","status":"publish","type":"page","link":"https:\/\/szkolydoktorskie.uwb.edu.pl\/nsip\/mgr-patrycja-wilczewska\/","title":{"rendered":"mgr Patrycja Wilczewska"},"content":{"rendered":"\n<figure class=\"wp-block-image size-large is-resized\"><img loading=\"lazy\" decoding=\"async\" width=\"902\" height=\"1024\" src=\"https:\/\/szkolydoktorskie.uwb.edu.pl\/nsip\/wp-content\/uploads\/sites\/4\/2022\/12\/obraz-2-902x1024.png\" alt=\"\" class=\"wp-image-1650\" style=\"width:395px;height:447px\" srcset=\"https:\/\/szkolydoktorskie.uwb.edu.pl\/nsip\/wp-content\/uploads\/sites\/4\/2022\/12\/obraz-2-902x1024.png 902w, https:\/\/szkolydoktorskie.uwb.edu.pl\/nsip\/wp-content\/uploads\/sites\/4\/2022\/12\/obraz-2-264x300.png 264w, https:\/\/szkolydoktorskie.uwb.edu.pl\/nsip\/wp-content\/uploads\/sites\/4\/2022\/12\/obraz-2-768x872.png 768w, https:\/\/szkolydoktorskie.uwb.edu.pl\/nsip\/wp-content\/uploads\/sites\/4\/2022\/12\/obraz-2-1353x1536.png 1353w, https:\/\/szkolydoktorskie.uwb.edu.pl\/nsip\/wp-content\/uploads\/sites\/4\/2022\/12\/obraz-2-1805x2048.png 1805w\" sizes=\"auto, (max-width: 902px) 100vw, 902px\" \/><\/figure>\n\n\n\n<figure class=\"wp-block-table\"><table><tbody><tr><td><strong>E-mail<\/strong><\/td><td><a href=\"mailto:p.wilczewska@uwb.edu.pl\">p.wilczewska@uwb.edu.pl<\/a><\/td><\/tr><tr><td><strong>Kod ORCID<\/strong><\/td><td>0000-0003-3099-6956<\/td><\/tr><tr><td><strong>Temat rozprawy doktorskiej<\/strong><\/td><td>W\u0142a\u015bciwo\u015bci koordynacyjne p\u0142aszczyzn grafenowych<\/td><\/tr><tr><td><strong>Promotor<\/strong><\/td><td>prof. dr hab. Krzysztof Winkler<\/td><\/tr><tr><td><strong>Promotor pomocniczy<\/strong><\/td><td><\/td><\/tr><tr><td><strong>Wydzia\u0142 \/Katedra\/Zak\u0142ad<\/strong><\/td><td>Wydzia\u0142 Chemii, Katedra Chemii Fizycznej, Zak\u0142ad Chemii Materia\u0142\u00f3w<\/td><\/tr><tr><td><strong>Dzia\u0142alno\u015b\u0107 naukowo-badawcza<\/strong><\/td><td>Materia\u0142y w\u0119glowe, kompozyty, polimery przewodz\u0105ce<\/td><\/tr><tr><td><strong>A.&nbsp;&nbsp;&nbsp;&nbsp;Publikacje naukowe<\/strong><\/td><td><\/td><\/tr><tr><td><strong>A1. Artyku\u0142y naukowe w czasopismach<\/strong><\/td><td><strong>Wilczewska P<\/strong>., Breczko J., Bobrowska D., Wysocka-\u017bo\u0142opa M., Goclon J., Basa A., Winkler K. &#8222;Enhancement of polypyrrole electrochemical performance with graphene quantum dots in polypyrrole nanoparticle\/graphene quantum dot composites&#8221;,<em>Journal of Electroanalytical Chemistry<\/em>, 2022 [IF: 4,4]<\/td><\/tr><tr><td><strong>A2. Monografie naukowe\/rozdzia\u0142y w monografiach<\/strong><\/td><td><\/td><\/tr><tr><td><strong>B. Konferencje naukowe<\/strong><\/td><td>e-Zjazd Zimowy Sekcji Studenckiej Polskiego Towarzystwa Chemicznego, 2020 r., nagroda komitetu naukowego za komunikat ustny<br>\u00a0<br>VI Konferencja M\u0142odych Chemik\u00f3w S\u0105dowych, 2022 r., komunikat ustny<br>\u00a0<br>X \u0141\u00f3dzkie Sympozjum Doktorant\u00f3w Chemii, 2023 r., prezentacja posteru<br>\u00a0<br>XVII Kopernika\u0144skie Seminarium Doktoranckie, 2024 r., prezentacja posteru<br>\u00a0<br>PhoBiA Annual Nanophotonics International Conference \u2013 PANIC, 2024 r., konferencja mi\u0119dzynarodowa, komunikat ustny<\/td><\/tr><tr><td><strong>C. Granty<\/strong><\/td><td><\/td><\/tr><tr><td><strong>D. Zrealizowane sta\u017ce<\/strong><\/td><td><\/td><\/tr><tr><td><strong>E. Inne aktywno\u015bci\/osi\u0105gni\u0119cia naukowe<\/strong><\/td><td>Szkolenie \u201eZaawansowane pomiary elipsometryczne oraz analiza i modelowanie danych pomiarowych\u201d, 2024 r.<br><br>Warsztaty Analityczne ze Spektrometrii Atomowej, 2024 r.<\/td><\/tr><tr><td><strong>Inna aktywno\u015b\u0107, np. organizacyjna<\/strong><\/td><td>II Og\u00f3lnopolska Konferencja ,,\u015arodowisko \u2013 Nauka \u2013 Odpowiedzialno\u015b\u0107\u201d, 2022 r., komitet organizacyjny<br>\u00a0<br>Przygotowanie i prowadzenie warsztat\u00f3w naukowych dla uczni\u00f3w szk\u00f3\u0142 podstawowych w ramach Klubu M\u0142odego Odkrywcy UwB, 2023 r.<br>\u00a0<br>Uczestnictwo w organizacji i prowadzeniu pokaz\u00f3w i prelekcji w Planetarium UwB w ramach \u201eSpotka\u0144 z nauk\u0105\u201d, 2023 r.<br>\u00a0<br>Prowadzenie pokaz\u00f3w i prelekcji w Planetarium UwB w ramach Nocy Innowacji, 2023 r.<br>\u00a0<br>Koordynacja stoiska UwB na Pikniku Naukowym w Warszawie, 2023 r.<br>\u00a0<br>I Og\u00f3lnopolska Konferencja Naukowe Forum Doktorant\u00f3w, 2023 r., komitet organizacyjny<br>\u00a0<br>Przygotowanie i prowadzenie warsztat\u00f3w \u201eChemia ognia\u201d dla dzieci i m\u0142odzie\u017cy w ramach akcji Bezpieczne Ferie we wsp\u00f3\u0142pracy z OSP Wasilk\u00f3w, 2024 r.<br>\u00a0<br>Przygotowanie i prowadzenie warsztat\u00f3w \u201eWitajcie w naszej bajce\u201d dla dzieci w ramach \u201eSpotka\u0144 z nauk\u0105\u201d, 2024 r.<br>\u00a0<br>Og\u00f3lnopolska Interdyscyplinarna Konferencja Naukowa \u201eKonferencja \/nie\/Naukowa\u201d, 2024 r., koordynator<br>\u00a0<br>Cz\u0142onkini zarz\u0105du Rady Uczelnianej Samorz\u0105du Doktorant\u00f3w, 2022 \u2013 2024 r.<br>\u00a0<br>Przewodnicz\u0105ca Komisji ds. Kultury i Promocji RUSD UwB, 2022 \u2013 2024 r.<\/td><\/tr><\/tbody><\/table><\/figure>\n","protected":false},"excerpt":{"rendered":"<p>E-mail p.wilczewska@uwb.edu.pl Kod ORCID 0000-0003-3099-6956 Temat rozprawy doktorskiej W\u0142a\u015bciwo\u015bci koordynacyjne p\u0142aszczyzn grafenowych Promotor prof. dr hab. Krzysztof Winkler Promotor pomocniczy Wydzia\u0142 \/Katedra\/Zak\u0142ad Wydzia\u0142 Chemii, Katedra Chemii Fizycznej, Zak\u0142ad Chemii Materia\u0142\u00f3w&hellip;<\/p>\n","protected":false},"author":14,"featured_media":0,"parent":0,"menu_order":0,"comment_status":"closed","ping_status":"closed","template":"","meta":{"footnotes":""},"class_list":["post-1649","page","type-page","status-publish","hentry"],"yoast_head":"<!-- This site is optimized with the Yoast SEO plugin v27.3 - https:\/\/yoast.com\/product\/yoast-seo-wordpress\/ -->\n<title>mgr Patrycja Wilczewska - Szko\u0142a Doktorska Nauk \u015acis\u0142ych i Przyrodniczych UwB<\/title>\n<meta name=\"robots\" content=\"index, follow, max-snippet:-1, max-image-preview:large, max-video-preview:-1\" \/>\n<link rel=\"canonical\" href=\"https:\/\/szkolydoktorskie.uwb.edu.pl\/nsip\/mgr-patrycja-wilczewska\/\" \/>\n<meta property=\"og:locale\" content=\"pl_PL\" \/>\n<meta property=\"og:type\" content=\"article\" \/>\n<meta property=\"og:title\" content=\"mgr Patrycja Wilczewska - Szko\u0142a Doktorska Nauk \u015acis\u0142ych i Przyrodniczych UwB\" \/>\n<meta property=\"og:description\" content=\"E-mail p.wilczewska@uwb.edu.pl Kod ORCID 0000-0003-3099-6956 Temat rozprawy doktorskiej W\u0142a\u015bciwo\u015bci koordynacyjne p\u0142aszczyzn grafenowych Promotor prof. dr hab. Krzysztof Winkler Promotor pomocniczy Wydzia\u0142 \/Katedra\/Zak\u0142ad Wydzia\u0142 Chemii, Katedra Chemii Fizycznej, Zak\u0142ad Chemii Materia\u0142\u00f3w&hellip;\" \/>\n<meta property=\"og:url\" content=\"https:\/\/szkolydoktorskie.uwb.edu.pl\/nsip\/mgr-patrycja-wilczewska\/\" \/>\n<meta property=\"og:site_name\" content=\"Szko\u0142a Doktorska Nauk \u015acis\u0142ych i Przyrodniczych UwB\" \/>\n<meta property=\"article:modified_time\" content=\"2024-08-12T10:09:42+00:00\" \/>\n<meta property=\"og:image\" content=\"https:\/\/szkolydoktorskie.uwb.edu.pl\/nsip\/wp-content\/uploads\/sites\/4\/2022\/12\/obraz-2-902x1024.png\" \/>\n<meta name=\"twitter:card\" content=\"summary_large_image\" \/>\n<meta name=\"twitter:label1\" content=\"Szacowany czas czytania\" \/>\n\t<meta name=\"twitter:data1\" content=\"3 minuty\" \/>\n<script type=\"application\/ld+json\" class=\"yoast-schema-graph\">{\"@context\":\"https:\\\/\\\/schema.org\",\"@graph\":[{\"@type\":\"WebPage\",\"@id\":\"https:\\\/\\\/szkolydoktorskie.uwb.edu.pl\\\/nsip\\\/mgr-patrycja-wilczewska\\\/\",\"url\":\"https:\\\/\\\/szkolydoktorskie.uwb.edu.pl\\\/nsip\\\/mgr-patrycja-wilczewska\\\/\",\"name\":\"mgr Patrycja Wilczewska - Szko\u0142a Doktorska Nauk \u015acis\u0142ych i Przyrodniczych UwB\",\"isPartOf\":{\"@id\":\"https:\\\/\\\/szkolydoktorskie.uwb.edu.pl\\\/nsip\\\/#website\"},\"primaryImageOfPage\":{\"@id\":\"https:\\\/\\\/szkolydoktorskie.uwb.edu.pl\\\/nsip\\\/mgr-patrycja-wilczewska\\\/#primaryimage\"},\"image\":{\"@id\":\"https:\\\/\\\/szkolydoktorskie.uwb.edu.pl\\\/nsip\\\/mgr-patrycja-wilczewska\\\/#primaryimage\"},\"thumbnailUrl\":\"https:\\\/\\\/szkolydoktorskie.uwb.edu.pl\\\/nsip\\\/wp-content\\\/uploads\\\/sites\\\/4\\\/2022\\\/12\\\/obraz-2-902x1024.png\",\"datePublished\":\"2022-12-14T12:13:59+00:00\",\"dateModified\":\"2024-08-12T10:09:42+00:00\",\"breadcrumb\":{\"@id\":\"https:\\\/\\\/szkolydoktorskie.uwb.edu.pl\\\/nsip\\\/mgr-patrycja-wilczewska\\\/#breadcrumb\"},\"inLanguage\":\"pl-PL\",\"potentialAction\":[{\"@type\":\"ReadAction\",\"target\":[\"https:\\\/\\\/szkolydoktorskie.uwb.edu.pl\\\/nsip\\\/mgr-patrycja-wilczewska\\\/\"]}]},{\"@type\":\"ImageObject\",\"inLanguage\":\"pl-PL\",\"@id\":\"https:\\\/\\\/szkolydoktorskie.uwb.edu.pl\\\/nsip\\\/mgr-patrycja-wilczewska\\\/#primaryimage\",\"url\":\"https:\\\/\\\/szkolydoktorskie.uwb.edu.pl\\\/nsip\\\/wp-content\\\/uploads\\\/sites\\\/4\\\/2022\\\/12\\\/obraz-2.png\",\"contentUrl\":\"https:\\\/\\\/szkolydoktorskie.uwb.edu.pl\\\/nsip\\\/wp-content\\\/uploads\\\/sites\\\/4\\\/2022\\\/12\\\/obraz-2.png\",\"width\":2536,\"height\":2878},{\"@type\":\"BreadcrumbList\",\"@id\":\"https:\\\/\\\/szkolydoktorskie.uwb.edu.pl\\\/nsip\\\/mgr-patrycja-wilczewska\\\/#breadcrumb\",\"itemListElement\":[{\"@type\":\"ListItem\",\"position\":1,\"name\":\"Strona g\u0142\u00f3wna\",\"item\":\"https:\\\/\\\/szkolydoktorskie.uwb.edu.pl\\\/nsip\\\/\"},{\"@type\":\"ListItem\",\"position\":2,\"name\":\"mgr Patrycja Wilczewska\"}]},{\"@type\":\"WebSite\",\"@id\":\"https:\\\/\\\/szkolydoktorskie.uwb.edu.pl\\\/nsip\\\/#website\",\"url\":\"https:\\\/\\\/szkolydoktorskie.uwb.edu.pl\\\/nsip\\\/\",\"name\":\"Szko\u0142a Doktorska Nauk \u015acis\u0142ych i Przyrodniczych UwB\",\"description\":\"Szko\u0142a Doktorska Nauk \u015acis\u0142ych i Przyrodniczych UwB\",\"publisher\":{\"@id\":\"https:\\\/\\\/szkolydoktorskie.uwb.edu.pl\\\/nsip\\\/#organization\"},\"potentialAction\":[{\"@type\":\"SearchAction\",\"target\":{\"@type\":\"EntryPoint\",\"urlTemplate\":\"https:\\\/\\\/szkolydoktorskie.uwb.edu.pl\\\/nsip\\\/?s={search_term_string}\"},\"query-input\":{\"@type\":\"PropertyValueSpecification\",\"valueRequired\":true,\"valueName\":\"search_term_string\"}}],\"inLanguage\":\"pl-PL\"},{\"@type\":\"Organization\",\"@id\":\"https:\\\/\\\/szkolydoktorskie.uwb.edu.pl\\\/nsip\\\/#organization\",\"name\":\"Szko\u0142a Doktorska Nauk \u015acis\u0142ych i Przyrodniczych UwB\",\"url\":\"https:\\\/\\\/szkolydoktorskie.uwb.edu.pl\\\/nsip\\\/\",\"logo\":{\"@type\":\"ImageObject\",\"inLanguage\":\"pl-PL\",\"@id\":\"https:\\\/\\\/szkolydoktorskie.uwb.edu.pl\\\/nsip\\\/#\\\/schema\\\/logo\\\/image\\\/\",\"url\":\"https:\\\/\\\/szkolydoktorskie.uwb.edu.pl\\\/nsip\\\/wp-content\\\/uploads\\\/sites\\\/4\\\/2021\\\/04\\\/cropped-LOGO-NSIP.png\",\"contentUrl\":\"https:\\\/\\\/szkolydoktorskie.uwb.edu.pl\\\/nsip\\\/wp-content\\\/uploads\\\/sites\\\/4\\\/2021\\\/04\\\/cropped-LOGO-NSIP.png\",\"width\":705,\"height\":188,\"caption\":\"Szko\u0142a Doktorska Nauk \u015acis\u0142ych i Przyrodniczych UwB\"},\"image\":{\"@id\":\"https:\\\/\\\/szkolydoktorskie.uwb.edu.pl\\\/nsip\\\/#\\\/schema\\\/logo\\\/image\\\/\"}}]}<\/script>\n<!-- \/ Yoast SEO plugin. -->","yoast_head_json":{"title":"mgr Patrycja Wilczewska - Szko\u0142a Doktorska Nauk \u015acis\u0142ych i Przyrodniczych UwB","robots":{"index":"index","follow":"follow","max-snippet":"max-snippet:-1","max-image-preview":"max-image-preview:large","max-video-preview":"max-video-preview:-1"},"canonical":"https:\/\/szkolydoktorskie.uwb.edu.pl\/nsip\/mgr-patrycja-wilczewska\/","og_locale":"pl_PL","og_type":"article","og_title":"mgr Patrycja Wilczewska - Szko\u0142a Doktorska Nauk \u015acis\u0142ych i Przyrodniczych UwB","og_description":"E-mail p.wilczewska@uwb.edu.pl Kod ORCID 0000-0003-3099-6956 Temat rozprawy doktorskiej W\u0142a\u015bciwo\u015bci koordynacyjne p\u0142aszczyzn grafenowych Promotor prof. dr hab. Krzysztof Winkler Promotor pomocniczy Wydzia\u0142 \/Katedra\/Zak\u0142ad Wydzia\u0142 Chemii, Katedra Chemii Fizycznej, Zak\u0142ad Chemii Materia\u0142\u00f3w&hellip;","og_url":"https:\/\/szkolydoktorskie.uwb.edu.pl\/nsip\/mgr-patrycja-wilczewska\/","og_site_name":"Szko\u0142a Doktorska Nauk \u015acis\u0142ych i Przyrodniczych UwB","article_modified_time":"2024-08-12T10:09:42+00:00","og_image":[{"url":"https:\/\/szkolydoktorskie.uwb.edu.pl\/nsip\/wp-content\/uploads\/sites\/4\/2022\/12\/obraz-2-902x1024.png","type":"","width":"","height":""}],"twitter_card":"summary_large_image","twitter_misc":{"Szacowany czas czytania":"3 minuty"},"schema":{"@context":"https:\/\/schema.org","@graph":[{"@type":"WebPage","@id":"https:\/\/szkolydoktorskie.uwb.edu.pl\/nsip\/mgr-patrycja-wilczewska\/","url":"https:\/\/szkolydoktorskie.uwb.edu.pl\/nsip\/mgr-patrycja-wilczewska\/","name":"mgr Patrycja Wilczewska - Szko\u0142a Doktorska Nauk \u015acis\u0142ych i Przyrodniczych UwB","isPartOf":{"@id":"https:\/\/szkolydoktorskie.uwb.edu.pl\/nsip\/#website"},"primaryImageOfPage":{"@id":"https:\/\/szkolydoktorskie.uwb.edu.pl\/nsip\/mgr-patrycja-wilczewska\/#primaryimage"},"image":{"@id":"https:\/\/szkolydoktorskie.uwb.edu.pl\/nsip\/mgr-patrycja-wilczewska\/#primaryimage"},"thumbnailUrl":"https:\/\/szkolydoktorskie.uwb.edu.pl\/nsip\/wp-content\/uploads\/sites\/4\/2022\/12\/obraz-2-902x1024.png","datePublished":"2022-12-14T12:13:59+00:00","dateModified":"2024-08-12T10:09:42+00:00","breadcrumb":{"@id":"https:\/\/szkolydoktorskie.uwb.edu.pl\/nsip\/mgr-patrycja-wilczewska\/#breadcrumb"},"inLanguage":"pl-PL","potentialAction":[{"@type":"ReadAction","target":["https:\/\/szkolydoktorskie.uwb.edu.pl\/nsip\/mgr-patrycja-wilczewska\/"]}]},{"@type":"ImageObject","inLanguage":"pl-PL","@id":"https:\/\/szkolydoktorskie.uwb.edu.pl\/nsip\/mgr-patrycja-wilczewska\/#primaryimage","url":"https:\/\/szkolydoktorskie.uwb.edu.pl\/nsip\/wp-content\/uploads\/sites\/4\/2022\/12\/obraz-2.png","contentUrl":"https:\/\/szkolydoktorskie.uwb.edu.pl\/nsip\/wp-content\/uploads\/sites\/4\/2022\/12\/obraz-2.png","width":2536,"height":2878},{"@type":"BreadcrumbList","@id":"https:\/\/szkolydoktorskie.uwb.edu.pl\/nsip\/mgr-patrycja-wilczewska\/#breadcrumb","itemListElement":[{"@type":"ListItem","position":1,"name":"Strona g\u0142\u00f3wna","item":"https:\/\/szkolydoktorskie.uwb.edu.pl\/nsip\/"},{"@type":"ListItem","position":2,"name":"mgr Patrycja Wilczewska"}]},{"@type":"WebSite","@id":"https:\/\/szkolydoktorskie.uwb.edu.pl\/nsip\/#website","url":"https:\/\/szkolydoktorskie.uwb.edu.pl\/nsip\/","name":"Szko\u0142a Doktorska Nauk \u015acis\u0142ych i Przyrodniczych UwB","description":"Szko\u0142a Doktorska Nauk \u015acis\u0142ych i Przyrodniczych UwB","publisher":{"@id":"https:\/\/szkolydoktorskie.uwb.edu.pl\/nsip\/#organization"},"potentialAction":[{"@type":"SearchAction","target":{"@type":"EntryPoint","urlTemplate":"https:\/\/szkolydoktorskie.uwb.edu.pl\/nsip\/?s={search_term_string}"},"query-input":{"@type":"PropertyValueSpecification","valueRequired":true,"valueName":"search_term_string"}}],"inLanguage":"pl-PL"},{"@type":"Organization","@id":"https:\/\/szkolydoktorskie.uwb.edu.pl\/nsip\/#organization","name":"Szko\u0142a Doktorska Nauk \u015acis\u0142ych i Przyrodniczych UwB","url":"https:\/\/szkolydoktorskie.uwb.edu.pl\/nsip\/","logo":{"@type":"ImageObject","inLanguage":"pl-PL","@id":"https:\/\/szkolydoktorskie.uwb.edu.pl\/nsip\/#\/schema\/logo\/image\/","url":"https:\/\/szkolydoktorskie.uwb.edu.pl\/nsip\/wp-content\/uploads\/sites\/4\/2021\/04\/cropped-LOGO-NSIP.png","contentUrl":"https:\/\/szkolydoktorskie.uwb.edu.pl\/nsip\/wp-content\/uploads\/sites\/4\/2021\/04\/cropped-LOGO-NSIP.png","width":705,"height":188,"caption":"Szko\u0142a Doktorska Nauk \u015acis\u0142ych i Przyrodniczych UwB"},"image":{"@id":"https:\/\/szkolydoktorskie.uwb.edu.pl\/nsip\/#\/schema\/logo\/image\/"}}]}},"_links":{"self":[{"href":"https:\/\/szkolydoktorskie.uwb.edu.pl\/nsip\/wp-json\/wp\/v2\/pages\/1649","targetHints":{"allow":["GET"]}}],"collection":[{"href":"https:\/\/szkolydoktorskie.uwb.edu.pl\/nsip\/wp-json\/wp\/v2\/pages"}],"about":[{"href":"https:\/\/szkolydoktorskie.uwb.edu.pl\/nsip\/wp-json\/wp\/v2\/types\/page"}],"author":[{"embeddable":true,"href":"https:\/\/szkolydoktorskie.uwb.edu.pl\/nsip\/wp-json\/wp\/v2\/users\/14"}],"replies":[{"embeddable":true,"href":"https:\/\/szkolydoktorskie.uwb.edu.pl\/nsip\/wp-json\/wp\/v2\/comments?post=1649"}],"version-history":[{"count":13,"href":"https:\/\/szkolydoktorskie.uwb.edu.pl\/nsip\/wp-json\/wp\/v2\/pages\/1649\/revisions"}],"predecessor-version":[{"id":3193,"href":"https:\/\/szkolydoktorskie.uwb.edu.pl\/nsip\/wp-json\/wp\/v2\/pages\/1649\/revisions\/3193"}],"wp:attachment":[{"href":"https:\/\/szkolydoktorskie.uwb.edu.pl\/nsip\/wp-json\/wp\/v2\/media?parent=1649"}],"curies":[{"name":"wp","href":"https:\/\/api.w.org\/{rel}","templated":true}]}}