{"id":1643,"date":"2022-12-14T13:04:08","date_gmt":"2022-12-14T12:04:08","guid":{"rendered":"https:\/\/szkolydoktorskie.uwb.edu.pl\/nsip\/?page_id=1643"},"modified":"2023-03-15T11:55:23","modified_gmt":"2023-03-15T10:55:23","slug":"mgr-urszula-jablonska","status":"publish","type":"page","link":"https:\/\/szkolydoktorskie.uwb.edu.pl\/nsip\/mgr-urszula-jablonska\/","title":{"rendered":"mgr Urszula Jab\u0142o\u0144ska"},"content":{"rendered":"\n<figure class=\"wp-block-image size-full is-resized\"><img loading=\"lazy\" decoding=\"async\" src=\"https:\/\/szkolydoktorskie.uwb.edu.pl\/nsip\/wp-content\/uploads\/sites\/4\/2022\/12\/obraz-1.png\" alt=\"\" class=\"wp-image-1644\" width=\"292\" height=\"376\" srcset=\"https:\/\/szkolydoktorskie.uwb.edu.pl\/nsip\/wp-content\/uploads\/sites\/4\/2022\/12\/obraz-1.png 363w, https:\/\/szkolydoktorskie.uwb.edu.pl\/nsip\/wp-content\/uploads\/sites\/4\/2022\/12\/obraz-1-233x300.png 233w\" sizes=\"auto, (max-width: 292px) 100vw, 292px\" \/><\/figure>\n\n\n\n<figure class=\"wp-block-table\"><table><tbody><tr><td><strong>E-mail<\/strong><\/td><td><a href=\"mailto:u.jablonska@uwb.edu.pl\">u.jablonska@uwb.edu.pl<\/a> &nbsp;<\/td><\/tr><tr><td><strong>Kod ORCID<\/strong><\/td><td>0000-0002-2365-7414 &nbsp;<\/td><\/tr><tr><td><strong>Temat rozprawy doktorskiej<\/strong><\/td><td>Paj\u0105ki: opieka matczyna i czynniki j\u0105 warunkuj\u0105ce, wp\u0142yw parazytoid\u00f3w i paso\u017cyt\u00f3w na sukces rozrodczy samic. &nbsp;<\/td><\/tr><tr><td><strong>Promotor<\/strong><\/td><td>Dr hab. Marcin Sielezniew, prof. UwB &nbsp;<\/td><\/tr><tr><td><strong>Promotor pomocniczy<\/strong><\/td><td>Dr Agata Kostro-Ambroziak &nbsp;<\/td><\/tr><tr><td><strong>Wydzia\u0142 \/Katedra\/Zak\u0142ad<\/strong><\/td><td>Wydzia\u0142 Biologii\/ Katedra Zoologii i Genetyki\/ Pracownia Biologii Ewolucyjnej i Ekologii Owad\u00f3w &nbsp;<\/td><\/tr><tr><td><strong>Dzia\u0142alno\u015b\u0107 naukowo-badawcza<\/strong><\/td><td><\/td><\/tr><tr><td><strong>A.&nbsp;&nbsp;&nbsp;&nbsp;Publikacje naukowe<\/strong><\/td><td>&nbsp;<\/td><\/tr><tr><td><strong>A1. Artyku\u0142y naukowe w czasopismach<\/strong><\/td><td><\/td><\/tr><tr><td><strong>A2. Monografie naukowe\/rozdzia\u0142y w monografiach<\/strong><\/td><td><\/td><\/tr><tr><td><strong>B. Konferencje naukowe<\/strong><\/td><td>VIII Krajowa Konferencja Arachnologiczna, 23-25.09.2022, Katowice \u2013 Gocza\u0142kowice-Zdr\u00f3j:<br>\u00b7&nbsp;&nbsp;&nbsp;&nbsp;&nbsp;&nbsp;&nbsp;&nbsp; <strong>Jab\u0142o\u0144ska U.<\/strong>, Wojtalewski M., Kostro-Ambroziak A.; referat <em>\u201e<\/em>Z wiekiem wiele si\u0119 zmienia \u2013 opieka matczyna nad kokonem u<em> Pardosa paludicola<\/em> (Lycosidae)\u201d<br>\u00b7&nbsp;&nbsp;&nbsp;&nbsp;&nbsp;&nbsp;&nbsp;&nbsp; Kostro-Ambroziak A., <strong>Jab\u0142o\u0144ska U.<\/strong>; referat \u201eGdy wychodzi nie podaj\u0105c imienia\u2026 &#8211; nicienie Mermithidae zwi\u0105zane z paj\u0105kami (Araneae)\u201d<br><br> 36th Annual Meeting of the Scandinavian Association for Pollination Ecology, Gimo (Szwecja), 13-16.10.2022r., Gimo, Sweden; Jermakowicz E., Szefler P., Sobieraj-Betli\u0144ska A., Ulaszewski B., <strong>Jab\u0142o\u0144ska U.<\/strong>, Burzy\u0144ska J., Charubin B., Wr\u00f3bel K., Mierzy\u0144ska K., Kozikowski D., Pliszko A., Chmielewska S., Kostro-Ambroziak A.; poster ,,Where and what kind? Planning urban flower meadows to support bee diversity\u201d<\/td><\/tr><tr><td><strong>C. Granty<\/strong><\/td><td><\/td><\/tr><tr><td><strong>D. Zrealizowane sta\u017ce<\/strong><\/td><td><\/td><\/tr><tr><td><strong>E. Inne aktywno\u015bci\/osi\u0105gni\u0119cia naukowe<\/strong><\/td><td><\/td><\/tr><tr><td><strong>Inna aktywno\u015b\u0107, np. organizacyjna<\/strong><\/td><td>Cz\u0142onek Rady Doktorant\u00f3w Szko\u0142y Doktorskiej Nauk \u015acis\u0142ych<br>i Przyrodniczych \u00a0<br><br>Cz\u0142onek Ko\u0142a Naukowego Biolog\u00f3w im. Dr. W. Ch\u0119tnickiego<br> <br>Wsp\u00f3\u0142prowadzenie zaj\u0119\u0107 o owadach dla uczennic Specjalnego O\u015brodka Szkolno-Wychowawczego im. Waldemara Kikolskiego w Bia\u0142ymstoku (13.12.2022r.)<\/td><\/tr><\/tbody><\/table><\/figure>\n","protected":false},"excerpt":{"rendered":"<p>E-mail u.jablonska@uwb.edu.pl &nbsp; Kod ORCID 0000-0002-2365-7414 &nbsp; Temat rozprawy doktorskiej Paj\u0105ki: opieka matczyna i czynniki j\u0105 warunkuj\u0105ce, wp\u0142yw parazytoid\u00f3w i paso\u017cyt\u00f3w na sukces rozrodczy samic. &nbsp; Promotor Dr hab. Marcin&hellip;<\/p>\n","protected":false},"author":14,"featured_media":0,"parent":0,"menu_order":0,"comment_status":"closed","ping_status":"closed","template":"","meta":{"footnotes":""},"class_list":["post-1643","page","type-page","status-publish","hentry"],"yoast_head":"<!-- This site is optimized with the Yoast SEO plugin v27.3 - https:\/\/yoast.com\/product\/yoast-seo-wordpress\/ -->\n<title>mgr Urszula Jab\u0142o\u0144ska - Szko\u0142a Doktorska Nauk \u015acis\u0142ych i Przyrodniczych UwB<\/title>\n<meta name=\"robots\" content=\"index, follow, max-snippet:-1, max-image-preview:large, max-video-preview:-1\" \/>\n<link rel=\"canonical\" href=\"https:\/\/szkolydoktorskie.uwb.edu.pl\/nsip\/mgr-urszula-jablonska\/\" \/>\n<meta property=\"og:locale\" content=\"pl_PL\" \/>\n<meta property=\"og:type\" content=\"article\" \/>\n<meta property=\"og:title\" content=\"mgr Urszula Jab\u0142o\u0144ska - Szko\u0142a Doktorska Nauk \u015acis\u0142ych i Przyrodniczych UwB\" \/>\n<meta property=\"og:description\" content=\"E-mail u.jablonska@uwb.edu.pl &nbsp; Kod ORCID 0000-0002-2365-7414 &nbsp; Temat rozprawy doktorskiej Paj\u0105ki: opieka matczyna i czynniki j\u0105 warunkuj\u0105ce, wp\u0142yw parazytoid\u00f3w i paso\u017cyt\u00f3w na sukces rozrodczy samic. &nbsp; Promotor Dr hab. Marcin&hellip;\" \/>\n<meta property=\"og:url\" content=\"https:\/\/szkolydoktorskie.uwb.edu.pl\/nsip\/mgr-urszula-jablonska\/\" \/>\n<meta property=\"og:site_name\" content=\"Szko\u0142a Doktorska Nauk \u015acis\u0142ych i Przyrodniczych UwB\" \/>\n<meta property=\"article:modified_time\" content=\"2023-03-15T10:55:23+00:00\" \/>\n<meta property=\"og:image\" content=\"https:\/\/szkolydoktorskie.uwb.edu.pl\/nsip\/wp-content\/uploads\/sites\/4\/2022\/12\/obraz-1.png\" \/>\n<meta name=\"twitter:card\" content=\"summary_large_image\" \/>\n<meta name=\"twitter:label1\" content=\"Szacowany czas czytania\" \/>\n\t<meta name=\"twitter:data1\" content=\"2 minuty\" \/>\n<script type=\"application\/ld+json\" class=\"yoast-schema-graph\">{\"@context\":\"https:\\\/\\\/schema.org\",\"@graph\":[{\"@type\":\"WebPage\",\"@id\":\"https:\\\/\\\/szkolydoktorskie.uwb.edu.pl\\\/nsip\\\/mgr-urszula-jablonska\\\/\",\"url\":\"https:\\\/\\\/szkolydoktorskie.uwb.edu.pl\\\/nsip\\\/mgr-urszula-jablonska\\\/\",\"name\":\"mgr Urszula Jab\u0142o\u0144ska - Szko\u0142a Doktorska Nauk \u015acis\u0142ych i Przyrodniczych UwB\",\"isPartOf\":{\"@id\":\"https:\\\/\\\/szkolydoktorskie.uwb.edu.pl\\\/nsip\\\/#website\"},\"primaryImageOfPage\":{\"@id\":\"https:\\\/\\\/szkolydoktorskie.uwb.edu.pl\\\/nsip\\\/mgr-urszula-jablonska\\\/#primaryimage\"},\"image\":{\"@id\":\"https:\\\/\\\/szkolydoktorskie.uwb.edu.pl\\\/nsip\\\/mgr-urszula-jablonska\\\/#primaryimage\"},\"thumbnailUrl\":\"https:\\\/\\\/szkolydoktorskie.uwb.edu.pl\\\/nsip\\\/wp-content\\\/uploads\\\/sites\\\/4\\\/2022\\\/12\\\/obraz-1.png\",\"datePublished\":\"2022-12-14T12:04:08+00:00\",\"dateModified\":\"2023-03-15T10:55:23+00:00\",\"breadcrumb\":{\"@id\":\"https:\\\/\\\/szkolydoktorskie.uwb.edu.pl\\\/nsip\\\/mgr-urszula-jablonska\\\/#breadcrumb\"},\"inLanguage\":\"pl-PL\",\"potentialAction\":[{\"@type\":\"ReadAction\",\"target\":[\"https:\\\/\\\/szkolydoktorskie.uwb.edu.pl\\\/nsip\\\/mgr-urszula-jablonska\\\/\"]}]},{\"@type\":\"ImageObject\",\"inLanguage\":\"pl-PL\",\"@id\":\"https:\\\/\\\/szkolydoktorskie.uwb.edu.pl\\\/nsip\\\/mgr-urszula-jablonska\\\/#primaryimage\",\"url\":\"https:\\\/\\\/szkolydoktorskie.uwb.edu.pl\\\/nsip\\\/wp-content\\\/uploads\\\/sites\\\/4\\\/2022\\\/12\\\/obraz-1.png\",\"contentUrl\":\"https:\\\/\\\/szkolydoktorskie.uwb.edu.pl\\\/nsip\\\/wp-content\\\/uploads\\\/sites\\\/4\\\/2022\\\/12\\\/obraz-1.png\",\"width\":363,\"height\":467},{\"@type\":\"BreadcrumbList\",\"@id\":\"https:\\\/\\\/szkolydoktorskie.uwb.edu.pl\\\/nsip\\\/mgr-urszula-jablonska\\\/#breadcrumb\",\"itemListElement\":[{\"@type\":\"ListItem\",\"position\":1,\"name\":\"Strona g\u0142\u00f3wna\",\"item\":\"https:\\\/\\\/szkolydoktorskie.uwb.edu.pl\\\/nsip\\\/\"},{\"@type\":\"ListItem\",\"position\":2,\"name\":\"mgr Urszula Jab\u0142o\u0144ska\"}]},{\"@type\":\"WebSite\",\"@id\":\"https:\\\/\\\/szkolydoktorskie.uwb.edu.pl\\\/nsip\\\/#website\",\"url\":\"https:\\\/\\\/szkolydoktorskie.uwb.edu.pl\\\/nsip\\\/\",\"name\":\"Szko\u0142a Doktorska Nauk \u015acis\u0142ych i Przyrodniczych UwB\",\"description\":\"Szko\u0142a Doktorska Nauk \u015acis\u0142ych i Przyrodniczych UwB\",\"publisher\":{\"@id\":\"https:\\\/\\\/szkolydoktorskie.uwb.edu.pl\\\/nsip\\\/#organization\"},\"potentialAction\":[{\"@type\":\"SearchAction\",\"target\":{\"@type\":\"EntryPoint\",\"urlTemplate\":\"https:\\\/\\\/szkolydoktorskie.uwb.edu.pl\\\/nsip\\\/?s={search_term_string}\"},\"query-input\":{\"@type\":\"PropertyValueSpecification\",\"valueRequired\":true,\"valueName\":\"search_term_string\"}}],\"inLanguage\":\"pl-PL\"},{\"@type\":\"Organization\",\"@id\":\"https:\\\/\\\/szkolydoktorskie.uwb.edu.pl\\\/nsip\\\/#organization\",\"name\":\"Szko\u0142a Doktorska Nauk \u015acis\u0142ych i Przyrodniczych UwB\",\"url\":\"https:\\\/\\\/szkolydoktorskie.uwb.edu.pl\\\/nsip\\\/\",\"logo\":{\"@type\":\"ImageObject\",\"inLanguage\":\"pl-PL\",\"@id\":\"https:\\\/\\\/szkolydoktorskie.uwb.edu.pl\\\/nsip\\\/#\\\/schema\\\/logo\\\/image\\\/\",\"url\":\"https:\\\/\\\/szkolydoktorskie.uwb.edu.pl\\\/nsip\\\/wp-content\\\/uploads\\\/sites\\\/4\\\/2021\\\/04\\\/cropped-LOGO-NSIP.png\",\"contentUrl\":\"https:\\\/\\\/szkolydoktorskie.uwb.edu.pl\\\/nsip\\\/wp-content\\\/uploads\\\/sites\\\/4\\\/2021\\\/04\\\/cropped-LOGO-NSIP.png\",\"width\":705,\"height\":188,\"caption\":\"Szko\u0142a Doktorska Nauk \u015acis\u0142ych i Przyrodniczych UwB\"},\"image\":{\"@id\":\"https:\\\/\\\/szkolydoktorskie.uwb.edu.pl\\\/nsip\\\/#\\\/schema\\\/logo\\\/image\\\/\"}}]}<\/script>\n<!-- \/ Yoast SEO plugin. -->","yoast_head_json":{"title":"mgr Urszula Jab\u0142o\u0144ska - Szko\u0142a Doktorska Nauk \u015acis\u0142ych i Przyrodniczych UwB","robots":{"index":"index","follow":"follow","max-snippet":"max-snippet:-1","max-image-preview":"max-image-preview:large","max-video-preview":"max-video-preview:-1"},"canonical":"https:\/\/szkolydoktorskie.uwb.edu.pl\/nsip\/mgr-urszula-jablonska\/","og_locale":"pl_PL","og_type":"article","og_title":"mgr Urszula Jab\u0142o\u0144ska - Szko\u0142a Doktorska Nauk \u015acis\u0142ych i Przyrodniczych UwB","og_description":"E-mail u.jablonska@uwb.edu.pl &nbsp; Kod ORCID 0000-0002-2365-7414 &nbsp; Temat rozprawy doktorskiej Paj\u0105ki: opieka matczyna i czynniki j\u0105 warunkuj\u0105ce, wp\u0142yw parazytoid\u00f3w i paso\u017cyt\u00f3w na sukces rozrodczy samic. &nbsp; Promotor Dr hab. Marcin&hellip;","og_url":"https:\/\/szkolydoktorskie.uwb.edu.pl\/nsip\/mgr-urszula-jablonska\/","og_site_name":"Szko\u0142a Doktorska Nauk \u015acis\u0142ych i Przyrodniczych UwB","article_modified_time":"2023-03-15T10:55:23+00:00","og_image":[{"url":"https:\/\/szkolydoktorskie.uwb.edu.pl\/nsip\/wp-content\/uploads\/sites\/4\/2022\/12\/obraz-1.png","type":"","width":"","height":""}],"twitter_card":"summary_large_image","twitter_misc":{"Szacowany czas czytania":"2 minuty"},"schema":{"@context":"https:\/\/schema.org","@graph":[{"@type":"WebPage","@id":"https:\/\/szkolydoktorskie.uwb.edu.pl\/nsip\/mgr-urszula-jablonska\/","url":"https:\/\/szkolydoktorskie.uwb.edu.pl\/nsip\/mgr-urszula-jablonska\/","name":"mgr Urszula Jab\u0142o\u0144ska - Szko\u0142a Doktorska Nauk \u015acis\u0142ych i Przyrodniczych UwB","isPartOf":{"@id":"https:\/\/szkolydoktorskie.uwb.edu.pl\/nsip\/#website"},"primaryImageOfPage":{"@id":"https:\/\/szkolydoktorskie.uwb.edu.pl\/nsip\/mgr-urszula-jablonska\/#primaryimage"},"image":{"@id":"https:\/\/szkolydoktorskie.uwb.edu.pl\/nsip\/mgr-urszula-jablonska\/#primaryimage"},"thumbnailUrl":"https:\/\/szkolydoktorskie.uwb.edu.pl\/nsip\/wp-content\/uploads\/sites\/4\/2022\/12\/obraz-1.png","datePublished":"2022-12-14T12:04:08+00:00","dateModified":"2023-03-15T10:55:23+00:00","breadcrumb":{"@id":"https:\/\/szkolydoktorskie.uwb.edu.pl\/nsip\/mgr-urszula-jablonska\/#breadcrumb"},"inLanguage":"pl-PL","potentialAction":[{"@type":"ReadAction","target":["https:\/\/szkolydoktorskie.uwb.edu.pl\/nsip\/mgr-urszula-jablonska\/"]}]},{"@type":"ImageObject","inLanguage":"pl-PL","@id":"https:\/\/szkolydoktorskie.uwb.edu.pl\/nsip\/mgr-urszula-jablonska\/#primaryimage","url":"https:\/\/szkolydoktorskie.uwb.edu.pl\/nsip\/wp-content\/uploads\/sites\/4\/2022\/12\/obraz-1.png","contentUrl":"https:\/\/szkolydoktorskie.uwb.edu.pl\/nsip\/wp-content\/uploads\/sites\/4\/2022\/12\/obraz-1.png","width":363,"height":467},{"@type":"BreadcrumbList","@id":"https:\/\/szkolydoktorskie.uwb.edu.pl\/nsip\/mgr-urszula-jablonska\/#breadcrumb","itemListElement":[{"@type":"ListItem","position":1,"name":"Strona g\u0142\u00f3wna","item":"https:\/\/szkolydoktorskie.uwb.edu.pl\/nsip\/"},{"@type":"ListItem","position":2,"name":"mgr Urszula Jab\u0142o\u0144ska"}]},{"@type":"WebSite","@id":"https:\/\/szkolydoktorskie.uwb.edu.pl\/nsip\/#website","url":"https:\/\/szkolydoktorskie.uwb.edu.pl\/nsip\/","name":"Szko\u0142a Doktorska Nauk \u015acis\u0142ych i Przyrodniczych UwB","description":"Szko\u0142a Doktorska Nauk \u015acis\u0142ych i Przyrodniczych UwB","publisher":{"@id":"https:\/\/szkolydoktorskie.uwb.edu.pl\/nsip\/#organization"},"potentialAction":[{"@type":"SearchAction","target":{"@type":"EntryPoint","urlTemplate":"https:\/\/szkolydoktorskie.uwb.edu.pl\/nsip\/?s={search_term_string}"},"query-input":{"@type":"PropertyValueSpecification","valueRequired":true,"valueName":"search_term_string"}}],"inLanguage":"pl-PL"},{"@type":"Organization","@id":"https:\/\/szkolydoktorskie.uwb.edu.pl\/nsip\/#organization","name":"Szko\u0142a Doktorska Nauk \u015acis\u0142ych i Przyrodniczych UwB","url":"https:\/\/szkolydoktorskie.uwb.edu.pl\/nsip\/","logo":{"@type":"ImageObject","inLanguage":"pl-PL","@id":"https:\/\/szkolydoktorskie.uwb.edu.pl\/nsip\/#\/schema\/logo\/image\/","url":"https:\/\/szkolydoktorskie.uwb.edu.pl\/nsip\/wp-content\/uploads\/sites\/4\/2021\/04\/cropped-LOGO-NSIP.png","contentUrl":"https:\/\/szkolydoktorskie.uwb.edu.pl\/nsip\/wp-content\/uploads\/sites\/4\/2021\/04\/cropped-LOGO-NSIP.png","width":705,"height":188,"caption":"Szko\u0142a Doktorska Nauk \u015acis\u0142ych i Przyrodniczych UwB"},"image":{"@id":"https:\/\/szkolydoktorskie.uwb.edu.pl\/nsip\/#\/schema\/logo\/image\/"}}]}},"_links":{"self":[{"href":"https:\/\/szkolydoktorskie.uwb.edu.pl\/nsip\/wp-json\/wp\/v2\/pages\/1643","targetHints":{"allow":["GET"]}}],"collection":[{"href":"https:\/\/szkolydoktorskie.uwb.edu.pl\/nsip\/wp-json\/wp\/v2\/pages"}],"about":[{"href":"https:\/\/szkolydoktorskie.uwb.edu.pl\/nsip\/wp-json\/wp\/v2\/types\/page"}],"author":[{"embeddable":true,"href":"https:\/\/szkolydoktorskie.uwb.edu.pl\/nsip\/wp-json\/wp\/v2\/users\/14"}],"replies":[{"embeddable":true,"href":"https:\/\/szkolydoktorskie.uwb.edu.pl\/nsip\/wp-json\/wp\/v2\/comments?post=1643"}],"version-history":[{"count":8,"href":"https:\/\/szkolydoktorskie.uwb.edu.pl\/nsip\/wp-json\/wp\/v2\/pages\/1643\/revisions"}],"predecessor-version":[{"id":2309,"href":"https:\/\/szkolydoktorskie.uwb.edu.pl\/nsip\/wp-json\/wp\/v2\/pages\/1643\/revisions\/2309"}],"wp:attachment":[{"href":"https:\/\/szkolydoktorskie.uwb.edu.pl\/nsip\/wp-json\/wp\/v2\/media?parent=1643"}],"curies":[{"name":"wp","href":"https:\/\/api.w.org\/{rel}","templated":true}]}}