{"id":1327,"date":"2022-07-12T13:48:15","date_gmt":"2022-07-12T11:48:15","guid":{"rendered":"https:\/\/szkolydoktorskie.uwb.edu.pl\/nsip\/?page_id=1327"},"modified":"2023-07-20T08:13:24","modified_gmt":"2023-07-20T06:13:24","slug":"mgr-dawid-szymczuk","status":"publish","type":"page","link":"https:\/\/szkolydoktorskie.uwb.edu.pl\/nsip\/mgr-dawid-szymczuk\/","title":{"rendered":"mgr Dawid Szymczuk"},"content":{"rendered":"\n<figure class=\"wp-block-table\"><table><tbody><tr><td><strong>E-mail&nbsp;<\/strong><\/td><td>d.szymczuk@uwb.edu.pl<\/td><\/tr><tr><td><strong>Kod ORCID<\/strong><\/td><td>https:\/\/orcid.org\/0000-0002-8225-3196<\/td><\/tr><tr><td><strong>Temat rozprawy doktorskiej<\/strong><\/td><td>\u201ePolimerowe no\u015bniki lek\u00f3w zawieraj\u0105ce pochodne kwas\u00f3w \u017c\u00f3\u0142ciowych\u201d<\/td><\/tr><tr><td><strong>Promotor<\/strong><\/td><td>prof. dr hab. Agnieszka Zofia Wilczewska<\/td><\/tr><tr><td><strong>Promotor pomocniczy<\/strong><\/td><td>dr Karolina Halina Markiewicz<\/td><\/tr><tr><td><strong>Wydzia\u0142 \/Katedra\/Zak\u0142ad<\/strong><\/td><td>Wydzia\u0142 Chemii\/Zak\u0142ad Chemii Polimer\u00f3w i Syntezy Organicznej<\/td><\/tr><tr><td><strong>Dzia\u0142alno\u015b\u0107 naukowo-badawcza<\/strong><\/td><td><\/td><\/tr><tr><td><strong>A.&nbsp;&nbsp;&nbsp;&nbsp;Publikacje naukowe<\/strong><\/td><td><\/td><\/tr><tr><td><strong>A1. Artyku\u0142y naukowe w czasopismach<\/strong><\/td><td>Markiewicz K.H.,* Niemirowicz-Laskowska <strong>K, Szymczuk<\/strong> D, Makarewicz K, Misztalewska-Turkowicz I, Wielgat P, Majcher-Fitas AM, Milewska S, Car H, Wilczewska AZ &#8222;Magnetic Particles with Polymeric Shells Bearing Cholesterol Moieties Sensitize Breast Cancer Cells <br>to Low Doses of Doxorubicin&#8221;,&nbsp;<em>International Journal of Molecular Science<\/em>, 2021,&nbsp;<em>22<\/em>(9), [140 pkt, IF=5,924] &nbsp; <br><br>Misiak P, Markiewicz KH, <strong>Szymczuk D<\/strong>, Wilczewska A.Z. &#8222;Polymeric drug delivery systems bearing cholesterol moieties; A review&#8221;, <em>Polymers<\/em>, 2020, 12(11) [100 pkt, IF=4,329]<\/td><\/tr><tr><td><strong>A2. Monografie naukowe\/rozdzia\u0142y w monografiach<\/strong><\/td><td><\/td><\/tr><tr><td><strong>B. Konferencje naukowe<\/strong><\/td><td>e-Zjazd Wiosenny Sekcji Studenckiej Polskiego Towarzystwa Chemicznego, 27-29 maja 2021; <strong>Dawid Szymczuk, <\/strong>Karolina H. Markiewicz, Katarzyna Niemirowicz-Laskowska ,Iwona Misztalewska-Turkowicz, Przemys\u0142aw Wielgat, Anna M. Majcher-Fitas, Sylwia Milewska, Pawe\u0142 Misiak, Halina Car, Agnieszka Z. Wilczewska; e-poster + kr\u00f3tka prezentacja audio \u201eCz\u0105stki magnetyczne sfunkcjonalizowane pow\u0142okami polimerowymi zawieraj\u0105cymi pochodne cholesterolu&#8221;<br><br>Zjazd Naukowy Polskiego Towarzystwa Chemicznego, \u0141od\u017a, 13-17 wrze\u015bnia 2021; <strong>Dawid Szymczuk, <\/strong>Karolina H. Markiewicz, Agnieszka Z. Wilczewska; poster \u201eCz\u0105stki magnetyczne sfunkcjonalizowane pow\u0142okami polimerowymi zawieraj\u0105cymi pochodne kwasu litocholowego\u201d<br><br>Konferencja mi\u0119dzynarodowa POLYMAT 2022, Zabrze, 17 marca 2022; <strong>Dawid Szymczuk, <\/strong>Karolina H. Markiewicz, Katarzyna Niemirowicz-Laskowska, Iwona Misztalewska-Turkowicz, Przemys\u0142aw Wielgat, Sylwia Milewska, Halina Car, Agnieszka Z. Wilczewska; poster \u201eBiological application of magnetic particles with polymeric shells containing cholesterol moieties\u201d<br><br>Konferencja mi\u0119dzynarodowa Bordeaux Polymer Conference 2022, Bourdeaux (Francja), 13-16 czerwca 2022; <strong>Dawid Szymczuk, <\/strong>Karolina H. Markiewicz, Iwona Misztalewska-Turkowicz, Anna Majcher-Fitas,&nbsp; Agnieszka Z. Wilczewska; poster \u201ePhysicochemical properties of magnetic particles with polymeric shells containing cholesterol moieties\u201d<\/td><\/tr><tr><td><strong>C. Granty<\/strong><\/td><td>&#8222;Dwa w jednym \u2013 nowe polimery fluorescencyjne do jednoczesnego obrazowania oraz dostarczania leku\u201d, (NCN, konkurs OPUS), kierownik projektu: prof. dr hab. Agnieszka Zofia Wilczewska; rola w projekcie: wykonawca\/doktorant (wrzesie\u0144 2020 &#8211; obecnie)<\/td><\/tr><tr><td><strong>D. Zrealizowane sta\u017ce<\/strong><\/td><td><strong>20.03.2022 \u2013 02.04.2022<\/strong> Uniwersytet \u0141\u00f3dzki<\/td><\/tr><tr><td><strong>E. Inne aktywno\u015bci\/osi\u0105gni\u0119cia naukowe<\/strong><\/td><td><strong>Udzia\u0142 w szkoleniach, webinarach i wyk\u0142adach:<\/strong><br><br> Webinar \u201eEfektywne publikowanie naukowe\u201d &#8211; ACADEMYA <br><br>Webinar \u201ePisanie pracy doktorskiej\u201d &#8211; ACADEMYA <br><br>Szkolenie \u201eFa\u0142szywe informacje w nauce\u201d \u2013 Repozytorium, Uniwersytetu w Bia\u0142ymstoku<br><br>Zaawansowane szkolenie z obs\u0142ugi analizatora wielko\u015bci, st\u0119\u017cenia <br>i potencja\u0142u zeta cz\u0105stek Zetasizer Ultra Red (ZSU3305) wraz z wyposa\u017ceniem\u201d &#8211; A.P. INSTRUMENTS <br><br>\u201eSzkolenie z zakresu pomiar\u00f3w fluorescencyjnych\u201d -ABL&amp;E-JASCO Polska Sp. z o.o. <br><br>Szkolenie \u201eAnaliza mikroplastik\u00f3w technik\u0105 spektroskopii FT-IR i Ramana\u201d &#8211; MS Spektrum<br><br> Webinar \u201eR\u00f3\u017cne mo\u017cliwo\u015bci przygotowywania pr\u00f3bek do analiz laboratoryjnych II\u201d &#8211; MS Spektrum<br><br>Webinar \u201ePodstawy metody ATR\u201d \u2013 MS Spectrum<br><br>Szkolenie \u2013 Zaw\u00f3d Doktorant \u2013 \u0141ukasz P\u00f3\u0142torak U\u0141\/UwB<br><br>Wyk\u0142ad PTChem prof. dr hab. in\u017c. S\u0142awomir Bakier pt.: \u201eChemia lasu\u201d <br><br>Warsztaty NCN dla Wnioskodawc\u00f3w <br><br>Udzia\u0142 w spotkaniu otwartym NCN w ramach Dni NCN w Bia\u0142ymstoku 11 maja 2022 r. <br><br>Wyk\u0142ad PTChem dr Krit Setthakarn pt.: \u201eChiral Dirhodium(II) Bidentate Ligand with \u03b1-Quaternary Carbon Centers: Catalysts in Carbene\/Alkyne Cascades\u201d<br><br>Wyk\u0142ad PTChem dr Marek Bartoszewicz pt.: \u201ePandemia, kt\u00f3ra wstrzyma\u0142a \u015bwiat\u201d<br><br><strong>Inna dzia\u0142alno\u015b\u0107<\/strong><br>Opieka naukowa nad pracami licencjackimi dw\u00f3ch student\u00f3w realizuj\u0105cych badania w Zak\u0142adzie Polimer\u00f3w i Syntezy Organicznej <br><br>W roku akademickim 2020\/2021 wsp\u00f3\u0142prowadzenie zaj\u0119\u0107 laboratoryjnych \u201eChemia Polimer\u00f3w\u201d dla student\u00f3w I roku II stopnia Chemii. <br><br>W roku akademickim 2021\/2022 prowadzenie i wsp\u00f3\u0142prowadzenie zaj\u0119\u0107 laboratoryjnych \u201eChemia Materia\u0142\u00f3w\u201d dla student\u00f3w III roku I stopnia Chemii.<\/td><\/tr><tr><td><strong>Inna aktywno\u015b\u0107, np. organizacyjna<\/strong><\/td><td>Czynny udzia\u0142 w wydarzeniu \u201eSpotkania z Nauk\u0105\u201d organizowanym na Wydziale Chemii UwB, Marzec \u2013 Maj 2021 r. <br><br>Realizacja nagrania \u201eEksperymenty z Jajem\u201d umieszczonego na oficjalnym kanale YouTube Wydzia\u0142u Chemii Uniwersytetu w Bia\u0142ymstoku; Kwiecie\u0144 2021 r. <br><br>Realizacja nagra\u0144 audio-wideo oraz monta\u017c film\u00f3w publikowanych na oficjalnym kanale YouTube Wydzia\u0142u Chemii Uniwersytetu w Bia\u0142ymstoku: <br>\u201eMaseczka nie na opa\u0142\u201d, \u201eTest maseczki tr\u00f3jwarstwowej\u201d, \u201e\u015awiatowy dzie\u0144 recyklingu Wydzia\u0142 Chemii UwB\u201d, Pr\u00f3ba Trommera\u201d, \u201ePr\u00f3ba Fehlinga\u201d, \u201eReakcja Molischa\u201d, \u201eWykrywanie pier\u015bcienia aromatycznego\u201d, \u201eChemiczna krew\u201d, \u201ePr\u00f3ba Tollensa\u201d, \u201eWykrywanie uk\u0142ad\u00f3w 1,2-diolowych\u201d, \u201eWykrywanie wi\u0105zania podw\u00f3jnego\u201d, \u201eManganian(VII) potasu i w\u0119glowodory\u201d, \u201eRz\u0119dowo\u015b\u0107 alkoholi\u201d, \u201eTajemniczy azot\u201d, \u201eW\u0142a\u015bciwo\u015bci gaz\u00f3w\u201d, \u201eMro\u017cona wi\u0105zanka\u201d, \u201ePr\u00f3ba Molischa\u201d, \u201ePr\u00f3ba Lustra Srebrowego\u201d, \u201ePr\u00f3by Trommera i Fehlinga\u201d; Marzec \u2013 Maj 2021 r. <br><br>Udzia\u0142 w dw\u00f3ch mi\u0119dzynarodowych seminariach naukowych grupy badawczej Profesor Agnieszki Zofii Wilczewskiej oraz &nbsp;Profesora Mathiasa Destaraca &#8211; Wrzesie\u0144-Lipiec 2021 r. <br><br>Przygotowanie i przeprowadzenie szkolenia pt. \u201eWyznaczenie krytycznego st\u0119\u017cenia micelizacji metod\u0105 fluorymetryczn\u0105\u201d w ramach warsztat\u00f3w naukowych \u201eMetody spektroskopowe w projektowaniu<br>i otrzymywaniu lek\u00f3w oraz ich no\u015bnik\u00f3w\u201d organizowanych przez Wydzia\u0142 Chemii Uniwersytetu w Bia\u0142ymstoku przy wsp\u00f3\u0142pracy z ABL&amp;E-JASCO Polska Sp. z o.o. &#8211; Kwiecie\u0144 2022 r. <br><br>Czynny udzia\u0142 w wydarzeniu \u201eSpotkania z Nauk\u0105\u201d organizowanym na Wydziale Chemii UwB, organizacja konkursu ekologicznego, przygotowanie i prowadzenie warsztat\u00f3w pn. \u201eWarsztaty ekologiczne\u201d; Marzec \u2013 Maj 2022 r. <br><br>Przygotowanie i przeprowadzenie pokazu \u201eFascynuj\u0105cy \u015bwiat chemii\u201d<br>w szkole podstawowej nr 49 w Bia\u0142ymstoku; 10 kwiecie\u0144 2022 r. <br><br>Przygotowanie i przeprowadzenie pokaz\u00f3w \u201eChemiczna Ksi\u0105\u017cka Kucharska\u201d organizowanych w Centrum Handlowym Auchan Hetma\u0144ska w Bia\u0142ymstoku; 5 lutego 2022 r. <br><br>Realizacja nagrania w ramach cyklu \u201eChemia na sygnale\u201d umieszczonego na oficjalnym kanale YouTube Wydzia\u0142u Chemii Uniwersytetu w Bia\u0142ymstoku; Kwiecie\u0144 2022 r. <br><br>Realizacja nagra\u0144 audio-wideo oraz monta\u017c film\u00f3w publikowanych <br>na oficjalnym kanale YouTube Wydzia\u0142u Chemii Uniwersytetu w Bia\u0142ymstoku; Marzec \u2013 Maj 2022 r. <br><br>Udzia\u0142 w mi\u0119dzynarodowych seminariach naukowych grupy badawczej Profesor Agnieszki Zofii Wilczewskiej oraz Profesora Mathiasa Destaraca; Wrzesie\u0144-Czerwiec 2022 r. <br><br>Czynny udzia\u0142 w wydarzeniu \u201eXVIII Podlaski Festiwal Nauki i Sztuki\u201d; przygotowanie i prowadzenie warsztat\u00f3w \u201eEko-umys\u0142\u201d. 13 Maja 2022 r. <br><br>Cz\u0142onkostwo w Polskim Towarzystwie Chemicznym &#8211; od 2020 r. <br><br>Powo\u0142anie do Zespo\u0142u ds. Promocji Wydzia\u0142u Chemii UwB &#8211; od 02.2022 r.<\/td><\/tr><\/tbody><\/table><\/figure>\n","protected":false},"excerpt":{"rendered":"<p>E-mail&nbsp; d.szymczuk@uwb.edu.pl Kod ORCID https:\/\/orcid.org\/0000-0002-8225-3196 Temat rozprawy doktorskiej \u201ePolimerowe no\u015bniki lek\u00f3w zawieraj\u0105ce pochodne kwas\u00f3w \u017c\u00f3\u0142ciowych\u201d Promotor prof. dr hab. Agnieszka Zofia Wilczewska Promotor pomocniczy dr Karolina Halina Markiewicz Wydzia\u0142 \/Katedra\/Zak\u0142ad&hellip;<\/p>\n","protected":false},"author":12,"featured_media":0,"parent":0,"menu_order":0,"comment_status":"closed","ping_status":"closed","template":"","meta":{"footnotes":""},"class_list":["post-1327","page","type-page","status-publish","hentry"],"yoast_head":"<!-- This site is optimized with the Yoast SEO plugin v27.3 - https:\/\/yoast.com\/product\/yoast-seo-wordpress\/ -->\n<title>mgr Dawid Szymczuk - Szko\u0142a Doktorska Nauk \u015acis\u0142ych i Przyrodniczych UwB<\/title>\n<meta name=\"robots\" content=\"index, follow, max-snippet:-1, max-image-preview:large, max-video-preview:-1\" \/>\n<link rel=\"canonical\" href=\"https:\/\/szkolydoktorskie.uwb.edu.pl\/nsip\/mgr-dawid-szymczuk\/\" \/>\n<meta property=\"og:locale\" content=\"pl_PL\" \/>\n<meta property=\"og:type\" content=\"article\" \/>\n<meta property=\"og:title\" content=\"mgr Dawid Szymczuk - Szko\u0142a Doktorska Nauk \u015acis\u0142ych i Przyrodniczych UwB\" \/>\n<meta property=\"og:description\" content=\"E-mail&nbsp; d.szymczuk@uwb.edu.pl Kod ORCID https:\/\/orcid.org\/0000-0002-8225-3196 Temat rozprawy doktorskiej \u201ePolimerowe no\u015bniki lek\u00f3w zawieraj\u0105ce pochodne kwas\u00f3w \u017c\u00f3\u0142ciowych\u201d Promotor prof. dr hab. Agnieszka Zofia Wilczewska Promotor pomocniczy dr Karolina Halina Markiewicz Wydzia\u0142 \/Katedra\/Zak\u0142ad&hellip;\" \/>\n<meta property=\"og:url\" content=\"https:\/\/szkolydoktorskie.uwb.edu.pl\/nsip\/mgr-dawid-szymczuk\/\" \/>\n<meta property=\"og:site_name\" content=\"Szko\u0142a Doktorska Nauk \u015acis\u0142ych i Przyrodniczych UwB\" \/>\n<meta property=\"article:modified_time\" content=\"2023-07-20T06:13:24+00:00\" \/>\n<meta name=\"twitter:card\" content=\"summary_large_image\" \/>\n<meta name=\"twitter:label1\" content=\"Szacowany czas czytania\" \/>\n\t<meta name=\"twitter:data1\" content=\"4 minuty\" \/>\n<script type=\"application\/ld+json\" class=\"yoast-schema-graph\">{\"@context\":\"https:\\\/\\\/schema.org\",\"@graph\":[{\"@type\":\"WebPage\",\"@id\":\"https:\\\/\\\/szkolydoktorskie.uwb.edu.pl\\\/nsip\\\/mgr-dawid-szymczuk\\\/\",\"url\":\"https:\\\/\\\/szkolydoktorskie.uwb.edu.pl\\\/nsip\\\/mgr-dawid-szymczuk\\\/\",\"name\":\"mgr Dawid Szymczuk - Szko\u0142a Doktorska Nauk \u015acis\u0142ych i Przyrodniczych UwB\",\"isPartOf\":{\"@id\":\"https:\\\/\\\/szkolydoktorskie.uwb.edu.pl\\\/nsip\\\/#website\"},\"datePublished\":\"2022-07-12T11:48:15+00:00\",\"dateModified\":\"2023-07-20T06:13:24+00:00\",\"breadcrumb\":{\"@id\":\"https:\\\/\\\/szkolydoktorskie.uwb.edu.pl\\\/nsip\\\/mgr-dawid-szymczuk\\\/#breadcrumb\"},\"inLanguage\":\"pl-PL\",\"potentialAction\":[{\"@type\":\"ReadAction\",\"target\":[\"https:\\\/\\\/szkolydoktorskie.uwb.edu.pl\\\/nsip\\\/mgr-dawid-szymczuk\\\/\"]}]},{\"@type\":\"BreadcrumbList\",\"@id\":\"https:\\\/\\\/szkolydoktorskie.uwb.edu.pl\\\/nsip\\\/mgr-dawid-szymczuk\\\/#breadcrumb\",\"itemListElement\":[{\"@type\":\"ListItem\",\"position\":1,\"name\":\"Strona g\u0142\u00f3wna\",\"item\":\"https:\\\/\\\/szkolydoktorskie.uwb.edu.pl\\\/nsip\\\/\"},{\"@type\":\"ListItem\",\"position\":2,\"name\":\"mgr Dawid Szymczuk\"}]},{\"@type\":\"WebSite\",\"@id\":\"https:\\\/\\\/szkolydoktorskie.uwb.edu.pl\\\/nsip\\\/#website\",\"url\":\"https:\\\/\\\/szkolydoktorskie.uwb.edu.pl\\\/nsip\\\/\",\"name\":\"Szko\u0142a Doktorska Nauk \u015acis\u0142ych i Przyrodniczych UwB\",\"description\":\"Szko\u0142a Doktorska Nauk \u015acis\u0142ych i Przyrodniczych UwB\",\"publisher\":{\"@id\":\"https:\\\/\\\/szkolydoktorskie.uwb.edu.pl\\\/nsip\\\/#organization\"},\"potentialAction\":[{\"@type\":\"SearchAction\",\"target\":{\"@type\":\"EntryPoint\",\"urlTemplate\":\"https:\\\/\\\/szkolydoktorskie.uwb.edu.pl\\\/nsip\\\/?s={search_term_string}\"},\"query-input\":{\"@type\":\"PropertyValueSpecification\",\"valueRequired\":true,\"valueName\":\"search_term_string\"}}],\"inLanguage\":\"pl-PL\"},{\"@type\":\"Organization\",\"@id\":\"https:\\\/\\\/szkolydoktorskie.uwb.edu.pl\\\/nsip\\\/#organization\",\"name\":\"Szko\u0142a Doktorska Nauk \u015acis\u0142ych i Przyrodniczych UwB\",\"url\":\"https:\\\/\\\/szkolydoktorskie.uwb.edu.pl\\\/nsip\\\/\",\"logo\":{\"@type\":\"ImageObject\",\"inLanguage\":\"pl-PL\",\"@id\":\"https:\\\/\\\/szkolydoktorskie.uwb.edu.pl\\\/nsip\\\/#\\\/schema\\\/logo\\\/image\\\/\",\"url\":\"https:\\\/\\\/szkolydoktorskie.uwb.edu.pl\\\/nsip\\\/wp-content\\\/uploads\\\/sites\\\/4\\\/2021\\\/04\\\/cropped-LOGO-NSIP.png\",\"contentUrl\":\"https:\\\/\\\/szkolydoktorskie.uwb.edu.pl\\\/nsip\\\/wp-content\\\/uploads\\\/sites\\\/4\\\/2021\\\/04\\\/cropped-LOGO-NSIP.png\",\"width\":705,\"height\":188,\"caption\":\"Szko\u0142a Doktorska Nauk \u015acis\u0142ych i Przyrodniczych UwB\"},\"image\":{\"@id\":\"https:\\\/\\\/szkolydoktorskie.uwb.edu.pl\\\/nsip\\\/#\\\/schema\\\/logo\\\/image\\\/\"}}]}<\/script>\n<!-- \/ Yoast SEO plugin. -->","yoast_head_json":{"title":"mgr Dawid Szymczuk - Szko\u0142a Doktorska Nauk \u015acis\u0142ych i Przyrodniczych UwB","robots":{"index":"index","follow":"follow","max-snippet":"max-snippet:-1","max-image-preview":"max-image-preview:large","max-video-preview":"max-video-preview:-1"},"canonical":"https:\/\/szkolydoktorskie.uwb.edu.pl\/nsip\/mgr-dawid-szymczuk\/","og_locale":"pl_PL","og_type":"article","og_title":"mgr Dawid Szymczuk - Szko\u0142a Doktorska Nauk \u015acis\u0142ych i Przyrodniczych UwB","og_description":"E-mail&nbsp; d.szymczuk@uwb.edu.pl Kod ORCID https:\/\/orcid.org\/0000-0002-8225-3196 Temat rozprawy doktorskiej \u201ePolimerowe no\u015bniki lek\u00f3w zawieraj\u0105ce pochodne kwas\u00f3w \u017c\u00f3\u0142ciowych\u201d Promotor prof. dr hab. Agnieszka Zofia Wilczewska Promotor pomocniczy dr Karolina Halina Markiewicz Wydzia\u0142 \/Katedra\/Zak\u0142ad&hellip;","og_url":"https:\/\/szkolydoktorskie.uwb.edu.pl\/nsip\/mgr-dawid-szymczuk\/","og_site_name":"Szko\u0142a Doktorska Nauk \u015acis\u0142ych i Przyrodniczych UwB","article_modified_time":"2023-07-20T06:13:24+00:00","twitter_card":"summary_large_image","twitter_misc":{"Szacowany czas czytania":"4 minuty"},"schema":{"@context":"https:\/\/schema.org","@graph":[{"@type":"WebPage","@id":"https:\/\/szkolydoktorskie.uwb.edu.pl\/nsip\/mgr-dawid-szymczuk\/","url":"https:\/\/szkolydoktorskie.uwb.edu.pl\/nsip\/mgr-dawid-szymczuk\/","name":"mgr Dawid Szymczuk - Szko\u0142a Doktorska Nauk \u015acis\u0142ych i Przyrodniczych UwB","isPartOf":{"@id":"https:\/\/szkolydoktorskie.uwb.edu.pl\/nsip\/#website"},"datePublished":"2022-07-12T11:48:15+00:00","dateModified":"2023-07-20T06:13:24+00:00","breadcrumb":{"@id":"https:\/\/szkolydoktorskie.uwb.edu.pl\/nsip\/mgr-dawid-szymczuk\/#breadcrumb"},"inLanguage":"pl-PL","potentialAction":[{"@type":"ReadAction","target":["https:\/\/szkolydoktorskie.uwb.edu.pl\/nsip\/mgr-dawid-szymczuk\/"]}]},{"@type":"BreadcrumbList","@id":"https:\/\/szkolydoktorskie.uwb.edu.pl\/nsip\/mgr-dawid-szymczuk\/#breadcrumb","itemListElement":[{"@type":"ListItem","position":1,"name":"Strona g\u0142\u00f3wna","item":"https:\/\/szkolydoktorskie.uwb.edu.pl\/nsip\/"},{"@type":"ListItem","position":2,"name":"mgr Dawid Szymczuk"}]},{"@type":"WebSite","@id":"https:\/\/szkolydoktorskie.uwb.edu.pl\/nsip\/#website","url":"https:\/\/szkolydoktorskie.uwb.edu.pl\/nsip\/","name":"Szko\u0142a Doktorska Nauk \u015acis\u0142ych i Przyrodniczych UwB","description":"Szko\u0142a Doktorska Nauk \u015acis\u0142ych i Przyrodniczych UwB","publisher":{"@id":"https:\/\/szkolydoktorskie.uwb.edu.pl\/nsip\/#organization"},"potentialAction":[{"@type":"SearchAction","target":{"@type":"EntryPoint","urlTemplate":"https:\/\/szkolydoktorskie.uwb.edu.pl\/nsip\/?s={search_term_string}"},"query-input":{"@type":"PropertyValueSpecification","valueRequired":true,"valueName":"search_term_string"}}],"inLanguage":"pl-PL"},{"@type":"Organization","@id":"https:\/\/szkolydoktorskie.uwb.edu.pl\/nsip\/#organization","name":"Szko\u0142a Doktorska Nauk \u015acis\u0142ych i Przyrodniczych UwB","url":"https:\/\/szkolydoktorskie.uwb.edu.pl\/nsip\/","logo":{"@type":"ImageObject","inLanguage":"pl-PL","@id":"https:\/\/szkolydoktorskie.uwb.edu.pl\/nsip\/#\/schema\/logo\/image\/","url":"https:\/\/szkolydoktorskie.uwb.edu.pl\/nsip\/wp-content\/uploads\/sites\/4\/2021\/04\/cropped-LOGO-NSIP.png","contentUrl":"https:\/\/szkolydoktorskie.uwb.edu.pl\/nsip\/wp-content\/uploads\/sites\/4\/2021\/04\/cropped-LOGO-NSIP.png","width":705,"height":188,"caption":"Szko\u0142a Doktorska Nauk \u015acis\u0142ych i Przyrodniczych UwB"},"image":{"@id":"https:\/\/szkolydoktorskie.uwb.edu.pl\/nsip\/#\/schema\/logo\/image\/"}}]}},"_links":{"self":[{"href":"https:\/\/szkolydoktorskie.uwb.edu.pl\/nsip\/wp-json\/wp\/v2\/pages\/1327","targetHints":{"allow":["GET"]}}],"collection":[{"href":"https:\/\/szkolydoktorskie.uwb.edu.pl\/nsip\/wp-json\/wp\/v2\/pages"}],"about":[{"href":"https:\/\/szkolydoktorskie.uwb.edu.pl\/nsip\/wp-json\/wp\/v2\/types\/page"}],"author":[{"embeddable":true,"href":"https:\/\/szkolydoktorskie.uwb.edu.pl\/nsip\/wp-json\/wp\/v2\/users\/12"}],"replies":[{"embeddable":true,"href":"https:\/\/szkolydoktorskie.uwb.edu.pl\/nsip\/wp-json\/wp\/v2\/comments?post=1327"}],"version-history":[{"count":15,"href":"https:\/\/szkolydoktorskie.uwb.edu.pl\/nsip\/wp-json\/wp\/v2\/pages\/1327\/revisions"}],"predecessor-version":[{"id":2611,"href":"https:\/\/szkolydoktorskie.uwb.edu.pl\/nsip\/wp-json\/wp\/v2\/pages\/1327\/revisions\/2611"}],"wp:attachment":[{"href":"https:\/\/szkolydoktorskie.uwb.edu.pl\/nsip\/wp-json\/wp\/v2\/media?parent=1327"}],"curies":[{"name":"wp","href":"https:\/\/api.w.org\/{rel}","templated":true}]}}