{"id":13,"date":"2021-04-16T00:53:54","date_gmt":"2021-04-15T22:53:54","guid":{"rendered":"https:\/\/szkolydoktorskie.uwb.edu.pl\/ns\/?page_id=13"},"modified":"2024-02-05T14:18:05","modified_gmt":"2024-02-05T13:18:05","slug":"jakosc-ksztalcenia","status":"publish","type":"page","link":"https:\/\/szkolydoktorskie.uwb.edu.pl\/nsip\/jakosc-ksztalcenia\/","title":{"rendered":"Jako\u015b\u0107 Kszta\u0142cenia"},"content":{"rendered":"\n<p>Wewn\u0119trzny system zapewniania jako\u015bci kszta\u0142cenia w Uniwersytecie w Bia\u0142ymstoku:<\/p>\n\n\n\n<p><a href=\"https:\/\/bip.uwb.edu.pl\/download\/64\/32076\/2019-2614-1.pdf\"><strong>Uchwa\u0142a Senatu nr 2614 z dnia 27 listopada 2019 r. w sprawie ustalenia zasad dzia\u0142ania wewn\u0119trznego systemu zapewniania jako\u015bci kszta\u0142cenia w Uniwersytecie w Bia\u0142ymstoku<\/strong><\/a> <\/p>\n\n\n\n<p><\/p>\n\n\n\n<p><strong><a href=\"https:\/\/szkolydoktorskie.uwb.edu.pl\/nsip\/wp-content\/uploads\/sites\/4\/2024\/01\/Nr_2847_-_jakos____ksztacenia___zmiana_uchway_2614.pdf\">Uchwa\u0142a nr 2847 Senatu Uniwersytetu w Bia\u0142ymstoku z dnia 24 marca 2021 r. zmieniaj\u0105ca Uchwa\u0142\u0119 nr  2614 Senatu Uniwersytetu w Bia\u0142ymstoku z dnia 27 listopada 2019 r. w sprawie ustalenia zasad dzia\u0142ania wewn\u0119trznego systemu zapewniania jako\u015bci kszta\u0142cenia w Uniwersytecie w Bia\u0142ymstoku<\/a><\/strong><\/p>\n\n\n\n<p><a href=\"https:\/\/szkolydoktorskie.uwb.edu.pl\/nsip\/wp-content\/uploads\/sites\/4\/2024\/01\/Nr_2847_-_za__3b_Ankieta_ewaluacyjna_szkoy_doktorskie_1_.pdf\">Za\u0142\u0105cznik nr 2 do Uchwa\u0142y nr 2847 Senatu Uniwersytetu w Bia\u0142ymstoku z dnia 24 marca 2021 r. (ankieta ewaluacyjna szko\u0142y doktorskiej)<\/a><\/p>\n\n\n\n<p><a href=\"https:\/\/szkolydoktorskie.uwb.edu.pl\/nsip\/wp-content\/uploads\/sites\/4\/2023\/11\/1_-_Zespol_ds__jakosci_Ksztalcenia.pdf\">Decyzja nr 1 Rektora Uniwersytetu w Bia\u0142ymstoku z dnia 3 stycznia 2020 r. w sprawie powo\u0142ania Uczelnianego Zespo\u0142u ds. Jako\u015bci Kszta\u0142cenia<\/a><\/p>\n\n\n\n<p>                   <\/p>\n\n\n\n<p><\/p>\n\n\n\n<p>        <\/p>\n\n\n\n<h2 class=\"wp-block-heading\">Zesp\u00f3\u0142 ds. Jako\u015bci Kszta\u0142cenia Szko\u0142y Doktorskiej Nauk \u015acis\u0142ych i Przyrodniczych:<\/h2>\n\n\n\n<p>dr hab. Monika Naumowicz, prof. UwB \u2013 Przewodnicz\u0105ca Komisji<\/p>\n\n\n\n<p>prof. dr hab. Joanna Karpi\u0144ska<\/p>\n\n\n\n<p>dr hab. Andrzej Bajguz, prof. UwB<\/p>\n\n\n\n<p>dr hab. Dariusz Satu\u0142a, prof. UwB<\/p>\n\n\n\n<p>dr hab. Bartosz Kwa\u015bniewski, prof. UwB<\/p>\n\n\n\n<p>mgr Izabela Kurowska \u2013 przedstawiciel doktorant\u00f3w<\/p>\n\n\n\n<p>&nbsp;<\/p>\n\n\n\n<p><strong>SPRAWOZDANIE Z DZIA\u0141ANIA SYSTEMU ZAPEWNIENIA JAKO\u015aCI KSZTA\u0141CENIA<\/strong>:<\/p>\n\n\n\n<ul class=\"wp-block-list\">\n<li><strong><a href=\"https:\/\/szkolydoktorskie.uwb.edu.pl\/nsip\/wp-content\/uploads\/sites\/4\/2024\/02\/Sprawozdanie-z-zalacznikiem.pdf\">W ROKU AKADEMICKIM 2022\/2023<\/a><\/strong><\/li>\n<\/ul>\n\n\n\n<p><\/p>\n\n\n\n<ul class=\"wp-block-list\">\n<li><a href=\"https:\/\/szkolydoktorskie.uwb.edu.pl\/nsip\/wp-content\/uploads\/sites\/4\/2022\/11\/sprawozdanie-2021-2022.pdf\"><strong>W ROKU AKADEMICKIM 2021\/2022<\/strong><\/a><\/li>\n<\/ul>\n\n\n\n<ul class=\"wp-block-list\">\n<li><a href=\"https:\/\/szkolydoktorskie.uwb.edu.pl\/nsip\/wp-content\/uploads\/sites\/4\/2022\/01\/SPRAWOZDANIE-SDNSiP_2020_2021.pdf\"><strong>W ROKU AKADEMICKIM 2020\/2021<\/strong><\/a><\/li>\n<\/ul>\n\n\n\n<ul class=\"wp-block-list\">\n<li><strong><a href=\"https:\/\/www.uwb.edu.pl\/uploads\/tiny\/SPRAWOZDANIE%20SDNSiP_2019_2020%2030.11.2020.pdf\">W ROKU AKADEMICKIM 2019\/2020<\/a>&nbsp;<\/strong><\/li>\n<\/ul>\n\n\n\n<p><\/p>\n\n\n\n<p><\/p>\n\n\n\n<p><\/p>\n","protected":false},"excerpt":{"rendered":"<p>Wewn\u0119trzny system zapewniania jako\u015bci kszta\u0142cenia w Uniwersytecie w Bia\u0142ymstoku: Uchwa\u0142a Senatu nr 2614 z dnia 27 listopada 2019 r. w sprawie ustalenia zasad dzia\u0142ania wewn\u0119trznego systemu zapewniania jako\u015bci kszta\u0142cenia w&hellip;<\/p>\n","protected":false},"author":1,"featured_media":0,"parent":0,"menu_order":0,"comment_status":"closed","ping_status":"closed","template":"","meta":{"footnotes":""},"class_list":["post-13","page","type-page","status-publish","hentry"],"yoast_head":"<!-- This site is optimized with the Yoast SEO plugin v27.3 - https:\/\/yoast.com\/product\/yoast-seo-wordpress\/ -->\n<title>Jako\u015b\u0107 Kszta\u0142cenia - Szko\u0142a Doktorska Nauk \u015acis\u0142ych i Przyrodniczych UwB<\/title>\n<meta name=\"robots\" content=\"index, follow, max-snippet:-1, max-image-preview:large, max-video-preview:-1\" \/>\n<link rel=\"canonical\" href=\"https:\/\/szkolydoktorskie.uwb.edu.pl\/nsip\/jakosc-ksztalcenia\/\" \/>\n<meta property=\"og:locale\" content=\"pl_PL\" \/>\n<meta property=\"og:type\" content=\"article\" \/>\n<meta property=\"og:title\" content=\"Jako\u015b\u0107 Kszta\u0142cenia - Szko\u0142a Doktorska Nauk \u015acis\u0142ych i Przyrodniczych UwB\" \/>\n<meta property=\"og:description\" content=\"Wewn\u0119trzny system zapewniania jako\u015bci kszta\u0142cenia w Uniwersytecie w Bia\u0142ymstoku: Uchwa\u0142a Senatu nr 2614 z dnia 27 listopada 2019 r. w sprawie ustalenia zasad dzia\u0142ania wewn\u0119trznego systemu zapewniania jako\u015bci kszta\u0142cenia w&hellip;\" \/>\n<meta property=\"og:url\" content=\"https:\/\/szkolydoktorskie.uwb.edu.pl\/nsip\/jakosc-ksztalcenia\/\" \/>\n<meta property=\"og:site_name\" content=\"Szko\u0142a Doktorska Nauk \u015acis\u0142ych i Przyrodniczych UwB\" \/>\n<meta property=\"article:modified_time\" content=\"2024-02-05T13:18:05+00:00\" \/>\n<meta name=\"twitter:card\" content=\"summary_large_image\" \/>\n<meta name=\"twitter:label1\" content=\"Szacowany czas czytania\" \/>\n\t<meta name=\"twitter:data1\" content=\"2 minuty\" \/>\n<script type=\"application\/ld+json\" class=\"yoast-schema-graph\">{\"@context\":\"https:\\\/\\\/schema.org\",\"@graph\":[{\"@type\":\"WebPage\",\"@id\":\"https:\\\/\\\/szkolydoktorskie.uwb.edu.pl\\\/nsip\\\/jakosc-ksztalcenia\\\/\",\"url\":\"https:\\\/\\\/szkolydoktorskie.uwb.edu.pl\\\/nsip\\\/jakosc-ksztalcenia\\\/\",\"name\":\"Jako\u015b\u0107 Kszta\u0142cenia - Szko\u0142a Doktorska Nauk \u015acis\u0142ych i Przyrodniczych UwB\",\"isPartOf\":{\"@id\":\"https:\\\/\\\/szkolydoktorskie.uwb.edu.pl\\\/nsip\\\/#website\"},\"datePublished\":\"2021-04-15T22:53:54+00:00\",\"dateModified\":\"2024-02-05T13:18:05+00:00\",\"breadcrumb\":{\"@id\":\"https:\\\/\\\/szkolydoktorskie.uwb.edu.pl\\\/nsip\\\/jakosc-ksztalcenia\\\/#breadcrumb\"},\"inLanguage\":\"pl-PL\",\"potentialAction\":[{\"@type\":\"ReadAction\",\"target\":[\"https:\\\/\\\/szkolydoktorskie.uwb.edu.pl\\\/nsip\\\/jakosc-ksztalcenia\\\/\"]}]},{\"@type\":\"BreadcrumbList\",\"@id\":\"https:\\\/\\\/szkolydoktorskie.uwb.edu.pl\\\/nsip\\\/jakosc-ksztalcenia\\\/#breadcrumb\",\"itemListElement\":[{\"@type\":\"ListItem\",\"position\":1,\"name\":\"Strona g\u0142\u00f3wna\",\"item\":\"https:\\\/\\\/szkolydoktorskie.uwb.edu.pl\\\/nsip\\\/\"},{\"@type\":\"ListItem\",\"position\":2,\"name\":\"Jako\u015b\u0107 Kszta\u0142cenia\"}]},{\"@type\":\"WebSite\",\"@id\":\"https:\\\/\\\/szkolydoktorskie.uwb.edu.pl\\\/nsip\\\/#website\",\"url\":\"https:\\\/\\\/szkolydoktorskie.uwb.edu.pl\\\/nsip\\\/\",\"name\":\"Szko\u0142a Doktorska Nauk \u015acis\u0142ych i Przyrodniczych UwB\",\"description\":\"Szko\u0142a Doktorska Nauk \u015acis\u0142ych i Przyrodniczych UwB\",\"publisher\":{\"@id\":\"https:\\\/\\\/szkolydoktorskie.uwb.edu.pl\\\/nsip\\\/#organization\"},\"potentialAction\":[{\"@type\":\"SearchAction\",\"target\":{\"@type\":\"EntryPoint\",\"urlTemplate\":\"https:\\\/\\\/szkolydoktorskie.uwb.edu.pl\\\/nsip\\\/?s={search_term_string}\"},\"query-input\":{\"@type\":\"PropertyValueSpecification\",\"valueRequired\":true,\"valueName\":\"search_term_string\"}}],\"inLanguage\":\"pl-PL\"},{\"@type\":\"Organization\",\"@id\":\"https:\\\/\\\/szkolydoktorskie.uwb.edu.pl\\\/nsip\\\/#organization\",\"name\":\"Szko\u0142a Doktorska Nauk \u015acis\u0142ych i Przyrodniczych UwB\",\"url\":\"https:\\\/\\\/szkolydoktorskie.uwb.edu.pl\\\/nsip\\\/\",\"logo\":{\"@type\":\"ImageObject\",\"inLanguage\":\"pl-PL\",\"@id\":\"https:\\\/\\\/szkolydoktorskie.uwb.edu.pl\\\/nsip\\\/#\\\/schema\\\/logo\\\/image\\\/\",\"url\":\"https:\\\/\\\/szkolydoktorskie.uwb.edu.pl\\\/nsip\\\/wp-content\\\/uploads\\\/sites\\\/4\\\/2021\\\/04\\\/cropped-LOGO-NSIP.png\",\"contentUrl\":\"https:\\\/\\\/szkolydoktorskie.uwb.edu.pl\\\/nsip\\\/wp-content\\\/uploads\\\/sites\\\/4\\\/2021\\\/04\\\/cropped-LOGO-NSIP.png\",\"width\":705,\"height\":188,\"caption\":\"Szko\u0142a Doktorska Nauk \u015acis\u0142ych i Przyrodniczych UwB\"},\"image\":{\"@id\":\"https:\\\/\\\/szkolydoktorskie.uwb.edu.pl\\\/nsip\\\/#\\\/schema\\\/logo\\\/image\\\/\"}}]}<\/script>\n<!-- \/ Yoast SEO plugin. -->","yoast_head_json":{"title":"Jako\u015b\u0107 Kszta\u0142cenia - Szko\u0142a Doktorska Nauk \u015acis\u0142ych i Przyrodniczych UwB","robots":{"index":"index","follow":"follow","max-snippet":"max-snippet:-1","max-image-preview":"max-image-preview:large","max-video-preview":"max-video-preview:-1"},"canonical":"https:\/\/szkolydoktorskie.uwb.edu.pl\/nsip\/jakosc-ksztalcenia\/","og_locale":"pl_PL","og_type":"article","og_title":"Jako\u015b\u0107 Kszta\u0142cenia - Szko\u0142a Doktorska Nauk \u015acis\u0142ych i Przyrodniczych UwB","og_description":"Wewn\u0119trzny system zapewniania jako\u015bci kszta\u0142cenia w Uniwersytecie w Bia\u0142ymstoku: Uchwa\u0142a Senatu nr 2614 z dnia 27 listopada 2019 r. w sprawie ustalenia zasad dzia\u0142ania wewn\u0119trznego systemu zapewniania jako\u015bci kszta\u0142cenia w&hellip;","og_url":"https:\/\/szkolydoktorskie.uwb.edu.pl\/nsip\/jakosc-ksztalcenia\/","og_site_name":"Szko\u0142a Doktorska Nauk \u015acis\u0142ych i Przyrodniczych UwB","article_modified_time":"2024-02-05T13:18:05+00:00","twitter_card":"summary_large_image","twitter_misc":{"Szacowany czas czytania":"2 minuty"},"schema":{"@context":"https:\/\/schema.org","@graph":[{"@type":"WebPage","@id":"https:\/\/szkolydoktorskie.uwb.edu.pl\/nsip\/jakosc-ksztalcenia\/","url":"https:\/\/szkolydoktorskie.uwb.edu.pl\/nsip\/jakosc-ksztalcenia\/","name":"Jako\u015b\u0107 Kszta\u0142cenia - Szko\u0142a Doktorska Nauk \u015acis\u0142ych i Przyrodniczych UwB","isPartOf":{"@id":"https:\/\/szkolydoktorskie.uwb.edu.pl\/nsip\/#website"},"datePublished":"2021-04-15T22:53:54+00:00","dateModified":"2024-02-05T13:18:05+00:00","breadcrumb":{"@id":"https:\/\/szkolydoktorskie.uwb.edu.pl\/nsip\/jakosc-ksztalcenia\/#breadcrumb"},"inLanguage":"pl-PL","potentialAction":[{"@type":"ReadAction","target":["https:\/\/szkolydoktorskie.uwb.edu.pl\/nsip\/jakosc-ksztalcenia\/"]}]},{"@type":"BreadcrumbList","@id":"https:\/\/szkolydoktorskie.uwb.edu.pl\/nsip\/jakosc-ksztalcenia\/#breadcrumb","itemListElement":[{"@type":"ListItem","position":1,"name":"Strona g\u0142\u00f3wna","item":"https:\/\/szkolydoktorskie.uwb.edu.pl\/nsip\/"},{"@type":"ListItem","position":2,"name":"Jako\u015b\u0107 Kszta\u0142cenia"}]},{"@type":"WebSite","@id":"https:\/\/szkolydoktorskie.uwb.edu.pl\/nsip\/#website","url":"https:\/\/szkolydoktorskie.uwb.edu.pl\/nsip\/","name":"Szko\u0142a Doktorska Nauk \u015acis\u0142ych i Przyrodniczych UwB","description":"Szko\u0142a Doktorska Nauk \u015acis\u0142ych i Przyrodniczych UwB","publisher":{"@id":"https:\/\/szkolydoktorskie.uwb.edu.pl\/nsip\/#organization"},"potentialAction":[{"@type":"SearchAction","target":{"@type":"EntryPoint","urlTemplate":"https:\/\/szkolydoktorskie.uwb.edu.pl\/nsip\/?s={search_term_string}"},"query-input":{"@type":"PropertyValueSpecification","valueRequired":true,"valueName":"search_term_string"}}],"inLanguage":"pl-PL"},{"@type":"Organization","@id":"https:\/\/szkolydoktorskie.uwb.edu.pl\/nsip\/#organization","name":"Szko\u0142a Doktorska Nauk \u015acis\u0142ych i Przyrodniczych UwB","url":"https:\/\/szkolydoktorskie.uwb.edu.pl\/nsip\/","logo":{"@type":"ImageObject","inLanguage":"pl-PL","@id":"https:\/\/szkolydoktorskie.uwb.edu.pl\/nsip\/#\/schema\/logo\/image\/","url":"https:\/\/szkolydoktorskie.uwb.edu.pl\/nsip\/wp-content\/uploads\/sites\/4\/2021\/04\/cropped-LOGO-NSIP.png","contentUrl":"https:\/\/szkolydoktorskie.uwb.edu.pl\/nsip\/wp-content\/uploads\/sites\/4\/2021\/04\/cropped-LOGO-NSIP.png","width":705,"height":188,"caption":"Szko\u0142a Doktorska Nauk \u015acis\u0142ych i Przyrodniczych UwB"},"image":{"@id":"https:\/\/szkolydoktorskie.uwb.edu.pl\/nsip\/#\/schema\/logo\/image\/"}}]}},"_links":{"self":[{"href":"https:\/\/szkolydoktorskie.uwb.edu.pl\/nsip\/wp-json\/wp\/v2\/pages\/13","targetHints":{"allow":["GET"]}}],"collection":[{"href":"https:\/\/szkolydoktorskie.uwb.edu.pl\/nsip\/wp-json\/wp\/v2\/pages"}],"about":[{"href":"https:\/\/szkolydoktorskie.uwb.edu.pl\/nsip\/wp-json\/wp\/v2\/types\/page"}],"author":[{"embeddable":true,"href":"https:\/\/szkolydoktorskie.uwb.edu.pl\/nsip\/wp-json\/wp\/v2\/users\/1"}],"replies":[{"embeddable":true,"href":"https:\/\/szkolydoktorskie.uwb.edu.pl\/nsip\/wp-json\/wp\/v2\/comments?post=13"}],"version-history":[{"count":18,"href":"https:\/\/szkolydoktorskie.uwb.edu.pl\/nsip\/wp-json\/wp\/v2\/pages\/13\/revisions"}],"predecessor-version":[{"id":2845,"href":"https:\/\/szkolydoktorskie.uwb.edu.pl\/nsip\/wp-json\/wp\/v2\/pages\/13\/revisions\/2845"}],"wp:attachment":[{"href":"https:\/\/szkolydoktorskie.uwb.edu.pl\/nsip\/wp-json\/wp\/v2\/media?parent=13"}],"curies":[{"name":"wp","href":"https:\/\/api.w.org\/{rel}","templated":true}]}}