{"id":1171,"date":"2022-04-29T12:24:27","date_gmt":"2022-04-29T10:24:27","guid":{"rendered":"https:\/\/szkolydoktorskie.uwb.edu.pl\/nsip\/?page_id=1171"},"modified":"2022-05-17T07:57:50","modified_gmt":"2022-05-17T05:57:50","slug":"dyscyplina-naukowa-nauki-chemiczne","status":"publish","type":"page","link":"https:\/\/szkolydoktorskie.uwb.edu.pl\/nsip\/dyscyplina-naukowa-nauki-chemiczne\/","title":{"rendered":"Dyscyplina naukowa: nauki chemiczne"},"content":{"rendered":"\n<figure class=\"wp-block-table\"><table><tbody><tr><td><strong>Lp.<\/strong><\/td><td><strong>Imi\u0119 i nazwisko, tytu\u0142 naukowy, e-mail<\/strong><\/td><td><strong>Kr\u00f3tki opis kierunku badawczego<\/strong><\/td><\/tr><tr><td><strong>1.<\/strong><\/td><td><strong>Prof. Beata Godlewska-\u017by\u0142kiewicz<\/strong> <br>promotor pomocniczy: <br><strong>Dr El\u017cbieta Zambrzycka \u2013Szelewa<\/strong><\/td><td><a href=\"https:\/\/szkolydoktorskie.uwb.edu.pl\/nsip\/wp-content\/uploads\/sites\/4\/2022\/04\/prof.dr-hab.-Beata-Godlewska-Zylkiewicz.pdf\">Szczeg\u00f3\u0142owe informacje<\/a>&nbsp;<\/td><\/tr><tr><td><strong>2.<\/strong><\/td><td><strong>Prof. dr hab. Krzysztof Winkler<\/strong><\/td><td>W\u0142a\u015bciwo\u015bci koordynacyjne grafenowych nanokropek kwantowych. &nbsp;<\/td><\/tr><tr><td><strong>3.<\/strong><\/td><td><strong>Prof. dr hab. Krzysztof Winkler<\/strong><\/td><td>Zastosowanie kompozyt\u00f3w z udzia\u0142em grafenowych nanokropek kwantowych do magazynowania energii elektrycznej. &nbsp;<\/td><\/tr><tr><td><strong>4.<\/strong><\/td><td><strong>Dr hab. Ewa Gorodkiewicz, prof. UwB<\/strong> <br>ewka@uwb.edu.pl<\/td><td>U\u017cycie nowych metod analitycznych opartych na biosensorach SPRi w panelu diagnostycznym w chorobach neurodegeneracyjnych oraz onkologicznych. &nbsp;<\/td><\/tr><tr><td><strong>5.<\/strong><\/td><td><strong>Dr hab. Izabella Jastrz\u0119bska, prof. UwB<\/strong> <br>promotor pomocniczy: <br><strong>Dr Marcin G\u00f3recki (IChO PAN, Warszawa)<\/strong> &nbsp;<\/td><td><a href=\"https:\/\/szkolydoktorskie.uwb.edu.pl\/nsip\/wp-content\/uploads\/sites\/4\/2022\/04\/dr-hab.-Izabella-Jastrzebska-prof.-UwB.pdf\" target=\"_blank\" rel=\"noreferrer noopener\">Szczeg\u00f3\u0142owe informacje<\/a><\/td><\/tr><tr><td><strong>6.<\/strong><\/td><td><strong>Dr hab. Beata Kalska-Szostko<\/strong> kalska@uwb.edu.pl<\/td><td>Syntezy nanomateria\u0142\u00f3w z wykorzystaniem element\u00f3w \u201ezielonej chemii\u201d.<\/td><\/tr><tr><td><strong>7.<\/strong><\/td><td><strong>Dr hab. Beata Kalska-Szostko<\/strong> <br>kalska@uwb.edu.pl<\/td><td>Synteza funkcjonalnych materia\u0142\u00f3w do zastosowa\u0144 biologicznych i agrarnych.<\/td><\/tr><tr><td><strong>8.<\/strong><\/td><td><strong>Dr hab. Barbara Le\u015bniewska<\/strong> blesniew@uwb.edu.pl<\/td><td>Praca b\u0119dzie dotyczy\u0107 badania specjacji wybranych pierwiastk\u00f3w w materiale ro\u015blinnym. Opracowana zostanie metoda wydzielania r\u00f3\u017cnych po\u0142\u0105cze\u0144 pierwiastk\u00f3w z pr\u00f3bek oraz metoda ich oznaczania technikami \u0142\u0105czonymi z zastosowaniem technik chromatografii cieczowej, spektrometrii mas z plazm\u0105 indukcyjnie sprz\u0119\u017con\u0105 (ICP-MS) oraz spektrometrii mas z elektrorozpraszaniem (ESI-MS).<\/td><\/tr><tr><td><strong>9.<\/strong><\/td><td><strong>Dr hab. Zenon \u0141otowski, prof. UwB<\/strong> <br>promotor pomocniczy: <br><strong>Dr Dorota Czajkowska-Szczykowska<\/strong><\/td><td>\u201eSynteza maszyn molekularnych na bazie steroid\u00f3w\u201d \u2013 tematyka dotyczy rozwijaj\u0105cej si\u0119 dziedziny nanotechnologii, w tym projektowania i syntezy cz\u0105steczkowych rotor\u00f3w, prze\u0142\u0105cznik\u00f3w, itp.<\/td><\/tr><tr><td><strong>10.<\/strong><\/td><td><strong>Dr hab. Agnieszka Wojtkielewicz, prof. UwB<\/strong> promotor pomocniczy: <br><strong>Dr Aneta M. Tomkiel<\/strong><\/td><td>Badanie funkcjonalizacji wi\u0105za\u0144 C-H. Utlenianie \u0142a\u0144cucha bocznego w cholesterolu. Synteza hormon\u00f3w steroidowych&nbsp; i witaminy 25-OH-D<sub>3<\/sub>.<\/td><\/tr><\/tbody><\/table><\/figure>\n","protected":false},"excerpt":{"rendered":"<p>Lp. Imi\u0119 i nazwisko, tytu\u0142 naukowy, e-mail Kr\u00f3tki opis kierunku badawczego 1. Prof. Beata Godlewska-\u017by\u0142kiewicz promotor pomocniczy: Dr El\u017cbieta Zambrzycka \u2013Szelewa Szczeg\u00f3\u0142owe informacje&nbsp; 2. Prof. dr hab. Krzysztof Winkler W\u0142a\u015bciwo\u015bci&hellip;<\/p>\n","protected":false},"author":12,"featured_media":0,"parent":0,"menu_order":0,"comment_status":"closed","ping_status":"closed","template":"","meta":{"footnotes":""},"class_list":["post-1171","page","type-page","status-publish","hentry"],"yoast_head":"<!-- This site is optimized with the Yoast SEO plugin v27.3 - https:\/\/yoast.com\/product\/yoast-seo-wordpress\/ -->\n<title>Dyscyplina naukowa: nauki chemiczne - Szko\u0142a Doktorska Nauk \u015acis\u0142ych i Przyrodniczych UwB<\/title>\n<meta name=\"robots\" content=\"index, follow, max-snippet:-1, max-image-preview:large, max-video-preview:-1\" \/>\n<link rel=\"canonical\" href=\"https:\/\/szkolydoktorskie.uwb.edu.pl\/nsip\/dyscyplina-naukowa-nauki-chemiczne\/\" \/>\n<meta property=\"og:locale\" content=\"pl_PL\" \/>\n<meta property=\"og:type\" content=\"article\" \/>\n<meta property=\"og:title\" content=\"Dyscyplina naukowa: nauki chemiczne - Szko\u0142a Doktorska Nauk \u015acis\u0142ych i Przyrodniczych UwB\" \/>\n<meta property=\"og:description\" content=\"Lp. Imi\u0119 i nazwisko, tytu\u0142 naukowy, e-mail Kr\u00f3tki opis kierunku badawczego 1. Prof. Beata Godlewska-\u017by\u0142kiewicz promotor pomocniczy: Dr El\u017cbieta Zambrzycka \u2013Szelewa Szczeg\u00f3\u0142owe informacje&nbsp; 2. Prof. dr hab. Krzysztof Winkler W\u0142a\u015bciwo\u015bci&hellip;\" \/>\n<meta property=\"og:url\" content=\"https:\/\/szkolydoktorskie.uwb.edu.pl\/nsip\/dyscyplina-naukowa-nauki-chemiczne\/\" \/>\n<meta property=\"og:site_name\" content=\"Szko\u0142a Doktorska Nauk \u015acis\u0142ych i Przyrodniczych UwB\" \/>\n<meta property=\"article:modified_time\" content=\"2022-05-17T05:57:50+00:00\" \/>\n<meta name=\"twitter:card\" content=\"summary_large_image\" \/>\n<meta name=\"twitter:label1\" content=\"Szacowany czas czytania\" \/>\n\t<meta name=\"twitter:data1\" content=\"2 minuty\" \/>\n<script type=\"application\/ld+json\" class=\"yoast-schema-graph\">{\"@context\":\"https:\\\/\\\/schema.org\",\"@graph\":[{\"@type\":\"WebPage\",\"@id\":\"https:\\\/\\\/szkolydoktorskie.uwb.edu.pl\\\/nsip\\\/dyscyplina-naukowa-nauki-chemiczne\\\/\",\"url\":\"https:\\\/\\\/szkolydoktorskie.uwb.edu.pl\\\/nsip\\\/dyscyplina-naukowa-nauki-chemiczne\\\/\",\"name\":\"Dyscyplina naukowa: nauki chemiczne - Szko\u0142a Doktorska Nauk \u015acis\u0142ych i Przyrodniczych UwB\",\"isPartOf\":{\"@id\":\"https:\\\/\\\/szkolydoktorskie.uwb.edu.pl\\\/nsip\\\/#website\"},\"datePublished\":\"2022-04-29T10:24:27+00:00\",\"dateModified\":\"2022-05-17T05:57:50+00:00\",\"breadcrumb\":{\"@id\":\"https:\\\/\\\/szkolydoktorskie.uwb.edu.pl\\\/nsip\\\/dyscyplina-naukowa-nauki-chemiczne\\\/#breadcrumb\"},\"inLanguage\":\"pl-PL\",\"potentialAction\":[{\"@type\":\"ReadAction\",\"target\":[\"https:\\\/\\\/szkolydoktorskie.uwb.edu.pl\\\/nsip\\\/dyscyplina-naukowa-nauki-chemiczne\\\/\"]}]},{\"@type\":\"BreadcrumbList\",\"@id\":\"https:\\\/\\\/szkolydoktorskie.uwb.edu.pl\\\/nsip\\\/dyscyplina-naukowa-nauki-chemiczne\\\/#breadcrumb\",\"itemListElement\":[{\"@type\":\"ListItem\",\"position\":1,\"name\":\"Strona g\u0142\u00f3wna\",\"item\":\"https:\\\/\\\/szkolydoktorskie.uwb.edu.pl\\\/nsip\\\/\"},{\"@type\":\"ListItem\",\"position\":2,\"name\":\"Dyscyplina naukowa: nauki chemiczne\"}]},{\"@type\":\"WebSite\",\"@id\":\"https:\\\/\\\/szkolydoktorskie.uwb.edu.pl\\\/nsip\\\/#website\",\"url\":\"https:\\\/\\\/szkolydoktorskie.uwb.edu.pl\\\/nsip\\\/\",\"name\":\"Szko\u0142a Doktorska Nauk \u015acis\u0142ych i Przyrodniczych UwB\",\"description\":\"Szko\u0142a Doktorska Nauk \u015acis\u0142ych i Przyrodniczych UwB\",\"publisher\":{\"@id\":\"https:\\\/\\\/szkolydoktorskie.uwb.edu.pl\\\/nsip\\\/#organization\"},\"potentialAction\":[{\"@type\":\"SearchAction\",\"target\":{\"@type\":\"EntryPoint\",\"urlTemplate\":\"https:\\\/\\\/szkolydoktorskie.uwb.edu.pl\\\/nsip\\\/?s={search_term_string}\"},\"query-input\":{\"@type\":\"PropertyValueSpecification\",\"valueRequired\":true,\"valueName\":\"search_term_string\"}}],\"inLanguage\":\"pl-PL\"},{\"@type\":\"Organization\",\"@id\":\"https:\\\/\\\/szkolydoktorskie.uwb.edu.pl\\\/nsip\\\/#organization\",\"name\":\"Szko\u0142a Doktorska Nauk \u015acis\u0142ych i Przyrodniczych UwB\",\"url\":\"https:\\\/\\\/szkolydoktorskie.uwb.edu.pl\\\/nsip\\\/\",\"logo\":{\"@type\":\"ImageObject\",\"inLanguage\":\"pl-PL\",\"@id\":\"https:\\\/\\\/szkolydoktorskie.uwb.edu.pl\\\/nsip\\\/#\\\/schema\\\/logo\\\/image\\\/\",\"url\":\"https:\\\/\\\/szkolydoktorskie.uwb.edu.pl\\\/nsip\\\/wp-content\\\/uploads\\\/sites\\\/4\\\/2021\\\/04\\\/cropped-LOGO-NSIP.png\",\"contentUrl\":\"https:\\\/\\\/szkolydoktorskie.uwb.edu.pl\\\/nsip\\\/wp-content\\\/uploads\\\/sites\\\/4\\\/2021\\\/04\\\/cropped-LOGO-NSIP.png\",\"width\":705,\"height\":188,\"caption\":\"Szko\u0142a Doktorska Nauk \u015acis\u0142ych i Przyrodniczych UwB\"},\"image\":{\"@id\":\"https:\\\/\\\/szkolydoktorskie.uwb.edu.pl\\\/nsip\\\/#\\\/schema\\\/logo\\\/image\\\/\"}}]}<\/script>\n<!-- \/ Yoast SEO plugin. -->","yoast_head_json":{"title":"Dyscyplina naukowa: nauki chemiczne - Szko\u0142a Doktorska Nauk \u015acis\u0142ych i Przyrodniczych UwB","robots":{"index":"index","follow":"follow","max-snippet":"max-snippet:-1","max-image-preview":"max-image-preview:large","max-video-preview":"max-video-preview:-1"},"canonical":"https:\/\/szkolydoktorskie.uwb.edu.pl\/nsip\/dyscyplina-naukowa-nauki-chemiczne\/","og_locale":"pl_PL","og_type":"article","og_title":"Dyscyplina naukowa: nauki chemiczne - Szko\u0142a Doktorska Nauk \u015acis\u0142ych i Przyrodniczych UwB","og_description":"Lp. Imi\u0119 i nazwisko, tytu\u0142 naukowy, e-mail Kr\u00f3tki opis kierunku badawczego 1. Prof. Beata Godlewska-\u017by\u0142kiewicz promotor pomocniczy: Dr El\u017cbieta Zambrzycka \u2013Szelewa Szczeg\u00f3\u0142owe informacje&nbsp; 2. Prof. dr hab. Krzysztof Winkler W\u0142a\u015bciwo\u015bci&hellip;","og_url":"https:\/\/szkolydoktorskie.uwb.edu.pl\/nsip\/dyscyplina-naukowa-nauki-chemiczne\/","og_site_name":"Szko\u0142a Doktorska Nauk \u015acis\u0142ych i Przyrodniczych UwB","article_modified_time":"2022-05-17T05:57:50+00:00","twitter_card":"summary_large_image","twitter_misc":{"Szacowany czas czytania":"2 minuty"},"schema":{"@context":"https:\/\/schema.org","@graph":[{"@type":"WebPage","@id":"https:\/\/szkolydoktorskie.uwb.edu.pl\/nsip\/dyscyplina-naukowa-nauki-chemiczne\/","url":"https:\/\/szkolydoktorskie.uwb.edu.pl\/nsip\/dyscyplina-naukowa-nauki-chemiczne\/","name":"Dyscyplina naukowa: nauki chemiczne - Szko\u0142a Doktorska Nauk \u015acis\u0142ych i Przyrodniczych UwB","isPartOf":{"@id":"https:\/\/szkolydoktorskie.uwb.edu.pl\/nsip\/#website"},"datePublished":"2022-04-29T10:24:27+00:00","dateModified":"2022-05-17T05:57:50+00:00","breadcrumb":{"@id":"https:\/\/szkolydoktorskie.uwb.edu.pl\/nsip\/dyscyplina-naukowa-nauki-chemiczne\/#breadcrumb"},"inLanguage":"pl-PL","potentialAction":[{"@type":"ReadAction","target":["https:\/\/szkolydoktorskie.uwb.edu.pl\/nsip\/dyscyplina-naukowa-nauki-chemiczne\/"]}]},{"@type":"BreadcrumbList","@id":"https:\/\/szkolydoktorskie.uwb.edu.pl\/nsip\/dyscyplina-naukowa-nauki-chemiczne\/#breadcrumb","itemListElement":[{"@type":"ListItem","position":1,"name":"Strona g\u0142\u00f3wna","item":"https:\/\/szkolydoktorskie.uwb.edu.pl\/nsip\/"},{"@type":"ListItem","position":2,"name":"Dyscyplina naukowa: nauki chemiczne"}]},{"@type":"WebSite","@id":"https:\/\/szkolydoktorskie.uwb.edu.pl\/nsip\/#website","url":"https:\/\/szkolydoktorskie.uwb.edu.pl\/nsip\/","name":"Szko\u0142a Doktorska Nauk \u015acis\u0142ych i Przyrodniczych UwB","description":"Szko\u0142a Doktorska Nauk \u015acis\u0142ych i Przyrodniczych UwB","publisher":{"@id":"https:\/\/szkolydoktorskie.uwb.edu.pl\/nsip\/#organization"},"potentialAction":[{"@type":"SearchAction","target":{"@type":"EntryPoint","urlTemplate":"https:\/\/szkolydoktorskie.uwb.edu.pl\/nsip\/?s={search_term_string}"},"query-input":{"@type":"PropertyValueSpecification","valueRequired":true,"valueName":"search_term_string"}}],"inLanguage":"pl-PL"},{"@type":"Organization","@id":"https:\/\/szkolydoktorskie.uwb.edu.pl\/nsip\/#organization","name":"Szko\u0142a Doktorska Nauk \u015acis\u0142ych i Przyrodniczych UwB","url":"https:\/\/szkolydoktorskie.uwb.edu.pl\/nsip\/","logo":{"@type":"ImageObject","inLanguage":"pl-PL","@id":"https:\/\/szkolydoktorskie.uwb.edu.pl\/nsip\/#\/schema\/logo\/image\/","url":"https:\/\/szkolydoktorskie.uwb.edu.pl\/nsip\/wp-content\/uploads\/sites\/4\/2021\/04\/cropped-LOGO-NSIP.png","contentUrl":"https:\/\/szkolydoktorskie.uwb.edu.pl\/nsip\/wp-content\/uploads\/sites\/4\/2021\/04\/cropped-LOGO-NSIP.png","width":705,"height":188,"caption":"Szko\u0142a Doktorska Nauk \u015acis\u0142ych i Przyrodniczych UwB"},"image":{"@id":"https:\/\/szkolydoktorskie.uwb.edu.pl\/nsip\/#\/schema\/logo\/image\/"}}]}},"_links":{"self":[{"href":"https:\/\/szkolydoktorskie.uwb.edu.pl\/nsip\/wp-json\/wp\/v2\/pages\/1171","targetHints":{"allow":["GET"]}}],"collection":[{"href":"https:\/\/szkolydoktorskie.uwb.edu.pl\/nsip\/wp-json\/wp\/v2\/pages"}],"about":[{"href":"https:\/\/szkolydoktorskie.uwb.edu.pl\/nsip\/wp-json\/wp\/v2\/types\/page"}],"author":[{"embeddable":true,"href":"https:\/\/szkolydoktorskie.uwb.edu.pl\/nsip\/wp-json\/wp\/v2\/users\/12"}],"replies":[{"embeddable":true,"href":"https:\/\/szkolydoktorskie.uwb.edu.pl\/nsip\/wp-json\/wp\/v2\/comments?post=1171"}],"version-history":[{"count":17,"href":"https:\/\/szkolydoktorskie.uwb.edu.pl\/nsip\/wp-json\/wp\/v2\/pages\/1171\/revisions"}],"predecessor-version":[{"id":1246,"href":"https:\/\/szkolydoktorskie.uwb.edu.pl\/nsip\/wp-json\/wp\/v2\/pages\/1171\/revisions\/1246"}],"wp:attachment":[{"href":"https:\/\/szkolydoktorskie.uwb.edu.pl\/nsip\/wp-json\/wp\/v2\/media?parent=1171"}],"curies":[{"name":"wp","href":"https:\/\/api.w.org\/{rel}","templated":true}]}}