{"id":1147,"date":"2022-04-29T12:16:43","date_gmt":"2022-04-29T10:16:43","guid":{"rendered":"https:\/\/szkolydoktorskie.uwb.edu.pl\/nsip\/?page_id=1147"},"modified":"2022-04-29T12:18:36","modified_gmt":"2022-04-29T10:18:36","slug":"dyscyplina-naukowa-nauki-biologiczne","status":"publish","type":"page","link":"https:\/\/szkolydoktorskie.uwb.edu.pl\/nsip\/dyscyplina-naukowa-nauki-biologiczne\/","title":{"rendered":"Dyscyplina naukowa: nauki biologiczne"},"content":{"rendered":"\n<figure class=\"wp-block-table\"><table><tbody><tr><td><strong>Lp<\/strong>.<\/td><td><strong>Imi\u0119 i nazwisko, tytu\u0142 naukowy, e-mail<\/strong><\/td><td class=\"has-text-align-left\" data-align=\"left\"><strong>Kr\u00f3tki opis kierunku badawczego<\/strong><\/td><\/tr><tr><td><strong>1.<\/strong><\/td><td><strong>Prof. dr hab. Iwona Ciereszko <\/strong>icier@uwb.edu.pl<\/td><td class=\"has-text-align-left\" data-align=\"left\">Fizjologiczna odpowied\u017a ro\u015blin u\u017cytkowych na niedob\u00f3r fosforan\u00f3w w glebie, stres oksydacyjny i\/lub atak patogen\u00f3w. Mechanizmy ochrony aparatu fotosyntetycznego w li\u015bciach w reakcji na stresowe czynniki \u015brodowiskowe.<\/td><\/tr><tr><td><strong>2.<\/strong><\/td><td><strong>Prof. dr hab. Miros\u0142awa Kupryjanowicz <\/strong>m.kupryjanowicz@uwb.edu.pl<\/td><td class=\"has-text-align-left\" data-align=\"left\">Przedmiotem bada\u0144 s\u0105 zmiany ro\u015blinno\u015bci i klimatu w okresie ostatnich ok. 120 tysi\u0119cy lat, obejmuj\u0105cym dwa ostatnie interglacja\u0142y (eemski i holocen) oraz rozdzielaj\u0105ce je zlodowacenie Wis\u0142y. Zainteresowania badawcze koncentruj\u0105 si\u0119 wok\u00f3\u0142 antropogenicznych przemian ro\u015blinno\u015bci w Polsce p\u00f3\u0142nocno-wschodniej wywo\u0142anych osadnictwem od epoki neolitu po wsp\u00f3\u0142czesno\u015b\u0107 oraz reakcji ro\u015blinno\u015bci na kr\u00f3tkotrwa\u0142e \u015br\u00f3dinterglacjalne oscylacje klimatu, takie jak na przyk\u0142ad ma\u0142a epoka lodowa lub \u015bredniowieczne optimum klimatyczne. Badania prowadzone s\u0105 metod\u0105 analizy py\u0142kowej we wsp\u00f3\u0142pracy z geologami oraz archeologami i historykami.<\/td><\/tr><tr><td><strong>3.<\/strong><\/td><td><strong>Dr hab. Andrzej Bajguz, <\/strong><br><strong>prof. UwB<\/strong><\/td><td class=\"has-text-align-left\" data-align=\"left\">Badanie odpowiedzi brassinosteroid\u00f3w, hormon\u00f3w ro\u015blinnych, na glony <em>Chlamydomonas reinhardtii<\/em> rosn\u0105ce w obecno\u015bci nanocz\u0105stek srebra.<\/td><\/tr><tr><td><strong>4.<\/strong><\/td><td><strong>Dr hab. in\u017c. Magdalena Grabowska, prof. UwB<\/strong><br>magra@uwb.edu.pl<\/td><td class=\"has-text-align-left\" data-align=\"left\">Obszar bada\u0144 \u2013 \u017ar\u00f3dliska P\u0142n.-Wsch. Polski ze szczeg\u00f3lnym uwzgl\u0119dnieniem Puszczy Knyszy\u0144skiej.<br>Tematyka badawcza \u2013 ocena stanu ekologicznego \u017ar\u00f3dlisk w oparciu o analiz\u0119 jako\u015bciow\u0105 i ilo\u015bciow\u0105 fitobentosu i hydrochemi\u0119.<\/td><\/tr><tr><td><strong>5.<\/strong><\/td><td><strong>Dr hab. Marcin Sielezniew, <\/strong><br><strong>prof. UwB<\/strong><\/td><td class=\"has-text-align-left\" data-align=\"left\">Paj\u0105ki: opieka matczyna i czynniki j\u0105 warunkuj\u0105ce, wp\u0142yw parazytoid\u00f3w i paso\u017cyt\u00f3w na sukces rozrodczy samic.<\/td><\/tr><tr><td><strong>6.<\/strong><\/td><td><strong>Dr hab. in\u017c. Maciej Karpowicz<\/strong><br>m.karpowicz@uwb.edu.pl<\/td><td class=\"has-text-align-left\" data-align=\"left\">1. Wid\u0142onogi (Copepoda) w\u00f3d podziemnych \u2013 od lokalnych adaptacji do ekologicznej specjacji. <br>2. Fauna Harpacticoida Polski (Harpacticoida to najmniej poznana grupa Copepoda w Polsce, chocia\u017c jej przedstawiciele wyst\u0119puj\u0105 licznie w wielu typach siedlisk. Niemniej jednak ostatnie szczeg\u00f3\u0142owe badania taksonomiczne Harpacticoida w wodach \u015br\u00f3dl\u0105dowych Polski prowadzono oko\u0142o 100 lat temu). <br>Oba tematy badawcze s\u0105 po\u0142\u0105czeniem metod molekularnych i tradycyjnej taksonomii opartej na morfologii.<\/td><\/tr><tr><td><strong>7.<\/strong><\/td><td><strong>Dr hab. Szymon S\u0119kowski <\/strong>s.sekowski@uwb.edu.pl<\/td><td class=\"has-text-align-left\" data-align=\"left\">Biologiczna aktywno\u015b\u0107 polifenoli w uk\u0142adach modelowych i kom\u00f3rkowych. Badania b\u0119d\u0105 realizowane w kierunku okre\u015blenia biologicznej i biomedycznej aktywno\u015bci zwi\u0105zk\u00f3w polifenolowych na poziomie oddzia\u0142ywa\u0144 polifenol-cz\u0105steczka i polifenol-kom\u00f3rka z wykorzystaniem metod biofizycznych i fizykochemicznych.<\/td><\/tr><\/tbody><\/table><\/figure>\n","protected":false},"excerpt":{"rendered":"<p>Lp. Imi\u0119 i nazwisko, tytu\u0142 naukowy, e-mail Kr\u00f3tki opis kierunku badawczego 1. Prof. dr hab. Iwona Ciereszko icier@uwb.edu.pl Fizjologiczna odpowied\u017a ro\u015blin u\u017cytkowych na niedob\u00f3r fosforan\u00f3w w glebie, stres oksydacyjny i\/lub&hellip;<\/p>\n","protected":false},"author":12,"featured_media":0,"parent":0,"menu_order":0,"comment_status":"closed","ping_status":"closed","template":"","meta":{"footnotes":""},"class_list":["post-1147","page","type-page","status-publish","hentry"],"yoast_head":"<!-- This site is optimized with the Yoast SEO plugin v27.5 - https:\/\/yoast.com\/product\/yoast-seo-wordpress\/ -->\n<title>Dyscyplina naukowa: nauki biologiczne - Szko\u0142a Doktorska Nauk \u015acis\u0142ych i Przyrodniczych UwB<\/title>\n<meta name=\"robots\" content=\"index, follow, max-snippet:-1, max-image-preview:large, max-video-preview:-1\" \/>\n<link rel=\"canonical\" href=\"https:\/\/szkolydoktorskie.uwb.edu.pl\/nsip\/dyscyplina-naukowa-nauki-biologiczne\/\" \/>\n<meta property=\"og:locale\" content=\"pl_PL\" \/>\n<meta property=\"og:type\" content=\"article\" \/>\n<meta property=\"og:title\" content=\"Dyscyplina naukowa: nauki biologiczne - Szko\u0142a Doktorska Nauk \u015acis\u0142ych i Przyrodniczych UwB\" \/>\n<meta property=\"og:description\" content=\"Lp. Imi\u0119 i nazwisko, tytu\u0142 naukowy, e-mail Kr\u00f3tki opis kierunku badawczego 1. Prof. dr hab. Iwona Ciereszko icier@uwb.edu.pl Fizjologiczna odpowied\u017a ro\u015blin u\u017cytkowych na niedob\u00f3r fosforan\u00f3w w glebie, stres oksydacyjny i\/lub&hellip;\" \/>\n<meta property=\"og:url\" content=\"https:\/\/szkolydoktorskie.uwb.edu.pl\/nsip\/dyscyplina-naukowa-nauki-biologiczne\/\" \/>\n<meta property=\"og:site_name\" content=\"Szko\u0142a Doktorska Nauk \u015acis\u0142ych i Przyrodniczych UwB\" \/>\n<meta property=\"article:modified_time\" content=\"2022-04-29T10:18:36+00:00\" \/>\n<meta name=\"twitter:card\" content=\"summary_large_image\" \/>\n<meta name=\"twitter:label1\" content=\"Szacowany czas czytania\" \/>\n\t<meta name=\"twitter:data1\" content=\"2 minuty\" \/>\n<script type=\"application\/ld+json\" class=\"yoast-schema-graph\">{\"@context\":\"https:\\\/\\\/schema.org\",\"@graph\":[{\"@type\":\"WebPage\",\"@id\":\"https:\\\/\\\/szkolydoktorskie.uwb.edu.pl\\\/nsip\\\/dyscyplina-naukowa-nauki-biologiczne\\\/\",\"url\":\"https:\\\/\\\/szkolydoktorskie.uwb.edu.pl\\\/nsip\\\/dyscyplina-naukowa-nauki-biologiczne\\\/\",\"name\":\"Dyscyplina naukowa: nauki biologiczne - Szko\u0142a Doktorska Nauk \u015acis\u0142ych i Przyrodniczych UwB\",\"isPartOf\":{\"@id\":\"https:\\\/\\\/szkolydoktorskie.uwb.edu.pl\\\/nsip\\\/#website\"},\"datePublished\":\"2022-04-29T10:16:43+00:00\",\"dateModified\":\"2022-04-29T10:18:36+00:00\",\"breadcrumb\":{\"@id\":\"https:\\\/\\\/szkolydoktorskie.uwb.edu.pl\\\/nsip\\\/dyscyplina-naukowa-nauki-biologiczne\\\/#breadcrumb\"},\"inLanguage\":\"pl-PL\",\"potentialAction\":[{\"@type\":\"ReadAction\",\"target\":[\"https:\\\/\\\/szkolydoktorskie.uwb.edu.pl\\\/nsip\\\/dyscyplina-naukowa-nauki-biologiczne\\\/\"]}]},{\"@type\":\"BreadcrumbList\",\"@id\":\"https:\\\/\\\/szkolydoktorskie.uwb.edu.pl\\\/nsip\\\/dyscyplina-naukowa-nauki-biologiczne\\\/#breadcrumb\",\"itemListElement\":[{\"@type\":\"ListItem\",\"position\":1,\"name\":\"Strona g\u0142\u00f3wna\",\"item\":\"https:\\\/\\\/szkolydoktorskie.uwb.edu.pl\\\/nsip\\\/\"},{\"@type\":\"ListItem\",\"position\":2,\"name\":\"Dyscyplina naukowa: nauki biologiczne\"}]},{\"@type\":\"WebSite\",\"@id\":\"https:\\\/\\\/szkolydoktorskie.uwb.edu.pl\\\/nsip\\\/#website\",\"url\":\"https:\\\/\\\/szkolydoktorskie.uwb.edu.pl\\\/nsip\\\/\",\"name\":\"Szko\u0142a Doktorska Nauk \u015acis\u0142ych i Przyrodniczych UwB\",\"description\":\"Szko\u0142a Doktorska Nauk \u015acis\u0142ych i Przyrodniczych UwB\",\"publisher\":{\"@id\":\"https:\\\/\\\/szkolydoktorskie.uwb.edu.pl\\\/nsip\\\/#organization\"},\"potentialAction\":[{\"@type\":\"SearchAction\",\"target\":{\"@type\":\"EntryPoint\",\"urlTemplate\":\"https:\\\/\\\/szkolydoktorskie.uwb.edu.pl\\\/nsip\\\/?s={search_term_string}\"},\"query-input\":{\"@type\":\"PropertyValueSpecification\",\"valueRequired\":true,\"valueName\":\"search_term_string\"}}],\"inLanguage\":\"pl-PL\"},{\"@type\":\"Organization\",\"@id\":\"https:\\\/\\\/szkolydoktorskie.uwb.edu.pl\\\/nsip\\\/#organization\",\"name\":\"Szko\u0142a Doktorska Nauk \u015acis\u0142ych i Przyrodniczych UwB\",\"url\":\"https:\\\/\\\/szkolydoktorskie.uwb.edu.pl\\\/nsip\\\/\",\"logo\":{\"@type\":\"ImageObject\",\"inLanguage\":\"pl-PL\",\"@id\":\"https:\\\/\\\/szkolydoktorskie.uwb.edu.pl\\\/nsip\\\/#\\\/schema\\\/logo\\\/image\\\/\",\"url\":\"https:\\\/\\\/szkolydoktorskie.uwb.edu.pl\\\/nsip\\\/wp-content\\\/uploads\\\/sites\\\/4\\\/2021\\\/04\\\/cropped-LOGO-NSIP.png\",\"contentUrl\":\"https:\\\/\\\/szkolydoktorskie.uwb.edu.pl\\\/nsip\\\/wp-content\\\/uploads\\\/sites\\\/4\\\/2021\\\/04\\\/cropped-LOGO-NSIP.png\",\"width\":705,\"height\":188,\"caption\":\"Szko\u0142a Doktorska Nauk \u015acis\u0142ych i Przyrodniczych UwB\"},\"image\":{\"@id\":\"https:\\\/\\\/szkolydoktorskie.uwb.edu.pl\\\/nsip\\\/#\\\/schema\\\/logo\\\/image\\\/\"}}]}<\/script>\n<!-- \/ Yoast SEO plugin. -->","yoast_head_json":{"title":"Dyscyplina naukowa: nauki biologiczne - Szko\u0142a Doktorska Nauk \u015acis\u0142ych i Przyrodniczych UwB","robots":{"index":"index","follow":"follow","max-snippet":"max-snippet:-1","max-image-preview":"max-image-preview:large","max-video-preview":"max-video-preview:-1"},"canonical":"https:\/\/szkolydoktorskie.uwb.edu.pl\/nsip\/dyscyplina-naukowa-nauki-biologiczne\/","og_locale":"pl_PL","og_type":"article","og_title":"Dyscyplina naukowa: nauki biologiczne - Szko\u0142a Doktorska Nauk \u015acis\u0142ych i Przyrodniczych UwB","og_description":"Lp. Imi\u0119 i nazwisko, tytu\u0142 naukowy, e-mail Kr\u00f3tki opis kierunku badawczego 1. Prof. dr hab. Iwona Ciereszko icier@uwb.edu.pl Fizjologiczna odpowied\u017a ro\u015blin u\u017cytkowych na niedob\u00f3r fosforan\u00f3w w glebie, stres oksydacyjny i\/lub&hellip;","og_url":"https:\/\/szkolydoktorskie.uwb.edu.pl\/nsip\/dyscyplina-naukowa-nauki-biologiczne\/","og_site_name":"Szko\u0142a Doktorska Nauk \u015acis\u0142ych i Przyrodniczych UwB","article_modified_time":"2022-04-29T10:18:36+00:00","twitter_card":"summary_large_image","twitter_misc":{"Szacowany czas czytania":"2 minuty"},"schema":{"@context":"https:\/\/schema.org","@graph":[{"@type":"WebPage","@id":"https:\/\/szkolydoktorskie.uwb.edu.pl\/nsip\/dyscyplina-naukowa-nauki-biologiczne\/","url":"https:\/\/szkolydoktorskie.uwb.edu.pl\/nsip\/dyscyplina-naukowa-nauki-biologiczne\/","name":"Dyscyplina naukowa: nauki biologiczne - Szko\u0142a Doktorska Nauk \u015acis\u0142ych i Przyrodniczych UwB","isPartOf":{"@id":"https:\/\/szkolydoktorskie.uwb.edu.pl\/nsip\/#website"},"datePublished":"2022-04-29T10:16:43+00:00","dateModified":"2022-04-29T10:18:36+00:00","breadcrumb":{"@id":"https:\/\/szkolydoktorskie.uwb.edu.pl\/nsip\/dyscyplina-naukowa-nauki-biologiczne\/#breadcrumb"},"inLanguage":"pl-PL","potentialAction":[{"@type":"ReadAction","target":["https:\/\/szkolydoktorskie.uwb.edu.pl\/nsip\/dyscyplina-naukowa-nauki-biologiczne\/"]}]},{"@type":"BreadcrumbList","@id":"https:\/\/szkolydoktorskie.uwb.edu.pl\/nsip\/dyscyplina-naukowa-nauki-biologiczne\/#breadcrumb","itemListElement":[{"@type":"ListItem","position":1,"name":"Strona g\u0142\u00f3wna","item":"https:\/\/szkolydoktorskie.uwb.edu.pl\/nsip\/"},{"@type":"ListItem","position":2,"name":"Dyscyplina naukowa: nauki biologiczne"}]},{"@type":"WebSite","@id":"https:\/\/szkolydoktorskie.uwb.edu.pl\/nsip\/#website","url":"https:\/\/szkolydoktorskie.uwb.edu.pl\/nsip\/","name":"Szko\u0142a Doktorska Nauk \u015acis\u0142ych i Przyrodniczych UwB","description":"Szko\u0142a Doktorska Nauk \u015acis\u0142ych i Przyrodniczych UwB","publisher":{"@id":"https:\/\/szkolydoktorskie.uwb.edu.pl\/nsip\/#organization"},"potentialAction":[{"@type":"SearchAction","target":{"@type":"EntryPoint","urlTemplate":"https:\/\/szkolydoktorskie.uwb.edu.pl\/nsip\/?s={search_term_string}"},"query-input":{"@type":"PropertyValueSpecification","valueRequired":true,"valueName":"search_term_string"}}],"inLanguage":"pl-PL"},{"@type":"Organization","@id":"https:\/\/szkolydoktorskie.uwb.edu.pl\/nsip\/#organization","name":"Szko\u0142a Doktorska Nauk \u015acis\u0142ych i Przyrodniczych UwB","url":"https:\/\/szkolydoktorskie.uwb.edu.pl\/nsip\/","logo":{"@type":"ImageObject","inLanguage":"pl-PL","@id":"https:\/\/szkolydoktorskie.uwb.edu.pl\/nsip\/#\/schema\/logo\/image\/","url":"https:\/\/szkolydoktorskie.uwb.edu.pl\/nsip\/wp-content\/uploads\/sites\/4\/2021\/04\/cropped-LOGO-NSIP.png","contentUrl":"https:\/\/szkolydoktorskie.uwb.edu.pl\/nsip\/wp-content\/uploads\/sites\/4\/2021\/04\/cropped-LOGO-NSIP.png","width":705,"height":188,"caption":"Szko\u0142a Doktorska Nauk \u015acis\u0142ych i Przyrodniczych UwB"},"image":{"@id":"https:\/\/szkolydoktorskie.uwb.edu.pl\/nsip\/#\/schema\/logo\/image\/"}}]}},"_links":{"self":[{"href":"https:\/\/szkolydoktorskie.uwb.edu.pl\/nsip\/wp-json\/wp\/v2\/pages\/1147","targetHints":{"allow":["GET"]}}],"collection":[{"href":"https:\/\/szkolydoktorskie.uwb.edu.pl\/nsip\/wp-json\/wp\/v2\/pages"}],"about":[{"href":"https:\/\/szkolydoktorskie.uwb.edu.pl\/nsip\/wp-json\/wp\/v2\/types\/page"}],"author":[{"embeddable":true,"href":"https:\/\/szkolydoktorskie.uwb.edu.pl\/nsip\/wp-json\/wp\/v2\/users\/12"}],"replies":[{"embeddable":true,"href":"https:\/\/szkolydoktorskie.uwb.edu.pl\/nsip\/wp-json\/wp\/v2\/comments?post=1147"}],"version-history":[{"count":17,"href":"https:\/\/szkolydoktorskie.uwb.edu.pl\/nsip\/wp-json\/wp\/v2\/pages\/1147\/revisions"}],"predecessor-version":[{"id":1170,"href":"https:\/\/szkolydoktorskie.uwb.edu.pl\/nsip\/wp-json\/wp\/v2\/pages\/1147\/revisions\/1170"}],"wp:attachment":[{"href":"https:\/\/szkolydoktorskie.uwb.edu.pl\/nsip\/wp-json\/wp\/v2\/media?parent=1147"}],"curies":[{"name":"wp","href":"https:\/\/api.w.org\/{rel}","templated":true}]}}