{"id":1026,"date":"2022-04-21T12:24:35","date_gmt":"2022-04-21T10:24:35","guid":{"rendered":"https:\/\/szkolydoktorskie.uwb.edu.pl\/nsip\/?page_id=1026"},"modified":"2022-04-25T09:24:03","modified_gmt":"2022-04-25T07:24:03","slug":"badania-naukowe-doktorantow-en","status":"publish","type":"page","link":"https:\/\/szkolydoktorskie.uwb.edu.pl\/nsip\/en\/badania-naukowe-doktorantow-en\/","title":{"rendered":"Research our PhD students"},"content":{"rendered":"","protected":false},"excerpt":{"rendered":"","protected":false},"author":1,"featured_media":1028,"parent":0,"menu_order":0,"comment_status":"closed","ping_status":"closed","template":"","meta":{"footnotes":""},"class_list":["post-1026","page","type-page","status-publish","has-post-thumbnail","hentry"],"yoast_head":"<!-- This site is optimized with the Yoast SEO plugin v27.3 - https:\/\/yoast.com\/product\/yoast-seo-wordpress\/ -->\n<title>Research our PhD students - Szko\u0142a Doktorska Nauk \u015acis\u0142ych i Przyrodniczych UwB<\/title>\n<meta name=\"robots\" content=\"index, follow, max-snippet:-1, max-image-preview:large, max-video-preview:-1\" \/>\n<link rel=\"canonical\" href=\"https:\/\/szkolydoktorskie.uwb.edu.pl\/nsip\/en\/badania-naukowe-doktorantow-en\/\" \/>\n<meta property=\"og:locale\" content=\"pl_PL\" \/>\n<meta property=\"og:type\" content=\"article\" \/>\n<meta property=\"og:title\" content=\"Research our PhD students - Szko\u0142a Doktorska Nauk \u015acis\u0142ych i Przyrodniczych UwB\" \/>\n<meta property=\"og:url\" content=\"https:\/\/szkolydoktorskie.uwb.edu.pl\/nsip\/en\/badania-naukowe-doktorantow-en\/\" \/>\n<meta property=\"og:site_name\" content=\"Szko\u0142a Doktorska Nauk \u015acis\u0142ych i Przyrodniczych UwB\" \/>\n<meta property=\"article:modified_time\" content=\"2022-04-25T07:24:03+00:00\" \/>\n<meta property=\"og:image\" content=\"https:\/\/szkolydoktorskie.uwb.edu.pl\/nsip\/wp-content\/uploads\/sites\/4\/2022\/04\/Szkola-Doktorska.png\" \/>\n\t<meta property=\"og:image:width\" content=\"1200\" \/>\n\t<meta property=\"og:image:height\" content=\"600\" \/>\n\t<meta property=\"og:image:type\" content=\"image\/png\" \/>\n<meta name=\"twitter:card\" content=\"summary_large_image\" \/>\n<script type=\"application\/ld+json\" class=\"yoast-schema-graph\">{\"@context\":\"https:\\\/\\\/schema.org\",\"@graph\":[{\"@type\":\"WebPage\",\"@id\":\"https:\\\/\\\/szkolydoktorskie.uwb.edu.pl\\\/nsip\\\/en\\\/badania-naukowe-doktorantow-en\\\/\",\"url\":\"https:\\\/\\\/szkolydoktorskie.uwb.edu.pl\\\/nsip\\\/en\\\/badania-naukowe-doktorantow-en\\\/\",\"name\":\"Research our PhD students - Szko\u0142a Doktorska Nauk \u015acis\u0142ych i Przyrodniczych UwB\",\"isPartOf\":{\"@id\":\"https:\\\/\\\/szkolydoktorskie.uwb.edu.pl\\\/nsip\\\/#website\"},\"primaryImageOfPage\":{\"@id\":\"https:\\\/\\\/szkolydoktorskie.uwb.edu.pl\\\/nsip\\\/en\\\/badania-naukowe-doktorantow-en\\\/#primaryimage\"},\"image\":{\"@id\":\"https:\\\/\\\/szkolydoktorskie.uwb.edu.pl\\\/nsip\\\/en\\\/badania-naukowe-doktorantow-en\\\/#primaryimage\"},\"thumbnailUrl\":\"https:\\\/\\\/szkolydoktorskie.uwb.edu.pl\\\/nsip\\\/wp-content\\\/uploads\\\/sites\\\/4\\\/2022\\\/04\\\/Szkola-Doktorska.png\",\"datePublished\":\"2022-04-21T10:24:35+00:00\",\"dateModified\":\"2022-04-25T07:24:03+00:00\",\"breadcrumb\":{\"@id\":\"https:\\\/\\\/szkolydoktorskie.uwb.edu.pl\\\/nsip\\\/en\\\/badania-naukowe-doktorantow-en\\\/#breadcrumb\"},\"inLanguage\":\"pl-PL\",\"potentialAction\":[{\"@type\":\"ReadAction\",\"target\":[\"https:\\\/\\\/szkolydoktorskie.uwb.edu.pl\\\/nsip\\\/en\\\/badania-naukowe-doktorantow-en\\\/\"]}]},{\"@type\":\"ImageObject\",\"inLanguage\":\"pl-PL\",\"@id\":\"https:\\\/\\\/szkolydoktorskie.uwb.edu.pl\\\/nsip\\\/en\\\/badania-naukowe-doktorantow-en\\\/#primaryimage\",\"url\":\"https:\\\/\\\/szkolydoktorskie.uwb.edu.pl\\\/nsip\\\/wp-content\\\/uploads\\\/sites\\\/4\\\/2022\\\/04\\\/Szkola-Doktorska.png\",\"contentUrl\":\"https:\\\/\\\/szkolydoktorskie.uwb.edu.pl\\\/nsip\\\/wp-content\\\/uploads\\\/sites\\\/4\\\/2022\\\/04\\\/Szkola-Doktorska.png\",\"width\":1200,\"height\":600},{\"@type\":\"BreadcrumbList\",\"@id\":\"https:\\\/\\\/szkolydoktorskie.uwb.edu.pl\\\/nsip\\\/en\\\/badania-naukowe-doktorantow-en\\\/#breadcrumb\",\"itemListElement\":[{\"@type\":\"ListItem\",\"position\":1,\"name\":\"Strona g\u0142\u00f3wna\",\"item\":\"https:\\\/\\\/szkolydoktorskie.uwb.edu.pl\\\/nsip\\\/\"},{\"@type\":\"ListItem\",\"position\":2,\"name\":\"Research our PhD students\"}]},{\"@type\":\"WebSite\",\"@id\":\"https:\\\/\\\/szkolydoktorskie.uwb.edu.pl\\\/nsip\\\/#website\",\"url\":\"https:\\\/\\\/szkolydoktorskie.uwb.edu.pl\\\/nsip\\\/\",\"name\":\"Szko\u0142a Doktorska Nauk \u015acis\u0142ych i Przyrodniczych UwB\",\"description\":\"Szko\u0142a Doktorska Nauk \u015acis\u0142ych i Przyrodniczych UwB\",\"publisher\":{\"@id\":\"https:\\\/\\\/szkolydoktorskie.uwb.edu.pl\\\/nsip\\\/#organization\"},\"potentialAction\":[{\"@type\":\"SearchAction\",\"target\":{\"@type\":\"EntryPoint\",\"urlTemplate\":\"https:\\\/\\\/szkolydoktorskie.uwb.edu.pl\\\/nsip\\\/?s={search_term_string}\"},\"query-input\":{\"@type\":\"PropertyValueSpecification\",\"valueRequired\":true,\"valueName\":\"search_term_string\"}}],\"inLanguage\":\"pl-PL\"},{\"@type\":\"Organization\",\"@id\":\"https:\\\/\\\/szkolydoktorskie.uwb.edu.pl\\\/nsip\\\/#organization\",\"name\":\"Szko\u0142a Doktorska Nauk \u015acis\u0142ych i Przyrodniczych UwB\",\"url\":\"https:\\\/\\\/szkolydoktorskie.uwb.edu.pl\\\/nsip\\\/\",\"logo\":{\"@type\":\"ImageObject\",\"inLanguage\":\"pl-PL\",\"@id\":\"https:\\\/\\\/szkolydoktorskie.uwb.edu.pl\\\/nsip\\\/#\\\/schema\\\/logo\\\/image\\\/\",\"url\":\"https:\\\/\\\/szkolydoktorskie.uwb.edu.pl\\\/nsip\\\/wp-content\\\/uploads\\\/sites\\\/4\\\/2021\\\/04\\\/cropped-LOGO-NSIP.png\",\"contentUrl\":\"https:\\\/\\\/szkolydoktorskie.uwb.edu.pl\\\/nsip\\\/wp-content\\\/uploads\\\/sites\\\/4\\\/2021\\\/04\\\/cropped-LOGO-NSIP.png\",\"width\":705,\"height\":188,\"caption\":\"Szko\u0142a Doktorska Nauk \u015acis\u0142ych i Przyrodniczych UwB\"},\"image\":{\"@id\":\"https:\\\/\\\/szkolydoktorskie.uwb.edu.pl\\\/nsip\\\/#\\\/schema\\\/logo\\\/image\\\/\"}}]}<\/script>\n<!-- \/ Yoast SEO plugin. -->","yoast_head_json":{"title":"Research our PhD students - Szko\u0142a Doktorska Nauk \u015acis\u0142ych i Przyrodniczych UwB","robots":{"index":"index","follow":"follow","max-snippet":"max-snippet:-1","max-image-preview":"max-image-preview:large","max-video-preview":"max-video-preview:-1"},"canonical":"https:\/\/szkolydoktorskie.uwb.edu.pl\/nsip\/en\/badania-naukowe-doktorantow-en\/","og_locale":"pl_PL","og_type":"article","og_title":"Research our PhD students - Szko\u0142a Doktorska Nauk \u015acis\u0142ych i Przyrodniczych UwB","og_url":"https:\/\/szkolydoktorskie.uwb.edu.pl\/nsip\/en\/badania-naukowe-doktorantow-en\/","og_site_name":"Szko\u0142a Doktorska Nauk \u015acis\u0142ych i Przyrodniczych UwB","article_modified_time":"2022-04-25T07:24:03+00:00","og_image":[{"width":1200,"height":600,"url":"https:\/\/szkolydoktorskie.uwb.edu.pl\/nsip\/wp-content\/uploads\/sites\/4\/2022\/04\/Szkola-Doktorska.png","type":"image\/png"}],"twitter_card":"summary_large_image","schema":{"@context":"https:\/\/schema.org","@graph":[{"@type":"WebPage","@id":"https:\/\/szkolydoktorskie.uwb.edu.pl\/nsip\/en\/badania-naukowe-doktorantow-en\/","url":"https:\/\/szkolydoktorskie.uwb.edu.pl\/nsip\/en\/badania-naukowe-doktorantow-en\/","name":"Research our PhD students - Szko\u0142a Doktorska Nauk \u015acis\u0142ych i Przyrodniczych UwB","isPartOf":{"@id":"https:\/\/szkolydoktorskie.uwb.edu.pl\/nsip\/#website"},"primaryImageOfPage":{"@id":"https:\/\/szkolydoktorskie.uwb.edu.pl\/nsip\/en\/badania-naukowe-doktorantow-en\/#primaryimage"},"image":{"@id":"https:\/\/szkolydoktorskie.uwb.edu.pl\/nsip\/en\/badania-naukowe-doktorantow-en\/#primaryimage"},"thumbnailUrl":"https:\/\/szkolydoktorskie.uwb.edu.pl\/nsip\/wp-content\/uploads\/sites\/4\/2022\/04\/Szkola-Doktorska.png","datePublished":"2022-04-21T10:24:35+00:00","dateModified":"2022-04-25T07:24:03+00:00","breadcrumb":{"@id":"https:\/\/szkolydoktorskie.uwb.edu.pl\/nsip\/en\/badania-naukowe-doktorantow-en\/#breadcrumb"},"inLanguage":"pl-PL","potentialAction":[{"@type":"ReadAction","target":["https:\/\/szkolydoktorskie.uwb.edu.pl\/nsip\/en\/badania-naukowe-doktorantow-en\/"]}]},{"@type":"ImageObject","inLanguage":"pl-PL","@id":"https:\/\/szkolydoktorskie.uwb.edu.pl\/nsip\/en\/badania-naukowe-doktorantow-en\/#primaryimage","url":"https:\/\/szkolydoktorskie.uwb.edu.pl\/nsip\/wp-content\/uploads\/sites\/4\/2022\/04\/Szkola-Doktorska.png","contentUrl":"https:\/\/szkolydoktorskie.uwb.edu.pl\/nsip\/wp-content\/uploads\/sites\/4\/2022\/04\/Szkola-Doktorska.png","width":1200,"height":600},{"@type":"BreadcrumbList","@id":"https:\/\/szkolydoktorskie.uwb.edu.pl\/nsip\/en\/badania-naukowe-doktorantow-en\/#breadcrumb","itemListElement":[{"@type":"ListItem","position":1,"name":"Strona g\u0142\u00f3wna","item":"https:\/\/szkolydoktorskie.uwb.edu.pl\/nsip\/"},{"@type":"ListItem","position":2,"name":"Research our PhD students"}]},{"@type":"WebSite","@id":"https:\/\/szkolydoktorskie.uwb.edu.pl\/nsip\/#website","url":"https:\/\/szkolydoktorskie.uwb.edu.pl\/nsip\/","name":"Szko\u0142a Doktorska Nauk \u015acis\u0142ych i Przyrodniczych UwB","description":"Szko\u0142a Doktorska Nauk \u015acis\u0142ych i Przyrodniczych UwB","publisher":{"@id":"https:\/\/szkolydoktorskie.uwb.edu.pl\/nsip\/#organization"},"potentialAction":[{"@type":"SearchAction","target":{"@type":"EntryPoint","urlTemplate":"https:\/\/szkolydoktorskie.uwb.edu.pl\/nsip\/?s={search_term_string}"},"query-input":{"@type":"PropertyValueSpecification","valueRequired":true,"valueName":"search_term_string"}}],"inLanguage":"pl-PL"},{"@type":"Organization","@id":"https:\/\/szkolydoktorskie.uwb.edu.pl\/nsip\/#organization","name":"Szko\u0142a Doktorska Nauk \u015acis\u0142ych i Przyrodniczych UwB","url":"https:\/\/szkolydoktorskie.uwb.edu.pl\/nsip\/","logo":{"@type":"ImageObject","inLanguage":"pl-PL","@id":"https:\/\/szkolydoktorskie.uwb.edu.pl\/nsip\/#\/schema\/logo\/image\/","url":"https:\/\/szkolydoktorskie.uwb.edu.pl\/nsip\/wp-content\/uploads\/sites\/4\/2021\/04\/cropped-LOGO-NSIP.png","contentUrl":"https:\/\/szkolydoktorskie.uwb.edu.pl\/nsip\/wp-content\/uploads\/sites\/4\/2021\/04\/cropped-LOGO-NSIP.png","width":705,"height":188,"caption":"Szko\u0142a Doktorska Nauk \u015acis\u0142ych i Przyrodniczych UwB"},"image":{"@id":"https:\/\/szkolydoktorskie.uwb.edu.pl\/nsip\/#\/schema\/logo\/image\/"}}]}},"_links":{"self":[{"href":"https:\/\/szkolydoktorskie.uwb.edu.pl\/nsip\/wp-json\/wp\/v2\/pages\/1026","targetHints":{"allow":["GET"]}}],"collection":[{"href":"https:\/\/szkolydoktorskie.uwb.edu.pl\/nsip\/wp-json\/wp\/v2\/pages"}],"about":[{"href":"https:\/\/szkolydoktorskie.uwb.edu.pl\/nsip\/wp-json\/wp\/v2\/types\/page"}],"author":[{"embeddable":true,"href":"https:\/\/szkolydoktorskie.uwb.edu.pl\/nsip\/wp-json\/wp\/v2\/users\/1"}],"replies":[{"embeddable":true,"href":"https:\/\/szkolydoktorskie.uwb.edu.pl\/nsip\/wp-json\/wp\/v2\/comments?post=1026"}],"version-history":[{"count":3,"href":"https:\/\/szkolydoktorskie.uwb.edu.pl\/nsip\/wp-json\/wp\/v2\/pages\/1026\/revisions"}],"predecessor-version":[{"id":1078,"href":"https:\/\/szkolydoktorskie.uwb.edu.pl\/nsip\/wp-json\/wp\/v2\/pages\/1026\/revisions\/1078"}],"wp:featuredmedia":[{"embeddable":true,"href":"https:\/\/szkolydoktorskie.uwb.edu.pl\/nsip\/wp-json\/wp\/v2\/media\/1028"}],"wp:attachment":[{"href":"https:\/\/szkolydoktorskie.uwb.edu.pl\/nsip\/wp-json\/wp\/v2\/media?parent=1026"}],"curies":[{"name":"wp","href":"https:\/\/api.w.org\/{rel}","templated":true}]}}