{"id":974,"date":"2022-02-03T10:08:27","date_gmt":"2022-02-03T09:08:27","guid":{"rendered":"https:\/\/szkolydoktorskie.uwb.edu.pl\/ns\/?page_id=974"},"modified":"2023-04-06T12:16:15","modified_gmt":"2023-04-06T10:16:15","slug":"2022-2023","status":"publish","type":"page","link":"https:\/\/szkolydoktorskie.uwb.edu.pl\/ns\/2022-2023\/","title":{"rendered":"2022\/2023"},"content":{"rendered":"\n<p class=\"has-cyan-bluish-gray-background-color has-background\"><strong>Lista rankingowa kandydat\u00f3w w rekrutacji do Szko\u0142y Doktorskiej Nauk Spo\u0142ecznych UwB na rok akademicki 2022\/2023<\/strong><\/p>\n\n\n\n<p><a href=\"https:\/\/szkolydoktorskie.uwb.edu.pl\/ns\/wp-content\/uploads\/sites\/2\/2022\/09\/SDNS_Lista-rankingowa_2022.pdf\">Lista rankingowa kandydat\u00f3w w rekrutacji do Szko\u0142y Doktorskiej Nauk Spo\u0142ecznych UwB na rok akademicki 2022\/2023<\/a><\/p>\n\n\n\n<p class=\"has-cyan-bluish-gray-background-color has-background\"><strong>Zasady i tryb rekrutacji do szk\u00f3\u0142 doktorskich w roku akademickim 2022\/2023<\/strong><\/p>\n\n\n\n<p>Uchwa\u0142a &#8211; <strong><a href=\"https:\/\/szkolydoktorskie.uwb.edu.pl\/ns\/wp-content\/uploads\/sites\/2\/2022\/02\/Uchwala_nr_2983_.pdf\">Uchwa\u0142a nr 2983 Rektora Uniwersytetu w Bia\u0142ymstoku z dnia 26 stycznia 2022 r.<br><em>w sprawie zasad i trybu rekrutacji do szk\u00f3\u0142 doktorskich w roku akademickim 2022\/2023<\/em><\/a><\/strong><\/p>\n\n\n\n<p>Za\u0142\u0105cznik nr 1 &#8211; <a href=\"https:\/\/szkolydoktorskie.uwb.edu.pl\/ns\/wp-content\/uploads\/sites\/2\/2022\/02\/Nr_2983_-_Zalacznik_nr_1_kwestionariusz.docx\">Kwestionariusz kandydata<\/a><\/p>\n\n\n\n<p>Za\u0142\u0105cznik nr 2 &#8211; <a href=\"https:\/\/szkolydoktorskie.uwb.edu.pl\/ns\/wp-content\/uploads\/sites\/2\/2022\/02\/Nr_2983_-_Zalacznik_nr_3_pomysl_badawczy.docx\">Pomys\u0142 badawczy przysz\u0142ej rozprawy doktorskiej <\/a><\/p>\n\n\n\n<p>Za\u0142\u0105cznik nr 3 &#8211; <a href=\"https:\/\/szkolydoktorskie.uwb.edu.pl\/ns\/wp-content\/uploads\/sites\/2\/2022\/02\/Nr_2983_-_Zalacznik_nr_4_oswiadzcenie.docx\">O\u015bwiadczenie planowanego promotora o podj\u0119ciu si\u0119 opieki promotorskiej <\/a><\/p>\n\n\n\n<p>Za\u0142\u0105cznik nr 5- <a href=\"https:\/\/szkolydoktorskie.uwb.edu.pl\/ns\/wp-content\/uploads\/sites\/2\/2022\/02\/Nr_2983_-_Zalacznik_nr_5_kryteria.docx\">Kryteria rekrutacji do Szko\u0142y Doktorskiej Nauk Humanistycznych i do Szko\u0142y Doktorskiej Nauk Spo\u0142ecznych <\/a><\/p>\n\n\n\n<p class=\"has-cyan-bluish-gray-background-color has-background\"><strong>Harmonogram rekrutacji 2022\/2023<\/strong><\/p>\n\n\n\n<p><a href=\"https:\/\/szkolydoktorskie.uwb.edu.pl\/ns\/wp-content\/uploads\/sites\/2\/2022\/02\/10_-_harmonogram_szkoly_doktorskie.pdf\">Harmonogram<\/a><\/p>\n\n\n\n<p class=\"has-cyan-bluish-gray-background-color has-background\"><strong>Harmonogram dy\u017cur\u00f3w Komisji Rekrutacyjnej w dniach 01-29.07.2022 r. <\/strong><\/p>\n\n\n\n<p><a href=\"https:\/\/szkolydoktorskie.uwb.edu.pl\/ns\/wp-content\/uploads\/sites\/2\/2022\/06\/Harmonogram-dyzurow-Komisji-rekrutacyjnej_2022_SDNS-1.pdf\">Harmonogram <\/a><\/p>\n\n\n\n<p class=\"has-cyan-bluish-gray-background-color has-background\"><strong>Limit przyj\u0119\u0107 2022\/2023<\/strong><\/p>\n\n\n\n<p><a href=\"https:\/\/szkolydoktorskie.uwb.edu.pl\/ns\/wp-content\/uploads\/sites\/2\/2022\/02\/9_-__limity_przyje___szkoly_doktorskie.pdf\">Limit<\/a><\/p>\n\n\n\n<p class=\"has-cyan-bluish-gray-background-color has-background\"><strong>Komisja rekrutacyjna 2022\/2023<\/strong><\/p>\n\n\n\n<p><a href=\"https:\/\/szkolydoktorskie.uwb.edu.pl\/ns\/wp-content\/uploads\/sites\/2\/2022\/04\/Komunikat-nr-3_2022.pdf\">Komunikat nr 3\/2022 Dyrektora Szko\u0142y Doktorskiej Nauk Spo\u0142ecznych UwB<\/a><\/p>\n\n\n\n<p class=\"has-cyan-bluish-gray-background-color has-background\">Szko\u0142y doktorskie w systemie&nbsp;<strong>Internetowej Rejestracji Kandydat\u00f3w&nbsp;(IRK)<\/strong><\/p>\n\n\n\n<p><a href=\"https:\/\/irk.uwb.edu.pl\/pl\/\">Internetowa Rejestracja Kandydat\u00f3w (IRK) <\/a><\/p>\n\n\n\n<p class=\"has-cyan-bluish-gray-background-color has-background\"><strong>Listy potencjalnych promotor\u00f3w rozpraw doktorskich na rok akademicki 2022\/2023&nbsp;<\/strong><\/p>\n\n\n\n<p><a href=\"https:\/\/szkolydoktorskie.uwb.edu.pl\/ns\/wp-content\/uploads\/sites\/2\/2022\/03\/Ekonomia-i-finanse_2022.pdf\">Ekonomia i finanse <\/a><\/p>\n\n\n\n<p><a href=\"https:\/\/szkolydoktorskie.uwb.edu.pl\/ns\/wp-content\/uploads\/sites\/2\/2022\/03\/Nauki-prawne_2022.pdf\">Nauki prawne <\/a><\/p>\n\n\n\n<p><a href=\"https:\/\/szkolydoktorskie.uwb.edu.pl\/ns\/wp-content\/uploads\/sites\/2\/2022\/03\/Nauki-socjologiczne_2022.pdf\">Nauki socjologiczne <\/a><\/p>\n\n\n\n<p><a href=\"https:\/\/szkolydoktorskie.uwb.edu.pl\/ns\/wp-content\/uploads\/sites\/2\/2022\/03\/Pedagogika_2022.pdf\">Pedagogika<\/a> <\/p>\n\n\n\n<p class=\"has-cyan-bluish-gray-background-color has-background\"><strong>Spotkania informacyjne <\/strong><\/p>\n\n\n\n<p><strong>14.06.2022 r. <\/strong>&#8211; godz. 16.00, formu\u0142a: on-line <\/p>\n\n\n\n<figure class=\"wp-block-image size-large\"><img loading=\"lazy\" decoding=\"async\" width=\"1024\" height=\"576\" src=\"https:\/\/szkolydoktorskie.uwb.edu.pl\/ns\/wp-content\/uploads\/sites\/2\/2022\/05\/Szkola-Doktorska-Nauk-Spolecznych-UwB_rekrutacja_II-1-1024x576.jpg\" alt=\"\" class=\"wp-image-1130\" srcset=\"https:\/\/szkolydoktorskie.uwb.edu.pl\/ns\/wp-content\/uploads\/sites\/2\/2022\/05\/Szkola-Doktorska-Nauk-Spolecznych-UwB_rekrutacja_II-1-1024x576.jpg 1024w, https:\/\/szkolydoktorskie.uwb.edu.pl\/ns\/wp-content\/uploads\/sites\/2\/2022\/05\/Szkola-Doktorska-Nauk-Spolecznych-UwB_rekrutacja_II-1-300x169.jpg 300w, https:\/\/szkolydoktorskie.uwb.edu.pl\/ns\/wp-content\/uploads\/sites\/2\/2022\/05\/Szkola-Doktorska-Nauk-Spolecznych-UwB_rekrutacja_II-1-768x432.jpg 768w, https:\/\/szkolydoktorskie.uwb.edu.pl\/ns\/wp-content\/uploads\/sites\/2\/2022\/05\/Szkola-Doktorska-Nauk-Spolecznych-UwB_rekrutacja_II-1.jpg 1280w\" sizes=\"auto, (max-width: 1024px) 100vw, 1024px\" \/><\/figure>\n\n\n\n<p><\/p>\n\n\n\n<p><strong>22.03.2022 r. <\/strong>&#8211; godz. 16.00, formu\u0142a: on-line <\/p>\n\n\n\n<figure class=\"wp-block-image size-full\"><img loading=\"lazy\" decoding=\"async\" width=\"640\" height=\"360\" src=\"https:\/\/szkolydoktorskie.uwb.edu.pl\/ns\/wp-content\/uploads\/sites\/2\/2022\/03\/SDNS_.png\" alt=\"\" class=\"wp-image-1052\" srcset=\"https:\/\/szkolydoktorskie.uwb.edu.pl\/ns\/wp-content\/uploads\/sites\/2\/2022\/03\/SDNS_.png 640w, https:\/\/szkolydoktorskie.uwb.edu.pl\/ns\/wp-content\/uploads\/sites\/2\/2022\/03\/SDNS_-300x169.png 300w\" sizes=\"auto, (max-width: 640px) 100vw, 640px\" \/><\/figure>\n\n\n\n<p><\/p>\n","protected":false},"excerpt":{"rendered":"<p>Lista rankingowa kandydat\u00f3w w rekrutacji do Szko\u0142y Doktorskiej Nauk Spo\u0142ecznych UwB na rok akademicki 2022\/2023 Lista rankingowa kandydat\u00f3w w rekrutacji do Szko\u0142y Doktorskiej Nauk Spo\u0142ecznych UwB na rok akademicki 2022\/2023&hellip;<\/p>\n","protected":false},"author":7,"featured_media":0,"parent":0,"menu_order":0,"comment_status":"closed","ping_status":"closed","template":"","meta":{"footnotes":""},"class_list":["post-974","page","type-page","status-publish","hentry"],"yoast_head":"<!-- This site is optimized with the Yoast SEO plugin v27.3 - https:\/\/yoast.com\/product\/yoast-seo-wordpress\/ -->\n<title>2022\/2023 - Szko\u0142a Doktorska Nauk Spo\u0142ecznych UwB<\/title>\n<meta name=\"robots\" content=\"index, follow, max-snippet:-1, max-image-preview:large, max-video-preview:-1\" \/>\n<link rel=\"canonical\" href=\"https:\/\/szkolydoktorskie.uwb.edu.pl\/ns\/2022-2023\/\" \/>\n<meta property=\"og:locale\" content=\"pl_PL\" \/>\n<meta property=\"og:type\" content=\"article\" \/>\n<meta property=\"og:title\" content=\"2022\/2023 - Szko\u0142a Doktorska Nauk Spo\u0142ecznych UwB\" \/>\n<meta property=\"og:description\" content=\"Lista rankingowa kandydat\u00f3w w rekrutacji do Szko\u0142y Doktorskiej Nauk Spo\u0142ecznych UwB na rok akademicki 2022\/2023 Lista rankingowa kandydat\u00f3w w rekrutacji do Szko\u0142y Doktorskiej Nauk Spo\u0142ecznych UwB na rok akademicki 2022\/2023&hellip;\" \/>\n<meta property=\"og:url\" content=\"https:\/\/szkolydoktorskie.uwb.edu.pl\/ns\/2022-2023\/\" \/>\n<meta property=\"og:site_name\" content=\"Szko\u0142a Doktorska Nauk Spo\u0142ecznych UwB\" \/>\n<meta property=\"article:modified_time\" content=\"2023-04-06T10:16:15+00:00\" \/>\n<meta property=\"og:image\" content=\"https:\/\/szkolydoktorskie.uwb.edu.pl\/ns\/wp-content\/uploads\/sites\/2\/2022\/05\/Szkola-Doktorska-Nauk-Spolecznych-UwB_rekrutacja_II-1-1024x576.jpg\" \/>\n<meta name=\"twitter:card\" content=\"summary_large_image\" \/>\n<meta name=\"twitter:label1\" content=\"Szacowany czas czytania\" \/>\n\t<meta name=\"twitter:data1\" content=\"2 minuty\" \/>\n<script type=\"application\/ld+json\" class=\"yoast-schema-graph\">{\"@context\":\"https:\\\/\\\/schema.org\",\"@graph\":[{\"@type\":\"WebPage\",\"@id\":\"https:\\\/\\\/szkolydoktorskie.uwb.edu.pl\\\/ns\\\/2022-2023\\\/\",\"url\":\"https:\\\/\\\/szkolydoktorskie.uwb.edu.pl\\\/ns\\\/2022-2023\\\/\",\"name\":\"2022\\\/2023 - Szko\u0142a Doktorska Nauk Spo\u0142ecznych UwB\",\"isPartOf\":{\"@id\":\"https:\\\/\\\/szkolydoktorskie.uwb.edu.pl\\\/ns\\\/#website\"},\"primaryImageOfPage\":{\"@id\":\"https:\\\/\\\/szkolydoktorskie.uwb.edu.pl\\\/ns\\\/2022-2023\\\/#primaryimage\"},\"image\":{\"@id\":\"https:\\\/\\\/szkolydoktorskie.uwb.edu.pl\\\/ns\\\/2022-2023\\\/#primaryimage\"},\"thumbnailUrl\":\"https:\\\/\\\/szkolydoktorskie.uwb.edu.pl\\\/ns\\\/wp-content\\\/uploads\\\/sites\\\/2\\\/2022\\\/05\\\/Szkola-Doktorska-Nauk-Spolecznych-UwB_rekrutacja_II-1-1024x576.jpg\",\"datePublished\":\"2022-02-03T09:08:27+00:00\",\"dateModified\":\"2023-04-06T10:16:15+00:00\",\"breadcrumb\":{\"@id\":\"https:\\\/\\\/szkolydoktorskie.uwb.edu.pl\\\/ns\\\/2022-2023\\\/#breadcrumb\"},\"inLanguage\":\"pl-PL\",\"potentialAction\":[{\"@type\":\"ReadAction\",\"target\":[\"https:\\\/\\\/szkolydoktorskie.uwb.edu.pl\\\/ns\\\/2022-2023\\\/\"]}]},{\"@type\":\"ImageObject\",\"inLanguage\":\"pl-PL\",\"@id\":\"https:\\\/\\\/szkolydoktorskie.uwb.edu.pl\\\/ns\\\/2022-2023\\\/#primaryimage\",\"url\":\"https:\\\/\\\/szkolydoktorskie.uwb.edu.pl\\\/ns\\\/wp-content\\\/uploads\\\/sites\\\/2\\\/2022\\\/05\\\/Szkola-Doktorska-Nauk-Spolecznych-UwB_rekrutacja_II-1.jpg\",\"contentUrl\":\"https:\\\/\\\/szkolydoktorskie.uwb.edu.pl\\\/ns\\\/wp-content\\\/uploads\\\/sites\\\/2\\\/2022\\\/05\\\/Szkola-Doktorska-Nauk-Spolecznych-UwB_rekrutacja_II-1.jpg\",\"width\":1280,\"height\":720},{\"@type\":\"BreadcrumbList\",\"@id\":\"https:\\\/\\\/szkolydoktorskie.uwb.edu.pl\\\/ns\\\/2022-2023\\\/#breadcrumb\",\"itemListElement\":[{\"@type\":\"ListItem\",\"position\":1,\"name\":\"Strona g\u0142\u00f3wna\",\"item\":\"https:\\\/\\\/szkolydoktorskie.uwb.edu.pl\\\/ns\\\/\"},{\"@type\":\"ListItem\",\"position\":2,\"name\":\"2022\\\/2023\"}]},{\"@type\":\"WebSite\",\"@id\":\"https:\\\/\\\/szkolydoktorskie.uwb.edu.pl\\\/ns\\\/#website\",\"url\":\"https:\\\/\\\/szkolydoktorskie.uwb.edu.pl\\\/ns\\\/\",\"name\":\"Szko\u0142a Doktorska Nauk Spo\u0142ecznych UwB\",\"description\":\"Szko\u0142a Doktorska Nauk Spo\u0142ecznych UwB\",\"publisher\":{\"@id\":\"https:\\\/\\\/szkolydoktorskie.uwb.edu.pl\\\/ns\\\/#organization\"},\"potentialAction\":[{\"@type\":\"SearchAction\",\"target\":{\"@type\":\"EntryPoint\",\"urlTemplate\":\"https:\\\/\\\/szkolydoktorskie.uwb.edu.pl\\\/ns\\\/?s={search_term_string}\"},\"query-input\":{\"@type\":\"PropertyValueSpecification\",\"valueRequired\":true,\"valueName\":\"search_term_string\"}}],\"inLanguage\":\"pl-PL\"},{\"@type\":\"Organization\",\"@id\":\"https:\\\/\\\/szkolydoktorskie.uwb.edu.pl\\\/ns\\\/#organization\",\"name\":\"Szko\u0142a Doktorska Nauk Spo\u0142ecznych UwB\",\"url\":\"https:\\\/\\\/szkolydoktorskie.uwb.edu.pl\\\/ns\\\/\",\"logo\":{\"@type\":\"ImageObject\",\"inLanguage\":\"pl-PL\",\"@id\":\"https:\\\/\\\/szkolydoktorskie.uwb.edu.pl\\\/ns\\\/#\\\/schema\\\/logo\\\/image\\\/\",\"url\":\"https:\\\/\\\/szkolydoktorskie.uwb.edu.pl\\\/ns\\\/wp-content\\\/uploads\\\/sites\\\/2\\\/2021\\\/04\\\/cropped-NS-LOGO.png\",\"contentUrl\":\"https:\\\/\\\/szkolydoktorskie.uwb.edu.pl\\\/ns\\\/wp-content\\\/uploads\\\/sites\\\/2\\\/2021\\\/04\\\/cropped-NS-LOGO.png\",\"width\":705,\"height\":188,\"caption\":\"Szko\u0142a Doktorska Nauk Spo\u0142ecznych UwB\"},\"image\":{\"@id\":\"https:\\\/\\\/szkolydoktorskie.uwb.edu.pl\\\/ns\\\/#\\\/schema\\\/logo\\\/image\\\/\"}}]}<\/script>\n<!-- \/ Yoast SEO plugin. -->","yoast_head_json":{"title":"2022\/2023 - Szko\u0142a Doktorska Nauk Spo\u0142ecznych UwB","robots":{"index":"index","follow":"follow","max-snippet":"max-snippet:-1","max-image-preview":"max-image-preview:large","max-video-preview":"max-video-preview:-1"},"canonical":"https:\/\/szkolydoktorskie.uwb.edu.pl\/ns\/2022-2023\/","og_locale":"pl_PL","og_type":"article","og_title":"2022\/2023 - Szko\u0142a Doktorska Nauk Spo\u0142ecznych UwB","og_description":"Lista rankingowa kandydat\u00f3w w rekrutacji do Szko\u0142y Doktorskiej Nauk Spo\u0142ecznych UwB na rok akademicki 2022\/2023 Lista rankingowa kandydat\u00f3w w rekrutacji do Szko\u0142y Doktorskiej Nauk Spo\u0142ecznych UwB na rok akademicki 2022\/2023&hellip;","og_url":"https:\/\/szkolydoktorskie.uwb.edu.pl\/ns\/2022-2023\/","og_site_name":"Szko\u0142a Doktorska Nauk Spo\u0142ecznych UwB","article_modified_time":"2023-04-06T10:16:15+00:00","og_image":[{"url":"https:\/\/szkolydoktorskie.uwb.edu.pl\/ns\/wp-content\/uploads\/sites\/2\/2022\/05\/Szkola-Doktorska-Nauk-Spolecznych-UwB_rekrutacja_II-1-1024x576.jpg","type":"","width":"","height":""}],"twitter_card":"summary_large_image","twitter_misc":{"Szacowany czas czytania":"2 minuty"},"schema":{"@context":"https:\/\/schema.org","@graph":[{"@type":"WebPage","@id":"https:\/\/szkolydoktorskie.uwb.edu.pl\/ns\/2022-2023\/","url":"https:\/\/szkolydoktorskie.uwb.edu.pl\/ns\/2022-2023\/","name":"2022\/2023 - Szko\u0142a Doktorska Nauk Spo\u0142ecznych UwB","isPartOf":{"@id":"https:\/\/szkolydoktorskie.uwb.edu.pl\/ns\/#website"},"primaryImageOfPage":{"@id":"https:\/\/szkolydoktorskie.uwb.edu.pl\/ns\/2022-2023\/#primaryimage"},"image":{"@id":"https:\/\/szkolydoktorskie.uwb.edu.pl\/ns\/2022-2023\/#primaryimage"},"thumbnailUrl":"https:\/\/szkolydoktorskie.uwb.edu.pl\/ns\/wp-content\/uploads\/sites\/2\/2022\/05\/Szkola-Doktorska-Nauk-Spolecznych-UwB_rekrutacja_II-1-1024x576.jpg","datePublished":"2022-02-03T09:08:27+00:00","dateModified":"2023-04-06T10:16:15+00:00","breadcrumb":{"@id":"https:\/\/szkolydoktorskie.uwb.edu.pl\/ns\/2022-2023\/#breadcrumb"},"inLanguage":"pl-PL","potentialAction":[{"@type":"ReadAction","target":["https:\/\/szkolydoktorskie.uwb.edu.pl\/ns\/2022-2023\/"]}]},{"@type":"ImageObject","inLanguage":"pl-PL","@id":"https:\/\/szkolydoktorskie.uwb.edu.pl\/ns\/2022-2023\/#primaryimage","url":"https:\/\/szkolydoktorskie.uwb.edu.pl\/ns\/wp-content\/uploads\/sites\/2\/2022\/05\/Szkola-Doktorska-Nauk-Spolecznych-UwB_rekrutacja_II-1.jpg","contentUrl":"https:\/\/szkolydoktorskie.uwb.edu.pl\/ns\/wp-content\/uploads\/sites\/2\/2022\/05\/Szkola-Doktorska-Nauk-Spolecznych-UwB_rekrutacja_II-1.jpg","width":1280,"height":720},{"@type":"BreadcrumbList","@id":"https:\/\/szkolydoktorskie.uwb.edu.pl\/ns\/2022-2023\/#breadcrumb","itemListElement":[{"@type":"ListItem","position":1,"name":"Strona g\u0142\u00f3wna","item":"https:\/\/szkolydoktorskie.uwb.edu.pl\/ns\/"},{"@type":"ListItem","position":2,"name":"2022\/2023"}]},{"@type":"WebSite","@id":"https:\/\/szkolydoktorskie.uwb.edu.pl\/ns\/#website","url":"https:\/\/szkolydoktorskie.uwb.edu.pl\/ns\/","name":"Szko\u0142a Doktorska Nauk Spo\u0142ecznych UwB","description":"Szko\u0142a Doktorska Nauk Spo\u0142ecznych UwB","publisher":{"@id":"https:\/\/szkolydoktorskie.uwb.edu.pl\/ns\/#organization"},"potentialAction":[{"@type":"SearchAction","target":{"@type":"EntryPoint","urlTemplate":"https:\/\/szkolydoktorskie.uwb.edu.pl\/ns\/?s={search_term_string}"},"query-input":{"@type":"PropertyValueSpecification","valueRequired":true,"valueName":"search_term_string"}}],"inLanguage":"pl-PL"},{"@type":"Organization","@id":"https:\/\/szkolydoktorskie.uwb.edu.pl\/ns\/#organization","name":"Szko\u0142a Doktorska Nauk Spo\u0142ecznych UwB","url":"https:\/\/szkolydoktorskie.uwb.edu.pl\/ns\/","logo":{"@type":"ImageObject","inLanguage":"pl-PL","@id":"https:\/\/szkolydoktorskie.uwb.edu.pl\/ns\/#\/schema\/logo\/image\/","url":"https:\/\/szkolydoktorskie.uwb.edu.pl\/ns\/wp-content\/uploads\/sites\/2\/2021\/04\/cropped-NS-LOGO.png","contentUrl":"https:\/\/szkolydoktorskie.uwb.edu.pl\/ns\/wp-content\/uploads\/sites\/2\/2021\/04\/cropped-NS-LOGO.png","width":705,"height":188,"caption":"Szko\u0142a Doktorska Nauk Spo\u0142ecznych UwB"},"image":{"@id":"https:\/\/szkolydoktorskie.uwb.edu.pl\/ns\/#\/schema\/logo\/image\/"}}]}},"_links":{"self":[{"href":"https:\/\/szkolydoktorskie.uwb.edu.pl\/ns\/wp-json\/wp\/v2\/pages\/974","targetHints":{"allow":["GET"]}}],"collection":[{"href":"https:\/\/szkolydoktorskie.uwb.edu.pl\/ns\/wp-json\/wp\/v2\/pages"}],"about":[{"href":"https:\/\/szkolydoktorskie.uwb.edu.pl\/ns\/wp-json\/wp\/v2\/types\/page"}],"author":[{"embeddable":true,"href":"https:\/\/szkolydoktorskie.uwb.edu.pl\/ns\/wp-json\/wp\/v2\/users\/7"}],"replies":[{"embeddable":true,"href":"https:\/\/szkolydoktorskie.uwb.edu.pl\/ns\/wp-json\/wp\/v2\/comments?post=974"}],"version-history":[{"count":25,"href":"https:\/\/szkolydoktorskie.uwb.edu.pl\/ns\/wp-json\/wp\/v2\/pages\/974\/revisions"}],"predecessor-version":[{"id":1857,"href":"https:\/\/szkolydoktorskie.uwb.edu.pl\/ns\/wp-json\/wp\/v2\/pages\/974\/revisions\/1857"}],"wp:attachment":[{"href":"https:\/\/szkolydoktorskie.uwb.edu.pl\/ns\/wp-json\/wp\/v2\/media?parent=974"}],"curies":[{"name":"wp","href":"https:\/\/api.w.org\/{rel}","templated":true}]}}