{"id":872,"date":"2022-02-01T16:05:55","date_gmt":"2022-02-01T15:05:55","guid":{"rendered":"https:\/\/szkolydoktorskie.uwb.edu.pl\/ns\/?page_id=872"},"modified":"2024-06-28T11:36:56","modified_gmt":"2024-06-28T09:36:56","slug":"wsparcie-socjalne","status":"publish","type":"page","link":"https:\/\/szkolydoktorskie.uwb.edu.pl\/ns\/wsparcie-socjalne\/","title":{"rendered":"Wsparcie doktorant\u00f3w"},"content":{"rendered":"\n<p class=\"has-cyan-bluish-gray-background-color has-background has-medium-font-size\"><strong>CENTRUM WSPARCIA STUDENT\u00d3W I DOKTORANT\u00d3W ZE SPECJALNYMI POTRZEBAMI EDUKACYJNYMI <\/strong><\/p>\n\n\n\n<p class=\"has-pale-cyan-blue-background-color has-background\"><strong>Pe\u0142nomocnik Rektora Uniwersytetu w Bia\u0142ymstoku ds. student\u00f3w i doktorant\u00f3w ze szczeg\u00f3lnymi potrzebami edukacyjnymi<\/strong> <\/p>\n\n\n\n<p><strong>Dr hab. Karol Konaszewski prof. UwB<\/strong><\/p>\n\n\n\n<p>Pe\u0142nomocnik Rektora ds. student\u00f3w i doktorant\u00f3w ze szczeg\u00f3lnymi potrzebami<\/p>\n\n\n\n<p><a href=\"mailto:biuro.pelnomocnikaon@uwb.edu.pl\">biuro.pelnomocnikaon@uwb.edu.pl<\/a><br><a href=\"mailto:k.konaszewski@uwb.edu.pl\">k.konaszewski@uwb.edu.pl<\/a><\/p>\n\n\n\n<p>wtorek 8:30 &#8211; 10:00<br>\u015broda 8:30 &#8211; 10:00<br>czwartek 11:45 &#8211; 13:15<\/p>\n\n\n\n<p class=\"has-pale-cyan-blue-background-color has-background\"><strong>Zarz\u0105dzenia Rektora <\/strong><\/p>\n\n\n\n<p><a href=\"https:\/\/szkolydoktorskie.uwb.edu.pl\/ns\/wp-content\/uploads\/sites\/2\/2022\/10\/56_-_Asystent_egulamin_przyznawania_asystenta_24_10-1.pdf\">Zarz\u0105dzenie nr 56 Rektora Uniwersytetu w Bia\u0142ymstoku z dnia 25 pa\u017adziernika 2022 r.<br><em>w sprawie okre\u015blenia Zasad wsparcia student\u00f3w i doktorant\u00f3w ze szczeg\u00f3lnymi potrzebami w formie w\u0142\u0105czenia os\u00f3b trzecich oraz dodatkowych, indywidualnych zaj\u0119\u0107 dydaktycznych<\/em><\/a><\/p>\n\n\n\n<p class=\"has-small-font-size\"><a href=\"https:\/\/szkolydoktorskie.uwb.edu.pl\/ns\/wp-content\/uploads\/sites\/2\/2022\/10\/56_-_Zalaczniki_studenci_i_doktoranci_24-1.docx\">Za\u0142\u0105cznik<\/a><\/p>\n\n\n\n<p class=\"has-cyan-bluish-gray-background-color has-background has-medium-font-size\"><strong>WSPARCIE SOCJALNE <\/strong><\/p>\n\n\n\n<p class=\"has-pale-cyan-blue-background-color has-background\" style=\"text-transform:uppercase\"><strong>Ubezpieczenia i domy studenta<\/strong><\/p>\n\n\n\n<p><strong>Ubezpieczenie zdrowotne<\/strong><\/p>\n\n\n\n<p><a href=\"https:\/\/szkolydoktorskie.uwb.edu.pl\/ns\/wp-content\/uploads\/sites\/2\/2023\/09\/ubezpieczenie-zdrowotne-studentow-doktorantow-UwB.pdf\">Wytyczne dotycz\u0105ce ubezpieczenia zdrowotnego <\/a><\/p>\n\n\n\n<p><a href=\"https:\/\/szkolydoktorskie.uwb.edu.pl\/ns\/wp-content\/uploads\/sites\/2\/2022\/02\/OSWIADCZENIE-_DOKTORANT.pdf\">Druk o\u015bwiadczania doktoranta do uzyskania ubezpieczenia zdrowotnego<\/a><\/p>\n\n\n\n<p><\/p>\n\n\n\n<p><strong>Domy studenta&nbsp;<\/strong><\/p>\n\n\n\n<p>Uniwersytet w Bia\u0142ymstoku oferuje doktorantom miejsca zakwaterowania w Domach Studenta nr 1 przy ul. \u017beromskiego 1 i nr 3 przy ul. Pogodnej 65. Wi\u0119cej informacji w sekretariacie szko\u0142y.<\/p>\n\n\n\n<p><a href=\"https:\/\/uwb.edu.pl\/aktualnosci\/dom-studenta-uwb---harmonogram-czynnosci-na-rok-akademicki-2024-2025-7299.html\">Komunikat w sprawie harmonogramu czynno\u015bci w post\u0119powaniach dotycz\u0105cych przyznawania miejsc w Domu Studenta na rok akademicki 2024\/2025<\/a><\/p>\n\n\n\n<p><a href=\"https:\/\/szkolydoktorskie.uwb.edu.pl\/ns\/wp-content\/uploads\/sites\/2\/2024\/06\/15_-_komunikat_limit_miejsc_DS_2024-2025.pdf\">Komunikat nr 15 Rektora Uniwersytetu w Bia\u0142ymstoku z dnia 26 czerwca 2024 r. w sprawie liczby miejsc przyznanej studentom i doktorantom w Domu Studenta w roku akademickim 2024\/2025<\/a><\/p>\n","protected":false},"excerpt":{"rendered":"<p>CENTRUM WSPARCIA STUDENT\u00d3W I DOKTORANT\u00d3W ZE SPECJALNYMI POTRZEBAMI EDUKACYJNYMI Pe\u0142nomocnik Rektora Uniwersytetu w Bia\u0142ymstoku ds. student\u00f3w i doktorant\u00f3w ze szczeg\u00f3lnymi potrzebami edukacyjnymi Dr hab. Karol Konaszewski prof. UwB Pe\u0142nomocnik Rektora&hellip;<\/p>\n","protected":false},"author":7,"featured_media":0,"parent":0,"menu_order":0,"comment_status":"closed","ping_status":"closed","template":"","meta":{"footnotes":""},"class_list":["post-872","page","type-page","status-publish","hentry"],"yoast_head":"<!-- This site is optimized with the Yoast SEO plugin v27.3 - https:\/\/yoast.com\/product\/yoast-seo-wordpress\/ -->\n<title>Wsparcie doktorant\u00f3w - Szko\u0142a Doktorska Nauk Spo\u0142ecznych UwB<\/title>\n<meta name=\"robots\" content=\"index, follow, max-snippet:-1, max-image-preview:large, max-video-preview:-1\" \/>\n<link rel=\"canonical\" href=\"https:\/\/szkolydoktorskie.uwb.edu.pl\/ns\/wsparcie-socjalne\/\" \/>\n<meta property=\"og:locale\" content=\"pl_PL\" \/>\n<meta property=\"og:type\" content=\"article\" \/>\n<meta property=\"og:title\" content=\"Wsparcie doktorant\u00f3w - Szko\u0142a Doktorska Nauk Spo\u0142ecznych UwB\" \/>\n<meta property=\"og:description\" content=\"CENTRUM WSPARCIA STUDENT\u00d3W I DOKTORANT\u00d3W ZE SPECJALNYMI POTRZEBAMI EDUKACYJNYMI Pe\u0142nomocnik Rektora Uniwersytetu w Bia\u0142ymstoku ds. student\u00f3w i doktorant\u00f3w ze szczeg\u00f3lnymi potrzebami edukacyjnymi Dr hab. Karol Konaszewski prof. UwB Pe\u0142nomocnik Rektora&hellip;\" \/>\n<meta property=\"og:url\" content=\"https:\/\/szkolydoktorskie.uwb.edu.pl\/ns\/wsparcie-socjalne\/\" \/>\n<meta property=\"og:site_name\" content=\"Szko\u0142a Doktorska Nauk Spo\u0142ecznych UwB\" \/>\n<meta property=\"article:modified_time\" content=\"2024-06-28T09:36:56+00:00\" \/>\n<meta name=\"twitter:card\" content=\"summary_large_image\" \/>\n<meta name=\"twitter:label1\" content=\"Szacowany czas czytania\" \/>\n\t<meta name=\"twitter:data1\" content=\"2 minuty\" \/>\n<script type=\"application\/ld+json\" class=\"yoast-schema-graph\">{\"@context\":\"https:\\\/\\\/schema.org\",\"@graph\":[{\"@type\":\"WebPage\",\"@id\":\"https:\\\/\\\/szkolydoktorskie.uwb.edu.pl\\\/ns\\\/wsparcie-socjalne\\\/\",\"url\":\"https:\\\/\\\/szkolydoktorskie.uwb.edu.pl\\\/ns\\\/wsparcie-socjalne\\\/\",\"name\":\"Wsparcie doktorant\u00f3w - Szko\u0142a Doktorska Nauk Spo\u0142ecznych UwB\",\"isPartOf\":{\"@id\":\"https:\\\/\\\/szkolydoktorskie.uwb.edu.pl\\\/ns\\\/#website\"},\"datePublished\":\"2022-02-01T15:05:55+00:00\",\"dateModified\":\"2024-06-28T09:36:56+00:00\",\"breadcrumb\":{\"@id\":\"https:\\\/\\\/szkolydoktorskie.uwb.edu.pl\\\/ns\\\/wsparcie-socjalne\\\/#breadcrumb\"},\"inLanguage\":\"pl-PL\",\"potentialAction\":[{\"@type\":\"ReadAction\",\"target\":[\"https:\\\/\\\/szkolydoktorskie.uwb.edu.pl\\\/ns\\\/wsparcie-socjalne\\\/\"]}]},{\"@type\":\"BreadcrumbList\",\"@id\":\"https:\\\/\\\/szkolydoktorskie.uwb.edu.pl\\\/ns\\\/wsparcie-socjalne\\\/#breadcrumb\",\"itemListElement\":[{\"@type\":\"ListItem\",\"position\":1,\"name\":\"Strona g\u0142\u00f3wna\",\"item\":\"https:\\\/\\\/szkolydoktorskie.uwb.edu.pl\\\/ns\\\/\"},{\"@type\":\"ListItem\",\"position\":2,\"name\":\"Wsparcie doktorant\u00f3w\"}]},{\"@type\":\"WebSite\",\"@id\":\"https:\\\/\\\/szkolydoktorskie.uwb.edu.pl\\\/ns\\\/#website\",\"url\":\"https:\\\/\\\/szkolydoktorskie.uwb.edu.pl\\\/ns\\\/\",\"name\":\"Szko\u0142a Doktorska Nauk Spo\u0142ecznych UwB\",\"description\":\"Szko\u0142a Doktorska Nauk Spo\u0142ecznych UwB\",\"publisher\":{\"@id\":\"https:\\\/\\\/szkolydoktorskie.uwb.edu.pl\\\/ns\\\/#organization\"},\"potentialAction\":[{\"@type\":\"SearchAction\",\"target\":{\"@type\":\"EntryPoint\",\"urlTemplate\":\"https:\\\/\\\/szkolydoktorskie.uwb.edu.pl\\\/ns\\\/?s={search_term_string}\"},\"query-input\":{\"@type\":\"PropertyValueSpecification\",\"valueRequired\":true,\"valueName\":\"search_term_string\"}}],\"inLanguage\":\"pl-PL\"},{\"@type\":\"Organization\",\"@id\":\"https:\\\/\\\/szkolydoktorskie.uwb.edu.pl\\\/ns\\\/#organization\",\"name\":\"Szko\u0142a Doktorska Nauk Spo\u0142ecznych UwB\",\"url\":\"https:\\\/\\\/szkolydoktorskie.uwb.edu.pl\\\/ns\\\/\",\"logo\":{\"@type\":\"ImageObject\",\"inLanguage\":\"pl-PL\",\"@id\":\"https:\\\/\\\/szkolydoktorskie.uwb.edu.pl\\\/ns\\\/#\\\/schema\\\/logo\\\/image\\\/\",\"url\":\"https:\\\/\\\/szkolydoktorskie.uwb.edu.pl\\\/ns\\\/wp-content\\\/uploads\\\/sites\\\/2\\\/2021\\\/04\\\/cropped-NS-LOGO.png\",\"contentUrl\":\"https:\\\/\\\/szkolydoktorskie.uwb.edu.pl\\\/ns\\\/wp-content\\\/uploads\\\/sites\\\/2\\\/2021\\\/04\\\/cropped-NS-LOGO.png\",\"width\":705,\"height\":188,\"caption\":\"Szko\u0142a Doktorska Nauk Spo\u0142ecznych UwB\"},\"image\":{\"@id\":\"https:\\\/\\\/szkolydoktorskie.uwb.edu.pl\\\/ns\\\/#\\\/schema\\\/logo\\\/image\\\/\"}}]}<\/script>\n<!-- \/ Yoast SEO plugin. -->","yoast_head_json":{"title":"Wsparcie doktorant\u00f3w - Szko\u0142a Doktorska Nauk Spo\u0142ecznych UwB","robots":{"index":"index","follow":"follow","max-snippet":"max-snippet:-1","max-image-preview":"max-image-preview:large","max-video-preview":"max-video-preview:-1"},"canonical":"https:\/\/szkolydoktorskie.uwb.edu.pl\/ns\/wsparcie-socjalne\/","og_locale":"pl_PL","og_type":"article","og_title":"Wsparcie doktorant\u00f3w - Szko\u0142a Doktorska Nauk Spo\u0142ecznych UwB","og_description":"CENTRUM WSPARCIA STUDENT\u00d3W I DOKTORANT\u00d3W ZE SPECJALNYMI POTRZEBAMI EDUKACYJNYMI Pe\u0142nomocnik Rektora Uniwersytetu w Bia\u0142ymstoku ds. student\u00f3w i doktorant\u00f3w ze szczeg\u00f3lnymi potrzebami edukacyjnymi Dr hab. Karol Konaszewski prof. UwB Pe\u0142nomocnik Rektora&hellip;","og_url":"https:\/\/szkolydoktorskie.uwb.edu.pl\/ns\/wsparcie-socjalne\/","og_site_name":"Szko\u0142a Doktorska Nauk Spo\u0142ecznych UwB","article_modified_time":"2024-06-28T09:36:56+00:00","twitter_card":"summary_large_image","twitter_misc":{"Szacowany czas czytania":"2 minuty"},"schema":{"@context":"https:\/\/schema.org","@graph":[{"@type":"WebPage","@id":"https:\/\/szkolydoktorskie.uwb.edu.pl\/ns\/wsparcie-socjalne\/","url":"https:\/\/szkolydoktorskie.uwb.edu.pl\/ns\/wsparcie-socjalne\/","name":"Wsparcie doktorant\u00f3w - Szko\u0142a Doktorska Nauk Spo\u0142ecznych UwB","isPartOf":{"@id":"https:\/\/szkolydoktorskie.uwb.edu.pl\/ns\/#website"},"datePublished":"2022-02-01T15:05:55+00:00","dateModified":"2024-06-28T09:36:56+00:00","breadcrumb":{"@id":"https:\/\/szkolydoktorskie.uwb.edu.pl\/ns\/wsparcie-socjalne\/#breadcrumb"},"inLanguage":"pl-PL","potentialAction":[{"@type":"ReadAction","target":["https:\/\/szkolydoktorskie.uwb.edu.pl\/ns\/wsparcie-socjalne\/"]}]},{"@type":"BreadcrumbList","@id":"https:\/\/szkolydoktorskie.uwb.edu.pl\/ns\/wsparcie-socjalne\/#breadcrumb","itemListElement":[{"@type":"ListItem","position":1,"name":"Strona g\u0142\u00f3wna","item":"https:\/\/szkolydoktorskie.uwb.edu.pl\/ns\/"},{"@type":"ListItem","position":2,"name":"Wsparcie doktorant\u00f3w"}]},{"@type":"WebSite","@id":"https:\/\/szkolydoktorskie.uwb.edu.pl\/ns\/#website","url":"https:\/\/szkolydoktorskie.uwb.edu.pl\/ns\/","name":"Szko\u0142a Doktorska Nauk Spo\u0142ecznych UwB","description":"Szko\u0142a Doktorska Nauk Spo\u0142ecznych UwB","publisher":{"@id":"https:\/\/szkolydoktorskie.uwb.edu.pl\/ns\/#organization"},"potentialAction":[{"@type":"SearchAction","target":{"@type":"EntryPoint","urlTemplate":"https:\/\/szkolydoktorskie.uwb.edu.pl\/ns\/?s={search_term_string}"},"query-input":{"@type":"PropertyValueSpecification","valueRequired":true,"valueName":"search_term_string"}}],"inLanguage":"pl-PL"},{"@type":"Organization","@id":"https:\/\/szkolydoktorskie.uwb.edu.pl\/ns\/#organization","name":"Szko\u0142a Doktorska Nauk Spo\u0142ecznych UwB","url":"https:\/\/szkolydoktorskie.uwb.edu.pl\/ns\/","logo":{"@type":"ImageObject","inLanguage":"pl-PL","@id":"https:\/\/szkolydoktorskie.uwb.edu.pl\/ns\/#\/schema\/logo\/image\/","url":"https:\/\/szkolydoktorskie.uwb.edu.pl\/ns\/wp-content\/uploads\/sites\/2\/2021\/04\/cropped-NS-LOGO.png","contentUrl":"https:\/\/szkolydoktorskie.uwb.edu.pl\/ns\/wp-content\/uploads\/sites\/2\/2021\/04\/cropped-NS-LOGO.png","width":705,"height":188,"caption":"Szko\u0142a Doktorska Nauk Spo\u0142ecznych UwB"},"image":{"@id":"https:\/\/szkolydoktorskie.uwb.edu.pl\/ns\/#\/schema\/logo\/image\/"}}]}},"_links":{"self":[{"href":"https:\/\/szkolydoktorskie.uwb.edu.pl\/ns\/wp-json\/wp\/v2\/pages\/872","targetHints":{"allow":["GET"]}}],"collection":[{"href":"https:\/\/szkolydoktorskie.uwb.edu.pl\/ns\/wp-json\/wp\/v2\/pages"}],"about":[{"href":"https:\/\/szkolydoktorskie.uwb.edu.pl\/ns\/wp-json\/wp\/v2\/types\/page"}],"author":[{"embeddable":true,"href":"https:\/\/szkolydoktorskie.uwb.edu.pl\/ns\/wp-json\/wp\/v2\/users\/7"}],"replies":[{"embeddable":true,"href":"https:\/\/szkolydoktorskie.uwb.edu.pl\/ns\/wp-json\/wp\/v2\/comments?post=872"}],"version-history":[{"count":12,"href":"https:\/\/szkolydoktorskie.uwb.edu.pl\/ns\/wp-json\/wp\/v2\/pages\/872\/revisions"}],"predecessor-version":[{"id":2673,"href":"https:\/\/szkolydoktorskie.uwb.edu.pl\/ns\/wp-json\/wp\/v2\/pages\/872\/revisions\/2673"}],"wp:attachment":[{"href":"https:\/\/szkolydoktorskie.uwb.edu.pl\/ns\/wp-json\/wp\/v2\/media?parent=872"}],"curies":[{"name":"wp","href":"https:\/\/api.w.org\/{rel}","templated":true}]}}