{"id":868,"date":"2022-02-01T16:05:25","date_gmt":"2022-02-01T15:05:25","guid":{"rendered":"https:\/\/szkolydoktorskie.uwb.edu.pl\/ns\/?page_id=868"},"modified":"2024-07-22T10:00:31","modified_gmt":"2024-07-22T08:00:31","slug":"stypendia","status":"publish","type":"page","link":"https:\/\/szkolydoktorskie.uwb.edu.pl\/ns\/stypendia\/","title":{"rendered":"Granty i stypendia"},"content":{"rendered":"\n<p class=\"has-pale-cyan-blue-background-color has-background\" style=\"text-transform:uppercase\"><strong>Stypendia doktoranckie i naukowe<\/strong><\/p>\n\n\n\n<p>Systemem stypendialnym obj\u0119ci b\u0119d\u0105 wszyscy uczestnicy szk\u00f3\u0142 doktorskich, kt\u00f3rzy nie posiadaj\u0105 stopnia doktora.<\/p>\n\n\n\n<p>Stypendium b\u0119dzie wyp\u0142acane nie d\u0142u\u017cej ni\u017c przez 4 lata.<\/p>\n\n\n\n<p>Od 1 pa\u017adziernika 2019 roku doktoranci otrzymywa\u0107 b\u0119d\u0105 stypendia w nast\u0119puj\u0105cej wysoko\u015bci:<\/p>\n\n\n\n<ul class=\"wp-block-list\">\n<li>minimalna kwota stypendium przed ocen\u0105 \u015br\u00f3dokresow\u0105 wynosi co najmniej 37% wynagrodzenia profesora, czyli: 3467 z\u0142 brutto, a dla doktorant\u00f3w z niepe\u0142nosprawno\u015bci\u0105: 4507 z\u0142 brutto,<\/li>\n\n\n\n<li>minimalna kwota stypendium po ocenie \u015br\u00f3dokresowej wynosi co najmniej 57% wynagrodzenia profesora, czyli: 5341 z\u0142 brutto, a dla doktorant\u00f3w z niepe\u0142nosprawno\u015bci\u0105: 6381 z\u0142 brutto.<\/li>\n<\/ul>\n\n\n\n<p>Stypendia doktoranckie b\u0119d\u0105 nieopodatkowane, ale b\u0119d\u0105 podlega\u0142y systemowi ubezpiecze\u0144 spo\u0142ecznych.<\/p>\n\n\n\n<p><a href=\"https:\/\/szkolydoktorskie.uwb.edu.pl\/ns\/wp-content\/uploads\/sites\/2\/2024\/03\/2_-_wysokos___stypendium_doktoranckiego_dla_doktorantow_szkol_doktorskich_-_od_1_stycznia_2024__1_.pdf\">Komunikat nr 2 Rektora Uniwersytetu w Bia\u0142ymstoku z dnia 1 marca 2024 r. w sprawie wysoko\u015bci stypendium doktoranckiego dla doktorant\u00f3w szk\u00f3\u0142 doktorskich Uniwersytetu w Bia\u0142ymstoku obowi\u0105zuj\u0105cej w roku akademickim 2023\/2024, od 1 stycznia 2024 r. do 30 wrze\u015bnia 2024 r.<\/a><\/p>\n\n\n\n<p><\/p>\n\n\n\n<p class=\"has-cyan-bluish-gray-background-color has-background\"><strong>INNE STYPENDIA<\/strong><\/p>\n\n\n\n<p><strong>Stypendia dla wybitnych m\u0142odych naukowc\u00f3w MEiN:<\/strong> <a href=\"https:\/\/www.gov.pl\/web\/edukacja-i-nauka\/informacja-na-temat-skladania-wnioskow-o-stypendia-ministra-edukacji-i-nauki-dla-wybitnych-mlodych-naukowcow-w-2023-r-konkurs-smn19\" target=\"_blank\" rel=\"noreferrer noopener\">https:\/\/www.gov.pl\/web\/edukacja-i-nauka\/informacja-na-temat-skladania-wnioskow-o-stypendia-ministra-edukacji-i-nauki-dla-wybitnych-mlodych-naukowcow-w-2023-r-konkurs-smn19<\/a> <\/p>\n\n\n\n<p><a href=\"https:\/\/szkolydoktorskie.uwb.edu.pl\/ns\/wp-content\/uploads\/sites\/2\/2023\/12\/Pismo-procedura_stypendia_wybitnych_mlodych_naukowcow_2023.pdf\">Procedura UwB <\/a><\/p>\n\n\n\n<p><strong>NCN Oferta konkurs\u00f3w krajowych: <\/strong><a href=\"https:\/\/www.ncn.gov.pl\/konkursy-krajowe\" target=\"_blank\" rel=\"noreferrer noopener\">https:\/\/www.ncn.gov.pl\/konkursy-krajowe<\/a><\/p>\n\n\n\n<p><strong>NCN Oferta konkurs\u00f3w zagranicznych:<\/strong> <a href=\"https:\/\/www.ncn.gov.pl\/wspolpraca-zagraniczna\/konkursy-wg-dziedziny\" target=\"_blank\" rel=\"noreferrer noopener\">https:\/\/www.ncn.gov.pl\/wspolpraca-zagraniczna\/konkursy-wg-dziedziny<\/a><\/p>\n\n\n\n<p><strong>Fundacja na Rzecz Nauki Polskiej:<\/strong> <a href=\"https:\/\/www.fnp.org.pl\/otwieramy-nabor-wnioskow-w-programie-start-konkurs-2024\/\">https:\/\/www.fnp.org.pl\/otwieramy-nabor-wnioskow-w-programie-start-konkurs-2024\/<\/a> <\/p>\n\n\n\n<p><strong>Stypendia DAAD dla doktorant\u00f3w i m\u0142odych naukowc\u00f3w:<\/strong> <a href=\"https:\/\/www.daad.pl\/pl\/stypendia\/stypendia-do-niemiec\/stypendia-dla-doktorantow-i-mlodych-naukowcow\/\" target=\"_blank\" rel=\"noreferrer noopener\">https:\/\/www.daad.pl\/pl\/stypendia\/stypendia-do-niemiec\/stypendia-dla-doktorantow-i-mlodych-naukowcow\/<\/a><\/p>\n\n\n\n<p><strong>EURAXESS European Commision: <\/strong><a href=\"https:\/\/euraxess.ec.europa.eu\/funding\/search\" target=\"_blank\" rel=\"noreferrer noopener\">https:\/\/euraxess.ec.europa.eu\/funding\/search<\/a><\/p>\n\n\n\n<p><strong>Oferta EURAXESS na lipiec 2024<\/strong><\/p>\n\n\n\n<p><a href=\"https:\/\/www.euraxess.pl\/system\/files\/2024-06\/07_Granty%20i%20stypendia_lipiec_2024.pdf\">https:\/\/www.euraxess.pl\/system\/files\/2024-06\/07_Granty%20i%20stypendia_lipiec_2024.pdf<\/a><\/p>\n\n\n\n<p><strong>Oferta EURODESK: <\/strong><a href=\"https:\/\/www.eurodesk.pl\/granty\" target=\"_blank\" rel=\"noreferrer noopener\">https:\/\/www.eurodesk.pl\/granty<\/a><\/p>\n\n\n\n<p><\/p>\n\n\n\n<p>Wyszukiwarka stypendi\u00f3w<strong> Moje stypendium:<\/strong> <a href=\"https:\/\/www.mojestypendium.pl\" target=\"_blank\" rel=\"noreferrer noopener\">https:\/\/www.mojestypendium.pl<\/a><\/p>\n\n\n\n<p><strong>Program MOST<\/strong> <a href=\"https:\/\/uwb.edu.pl\/student\/programy-wymiany-studentow-i-doktorantow\/most\" target=\"_blank\" rel=\"noreferrer noopener\">https:\/\/uwb.edu.pl\/student\/programy-wymiany-studentow-i-doktorantow\/most<\/a><\/p>\n\n\n\n<p><strong>Programy mobilno\u015bci akademickiej Santander<\/strong><\/p>\n\n\n\n<p><a href=\"https:\/\/app.santanderopenacademy.com\/pl\/program\/search?resourceType=SOA_GRANT&amp;category=ACADEMIC_MOBILITY\">https:\/\/app.santanderopenacademy.com\/pl\/program\/search?resourceType=SOA_GRANT&amp;category=ACADEMIC_MOBILITY<\/a><\/p>\n\n\n\n<p><strong>Kursy j\u0119zyka angielskiego Santander<br>English Online 2024 &#8211; British Council (do 21.08.2024)<\/strong><\/p>\n\n\n\n<p><a href=\"https:\/\/app.santanderopenacademy.com\/pl\/program\/english-online-2024-british-council-2nd-call?track=recommender\">https:\/\/app.santanderopenacademy.com\/pl\/program\/english-online-2024-british-council-2nd-call?track=recommender<\/a><\/p>\n\n\n\n<p class=\"has-cyan-bluish-gray-background-color has-background\"><strong>MI\u0118DZYNARODOWY FUNDUSZ WYSZEHRADZKI &#8211; Stypendia Naukowe<\/strong><\/p>\n\n\n\n<p>Najnowsza edycja do 15.04.2024 r.<\/p>\n\n\n\n<p><a href=\"https:\/\/www.eurodesk.pl\/granty\/stypendia-wyszehradzkie\">https:\/\/www.eurodesk.pl\/granty\/stypendia-wyszehradzkie<\/a><\/p>\n\n\n\n<p><\/p>\n\n\n\n<p class=\"has-cyan-bluish-gray-background-color has-background\"><strong>Stypendium Naukowo-Badawcze w Sekretariacie Mi\u0119dzynarodowym Zgromadzenia Parlamentarnego OBWE<\/strong><\/p>\n\n\n\n<p><a href=\"https:\/\/www.eurodesk.pl\/granty\/stypendium-naukowo-badawcze-w-sekretariacie-miedzynarodowym-zgromadzenia-parlamentarnego-obwe\">https:\/\/www.eurodesk.pl\/granty\/stypendium-naukowo-badawcze-w-sekretariacie-miedzynarodowym-zgromadzenia-parlamentarnego-obwe<\/a><\/p>\n","protected":false},"excerpt":{"rendered":"<p>Stypendia doktoranckie i naukowe Systemem stypendialnym obj\u0119ci b\u0119d\u0105 wszyscy uczestnicy szk\u00f3\u0142 doktorskich, kt\u00f3rzy nie posiadaj\u0105 stopnia doktora. Stypendium b\u0119dzie wyp\u0142acane nie d\u0142u\u017cej ni\u017c przez 4 lata. Od 1 pa\u017adziernika 2019&hellip;<\/p>\n","protected":false},"author":7,"featured_media":0,"parent":0,"menu_order":0,"comment_status":"closed","ping_status":"closed","template":"","meta":{"footnotes":""},"class_list":["post-868","page","type-page","status-publish","hentry"],"yoast_head":"<!-- This site is optimized with the Yoast SEO plugin v27.3 - https:\/\/yoast.com\/product\/yoast-seo-wordpress\/ -->\n<title>Granty i stypendia - Szko\u0142a Doktorska Nauk Spo\u0142ecznych UwB<\/title>\n<meta name=\"robots\" content=\"index, follow, max-snippet:-1, max-image-preview:large, max-video-preview:-1\" \/>\n<link rel=\"canonical\" href=\"https:\/\/szkolydoktorskie.uwb.edu.pl\/ns\/stypendia\/\" \/>\n<meta property=\"og:locale\" content=\"pl_PL\" \/>\n<meta property=\"og:type\" content=\"article\" \/>\n<meta property=\"og:title\" content=\"Granty i stypendia - Szko\u0142a Doktorska Nauk Spo\u0142ecznych UwB\" \/>\n<meta property=\"og:description\" content=\"Stypendia doktoranckie i naukowe Systemem stypendialnym obj\u0119ci b\u0119d\u0105 wszyscy uczestnicy szk\u00f3\u0142 doktorskich, kt\u00f3rzy nie posiadaj\u0105 stopnia doktora. Stypendium b\u0119dzie wyp\u0142acane nie d\u0142u\u017cej ni\u017c przez 4 lata. Od 1 pa\u017adziernika 2019&hellip;\" \/>\n<meta property=\"og:url\" content=\"https:\/\/szkolydoktorskie.uwb.edu.pl\/ns\/stypendia\/\" \/>\n<meta property=\"og:site_name\" content=\"Szko\u0142a Doktorska Nauk Spo\u0142ecznych UwB\" \/>\n<meta property=\"article:modified_time\" content=\"2024-07-22T08:00:31+00:00\" \/>\n<meta name=\"twitter:card\" content=\"summary_large_image\" \/>\n<meta name=\"twitter:label1\" content=\"Szacowany czas czytania\" \/>\n\t<meta name=\"twitter:data1\" content=\"2 minuty\" \/>\n<script type=\"application\/ld+json\" class=\"yoast-schema-graph\">{\"@context\":\"https:\\\/\\\/schema.org\",\"@graph\":[{\"@type\":\"WebPage\",\"@id\":\"https:\\\/\\\/szkolydoktorskie.uwb.edu.pl\\\/ns\\\/stypendia\\\/\",\"url\":\"https:\\\/\\\/szkolydoktorskie.uwb.edu.pl\\\/ns\\\/stypendia\\\/\",\"name\":\"Granty i stypendia - Szko\u0142a Doktorska Nauk Spo\u0142ecznych UwB\",\"isPartOf\":{\"@id\":\"https:\\\/\\\/szkolydoktorskie.uwb.edu.pl\\\/ns\\\/#website\"},\"datePublished\":\"2022-02-01T15:05:25+00:00\",\"dateModified\":\"2024-07-22T08:00:31+00:00\",\"breadcrumb\":{\"@id\":\"https:\\\/\\\/szkolydoktorskie.uwb.edu.pl\\\/ns\\\/stypendia\\\/#breadcrumb\"},\"inLanguage\":\"pl-PL\",\"potentialAction\":[{\"@type\":\"ReadAction\",\"target\":[\"https:\\\/\\\/szkolydoktorskie.uwb.edu.pl\\\/ns\\\/stypendia\\\/\"]}]},{\"@type\":\"BreadcrumbList\",\"@id\":\"https:\\\/\\\/szkolydoktorskie.uwb.edu.pl\\\/ns\\\/stypendia\\\/#breadcrumb\",\"itemListElement\":[{\"@type\":\"ListItem\",\"position\":1,\"name\":\"Strona g\u0142\u00f3wna\",\"item\":\"https:\\\/\\\/szkolydoktorskie.uwb.edu.pl\\\/ns\\\/\"},{\"@type\":\"ListItem\",\"position\":2,\"name\":\"Granty i stypendia\"}]},{\"@type\":\"WebSite\",\"@id\":\"https:\\\/\\\/szkolydoktorskie.uwb.edu.pl\\\/ns\\\/#website\",\"url\":\"https:\\\/\\\/szkolydoktorskie.uwb.edu.pl\\\/ns\\\/\",\"name\":\"Szko\u0142a Doktorska Nauk Spo\u0142ecznych UwB\",\"description\":\"Szko\u0142a Doktorska Nauk Spo\u0142ecznych UwB\",\"publisher\":{\"@id\":\"https:\\\/\\\/szkolydoktorskie.uwb.edu.pl\\\/ns\\\/#organization\"},\"potentialAction\":[{\"@type\":\"SearchAction\",\"target\":{\"@type\":\"EntryPoint\",\"urlTemplate\":\"https:\\\/\\\/szkolydoktorskie.uwb.edu.pl\\\/ns\\\/?s={search_term_string}\"},\"query-input\":{\"@type\":\"PropertyValueSpecification\",\"valueRequired\":true,\"valueName\":\"search_term_string\"}}],\"inLanguage\":\"pl-PL\"},{\"@type\":\"Organization\",\"@id\":\"https:\\\/\\\/szkolydoktorskie.uwb.edu.pl\\\/ns\\\/#organization\",\"name\":\"Szko\u0142a Doktorska Nauk Spo\u0142ecznych UwB\",\"url\":\"https:\\\/\\\/szkolydoktorskie.uwb.edu.pl\\\/ns\\\/\",\"logo\":{\"@type\":\"ImageObject\",\"inLanguage\":\"pl-PL\",\"@id\":\"https:\\\/\\\/szkolydoktorskie.uwb.edu.pl\\\/ns\\\/#\\\/schema\\\/logo\\\/image\\\/\",\"url\":\"https:\\\/\\\/szkolydoktorskie.uwb.edu.pl\\\/ns\\\/wp-content\\\/uploads\\\/sites\\\/2\\\/2021\\\/04\\\/cropped-NS-LOGO.png\",\"contentUrl\":\"https:\\\/\\\/szkolydoktorskie.uwb.edu.pl\\\/ns\\\/wp-content\\\/uploads\\\/sites\\\/2\\\/2021\\\/04\\\/cropped-NS-LOGO.png\",\"width\":705,\"height\":188,\"caption\":\"Szko\u0142a Doktorska Nauk Spo\u0142ecznych UwB\"},\"image\":{\"@id\":\"https:\\\/\\\/szkolydoktorskie.uwb.edu.pl\\\/ns\\\/#\\\/schema\\\/logo\\\/image\\\/\"}}]}<\/script>\n<!-- \/ Yoast SEO plugin. -->","yoast_head_json":{"title":"Granty i stypendia - Szko\u0142a Doktorska Nauk Spo\u0142ecznych UwB","robots":{"index":"index","follow":"follow","max-snippet":"max-snippet:-1","max-image-preview":"max-image-preview:large","max-video-preview":"max-video-preview:-1"},"canonical":"https:\/\/szkolydoktorskie.uwb.edu.pl\/ns\/stypendia\/","og_locale":"pl_PL","og_type":"article","og_title":"Granty i stypendia - Szko\u0142a Doktorska Nauk Spo\u0142ecznych UwB","og_description":"Stypendia doktoranckie i naukowe Systemem stypendialnym obj\u0119ci b\u0119d\u0105 wszyscy uczestnicy szk\u00f3\u0142 doktorskich, kt\u00f3rzy nie posiadaj\u0105 stopnia doktora. Stypendium b\u0119dzie wyp\u0142acane nie d\u0142u\u017cej ni\u017c przez 4 lata. Od 1 pa\u017adziernika 2019&hellip;","og_url":"https:\/\/szkolydoktorskie.uwb.edu.pl\/ns\/stypendia\/","og_site_name":"Szko\u0142a Doktorska Nauk Spo\u0142ecznych UwB","article_modified_time":"2024-07-22T08:00:31+00:00","twitter_card":"summary_large_image","twitter_misc":{"Szacowany czas czytania":"2 minuty"},"schema":{"@context":"https:\/\/schema.org","@graph":[{"@type":"WebPage","@id":"https:\/\/szkolydoktorskie.uwb.edu.pl\/ns\/stypendia\/","url":"https:\/\/szkolydoktorskie.uwb.edu.pl\/ns\/stypendia\/","name":"Granty i stypendia - Szko\u0142a Doktorska Nauk Spo\u0142ecznych UwB","isPartOf":{"@id":"https:\/\/szkolydoktorskie.uwb.edu.pl\/ns\/#website"},"datePublished":"2022-02-01T15:05:25+00:00","dateModified":"2024-07-22T08:00:31+00:00","breadcrumb":{"@id":"https:\/\/szkolydoktorskie.uwb.edu.pl\/ns\/stypendia\/#breadcrumb"},"inLanguage":"pl-PL","potentialAction":[{"@type":"ReadAction","target":["https:\/\/szkolydoktorskie.uwb.edu.pl\/ns\/stypendia\/"]}]},{"@type":"BreadcrumbList","@id":"https:\/\/szkolydoktorskie.uwb.edu.pl\/ns\/stypendia\/#breadcrumb","itemListElement":[{"@type":"ListItem","position":1,"name":"Strona g\u0142\u00f3wna","item":"https:\/\/szkolydoktorskie.uwb.edu.pl\/ns\/"},{"@type":"ListItem","position":2,"name":"Granty i stypendia"}]},{"@type":"WebSite","@id":"https:\/\/szkolydoktorskie.uwb.edu.pl\/ns\/#website","url":"https:\/\/szkolydoktorskie.uwb.edu.pl\/ns\/","name":"Szko\u0142a Doktorska Nauk Spo\u0142ecznych UwB","description":"Szko\u0142a Doktorska Nauk Spo\u0142ecznych UwB","publisher":{"@id":"https:\/\/szkolydoktorskie.uwb.edu.pl\/ns\/#organization"},"potentialAction":[{"@type":"SearchAction","target":{"@type":"EntryPoint","urlTemplate":"https:\/\/szkolydoktorskie.uwb.edu.pl\/ns\/?s={search_term_string}"},"query-input":{"@type":"PropertyValueSpecification","valueRequired":true,"valueName":"search_term_string"}}],"inLanguage":"pl-PL"},{"@type":"Organization","@id":"https:\/\/szkolydoktorskie.uwb.edu.pl\/ns\/#organization","name":"Szko\u0142a Doktorska Nauk Spo\u0142ecznych UwB","url":"https:\/\/szkolydoktorskie.uwb.edu.pl\/ns\/","logo":{"@type":"ImageObject","inLanguage":"pl-PL","@id":"https:\/\/szkolydoktorskie.uwb.edu.pl\/ns\/#\/schema\/logo\/image\/","url":"https:\/\/szkolydoktorskie.uwb.edu.pl\/ns\/wp-content\/uploads\/sites\/2\/2021\/04\/cropped-NS-LOGO.png","contentUrl":"https:\/\/szkolydoktorskie.uwb.edu.pl\/ns\/wp-content\/uploads\/sites\/2\/2021\/04\/cropped-NS-LOGO.png","width":705,"height":188,"caption":"Szko\u0142a Doktorska Nauk Spo\u0142ecznych UwB"},"image":{"@id":"https:\/\/szkolydoktorskie.uwb.edu.pl\/ns\/#\/schema\/logo\/image\/"}}]}},"_links":{"self":[{"href":"https:\/\/szkolydoktorskie.uwb.edu.pl\/ns\/wp-json\/wp\/v2\/pages\/868","targetHints":{"allow":["GET"]}}],"collection":[{"href":"https:\/\/szkolydoktorskie.uwb.edu.pl\/ns\/wp-json\/wp\/v2\/pages"}],"about":[{"href":"https:\/\/szkolydoktorskie.uwb.edu.pl\/ns\/wp-json\/wp\/v2\/types\/page"}],"author":[{"embeddable":true,"href":"https:\/\/szkolydoktorskie.uwb.edu.pl\/ns\/wp-json\/wp\/v2\/users\/7"}],"replies":[{"embeddable":true,"href":"https:\/\/szkolydoktorskie.uwb.edu.pl\/ns\/wp-json\/wp\/v2\/comments?post=868"}],"version-history":[{"count":30,"href":"https:\/\/szkolydoktorskie.uwb.edu.pl\/ns\/wp-json\/wp\/v2\/pages\/868\/revisions"}],"predecessor-version":[{"id":2690,"href":"https:\/\/szkolydoktorskie.uwb.edu.pl\/ns\/wp-json\/wp\/v2\/pages\/868\/revisions\/2690"}],"wp:attachment":[{"href":"https:\/\/szkolydoktorskie.uwb.edu.pl\/ns\/wp-json\/wp\/v2\/media?parent=868"}],"curies":[{"name":"wp","href":"https:\/\/api.w.org\/{rel}","templated":true}]}}